{"id":5093,"date":"2025-11-12T17:11:13","date_gmt":"2025-11-12T17:11:13","guid":{"rendered":"https:\/\/peitrade.com\/new\/product\/zucchini\/"},"modified":"2025-12-03T09:41:02","modified_gmt":"2025-12-03T09:41:02","slug":"zucchini","status":"publish","type":"product","link":"https:\/\/peitrade.com\/de\/product\/zucchini\/","title":{"rendered":"Zucchini"},"content":{"rendered":"<h2>\u00c4gyptische Zucchini \u2013 frisch, einheitlich und exportbereit<\/h2>\n<p>\u00c4gyptische Zucchini ist auf den Weltm\u00e4rkten sehr gefragt, da sie einen gleichm\u00e4\u00dfigen Kaliber, eine leuchtend gr\u00fcne Schale und eine zarte Textur bietet. Sie wird mit kontrollierten Anbaumethoden produziert und bei optimaler Reife geerntet und erf\u00fcllt damit alle Exportqualit\u00e4tsstandards in Bezug auf Frische und Haltbarkeit.<\/p>\n<h3>Warum \u00e4gyptische Zucchini w\u00e4hlen?<\/h3>\n<p>\u2714 Sauberes, glattes Erscheinungsbild mit fester Textur<br \/>\n\u2714 Ganzj\u00e4hrig verf\u00fcgbar mit hohen Produktionsvolumen<br \/>\n\u2714 Konform mit EU- und Golf-Importstandards<br \/>\n\u2714 Schnelle Lieferung mit Qualit\u00e4tskontrolle in jeder Phase<\/p>\n<h3>Warum Zucchini von PEI Trade?<\/h3>\n<p>\u2714 Garantierte Exportqualit\u00e4t: Sorgf\u00e4ltig sortiert und verpackt, um internationalen Standards zu entsprechen<br \/>\n\u2714 Zertifizierte Betriebe: GAP-zertifizierte Produktion mit vollst\u00e4ndiger Lebensmittelsicherheits-Compliance und R\u00fcckverfolgbarkeit<br \/>\n\u2714 Effiziente Logistik: Temperaturkontrollierter Transport, schnelle Dokumentation und reibungslose Zollabfertigung<br \/>\n\u2714 Zuverl\u00e4ssige Belieferung: Skalierbare Liefermengen f\u00fcr Gro\u00dfh\u00e4ndler, Distributoren und Einzelh\u00e4ndler<\/p>\n<h3>Verpackung &amp; Exportprozess<\/h3>\n<p>Zucchini werden vorgek\u00fchlt, sortiert, kalibriert und in standardisierten Kartons verpackt. Die Exportabl\u00e4ufe folgen strengen phytosanit\u00e4ren Protokollen, wobei alle notwendigen Dokumente f\u00fcr eine reibungslose Zollabfertigung bereitgestellt werden.<\/p>\n","protected":false},"excerpt":{"rendered":"<h2>\u00c4gyptische Zucchini in Exportqualit\u00e4t von PEI Trade<\/h2>\n<p>\u00c4gyptische Zucchini wird weltweit gesch\u00e4tzt wegen ihrer glatten Schale, ihrer gleichm\u00e4\u00dfigen Form und der festen Textur, die sie ideal f\u00fcr Einzelhandelsregale und gro\u00dffl\u00e4chige Distribution macht.<\/p>\n<p>Unter kontrollierten Anbaubedingungen kultiviert und mit hoher Pr\u00e4zision geerntet, wird unsere Zucchini zuverl\u00e4ssig in gro\u00dfen Mengen geliefert, um die Anforderungen von Gro\u00dfh\u00e4ndlern, Einzelh\u00e4ndlern und Verarbeitern zu erf\u00fcllen.<\/p>\n<p><!--StartFragment --><\/p>\n<p><!--EndFragment --><\/p>\n","protected":false},"featured_media":5086,"template":"","meta":{"jetpack_publicize_message":"","jetpack_publicize_feature_enabled":true,"jetpack_social_post_already_shared":false,"jetpack_social_options":{"image_generator_settings":{"template":"highway","default_image_id":0,"font":"","enabled":false},"version":2}},"product_brand":[],"product_cat":[351],"product_tag":[],"class_list":{"0":"post-5093","1":"product","2":"type-product","3":"status-publish","4":"has-post-thumbnail","6":"product_cat-vegetables","8":"first","9":"instock","10":"shipping-taxable","11":"product-type-simple"},"mb":[],"featured_image_urls_v2":{"full":["https:\/\/peitrade.com\/wp-content\/uploads\/2025\/11\/Egyptian-zucchini.webp",1024,1024,false],"thumbnail":["https:\/\/peitrade.com\/wp-content\/uploads\/2025\/11\/Egyptian-zucchini-150x150.webp",150,150,true],"medium":["https:\/\/peitrade.com\/wp-content\/uploads\/2025\/11\/Egyptian-zucchini-300x300.webp",300,300,true],"medium_large":["https:\/\/peitrade.com\/wp-content\/uploads\/2025\/11\/Egyptian-zucchini-768x768.webp",768,768,true],"large":["https:\/\/peitrade.com\/wp-content\/uploads\/2025\/11\/Egyptian-zucchini.webp",1024,1024,false],"1536x1536":["https:\/\/peitrade.com\/wp-content\/uploads\/2025\/11\/Egyptian-zucchini.webp",1024,1024,false],"2048x2048":["https:\/\/peitrade.com\/wp-content\/uploads\/2025\/11\/Egyptian-zucchini.webp",1024,1024,false],"woocommerce_archive_thumbnail":["https:\/\/peitrade.com\/wp-content\/uploads\/2025\/11\/Egyptian-zucchini-300x300.webp",300,300,true],"woocommerce_thumbnail":["https:\/\/peitrade.com\/wp-content\/uploads\/2025\/11\/Egyptian-zucchini-300x300.webp",300,300,true],"woocommerce_single":["https:\/\/peitrade.com\/wp-content\/uploads\/2025\/11\/Egyptian-zucchini-600x600.webp",600,600,true],"woocommerce_gallery_thumbnail":["https:\/\/peitrade.com\/wp-content\/uploads\/2025\/11\/Egyptian-zucchini-100x100.webp",100,100,true]},"post_excerpt_stackable_v2":"<h2>\u00c4gyptische Zucchini in Exportqualit\u00e4t von PEI Trade<\/h2>\n<p>\u00c4gyptische Zucchini wird weltweit gesch\u00e4tzt wegen ihrer glatten Schale, ihrer gleichm\u00e4\u00dfigen Form und der festen Textur, die sie ideal f\u00fcr Einzelhandelsregale und gro\u00dffl\u00e4chige Distribution macht.<\/p>\n<p>Unter kontrollierten Anbaubedingungen kultiviert und mit hoher Pr\u00e4zision geerntet, wird unsere Zucchini zuverl\u00e4ssig in gro\u00dfen Mengen geliefert, um die Anforderungen von Gro\u00dfh\u00e4ndlern, Einzelh\u00e4ndlern und Verarbeitern zu erf\u00fcllen.<\/p>\n<p><!--StartFragment --><\/p>\n<p><!--EndFragment --><\/p>\n","category_list_v2":"","author_info_v2":{"name":"","url":""},"comments_num_v2":"0 comments","jetpack_publicize_connections":[],"mfb_rest_fields":["title","featured_image_urls_v2","post_excerpt_stackable_v2","category_list_v2","author_info_v2","comments_num_v2","jetpack_publicize_connections"],"_links":{"self":[{"href":"https:\/\/peitrade.com\/de\/wp-json\/wp\/v2\/product\/5093","targetHints":{"allow":["GET"]}}],"collection":[{"href":"https:\/\/peitrade.com\/de\/wp-json\/wp\/v2\/product"}],"about":[{"href":"https:\/\/peitrade.com\/de\/wp-json\/wp\/v2\/types\/product"}],"wp:featuredmedia":[{"embeddable":true,"href":"https:\/\/peitrade.com\/de\/wp-json\/wp\/v2\/media\/5086"}],"wp:attachment":[{"href":"https:\/\/peitrade.com\/de\/wp-json\/wp\/v2\/media?parent=5093"}],"wp:term":[{"taxonomy":"product_brand","embeddable":true,"href":"https:\/\/peitrade.com\/de\/wp-json\/wp\/v2\/product_brand?post=5093"},{"taxonomy":"product_cat","embeddable":true,"href":"https:\/\/peitrade.com\/de\/wp-json\/wp\/v2\/product_cat?post=5093"},{"taxonomy":"product_tag","embeddable":true,"href":"https:\/\/peitrade.com\/de\/wp-json\/wp\/v2\/product_tag?post=5093"}],"curies":[{"name":"wp","href":"https:\/\/api.w.org\/{rel}","templated":true}]}}