{"id":5119,"date":"2025-11-12T17:11:12","date_gmt":"2025-11-12T17:11:12","guid":{"rendered":"http:\/\/46.224.74.15\/product\/feigen\/"},"modified":"2025-12-03T09:11:20","modified_gmt":"2025-12-03T09:11:20","slug":"feigen","status":"publish","type":"product","link":"https:\/\/peitrade.com\/de\/product\/feigen\/","title":{"rendered":"Feigen"},"content":{"rendered":"<h2>Premium \u00e4gyptische Feigen \u2013 nat\u00fcrlich s\u00fc\u00df und exportbereit<\/h2>\n<p>\u00c4gypten ist bekannt f\u00fcr besonders s\u00fc\u00dfe, sonnen gereifte Feigen, die in n\u00e4hrstoffreichen B\u00f6den unter idealem mediterranem Klima angebaut werden. Diese Feigen werden bei optimaler Reife von Hand geerntet und mit modernen Nachernteverfahren behandelt, um maximale Frische, lange Haltbarkeit und Exportqualit\u00e4t sicherzustellen. <\/p>\n<h3>Warum \u00e4gyptische Feigen w\u00e4hlen?<\/h3>\n<p>\u2714 S\u00fc\u00dfe, zarte Textur und vollmundiger Geschmack<br \/>\n\u2714 Strenge Qualit\u00e4tskontrolle vom Feld bis zur Verladung<br \/>\n\u2714 Verf\u00fcgbar als frische und getrocknete Ware<br \/>\n\u2714 Globale Zertifizierungen und Exportkonformit\u00e4t<br \/>\n\u2714 Wettbewerbsf\u00e4hige Gro\u00dfhandelspreise<\/p>\n<h3>Warum Feigen von PEI Trade w\u00e4hlen?<\/h3>\n<p>\u2714 \u00dcberlegene Exportstandards: Sorgf\u00e4ltig sortiert und verpackt, um internationale Qualit\u00e4tsanforderungen zu erf\u00fcllen<br \/>\n\u2714 Zertifizierte Anbaupraktiken: GAP-zertifizierte Produktion mit strenger Lebensmittelsicherheits-Compliance<br \/>\n\u2714 Flexible Lieferoptionen: Skalierbare Mengen und Verpackungsl\u00f6sungen f\u00fcr Gro\u00dfhandel, Einzelhandel und Distribution<br \/>\n\u2714 Zuverl\u00e4ssige Exportabwicklung: Schnelle Dokumentation, effiziente Logistik und l\u00fcckenlose R\u00fcckverfolgbarkeit <\/p>\n<h3>Exportprozess &amp; Verpackung<\/h3>\n<p>Feigen werden sorgf\u00e4ltig sortiert, kalibriert und in exportgeeignete, kundenspezifische Verpackungen abgef\u00fcllt, inklusive aller erforderlichen phytosanit\u00e4ren und Qualit\u00e4tszertifikate. Wir bieten schnelle Logistik und weltweite Versandoptionen, um die Anforderungen internationaler K\u00e4ufer zu erf\u00fcllen. <\/p>\n","protected":false},"excerpt":{"rendered":"<h2>Premium \u00e4gyptische Feigen f\u00fcr den globalen Export<\/h2>\n<p>S\u00fc\u00df, n\u00e4hrstoffreich und frisch f\u00fcr den Export verpackt \u2013 \u00e4gyptische Feigen, angebaut unter idealen Mittelmeerbedingungen, werden bei optimaler Reife von Hand geerntet, um Frische und gleichbleibende Qualit\u00e4t f\u00fcr Exportm\u00e4rkte weltweit zu gew\u00e4hrleisten.<br \/>\n<!--StartFragment --><\/p>\n<p><!--EndFragment --><\/p>\n","protected":false},"featured_media":5118,"template":"","meta":{"jetpack_publicize_message":"","jetpack_publicize_feature_enabled":true,"jetpack_social_post_already_shared":false,"jetpack_social_options":{"image_generator_settings":{"template":"highway","default_image_id":0,"font":"","enabled":false},"version":2}},"product_brand":[],"product_cat":[327],"product_tag":[],"class_list":{"0":"post-5119","1":"product","2":"type-product","3":"status-publish","4":"has-post-thumbnail","6":"product_cat-fruits","8":"first","9":"instock","10":"shipping-taxable","11":"product-type-simple"},"mb":[],"featured_image_urls_v2":{"full":["https:\/\/peitrade.com\/wp-content\/uploads\/2025\/11\/Egyptian-Figs.webp",1024,1024,false],"thumbnail":["https:\/\/peitrade.com\/wp-content\/uploads\/2025\/11\/Egyptian-Figs-150x150.webp",150,150,true],"medium":["https:\/\/peitrade.com\/wp-content\/uploads\/2025\/11\/Egyptian-Figs-300x300.webp",300,300,true],"medium_large":["https:\/\/peitrade.com\/wp-content\/uploads\/2025\/11\/Egyptian-Figs-768x768.webp",768,768,true],"large":["https:\/\/peitrade.com\/wp-content\/uploads\/2025\/11\/Egyptian-Figs.webp",1024,1024,false],"1536x1536":["https:\/\/peitrade.com\/wp-content\/uploads\/2025\/11\/Egyptian-Figs.webp",1024,1024,false],"2048x2048":["https:\/\/peitrade.com\/wp-content\/uploads\/2025\/11\/Egyptian-Figs.webp",1024,1024,false],"woocommerce_archive_thumbnail":["https:\/\/peitrade.com\/wp-content\/uploads\/2025\/11\/Egyptian-Figs-300x300.webp",300,300,true],"woocommerce_thumbnail":["https:\/\/peitrade.com\/wp-content\/uploads\/2025\/11\/Egyptian-Figs-300x300.webp",300,300,true],"woocommerce_single":["https:\/\/peitrade.com\/wp-content\/uploads\/2025\/11\/Egyptian-Figs-600x600.webp",600,600,true],"woocommerce_gallery_thumbnail":["https:\/\/peitrade.com\/wp-content\/uploads\/2025\/11\/Egyptian-Figs-100x100.webp",100,100,true]},"post_excerpt_stackable_v2":"<h2>Premium \u00e4gyptische Feigen f\u00fcr den globalen Export<\/h2>\n<p>S\u00fc\u00df, n\u00e4hrstoffreich und frisch f\u00fcr den Export verpackt \u2013 \u00e4gyptische Feigen, angebaut unter idealen Mittelmeerbedingungen, werden bei optimaler Reife von Hand geerntet, um Frische und gleichbleibende Qualit\u00e4t f\u00fcr Exportm\u00e4rkte weltweit zu gew\u00e4hrleisten.<br \/>\n<!--StartFragment --><\/p>\n<p><!--EndFragment --><\/p>\n","category_list_v2":"","author_info_v2":{"name":"","url":""},"comments_num_v2":"0 comments","jetpack_publicize_connections":[],"mfb_rest_fields":["title","featured_image_urls_v2","post_excerpt_stackable_v2","category_list_v2","author_info_v2","comments_num_v2","jetpack_publicize_connections"],"_links":{"self":[{"href":"https:\/\/peitrade.com\/de\/wp-json\/wp\/v2\/product\/5119","targetHints":{"allow":["GET"]}}],"collection":[{"href":"https:\/\/peitrade.com\/de\/wp-json\/wp\/v2\/product"}],"about":[{"href":"https:\/\/peitrade.com\/de\/wp-json\/wp\/v2\/types\/product"}],"wp:featuredmedia":[{"embeddable":true,"href":"https:\/\/peitrade.com\/de\/wp-json\/wp\/v2\/media\/5118"}],"wp:attachment":[{"href":"https:\/\/peitrade.com\/de\/wp-json\/wp\/v2\/media?parent=5119"}],"wp:term":[{"taxonomy":"product_brand","embeddable":true,"href":"https:\/\/peitrade.com\/de\/wp-json\/wp\/v2\/product_brand?post=5119"},{"taxonomy":"product_cat","embeddable":true,"href":"https:\/\/peitrade.com\/de\/wp-json\/wp\/v2\/product_cat?post=5119"},{"taxonomy":"product_tag","embeddable":true,"href":"https:\/\/peitrade.com\/de\/wp-json\/wp\/v2\/product_tag?post=5119"}],"curies":[{"name":"wp","href":"https:\/\/api.w.org\/{rel}","templated":true}]}}