{"id":7508,"date":"2025-11-10T11:42:57","date_gmt":"2025-11-10T11:42:57","guid":{"rendered":"http:\/\/46.224.74.15\/product\/zitronen\/"},"modified":"2025-12-03T09:07:47","modified_gmt":"2025-12-03T09:07:47","slug":"zitronen","status":"publish","type":"product","link":"https:\/\/peitrade.com\/de\/product\/zitronen\/","title":{"rendered":"Zitronen"},"content":{"rendered":"<h2>Frische \u00e4gyptische Zitronen \u2013 hochwertiges Zitrus f\u00fcr den Weltmarkt<\/h2>\n<p>\u00c4gyptische Zitronen sind bekannt f\u00fcr ihr intensives Zitrusaroma, ihren vollmundigen Geschmack und einen hohen Saftgehalt. Sie sind ein wichtiger Bestandteil der \u00e4gyptischen Zitrusexporte und leisten einen bedeutenden Beitrag zur Landwirtschaft des Landes. Dank fruchtbarer B\u00f6den und idealer Klimabedingungen werden unsere Zitronen sorgf\u00e4ltig angebaut, um internationalen Qualit\u00e4tsstandards zu entsprechen, und in mehr als 100 L\u00e4nder weltweit exportiert.<\/p>\n<h3>Warum \u00e4gyptische Zitronen?<\/h3>\n<p>\u2714 Intensiver Zitrusgeschmack und hoher Saftgehalt<br \/>\n\u2714 Reich an Vitamin C und Antioxidantien<br \/>\n\u2714 Wichtige landwirtschaftliche Exportfrucht, die die \u00e4gyptische Wirtschaft unterst\u00fctzt<br \/>\n\u2714 Weltweit f\u00fcr ihre Premiumqualit\u00e4t anerkannt<\/p>\n<h3>Warum Zitronen von PEI Trade beziehen?<\/h3>\n<p>\u2714 Premium-Exportqualit\u00e4t: Sorgf\u00e4ltig sortiert und kalibriert f\u00fcr die Anforderungen der Weltm\u00e4rkte<br \/>\n\u2714 Ganzj\u00e4hriges Angebot: Konstante Verf\u00fcgbarkeit durch effiziente Anbaumethoden<br \/>\n\u2714 Zertifiziert &amp; konform: GAP-zertifizierte Farmen mit vollst\u00e4ndiger Einhaltung von Lebensmittelsicherheitsstandards<br \/>\n\u2714 Effizienter Versand: Exportfertige Verpackung mit optimierter Dokumentation und Logistik<\/p>\n<h3>Der beste Weg, \u00e4gyptische Zitronen zu importieren<\/h3>\n<p>\u00c4gyptische Zitronen werden auf dem H\u00f6hepunkt der Reife geerntet, sorgf\u00e4ltig sortiert und gem\u00e4\u00df strengen internationalen Exportvorschriften verpackt, um maximale Frische und Qualit\u00e4t zu sichern. Wir bieten Gro\u00dfsendungen mit wettbewerbsf\u00e4higen Preisen und zuverl\u00e4ssiger Logistik.<\/p>\n","protected":false},"excerpt":{"rendered":"<h2><span style=\"font-weight: 400\">Frische \u00e4gyptische Zitronen \u2013 Von \u00c4gypten in die ganze Welt<\/span><\/h2>\n<p data-start=\"289\" data-end=\"616\">Unter idealen Bedingungen angebaut, werden sie sorgf\u00e4ltig geerntet und verpackt, um h\u00f6chste Exportstandards zu erf\u00fcllen \u2013 die perfekte Zitruswahl f\u00fcr Einzelh\u00e4ndler, Gro\u00dfh\u00e4ndler und Distributoren weltweit.<\/p>\n","protected":false},"featured_media":7504,"template":"","meta":{"jetpack_publicize_message":"","jetpack_publicize_feature_enabled":true,"jetpack_social_post_already_shared":false,"jetpack_social_options":{"image_generator_settings":{"template":"highway","default_image_id":0,"font":"","enabled":false},"version":2}},"product_brand":[],"product_cat":[327,335],"product_tag":[],"class_list":{"0":"post-7508","1":"product","2":"type-product","3":"status-publish","4":"has-post-thumbnail","6":"product_cat-fruits","7":"product_cat-in-season","9":"first","10":"instock","11":"shipping-taxable","12":"product-type-simple"},"mb":[],"featured_image_urls_v2":{"full":["https:\/\/peitrade.com\/wp-content\/uploads\/2025\/11\/Egyptian-Lemons.webp",1024,1024,false],"thumbnail":["https:\/\/peitrade.com\/wp-content\/uploads\/2025\/11\/Egyptian-Lemons-150x150.webp",150,150,true],"medium":["https:\/\/peitrade.com\/wp-content\/uploads\/2025\/11\/Egyptian-Lemons-300x300.webp",300,300,true],"medium_large":["https:\/\/peitrade.com\/wp-content\/uploads\/2025\/11\/Egyptian-Lemons-768x768.webp",768,768,true],"large":["https:\/\/peitrade.com\/wp-content\/uploads\/2025\/11\/Egyptian-Lemons.webp",1024,1024,false],"1536x1536":["https:\/\/peitrade.com\/wp-content\/uploads\/2025\/11\/Egyptian-Lemons.webp",1024,1024,false],"2048x2048":["https:\/\/peitrade.com\/wp-content\/uploads\/2025\/11\/Egyptian-Lemons.webp",1024,1024,false],"woocommerce_archive_thumbnail":["https:\/\/peitrade.com\/wp-content\/uploads\/2025\/11\/Egyptian-Lemons-300x300.webp",300,300,true],"woocommerce_thumbnail":["https:\/\/peitrade.com\/wp-content\/uploads\/2025\/11\/Egyptian-Lemons-300x300.webp",300,300,true],"woocommerce_single":["https:\/\/peitrade.com\/wp-content\/uploads\/2025\/11\/Egyptian-Lemons-600x600.webp",600,600,true],"woocommerce_gallery_thumbnail":["https:\/\/peitrade.com\/wp-content\/uploads\/2025\/11\/Egyptian-Lemons-100x100.webp",100,100,true]},"post_excerpt_stackable_v2":"<h2><span style=\"font-weight: 400\">Frische \u00e4gyptische Zitronen \u2013 Von \u00c4gypten in die ganze Welt<\/span><\/h2>\n<p data-start=\"289\" data-end=\"616\">Unter idealen Bedingungen angebaut, werden sie sorgf\u00e4ltig geerntet und verpackt, um h\u00f6chste Exportstandards zu erf\u00fcllen \u2013 die perfekte Zitruswahl f\u00fcr Einzelh\u00e4ndler, Gro\u00dfh\u00e4ndler und Distributoren weltweit.<\/p>\n","category_list_v2":"","author_info_v2":{"name":"","url":""},"comments_num_v2":"0 comments","jetpack_publicize_connections":[],"mfb_rest_fields":["title","featured_image_urls_v2","post_excerpt_stackable_v2","category_list_v2","author_info_v2","comments_num_v2","jetpack_publicize_connections"],"_links":{"self":[{"href":"https:\/\/peitrade.com\/de\/wp-json\/wp\/v2\/product\/7508","targetHints":{"allow":["GET"]}}],"collection":[{"href":"https:\/\/peitrade.com\/de\/wp-json\/wp\/v2\/product"}],"about":[{"href":"https:\/\/peitrade.com\/de\/wp-json\/wp\/v2\/types\/product"}],"wp:featuredmedia":[{"embeddable":true,"href":"https:\/\/peitrade.com\/de\/wp-json\/wp\/v2\/media\/7504"}],"wp:attachment":[{"href":"https:\/\/peitrade.com\/de\/wp-json\/wp\/v2\/media?parent=7508"}],"wp:term":[{"taxonomy":"product_brand","embeddable":true,"href":"https:\/\/peitrade.com\/de\/wp-json\/wp\/v2\/product_brand?post=7508"},{"taxonomy":"product_cat","embeddable":true,"href":"https:\/\/peitrade.com\/de\/wp-json\/wp\/v2\/product_cat?post=7508"},{"taxonomy":"product_tag","embeddable":true,"href":"https:\/\/peitrade.com\/de\/wp-json\/wp\/v2\/product_tag?post=7508"}],"curies":[{"name":"wp","href":"https:\/\/api.w.org\/{rel}","templated":true}]}}