{"id":7555,"date":"2025-11-10T11:42:57","date_gmt":"2025-11-10T11:42:57","guid":{"rendered":"http:\/\/46.224.74.15\/product\/trauben\/"},"modified":"2025-12-03T09:32:28","modified_gmt":"2025-12-03T09:32:28","slug":"trauben","status":"publish","type":"product","link":"https:\/\/peitrade.com\/de\/product\/trauben\/","title":{"rendered":"Trauben"},"content":{"rendered":"<h2>\u00c4gyptische Trauben \u2013 frisch und premium f\u00fcr internationale M\u00e4rkte<\/h2>\n<p>\u00c4gypten z\u00e4hlt zu den f\u00fchrenden Exporteuren frischer Trauben und beliefert M\u00e4rkte in den Vereinigten Arabischen Emiraten, Saudi-Arabien und weltweit mit Trauben in Premium-Qualit\u00e4t. \u00c4gyptische Trauben sind bekannt f\u00fcr ihren intensiven Geschmack, ihre leuchtende Farbe und ihre lange Haltbarkeit und sind daher auf internationalen M\u00e4rkten stark nachgefragt.<\/p>\n<h3>Warum \u00e4gyptische Trauben w\u00e4hlen?<\/h3>\n<p>\u2714 \u00dcberlegene Qualit\u00e4t, frischer Geschmack und hoher N\u00e4hrwert<br \/>\n\u2714 Erh\u00e4ltlich in mehreren Sorten, darunter rote, gr\u00fcne und schwarze Trauben<br \/>\n\u2714 Anbau mit modernen landwirtschaftlichen Verfahren f\u00fcr optimale Qualit\u00e4t<br \/>\n\u2714 Strikte Einhaltung internationaler Export- und Lebensmittelsicherheitsstandards<br \/>\n\u2714 Effiziente Logistik und wettbewerbsf\u00e4hige Preise f\u00fcr weltweite M\u00e4rkte<\/p>\n<h3>Warum Trauben \u00fcber PEI Trade beziehen?<\/h3>\n<p>\u2714 <strong>Konstante Premium-Standards<\/strong>: Sortiert und kalibriert gem\u00e4\u00df den Anforderungen globaler K\u00e4ufer.<br \/>\n\u2714 Zertifiziert und konform: Anbau unter GAP-Zertifizierung und mit vollst\u00e4ndig umgesetzten Lebensmittelsicherheitsprotokollen.<br \/>\n\u2714 Zuverl\u00e4ssiger Exportprozess: Effiziente Handhabung, Etikettierung und Dokumentation f\u00fcr eine reibungslose Zollabfertigung.<br \/>\n\u2714 Skalierbare Versorgung: Gro\u00dfmengen werden termingerecht geliefert, um saisonale und ganzj\u00e4hrige Nachfrage zu bedienen.<\/p>\n<h3>Der beste Weg, \u00e4gyptische Trauben zu importieren<\/h3>\n<p>\u00c4gyptische Trauben werden unter strenger landwirtschaftlicher Aufsicht angebaut, um h\u00f6chste Qualit\u00e4t und Frische zu gew\u00e4hrleisten. Unser Exportprozess umfasst kundenspezifische Verpackungen, schnelle Lieferungen und vollst\u00e4ndige Einhaltung der Einfuhrvorschriften, Zollanforderungen und phytosanit\u00e4ren Zertifizierungen.<\/p>\n","protected":false},"excerpt":{"rendered":"<h2><span style=\"font-weight: 400\">\u00c4gyptische Trauben \u2013 \u00dcberlegene Exportqualit\u00e4t<\/span><\/h2>\n<p><span style=\"font-weight: 400\">Premium-Trauben aus \u00c4gypten, angebaut in den fruchtbaren B\u00f6den des Nildeltas und mit gro\u00dfer Pr\u00e4zision geerntet, werden sorgf\u00e4ltig verpackt, um die Frische w\u00e4hrend des Exports zu erhalten. Aufgrund der starken Nachfrage von Einzelhandelsketten, Gro\u00dfh\u00e4ndlern und Distributoren sind \u00e4gyptische Trauben eine bew\u00e4hrte Wahl f\u00fcr den internationalen Handel. <\/span><\/p>\n","protected":false},"featured_media":7551,"template":"","meta":{"jetpack_publicize_message":"","jetpack_publicize_feature_enabled":true,"jetpack_social_post_already_shared":false,"jetpack_social_options":{"image_generator_settings":{"template":"highway","default_image_id":0,"font":"","enabled":false},"version":2}},"product_brand":[],"product_cat":[327],"product_tag":[],"class_list":{"0":"post-7555","1":"product","2":"type-product","3":"status-publish","4":"has-post-thumbnail","6":"product_cat-fruits","8":"first","9":"instock","10":"shipping-taxable","11":"product-type-simple"},"mb":[],"featured_image_urls_v2":{"full":["https:\/\/peitrade.com\/wp-content\/uploads\/2025\/11\/Egyptian-Grapes.webp",1024,1024,false],"thumbnail":["https:\/\/peitrade.com\/wp-content\/uploads\/2025\/11\/Egyptian-Grapes-150x150.webp",150,150,true],"medium":["https:\/\/peitrade.com\/wp-content\/uploads\/2025\/11\/Egyptian-Grapes-300x300.webp",300,300,true],"medium_large":["https:\/\/peitrade.com\/wp-content\/uploads\/2025\/11\/Egyptian-Grapes-768x768.webp",768,768,true],"large":["https:\/\/peitrade.com\/wp-content\/uploads\/2025\/11\/Egyptian-Grapes.webp",1024,1024,false],"1536x1536":["https:\/\/peitrade.com\/wp-content\/uploads\/2025\/11\/Egyptian-Grapes.webp",1024,1024,false],"2048x2048":["https:\/\/peitrade.com\/wp-content\/uploads\/2025\/11\/Egyptian-Grapes.webp",1024,1024,false],"woocommerce_archive_thumbnail":["https:\/\/peitrade.com\/wp-content\/uploads\/2025\/11\/Egyptian-Grapes-300x300.webp",300,300,true],"woocommerce_thumbnail":["https:\/\/peitrade.com\/wp-content\/uploads\/2025\/11\/Egyptian-Grapes-300x300.webp",300,300,true],"woocommerce_single":["https:\/\/peitrade.com\/wp-content\/uploads\/2025\/11\/Egyptian-Grapes-600x600.webp",600,600,true],"woocommerce_gallery_thumbnail":["https:\/\/peitrade.com\/wp-content\/uploads\/2025\/11\/Egyptian-Grapes-100x100.webp",100,100,true]},"post_excerpt_stackable_v2":"<h2><span style=\"font-weight: 400\">\u00c4gyptische Trauben \u2013 \u00dcberlegene Exportqualit\u00e4t<\/span><\/h2>\n<p><span style=\"font-weight: 400\">Premium-Trauben aus \u00c4gypten, angebaut in den fruchtbaren B\u00f6den des Nildeltas und mit gro\u00dfer Pr\u00e4zision geerntet, werden sorgf\u00e4ltig verpackt, um die Frische w\u00e4hrend des Exports zu erhalten. Aufgrund der starken Nachfrage von Einzelhandelsketten, Gro\u00dfh\u00e4ndlern und Distributoren sind \u00e4gyptische Trauben eine bew\u00e4hrte Wahl f\u00fcr den internationalen Handel. <\/span><\/p>\n","category_list_v2":"","author_info_v2":{"name":"","url":""},"comments_num_v2":"0 comments","jetpack_publicize_connections":[],"mfb_rest_fields":["title","featured_image_urls_v2","post_excerpt_stackable_v2","category_list_v2","author_info_v2","comments_num_v2","jetpack_publicize_connections"],"_links":{"self":[{"href":"https:\/\/peitrade.com\/de\/wp-json\/wp\/v2\/product\/7555","targetHints":{"allow":["GET"]}}],"collection":[{"href":"https:\/\/peitrade.com\/de\/wp-json\/wp\/v2\/product"}],"about":[{"href":"https:\/\/peitrade.com\/de\/wp-json\/wp\/v2\/types\/product"}],"wp:featuredmedia":[{"embeddable":true,"href":"https:\/\/peitrade.com\/de\/wp-json\/wp\/v2\/media\/7551"}],"wp:attachment":[{"href":"https:\/\/peitrade.com\/de\/wp-json\/wp\/v2\/media?parent=7555"}],"wp:term":[{"taxonomy":"product_brand","embeddable":true,"href":"https:\/\/peitrade.com\/de\/wp-json\/wp\/v2\/product_brand?post=7555"},{"taxonomy":"product_cat","embeddable":true,"href":"https:\/\/peitrade.com\/de\/wp-json\/wp\/v2\/product_cat?post=7555"},{"taxonomy":"product_tag","embeddable":true,"href":"https:\/\/peitrade.com\/de\/wp-json\/wp\/v2\/product_tag?post=7555"}],"curies":[{"name":"wp","href":"https:\/\/api.w.org\/{rel}","templated":true}]}}