{"id":7563,"date":"2025-11-10T11:42:57","date_gmt":"2025-11-10T11:42:57","guid":{"rendered":"http:\/\/46.224.74.15\/?post_type=product&#038;p=7563"},"modified":"2025-11-26T14:41:33","modified_gmt":"2025-11-26T14:41:33","slug":"guave","status":"publish","type":"product","link":"https:\/\/peitrade.com\/de\/product\/guave\/","title":{"rendered":"Guave"},"content":{"rendered":"<h2>Premium-Guave aus \u00c4gypten \u2013 Export der besten Guaven weltweit<\/h2>\n<p>\u00c4gyptische Guaven sind bekannt f\u00fcr ihren s\u00fc\u00dfen Geschmack, ihr intensives Aroma und ihren hohen N\u00e4hrwert und sind damit eine erste Wahl f\u00fcr internationale M\u00e4rkte. Dank idealer Anbaubedingungen und strenger Qualit\u00e4tsstandards liefert \u00c4gypten einige der besten Guaven weltweit und garantiert Frische und Premium-Qualit\u00e4t. <\/p>\n<h3>Warum \u00e4gyptische Guaven w\u00e4hlen?<\/h3>\n<p>\u2714 K\u00f6stlicher Geschmack und intensives Aroma<br \/>\n\u2714 Strenge Qualit\u00e4tskontrollen und Einhaltung der Lebensmittelsicherheitsstandards<br \/>\n\u2714 Nachhaltiger Anbau mit pestizidfreien Optionen<br \/>\n\u2714 In verschiedenen Gr\u00f6\u00dfen und Verpackungen verf\u00fcgbar<br \/>\n\u2714 Schneller und zuverl\u00e4ssiger internationaler Versand<\/p>\n<h3>Warum Guaven \u00fcber PEI Trade importieren?<\/h3>\n<p>\u2714 Exportqualit\u00e4t: Sorgf\u00e4ltig sortiert und kalibriert nach internationalen Standards.<br \/>\n\u2714 Zertifizierte Betriebe: Produktion unter GAP-Zertifizierung und strenger Lebensmittelsicherheit.<br \/>\n\u2714 Effiziente Lieferkette: Optimierte Logistik, vollst\u00e4ndige Dokumentation und reibungslose Zollabfertigung.<br \/>\n\u2714 Gro\u00df- und Individualbestellungen: Skalierbare Mengen f\u00fcr Einzelh\u00e4ndler, Gro\u00dfh\u00e4ndler und Distributoren. <\/p>\n<h3>Import \u00e4gyptischer Guaven \u2013 Reibungslos und effizient<\/h3>\n<p>Unsere Guaven werden sorgf\u00e4ltig geerntet, sortiert und verpackt, um die Frische w\u00e4hrend des Transports zu erhalten. Wir erf\u00fcllen alle Exportvorschriften, einschlie\u00dflich phytosanit\u00e4rer Zertifikate und Zollabfertigungsprozesse. <\/p>\n","protected":false},"excerpt":{"rendered":"<h2><span style=\"font-weight: 400;\">Premium-Guave aus \u00c4gypten \u2013 Weltweite Belieferung durch PEI Trade<\/span><\/h2>\n<p>Unter g\u00fcnstigen Bedingungen angebaut und zum optimalen Reifezeitpunkt geerntet, \u00fcberzeugen \u00e4gyptische Guaven durch Frische und gleichbleibende Qualit\u00e4t und sind eine verl\u00e4ssliche Wahl f\u00fcr Eink\u00e4ufer auf globalen Einzelhandels- und Gro\u00dfhandelsm\u00e4rkten.<\/p>\n","protected":false},"featured_media":7943,"template":"","meta":{"jetpack_publicize_message":"","jetpack_publicize_feature_enabled":true,"jetpack_social_post_already_shared":false,"jetpack_social_options":{"image_generator_settings":{"template":"highway","default_image_id":0,"font":"","enabled":false},"version":2}},"product_brand":[],"product_cat":[327,335],"product_tag":[],"class_list":{"0":"post-7563","1":"product","2":"type-product","3":"status-publish","4":"has-post-thumbnail","6":"product_cat-fruits","7":"product_cat-in-season","9":"first","10":"instock","11":"shipping-taxable","12":"product-type-simple"},"mb":[],"featured_image_urls_v2":{"full":["https:\/\/peitrade.com\/wp-content\/uploads\/2025\/11\/Egyptian-Guava.webp",1024,1024,false],"thumbnail":["https:\/\/peitrade.com\/wp-content\/uploads\/2025\/11\/Egyptian-Guava-150x150.webp",150,150,true],"medium":["https:\/\/peitrade.com\/wp-content\/uploads\/2025\/11\/Egyptian-Guava-300x300.webp",300,300,true],"medium_large":["https:\/\/peitrade.com\/wp-content\/uploads\/2025\/11\/Egyptian-Guava-768x768.webp",768,768,true],"large":["https:\/\/peitrade.com\/wp-content\/uploads\/2025\/11\/Egyptian-Guava.webp",1024,1024,false],"1536x1536":["https:\/\/peitrade.com\/wp-content\/uploads\/2025\/11\/Egyptian-Guava.webp",1024,1024,false],"2048x2048":["https:\/\/peitrade.com\/wp-content\/uploads\/2025\/11\/Egyptian-Guava.webp",1024,1024,false],"woocommerce_archive_thumbnail":["https:\/\/peitrade.com\/wp-content\/uploads\/2025\/11\/Egyptian-Guava-300x300.webp",300,300,true],"woocommerce_thumbnail":["https:\/\/peitrade.com\/wp-content\/uploads\/2025\/11\/Egyptian-Guava-300x300.webp",300,300,true],"woocommerce_single":["https:\/\/peitrade.com\/wp-content\/uploads\/2025\/11\/Egyptian-Guava-600x600.webp",600,600,true],"woocommerce_gallery_thumbnail":["https:\/\/peitrade.com\/wp-content\/uploads\/2025\/11\/Egyptian-Guava-100x100.webp",100,100,true]},"post_excerpt_stackable_v2":"<h2><span style=\"font-weight: 400;\">Premium-Guave aus \u00c4gypten \u2013 Weltweite Belieferung durch PEI Trade<\/span><\/h2>\n<p>Unter g\u00fcnstigen Bedingungen angebaut und zum optimalen Reifezeitpunkt geerntet, \u00fcberzeugen \u00e4gyptische Guaven durch Frische und gleichbleibende Qualit\u00e4t und sind eine verl\u00e4ssliche Wahl f\u00fcr Eink\u00e4ufer auf globalen Einzelhandels- und Gro\u00dfhandelsm\u00e4rkten.<\/p>\n","category_list_v2":"","author_info_v2":{"name":"","url":""},"comments_num_v2":"0 comments","jetpack_publicize_connections":[],"mfb_rest_fields":["title","featured_image_urls_v2","post_excerpt_stackable_v2","category_list_v2","author_info_v2","comments_num_v2","jetpack_publicize_connections"],"_links":{"self":[{"href":"https:\/\/peitrade.com\/de\/wp-json\/wp\/v2\/product\/7563","targetHints":{"allow":["GET"]}}],"collection":[{"href":"https:\/\/peitrade.com\/de\/wp-json\/wp\/v2\/product"}],"about":[{"href":"https:\/\/peitrade.com\/de\/wp-json\/wp\/v2\/types\/product"}],"wp:featuredmedia":[{"embeddable":true,"href":"https:\/\/peitrade.com\/de\/wp-json\/wp\/v2\/media\/7943"}],"wp:attachment":[{"href":"https:\/\/peitrade.com\/de\/wp-json\/wp\/v2\/media?parent=7563"}],"wp:term":[{"taxonomy":"product_brand","embeddable":true,"href":"https:\/\/peitrade.com\/de\/wp-json\/wp\/v2\/product_brand?post=7563"},{"taxonomy":"product_cat","embeddable":true,"href":"https:\/\/peitrade.com\/de\/wp-json\/wp\/v2\/product_cat?post=7563"},{"taxonomy":"product_tag","embeddable":true,"href":"https:\/\/peitrade.com\/de\/wp-json\/wp\/v2\/product_tag?post=7563"}],"curies":[{"name":"wp","href":"https:\/\/api.w.org\/{rel}","templated":true}]}}