{"id":7605,"date":"2025-11-10T11:45:57","date_gmt":"2025-11-10T11:45:57","guid":{"rendered":"http:\/\/46.224.74.15\/?post_type=product&#038;p=7605"},"modified":"2025-11-26T14:27:17","modified_gmt":"2025-11-26T14:27:17","slug":"linsen","status":"publish","type":"product","link":"https:\/\/peitrade.com\/de\/product\/linsen\/","title":{"rendered":"Linsen"},"content":{"rendered":"<h2>Premium-Linsen aus \u00c4gypten \u2013 Eiwei\u00dfreiche Linsen f\u00fcr den Export<\/h2>\n<p>\u00c4gypten ist eine verl\u00e4ssliche Quelle f\u00fcr Premium-Linsen und bietet eiwei\u00dfreiche, nicht gentechnisch ver\u00e4nderte und biologisch angebaute Sorten an. Bei PEI Trade liefern wir Linsen in Gro\u00dfmengen f\u00fcr den Export, geerntet aus den n\u00e4hrstoffreichen B\u00f6den \u00c4gyptens und verarbeitet mit moderner Agrar- und Sortiertechnologie. Unsere Linsen sind bekannt f\u00fcr ihre gleichm\u00e4\u00dfige Korngr\u00f6\u00dfe, nat\u00fcrliche Farbe und kurze Garzeit und erf\u00fcllen globale Standards f\u00fcr Lebensmittelsicherheit und -qualit\u00e4t.<\/p>\n<h3>Warum \u00e4gyptische Linsen w\u00e4hlen?<\/h3>\n<p>\u2714 Angebaut im idealen Klima und auf den fruchtbaren B\u00f6den \u00c4gyptens<br \/>\u2714 Nicht gentechnisch ver\u00e4ndert, frei von Chemikalien und mit biologischen Verfahren verarbeitet<br \/>\u2714 Entspricht internationalen Exportstandards und Zertifizierungen<br \/>\u2714 In Gro\u00dfmengen mit flexiblen Verpackungsoptionen erh\u00e4ltlich<br \/>\u2714 Ganzj\u00e4hrige, zuverl\u00e4ssige Verf\u00fcgbarkeit und wettbewerbsf\u00e4hige Preise<\/p>\n<h3>Warum Linsen \u00fcber PEI Trade beziehen?<\/h3>\n<p>\u2714 <strong>Strenges Sortieren &amp; Reinigen:<\/strong> Verarbeitung mit moderner Sortiertechnik f\u00fcr einheitliche Korngr\u00f6\u00dfe und Farbe.<br \/>\n\u2714 <strong>Flexible Belieferung:<\/strong> Gro\u00dfverpackungen in 25-kg- und 50-kg-S\u00e4cken mit Optionen f\u00fcr Eigenmarken.<br \/>\n\u2714 <strong>Internationale Standards:<\/strong> Konform mit globalen Zertifizierungen und phytosanit\u00e4ren Vorschriften.<br \/>\n\u2714 <strong>Effiziente Logistik:<\/strong> Schnelle Exportabwicklung mit verl\u00e4sslichem Versand und umfassender Dokumentationsunterst\u00fctzung.<br \/>\n\u2714 <strong>Marktorientierter Vorteil:<\/strong> Wettbewerbsf\u00e4hige Preise bei stabiler Verf\u00fcgbarkeit \u00fcber das ganze Jahr. <\/p>\n<h3>Import \u00e4gyptischer Linsen \u2013 Einfach und sicher<\/h3>\n<p>PEI Trade bietet nahtlose Exportl\u00f6sungen f\u00fcr Linsen mit kundenspezifischer Verpackung, zuverl\u00e4ssiger Logistik und schneller Lieferung. Wir k\u00fcmmern uns um phytosanit\u00e4re Zertifikate, Exportdokumente und die Einhaltung globaler Importstandards, um einen reibungslosen Ablauf f\u00fcr internationale K\u00e4ufer zu gew\u00e4hrleisten.<\/p>\n","protected":false},"excerpt":{"rendered":"<h2 data-start=\"300\" data-end=\"366\">\u00c4gyptische Linsen \u2013 Hohe Verf\u00fcgbarkeit mit starkem Mehrwert im Welthandel<\/h2>\n<p data-start=\"368\" data-end=\"827\">\u00c4gyptische Linsen sind international f\u00fcr ihre gleichbleibende Qualit\u00e4t, ihre attraktive Optik und ihre verl\u00e4ssliche Verf\u00fcgbarkeit bekannt.<\/p>\n<p data-start=\"368\" data-end=\"827\">Dank ihrer langj\u00e4hrigen Bedeutung im Einzelhandel wie auch im Gro\u00dfhandelsvertrieb sind Linsen aus \u00c4gypten die bevorzugte Wahl f\u00fcr Importeure, die ein Produkt suchen, das g\u00fcnstige Preise mit gesicherter Qualit\u00e4t verbindet.<\/p>\n","protected":false},"featured_media":7927,"template":"","meta":{"jetpack_publicize_message":"","jetpack_publicize_feature_enabled":true,"jetpack_social_post_already_shared":false,"jetpack_social_options":{"image_generator_settings":{"template":"highway","default_image_id":0,"font":"","enabled":false},"version":2}},"product_brand":[],"product_cat":[343,335],"product_tag":[],"class_list":{"0":"post-7605","1":"product","2":"type-product","3":"status-publish","4":"has-post-thumbnail","6":"product_cat-legumes","7":"product_cat-in-season","9":"first","10":"instock","11":"shipping-taxable","12":"product-type-simple"},"mb":[],"featured_image_urls_v2":{"full":["https:\/\/peitrade.com\/wp-content\/uploads\/2025\/11\/Egyptian-Lentils.webp",1024,1024,false],"thumbnail":["https:\/\/peitrade.com\/wp-content\/uploads\/2025\/11\/Egyptian-Lentils-150x150.webp",150,150,true],"medium":["https:\/\/peitrade.com\/wp-content\/uploads\/2025\/11\/Egyptian-Lentils-300x300.webp",300,300,true],"medium_large":["https:\/\/peitrade.com\/wp-content\/uploads\/2025\/11\/Egyptian-Lentils-768x768.webp",768,768,true],"large":["https:\/\/peitrade.com\/wp-content\/uploads\/2025\/11\/Egyptian-Lentils.webp",1024,1024,false],"1536x1536":["https:\/\/peitrade.com\/wp-content\/uploads\/2025\/11\/Egyptian-Lentils.webp",1024,1024,false],"2048x2048":["https:\/\/peitrade.com\/wp-content\/uploads\/2025\/11\/Egyptian-Lentils.webp",1024,1024,false],"woocommerce_archive_thumbnail":["https:\/\/peitrade.com\/wp-content\/uploads\/2025\/11\/Egyptian-Lentils-300x300.webp",300,300,true],"woocommerce_thumbnail":["https:\/\/peitrade.com\/wp-content\/uploads\/2025\/11\/Egyptian-Lentils-300x300.webp",300,300,true],"woocommerce_single":["https:\/\/peitrade.com\/wp-content\/uploads\/2025\/11\/Egyptian-Lentils-600x600.webp",600,600,true],"woocommerce_gallery_thumbnail":["https:\/\/peitrade.com\/wp-content\/uploads\/2025\/11\/Egyptian-Lentils-100x100.webp",100,100,true]},"post_excerpt_stackable_v2":"<h2 data-start=\"300\" data-end=\"366\">\u00c4gyptische Linsen \u2013 Hohe Verf\u00fcgbarkeit mit starkem Mehrwert im Welthandel<\/h2>\n<p data-start=\"368\" data-end=\"827\">\u00c4gyptische Linsen sind international f\u00fcr ihre gleichbleibende Qualit\u00e4t, ihre attraktive Optik und ihre verl\u00e4ssliche Verf\u00fcgbarkeit bekannt.<\/p>\n<p data-start=\"368\" data-end=\"827\">Dank ihrer langj\u00e4hrigen Bedeutung im Einzelhandel wie auch im Gro\u00dfhandelsvertrieb sind Linsen aus \u00c4gypten die bevorzugte Wahl f\u00fcr Importeure, die ein Produkt suchen, das g\u00fcnstige Preise mit gesicherter Qualit\u00e4t verbindet.<\/p>\n","category_list_v2":"","author_info_v2":{"name":"","url":""},"comments_num_v2":"0 comments","jetpack_publicize_connections":[],"mfb_rest_fields":["title","featured_image_urls_v2","post_excerpt_stackable_v2","category_list_v2","author_info_v2","comments_num_v2","jetpack_publicize_connections"],"_links":{"self":[{"href":"https:\/\/peitrade.com\/de\/wp-json\/wp\/v2\/product\/7605","targetHints":{"allow":["GET"]}}],"collection":[{"href":"https:\/\/peitrade.com\/de\/wp-json\/wp\/v2\/product"}],"about":[{"href":"https:\/\/peitrade.com\/de\/wp-json\/wp\/v2\/types\/product"}],"wp:featuredmedia":[{"embeddable":true,"href":"https:\/\/peitrade.com\/de\/wp-json\/wp\/v2\/media\/7927"}],"wp:attachment":[{"href":"https:\/\/peitrade.com\/de\/wp-json\/wp\/v2\/media?parent=7605"}],"wp:term":[{"taxonomy":"product_brand","embeddable":true,"href":"https:\/\/peitrade.com\/de\/wp-json\/wp\/v2\/product_brand?post=7605"},{"taxonomy":"product_cat","embeddable":true,"href":"https:\/\/peitrade.com\/de\/wp-json\/wp\/v2\/product_cat?post=7605"},{"taxonomy":"product_tag","embeddable":true,"href":"https:\/\/peitrade.com\/de\/wp-json\/wp\/v2\/product_tag?post=7605"}],"curies":[{"name":"wp","href":"https:\/\/api.w.org\/{rel}","templated":true}]}}