{"id":7662,"date":"2025-11-10T11:45:04","date_gmt":"2025-11-10T11:45:04","guid":{"rendered":"http:\/\/46.224.74.15\/product\/kopfsalat\/"},"modified":"2025-12-03T09:42:26","modified_gmt":"2025-12-03T09:42:26","slug":"kopfsalat","status":"publish","type":"product","link":"https:\/\/peitrade.com\/de\/product\/kopfsalat\/","title":{"rendered":"Kopfsalat"},"content":{"rendered":"<h2>\u00c4gyptischer Kopfsalat \u2013 frisch, knackig und exportbereit<\/h2>\n<p>\u00c4gyptischer Kopfsalat wird weltweit f\u00fcr seine Frische, die leuchtend gr\u00fcne Farbe und seine knackige Textur gesch\u00e4tzt. Auf den fruchtbaren B\u00f6den \u00c4gyptens und unter idealen Wetterbedingungen angebaut, zeichnet sich unser Salat durch Premiumqualit\u00e4t und eine konstante Verf\u00fcgbarkeit aus \u2013 perfekt geeignet f\u00fcr die globalen Exportanforderungen, unter anderem zusammen mit Produkten wie \u00e4gyptischen Paprika.<\/p>\n<h3>Warum \u00e4gyptischen Kopfsalat w\u00e4hlen?<\/h3>\n<p>\u2714 Knackige, frische Bl\u00e4tter und sauberes Erscheinungsbild<br \/>\n\u2714 Ganzj\u00e4hrig verf\u00fcgbar bei gleichbleibender Qualit\u00e4t<br \/>\n\u2714 Anbau mit nachhaltigen und umweltfreundlichen Methoden<br \/>\n\u2714 Erf\u00fcllen internationale Standards f\u00fcr Lebensmittelsicherheit und Export<br \/>\n\u2714 Individuell anpassbare Verpackung und Gro\u00dfhandelsmengen<br \/>\n\u2714 Hervorragende Kombination mit \u00e4gyptischen Paprika in der K\u00fcche<\/p>\n<h3>Warum Kopfsalat von PEI Trade beziehen?<\/h3>\n<p>\u2714 <strong>Zertifizierte Standards<\/strong>: Einhaltung internationaler Lebensmittelsicherheits-, GAP- und phytosanit\u00e4rer Vorgaben<br \/>\n\u2714 <strong>K\u00fchlkettenlogistik<\/strong>: Sorgf\u00e4ltige Handhabung und temperaturgef\u00fchrter Transport f\u00fcr optimale Frische<br \/>\n\u2714<strong> Full-Service<\/strong>: Umfassende Unterst\u00fctzung bei Verpackung, Dokumentation, Etikettierung und Zollabfertigung<\/p>\n<h3>Import \u00e4gyptischen Kopfsalats \u2013 nahtlos und zuverl\u00e4ssig<\/h3>\n<p>Wir gew\u00e4hrleisten strenge Qualit\u00e4tskontrollen, hygienische Ernte und schnelle Logistik. Unser Exportsystem umfasst phytosanit\u00e4re Zertifikate, vollst\u00e4ndige Dokumentation und die Einhaltung internationaler Lebensmittelvorschriften, um eine reibungslose Lieferung weltweit sicherzustellen.<\/p>\n","protected":false},"excerpt":{"rendered":"<h2 data-start=\"333\" data-end=\"622\">Premium \u00e4gyptischer Kopfsalat von PEI Trade<\/h2>\n<p data-start=\"333\" data-end=\"622\">\u00c4gyptischer Kopfsalat wird unter idealen klimatischen Bedingungen angebaut und liefert knackige Bl\u00e4tter, leuchtende Farbe und verl\u00e4ssliche Qualit\u00e4t f\u00fcr internationale K\u00e4ufer. Vom Gro\u00dfhandel bis zur Belieferung des Einzelhandels wird unser Salat so geerntet und verpackt, dass die Frische auch bei langen Transportwegen erhalten bleibt.<\/p>\n<p data-start=\"2776\" data-end=\"3042\">\n","protected":false},"featured_media":7657,"template":"","meta":{"jetpack_publicize_message":"","jetpack_publicize_feature_enabled":true,"jetpack_social_post_already_shared":false,"jetpack_social_options":{"image_generator_settings":{"template":"highway","default_image_id":0,"font":"","enabled":false},"version":2}},"product_brand":[],"product_cat":[351,335],"product_tag":[],"class_list":{"0":"post-7662","1":"product","2":"type-product","3":"status-publish","4":"has-post-thumbnail","6":"product_cat-vegetables","7":"product_cat-in-season","9":"first","10":"instock","11":"shipping-taxable","12":"product-type-simple"},"mb":[],"featured_image_urls_v2":{"full":["https:\/\/peitrade.com\/wp-content\/uploads\/2025\/11\/Egyption-Lettuce.webp",1024,1024,false],"thumbnail":["https:\/\/peitrade.com\/wp-content\/uploads\/2025\/11\/Egyption-Lettuce-150x150.webp",150,150,true],"medium":["https:\/\/peitrade.com\/wp-content\/uploads\/2025\/11\/Egyption-Lettuce-300x300.webp",300,300,true],"medium_large":["https:\/\/peitrade.com\/wp-content\/uploads\/2025\/11\/Egyption-Lettuce-768x768.webp",768,768,true],"large":["https:\/\/peitrade.com\/wp-content\/uploads\/2025\/11\/Egyption-Lettuce.webp",1024,1024,false],"1536x1536":["https:\/\/peitrade.com\/wp-content\/uploads\/2025\/11\/Egyption-Lettuce.webp",1024,1024,false],"2048x2048":["https:\/\/peitrade.com\/wp-content\/uploads\/2025\/11\/Egyption-Lettuce.webp",1024,1024,false],"woocommerce_archive_thumbnail":["https:\/\/peitrade.com\/wp-content\/uploads\/2025\/11\/Egyption-Lettuce-300x300.webp",300,300,true],"woocommerce_thumbnail":["https:\/\/peitrade.com\/wp-content\/uploads\/2025\/11\/Egyption-Lettuce-300x300.webp",300,300,true],"woocommerce_single":["https:\/\/peitrade.com\/wp-content\/uploads\/2025\/11\/Egyption-Lettuce-600x600.webp",600,600,true],"woocommerce_gallery_thumbnail":["https:\/\/peitrade.com\/wp-content\/uploads\/2025\/11\/Egyption-Lettuce-100x100.webp",100,100,true]},"post_excerpt_stackable_v2":"<h2 data-start=\"333\" data-end=\"622\">Premium \u00e4gyptischer Kopfsalat von PEI Trade<\/h2>\n<p data-start=\"333\" data-end=\"622\">\u00c4gyptischer Kopfsalat wird unter idealen klimatischen Bedingungen angebaut und liefert knackige Bl\u00e4tter, leuchtende Farbe und verl\u00e4ssliche Qualit\u00e4t f\u00fcr internationale K\u00e4ufer. Vom Gro\u00dfhandel bis zur Belieferung des Einzelhandels wird unser Salat so geerntet und verpackt, dass die Frische auch bei langen Transportwegen erhalten bleibt.<\/p>\n<p data-start=\"2776\" data-end=\"3042\">\n","category_list_v2":"","author_info_v2":{"name":"","url":""},"comments_num_v2":"0 comments","jetpack_publicize_connections":[],"mfb_rest_fields":["title","featured_image_urls_v2","post_excerpt_stackable_v2","category_list_v2","author_info_v2","comments_num_v2","jetpack_publicize_connections"],"_links":{"self":[{"href":"https:\/\/peitrade.com\/de\/wp-json\/wp\/v2\/product\/7662","targetHints":{"allow":["GET"]}}],"collection":[{"href":"https:\/\/peitrade.com\/de\/wp-json\/wp\/v2\/product"}],"about":[{"href":"https:\/\/peitrade.com\/de\/wp-json\/wp\/v2\/types\/product"}],"wp:featuredmedia":[{"embeddable":true,"href":"https:\/\/peitrade.com\/de\/wp-json\/wp\/v2\/media\/7657"}],"wp:attachment":[{"href":"https:\/\/peitrade.com\/de\/wp-json\/wp\/v2\/media?parent=7662"}],"wp:term":[{"taxonomy":"product_brand","embeddable":true,"href":"https:\/\/peitrade.com\/de\/wp-json\/wp\/v2\/product_brand?post=7662"},{"taxonomy":"product_cat","embeddable":true,"href":"https:\/\/peitrade.com\/de\/wp-json\/wp\/v2\/product_cat?post=7662"},{"taxonomy":"product_tag","embeddable":true,"href":"https:\/\/peitrade.com\/de\/wp-json\/wp\/v2\/product_tag?post=7662"}],"curies":[{"name":"wp","href":"https:\/\/api.w.org\/{rel}","templated":true}]}}