{"id":5286,"date":"2025-05-14T13:28:22","date_gmt":"2025-05-14T13:28:22","guid":{"rendered":"http:\/\/46.224.74.15\/mango-keitt-egypt-3\/"},"modified":"2025-11-19T16:43:34","modified_gmt":"2025-11-19T16:43:34","slug":"mango-keitt-egypt-3","status":"publish","type":"page","link":"https:\/\/peitrade.com\/es\/mango-keitt-egypt-3\/","title":{"rendered":"Mango Keitt Egipto de PEI Trade \u2013 Exportaci\u00f3n Premium"},"content":{"rendered":"<section class=\"section\" style=\"padding: 60px 20px; background-color: #f9f9f9;\">\n<div class=\"container\">\n<h1>Mango Keitt Egipto Premium \u2013 Mejores Variedades Egipcias de Mango de PEI Trade<\/h1>\n<p>Descubre la calidad excepcional del mango Keitt Egipto, una de las principales variedades de mango egipcio cultivadas en las f\u00e9rtiles zonas agr\u00edcolas del Delta del Nilo. PEI Trade ofrece una selecci\u00f3n premium de variedades de mango egipcio cultivadas en condiciones clim\u00e1ticas \u00f3ptimas que realzan su sabor, textura y vida \u00fatil.<\/p>\n<p>Desde el popular mango Keitt Egipto hasta el arom\u00e1tico mango Ewais y el resistente Zebda, nuestro surtido representa las mejores variedades de mango en Egipto. Cada fruta es recolectada a mano en su punto \u00f3ptimo de maduraci\u00f3n, manejada con cuidado y embalada cumpliendo los est\u00e1ndares internacionales de exportaci\u00f3n.<\/p>\n<p>Como exportador de mango egipcio confiable, PEI Trade garantiza calidad constante a clientes en Europa, Oriente Medio y Asia. Si deseas comprar mangos de Egipto para venta minorista, procesamiento o al por mayor, nuestros productos ofrecen un sabor superior y una excelente presentaci\u00f3n. Nuestra experiencia como proveedores de mango egipcio y nuestra reputaci\u00f3n s\u00f3lida nos posicionan como el socio ideal para importar mango egipcio fresco desde Egipto.<\/p>\n<\/div>\n<\/section>\n<p><!-- WooCommerce Product Block 1 --><\/p>\n<div class=\"wp-block-woocommerce-product-collection\"><div class=\"woocommerce columns-4 \"><ul class=\"products columns-4\" data-products=\"type-2\">\n<li class=\"product type-product post-7665 status-publish first instock product_cat-fruits has-post-thumbnail shipping-taxable product-type-simple\">\n\t<a href=\"https:\/\/peitrade.com\/es\/product\/fresas\/\" class=\"woocommerce-LoopProduct-link woocommerce-loop-product__link\"><img decoding=\"async\" width=\"300\" height=\"300\" src=\"https:\/\/peitrade.com\/wp-content\/uploads\/2025\/11\/Egyptian-Strawberries-300x300.webp\" class=\"attachment-woocommerce_thumbnail size-woocommerce_thumbnail\" alt=\"Fresas\" srcset=\"https:\/\/peitrade.com\/wp-content\/uploads\/2025\/11\/Egyptian-Strawberries-300x300.webp 300w, https:\/\/peitrade.com\/wp-content\/uploads\/2025\/11\/Egyptian-Strawberries-150x150.webp 150w, https:\/\/peitrade.com\/wp-content\/uploads\/2025\/11\/Egyptian-Strawberries-768x768.webp 768w, https:\/\/peitrade.com\/wp-content\/uploads\/2025\/11\/Egyptian-Strawberries-600x600.webp 600w, https:\/\/peitrade.com\/wp-content\/uploads\/2025\/11\/Egyptian-Strawberries-100x100.webp 100w, https:\/\/peitrade.com\/wp-content\/uploads\/2025\/11\/Egyptian-Strawberries.webp 1024w\" sizes=\"(max-width: 300px) 100vw, 300px\" title=\"\"><h2 class=\"woocommerce-loop-product__title\">Fresas<\/h2>\n<\/a><a href=\"https:\/\/peitrade.com\/es\/product\/fresas\/\" aria-describedby=\"woocommerce_loop_add_to_cart_link_describedby_7665\" data-quantity=\"1\" class=\"button product_type_simple\" data-product_id=\"7665\" data-product_sku=\"81010\" aria-label=\"Lee m\u00e1s sobre &ldquo;Fresas&rdquo;\" rel=\"nofollow\" data-success_message=\"\">Leer m\u00e1s<\/a>\t<span id=\"woocommerce_loop_add_to_cart_link_describedby_7665\" class=\"screen-reader-text\">\n\t\t\t<\/span>\n<\/li>\n<li class=\"product type-product post-7537 status-publish instock product_cat-in-season product_cat-fruits has-post-thumbnail shipping-taxable product-type-simple\">\n\t<a href=\"https:\/\/peitrade.com\/es\/product\/limones\/\" class=\"woocommerce-LoopProduct-link woocommerce-loop-product__link\"><img decoding=\"async\" width=\"300\" height=\"300\" src=\"https:\/\/peitrade.com\/wp-content\/uploads\/2025\/11\/Egyptian-Lemons-300x300.webp\" class=\"attachment-woocommerce_thumbnail size-woocommerce_thumbnail\" alt=\"Limones\" srcset=\"https:\/\/peitrade.com\/wp-content\/uploads\/2025\/11\/Egyptian-Lemons-300x300.webp 300w, https:\/\/peitrade.com\/wp-content\/uploads\/2025\/11\/Egyptian-Lemons-150x150.webp 150w, https:\/\/peitrade.com\/wp-content\/uploads\/2025\/11\/Egyptian-Lemons-768x768.webp 768w, https:\/\/peitrade.com\/wp-content\/uploads\/2025\/11\/Egyptian-Lemons-600x600.webp 600w, https:\/\/peitrade.com\/wp-content\/uploads\/2025\/11\/Egyptian-Lemons-100x100.webp 100w, https:\/\/peitrade.com\/wp-content\/uploads\/2025\/11\/Egyptian-Lemons.webp 1024w\" sizes=\"(max-width: 300px) 100vw, 300px\" title=\"\"><h2 class=\"woocommerce-loop-product__title\">Limones<\/h2>\n<\/a><a href=\"https:\/\/peitrade.com\/es\/product\/limones\/\" aria-describedby=\"woocommerce_loop_add_to_cart_link_describedby_7537\" data-quantity=\"1\" class=\"button product_type_simple\" data-product_id=\"7537\" data-product_sku=\"80550\" aria-label=\"Lee m\u00e1s sobre &ldquo;Limones&rdquo;\" rel=\"nofollow\" data-success_message=\"\">Leer m\u00e1s<\/a>\t<span id=\"woocommerce_loop_add_to_cart_link_describedby_7537\" class=\"screen-reader-text\">\n\t\t\t<\/span>\n<\/li>\n<li class=\"product type-product post-7644 status-publish instock product_cat-fruits has-post-thumbnail shipping-taxable product-type-simple\">\n\t<a href=\"https:\/\/peitrade.com\/es\/product\/mango\/\" class=\"woocommerce-LoopProduct-link woocommerce-loop-product__link\"><img decoding=\"async\" width=\"300\" height=\"300\" src=\"https:\/\/peitrade.com\/wp-content\/uploads\/2025\/11\/Egyption-Mango-300x300.webp\" class=\"attachment-woocommerce_thumbnail size-woocommerce_thumbnail\" alt=\"Mangoes: Egypt\u2019s Tropical Treasure\" srcset=\"https:\/\/peitrade.com\/wp-content\/uploads\/2025\/11\/Egyption-Mango-300x300.webp 300w, https:\/\/peitrade.com\/wp-content\/uploads\/2025\/11\/Egyption-Mango-150x150.webp 150w, https:\/\/peitrade.com\/wp-content\/uploads\/2025\/11\/Egyption-Mango-768x768.webp 768w, https:\/\/peitrade.com\/wp-content\/uploads\/2025\/11\/Egyption-Mango-600x600.webp 600w, https:\/\/peitrade.com\/wp-content\/uploads\/2025\/11\/Egyption-Mango-100x100.webp 100w, https:\/\/peitrade.com\/wp-content\/uploads\/2025\/11\/Egyption-Mango.webp 1024w\" sizes=\"(max-width: 300px) 100vw, 300px\" title=\"\"><h2 class=\"woocommerce-loop-product__title\">Mango<\/h2>\n<\/a><a href=\"https:\/\/peitrade.com\/es\/product\/mango\/\" aria-describedby=\"woocommerce_loop_add_to_cart_link_describedby_7644\" data-quantity=\"1\" class=\"button product_type_simple\" data-product_id=\"7644\" data-product_sku=\"80450\" aria-label=\"Lee m\u00e1s sobre &ldquo;Mango&rdquo;\" rel=\"nofollow\" data-success_message=\"\">Leer m\u00e1s<\/a>\t<span id=\"woocommerce_loop_add_to_cart_link_describedby_7644\" class=\"screen-reader-text\">\n\t\t\t<\/span>\n<\/li>\n<li class=\"product type-product post-7443 status-publish last instock product_cat-in-season product_cat-fruits has-post-thumbnail shipping-taxable product-type-simple\">\n\t<a href=\"https:\/\/peitrade.com\/es\/product\/naranjas\/\" class=\"woocommerce-LoopProduct-link woocommerce-loop-product__link\"><img decoding=\"async\" width=\"300\" height=\"300\" src=\"https:\/\/peitrade.com\/wp-content\/uploads\/2025\/11\/Egyptian-Oranges-300x300.webp\" class=\"attachment-woocommerce_thumbnail size-woocommerce_thumbnail\" alt=\"Las exportaciones de naranjas egipcias a Canad\u00e1 alcanzan un r\u00e9cord en 2025\" srcset=\"https:\/\/peitrade.com\/wp-content\/uploads\/2025\/11\/Egyptian-Oranges-300x300.webp 300w, https:\/\/peitrade.com\/wp-content\/uploads\/2025\/11\/Egyptian-Oranges-150x150.webp 150w, https:\/\/peitrade.com\/wp-content\/uploads\/2025\/11\/Egyptian-Oranges-768x768.webp 768w, https:\/\/peitrade.com\/wp-content\/uploads\/2025\/11\/Egyptian-Oranges-600x600.webp 600w, https:\/\/peitrade.com\/wp-content\/uploads\/2025\/11\/Egyptian-Oranges-100x100.webp 100w, https:\/\/peitrade.com\/wp-content\/uploads\/2025\/11\/Egyptian-Oranges.webp 1024w\" sizes=\"(max-width: 300px) 100vw, 300px\" title=\"\"><h2 class=\"woocommerce-loop-product__title\">Naranjas<\/h2>\n<\/a><a href=\"https:\/\/peitrade.com\/es\/product\/naranjas\/\" aria-describedby=\"woocommerce_loop_add_to_cart_link_describedby_7443\" data-quantity=\"1\" class=\"button product_type_simple\" data-product_id=\"7443\" data-product_sku=\"80510\" aria-label=\"Lee m\u00e1s sobre &ldquo;Naranjas&rdquo;\" rel=\"nofollow\" data-success_message=\"\">Leer m\u00e1s<\/a>\t<span id=\"woocommerce_loop_add_to_cart_link_describedby_7443\" class=\"screen-reader-text\">\n\t\t\t<\/span>\n<\/li>\n<\/ul>\n<\/div><\/div>\n<p><!-- Section: Why Choose Egyptian Mango --><\/p>\n<section class=\"section\" style=\"padding: 50px 20px;\">\n<div class=\"container\">\n<h2>\u00bfPor Qu\u00e9 Elegir Nuestras Variedades de Mango Egipcio?<\/h2>\n<p>La temporada de mango en Egipto ofrece frutas de color vibrante, aroma intenso y pulpa naturalmente dulce. El clima ideal y el suelo f\u00e9rtil de la regi\u00f3n permiten cultivar las variedades de mango egipcio m\u00e1s demandadas.<\/p>\n<p>En PEI Trade, cada fruta es:<\/p>\n<ul>\n<li>Recolectada a mano y seleccionada seg\u00fan est\u00e1ndares de exportaci\u00f3n<\/li>\n<li>Producida con pr\u00e1cticas sostenibles<\/li>\n<li>Disponible en vol\u00famenes al por menor o al por mayor<\/li>\n<\/ul>\n<p>Clientes de todo el mundo conf\u00edan en nuestra capacidad para ofrecer:<\/p>\n<ul>\n<li>Calidad constante en cada env\u00edo<\/li>\n<li>Cadena de suministro transparente y trazabilidad<\/li>\n<li>Vol\u00famenes flexibles y programaci\u00f3n de exportaci\u00f3n<\/li>\n<\/ul>\n<h2>Variedades Demandadas como el Mango Keitt Egipto<\/h2>\n<p>PEI Trade es un mayorista de mango egipcio l\u00edder, especializado en el mango Keitt Egipto, una variedad reconocida por su:<\/p>\n<ul>\n<li>Tama\u00f1o grande y textura firme y jugosa<\/li>\n<li>Pulpa dulce y con poca fibra, ideal para consumo fresco y procesamiento<\/li>\n<li>Larga vida \u00fatil, perfecta para exportaciones<\/li>\n<\/ul>\n<p>Esta variedad de alto rendimiento es ampliamente utilizada en:<\/p>\n<ul>\n<li>Supermercados y cadenas de productos frescos<\/li>\n<li>Industrias de jugos y postres<\/li>\n<li>Empaques minoristas y mercados mayoristas de mango egipcio<\/li>\n<\/ul>\n<p>Tambi\u00e9n ofrecemos alternativas como el mango Ewais Egipto y Alphonso, seleccionadas seg\u00fan las preferencias de cada mercado.<\/p>\n<p>Como proveedores de mango egipcio, nuestros servicios incluyen:<\/p>\n<ul>\n<li>Manejo postcosecha y enfriamiento<\/li>\n<li>Empaque personalizado y etiquetado para exportaci\u00f3n<\/li>\n<li>Log\u00edstica global y apoyo documental<\/li>\n<\/ul>\n<\/div>\n<\/section>\n<p><!-- Related Products Section --><\/p>\n<section class=\"section\" style=\"padding: 50px 20px;\">\n<div class=\"container\">\n<h2>M\u00e1s Productos Frescos de Egipto<\/h2>\n<p>Descubre m\u00e1s frutas frescas egipcias, cuidadosamente cosechadas y listas para exportar:<\/p>\n<div class=\"wp-block-woocommerce-product-collection\"><div class=\"woocommerce columns-4 \"><ul class=\"products columns-4\" data-products=\"type-2\">\n<li class=\"product type-product post-7742 status-publish first instock product_cat-fruits has-post-thumbnail shipping-taxable product-type-simple\">\n\t<a href=\"https:\/\/peitrade.com\/es\/product\/granada\/\" class=\"woocommerce-LoopProduct-link woocommerce-loop-product__link\"><img decoding=\"async\" width=\"300\" height=\"300\" src=\"https:\/\/peitrade.com\/wp-content\/uploads\/2025\/11\/Egyptian-Pomegranate-300x300.webp\" class=\"attachment-woocommerce_thumbnail size-woocommerce_thumbnail\" alt=\"Pomegranates: The Superfruit Appeal\" srcset=\"https:\/\/peitrade.com\/wp-content\/uploads\/2025\/11\/Egyptian-Pomegranate-300x300.webp 300w, https:\/\/peitrade.com\/wp-content\/uploads\/2025\/11\/Egyptian-Pomegranate-150x150.webp 150w, https:\/\/peitrade.com\/wp-content\/uploads\/2025\/11\/Egyptian-Pomegranate-768x768.webp 768w, https:\/\/peitrade.com\/wp-content\/uploads\/2025\/11\/Egyptian-Pomegranate-600x600.webp 600w, https:\/\/peitrade.com\/wp-content\/uploads\/2025\/11\/Egyptian-Pomegranate-100x100.webp 100w, https:\/\/peitrade.com\/wp-content\/uploads\/2025\/11\/Egyptian-Pomegranate.webp 1024w\" sizes=\"(max-width: 300px) 100vw, 300px\" title=\"\"><h2 class=\"woocommerce-loop-product__title\">Granada<\/h2>\n<\/a><a href=\"https:\/\/peitrade.com\/es\/product\/granada\/\" aria-describedby=\"woocommerce_loop_add_to_cart_link_describedby_7742\" data-quantity=\"1\" class=\"button product_type_simple\" data-product_id=\"7742\" data-product_sku=\"81090\" aria-label=\"Lee m\u00e1s sobre &ldquo;Granada&rdquo;\" rel=\"nofollow\" data-success_message=\"\">Leer m\u00e1s<\/a>\t<span id=\"woocommerce_loop_add_to_cart_link_describedby_7742\" class=\"screen-reader-text\">\n\t\t\t<\/span>\n<\/li>\n<li class=\"product type-product post-7577 status-publish instock product_cat-in-season product_cat-fruits has-post-thumbnail shipping-taxable product-type-simple\">\n\t<a href=\"https:\/\/peitrade.com\/es\/product\/guayaba\/\" class=\"woocommerce-LoopProduct-link woocommerce-loop-product__link\"><img decoding=\"async\" width=\"300\" height=\"300\" src=\"https:\/\/peitrade.com\/wp-content\/uploads\/2025\/11\/Egyptian-Guava-300x300.webp\" class=\"attachment-woocommerce_thumbnail size-woocommerce_thumbnail\" alt=\"Egyptian Guava\" srcset=\"https:\/\/peitrade.com\/wp-content\/uploads\/2025\/11\/Egyptian-Guava-300x300.webp 300w, https:\/\/peitrade.com\/wp-content\/uploads\/2025\/11\/Egyptian-Guava-150x150.webp 150w, https:\/\/peitrade.com\/wp-content\/uploads\/2025\/11\/Egyptian-Guava-768x768.webp 768w, https:\/\/peitrade.com\/wp-content\/uploads\/2025\/11\/Egyptian-Guava-600x600.webp 600w, https:\/\/peitrade.com\/wp-content\/uploads\/2025\/11\/Egyptian-Guava-100x100.webp 100w, https:\/\/peitrade.com\/wp-content\/uploads\/2025\/11\/Egyptian-Guava.webp 1024w\" sizes=\"(max-width: 300px) 100vw, 300px\" title=\"\"><h2 class=\"woocommerce-loop-product__title\">Guayaba<\/h2>\n<\/a><a href=\"https:\/\/peitrade.com\/es\/product\/guayaba\/\" aria-describedby=\"woocommerce_loop_add_to_cart_link_describedby_7577\" data-quantity=\"1\" class=\"button product_type_simple\" data-product_id=\"7577\" data-product_sku=\"80451\" aria-label=\"Lee m\u00e1s sobre &ldquo;Guayaba&rdquo;\" rel=\"nofollow\" data-success_message=\"\">Leer m\u00e1s<\/a>\t<span id=\"woocommerce_loop_add_to_cart_link_describedby_7577\" class=\"screen-reader-text\">\n\t\t\t<\/span>\n<\/li>\n<li class=\"product type-product post-7644 status-publish instock product_cat-fruits has-post-thumbnail shipping-taxable product-type-simple\">\n\t<a href=\"https:\/\/peitrade.com\/es\/product\/mango\/\" class=\"woocommerce-LoopProduct-link woocommerce-loop-product__link\"><img decoding=\"async\" width=\"300\" height=\"300\" src=\"https:\/\/peitrade.com\/wp-content\/uploads\/2025\/11\/Egyption-Mango-300x300.webp\" class=\"attachment-woocommerce_thumbnail size-woocommerce_thumbnail\" alt=\"Mangoes: Egypt\u2019s Tropical Treasure\" srcset=\"https:\/\/peitrade.com\/wp-content\/uploads\/2025\/11\/Egyption-Mango-300x300.webp 300w, https:\/\/peitrade.com\/wp-content\/uploads\/2025\/11\/Egyption-Mango-150x150.webp 150w, https:\/\/peitrade.com\/wp-content\/uploads\/2025\/11\/Egyption-Mango-768x768.webp 768w, https:\/\/peitrade.com\/wp-content\/uploads\/2025\/11\/Egyption-Mango-600x600.webp 600w, https:\/\/peitrade.com\/wp-content\/uploads\/2025\/11\/Egyption-Mango-100x100.webp 100w, https:\/\/peitrade.com\/wp-content\/uploads\/2025\/11\/Egyption-Mango.webp 1024w\" sizes=\"(max-width: 300px) 100vw, 300px\" title=\"\"><h2 class=\"woocommerce-loop-product__title\">Mango<\/h2>\n<\/a><a href=\"https:\/\/peitrade.com\/es\/product\/mango\/\" aria-describedby=\"woocommerce_loop_add_to_cart_link_describedby_7644\" data-quantity=\"1\" class=\"button product_type_simple\" data-product_id=\"7644\" data-product_sku=\"80450\" aria-label=\"Lee m\u00e1s sobre &ldquo;Mango&rdquo;\" rel=\"nofollow\" data-success_message=\"\">Leer m\u00e1s<\/a>\t<span id=\"woocommerce_loop_add_to_cart_link_describedby_7644\" class=\"screen-reader-text\">\n\t\t\t<\/span>\n<\/li>\n<li class=\"product type-product post-7579 status-publish last instock product_cat-fruits has-post-thumbnail shipping-taxable product-type-simple\">\n\t<a href=\"https:\/\/peitrade.com\/es\/product\/uvas\/\" class=\"woocommerce-LoopProduct-link woocommerce-loop-product__link\"><img decoding=\"async\" width=\"300\" height=\"300\" src=\"https:\/\/peitrade.com\/wp-content\/uploads\/2025\/11\/Egyptian-Grapes-300x300.webp\" class=\"attachment-woocommerce_thumbnail size-woocommerce_thumbnail\" alt=\"Grapes: A Rising Star\" srcset=\"https:\/\/peitrade.com\/wp-content\/uploads\/2025\/11\/Egyptian-Grapes-300x300.webp 300w, https:\/\/peitrade.com\/wp-content\/uploads\/2025\/11\/Egyptian-Grapes-150x150.webp 150w, https:\/\/peitrade.com\/wp-content\/uploads\/2025\/11\/Egyptian-Grapes-768x768.webp 768w, https:\/\/peitrade.com\/wp-content\/uploads\/2025\/11\/Egyptian-Grapes-600x600.webp 600w, https:\/\/peitrade.com\/wp-content\/uploads\/2025\/11\/Egyptian-Grapes-100x100.webp 100w, https:\/\/peitrade.com\/wp-content\/uploads\/2025\/11\/Egyptian-Grapes.webp 1024w\" sizes=\"(max-width: 300px) 100vw, 300px\" title=\"\"><h2 class=\"woocommerce-loop-product__title\">Uvas<\/h2>\n<\/a><a href=\"https:\/\/peitrade.com\/es\/product\/uvas\/\" aria-describedby=\"woocommerce_loop_add_to_cart_link_describedby_7579\" data-quantity=\"1\" class=\"button product_type_simple\" data-product_id=\"7579\" data-product_sku=\"80610\" aria-label=\"Lee m\u00e1s sobre &ldquo;Uvas&rdquo;\" rel=\"nofollow\" data-success_message=\"\">Leer m\u00e1s<\/a>\t<span id=\"woocommerce_loop_add_to_cart_link_describedby_7579\" class=\"screen-reader-text\">\n\t\t\t<\/span>\n<\/li>\n<\/ul>\n<\/div><\/div>\n<\/div>\n<\/section>\n<p><!-- Section: Season & Export Info --><\/p>\n<section class=\"section\" style=\"padding: 50px 20px; background-color: #f0f0f0;\">\n<div class=\"container\">\n<h2>Temporada de Mango en Egipto y Disponibilidad Global<\/h2>\n<p>La temporada de mango en Egipto va de junio a septiembre, abarcando un amplio per\u00edodo de cosecha. Nuestro equipo de exportaci\u00f3n organiza los env\u00edos seg\u00fan el pico de frescura para garantizar la mejor llegada a tu mercado.<\/p>\n<h2>Empaque Listo para Exportaci\u00f3n y Alcance Global<\/h2>\n<p>Como exportador de mango egipcio, PEI Trade ofrece empaques listos para el retail, opciones al por mayor y documentaci\u00f3n completa de exportaci\u00f3n. Ya sea que est\u00e9s en Europa, el Golfo o el sudeste asi\u00e1tico, entregamos mangos frescos de Egipto directamente del campo al mercado.<\/p>\n<p style=\"text-align: center; margin-top: 40px;\"><a class=\"button primary large\" href=\"\/contact\">Haz Tu Pedido<\/a><\/p>\n<\/div>\n<\/section>\n<p><!-- FAQs Section --><\/p>\n<section class=\"section\" style=\"padding: 50px 20px; background-color: #f9f9f9;\">\n<div class=\"container\">\n<h2>Preguntas Frecuentes<\/h2>\n<div>\n<div>\n<h3>\u00bfCu\u00e1ndo es la temporada de mango en Egipto?<\/h3>\n<div>Generalmente de junio a septiembre, con algunas variedades tempranas o tard\u00edas. Coordinamos los env\u00edos con los momentos \u00f3ptimos de cosecha para asegurar m\u00e1xima frescura.<\/div>\n<\/div>\n<div>\n<h3>\u00bfQu\u00e9 variedades exporta PEI Trade?<\/h3>\n<div>Exportamos mango Keitt Egipto, mango Ewais Egipto, Zebda, Alphonso y otras variedades de mango egipcio de alta calidad, seleccionadas por su sabor, vida \u00fatil y demanda internacional.<\/div>\n<\/div>\n<div>\n<h3>\u00bfOfrecen empaques personalizados?<\/h3>\n<div>S\u00ed, ofrecemos empaques flexibles para pedidos minoristas o al por mayor, incluyendo cajas de marca, pesos netos y etiquetado conforme a las normativas del pa\u00eds destino.<\/div>\n<\/div>\n<div>\n<h3>\u00bfC\u00f3mo mantienen la frescura durante el env\u00edo?<\/h3>\n<div>Utilizamos log\u00edstica de cadena de fr\u00edo que incluye preenfriado, contenedores refrigerados y carga cuidadosa para preservar la calidad durante todo el trayecto.<\/div>\n<\/div>\n<div>\n<h3>\u00bfA qu\u00e9 pa\u00edses exportan mangos?<\/h3>\n<div>Exportamos a Europa, los pa\u00edses del CCG (como EAU y Arabia Saudita), el sudeste asi\u00e1tico y el norte de \u00c1frica. Como mayorista de mango egipcio confiable, estamos listos para expandirnos seg\u00fan la demanda de los compradores.<\/div>\n<\/div>\n<\/div>\n<\/div>\n<\/section>\n","protected":false},"excerpt":{"rendered":"<p>Mango Keitt Egipto Premium \u2013 Mejores Variedades Egipcias de Mango de PEI Trade Descubre la calidad excepcional del mango Keitt Egipto, una de las principales variedades de mango egipcio cultivadas en las f\u00e9rtiles zonas agr\u00edcolas del Delta del Nilo. PEI Trade ofrece una selecci\u00f3n premium de variedades de mango egipcio cultivadas en condiciones clim\u00e1ticas \u00f3ptimas [&hellip;]<\/p>\n","protected":false},"author":1,"featured_media":0,"parent":0,"menu_order":0,"comment_status":"closed","ping_status":"closed","template":"","meta":{"footnotes":""},"class_list":["post-5286","page","type-page","status-publish","hentry"],"blocksy_meta":[],"mb":[],"featured_image_urls_v2":{"full":"","thumbnail":"","medium":"","medium_large":"","large":"","1536x1536":"","2048x2048":"","woocommerce_archive_thumbnail":"","woocommerce_thumbnail":"","woocommerce_single":"","woocommerce_gallery_thumbnail":""},"post_excerpt_stackable_v2":"<p>Mango Keitt Egipto Premium \u2013 Mejores Variedades Egipcias de Mango de PEI Trade Descubre la calidad excepcional del mango Keitt Egipto, una de las principales variedades de mango egipcio cultivadas en las f\u00e9rtiles zonas agr\u00edcolas del Delta del Nilo. PEI Trade ofrece una selecci\u00f3n premium de variedades de mango egipcio cultivadas en condiciones clim\u00e1ticas \u00f3ptimas que realzan su sabor, textura y vida \u00fatil. Desde el popular mango Keitt Egipto hasta el arom\u00e1tico mango Ewais y el resistente Zebda, nuestro surtido representa las mejores variedades de mango en Egipto. Cada fruta es recolectada a mano en su punto \u00f3ptimo de maduraci\u00f3n,&hellip;<\/p>\n","category_list_v2":"","author_info_v2":{"name":"Mostafa Sabry","url":"https:\/\/peitrade.com\/es\/author\/emostafaadel_jn8gcqbo\/"},"comments_num_v2":"0 comentarios","mfb_rest_fields":["title","blocksy_meta","featured_image_urls_v2","post_excerpt_stackable_v2","category_list_v2","author_info_v2","comments_num_v2"],"_links":{"self":[{"href":"https:\/\/peitrade.com\/es\/wp-json\/wp\/v2\/pages\/5286","targetHints":{"allow":["GET"]}}],"collection":[{"href":"https:\/\/peitrade.com\/es\/wp-json\/wp\/v2\/pages"}],"about":[{"href":"https:\/\/peitrade.com\/es\/wp-json\/wp\/v2\/types\/page"}],"author":[{"embeddable":true,"href":"https:\/\/peitrade.com\/es\/wp-json\/wp\/v2\/users\/1"}],"replies":[{"embeddable":true,"href":"https:\/\/peitrade.com\/es\/wp-json\/wp\/v2\/comments?post=5286"}],"version-history":[{"count":1,"href":"https:\/\/peitrade.com\/es\/wp-json\/wp\/v2\/pages\/5286\/revisions"}],"predecessor-version":[{"id":5287,"href":"https:\/\/peitrade.com\/es\/wp-json\/wp\/v2\/pages\/5286\/revisions\/5287"}],"wp:attachment":[{"href":"https:\/\/peitrade.com\/es\/wp-json\/wp\/v2\/media?parent=5286"}],"curies":[{"name":"wp","href":"https:\/\/api.w.org\/{rel}","templated":true}]}}