{"id":5403,"date":"2025-05-16T06:29:46","date_gmt":"2025-05-16T06:29:46","guid":{"rendered":"http:\/\/46.224.74.15\/limones-egipcios-frescos-por-pei-trade\/"},"modified":"2025-11-19T16:44:09","modified_gmt":"2025-11-19T16:44:09","slug":"limones-egipcios-frescos-por-pei-trade","status":"publish","type":"page","link":"https:\/\/peitrade.com\/es\/limones-egipcios-frescos-por-pei-trade\/","title":{"rendered":"Limones Egipcios Frescos para Exportaci\u00f3n \u2013 Seguros y Certificados por PEI Trade"},"content":{"rendered":"<section style=\"padding: 60px 20px; background-color: #f9f9f9;\">\n<div class=\"container\">\n<h1>Limones Egipcios Frescos para Exportaci\u00f3n \u2013 Seguros y Certificados por PEI Trade<\/h1>\n<p>&nbsp;<\/p>\n<p>PEI Trade es un exportador confiable de limones en Egipto, que ofrece limones org\u00e1nicos egipcios certificados, cultivados en los suelos ricos en nutrientes del Delta del Nilo. Cultivados sin qu\u00edmicos sint\u00e9ticos y cosechados en su punto \u00f3ptimo de maduraci\u00f3n, nuestros limones se procesan bajo estrictos est\u00e1ndares de calidad para garantizar un sabor superior, seguridad alimentaria y total cumplimiento de las normativas internacionales.<\/p>\n<p>Para importadores, distribuidores y compradores mayoristas que buscan una empresa confiable de exportaci\u00f3n de limones en Egipto, PEI Trade ofrece una cadena de suministro constante respaldada por trazabilidad completa, log\u00edstica confiable e integridad del producto desde la cosecha hasta el env\u00edo.<\/p>\n<\/div>\n<\/section>\n<div class=\"wp-block-woocommerce-product-collection\"><div class=\"woocommerce columns-4 \"><ul class=\"products columns-4\" data-products=\"type-2\">\n<li class=\"product type-product post-7665 status-publish first instock product_cat-fruits has-post-thumbnail shipping-taxable product-type-simple\">\n\t<a href=\"https:\/\/peitrade.com\/es\/product\/fresas\/\" class=\"woocommerce-LoopProduct-link woocommerce-loop-product__link\"><img decoding=\"async\" width=\"300\" height=\"300\" src=\"https:\/\/peitrade.com\/wp-content\/uploads\/2025\/11\/Egyptian-Strawberries-300x300.webp\" class=\"attachment-woocommerce_thumbnail size-woocommerce_thumbnail\" alt=\"Fresas\" srcset=\"https:\/\/peitrade.com\/wp-content\/uploads\/2025\/11\/Egyptian-Strawberries-300x300.webp 300w, https:\/\/peitrade.com\/wp-content\/uploads\/2025\/11\/Egyptian-Strawberries-150x150.webp 150w, https:\/\/peitrade.com\/wp-content\/uploads\/2025\/11\/Egyptian-Strawberries-768x768.webp 768w, https:\/\/peitrade.com\/wp-content\/uploads\/2025\/11\/Egyptian-Strawberries-600x600.webp 600w, https:\/\/peitrade.com\/wp-content\/uploads\/2025\/11\/Egyptian-Strawberries-100x100.webp 100w, https:\/\/peitrade.com\/wp-content\/uploads\/2025\/11\/Egyptian-Strawberries.webp 1024w\" sizes=\"(max-width: 300px) 100vw, 300px\" title=\"\"><h2 class=\"woocommerce-loop-product__title\">Fresas<\/h2>\n<\/a><a href=\"https:\/\/peitrade.com\/es\/product\/fresas\/\" aria-describedby=\"woocommerce_loop_add_to_cart_link_describedby_7665\" data-quantity=\"1\" class=\"button product_type_simple\" data-product_id=\"7665\" data-product_sku=\"81010\" aria-label=\"Lee m\u00e1s sobre &ldquo;Fresas&rdquo;\" rel=\"nofollow\" data-success_message=\"\">Leer m\u00e1s<\/a>\t<span id=\"woocommerce_loop_add_to_cart_link_describedby_7665\" class=\"screen-reader-text\">\n\t\t\t<\/span>\n<\/li>\n<li class=\"product type-product post-7537 status-publish instock product_cat-in-season product_cat-fruits has-post-thumbnail shipping-taxable product-type-simple\">\n\t<a href=\"https:\/\/peitrade.com\/es\/product\/limones\/\" class=\"woocommerce-LoopProduct-link woocommerce-loop-product__link\"><img decoding=\"async\" width=\"300\" height=\"300\" src=\"https:\/\/peitrade.com\/wp-content\/uploads\/2025\/11\/Egyptian-Lemons-300x300.webp\" class=\"attachment-woocommerce_thumbnail size-woocommerce_thumbnail\" alt=\"Limones\" srcset=\"https:\/\/peitrade.com\/wp-content\/uploads\/2025\/11\/Egyptian-Lemons-300x300.webp 300w, https:\/\/peitrade.com\/wp-content\/uploads\/2025\/11\/Egyptian-Lemons-150x150.webp 150w, https:\/\/peitrade.com\/wp-content\/uploads\/2025\/11\/Egyptian-Lemons-768x768.webp 768w, https:\/\/peitrade.com\/wp-content\/uploads\/2025\/11\/Egyptian-Lemons-600x600.webp 600w, https:\/\/peitrade.com\/wp-content\/uploads\/2025\/11\/Egyptian-Lemons-100x100.webp 100w, https:\/\/peitrade.com\/wp-content\/uploads\/2025\/11\/Egyptian-Lemons.webp 1024w\" sizes=\"(max-width: 300px) 100vw, 300px\" title=\"\"><h2 class=\"woocommerce-loop-product__title\">Limones<\/h2>\n<\/a><a href=\"https:\/\/peitrade.com\/es\/product\/limones\/\" aria-describedby=\"woocommerce_loop_add_to_cart_link_describedby_7537\" data-quantity=\"1\" class=\"button product_type_simple\" data-product_id=\"7537\" data-product_sku=\"80550\" aria-label=\"Lee m\u00e1s sobre &ldquo;Limones&rdquo;\" rel=\"nofollow\" data-success_message=\"\">Leer m\u00e1s<\/a>\t<span id=\"woocommerce_loop_add_to_cart_link_describedby_7537\" class=\"screen-reader-text\">\n\t\t\t<\/span>\n<\/li>\n<li class=\"product type-product post-7644 status-publish instock product_cat-fruits has-post-thumbnail shipping-taxable product-type-simple\">\n\t<a href=\"https:\/\/peitrade.com\/es\/product\/mango\/\" class=\"woocommerce-LoopProduct-link woocommerce-loop-product__link\"><img decoding=\"async\" width=\"300\" height=\"300\" src=\"https:\/\/peitrade.com\/wp-content\/uploads\/2025\/11\/Egyption-Mango-300x300.webp\" class=\"attachment-woocommerce_thumbnail size-woocommerce_thumbnail\" alt=\"Mangoes: Egypt\u2019s Tropical Treasure\" srcset=\"https:\/\/peitrade.com\/wp-content\/uploads\/2025\/11\/Egyption-Mango-300x300.webp 300w, https:\/\/peitrade.com\/wp-content\/uploads\/2025\/11\/Egyption-Mango-150x150.webp 150w, https:\/\/peitrade.com\/wp-content\/uploads\/2025\/11\/Egyption-Mango-768x768.webp 768w, https:\/\/peitrade.com\/wp-content\/uploads\/2025\/11\/Egyption-Mango-600x600.webp 600w, https:\/\/peitrade.com\/wp-content\/uploads\/2025\/11\/Egyption-Mango-100x100.webp 100w, https:\/\/peitrade.com\/wp-content\/uploads\/2025\/11\/Egyption-Mango.webp 1024w\" sizes=\"(max-width: 300px) 100vw, 300px\" title=\"\"><h2 class=\"woocommerce-loop-product__title\">Mango<\/h2>\n<\/a><a href=\"https:\/\/peitrade.com\/es\/product\/mango\/\" aria-describedby=\"woocommerce_loop_add_to_cart_link_describedby_7644\" data-quantity=\"1\" class=\"button product_type_simple\" data-product_id=\"7644\" data-product_sku=\"80450\" aria-label=\"Lee m\u00e1s sobre &ldquo;Mango&rdquo;\" rel=\"nofollow\" data-success_message=\"\">Leer m\u00e1s<\/a>\t<span id=\"woocommerce_loop_add_to_cart_link_describedby_7644\" class=\"screen-reader-text\">\n\t\t\t<\/span>\n<\/li>\n<li class=\"product type-product post-7443 status-publish last instock product_cat-in-season product_cat-fruits has-post-thumbnail shipping-taxable product-type-simple\">\n\t<a href=\"https:\/\/peitrade.com\/es\/product\/naranjas\/\" class=\"woocommerce-LoopProduct-link woocommerce-loop-product__link\"><img decoding=\"async\" width=\"300\" height=\"300\" src=\"https:\/\/peitrade.com\/wp-content\/uploads\/2025\/11\/Egyptian-Oranges-300x300.webp\" class=\"attachment-woocommerce_thumbnail size-woocommerce_thumbnail\" alt=\"Las exportaciones de naranjas egipcias a Canad\u00e1 alcanzan un r\u00e9cord en 2025\" srcset=\"https:\/\/peitrade.com\/wp-content\/uploads\/2025\/11\/Egyptian-Oranges-300x300.webp 300w, https:\/\/peitrade.com\/wp-content\/uploads\/2025\/11\/Egyptian-Oranges-150x150.webp 150w, https:\/\/peitrade.com\/wp-content\/uploads\/2025\/11\/Egyptian-Oranges-768x768.webp 768w, https:\/\/peitrade.com\/wp-content\/uploads\/2025\/11\/Egyptian-Oranges-600x600.webp 600w, https:\/\/peitrade.com\/wp-content\/uploads\/2025\/11\/Egyptian-Oranges-100x100.webp 100w, https:\/\/peitrade.com\/wp-content\/uploads\/2025\/11\/Egyptian-Oranges.webp 1024w\" sizes=\"(max-width: 300px) 100vw, 300px\" title=\"\"><h2 class=\"woocommerce-loop-product__title\">Naranjas<\/h2>\n<\/a><a href=\"https:\/\/peitrade.com\/es\/product\/naranjas\/\" aria-describedby=\"woocommerce_loop_add_to_cart_link_describedby_7443\" data-quantity=\"1\" class=\"button product_type_simple\" data-product_id=\"7443\" data-product_sku=\"80510\" aria-label=\"Lee m\u00e1s sobre &ldquo;Naranjas&rdquo;\" rel=\"nofollow\" data-success_message=\"\">Leer m\u00e1s<\/a>\t<span id=\"woocommerce_loop_add_to_cart_link_describedby_7443\" class=\"screen-reader-text\">\n\t\t\t<\/span>\n<\/li>\n<\/ul>\n<\/div><\/div>\n<div><\/div>\n<h2 class=\"wp-block-woocommerce-product-collection\">Limones Org\u00e1nicos Premium de Egipto \u2013 Cultivados de Forma Natural, Confiables a Nivel Internacional<\/h2>\n<p class=\"wp-block-woocommerce-product-collection\"><span style=\"font-size: 16px;\">El clima ideal de Egipto para el cultivo de c\u00edtricos, combinado con pr\u00e1cticas agr\u00edcolas org\u00e1nicas, da como resultado limones con un color vibrante, acidez equilibrada y un contenido de jugo excepcional. Nuestras fincas de limones org\u00e1nicos est\u00e1n certificadas bajo est\u00e1ndares reconocidos globalmente, incluidos EU Organic y USDA Organic.<\/span><\/p>\n<p class=\"wp-block-woocommerce-product-collection\">Cada lim\u00f3n se cultiva sin pesticidas ni fertilizantes sint\u00e9ticos, lo que garantiza un producto limpio, apto para el mercado minorista, el procesamiento y los consumidores enfocados en la salud.<\/p>\n<h2 data-start=\"1432\" data-end=\"1493\"><strong data-start=\"1436\" data-end=\"1493\">\u00bfPor Qu\u00e9 Elegir a PEI Trade como su Exportador de Limones en Egipto?<\/strong><\/h2>\n<h3 data-start=\"1495\" data-end=\"1532\"><strong data-start=\"1500\" data-end=\"1532\">1. Calidad Org\u00e1nica Certificada<\/strong><\/h3>\n<p class=\"\" data-start=\"1533\" data-end=\"1779\">PEI Trade colabora con fincas org\u00e1nicas certificadas en todo Egipto. Cada cosecha es monitoreada para asegurar el cumplimiento de los est\u00e1ndares internacionales org\u00e1nicos. Mantenemos documentaci\u00f3n completa y certificaciones de terceros para garantizar transparencia y responsabilidad.<\/p>\n<h3 data-start=\"1781\" data-end=\"1820\"><strong data-start=\"1786\" data-end=\"1820\">2. Sabor y Apariencia Superiores<\/strong><\/h3>\n<p class=\"\" data-start=\"1821\" data-end=\"1852\">Nuestros limones se caracterizan por:<\/p>\n<ul>\n<li data-start=\"1855\" data-end=\"1873\">Alto rendimiento de jugo<\/li>\n<li data-start=\"1876\" data-end=\"1905\">Aroma limpio y c\u00edtrico<\/li>\n<li data-start=\"1908\" data-end=\"1929\">C\u00e1scara amarilla vibrante<\/li>\n<li data-start=\"1932\" data-end=\"1966\">Textura firme y mayor vida \u00fatil<\/li>\n<\/ul>\n<p class=\"\" data-start=\"1968\" data-end=\"1987\">Son ideales para:<\/p>\n<ul>\n<li data-start=\"1990\" data-end=\"2009\">Consumo fresco<\/li>\n<li data-start=\"2012\" data-end=\"2043\">Producci\u00f3n de bebidas y jugos<\/li>\n<li data-start=\"2046\" data-end=\"2082\">Aplicaciones culinarias e industriales<\/li>\n<\/ul>\n<h3 data-start=\"2084\" data-end=\"2116\"><strong data-start=\"2089\" data-end=\"2116\">3. Seguridad Libre de Qu\u00edmicos<\/strong><\/h3>\n<p class=\"\" data-start=\"2117\" data-end=\"2254\">Los limones org\u00e1nicos de PEI est\u00e1n libres de residuos da\u00f1inos, lo que los convierte en una opci\u00f3n confiable para compradores que priorizan la seguridad alimentaria y el etiquetado limpio.<\/p>\n<h3 class=\"\" data-start=\"2261\" data-end=\"2322\"><strong data-start=\"2265\" data-end=\"2322\">Pr\u00e1cticas de Exportaci\u00f3n Fiables que Cumplen con Normas Internacionales<\/strong><\/h3>\n<p class=\"\" data-start=\"2324\" data-end=\"2419\">Como una <strong data-start=\"2337\" data-end=\"2370\">empresa exportadora de limones en Egipto<\/strong>, PEI Trade maneja toda la log\u00edstica con precisi\u00f3n:<\/p>\n<ul>\n<li data-start=\"2422\" data-end=\"2450\">Pre-enfriamiento y almacenamiento en fr\u00edo<\/li>\n<li data-start=\"2453\" data-end=\"2500\">Empaque de calidad para exportaci\u00f3n en formatos minoristas y a granel<\/li>\n<li data-start=\"2503\" data-end=\"2556\">Transporte con temperatura controlada para mantener la frescura<\/li>\n<li data-start=\"2559\" data-end=\"2611\">Cumplimiento total con las normativas del pa\u00eds de destino<\/li>\n<\/ul>\n<p class=\"\" data-start=\"2613\" data-end=\"2763\">Exportamos a Europa, el Golfo (EAU, Arabia Saudita), el Sudeste Asi\u00e1tico y el Norte de \u00c1frica. PEI tambi\u00e9n est\u00e1 abierta a establecer nuevas alianzas de mercado a nivel global.<\/p>\n<p>Nuestra experiencia en el suministro de limones est\u00e1 respaldada por d\u00e9cadas en el comercio exterior. Como uno de los exportadores de limones m\u00e1s consolidados de Egipto, PEI Trade trabaja de cerca con agricultores, agr\u00f3nomos y equipos log\u00edsticos para asegurar que cada env\u00edo cumpla con las expectativas de los compradores globales \u2014 tanto en calidad del producto como en la confiabilidad de entrega.<\/p>\n<section style=\"padding: 50px 20px; background-color: #f0f0f0;\">\n<div class=\"container\">\n<h2>Trazabilidad del Campo al Puerto<\/h2>\n<p>Desde la cosecha hasta el env\u00edo, cada lim\u00f3n puede rastrearse hasta su origen. PEI Trade implementa sistemas digitales de trazabilidad para garantizar el cumplimiento y generar confianza en el comprador. Nuestros equipos de control de calidad supervisan la clasificaci\u00f3n, empaque y documentaci\u00f3n de cada lote.<\/p>\n<h3 class=\"\" data-start=\"3069\" data-end=\"3115\"><strong data-start=\"3073\" data-end=\"3115\">Temporada de Exportaci\u00f3n de Limones Org\u00e1nicos desde Egipto<\/strong><\/h3>\n<p class=\"\" data-start=\"3117\" data-end=\"3339\">La temporada egipcia de limones generalmente va de <strong data-start=\"3163\" data-end=\"3187\">diciembre a mayo<\/strong>, con variaciones seg\u00fan las variedades y las zonas de cultivo. Para vol\u00famenes org\u00e1nicos, se recomienda una coordinaci\u00f3n temprana debido a la oferta limitada certificada.<\/p>\n<p style=\"text-align: center; margin-top: 40px;\"><a class=\"button primary large\" href=\"\/contact\">Realizar Pedido<\/a><\/p>\n<\/div>\n<\/section>\n<section style=\"padding: 50px 20px;\">\n<div class=\"container\">\n<h2>Otros Productos Frescos de Egipto<\/h2>\n<p>&nbsp;<\/p>\n<p>Adem\u00e1s de limones, PEI Trade suministra uvas, mangos y granadas egipcias. Apoyamos programas estacionales y contratos de importaci\u00f3n a largo plazo. <a href=\"\/about\">Conozca m\u00e1s sobre nuestros servicios de exportaci\u00f3n<\/a>.<\/p>\n<div class=\"wp-block-woocommerce-product-collection\"><div class=\"woocommerce columns-4 \"><ul class=\"products columns-4\" data-products=\"type-2\">\n<li class=\"product type-product post-7742 status-publish first instock product_cat-fruits has-post-thumbnail shipping-taxable product-type-simple\">\n\t<a href=\"https:\/\/peitrade.com\/es\/product\/granada\/\" class=\"woocommerce-LoopProduct-link woocommerce-loop-product__link\"><img decoding=\"async\" width=\"300\" height=\"300\" src=\"https:\/\/peitrade.com\/wp-content\/uploads\/2025\/11\/Egyptian-Pomegranate-300x300.webp\" class=\"attachment-woocommerce_thumbnail size-woocommerce_thumbnail\" alt=\"Pomegranates: The Superfruit Appeal\" srcset=\"https:\/\/peitrade.com\/wp-content\/uploads\/2025\/11\/Egyptian-Pomegranate-300x300.webp 300w, https:\/\/peitrade.com\/wp-content\/uploads\/2025\/11\/Egyptian-Pomegranate-150x150.webp 150w, https:\/\/peitrade.com\/wp-content\/uploads\/2025\/11\/Egyptian-Pomegranate-768x768.webp 768w, https:\/\/peitrade.com\/wp-content\/uploads\/2025\/11\/Egyptian-Pomegranate-600x600.webp 600w, https:\/\/peitrade.com\/wp-content\/uploads\/2025\/11\/Egyptian-Pomegranate-100x100.webp 100w, https:\/\/peitrade.com\/wp-content\/uploads\/2025\/11\/Egyptian-Pomegranate.webp 1024w\" sizes=\"(max-width: 300px) 100vw, 300px\" title=\"\"><h2 class=\"woocommerce-loop-product__title\">Granada<\/h2>\n<\/a><a href=\"https:\/\/peitrade.com\/es\/product\/granada\/\" aria-describedby=\"woocommerce_loop_add_to_cart_link_describedby_7742\" data-quantity=\"1\" class=\"button product_type_simple\" data-product_id=\"7742\" data-product_sku=\"81090\" aria-label=\"Lee m\u00e1s sobre &ldquo;Granada&rdquo;\" rel=\"nofollow\" data-success_message=\"\">Leer m\u00e1s<\/a>\t<span id=\"woocommerce_loop_add_to_cart_link_describedby_7742\" class=\"screen-reader-text\">\n\t\t\t<\/span>\n<\/li>\n<li class=\"product type-product post-7577 status-publish instock product_cat-in-season product_cat-fruits has-post-thumbnail shipping-taxable product-type-simple\">\n\t<a href=\"https:\/\/peitrade.com\/es\/product\/guayaba\/\" class=\"woocommerce-LoopProduct-link woocommerce-loop-product__link\"><img decoding=\"async\" width=\"300\" height=\"300\" src=\"https:\/\/peitrade.com\/wp-content\/uploads\/2025\/11\/Egyptian-Guava-300x300.webp\" class=\"attachment-woocommerce_thumbnail size-woocommerce_thumbnail\" alt=\"Egyptian Guava\" srcset=\"https:\/\/peitrade.com\/wp-content\/uploads\/2025\/11\/Egyptian-Guava-300x300.webp 300w, https:\/\/peitrade.com\/wp-content\/uploads\/2025\/11\/Egyptian-Guava-150x150.webp 150w, https:\/\/peitrade.com\/wp-content\/uploads\/2025\/11\/Egyptian-Guava-768x768.webp 768w, https:\/\/peitrade.com\/wp-content\/uploads\/2025\/11\/Egyptian-Guava-600x600.webp 600w, https:\/\/peitrade.com\/wp-content\/uploads\/2025\/11\/Egyptian-Guava-100x100.webp 100w, https:\/\/peitrade.com\/wp-content\/uploads\/2025\/11\/Egyptian-Guava.webp 1024w\" sizes=\"(max-width: 300px) 100vw, 300px\" title=\"\"><h2 class=\"woocommerce-loop-product__title\">Guayaba<\/h2>\n<\/a><a href=\"https:\/\/peitrade.com\/es\/product\/guayaba\/\" aria-describedby=\"woocommerce_loop_add_to_cart_link_describedby_7577\" data-quantity=\"1\" class=\"button product_type_simple\" data-product_id=\"7577\" data-product_sku=\"80451\" aria-label=\"Lee m\u00e1s sobre &ldquo;Guayaba&rdquo;\" rel=\"nofollow\" data-success_message=\"\">Leer m\u00e1s<\/a>\t<span id=\"woocommerce_loop_add_to_cart_link_describedby_7577\" class=\"screen-reader-text\">\n\t\t\t<\/span>\n<\/li>\n<li class=\"product type-product post-7644 status-publish instock product_cat-fruits has-post-thumbnail shipping-taxable product-type-simple\">\n\t<a href=\"https:\/\/peitrade.com\/es\/product\/mango\/\" class=\"woocommerce-LoopProduct-link woocommerce-loop-product__link\"><img decoding=\"async\" width=\"300\" height=\"300\" src=\"https:\/\/peitrade.com\/wp-content\/uploads\/2025\/11\/Egyption-Mango-300x300.webp\" class=\"attachment-woocommerce_thumbnail size-woocommerce_thumbnail\" alt=\"Mangoes: Egypt\u2019s Tropical Treasure\" srcset=\"https:\/\/peitrade.com\/wp-content\/uploads\/2025\/11\/Egyption-Mango-300x300.webp 300w, https:\/\/peitrade.com\/wp-content\/uploads\/2025\/11\/Egyption-Mango-150x150.webp 150w, https:\/\/peitrade.com\/wp-content\/uploads\/2025\/11\/Egyption-Mango-768x768.webp 768w, https:\/\/peitrade.com\/wp-content\/uploads\/2025\/11\/Egyption-Mango-600x600.webp 600w, https:\/\/peitrade.com\/wp-content\/uploads\/2025\/11\/Egyption-Mango-100x100.webp 100w, https:\/\/peitrade.com\/wp-content\/uploads\/2025\/11\/Egyption-Mango.webp 1024w\" sizes=\"(max-width: 300px) 100vw, 300px\" title=\"\"><h2 class=\"woocommerce-loop-product__title\">Mango<\/h2>\n<\/a><a href=\"https:\/\/peitrade.com\/es\/product\/mango\/\" aria-describedby=\"woocommerce_loop_add_to_cart_link_describedby_7644\" data-quantity=\"1\" class=\"button product_type_simple\" data-product_id=\"7644\" data-product_sku=\"80450\" aria-label=\"Lee m\u00e1s sobre &ldquo;Mango&rdquo;\" rel=\"nofollow\" data-success_message=\"\">Leer m\u00e1s<\/a>\t<span id=\"woocommerce_loop_add_to_cart_link_describedby_7644\" class=\"screen-reader-text\">\n\t\t\t<\/span>\n<\/li>\n<li class=\"product type-product post-7579 status-publish last instock product_cat-fruits has-post-thumbnail shipping-taxable product-type-simple\">\n\t<a href=\"https:\/\/peitrade.com\/es\/product\/uvas\/\" class=\"woocommerce-LoopProduct-link woocommerce-loop-product__link\"><img decoding=\"async\" width=\"300\" height=\"300\" src=\"https:\/\/peitrade.com\/wp-content\/uploads\/2025\/11\/Egyptian-Grapes-300x300.webp\" class=\"attachment-woocommerce_thumbnail size-woocommerce_thumbnail\" alt=\"Grapes: A Rising Star\" srcset=\"https:\/\/peitrade.com\/wp-content\/uploads\/2025\/11\/Egyptian-Grapes-300x300.webp 300w, https:\/\/peitrade.com\/wp-content\/uploads\/2025\/11\/Egyptian-Grapes-150x150.webp 150w, https:\/\/peitrade.com\/wp-content\/uploads\/2025\/11\/Egyptian-Grapes-768x768.webp 768w, https:\/\/peitrade.com\/wp-content\/uploads\/2025\/11\/Egyptian-Grapes-600x600.webp 600w, https:\/\/peitrade.com\/wp-content\/uploads\/2025\/11\/Egyptian-Grapes-100x100.webp 100w, https:\/\/peitrade.com\/wp-content\/uploads\/2025\/11\/Egyptian-Grapes.webp 1024w\" sizes=\"(max-width: 300px) 100vw, 300px\" title=\"\"><h2 class=\"woocommerce-loop-product__title\">Uvas<\/h2>\n<\/a><a href=\"https:\/\/peitrade.com\/es\/product\/uvas\/\" aria-describedby=\"woocommerce_loop_add_to_cart_link_describedby_7579\" data-quantity=\"1\" class=\"button product_type_simple\" data-product_id=\"7579\" data-product_sku=\"80610\" aria-label=\"Lee m\u00e1s sobre &ldquo;Uvas&rdquo;\" rel=\"nofollow\" data-success_message=\"\">Leer m\u00e1s<\/a>\t<span id=\"woocommerce_loop_add_to_cart_link_describedby_7579\" class=\"screen-reader-text\">\n\t\t\t<\/span>\n<\/li>\n<\/ul>\n<\/div><\/div>\n<\/div>\n<\/section>\n<section style=\"padding: 50px 20px; background-color: #f9f9f9;\">\n<div class=\"container\">\n<h2>Preguntas Frecuentes<\/h2>\n<div>\n<h3>\u00bfCu\u00e1ndo es la temporada de exportaci\u00f3n de limones org\u00e1nicos en Egipto?<\/h3>\n<p>La temporada principal va de diciembre a mayo, dependiendo de la regi\u00f3n y la variedad de lim\u00f3n. Recomendamos coordinaci\u00f3n temprana para vol\u00famenes org\u00e1nicos debido a la oferta certificada limitada.<\/p>\n<h3>\u00bfQu\u00e9 formatos de empaque ofrecen?<\/h3>\n<p>Ofrecemos formatos tanto a granel como listos para minoristas, incluyendo cajas de exportaci\u00f3n, bolsas de red y etiquetado personalizado seg\u00fan los requisitos del pa\u00eds de destino.<\/p>\n<h3>\u00bfA qu\u00e9 mercados exportan actualmente?<\/h3>\n<p>Actualmente exportamos a Europa, el Golfo (EAU, Arabia Saudita), el Sudeste Asi\u00e1tico y el Norte de \u00c1frica, con capacidad para expandirnos a nuevas regiones seg\u00fan demanda.<\/p>\n<h3>\u00bfC\u00f3mo garantizan la frescura de los limones durante el transporte?<\/h3>\n<p>Utilizamos log\u00edstica de cadena de fr\u00edo, incluyendo pre-enfriamiento, almacenamiento refrigerado y contenedores con temperatura controlada para preservar la calidad de los limones durante el transporte internacional.<\/p>\n<h3>\u00bfPuedo rastrear el origen de los limones que compro?<\/h3>\n<p>S\u00ed. Cada env\u00edo cuenta con sistemas digitales de trazabilidad que permiten visibilidad total desde la finca hasta el puerto.<\/p>\n<h3>\u00bfC\u00f3mo solicito precios o disponibilidad?<\/h3>\n<p>P\u00f3ngase en contacto con nuestro equipo de exportaci\u00f3n para recibir una cotizaci\u00f3n personalizada seg\u00fan el destino, tipo de empaque y volumen del pedido. Se recomienda hacer reservas anticipadas para mejor disponibilidad.<\/p>\n<\/div>\n<\/div>\n<\/section>\n","protected":false},"excerpt":{"rendered":"<p>Limones Egipcios Frescos para Exportaci\u00f3n \u2013 Seguros y Certificados por PEI Trade &nbsp; PEI Trade es un exportador confiable de limones en Egipto, que ofrece limones org\u00e1nicos egipcios certificados, cultivados en los suelos ricos en nutrientes del Delta del Nilo. Cultivados sin qu\u00edmicos sint\u00e9ticos y cosechados en su punto \u00f3ptimo de maduraci\u00f3n, nuestros limones se [&hellip;]<\/p>\n","protected":false},"author":1,"featured_media":0,"parent":0,"menu_order":0,"comment_status":"closed","ping_status":"closed","template":"","meta":{"footnotes":""},"class_list":["post-5403","page","type-page","status-publish","hentry"],"blocksy_meta":[],"mb":[],"featured_image_urls_v2":{"full":"","thumbnail":"","medium":"","medium_large":"","large":"","1536x1536":"","2048x2048":"","woocommerce_archive_thumbnail":"","woocommerce_thumbnail":"","woocommerce_single":"","woocommerce_gallery_thumbnail":""},"post_excerpt_stackable_v2":"<p>Limones Egipcios Frescos para Exportaci\u00f3n \u2013 Seguros y Certificados por PEI Trade &nbsp; PEI Trade es un exportador confiable de limones en Egipto, que ofrece limones org\u00e1nicos egipcios certificados, cultivados en los suelos ricos en nutrientes del Delta del Nilo. Cultivados sin qu\u00edmicos sint\u00e9ticos y cosechados en su punto \u00f3ptimo de maduraci\u00f3n, nuestros limones se procesan bajo estrictos est\u00e1ndares de calidad para garantizar un sabor superior, seguridad alimentaria y total cumplimiento de las normativas internacionales. Para importadores, distribuidores y compradores mayoristas que buscan una empresa confiable de exportaci\u00f3n de limones en Egipto, PEI Trade ofrece una cadena de suministro constante&hellip;<\/p>\n","category_list_v2":"","author_info_v2":{"name":"Mostafa Sabry","url":"https:\/\/peitrade.com\/es\/author\/emostafaadel_jn8gcqbo\/"},"comments_num_v2":"0 comentarios","mfb_rest_fields":["title","blocksy_meta","featured_image_urls_v2","post_excerpt_stackable_v2","category_list_v2","author_info_v2","comments_num_v2"],"_links":{"self":[{"href":"https:\/\/peitrade.com\/es\/wp-json\/wp\/v2\/pages\/5403","targetHints":{"allow":["GET"]}}],"collection":[{"href":"https:\/\/peitrade.com\/es\/wp-json\/wp\/v2\/pages"}],"about":[{"href":"https:\/\/peitrade.com\/es\/wp-json\/wp\/v2\/types\/page"}],"author":[{"embeddable":true,"href":"https:\/\/peitrade.com\/es\/wp-json\/wp\/v2\/users\/1"}],"replies":[{"embeddable":true,"href":"https:\/\/peitrade.com\/es\/wp-json\/wp\/v2\/comments?post=5403"}],"version-history":[{"count":1,"href":"https:\/\/peitrade.com\/es\/wp-json\/wp\/v2\/pages\/5403\/revisions"}],"predecessor-version":[{"id":5404,"href":"https:\/\/peitrade.com\/es\/wp-json\/wp\/v2\/pages\/5403\/revisions\/5404"}],"wp:attachment":[{"href":"https:\/\/peitrade.com\/es\/wp-json\/wp\/v2\/media?parent=5403"}],"curies":[{"name":"wp","href":"https:\/\/api.w.org\/{rel}","templated":true}]}}