{"id":5415,"date":"2025-05-15T06:33:05","date_gmt":"2025-05-15T06:33:05","guid":{"rendered":"http:\/\/46.224.74.15\/uvas-negras-sin-semillas\/"},"modified":"2025-11-19T16:44:12","modified_gmt":"2025-11-19T16:44:12","slug":"uvas-negras-sin-semillas","status":"publish","type":"page","link":"https:\/\/peitrade.com\/es\/uvas-negras-sin-semillas\/","title":{"rendered":"PEI Trade: Su Socio Principal para la Exportaci\u00f3n de Uvas Negras Sin Semillas de Egipto"},"content":{"rendered":"<section style=\"padding: 60px 20px; background-color: #f9f9f9;\">\n<div class=\"container\">\n<h1>PEI Trade: Su Socio Principal para la Exportaci\u00f3n de Uvas Negras Sin Semillas de Egipto<\/h1>\n<p>&nbsp;<\/p>\n<p>PEI Trade es una empresa confiable de <strong>exportaci\u00f3n de uvas en Egipto<\/strong>, especializada en <strong>uvas negras sin semillas de Egipto<\/strong> de alta calidad para los mercados internacionales. Nuestro compromiso con la excelencia garantiza que los importadores reciban solo las <strong>uvas egipcias<\/strong> m\u00e1s frescas, jugosas y sabrosas, cosechadas bajo estrictos controles de calidad.<\/p>\n<p>Ofrecemos con orgullo una amplia gama de variedades de uvas, incluyendo <strong>uvas sin semillas de Egipto<\/strong> y <strong>uvas verdes de Egipto<\/strong>, cuidadosamente seleccionadas de fincas premium conocidas por sus pr\u00e1cticas org\u00e1nicas y sostenibles. Como l\u00edderes en la <strong>exportaci\u00f3n de uvas egipcias<\/strong>, PEI Trade garantiza un abastecimiento confiable, embalaje seguro y entrega oportuna.<\/p>\n<\/div>\n<\/section>\n<div class=\"wp-block-woocommerce-product-collection\"><div class=\"woocommerce columns-4 \"><ul class=\"products columns-4\" data-products=\"type-2\">\n<li class=\"product type-product post-7665 status-publish first instock product_cat-fruits has-post-thumbnail shipping-taxable product-type-simple\">\n\t<a href=\"https:\/\/peitrade.com\/es\/product\/fresas\/\" class=\"woocommerce-LoopProduct-link woocommerce-loop-product__link\"><img decoding=\"async\" width=\"300\" height=\"300\" src=\"https:\/\/peitrade.com\/wp-content\/uploads\/2025\/11\/Egyptian-Strawberries-300x300.webp\" class=\"attachment-woocommerce_thumbnail size-woocommerce_thumbnail\" alt=\"Fresas\" srcset=\"https:\/\/peitrade.com\/wp-content\/uploads\/2025\/11\/Egyptian-Strawberries-300x300.webp 300w, https:\/\/peitrade.com\/wp-content\/uploads\/2025\/11\/Egyptian-Strawberries-150x150.webp 150w, https:\/\/peitrade.com\/wp-content\/uploads\/2025\/11\/Egyptian-Strawberries-768x768.webp 768w, https:\/\/peitrade.com\/wp-content\/uploads\/2025\/11\/Egyptian-Strawberries-600x600.webp 600w, https:\/\/peitrade.com\/wp-content\/uploads\/2025\/11\/Egyptian-Strawberries-100x100.webp 100w, https:\/\/peitrade.com\/wp-content\/uploads\/2025\/11\/Egyptian-Strawberries.webp 1024w\" sizes=\"(max-width: 300px) 100vw, 300px\" title=\"\"><h2 class=\"woocommerce-loop-product__title\">Fresas<\/h2>\n<\/a><a href=\"https:\/\/peitrade.com\/es\/product\/fresas\/\" aria-describedby=\"woocommerce_loop_add_to_cart_link_describedby_7665\" data-quantity=\"1\" class=\"button product_type_simple\" data-product_id=\"7665\" data-product_sku=\"81010\" aria-label=\"Lee m\u00e1s sobre &ldquo;Fresas&rdquo;\" rel=\"nofollow\" data-success_message=\"\">Leer m\u00e1s<\/a>\t<span id=\"woocommerce_loop_add_to_cart_link_describedby_7665\" class=\"screen-reader-text\">\n\t\t\t<\/span>\n<\/li>\n<li class=\"product type-product post-7537 status-publish instock product_cat-in-season product_cat-fruits has-post-thumbnail shipping-taxable product-type-simple\">\n\t<a href=\"https:\/\/peitrade.com\/es\/product\/limones\/\" class=\"woocommerce-LoopProduct-link woocommerce-loop-product__link\"><img decoding=\"async\" width=\"300\" height=\"300\" src=\"https:\/\/peitrade.com\/wp-content\/uploads\/2025\/11\/Egyptian-Lemons-300x300.webp\" class=\"attachment-woocommerce_thumbnail size-woocommerce_thumbnail\" alt=\"Limones\" srcset=\"https:\/\/peitrade.com\/wp-content\/uploads\/2025\/11\/Egyptian-Lemons-300x300.webp 300w, https:\/\/peitrade.com\/wp-content\/uploads\/2025\/11\/Egyptian-Lemons-150x150.webp 150w, https:\/\/peitrade.com\/wp-content\/uploads\/2025\/11\/Egyptian-Lemons-768x768.webp 768w, https:\/\/peitrade.com\/wp-content\/uploads\/2025\/11\/Egyptian-Lemons-600x600.webp 600w, https:\/\/peitrade.com\/wp-content\/uploads\/2025\/11\/Egyptian-Lemons-100x100.webp 100w, https:\/\/peitrade.com\/wp-content\/uploads\/2025\/11\/Egyptian-Lemons.webp 1024w\" sizes=\"(max-width: 300px) 100vw, 300px\" title=\"\"><h2 class=\"woocommerce-loop-product__title\">Limones<\/h2>\n<\/a><a href=\"https:\/\/peitrade.com\/es\/product\/limones\/\" aria-describedby=\"woocommerce_loop_add_to_cart_link_describedby_7537\" data-quantity=\"1\" class=\"button product_type_simple\" data-product_id=\"7537\" data-product_sku=\"80550\" aria-label=\"Lee m\u00e1s sobre &ldquo;Limones&rdquo;\" rel=\"nofollow\" data-success_message=\"\">Leer m\u00e1s<\/a>\t<span id=\"woocommerce_loop_add_to_cart_link_describedby_7537\" class=\"screen-reader-text\">\n\t\t\t<\/span>\n<\/li>\n<li class=\"product type-product post-7644 status-publish instock product_cat-fruits has-post-thumbnail shipping-taxable product-type-simple\">\n\t<a href=\"https:\/\/peitrade.com\/es\/product\/mango\/\" class=\"woocommerce-LoopProduct-link woocommerce-loop-product__link\"><img decoding=\"async\" width=\"300\" height=\"300\" src=\"https:\/\/peitrade.com\/wp-content\/uploads\/2025\/11\/Egyption-Mango-300x300.webp\" class=\"attachment-woocommerce_thumbnail size-woocommerce_thumbnail\" alt=\"Mangoes: Egypt\u2019s Tropical Treasure\" srcset=\"https:\/\/peitrade.com\/wp-content\/uploads\/2025\/11\/Egyption-Mango-300x300.webp 300w, https:\/\/peitrade.com\/wp-content\/uploads\/2025\/11\/Egyption-Mango-150x150.webp 150w, https:\/\/peitrade.com\/wp-content\/uploads\/2025\/11\/Egyption-Mango-768x768.webp 768w, https:\/\/peitrade.com\/wp-content\/uploads\/2025\/11\/Egyption-Mango-600x600.webp 600w, https:\/\/peitrade.com\/wp-content\/uploads\/2025\/11\/Egyption-Mango-100x100.webp 100w, https:\/\/peitrade.com\/wp-content\/uploads\/2025\/11\/Egyption-Mango.webp 1024w\" sizes=\"(max-width: 300px) 100vw, 300px\" title=\"\"><h2 class=\"woocommerce-loop-product__title\">Mango<\/h2>\n<\/a><a href=\"https:\/\/peitrade.com\/es\/product\/mango\/\" aria-describedby=\"woocommerce_loop_add_to_cart_link_describedby_7644\" data-quantity=\"1\" class=\"button product_type_simple\" data-product_id=\"7644\" data-product_sku=\"80450\" aria-label=\"Lee m\u00e1s sobre &ldquo;Mango&rdquo;\" rel=\"nofollow\" data-success_message=\"\">Leer m\u00e1s<\/a>\t<span id=\"woocommerce_loop_add_to_cart_link_describedby_7644\" class=\"screen-reader-text\">\n\t\t\t<\/span>\n<\/li>\n<li class=\"product type-product post-7579 status-publish last instock product_cat-fruits has-post-thumbnail shipping-taxable product-type-simple\">\n\t<a href=\"https:\/\/peitrade.com\/es\/product\/uvas\/\" class=\"woocommerce-LoopProduct-link woocommerce-loop-product__link\"><img decoding=\"async\" width=\"300\" height=\"300\" src=\"https:\/\/peitrade.com\/wp-content\/uploads\/2025\/11\/Egyptian-Grapes-300x300.webp\" class=\"attachment-woocommerce_thumbnail size-woocommerce_thumbnail\" alt=\"Grapes: A Rising Star\" srcset=\"https:\/\/peitrade.com\/wp-content\/uploads\/2025\/11\/Egyptian-Grapes-300x300.webp 300w, https:\/\/peitrade.com\/wp-content\/uploads\/2025\/11\/Egyptian-Grapes-150x150.webp 150w, https:\/\/peitrade.com\/wp-content\/uploads\/2025\/11\/Egyptian-Grapes-768x768.webp 768w, https:\/\/peitrade.com\/wp-content\/uploads\/2025\/11\/Egyptian-Grapes-600x600.webp 600w, https:\/\/peitrade.com\/wp-content\/uploads\/2025\/11\/Egyptian-Grapes-100x100.webp 100w, https:\/\/peitrade.com\/wp-content\/uploads\/2025\/11\/Egyptian-Grapes.webp 1024w\" sizes=\"(max-width: 300px) 100vw, 300px\" title=\"\"><h2 class=\"woocommerce-loop-product__title\">Uvas<\/h2>\n<\/a><a href=\"https:\/\/peitrade.com\/es\/product\/uvas\/\" aria-describedby=\"woocommerce_loop_add_to_cart_link_describedby_7579\" data-quantity=\"1\" class=\"button product_type_simple\" data-product_id=\"7579\" data-product_sku=\"80610\" aria-label=\"Lee m\u00e1s sobre &ldquo;Uvas&rdquo;\" rel=\"nofollow\" data-success_message=\"\">Leer m\u00e1s<\/a>\t<span id=\"woocommerce_loop_add_to_cart_link_describedby_7579\" class=\"screen-reader-text\">\n\t\t\t<\/span>\n<\/li>\n<\/ul>\n<\/div><\/div>\n<section style=\"padding: 50px 20px;\">\n<div class=\"container\">\n<h2>\u00bfPor Qu\u00e9 Elegir PEI Trade para sus Uvas Frescas de Egipto?<\/h2>\n<p>En PEI Trade, comprendemos la demanda del mercado por <strong>uvas frescas de Egipto<\/strong> de alta calidad que cumplan con los est\u00e1ndares internacionales. Nuestro proceso de exportaci\u00f3n optimizado cubre todo, desde la finca hasta la mesa, asegurando que obtenga solo las mejores <strong>uvas sin semillas de Egipto<\/strong> disponibles.<\/p>\n<ul>\n<li><strong>Uvas egipcias<\/strong> org\u00e1nicas certificadas para exportaci\u00f3n con trazabilidad<\/li>\n<li>Log\u00edstica de cadena de fr\u00edo que preserva la frescura durante el tr\u00e1nsito<\/li>\n<li>Opciones de embalaje personalizadas adaptadas para compradores minoristas y mayoristas<\/li>\n<li>Fuertes asociaciones con los principales <strong>proveedores de uvas de Egipto<\/strong><\/li>\n<li>Documentaci\u00f3n de exportaci\u00f3n y certificaciones completas<\/li>\n<\/ul>\n<p>Ya sea que est\u00e9 buscando importar <strong>uvas negras sin semillas de Egipto<\/strong> o <strong>uvas egipcias org\u00e1nicas para exportaci\u00f3n<\/strong>, PEI Trade es su socio confiable en Egipto.<\/p>\n<\/div>\n<\/section>\n<section style=\"padding: 50px 20px;\">\n<div class=\"container\">\n<h2>Explore Nuestra Gama de Uvas Egipcias Premium<\/h2>\n<p>Las tierras f\u00e9rtiles de Egipto producen una variedad de uvas reconocidas mundialmente. Nuestra selecci\u00f3n incluye:<\/p>\n<ul>\n<li><strong>Uvas negras sin semillas de Egipto<\/strong>: Dulces, jugosas y perfectas para el consumo fresco<\/li>\n<li><strong>Uvas verdes de Egipto<\/strong>: Crujientes, refrescantes y muy solicitadas<\/li>\n<li>Variedades de <strong>uvas sin semillas de Egipto<\/strong> ideales para consumidores conscientes de la salud<\/li>\n<\/ul>\n<p>Todas nuestras uvas provienen de fincas comprometidas con pr\u00e1cticas sostenibles, asegurando un sabor fresco y natural en cada ocasi\u00f3n.<\/p>\n<\/div>\n<\/section>\n<section style=\"padding: 50px 20px; background-color: #f0f0f0;\">\n<div class=\"container\">\n<h2>Exportadores de Uvas Confiables en Egipto con Alcance Global<\/h2>\n<p>Como una destacada <strong>empresa exportadora de uvas en Egipto<\/strong>, PEI Trade tiene una amplia experiencia exportando a Europa, Asia y los mercados del Golfo. Gestionamos cada etapa del proceso de exportaci\u00f3n, incluyendo:<\/p>\n<ul>\n<li>Selecci\u00f3n cuidadosa y cosecha en el punto \u00f3ptimo de madurez<\/li>\n<li>Almacenamiento en fr\u00edo y transporte con control de temperatura<\/li>\n<li>Cumplimiento con certificaciones GlobalG.A.P., ISO y fitosanitarias<\/li>\n<li>Despacho aduanero y env\u00edo oportuno<\/li>\n<\/ul>\n<p>Nuestra experiencia nos permite cumplir con las regulaciones de importaci\u00f3n m\u00e1s estrictas y garantizar que sus env\u00edos lleguen en condiciones \u00f3ptimas.<\/p>\n<p style=\"text-align: center; margin-top: 40px;\"><a class=\"button primary large\" href=\"\/contact\">Ordene Uvas Negras Sin Semillas de Egipto<\/a><\/p>\n<\/div>\n<\/section>\n<section style=\"padding: 50px 20px;\">\n<div class=\"container\">\n<h2>M\u00e1s Productos Frescos de PEI Trade<\/h2>\n<p>&nbsp;<\/p>\n<p>Adem\u00e1s de nuestras uvas premium, PEI Trade ofrece una amplia selecci\u00f3n de frutas frescas de Egipto, apoyando programas estacionales y contratos a largo plazo. <a href=\"\/about\">Descubra m\u00e1s sobre nuestros servicios de exportaci\u00f3n<\/a> y c\u00f3mo podemos apoyar sus necesidades de productos frescos.<\/p>\n<div class=\"wp-block-woocommerce-product-collection\"><div class=\"woocommerce columns-4 \"><ul class=\"products columns-4\" data-products=\"type-2\">\n<li class=\"product type-product post-7742 status-publish first instock product_cat-fruits has-post-thumbnail shipping-taxable product-type-simple\">\n\t<a href=\"https:\/\/peitrade.com\/es\/product\/granada\/\" class=\"woocommerce-LoopProduct-link woocommerce-loop-product__link\"><img decoding=\"async\" width=\"300\" height=\"300\" src=\"https:\/\/peitrade.com\/wp-content\/uploads\/2025\/11\/Egyptian-Pomegranate-300x300.webp\" class=\"attachment-woocommerce_thumbnail size-woocommerce_thumbnail\" alt=\"Pomegranates: The Superfruit Appeal\" srcset=\"https:\/\/peitrade.com\/wp-content\/uploads\/2025\/11\/Egyptian-Pomegranate-300x300.webp 300w, https:\/\/peitrade.com\/wp-content\/uploads\/2025\/11\/Egyptian-Pomegranate-150x150.webp 150w, https:\/\/peitrade.com\/wp-content\/uploads\/2025\/11\/Egyptian-Pomegranate-768x768.webp 768w, https:\/\/peitrade.com\/wp-content\/uploads\/2025\/11\/Egyptian-Pomegranate-600x600.webp 600w, https:\/\/peitrade.com\/wp-content\/uploads\/2025\/11\/Egyptian-Pomegranate-100x100.webp 100w, https:\/\/peitrade.com\/wp-content\/uploads\/2025\/11\/Egyptian-Pomegranate.webp 1024w\" sizes=\"(max-width: 300px) 100vw, 300px\" title=\"\"><h2 class=\"woocommerce-loop-product__title\">Granada<\/h2>\n<\/a><a href=\"https:\/\/peitrade.com\/es\/product\/granada\/\" aria-describedby=\"woocommerce_loop_add_to_cart_link_describedby_7742\" data-quantity=\"1\" class=\"button product_type_simple\" data-product_id=\"7742\" data-product_sku=\"81090\" aria-label=\"Lee m\u00e1s sobre &ldquo;Granada&rdquo;\" rel=\"nofollow\" data-success_message=\"\">Leer m\u00e1s<\/a>\t<span id=\"woocommerce_loop_add_to_cart_link_describedby_7742\" class=\"screen-reader-text\">\n\t\t\t<\/span>\n<\/li>\n<li class=\"product type-product post-7577 status-publish instock product_cat-in-season product_cat-fruits has-post-thumbnail shipping-taxable product-type-simple\">\n\t<a href=\"https:\/\/peitrade.com\/es\/product\/guayaba\/\" class=\"woocommerce-LoopProduct-link woocommerce-loop-product__link\"><img decoding=\"async\" width=\"300\" height=\"300\" src=\"https:\/\/peitrade.com\/wp-content\/uploads\/2025\/11\/Egyptian-Guava-300x300.webp\" class=\"attachment-woocommerce_thumbnail size-woocommerce_thumbnail\" alt=\"Egyptian Guava\" srcset=\"https:\/\/peitrade.com\/wp-content\/uploads\/2025\/11\/Egyptian-Guava-300x300.webp 300w, https:\/\/peitrade.com\/wp-content\/uploads\/2025\/11\/Egyptian-Guava-150x150.webp 150w, https:\/\/peitrade.com\/wp-content\/uploads\/2025\/11\/Egyptian-Guava-768x768.webp 768w, https:\/\/peitrade.com\/wp-content\/uploads\/2025\/11\/Egyptian-Guava-600x600.webp 600w, https:\/\/peitrade.com\/wp-content\/uploads\/2025\/11\/Egyptian-Guava-100x100.webp 100w, https:\/\/peitrade.com\/wp-content\/uploads\/2025\/11\/Egyptian-Guava.webp 1024w\" sizes=\"(max-width: 300px) 100vw, 300px\" title=\"\"><h2 class=\"woocommerce-loop-product__title\">Guayaba<\/h2>\n<\/a><a href=\"https:\/\/peitrade.com\/es\/product\/guayaba\/\" aria-describedby=\"woocommerce_loop_add_to_cart_link_describedby_7577\" data-quantity=\"1\" class=\"button product_type_simple\" data-product_id=\"7577\" data-product_sku=\"80451\" aria-label=\"Lee m\u00e1s sobre &ldquo;Guayaba&rdquo;\" rel=\"nofollow\" data-success_message=\"\">Leer m\u00e1s<\/a>\t<span id=\"woocommerce_loop_add_to_cart_link_describedby_7577\" class=\"screen-reader-text\">\n\t\t\t<\/span>\n<\/li>\n<li class=\"product type-product post-7644 status-publish instock product_cat-fruits has-post-thumbnail shipping-taxable product-type-simple\">\n\t<a href=\"https:\/\/peitrade.com\/es\/product\/mango\/\" class=\"woocommerce-LoopProduct-link woocommerce-loop-product__link\"><img decoding=\"async\" width=\"300\" height=\"300\" src=\"https:\/\/peitrade.com\/wp-content\/uploads\/2025\/11\/Egyption-Mango-300x300.webp\" class=\"attachment-woocommerce_thumbnail size-woocommerce_thumbnail\" alt=\"Mangoes: Egypt\u2019s Tropical Treasure\" srcset=\"https:\/\/peitrade.com\/wp-content\/uploads\/2025\/11\/Egyption-Mango-300x300.webp 300w, https:\/\/peitrade.com\/wp-content\/uploads\/2025\/11\/Egyption-Mango-150x150.webp 150w, https:\/\/peitrade.com\/wp-content\/uploads\/2025\/11\/Egyption-Mango-768x768.webp 768w, https:\/\/peitrade.com\/wp-content\/uploads\/2025\/11\/Egyption-Mango-600x600.webp 600w, https:\/\/peitrade.com\/wp-content\/uploads\/2025\/11\/Egyption-Mango-100x100.webp 100w, https:\/\/peitrade.com\/wp-content\/uploads\/2025\/11\/Egyption-Mango.webp 1024w\" sizes=\"(max-width: 300px) 100vw, 300px\" title=\"\"><h2 class=\"woocommerce-loop-product__title\">Mango<\/h2>\n<\/a><a href=\"https:\/\/peitrade.com\/es\/product\/mango\/\" aria-describedby=\"woocommerce_loop_add_to_cart_link_describedby_7644\" data-quantity=\"1\" class=\"button product_type_simple\" data-product_id=\"7644\" data-product_sku=\"80450\" aria-label=\"Lee m\u00e1s sobre &ldquo;Mango&rdquo;\" rel=\"nofollow\" data-success_message=\"\">Leer m\u00e1s<\/a>\t<span id=\"woocommerce_loop_add_to_cart_link_describedby_7644\" class=\"screen-reader-text\">\n\t\t\t<\/span>\n<\/li>\n<li class=\"product type-product post-7443 status-publish last instock product_cat-in-season product_cat-fruits has-post-thumbnail shipping-taxable product-type-simple\">\n\t<a href=\"https:\/\/peitrade.com\/es\/product\/naranjas\/\" class=\"woocommerce-LoopProduct-link woocommerce-loop-product__link\"><img decoding=\"async\" width=\"300\" height=\"300\" src=\"https:\/\/peitrade.com\/wp-content\/uploads\/2025\/11\/Egyptian-Oranges-300x300.webp\" class=\"attachment-woocommerce_thumbnail size-woocommerce_thumbnail\" alt=\"Las exportaciones de naranjas egipcias a Canad\u00e1 alcanzan un r\u00e9cord en 2025\" srcset=\"https:\/\/peitrade.com\/wp-content\/uploads\/2025\/11\/Egyptian-Oranges-300x300.webp 300w, https:\/\/peitrade.com\/wp-content\/uploads\/2025\/11\/Egyptian-Oranges-150x150.webp 150w, https:\/\/peitrade.com\/wp-content\/uploads\/2025\/11\/Egyptian-Oranges-768x768.webp 768w, https:\/\/peitrade.com\/wp-content\/uploads\/2025\/11\/Egyptian-Oranges-600x600.webp 600w, https:\/\/peitrade.com\/wp-content\/uploads\/2025\/11\/Egyptian-Oranges-100x100.webp 100w, https:\/\/peitrade.com\/wp-content\/uploads\/2025\/11\/Egyptian-Oranges.webp 1024w\" sizes=\"(max-width: 300px) 100vw, 300px\" title=\"\"><h2 class=\"woocommerce-loop-product__title\">Naranjas<\/h2>\n<\/a><a href=\"https:\/\/peitrade.com\/es\/product\/naranjas\/\" aria-describedby=\"woocommerce_loop_add_to_cart_link_describedby_7443\" data-quantity=\"1\" class=\"button product_type_simple\" data-product_id=\"7443\" data-product_sku=\"80510\" aria-label=\"Lee m\u00e1s sobre &ldquo;Naranjas&rdquo;\" rel=\"nofollow\" data-success_message=\"\">Leer m\u00e1s<\/a>\t<span id=\"woocommerce_loop_add_to_cart_link_describedby_7443\" class=\"screen-reader-text\">\n\t\t\t<\/span>\n<\/li>\n<\/ul>\n<\/div><\/div>\n<\/div>\n<\/section>\n<section style=\"padding: 50px 20px; background-color: #f9f9f9;\">\n<div class=\"container\">\n<h2>Preguntas Frecuentes<\/h2>\n<div>\n<h3>\u00bfQu\u00e9 hace especiales a las uvas negras sin semillas de Egipto?<\/h3>\n<div>Nuestras <strong>uvas negras sin semillas de Egipto<\/strong> son apreciadas por su dulzura, textura y conveniencia sin semillas, cosechadas de las f\u00e9rtiles fincas del Delta del Nilo de Egipto utilizando m\u00e9todos sostenibles.<\/div>\n<\/div>\n<div>\n<h3>\u00bfPuede PEI Trade suministrar uvas egipcias org\u00e1nicas para exportaci\u00f3n?<\/h3>\n<div>S\u00ed, trabajamos en estrecha colaboraci\u00f3n con fincas certificadas para suministrar <strong>uvas egipcias org\u00e1nicas para exportaci\u00f3n<\/strong> que cumplen con los est\u00e1ndares org\u00e1nicos internacionales.<\/div>\n<\/div>\n<div>\n<h3>\u00bfC\u00f3mo garantiza PEI Trade la frescura durante la exportaci\u00f3n?<\/h3>\n<div>Utilizamos gesti\u00f3n de cadena de fr\u00edo y env\u00edo con control de temperatura, combinado con embalaje personalizado, para preservar la calidad y frescura de todos nuestros env\u00edos de uvas.<\/div>\n<\/div>\n<\/div>\n<\/section>\n","protected":false},"excerpt":{"rendered":"<p>PEI Trade: Su Socio Principal para la Exportaci\u00f3n de Uvas Negras Sin Semillas de Egipto &nbsp; PEI Trade es una empresa confiable de exportaci\u00f3n de uvas en Egipto, especializada en uvas negras sin semillas de Egipto de alta calidad para los mercados internacionales. Nuestro compromiso con la excelencia garantiza que los importadores reciban solo las [&hellip;]<\/p>\n","protected":false},"author":9,"featured_media":0,"parent":0,"menu_order":0,"comment_status":"closed","ping_status":"closed","template":"","meta":{"footnotes":""},"class_list":["post-5415","page","type-page","status-publish","hentry"],"blocksy_meta":[],"mb":[],"featured_image_urls_v2":{"full":"","thumbnail":"","medium":"","medium_large":"","large":"","1536x1536":"","2048x2048":"","woocommerce_archive_thumbnail":"","woocommerce_thumbnail":"","woocommerce_single":"","woocommerce_gallery_thumbnail":""},"post_excerpt_stackable_v2":"<p>PEI Trade: Su Socio Principal para la Exportaci\u00f3n de Uvas Negras Sin Semillas de Egipto &nbsp; PEI Trade es una empresa confiable de exportaci\u00f3n de uvas en Egipto, especializada en uvas negras sin semillas de Egipto de alta calidad para los mercados internacionales. Nuestro compromiso con la excelencia garantiza que los importadores reciban solo las uvas egipcias m\u00e1s frescas, jugosas y sabrosas, cosechadas bajo estrictos controles de calidad. Ofrecemos con orgullo una amplia gama de variedades de uvas, incluyendo uvas sin semillas de Egipto y uvas verdes de Egipto, cuidadosamente seleccionadas de fincas premium conocidas por sus pr\u00e1cticas org\u00e1nicas y&hellip;<\/p>\n","category_list_v2":"","author_info_v2":{"name":"Maha","url":"https:\/\/peitrade.com\/es\/author\/m-amer\/"},"comments_num_v2":"0 comentarios","mfb_rest_fields":["title","blocksy_meta","featured_image_urls_v2","post_excerpt_stackable_v2","category_list_v2","author_info_v2","comments_num_v2"],"_links":{"self":[{"href":"https:\/\/peitrade.com\/es\/wp-json\/wp\/v2\/pages\/5415","targetHints":{"allow":["GET"]}}],"collection":[{"href":"https:\/\/peitrade.com\/es\/wp-json\/wp\/v2\/pages"}],"about":[{"href":"https:\/\/peitrade.com\/es\/wp-json\/wp\/v2\/types\/page"}],"author":[{"embeddable":true,"href":"https:\/\/peitrade.com\/es\/wp-json\/wp\/v2\/users\/9"}],"replies":[{"embeddable":true,"href":"https:\/\/peitrade.com\/es\/wp-json\/wp\/v2\/comments?post=5415"}],"version-history":[{"count":1,"href":"https:\/\/peitrade.com\/es\/wp-json\/wp\/v2\/pages\/5415\/revisions"}],"predecessor-version":[{"id":5416,"href":"https:\/\/peitrade.com\/es\/wp-json\/wp\/v2\/pages\/5415\/revisions\/5416"}],"wp:attachment":[{"href":"https:\/\/peitrade.com\/es\/wp-json\/wp\/v2\/media?parent=5415"}],"curies":[{"name":"wp","href":"https:\/\/api.w.org\/{rel}","templated":true}]}}