{"id":5439,"date":"2025-05-15T08:24:46","date_gmt":"2025-05-15T08:24:46","guid":{"rendered":"http:\/\/46.224.74.15\/uvas-egipcias-sin-semilla\/"},"modified":"2025-11-19T16:44:22","modified_gmt":"2025-11-19T16:44:22","slug":"uvas-egipcias-sin-semilla","status":"publish","type":"page","link":"https:\/\/peitrade.com\/es\/uvas-egipcias-sin-semilla\/","title":{"rendered":"PEI Trade: Uvas Egipcias Sin Semilla de Alta Calidad para Mercados Globales"},"content":{"rendered":"<section class=\"section\" style=\"padding: 60px 20px; background-color: #f9f9f9;\">\n<div class=\"container\">\n<h1>PEI Trade: Uvas Egipcias Sin Semilla de Alta Calidad para Mercados Globales<\/h1>\n<p>Descubre el sabor, la calidad y la frescura excepcionales de las <strong>uvas egipcias sin semilla<\/strong> con PEI Trade: tu socio confiable en la <strong>exportaci\u00f3n de uvas egipcias<\/strong> premium. Nuestras uvas se cultivan cuidadosamente en los f\u00e9rtiles suelos del Delta del Nilo y bajo condiciones clim\u00e1ticas ideales, lo que garantiza un color vibrante, textura crujiente y larga vida \u00fatil.<\/p>\n<p>En PEI Trade nos especializamos en <strong>uvas verdes de Egipto<\/strong> y <strong>uvas negras sin semilla de Egipto<\/strong>, ofreciendo un suministro constante a los mercados internacionales durante todo el a\u00f1o. Ya sea para minoristas, mayoristas o procesadores de alimentos, nuestras <strong>uvas egipcias org\u00e1nicas para exportaci\u00f3n<\/strong> cumplen con los m\u00e1s altos est\u00e1ndares internacionales.<\/p>\n<p>Como una de las principales <strong>empresas exportadoras de uvas en Egipto<\/strong>, nos enorgullece ofrecer:<\/p>\n<ul>\n<li>Uvas sin semilla seleccionadas a mano con excelente dulzura y firmeza<\/li>\n<li>Empaques personalizados para cadenas minoristas, compradores al por mayor y supermercados<\/li>\n<li>Documentaci\u00f3n completa de exportaci\u00f3n y log\u00edstica en cadena de fr\u00edo para garantizar frescura<\/li>\n<\/ul>\n<p>Desde variedades verdes brillantes hasta uvas negras de tonos intensos, nuestras ofertas son perfectas para:<\/p>\n<ul>\n<li style=\"list-style-type: none;\">\n<ul>\n<li>Exhibiciones de frutas frescas en supermercados<\/li>\n<li>Producci\u00f3n de jugos y vino<\/li>\n<\/ul>\n<\/li>\n<\/ul>\n<ul>\n<li>Presentaciones para snack y mercados gourmet<\/li>\n<\/ul>\n<p>As\u00f3ciate con PEI Trade y accede a <strong>uvas egipcias sin semilla<\/strong> de calidad premium cosechadas con cuidado y precisi\u00f3n. Nuestra calidad constante, vol\u00famenes flexibles y servicio confiable nos posicionan entre las mejores <strong>empresas exportadoras de uvas en Egipto<\/strong>.<\/p>\n<\/div>\n<\/section>\n<p><!-- WooCommerce Product Block 1 --><\/p>\n<div class=\"wp-block-woocommerce-product-collection\"><div class=\"woocommerce columns-4 \"><ul class=\"products columns-4\" data-products=\"type-2\">\n<li class=\"product type-product post-7665 status-publish first instock product_cat-fruits has-post-thumbnail shipping-taxable product-type-simple\">\n\t<a href=\"https:\/\/peitrade.com\/es\/product\/fresas\/\" class=\"woocommerce-LoopProduct-link woocommerce-loop-product__link\"><img decoding=\"async\" width=\"300\" height=\"300\" src=\"https:\/\/peitrade.com\/wp-content\/uploads\/2025\/11\/Egyptian-Strawberries-300x300.webp\" class=\"attachment-woocommerce_thumbnail size-woocommerce_thumbnail\" alt=\"Fresas\" srcset=\"https:\/\/peitrade.com\/wp-content\/uploads\/2025\/11\/Egyptian-Strawberries-300x300.webp 300w, https:\/\/peitrade.com\/wp-content\/uploads\/2025\/11\/Egyptian-Strawberries-150x150.webp 150w, https:\/\/peitrade.com\/wp-content\/uploads\/2025\/11\/Egyptian-Strawberries-768x768.webp 768w, https:\/\/peitrade.com\/wp-content\/uploads\/2025\/11\/Egyptian-Strawberries-600x600.webp 600w, https:\/\/peitrade.com\/wp-content\/uploads\/2025\/11\/Egyptian-Strawberries-100x100.webp 100w, https:\/\/peitrade.com\/wp-content\/uploads\/2025\/11\/Egyptian-Strawberries.webp 1024w\" sizes=\"(max-width: 300px) 100vw, 300px\" title=\"\"><h2 class=\"woocommerce-loop-product__title\">Fresas<\/h2>\n<\/a><a href=\"https:\/\/peitrade.com\/es\/product\/fresas\/\" aria-describedby=\"woocommerce_loop_add_to_cart_link_describedby_7665\" data-quantity=\"1\" class=\"button product_type_simple\" data-product_id=\"7665\" data-product_sku=\"81010\" aria-label=\"Lee m\u00e1s sobre &ldquo;Fresas&rdquo;\" rel=\"nofollow\" data-success_message=\"\">Leer m\u00e1s<\/a>\t<span id=\"woocommerce_loop_add_to_cart_link_describedby_7665\" class=\"screen-reader-text\">\n\t\t\t<\/span>\n<\/li>\n<li class=\"product type-product post-7537 status-publish instock product_cat-in-season product_cat-fruits has-post-thumbnail shipping-taxable product-type-simple\">\n\t<a href=\"https:\/\/peitrade.com\/es\/product\/limones\/\" class=\"woocommerce-LoopProduct-link woocommerce-loop-product__link\"><img decoding=\"async\" width=\"300\" height=\"300\" src=\"https:\/\/peitrade.com\/wp-content\/uploads\/2025\/11\/Egyptian-Lemons-300x300.webp\" class=\"attachment-woocommerce_thumbnail size-woocommerce_thumbnail\" alt=\"Limones\" srcset=\"https:\/\/peitrade.com\/wp-content\/uploads\/2025\/11\/Egyptian-Lemons-300x300.webp 300w, https:\/\/peitrade.com\/wp-content\/uploads\/2025\/11\/Egyptian-Lemons-150x150.webp 150w, https:\/\/peitrade.com\/wp-content\/uploads\/2025\/11\/Egyptian-Lemons-768x768.webp 768w, https:\/\/peitrade.com\/wp-content\/uploads\/2025\/11\/Egyptian-Lemons-600x600.webp 600w, https:\/\/peitrade.com\/wp-content\/uploads\/2025\/11\/Egyptian-Lemons-100x100.webp 100w, https:\/\/peitrade.com\/wp-content\/uploads\/2025\/11\/Egyptian-Lemons.webp 1024w\" sizes=\"(max-width: 300px) 100vw, 300px\" title=\"\"><h2 class=\"woocommerce-loop-product__title\">Limones<\/h2>\n<\/a><a href=\"https:\/\/peitrade.com\/es\/product\/limones\/\" aria-describedby=\"woocommerce_loop_add_to_cart_link_describedby_7537\" data-quantity=\"1\" class=\"button product_type_simple\" data-product_id=\"7537\" data-product_sku=\"80550\" aria-label=\"Lee m\u00e1s sobre &ldquo;Limones&rdquo;\" rel=\"nofollow\" data-success_message=\"\">Leer m\u00e1s<\/a>\t<span id=\"woocommerce_loop_add_to_cart_link_describedby_7537\" class=\"screen-reader-text\">\n\t\t\t<\/span>\n<\/li>\n<li class=\"product type-product post-7644 status-publish instock product_cat-fruits has-post-thumbnail shipping-taxable product-type-simple\">\n\t<a href=\"https:\/\/peitrade.com\/es\/product\/mango\/\" class=\"woocommerce-LoopProduct-link woocommerce-loop-product__link\"><img decoding=\"async\" width=\"300\" height=\"300\" src=\"https:\/\/peitrade.com\/wp-content\/uploads\/2025\/11\/Egyption-Mango-300x300.webp\" class=\"attachment-woocommerce_thumbnail size-woocommerce_thumbnail\" alt=\"Mangoes: Egypt\u2019s Tropical Treasure\" srcset=\"https:\/\/peitrade.com\/wp-content\/uploads\/2025\/11\/Egyption-Mango-300x300.webp 300w, https:\/\/peitrade.com\/wp-content\/uploads\/2025\/11\/Egyption-Mango-150x150.webp 150w, https:\/\/peitrade.com\/wp-content\/uploads\/2025\/11\/Egyption-Mango-768x768.webp 768w, https:\/\/peitrade.com\/wp-content\/uploads\/2025\/11\/Egyption-Mango-600x600.webp 600w, https:\/\/peitrade.com\/wp-content\/uploads\/2025\/11\/Egyption-Mango-100x100.webp 100w, https:\/\/peitrade.com\/wp-content\/uploads\/2025\/11\/Egyption-Mango.webp 1024w\" sizes=\"(max-width: 300px) 100vw, 300px\" title=\"\"><h2 class=\"woocommerce-loop-product__title\">Mango<\/h2>\n<\/a><a href=\"https:\/\/peitrade.com\/es\/product\/mango\/\" aria-describedby=\"woocommerce_loop_add_to_cart_link_describedby_7644\" data-quantity=\"1\" class=\"button product_type_simple\" data-product_id=\"7644\" data-product_sku=\"80450\" aria-label=\"Lee m\u00e1s sobre &ldquo;Mango&rdquo;\" rel=\"nofollow\" data-success_message=\"\">Leer m\u00e1s<\/a>\t<span id=\"woocommerce_loop_add_to_cart_link_describedby_7644\" class=\"screen-reader-text\">\n\t\t\t<\/span>\n<\/li>\n<li class=\"product type-product post-7579 status-publish last instock product_cat-fruits has-post-thumbnail shipping-taxable product-type-simple\">\n\t<a href=\"https:\/\/peitrade.com\/es\/product\/uvas\/\" class=\"woocommerce-LoopProduct-link woocommerce-loop-product__link\"><img decoding=\"async\" width=\"300\" height=\"300\" src=\"https:\/\/peitrade.com\/wp-content\/uploads\/2025\/11\/Egyptian-Grapes-300x300.webp\" class=\"attachment-woocommerce_thumbnail size-woocommerce_thumbnail\" alt=\"Grapes: A Rising Star\" srcset=\"https:\/\/peitrade.com\/wp-content\/uploads\/2025\/11\/Egyptian-Grapes-300x300.webp 300w, https:\/\/peitrade.com\/wp-content\/uploads\/2025\/11\/Egyptian-Grapes-150x150.webp 150w, https:\/\/peitrade.com\/wp-content\/uploads\/2025\/11\/Egyptian-Grapes-768x768.webp 768w, https:\/\/peitrade.com\/wp-content\/uploads\/2025\/11\/Egyptian-Grapes-600x600.webp 600w, https:\/\/peitrade.com\/wp-content\/uploads\/2025\/11\/Egyptian-Grapes-100x100.webp 100w, https:\/\/peitrade.com\/wp-content\/uploads\/2025\/11\/Egyptian-Grapes.webp 1024w\" sizes=\"(max-width: 300px) 100vw, 300px\" title=\"\"><h2 class=\"woocommerce-loop-product__title\">Uvas<\/h2>\n<\/a><a href=\"https:\/\/peitrade.com\/es\/product\/uvas\/\" aria-describedby=\"woocommerce_loop_add_to_cart_link_describedby_7579\" data-quantity=\"1\" class=\"button product_type_simple\" data-product_id=\"7579\" data-product_sku=\"80610\" aria-label=\"Lee m\u00e1s sobre &ldquo;Uvas&rdquo;\" rel=\"nofollow\" data-success_message=\"\">Leer m\u00e1s<\/a>\t<span id=\"woocommerce_loop_add_to_cart_link_describedby_7579\" class=\"screen-reader-text\">\n\t\t\t<\/span>\n<\/li>\n<\/ul>\n<\/div><\/div>\n<p><!-- Section: Why Choose Egyptian Mango --><\/p>\n<section class=\"section\" style=\"padding: 50px 20px;\">\n<div class=\"container\">\n<h2>\u00bfPor Qu\u00e9 los Importadores Eligen Nuestras Uvas Egipcias Sin Semilla?<\/h2>\n<p>Nuestras <strong>uvas egipcias<\/strong> son preferidas por compradores internacionales gracias a su dulzura natural, firmeza y atractivo visual. La <strong>temporada de exportaci\u00f3n de uvas en Egipto<\/strong> ofrece una ventana de cosecha prolongada, lo que permite env\u00edos confiables y oportunos a los mercados mundiales.<\/p>\n<p>En PEI Trade, cada racimo es:<\/p>\n<ul>\n<li>Cultivado bajo estrictos est\u00e1ndares agr\u00edcolas de calidad e inocuidad alimentaria<\/li>\n<li>Cosechado en su punto \u00f3ptimo de madurez para m\u00e1ximo sabor y frescura<\/li>\n<li>Clasificado, empacado y etiquetado seg\u00fan las necesidades de tu mercado<\/li>\n<\/ul>\n<p>Ofrecemos:<\/p>\n<ul>\n<li>Env\u00edos a granel o pedidos personalizados para cadenas minoristas<\/li>\n<li>Opciones de uvas org\u00e1nicas para consumidores conscientes de la salud<\/li>\n<li>Log\u00edstica en cadena de fr\u00edo desde la finca hasta el destino final<\/li>\n<\/ul>\n<h2>Explora Uvas Verdes y Negras Sin Semilla de Egipto<\/h2>\n<p>Nuestra gama principal incluye:<\/p>\n<ul>\n<li><strong>Uvas negras sin semilla de Egipto<\/strong> \u2013 ricas en antioxidantes y perfectas para exhibiciones premium<\/li>\n<li><strong>Uvas verdes de Egipto<\/strong> \u2013 crujientes, refrescantes e ideales para snacks o jugos<\/li>\n<\/ul>\n<p>Estas variedades tienen alta demanda en:<\/p>\n<ul>\n<li>Europa y el Reino Unido<\/li>\n<li>Mercados del CCG como Emiratos \u00c1rabes Unidos y Arabia Saudita<\/li>\n<li>Supermercados y mayoristas de Asia<\/li>\n<\/ul>\n<p>Como proveedor confiable de <strong>uvas egipcias org\u00e1nicas para exportaci\u00f3n<\/strong>, tambi\u00e9n ofrecemos:<\/p>\n<ul>\n<li>Pr\u00e1cticas agr\u00edcolas sostenibles y respetuosas con el medio ambiente<\/li>\n<li><strong>Certificados de exportaci\u00f3n de uvas egipcias<\/strong> emitidos por terceros<\/li>\n<li>Cargas flexibles en contenedores para importadores grandes o peque\u00f1os<\/li>\n<\/ul>\n<\/div>\n<\/section>\n<p><!-- Related Products Section --><\/p>\n<section class=\"section\" style=\"padding: 50px 20px;\">\n<div class=\"container\">\n<h2>M\u00e1s Productos Frescos de Egipto<\/h2>\n<p>Descubre m\u00e1s frutas frescas de Egipto, cuidadosamente cosechadas y listas para exportaci\u00f3n:<\/p>\n<div class=\"wp-block-woocommerce-product-collection\"><div class=\"woocommerce columns-4 \"><ul class=\"products columns-4\" data-products=\"type-2\">\n<li class=\"product type-product post-7742 status-publish first instock product_cat-fruits has-post-thumbnail shipping-taxable product-type-simple\">\n\t<a href=\"https:\/\/peitrade.com\/es\/product\/granada\/\" class=\"woocommerce-LoopProduct-link woocommerce-loop-product__link\"><img decoding=\"async\" width=\"300\" height=\"300\" src=\"https:\/\/peitrade.com\/wp-content\/uploads\/2025\/11\/Egyptian-Pomegranate-300x300.webp\" class=\"attachment-woocommerce_thumbnail size-woocommerce_thumbnail\" alt=\"Pomegranates: The Superfruit Appeal\" srcset=\"https:\/\/peitrade.com\/wp-content\/uploads\/2025\/11\/Egyptian-Pomegranate-300x300.webp 300w, https:\/\/peitrade.com\/wp-content\/uploads\/2025\/11\/Egyptian-Pomegranate-150x150.webp 150w, https:\/\/peitrade.com\/wp-content\/uploads\/2025\/11\/Egyptian-Pomegranate-768x768.webp 768w, https:\/\/peitrade.com\/wp-content\/uploads\/2025\/11\/Egyptian-Pomegranate-600x600.webp 600w, https:\/\/peitrade.com\/wp-content\/uploads\/2025\/11\/Egyptian-Pomegranate-100x100.webp 100w, https:\/\/peitrade.com\/wp-content\/uploads\/2025\/11\/Egyptian-Pomegranate.webp 1024w\" sizes=\"(max-width: 300px) 100vw, 300px\" title=\"\"><h2 class=\"woocommerce-loop-product__title\">Granada<\/h2>\n<\/a><a href=\"https:\/\/peitrade.com\/es\/product\/granada\/\" aria-describedby=\"woocommerce_loop_add_to_cart_link_describedby_7742\" data-quantity=\"1\" class=\"button product_type_simple\" data-product_id=\"7742\" data-product_sku=\"81090\" aria-label=\"Lee m\u00e1s sobre &ldquo;Granada&rdquo;\" rel=\"nofollow\" data-success_message=\"\">Leer m\u00e1s<\/a>\t<span id=\"woocommerce_loop_add_to_cart_link_describedby_7742\" class=\"screen-reader-text\">\n\t\t\t<\/span>\n<\/li>\n<li class=\"product type-product post-7577 status-publish instock product_cat-in-season product_cat-fruits has-post-thumbnail shipping-taxable product-type-simple\">\n\t<a href=\"https:\/\/peitrade.com\/es\/product\/guayaba\/\" class=\"woocommerce-LoopProduct-link woocommerce-loop-product__link\"><img decoding=\"async\" width=\"300\" height=\"300\" src=\"https:\/\/peitrade.com\/wp-content\/uploads\/2025\/11\/Egyptian-Guava-300x300.webp\" class=\"attachment-woocommerce_thumbnail size-woocommerce_thumbnail\" alt=\"Egyptian Guava\" srcset=\"https:\/\/peitrade.com\/wp-content\/uploads\/2025\/11\/Egyptian-Guava-300x300.webp 300w, https:\/\/peitrade.com\/wp-content\/uploads\/2025\/11\/Egyptian-Guava-150x150.webp 150w, https:\/\/peitrade.com\/wp-content\/uploads\/2025\/11\/Egyptian-Guava-768x768.webp 768w, https:\/\/peitrade.com\/wp-content\/uploads\/2025\/11\/Egyptian-Guava-600x600.webp 600w, https:\/\/peitrade.com\/wp-content\/uploads\/2025\/11\/Egyptian-Guava-100x100.webp 100w, https:\/\/peitrade.com\/wp-content\/uploads\/2025\/11\/Egyptian-Guava.webp 1024w\" sizes=\"(max-width: 300px) 100vw, 300px\" title=\"\"><h2 class=\"woocommerce-loop-product__title\">Guayaba<\/h2>\n<\/a><a href=\"https:\/\/peitrade.com\/es\/product\/guayaba\/\" aria-describedby=\"woocommerce_loop_add_to_cart_link_describedby_7577\" data-quantity=\"1\" class=\"button product_type_simple\" data-product_id=\"7577\" data-product_sku=\"80451\" aria-label=\"Lee m\u00e1s sobre &ldquo;Guayaba&rdquo;\" rel=\"nofollow\" data-success_message=\"\">Leer m\u00e1s<\/a>\t<span id=\"woocommerce_loop_add_to_cart_link_describedby_7577\" class=\"screen-reader-text\">\n\t\t\t<\/span>\n<\/li>\n<li class=\"product type-product post-7644 status-publish instock product_cat-fruits has-post-thumbnail shipping-taxable product-type-simple\">\n\t<a href=\"https:\/\/peitrade.com\/es\/product\/mango\/\" class=\"woocommerce-LoopProduct-link woocommerce-loop-product__link\"><img decoding=\"async\" width=\"300\" height=\"300\" src=\"https:\/\/peitrade.com\/wp-content\/uploads\/2025\/11\/Egyption-Mango-300x300.webp\" class=\"attachment-woocommerce_thumbnail size-woocommerce_thumbnail\" alt=\"Mangoes: Egypt\u2019s Tropical Treasure\" srcset=\"https:\/\/peitrade.com\/wp-content\/uploads\/2025\/11\/Egyption-Mango-300x300.webp 300w, https:\/\/peitrade.com\/wp-content\/uploads\/2025\/11\/Egyption-Mango-150x150.webp 150w, https:\/\/peitrade.com\/wp-content\/uploads\/2025\/11\/Egyption-Mango-768x768.webp 768w, https:\/\/peitrade.com\/wp-content\/uploads\/2025\/11\/Egyption-Mango-600x600.webp 600w, https:\/\/peitrade.com\/wp-content\/uploads\/2025\/11\/Egyption-Mango-100x100.webp 100w, https:\/\/peitrade.com\/wp-content\/uploads\/2025\/11\/Egyption-Mango.webp 1024w\" sizes=\"(max-width: 300px) 100vw, 300px\" title=\"\"><h2 class=\"woocommerce-loop-product__title\">Mango<\/h2>\n<\/a><a href=\"https:\/\/peitrade.com\/es\/product\/mango\/\" aria-describedby=\"woocommerce_loop_add_to_cart_link_describedby_7644\" data-quantity=\"1\" class=\"button product_type_simple\" data-product_id=\"7644\" data-product_sku=\"80450\" aria-label=\"Lee m\u00e1s sobre &ldquo;Mango&rdquo;\" rel=\"nofollow\" data-success_message=\"\">Leer m\u00e1s<\/a>\t<span id=\"woocommerce_loop_add_to_cart_link_describedby_7644\" class=\"screen-reader-text\">\n\t\t\t<\/span>\n<\/li>\n<li class=\"product type-product post-7443 status-publish last instock product_cat-in-season product_cat-fruits has-post-thumbnail shipping-taxable product-type-simple\">\n\t<a href=\"https:\/\/peitrade.com\/es\/product\/naranjas\/\" class=\"woocommerce-LoopProduct-link woocommerce-loop-product__link\"><img decoding=\"async\" width=\"300\" height=\"300\" src=\"https:\/\/peitrade.com\/wp-content\/uploads\/2025\/11\/Egyptian-Oranges-300x300.webp\" class=\"attachment-woocommerce_thumbnail size-woocommerce_thumbnail\" alt=\"Las exportaciones de naranjas egipcias a Canad\u00e1 alcanzan un r\u00e9cord en 2025\" srcset=\"https:\/\/peitrade.com\/wp-content\/uploads\/2025\/11\/Egyptian-Oranges-300x300.webp 300w, https:\/\/peitrade.com\/wp-content\/uploads\/2025\/11\/Egyptian-Oranges-150x150.webp 150w, https:\/\/peitrade.com\/wp-content\/uploads\/2025\/11\/Egyptian-Oranges-768x768.webp 768w, https:\/\/peitrade.com\/wp-content\/uploads\/2025\/11\/Egyptian-Oranges-600x600.webp 600w, https:\/\/peitrade.com\/wp-content\/uploads\/2025\/11\/Egyptian-Oranges-100x100.webp 100w, https:\/\/peitrade.com\/wp-content\/uploads\/2025\/11\/Egyptian-Oranges.webp 1024w\" sizes=\"(max-width: 300px) 100vw, 300px\" title=\"\"><h2 class=\"woocommerce-loop-product__title\">Naranjas<\/h2>\n<\/a><a href=\"https:\/\/peitrade.com\/es\/product\/naranjas\/\" aria-describedby=\"woocommerce_loop_add_to_cart_link_describedby_7443\" data-quantity=\"1\" class=\"button product_type_simple\" data-product_id=\"7443\" data-product_sku=\"80510\" aria-label=\"Lee m\u00e1s sobre &ldquo;Naranjas&rdquo;\" rel=\"nofollow\" data-success_message=\"\">Leer m\u00e1s<\/a>\t<span id=\"woocommerce_loop_add_to_cart_link_describedby_7443\" class=\"screen-reader-text\">\n\t\t\t<\/span>\n<\/li>\n<\/ul>\n<\/div><\/div>\n<\/div>\n<\/section>\n<p><!-- Section: Season & Export Info --><\/p>\n<section class=\"section\" style=\"padding: 50px 20px; background-color: #f0f0f0;\">\n<div class=\"container\">\n<h2>Temporada y Disponibilidad de Exportaci\u00f3n de Uvas Sin Semilla de Egipto<\/h2>\n<p>La <strong>temporada de exportaci\u00f3n de uvas en Egipto<\/strong> normalmente va de mayo a agosto, ofreciendo una ventana ideal para mercados internacionales. En PEI Trade coordinamos nuestras cosechas y env\u00edos seg\u00fan la demanda espec\u00edfica de cada destino.<\/p>\n<h2>Servicios Globales de Exportaci\u00f3n de Uvas Egipcias<\/h2>\n<p>Como una de las principales <strong>empresas exportadoras de uvas en Egipto<\/strong>, PEI Trade garantiza que cada pedido incluya:<\/p>\n<ul>\n<li>Empaques de calidad para exportaci\u00f3n (punnets, clamshells y a granel)<\/li>\n<li>Almacenamiento en fr\u00edo y transporte para preservar la <strong>calidad de las uvas egipcias<\/strong><\/li>\n<li>Documentaci\u00f3n completa y <strong>certificados de exportaci\u00f3n de uvas egipcias<\/strong> adaptados a tu regi\u00f3n<\/li>\n<\/ul>\n<p style=\"text-align: center; margin-top: 40px;\"><a class=\"button primary large\" href=\"\/contact\">Solicita una Cotizaci\u00f3n<\/a><\/p>\n<\/div>\n<\/section>\n<p><!-- FAQs Section --><\/p>\n<section class=\"section\" style=\"padding: 50px 20px; background-color: #f9f9f9;\">\n<div class=\"container\">\n<h2>Preguntas Frecuentes<\/h2>\n<div>\n<div>\n<h3>\u00bfCu\u00e1l es la temporada de las uvas sin semilla de Egipto?<\/h3>\n<div>La temporada generalmente va de mayo a agosto, con algunas variedades tempranas o tard\u00edas disponibles. Programamos nuestros env\u00edos para coincidir con el punto \u00f3ptimo de madurez y la demanda del mercado.<\/div>\n<\/div>\n<div>\n<h3>\u00bfQu\u00e9 tipos de uvas sin semilla exportan?<\/h3>\n<div>Exportamos tanto <strong>uvas verdes de Egipto<\/strong> como <strong>uvas negras sin semilla de Egipto<\/strong>, con opciones org\u00e1nicas disponibles. Cada variedad es seleccionada por su sabor, textura y aptitud para exportaci\u00f3n.<\/div>\n<\/div>\n<div>\n<h3>\u00bfOfrecen uvas egipcias org\u00e1nicas para exportaci\u00f3n?<\/h3>\n<div>S\u00ed, ofrecemos uvas org\u00e1nicas certificadas, cultivadas con m\u00e9todos agr\u00edcolas sostenibles. Son ideales para mercados con consumidores conscientes de la salud y regulaciones de importaci\u00f3n estrictas.<\/div>\n<\/div>\n<div>\n<h3>\u00bfPuedo pedir tanto empaques a granel como listos para retail?<\/h3>\n<div>Por supuesto. Ofrecemos empaques flexibles que incluyen cajas a granel, punnets y cajas minoristas etiquetadas seg\u00fan tus necesidades.<\/div>\n<\/div>\n<div>\n<h3>\u00bfA qu\u00e9 mercados exportan sus uvas sin semilla?<\/h3>\n<div>Exportamos a Europa, el Golfo (EAU, Arabia Saudita, Kuwait), el sudeste asi\u00e1tico y otras regiones. Tambi\u00e9n estamos listos para expandirnos a nuevos mercados seg\u00fan la demanda de nuestros clientes.<\/div>\n<\/div>\n<\/div>\n<\/div>\n<\/section>\n","protected":false},"excerpt":{"rendered":"<p>PEI Trade: Uvas Egipcias Sin Semilla de Alta Calidad para Mercados Globales Descubre el sabor, la calidad y la frescura excepcionales de las uvas egipcias sin semilla con PEI Trade: tu socio confiable en la exportaci\u00f3n de uvas egipcias premium. Nuestras uvas se cultivan cuidadosamente en los f\u00e9rtiles suelos del Delta del Nilo y bajo [&hellip;]<\/p>\n","protected":false},"author":9,"featured_media":0,"parent":0,"menu_order":0,"comment_status":"closed","ping_status":"closed","template":"","meta":{"footnotes":""},"class_list":["post-5439","page","type-page","status-publish","hentry"],"blocksy_meta":[],"mb":[],"featured_image_urls_v2":{"full":"","thumbnail":"","medium":"","medium_large":"","large":"","1536x1536":"","2048x2048":"","woocommerce_archive_thumbnail":"","woocommerce_thumbnail":"","woocommerce_single":"","woocommerce_gallery_thumbnail":""},"post_excerpt_stackable_v2":"<p>PEI Trade: Uvas Egipcias Sin Semilla de Alta Calidad para Mercados Globales Descubre el sabor, la calidad y la frescura excepcionales de las uvas egipcias sin semilla con PEI Trade: tu socio confiable en la exportaci\u00f3n de uvas egipcias premium. Nuestras uvas se cultivan cuidadosamente en los f\u00e9rtiles suelos del Delta del Nilo y bajo condiciones clim\u00e1ticas ideales, lo que garantiza un color vibrante, textura crujiente y larga vida \u00fatil. En PEI Trade nos especializamos en uvas verdes de Egipto y uvas negras sin semilla de Egipto, ofreciendo un suministro constante a los mercados internacionales durante todo el a\u00f1o. Ya&hellip;<\/p>\n","category_list_v2":"","author_info_v2":{"name":"Maha","url":"https:\/\/peitrade.com\/es\/author\/m-amer\/"},"comments_num_v2":"0 comentarios","mfb_rest_fields":["title","blocksy_meta","featured_image_urls_v2","post_excerpt_stackable_v2","category_list_v2","author_info_v2","comments_num_v2"],"_links":{"self":[{"href":"https:\/\/peitrade.com\/es\/wp-json\/wp\/v2\/pages\/5439","targetHints":{"allow":["GET"]}}],"collection":[{"href":"https:\/\/peitrade.com\/es\/wp-json\/wp\/v2\/pages"}],"about":[{"href":"https:\/\/peitrade.com\/es\/wp-json\/wp\/v2\/types\/page"}],"author":[{"embeddable":true,"href":"https:\/\/peitrade.com\/es\/wp-json\/wp\/v2\/users\/9"}],"replies":[{"embeddable":true,"href":"https:\/\/peitrade.com\/es\/wp-json\/wp\/v2\/comments?post=5439"}],"version-history":[{"count":1,"href":"https:\/\/peitrade.com\/es\/wp-json\/wp\/v2\/pages\/5439\/revisions"}],"predecessor-version":[{"id":5440,"href":"https:\/\/peitrade.com\/es\/wp-json\/wp\/v2\/pages\/5439\/revisions\/5440"}],"wp:attachment":[{"href":"https:\/\/peitrade.com\/es\/wp-json\/wp\/v2\/media?parent=5439"}],"curies":[{"name":"wp","href":"https:\/\/api.w.org\/{rel}","templated":true}]}}