{"id":5572,"date":"2025-05-15T08:54:48","date_gmt":"2025-05-15T08:54:48","guid":{"rendered":"http:\/\/46.224.74.15\/exportadores-de-guayaba-de-egipto\/"},"modified":"2025-11-19T16:45:00","modified_gmt":"2025-11-19T16:45:00","slug":"exportadores-de-guayaba-de-egipto","status":"publish","type":"page","link":"https:\/\/peitrade.com\/es\/exportadores-de-guayaba-de-egipto\/","title":{"rendered":"Su Fuente Confiable de Exportaci\u00f3n de Guayaba Egipcia \u2013 PEI Trade"},"content":{"rendered":"<section class=\"section\" style=\"padding: 60px 20px; background-color: #f9f9f9;\">\n<div class=\"container\">\n<h1>Su Fuente Confiable de Exportaci\u00f3n de Guayaba Egipcia \u2013 PEI Trade<\/h1>\n<p>En PEI Trade, nos especializamos en entregar guayabas egipcias de alta calidad a compradores internacionales, gan\u00e1ndonos un lugar entre los principales exportadores de guayaba de Egipto. Nuestras operaciones se basan en la confianza, la calidad y una log\u00edstica impecable. Ya sea que busque para venta minorista, mayorista o procesamiento, nuestra guayaba fresca de Egipto se cosecha en su punto \u00f3ptimo de madurez, se envasa a la perfecci\u00f3n y se env\u00eda puntualmente.<\/p>\n<p>Trabajamos exclusivamente con fincas cuidadosamente seleccionadas para obtener las mejores variedades de guayaba egipcia, ofreciendo frutas dulces, de baja fibra y visualmente atractivas, cumpliendo con todas las normativas de exportaci\u00f3n. Desde guayaba amarilla egipcia hasta guayaba org\u00e1nica para exportaci\u00f3n, nuestro portafolio se adapta a las m\u00e1s diversas preferencias de los compradores.<\/p>\n<p>Al asociarse con PEI Trade, contar\u00e1 con una empresa confiable de exportaci\u00f3n de guayabas en Egipto que combina garant\u00eda de calidad, experiencia en exportaci\u00f3n y un profundo conocimiento del mercado internacional de frutas.<\/p>\n<\/div>\n<\/section>\n<div class=\"wp-block-woocommerce-product-collection\"><div class=\"woocommerce columns-4 \"><ul class=\"products columns-4\" data-products=\"type-2\">\n<li class=\"product type-product post-7665 status-publish first instock product_cat-fruits has-post-thumbnail shipping-taxable product-type-simple\">\n\t<a href=\"https:\/\/peitrade.com\/es\/product\/fresas\/\" class=\"woocommerce-LoopProduct-link woocommerce-loop-product__link\"><img decoding=\"async\" width=\"300\" height=\"300\" src=\"https:\/\/peitrade.com\/wp-content\/uploads\/2025\/11\/Egyptian-Strawberries-300x300.webp\" class=\"attachment-woocommerce_thumbnail size-woocommerce_thumbnail\" alt=\"Fresas\" srcset=\"https:\/\/peitrade.com\/wp-content\/uploads\/2025\/11\/Egyptian-Strawberries-300x300.webp 300w, https:\/\/peitrade.com\/wp-content\/uploads\/2025\/11\/Egyptian-Strawberries-150x150.webp 150w, https:\/\/peitrade.com\/wp-content\/uploads\/2025\/11\/Egyptian-Strawberries-768x768.webp 768w, https:\/\/peitrade.com\/wp-content\/uploads\/2025\/11\/Egyptian-Strawberries-600x600.webp 600w, https:\/\/peitrade.com\/wp-content\/uploads\/2025\/11\/Egyptian-Strawberries-100x100.webp 100w, https:\/\/peitrade.com\/wp-content\/uploads\/2025\/11\/Egyptian-Strawberries.webp 1024w\" sizes=\"(max-width: 300px) 100vw, 300px\" title=\"\"><h2 class=\"woocommerce-loop-product__title\">Fresas<\/h2>\n<\/a><a href=\"https:\/\/peitrade.com\/es\/product\/fresas\/\" aria-describedby=\"woocommerce_loop_add_to_cart_link_describedby_7665\" data-quantity=\"1\" class=\"button product_type_simple\" data-product_id=\"7665\" data-product_sku=\"81010\" aria-label=\"Lee m\u00e1s sobre &ldquo;Fresas&rdquo;\" rel=\"nofollow\" data-success_message=\"\">Leer m\u00e1s<\/a>\t<span id=\"woocommerce_loop_add_to_cart_link_describedby_7665\" class=\"screen-reader-text\">\n\t\t\t<\/span>\n<\/li>\n<li class=\"product type-product post-7577 status-publish instock product_cat-in-season product_cat-fruits has-post-thumbnail shipping-taxable product-type-simple\">\n\t<a href=\"https:\/\/peitrade.com\/es\/product\/guayaba\/\" class=\"woocommerce-LoopProduct-link woocommerce-loop-product__link\"><img decoding=\"async\" width=\"300\" height=\"300\" src=\"https:\/\/peitrade.com\/wp-content\/uploads\/2025\/11\/Egyptian-Guava-300x300.webp\" class=\"attachment-woocommerce_thumbnail size-woocommerce_thumbnail\" alt=\"Egyptian Guava\" srcset=\"https:\/\/peitrade.com\/wp-content\/uploads\/2025\/11\/Egyptian-Guava-300x300.webp 300w, https:\/\/peitrade.com\/wp-content\/uploads\/2025\/11\/Egyptian-Guava-150x150.webp 150w, https:\/\/peitrade.com\/wp-content\/uploads\/2025\/11\/Egyptian-Guava-768x768.webp 768w, https:\/\/peitrade.com\/wp-content\/uploads\/2025\/11\/Egyptian-Guava-600x600.webp 600w, https:\/\/peitrade.com\/wp-content\/uploads\/2025\/11\/Egyptian-Guava-100x100.webp 100w, https:\/\/peitrade.com\/wp-content\/uploads\/2025\/11\/Egyptian-Guava.webp 1024w\" sizes=\"(max-width: 300px) 100vw, 300px\" title=\"\"><h2 class=\"woocommerce-loop-product__title\">Guayaba<\/h2>\n<\/a><a href=\"https:\/\/peitrade.com\/es\/product\/guayaba\/\" aria-describedby=\"woocommerce_loop_add_to_cart_link_describedby_7577\" data-quantity=\"1\" class=\"button product_type_simple\" data-product_id=\"7577\" data-product_sku=\"80451\" aria-label=\"Lee m\u00e1s sobre &ldquo;Guayaba&rdquo;\" rel=\"nofollow\" data-success_message=\"\">Leer m\u00e1s<\/a>\t<span id=\"woocommerce_loop_add_to_cart_link_describedby_7577\" class=\"screen-reader-text\">\n\t\t\t<\/span>\n<\/li>\n<li class=\"product type-product post-7537 status-publish instock product_cat-in-season product_cat-fruits has-post-thumbnail shipping-taxable product-type-simple\">\n\t<a href=\"https:\/\/peitrade.com\/es\/product\/limones\/\" class=\"woocommerce-LoopProduct-link woocommerce-loop-product__link\"><img decoding=\"async\" width=\"300\" height=\"300\" src=\"https:\/\/peitrade.com\/wp-content\/uploads\/2025\/11\/Egyptian-Lemons-300x300.webp\" class=\"attachment-woocommerce_thumbnail size-woocommerce_thumbnail\" alt=\"Limones\" srcset=\"https:\/\/peitrade.com\/wp-content\/uploads\/2025\/11\/Egyptian-Lemons-300x300.webp 300w, https:\/\/peitrade.com\/wp-content\/uploads\/2025\/11\/Egyptian-Lemons-150x150.webp 150w, https:\/\/peitrade.com\/wp-content\/uploads\/2025\/11\/Egyptian-Lemons-768x768.webp 768w, https:\/\/peitrade.com\/wp-content\/uploads\/2025\/11\/Egyptian-Lemons-600x600.webp 600w, https:\/\/peitrade.com\/wp-content\/uploads\/2025\/11\/Egyptian-Lemons-100x100.webp 100w, https:\/\/peitrade.com\/wp-content\/uploads\/2025\/11\/Egyptian-Lemons.webp 1024w\" sizes=\"(max-width: 300px) 100vw, 300px\" title=\"\"><h2 class=\"woocommerce-loop-product__title\">Limones<\/h2>\n<\/a><a href=\"https:\/\/peitrade.com\/es\/product\/limones\/\" aria-describedby=\"woocommerce_loop_add_to_cart_link_describedby_7537\" data-quantity=\"1\" class=\"button product_type_simple\" data-product_id=\"7537\" data-product_sku=\"80550\" aria-label=\"Lee m\u00e1s sobre &ldquo;Limones&rdquo;\" rel=\"nofollow\" data-success_message=\"\">Leer m\u00e1s<\/a>\t<span id=\"woocommerce_loop_add_to_cart_link_describedby_7537\" class=\"screen-reader-text\">\n\t\t\t<\/span>\n<\/li>\n<li class=\"product type-product post-7443 status-publish last instock product_cat-in-season product_cat-fruits has-post-thumbnail shipping-taxable product-type-simple\">\n\t<a href=\"https:\/\/peitrade.com\/es\/product\/naranjas\/\" class=\"woocommerce-LoopProduct-link woocommerce-loop-product__link\"><img decoding=\"async\" width=\"300\" height=\"300\" src=\"https:\/\/peitrade.com\/wp-content\/uploads\/2025\/11\/Egyptian-Oranges-300x300.webp\" class=\"attachment-woocommerce_thumbnail size-woocommerce_thumbnail\" alt=\"Las exportaciones de naranjas egipcias a Canad\u00e1 alcanzan un r\u00e9cord en 2025\" srcset=\"https:\/\/peitrade.com\/wp-content\/uploads\/2025\/11\/Egyptian-Oranges-300x300.webp 300w, https:\/\/peitrade.com\/wp-content\/uploads\/2025\/11\/Egyptian-Oranges-150x150.webp 150w, https:\/\/peitrade.com\/wp-content\/uploads\/2025\/11\/Egyptian-Oranges-768x768.webp 768w, https:\/\/peitrade.com\/wp-content\/uploads\/2025\/11\/Egyptian-Oranges-600x600.webp 600w, https:\/\/peitrade.com\/wp-content\/uploads\/2025\/11\/Egyptian-Oranges-100x100.webp 100w, https:\/\/peitrade.com\/wp-content\/uploads\/2025\/11\/Egyptian-Oranges.webp 1024w\" sizes=\"(max-width: 300px) 100vw, 300px\" title=\"\"><h2 class=\"woocommerce-loop-product__title\">Naranjas<\/h2>\n<\/a><a href=\"https:\/\/peitrade.com\/es\/product\/naranjas\/\" aria-describedby=\"woocommerce_loop_add_to_cart_link_describedby_7443\" data-quantity=\"1\" class=\"button product_type_simple\" data-product_id=\"7443\" data-product_sku=\"80510\" aria-label=\"Lee m\u00e1s sobre &ldquo;Naranjas&rdquo;\" rel=\"nofollow\" data-success_message=\"\">Leer m\u00e1s<\/a>\t<span id=\"woocommerce_loop_add_to_cart_link_describedby_7443\" class=\"screen-reader-text\">\n\t\t\t<\/span>\n<\/li>\n<\/ul>\n<\/div><\/div>\n<section class=\"section\" style=\"padding: 50px 20px;\">\n<div class=\"container\">\n<h2>Por Qu\u00e9 los Importadores Globales Eligen a PEI Trade para Guayaba Egipcia<\/h2>\n<p>PEI Trade se destaca entre los proveedores de guayaba en Egipto gracias a nuestras rigurosas pr\u00e1cticas post-cosecha, opciones de empaque personalizadas y un servicio transparente. No solo exportamos guayabas \u2014 entregamos valor y tranquilidad.<\/p>\n<ul>\n<li>Guayabas de calidad premium con excelente vida \u00fatil<\/li>\n<li>Rastreabilidad completa y documentaci\u00f3n de inocuidad alimentaria<\/li>\n<li>Empaque personalizado para cadenas minoristas, servicios de alimentos o compradores a granel<\/li>\n<li>Planificaci\u00f3n estacional confiable y coordinaci\u00f3n log\u00edstica global<\/li>\n<\/ul>\n<h2>Ascendiendo Entre los Mejores Exportadores de Guayaba de Egipto<\/h2>\n<p>Como una empresa exportadora de guayaba con visi\u00f3n de futuro en la que conf\u00edan los compradores egipcios, PEI Trade se gu\u00eda por la innovaci\u00f3n y la responsabilidad. Nuestra misi\u00f3n es llevar la frescura de las guayabas egipcias al mundo, de forma segura, eficiente y sostenible.<\/p>\n<ul>\n<li>Abastecimiento directo de los mejores huertos de Egipto con pr\u00e1cticas sostenibles<\/li>\n<li>Log\u00edstica de cadena de fr\u00edo desde la finca hasta el puerto para m\u00e1xima frescura<\/li>\n<li>Opciones de exportaci\u00f3n de guayaba org\u00e1nica disponibles bajo solicitud<\/li>\n<\/ul>\n<p>Somos una empresa joven, pero nuestra agilidad, enfoque y experiencia en exportaci\u00f3n nos diferencian de otros exportadores de guayaba en Egipto.<\/p>\n<\/div>\n<\/section>\n<section class=\"section\" style=\"padding: 50px 20px;\">\n<div class=\"container\">\n<h2>M\u00e1s Productos Frescos de Egipto<\/h2>\n<p>Adem\u00e1s de guayabas, PEI Trade tambi\u00e9n ofrece una lista en crecimiento de productos frescos egipcios disponibles para exportaci\u00f3n. Nuestro compromiso con la calidad y la satisfacci\u00f3n del cliente se aplica a todas las categor\u00edas de productos.<\/p>\n<div class=\"wp-block-woocommerce-product-collection\"><div class=\"woocommerce columns-4 \"><ul class=\"products columns-4\" data-products=\"type-2\">\n<li class=\"product type-product post-7742 status-publish first instock product_cat-fruits has-post-thumbnail shipping-taxable product-type-simple\">\n\t<a href=\"https:\/\/peitrade.com\/es\/product\/granada\/\" class=\"woocommerce-LoopProduct-link woocommerce-loop-product__link\"><img decoding=\"async\" width=\"300\" height=\"300\" src=\"https:\/\/peitrade.com\/wp-content\/uploads\/2025\/11\/Egyptian-Pomegranate-300x300.webp\" class=\"attachment-woocommerce_thumbnail size-woocommerce_thumbnail\" alt=\"Pomegranates: The Superfruit Appeal\" srcset=\"https:\/\/peitrade.com\/wp-content\/uploads\/2025\/11\/Egyptian-Pomegranate-300x300.webp 300w, https:\/\/peitrade.com\/wp-content\/uploads\/2025\/11\/Egyptian-Pomegranate-150x150.webp 150w, https:\/\/peitrade.com\/wp-content\/uploads\/2025\/11\/Egyptian-Pomegranate-768x768.webp 768w, https:\/\/peitrade.com\/wp-content\/uploads\/2025\/11\/Egyptian-Pomegranate-600x600.webp 600w, https:\/\/peitrade.com\/wp-content\/uploads\/2025\/11\/Egyptian-Pomegranate-100x100.webp 100w, https:\/\/peitrade.com\/wp-content\/uploads\/2025\/11\/Egyptian-Pomegranate.webp 1024w\" sizes=\"(max-width: 300px) 100vw, 300px\" title=\"\"><h2 class=\"woocommerce-loop-product__title\">Granada<\/h2>\n<\/a><a href=\"https:\/\/peitrade.com\/es\/product\/granada\/\" aria-describedby=\"woocommerce_loop_add_to_cart_link_describedby_7742\" data-quantity=\"1\" class=\"button product_type_simple\" data-product_id=\"7742\" data-product_sku=\"81090\" aria-label=\"Lee m\u00e1s sobre &ldquo;Granada&rdquo;\" rel=\"nofollow\" data-success_message=\"\">Leer m\u00e1s<\/a>\t<span id=\"woocommerce_loop_add_to_cart_link_describedby_7742\" class=\"screen-reader-text\">\n\t\t\t<\/span>\n<\/li>\n<li class=\"product type-product post-7577 status-publish instock product_cat-in-season product_cat-fruits has-post-thumbnail shipping-taxable product-type-simple\">\n\t<a href=\"https:\/\/peitrade.com\/es\/product\/guayaba\/\" class=\"woocommerce-LoopProduct-link woocommerce-loop-product__link\"><img decoding=\"async\" width=\"300\" height=\"300\" src=\"https:\/\/peitrade.com\/wp-content\/uploads\/2025\/11\/Egyptian-Guava-300x300.webp\" class=\"attachment-woocommerce_thumbnail size-woocommerce_thumbnail\" alt=\"Egyptian Guava\" srcset=\"https:\/\/peitrade.com\/wp-content\/uploads\/2025\/11\/Egyptian-Guava-300x300.webp 300w, https:\/\/peitrade.com\/wp-content\/uploads\/2025\/11\/Egyptian-Guava-150x150.webp 150w, https:\/\/peitrade.com\/wp-content\/uploads\/2025\/11\/Egyptian-Guava-768x768.webp 768w, https:\/\/peitrade.com\/wp-content\/uploads\/2025\/11\/Egyptian-Guava-600x600.webp 600w, https:\/\/peitrade.com\/wp-content\/uploads\/2025\/11\/Egyptian-Guava-100x100.webp 100w, https:\/\/peitrade.com\/wp-content\/uploads\/2025\/11\/Egyptian-Guava.webp 1024w\" sizes=\"(max-width: 300px) 100vw, 300px\" title=\"\"><h2 class=\"woocommerce-loop-product__title\">Guayaba<\/h2>\n<\/a><a href=\"https:\/\/peitrade.com\/es\/product\/guayaba\/\" aria-describedby=\"woocommerce_loop_add_to_cart_link_describedby_7577\" data-quantity=\"1\" class=\"button product_type_simple\" data-product_id=\"7577\" data-product_sku=\"80451\" aria-label=\"Lee m\u00e1s sobre &ldquo;Guayaba&rdquo;\" rel=\"nofollow\" data-success_message=\"\">Leer m\u00e1s<\/a>\t<span id=\"woocommerce_loop_add_to_cart_link_describedby_7577\" class=\"screen-reader-text\">\n\t\t\t<\/span>\n<\/li>\n<li class=\"product type-product post-7644 status-publish instock product_cat-fruits has-post-thumbnail shipping-taxable product-type-simple\">\n\t<a href=\"https:\/\/peitrade.com\/es\/product\/mango\/\" class=\"woocommerce-LoopProduct-link woocommerce-loop-product__link\"><img decoding=\"async\" width=\"300\" height=\"300\" src=\"https:\/\/peitrade.com\/wp-content\/uploads\/2025\/11\/Egyption-Mango-300x300.webp\" class=\"attachment-woocommerce_thumbnail size-woocommerce_thumbnail\" alt=\"Mangoes: Egypt\u2019s Tropical Treasure\" srcset=\"https:\/\/peitrade.com\/wp-content\/uploads\/2025\/11\/Egyption-Mango-300x300.webp 300w, https:\/\/peitrade.com\/wp-content\/uploads\/2025\/11\/Egyption-Mango-150x150.webp 150w, https:\/\/peitrade.com\/wp-content\/uploads\/2025\/11\/Egyption-Mango-768x768.webp 768w, https:\/\/peitrade.com\/wp-content\/uploads\/2025\/11\/Egyption-Mango-600x600.webp 600w, https:\/\/peitrade.com\/wp-content\/uploads\/2025\/11\/Egyption-Mango-100x100.webp 100w, https:\/\/peitrade.com\/wp-content\/uploads\/2025\/11\/Egyption-Mango.webp 1024w\" sizes=\"(max-width: 300px) 100vw, 300px\" title=\"\"><h2 class=\"woocommerce-loop-product__title\">Mango<\/h2>\n<\/a><a href=\"https:\/\/peitrade.com\/es\/product\/mango\/\" aria-describedby=\"woocommerce_loop_add_to_cart_link_describedby_7644\" data-quantity=\"1\" class=\"button product_type_simple\" data-product_id=\"7644\" data-product_sku=\"80450\" aria-label=\"Lee m\u00e1s sobre &ldquo;Mango&rdquo;\" rel=\"nofollow\" data-success_message=\"\">Leer m\u00e1s<\/a>\t<span id=\"woocommerce_loop_add_to_cart_link_describedby_7644\" class=\"screen-reader-text\">\n\t\t\t<\/span>\n<\/li>\n<li class=\"product type-product post-7579 status-publish last instock product_cat-fruits has-post-thumbnail shipping-taxable product-type-simple\">\n\t<a href=\"https:\/\/peitrade.com\/es\/product\/uvas\/\" class=\"woocommerce-LoopProduct-link woocommerce-loop-product__link\"><img decoding=\"async\" width=\"300\" height=\"300\" src=\"https:\/\/peitrade.com\/wp-content\/uploads\/2025\/11\/Egyptian-Grapes-300x300.webp\" class=\"attachment-woocommerce_thumbnail size-woocommerce_thumbnail\" alt=\"Grapes: A Rising Star\" srcset=\"https:\/\/peitrade.com\/wp-content\/uploads\/2025\/11\/Egyptian-Grapes-300x300.webp 300w, https:\/\/peitrade.com\/wp-content\/uploads\/2025\/11\/Egyptian-Grapes-150x150.webp 150w, https:\/\/peitrade.com\/wp-content\/uploads\/2025\/11\/Egyptian-Grapes-768x768.webp 768w, https:\/\/peitrade.com\/wp-content\/uploads\/2025\/11\/Egyptian-Grapes-600x600.webp 600w, https:\/\/peitrade.com\/wp-content\/uploads\/2025\/11\/Egyptian-Grapes-100x100.webp 100w, https:\/\/peitrade.com\/wp-content\/uploads\/2025\/11\/Egyptian-Grapes.webp 1024w\" sizes=\"(max-width: 300px) 100vw, 300px\" title=\"\"><h2 class=\"woocommerce-loop-product__title\">Uvas<\/h2>\n<\/a><a href=\"https:\/\/peitrade.com\/es\/product\/uvas\/\" aria-describedby=\"woocommerce_loop_add_to_cart_link_describedby_7579\" data-quantity=\"1\" class=\"button product_type_simple\" data-product_id=\"7579\" data-product_sku=\"80610\" aria-label=\"Lee m\u00e1s sobre &ldquo;Uvas&rdquo;\" rel=\"nofollow\" data-success_message=\"\">Leer m\u00e1s<\/a>\t<span id=\"woocommerce_loop_add_to_cart_link_describedby_7579\" class=\"screen-reader-text\">\n\t\t\t<\/span>\n<\/li>\n<\/ul>\n<\/div><\/div>\n<\/div>\n<\/section>\n<section class=\"section\" style=\"padding: 50px 20px; background-color: #f0f0f0;\">\n<div class=\"container\">\n<h2>Temporada de Cosecha de la Guayaba Egipcia y Calendario de Env\u00edos<\/h2>\n<p>La principal temporada de guayaba en Egipto comienza en junio y se extiende hasta septiembre, con variantes tempranas y tard\u00edas que ampl\u00edan la ventana de disponibilidad. PEI Trade sincroniza sus env\u00edos con el pico de la cosecha para garantizar la m\u00e1xima frescura y valor para los mercados globales.<\/p>\n<h2>Empaque y Cumplimiento de Normativas de Exportaci\u00f3n<\/h2>\n<p>Desde cajas de marca para retail hasta embalajes industriales, PEI Trade se adapta a sus necesidades exactas. Todos los env\u00edos incluyen documentaci\u00f3n completa, monitoreo de la cadena de fr\u00edo y etiquetado espec\u00edfico para cada mercado, garantizando un despacho aduanero fluido y preparaci\u00f3n inmediata para la venta.<\/p>\n<p style=\"text-align: center; margin-top: 40px;\"><a class=\"button primary large\" href=\"\/contact\">Haz Tu Pedido<\/a><\/p>\n<\/div>\n<\/section>\n<section class=\"section\" style=\"padding: 50px 20px; background-color: #f9f9f9;\">\n<div class=\"container\">\n<h2>Preguntas Frecuentes<\/h2>\n<div>\n<div>\n<h3>\u00bfCu\u00e1ndo es la temporada de guayaba en Egipto?<\/h3>\n<div>La temporada de guayaba en Egipto generalmente va de junio a septiembre, aunque algunas variedades pueden extender un poco m\u00e1s la disponibilidad.<\/div>\n<\/div>\n<div>\n<h3>\u00bfPuedo comprar guayaba egipcia en l\u00ednea al por mayor?<\/h3>\n<div>S\u00ed. PEI Trade ofrece pedidos al por mayor y permite a compradores internacionales adquirir guayaba egipcia en l\u00ednea a trav\u00e9s de nuestros servicios de exportaci\u00f3n.<\/div>\n<\/div>\n<div>\n<h3>\u00bfC\u00f3mo mantienen la frescura durante el transporte?<\/h3>\n<div>Utilizamos log\u00edstica de cadena de fr\u00edo en toda la ruta de exportaci\u00f3n \u2014 comenzando con el preenfriamiento en fincas, transporte refrigerado y contenedores de env\u00edo con temperatura controlada para conservar la frescura.<\/div>\n<\/div>\n<div>\n<h3>\u00bfA qu\u00e9 mercados exportan sus guayabas?<\/h3>\n<div>Exportamos a una amplia variedad de mercados, incluyendo Europa, la regi\u00f3n del Golfo, el sudeste asi\u00e1tico y el norte de \u00c1frica. Tambi\u00e9n estamos abiertos a formar alianzas en nuevas regiones.<\/div>\n<\/div>\n<\/div>\n<\/div>\n<\/section>\n","protected":false},"excerpt":{"rendered":"<p>Su Fuente Confiable de Exportaci\u00f3n de Guayaba Egipcia \u2013 PEI Trade En PEI Trade, nos especializamos en entregar guayabas egipcias de alta calidad a compradores internacionales, gan\u00e1ndonos un lugar entre los principales exportadores de guayaba de Egipto. Nuestras operaciones se basan en la confianza, la calidad y una log\u00edstica impecable. Ya sea que busque para [&hellip;]<\/p>\n","protected":false},"author":1,"featured_media":0,"parent":0,"menu_order":0,"comment_status":"closed","ping_status":"closed","template":"","meta":{"footnotes":""},"class_list":["post-5572","page","type-page","status-publish","hentry"],"blocksy_meta":[],"mb":[],"featured_image_urls_v2":{"full":"","thumbnail":"","medium":"","medium_large":"","large":"","1536x1536":"","2048x2048":"","woocommerce_archive_thumbnail":"","woocommerce_thumbnail":"","woocommerce_single":"","woocommerce_gallery_thumbnail":""},"post_excerpt_stackable_v2":"<p>Su Fuente Confiable de Exportaci\u00f3n de Guayaba Egipcia \u2013 PEI Trade En PEI Trade, nos especializamos en entregar guayabas egipcias de alta calidad a compradores internacionales, gan\u00e1ndonos un lugar entre los principales exportadores de guayaba de Egipto. Nuestras operaciones se basan en la confianza, la calidad y una log\u00edstica impecable. Ya sea que busque para venta minorista, mayorista o procesamiento, nuestra guayaba fresca de Egipto se cosecha en su punto \u00f3ptimo de madurez, se envasa a la perfecci\u00f3n y se env\u00eda puntualmente. Trabajamos exclusivamente con fincas cuidadosamente seleccionadas para obtener las mejores variedades de guayaba egipcia, ofreciendo frutas dulces, de&hellip;<\/p>\n","category_list_v2":"","author_info_v2":{"name":"Mostafa Sabry","url":"https:\/\/peitrade.com\/es\/author\/emostafaadel_jn8gcqbo\/"},"comments_num_v2":"0 comentarios","mfb_rest_fields":["title","blocksy_meta","featured_image_urls_v2","post_excerpt_stackable_v2","category_list_v2","author_info_v2","comments_num_v2"],"_links":{"self":[{"href":"https:\/\/peitrade.com\/es\/wp-json\/wp\/v2\/pages\/5572","targetHints":{"allow":["GET"]}}],"collection":[{"href":"https:\/\/peitrade.com\/es\/wp-json\/wp\/v2\/pages"}],"about":[{"href":"https:\/\/peitrade.com\/es\/wp-json\/wp\/v2\/types\/page"}],"author":[{"embeddable":true,"href":"https:\/\/peitrade.com\/es\/wp-json\/wp\/v2\/users\/1"}],"replies":[{"embeddable":true,"href":"https:\/\/peitrade.com\/es\/wp-json\/wp\/v2\/comments?post=5572"}],"version-history":[{"count":1,"href":"https:\/\/peitrade.com\/es\/wp-json\/wp\/v2\/pages\/5572\/revisions"}],"predecessor-version":[{"id":5573,"href":"https:\/\/peitrade.com\/es\/wp-json\/wp\/v2\/pages\/5572\/revisions\/5573"}],"wp:attachment":[{"href":"https:\/\/peitrade.com\/es\/wp-json\/wp\/v2\/media?parent=5572"}],"curies":[{"name":"wp","href":"https:\/\/api.w.org\/{rel}","templated":true}]}}