{"id":5712,"date":"2025-05-19T09:30:00","date_gmt":"2025-05-19T09:30:00","guid":{"rendered":"http:\/\/46.224.74.15\/tomates-ciruela-egipcios-ricos-en-sabor\/"},"modified":"2025-11-19T16:45:46","modified_gmt":"2025-11-19T16:45:46","slug":"tomates-ciruela-egipcios-ricos-en-sabor","status":"publish","type":"page","link":"https:\/\/peitrade.com\/es\/tomates-ciruela-egipcios-ricos-en-sabor\/","title":{"rendered":"Tomates Ciruela Egipcios Ricos en Sabor \u2013 Suministrados para Compradores Internacionales"},"content":{"rendered":"<section style=\"padding: 60px 20px; background-color: #f9f9f9;\" data-darkreader-inline-bgcolor=\"\">\n<div class=\"container\">\n<h1>Tomates Ciruela Egipcios Ricos en Sabor \u2013 Suministrados para Compradores Internacionales<\/h1>\n<p>En PEI Trade, nos especializamos en la exportaci\u00f3n de tomates ciruela egipcios que cumplen con los estrictos requisitos de procesadores de alimentos, fabricantes de pasta de tomate e importadores mayoristas. Procedentes de las f\u00e9rtiles zonas agr\u00edcolas del Alto Egipto y el Delta del Nilo, nuestros tomates ciruela son conocidos por su textura carnosa, color rojo intenso y bajo contenido de humedad, lo que los hace altamente adecuados tanto para el procesamiento industrial como para la distribuci\u00f3n fresca. Ya sea que est\u00e9 suministrando salsas, productos de tomate enlatados o buscando tomates de alta calidad para envasado, PEI Trade entrega con precisi\u00f3n, calidad y consistencia estacional.<\/p>\n<\/div>\n<\/section>\n<div class=\"wp-block-woocommerce-product-collection\"><div class=\"woocommerce columns-4 \"><ul class=\"products columns-4\" data-products=\"type-2\">\n<li class=\"product type-product post-7374 status-publish first instock product_cat-in-season product_cat-vegetables has-post-thumbnail shipping-taxable product-type-simple\">\n\t<a href=\"https:\/\/peitrade.com\/es\/product\/ajo\/\" class=\"woocommerce-LoopProduct-link woocommerce-loop-product__link\"><img decoding=\"async\" width=\"300\" height=\"300\" src=\"https:\/\/peitrade.com\/wp-content\/uploads\/2025\/11\/Egyptian-Garlic-300x300.webp\" class=\"attachment-woocommerce_thumbnail size-woocommerce_thumbnail\" alt=\"Ajo\" srcset=\"https:\/\/peitrade.com\/wp-content\/uploads\/2025\/11\/Egyptian-Garlic-300x300.webp 300w, https:\/\/peitrade.com\/wp-content\/uploads\/2025\/11\/Egyptian-Garlic-150x150.webp 150w, https:\/\/peitrade.com\/wp-content\/uploads\/2025\/11\/Egyptian-Garlic-768x768.webp 768w, https:\/\/peitrade.com\/wp-content\/uploads\/2025\/11\/Egyptian-Garlic-600x600.webp 600w, https:\/\/peitrade.com\/wp-content\/uploads\/2025\/11\/Egyptian-Garlic-100x100.webp 100w, https:\/\/peitrade.com\/wp-content\/uploads\/2025\/11\/Egyptian-Garlic.webp 1024w\" sizes=\"(max-width: 300px) 100vw, 300px\" title=\"\"><h2 class=\"woocommerce-loop-product__title\">Ajo<\/h2>\n<\/a><a href=\"https:\/\/peitrade.com\/es\/product\/ajo\/\" aria-describedby=\"woocommerce_loop_add_to_cart_link_describedby_7374\" data-quantity=\"1\" class=\"button product_type_simple\" data-product_id=\"7374\" data-product_sku=\"70320\" aria-label=\"Lee m\u00e1s sobre &ldquo;Ajo&rdquo;\" rel=\"nofollow\" data-success_message=\"\">Leer m\u00e1s<\/a>\t<span id=\"woocommerce_loop_add_to_cart_link_describedby_7374\" class=\"screen-reader-text\">\n\t\t\t<\/span>\n<\/li>\n<li class=\"product type-product post-7790 status-publish instock product_cat-in-season product_cat-vegetables has-post-thumbnail shipping-taxable product-type-simple\">\n\t<a href=\"https:\/\/peitrade.com\/es\/product\/batatas-dulces\/\" class=\"woocommerce-LoopProduct-link woocommerce-loop-product__link\"><img decoding=\"async\" width=\"300\" height=\"300\" src=\"https:\/\/peitrade.com\/wp-content\/uploads\/2025\/11\/Egyptian-Sweet-Potatoes-300x300.webp\" class=\"attachment-woocommerce_thumbnail size-woocommerce_thumbnail\" alt=\"Egyptian Sweet Potatoes - PEI Trade\" srcset=\"https:\/\/peitrade.com\/wp-content\/uploads\/2025\/11\/Egyptian-Sweet-Potatoes-300x300.webp 300w, https:\/\/peitrade.com\/wp-content\/uploads\/2025\/11\/Egyptian-Sweet-Potatoes-150x150.webp 150w, https:\/\/peitrade.com\/wp-content\/uploads\/2025\/11\/Egyptian-Sweet-Potatoes-768x768.webp 768w, https:\/\/peitrade.com\/wp-content\/uploads\/2025\/11\/Egyptian-Sweet-Potatoes-600x600.webp 600w, https:\/\/peitrade.com\/wp-content\/uploads\/2025\/11\/Egyptian-Sweet-Potatoes-100x100.webp 100w, https:\/\/peitrade.com\/wp-content\/uploads\/2025\/11\/Egyptian-Sweet-Potatoes.webp 1024w\" sizes=\"(max-width: 300px) 100vw, 300px\" title=\"\"><h2 class=\"woocommerce-loop-product__title\">Batatas dulces<\/h2>\n<\/a><a href=\"https:\/\/peitrade.com\/es\/product\/batatas-dulces\/\" aria-describedby=\"woocommerce_loop_add_to_cart_link_describedby_7790\" data-quantity=\"1\" class=\"button product_type_simple\" data-product_id=\"7790\" data-product_sku=\"71420\" aria-label=\"Lee m\u00e1s sobre &ldquo;Batatas dulces&rdquo;\" rel=\"nofollow\" data-success_message=\"\">Leer m\u00e1s<\/a>\t<span id=\"woocommerce_loop_add_to_cart_link_describedby_7790\" class=\"screen-reader-text\">\n\t\t\t<\/span>\n<\/li>\n<li class=\"product type-product post-7717 status-publish instock product_cat-in-season product_cat-legumes has-post-thumbnail shipping-taxable product-type-simple\">\n\t<a href=\"https:\/\/peitrade.com\/es\/product\/frijoles-blancos-secos\/\" class=\"woocommerce-LoopProduct-link woocommerce-loop-product__link\"><img decoding=\"async\" width=\"300\" height=\"300\" src=\"https:\/\/peitrade.com\/wp-content\/uploads\/2025\/11\/Egyptian-White-Beans-300x300.webp\" class=\"attachment-woocommerce_thumbnail size-woocommerce_thumbnail\" alt=\"Frijoles blancos secos\" srcset=\"https:\/\/peitrade.com\/wp-content\/uploads\/2025\/11\/Egyptian-White-Beans-300x300.webp 300w, https:\/\/peitrade.com\/wp-content\/uploads\/2025\/11\/Egyptian-White-Beans-150x150.webp 150w, https:\/\/peitrade.com\/wp-content\/uploads\/2025\/11\/Egyptian-White-Beans-768x768.webp 768w, https:\/\/peitrade.com\/wp-content\/uploads\/2025\/11\/Egyptian-White-Beans-600x600.webp 600w, https:\/\/peitrade.com\/wp-content\/uploads\/2025\/11\/Egyptian-White-Beans-100x100.webp 100w, https:\/\/peitrade.com\/wp-content\/uploads\/2025\/11\/Egyptian-White-Beans.webp 1024w\" sizes=\"(max-width: 300px) 100vw, 300px\" title=\"\"><h2 class=\"woocommerce-loop-product__title\">Frijoles blancos secos<\/h2>\n<\/a><a href=\"https:\/\/peitrade.com\/es\/product\/frijoles-blancos-secos\/\" aria-describedby=\"woocommerce_loop_add_to_cart_link_describedby_7717\" data-quantity=\"1\" class=\"button product_type_simple\" data-product_id=\"7717\" data-product_sku=\"70820\" aria-label=\"Lee m\u00e1s sobre &ldquo;Frijoles blancos secos&rdquo;\" rel=\"nofollow\" data-success_message=\"\">Leer m\u00e1s<\/a>\t<span id=\"woocommerce_loop_add_to_cart_link_describedby_7717\" class=\"screen-reader-text\">\n\t\t\t<\/span>\n<\/li>\n<li class=\"product type-product post-7358 status-publish last instock product_cat-vegetables has-post-thumbnail shipping-taxable product-type-simple\">\n\t<a href=\"https:\/\/peitrade.com\/es\/product\/tomates\/\" class=\"woocommerce-LoopProduct-link woocommerce-loop-product__link\"><img decoding=\"async\" width=\"300\" height=\"300\" src=\"https:\/\/peitrade.com\/wp-content\/uploads\/2025\/11\/Egyptian-Tomatoes-300x300.webp\" class=\"attachment-woocommerce_thumbnail size-woocommerce_thumbnail\" alt=\"Tomates\" srcset=\"https:\/\/peitrade.com\/wp-content\/uploads\/2025\/11\/Egyptian-Tomatoes-300x300.webp 300w, https:\/\/peitrade.com\/wp-content\/uploads\/2025\/11\/Egyptian-Tomatoes-150x150.webp 150w, https:\/\/peitrade.com\/wp-content\/uploads\/2025\/11\/Egyptian-Tomatoes-768x768.webp 768w, https:\/\/peitrade.com\/wp-content\/uploads\/2025\/11\/Egyptian-Tomatoes-600x600.webp 600w, https:\/\/peitrade.com\/wp-content\/uploads\/2025\/11\/Egyptian-Tomatoes-100x100.webp 100w, https:\/\/peitrade.com\/wp-content\/uploads\/2025\/11\/Egyptian-Tomatoes.webp 1024w\" sizes=\"(max-width: 300px) 100vw, 300px\" title=\"\"><h2 class=\"woocommerce-loop-product__title\">Tomates<\/h2>\n<\/a><a href=\"https:\/\/peitrade.com\/es\/product\/tomates\/\" aria-describedby=\"woocommerce_loop_add_to_cart_link_describedby_7358\" data-quantity=\"1\" class=\"button product_type_simple\" data-product_id=\"7358\" data-product_sku=\"70200\" aria-label=\"Lee m\u00e1s sobre &ldquo;Tomates&rdquo;\" rel=\"nofollow\" data-success_message=\"\">Leer m\u00e1s<\/a>\t<span id=\"woocommerce_loop_add_to_cart_link_describedby_7358\" class=\"screen-reader-text\">\n\t\t\t<\/span>\n<\/li>\n<\/ul>\n<\/div><\/div>\n<section style=\"padding: 50px 20px;\">\n<h2 data-start=\"1197\" data-end=\"1252\">\u00bfQu\u00e9 hace que los tomates ciruela egipcios sean ideales para la exportaci\u00f3n?<\/h2>\n<p class=\"\" data-start=\"1254\" data-end=\"1572\"><strong data-start=\"1254\" data-end=\"1282\">Los tomates ciruela de Egipto<\/strong>\u2014a menudo conocidos como <strong data-start=\"1304\" data-end=\"1321\">tomates Roma<\/strong>\u2014son ampliamente utilizados en la producci\u00f3n comercial de alimentos y productos empaquetados para el consumidor. En comparaci\u00f3n con las variedades redondas est\u00e1ndar, son m\u00e1s densos, compactos y menos propensos a da\u00f1os mec\u00e1nicos, lo que los convierte en una opci\u00f3n confiable para el transporte y procesamiento prolongados.<\/p>\n<p class=\"\" data-start=\"1574\" data-end=\"1622\"><strong data-start=\"1574\" data-end=\"1622\">Atributos clave de los tomates ciruela de PEI Trade:<\/strong><\/p>\n<ul>\n<li data-start=\"1625\" data-end=\"1700\"><strong data-start=\"1625\" data-end=\"1660\">Alto nivel de Brix (az\u00facar natural)<\/strong> para un sabor m\u00e1s profundo en salsas y pastas<\/li>\n<li data-start=\"1703\" data-end=\"1767\"><strong data-start=\"1703\" data-end=\"1735\">Textura firme y paredes gruesas<\/strong>, ideales para cortar en rodajas o en cubos<\/li>\n<li data-start=\"1770\" data-end=\"1835\"><strong data-start=\"1770\" data-end=\"1794\">Contenido m\u00ednimo de semillas<\/strong>, lo que reduce los residuos durante el procesamiento<\/li>\n<li data-start=\"1838\" data-end=\"1889\"><strong data-start=\"1838\" data-end=\"1859\">Mayor vida \u00fatil<\/strong> bajo condiciones de cadena de fr\u00edo<\/li>\n<li data-start=\"1892\" data-end=\"1950\"><strong data-start=\"1892\" data-end=\"1919\">Color rojo intenso atractivo<\/strong>, consistente en todos los env\u00edos<\/li>\n<li data-start=\"1953\" data-end=\"2019\"><strong data-start=\"1953\" data-end=\"1984\">Eficiencia de peso-volumen<\/strong> preferida en cocinas industriales<\/li>\n<\/ul>\n<p class=\"\" data-start=\"2021\" data-end=\"2126\">Cada env\u00edo se selecciona para garantizar un tama\u00f1o, forma y madurez uniforme, alineado con las especificaciones de su producto.<\/p>\n<h2 data-start=\"2133\" data-end=\"2190\">Log\u00edstica de Exportaci\u00f3n de Tomates de Clase Global por PEI Trade<\/h2>\n<p class=\"\" data-start=\"2192\" data-end=\"2396\">Como una <strong data-start=\"2205\" data-end=\"2239\">empresa confiable de exportaci\u00f3n de tomates en Egipto<\/strong>, PEI Trade ha construido una s\u00f3lida reputaci\u00f3n entre los importadores por entregar pedidos a granel puntualmente, cumpliendo con los est\u00e1ndares internacionales de manejo y documentaci\u00f3n.<\/p>\n<p class=\"\" data-start=\"2398\" data-end=\"2428\"><strong data-start=\"2398\" data-end=\"2428\">Caracter\u00edsticas clave de la cadena de suministro:<\/strong><\/p>\n<ul>\n<li data-start=\"2431\" data-end=\"2503\">Programas de env\u00edo semanales durante la <strong data-start=\"2467\" data-end=\"2501\">temporada de cosecha de tomates de Egipto<\/strong><\/li>\n<li data-start=\"2506\" data-end=\"2549\">Pre-selecci\u00f3n para uso industrial vs. minorista<\/li>\n<li data-start=\"2552\" data-end=\"2608\">Pron\u00f3sticos de env\u00edos alineados con su calendario de compras<\/li>\n<li data-start=\"2611\" data-end=\"2657\">Almacenamiento en fr\u00edo y monitoreo de contenedores refrigerados<\/li>\n<\/ul>\n<p class=\"\" data-start=\"2659\" data-end=\"2784\">Apoyamos env\u00edos de carga completa, contenedores mixtos y contratos de env\u00edos con documentaci\u00f3n y etiquetado multiling\u00fces para exportaci\u00f3n.<\/p>\n<h2 data-start=\"2791\" data-end=\"2835\">Temporada Alta de los Tomates Ciruela Egipcios<\/h2>\n<p class=\"\" data-start=\"2837\" data-end=\"3086\">El principal per\u00edodo de cosecha de los <strong data-start=\"2865\" data-end=\"2891\">tomates ciruela egipcios<\/strong> va de <strong data-start=\"4448\" data-end=\"2928\">enero a mayo<\/strong>, con las cosechas m\u00e1s tempranas en el Alto Egipto comenzando tan pronto como en diciembre. Este cronograma permite a los importadores hacer pedidos anticipados antes del ciclo de consumo m\u00e1ximo en el verano.<\/p>\n<p class=\"\" data-start=\"3088\" data-end=\"3116\"><strong data-start=\"3088\" data-end=\"3114\">Pr\u00f3xima temporada disponible:<\/strong><\/p>\n<ul>\n<li data-start=\"3119\" data-end=\"3188\"><strong data-start=\"3119\" data-end=\"3146\">Tomates frescos<\/strong> confirmados y disponibles para agendar pedidos<\/li>\n<li data-start=\"3191\" data-end=\"3249\">Disponibilidad de volumen actualizada semanalmente durante la temporada de cosecha<\/li>\n<li data-start=\"3252\" data-end=\"3320\">Monitoreo en campo para ajustar la madurez de la fruta con el despacho de pedidos<\/li>\n<\/ul>\n<h2 data-start=\"3327\" data-end=\"3350\">Opciones de Empaque<\/h2>\n<p class=\"\" data-start=\"3352\" data-end=\"3438\">Para adaptarse a los procesadores y compradores de grandes vol\u00famenes, ofrecemos opciones de empaque personalizables:<\/p>\n<ul>\n<li data-start=\"3441\" data-end=\"3474\"><strong data-start=\"3441\" data-end=\"3472\">Cajas de 5 kg, 6 kg y 10 kg<\/strong><\/li>\n<li data-start=\"3477\" data-end=\"3526\">Cajas pl\u00e1sticas o eco-cartones para el manejo a granel<\/li>\n<li data-start=\"3529\" data-end=\"3583\"><strong data-start=\"3529\" data-end=\"3568\">Empaque con marca privada y personalizada<\/strong> a solicitud<\/li>\n<li data-start=\"3586\" data-end=\"3642\">Cargas paletizadas dise\u00f1adas para una f\u00e1cil autorizaci\u00f3n aduanera<\/li>\n<\/ul>\n<p class=\"\" data-start=\"3644\" data-end=\"3772\">Todas las unidades son seguras para alimentos, marcadas con c\u00f3digos de trazabilidad y etiquetadas seg\u00fan el idioma y formato del mercado de destino.<\/p>\n<\/section>\n<section style=\"padding: 50px 20px; background-color: #f0f0f0;\" data-darkreader-inline-bgcolor=\"\">\n<div class=\"container\">\n<h2>Solicitar Cotizaci\u00f3n o Muestra<\/h2>\n<p>PEI Trade es su socio confiable entre los exportadores de tomates en Egipto. Para discutir su pr\u00f3ximo env\u00edo o solicitar muestras de tomates ciruela egipcios, contacte a nuestro equipo de exportaci\u00f3n hoy mismo. Respondemos r\u00e1pidamente con disponibilidad estacional, precios y horarios de env\u00edo.<\/p>\n<p style=\"text-align: center; margin-top: 40px;\"><a class=\"button primary large\" href=\"\/contact\">Pedir Ahora<\/a><\/p>\n<\/div>\n<\/section>\n<section style=\"padding: 50px 20px;\">\n<div class=\"container\">\n<h2>Otros Productos Frescos de Egipto<\/h2>\n<p>Adem\u00e1s de tomates, PEI Trade suministra cebollas, papas, ajo, frijoles verdes y m\u00e1s. Apoyamos programas estacionales y contratos de importaci\u00f3n a largo plazo. <a href=\"\/about\">Conozca m\u00e1s sobre nuestros servicios de exportaci\u00f3n<\/a>.<\/p>\n<div class=\"wp-block-woocommerce-product-collection\"><div class=\"woocommerce columns-4 \"><ul class=\"products columns-4\" data-products=\"type-2\">\n<li class=\"product type-product post-7482 status-publish first instock product_cat-in-season product_cat-vegetables has-post-thumbnail shipping-taxable product-type-simple\">\n\t<a href=\"https:\/\/peitrade.com\/es\/product\/cebolla\/\" class=\"woocommerce-LoopProduct-link woocommerce-loop-product__link\"><img decoding=\"async\" width=\"300\" height=\"300\" src=\"https:\/\/peitrade.com\/wp-content\/uploads\/2025\/11\/Egyption-Onion-300x300.webp\" class=\"attachment-woocommerce_thumbnail size-woocommerce_thumbnail\" alt=\"Egyption Onion - PEI Trade\" srcset=\"https:\/\/peitrade.com\/wp-content\/uploads\/2025\/11\/Egyption-Onion-300x300.webp 300w, https:\/\/peitrade.com\/wp-content\/uploads\/2025\/11\/Egyption-Onion-150x150.webp 150w, https:\/\/peitrade.com\/wp-content\/uploads\/2025\/11\/Egyption-Onion-768x768.webp 768w, https:\/\/peitrade.com\/wp-content\/uploads\/2025\/11\/Egyption-Onion-600x600.webp 600w, https:\/\/peitrade.com\/wp-content\/uploads\/2025\/11\/Egyption-Onion-100x100.webp 100w, https:\/\/peitrade.com\/wp-content\/uploads\/2025\/11\/Egyption-Onion.webp 1024w\" sizes=\"(max-width: 300px) 100vw, 300px\" title=\"\"><h2 class=\"woocommerce-loop-product__title\">Cebolla<\/h2>\n<\/a><a href=\"https:\/\/peitrade.com\/es\/product\/cebolla\/\" aria-describedby=\"woocommerce_loop_add_to_cart_link_describedby_7482\" data-quantity=\"1\" class=\"button product_type_simple\" data-product_id=\"7482\" data-product_sku=\"70310\" aria-label=\"Lee m\u00e1s sobre &ldquo;Cebolla&rdquo;\" rel=\"nofollow\" data-success_message=\"\">Leer m\u00e1s<\/a>\t<span id=\"woocommerce_loop_add_to_cart_link_describedby_7482\" class=\"screen-reader-text\">\n\t\t\t<\/span>\n<\/li>\n<li class=\"product type-product post-7535 status-publish instock product_cat-in-season product_cat-vegetables has-post-thumbnail shipping-taxable product-type-simple\">\n\t<a href=\"https:\/\/peitrade.com\/es\/product\/judias-verdes\/\" class=\"woocommerce-LoopProduct-link woocommerce-loop-product__link\"><img decoding=\"async\" width=\"300\" height=\"300\" src=\"https:\/\/peitrade.com\/wp-content\/uploads\/2025\/11\/Egyptian-Green-Beans-300x300.webp\" class=\"attachment-woocommerce_thumbnail size-woocommerce_thumbnail\" alt=\"Jud\u00edas verdes\" srcset=\"https:\/\/peitrade.com\/wp-content\/uploads\/2025\/11\/Egyptian-Green-Beans-300x300.webp 300w, https:\/\/peitrade.com\/wp-content\/uploads\/2025\/11\/Egyptian-Green-Beans-150x150.webp 150w, https:\/\/peitrade.com\/wp-content\/uploads\/2025\/11\/Egyptian-Green-Beans-768x768.webp 768w, https:\/\/peitrade.com\/wp-content\/uploads\/2025\/11\/Egyptian-Green-Beans-600x600.webp 600w, https:\/\/peitrade.com\/wp-content\/uploads\/2025\/11\/Egyptian-Green-Beans-100x100.webp 100w, https:\/\/peitrade.com\/wp-content\/uploads\/2025\/11\/Egyptian-Green-Beans.webp 1024w\" sizes=\"(max-width: 300px) 100vw, 300px\" title=\"\"><h2 class=\"woocommerce-loop-product__title\">Jud\u00edas verdes<\/h2>\n<\/a><a href=\"https:\/\/peitrade.com\/es\/product\/judias-verdes\/\" aria-describedby=\"woocommerce_loop_add_to_cart_link_describedby_7535\" data-quantity=\"1\" class=\"button product_type_simple\" data-product_id=\"7535\" data-product_sku=\"70821\" aria-label=\"Lee m\u00e1s sobre &ldquo;Jud\u00edas verdes&rdquo;\" rel=\"nofollow\" data-success_message=\"\">Leer m\u00e1s<\/a>\t<span id=\"woocommerce_loop_add_to_cart_link_describedby_7535\" class=\"screen-reader-text\">\n\t\t\t<\/span>\n<\/li>\n<li class=\"product type-product post-7766 status-publish instock product_cat-in-season product_cat-vegetables has-post-thumbnail shipping-taxable product-type-simple\">\n\t<a href=\"https:\/\/peitrade.com\/es\/product\/patatas\/\" class=\"woocommerce-LoopProduct-link woocommerce-loop-product__link\"><img decoding=\"async\" width=\"300\" height=\"300\" src=\"https:\/\/peitrade.com\/wp-content\/uploads\/2025\/11\/Egyptian-Potatoes-300x300.webp\" class=\"attachment-woocommerce_thumbnail size-woocommerce_thumbnail\" alt=\"Patatas\" srcset=\"https:\/\/peitrade.com\/wp-content\/uploads\/2025\/11\/Egyptian-Potatoes-300x300.webp 300w, https:\/\/peitrade.com\/wp-content\/uploads\/2025\/11\/Egyptian-Potatoes-150x150.webp 150w, https:\/\/peitrade.com\/wp-content\/uploads\/2025\/11\/Egyptian-Potatoes-768x768.webp 768w, https:\/\/peitrade.com\/wp-content\/uploads\/2025\/11\/Egyptian-Potatoes-600x600.webp 600w, https:\/\/peitrade.com\/wp-content\/uploads\/2025\/11\/Egyptian-Potatoes-100x100.webp 100w, https:\/\/peitrade.com\/wp-content\/uploads\/2025\/11\/Egyptian-Potatoes.webp 1024w\" sizes=\"(max-width: 300px) 100vw, 300px\" title=\"\"><h2 class=\"woocommerce-loop-product__title\">Patatas<\/h2>\n<\/a><a href=\"https:\/\/peitrade.com\/es\/product\/patatas\/\" aria-describedby=\"woocommerce_loop_add_to_cart_link_describedby_7766\" data-quantity=\"1\" class=\"button product_type_simple\" data-product_id=\"7766\" data-product_sku=\"70190\" aria-label=\"Lee m\u00e1s sobre &ldquo;Patatas&rdquo;\" rel=\"nofollow\" data-success_message=\"\">Leer m\u00e1s<\/a>\t<span id=\"woocommerce_loop_add_to_cart_link_describedby_7766\" class=\"screen-reader-text\">\n\t\t\t<\/span>\n<\/li>\n<li class=\"product type-product post-7358 status-publish last instock product_cat-vegetables has-post-thumbnail shipping-taxable product-type-simple\">\n\t<a href=\"https:\/\/peitrade.com\/es\/product\/tomates\/\" class=\"woocommerce-LoopProduct-link woocommerce-loop-product__link\"><img decoding=\"async\" width=\"300\" height=\"300\" src=\"https:\/\/peitrade.com\/wp-content\/uploads\/2025\/11\/Egyptian-Tomatoes-300x300.webp\" class=\"attachment-woocommerce_thumbnail size-woocommerce_thumbnail\" alt=\"Tomates\" srcset=\"https:\/\/peitrade.com\/wp-content\/uploads\/2025\/11\/Egyptian-Tomatoes-300x300.webp 300w, https:\/\/peitrade.com\/wp-content\/uploads\/2025\/11\/Egyptian-Tomatoes-150x150.webp 150w, https:\/\/peitrade.com\/wp-content\/uploads\/2025\/11\/Egyptian-Tomatoes-768x768.webp 768w, https:\/\/peitrade.com\/wp-content\/uploads\/2025\/11\/Egyptian-Tomatoes-600x600.webp 600w, https:\/\/peitrade.com\/wp-content\/uploads\/2025\/11\/Egyptian-Tomatoes-100x100.webp 100w, https:\/\/peitrade.com\/wp-content\/uploads\/2025\/11\/Egyptian-Tomatoes.webp 1024w\" sizes=\"(max-width: 300px) 100vw, 300px\" title=\"\"><h2 class=\"woocommerce-loop-product__title\">Tomates<\/h2>\n<\/a><a href=\"https:\/\/peitrade.com\/es\/product\/tomates\/\" aria-describedby=\"woocommerce_loop_add_to_cart_link_describedby_7358\" data-quantity=\"1\" class=\"button product_type_simple\" data-product_id=\"7358\" data-product_sku=\"70200\" aria-label=\"Lee m\u00e1s sobre &ldquo;Tomates&rdquo;\" rel=\"nofollow\" data-success_message=\"\">Leer m\u00e1s<\/a>\t<span id=\"woocommerce_loop_add_to_cart_link_describedby_7358\" class=\"screen-reader-text\">\n\t\t\t<\/span>\n<\/li>\n<\/ul>\n<\/div><\/div>\n<\/div>\n<\/section>\n<section style=\"padding: 50px 20px; background-color: #f9f9f9;\" data-darkreader-inline-bgcolor=\"\">\n<div class=\"container\">\n<h2>Preguntas Frecuentes<\/h2>\n<div>\n<h3>\u00bfCu\u00e1l es la diferencia entre los tomates ciruela egipcios y los tomates redondos?<\/h3>\n<p>Los tomates ciruela son alargados y m\u00e1s carnosos, con menos semillas y menos agua. Se prefieren para salsas, pasta de tomate y una mayor vida \u00fatil durante el transporte.<\/p>\n<h3>\u00bfSon adecuados sus tomates para fabricantes de pasta de tomate?<\/h3>\n<p>S\u00ed, nuestros tomates ciruela son ampliamente utilizados por fabricantes de pasta de tomate en Egipto y clientes internacionales debido a su alto contenido de Brix y firmeza.<\/p>\n<h3>\u00bfOfrecen certificados de calidad y resultados de pruebas de laboratorio?<\/h3>\n<p>S\u00ed, proporcionamos certificados fitosanitarios y de origen con cada env\u00edo. Se pueden organizar pruebas de laboratorio adicionales a solicitud.<\/p>\n<h3>\u00bfQu\u00e9 opciones de empaque est\u00e1n disponibles?<\/h3>\n<p>Ofrecemos cajas de 5 kg, 6 kg y 10 kg, as\u00ed como cajas a granel. El etiquetado puede ser personalizado seg\u00fan los requisitos del mercado.<\/p>\n<h3>\u00bfPuedo hacer un pedido anticipado para futuras cosechas como tomates frescos en mayo de 2025?<\/h3>\n<p>S\u00ed, PEI Trade acepta pedidos anticipados y programaci\u00f3n para las principales temporadas, asegurando disponibilidad durante la alta demanda.<\/p>\n<h3>\u00bfExportan a mi pa\u00eds?<\/h3>\n<p>PEI Trade exporta al Medio Oriente, Asia y el Norte de \u00c1frica. Aceptamos nuevas consultas y proporcionamos asesor\u00eda sobre los requisitos regulatorios de cada destino.<\/p>\n<\/div>\n<\/div>\n<\/section>\n","protected":false},"excerpt":{"rendered":"<p>Tomates Ciruela Egipcios Ricos en Sabor \u2013 Suministrados para Compradores Internacionales En PEI Trade, nos especializamos en la exportaci\u00f3n de tomates ciruela egipcios que cumplen con los estrictos requisitos de procesadores de alimentos, fabricantes de pasta de tomate e importadores mayoristas. Procedentes de las f\u00e9rtiles zonas agr\u00edcolas del Alto Egipto y el Delta del Nilo, [&hellip;]<\/p>\n","protected":false},"author":1,"featured_media":0,"parent":0,"menu_order":0,"comment_status":"closed","ping_status":"closed","template":"","meta":{"footnotes":""},"class_list":["post-5712","page","type-page","status-publish","hentry"],"blocksy_meta":[],"mb":[],"featured_image_urls_v2":{"full":"","thumbnail":"","medium":"","medium_large":"","large":"","1536x1536":"","2048x2048":"","woocommerce_archive_thumbnail":"","woocommerce_thumbnail":"","woocommerce_single":"","woocommerce_gallery_thumbnail":""},"post_excerpt_stackable_v2":"<p>Tomates Ciruela Egipcios Ricos en Sabor \u2013 Suministrados para Compradores Internacionales En PEI Trade, nos especializamos en la exportaci\u00f3n de tomates ciruela egipcios que cumplen con los estrictos requisitos de procesadores de alimentos, fabricantes de pasta de tomate e importadores mayoristas. Procedentes de las f\u00e9rtiles zonas agr\u00edcolas del Alto Egipto y el Delta del Nilo, nuestros tomates ciruela son conocidos por su textura carnosa, color rojo intenso y bajo contenido de humedad, lo que los hace altamente adecuados tanto para el procesamiento industrial como para la distribuci\u00f3n fresca. Ya sea que est\u00e9 suministrando salsas, productos de tomate enlatados o buscando&hellip;<\/p>\n","category_list_v2":"","author_info_v2":{"name":"Mostafa Sabry","url":"https:\/\/peitrade.com\/es\/author\/emostafaadel_jn8gcqbo\/"},"comments_num_v2":"0 comentarios","mfb_rest_fields":["title","blocksy_meta","featured_image_urls_v2","post_excerpt_stackable_v2","category_list_v2","author_info_v2","comments_num_v2"],"_links":{"self":[{"href":"https:\/\/peitrade.com\/es\/wp-json\/wp\/v2\/pages\/5712","targetHints":{"allow":["GET"]}}],"collection":[{"href":"https:\/\/peitrade.com\/es\/wp-json\/wp\/v2\/pages"}],"about":[{"href":"https:\/\/peitrade.com\/es\/wp-json\/wp\/v2\/types\/page"}],"author":[{"embeddable":true,"href":"https:\/\/peitrade.com\/es\/wp-json\/wp\/v2\/users\/1"}],"replies":[{"embeddable":true,"href":"https:\/\/peitrade.com\/es\/wp-json\/wp\/v2\/comments?post=5712"}],"version-history":[{"count":1,"href":"https:\/\/peitrade.com\/es\/wp-json\/wp\/v2\/pages\/5712\/revisions"}],"predecessor-version":[{"id":5713,"href":"https:\/\/peitrade.com\/es\/wp-json\/wp\/v2\/pages\/5712\/revisions\/5713"}],"wp:attachment":[{"href":"https:\/\/peitrade.com\/es\/wp-json\/wp\/v2\/media?parent=5712"}],"curies":[{"name":"wp","href":"https:\/\/api.w.org\/{rel}","templated":true}]}}