{"id":5754,"date":"2025-05-19T09:10:35","date_gmt":"2025-05-19T09:10:35","guid":{"rendered":"http:\/\/46.224.74.15\/cebolas-douradas-egipcias-2\/"},"modified":"2025-11-19T16:45:59","modified_gmt":"2025-11-19T16:45:59","slug":"cebolas-douradas-egipcias-2","status":"publish","type":"page","link":"https:\/\/peitrade.com\/es\/cebolas-douradas-egipcias-2\/","title":{"rendered":"Cebolas Douradas Eg\u00edpcias para Exporta\u00e7\u00e3o \u2013 Qualidade Premium da PEI Trade"},"content":{"rendered":"<section style=\"padding: 60px 20px; background-color: #f9f9f9;\">\n<div class=\"container\">\n<h1>Cebolas Douradas Eg\u00edpcias para Exporta\u00e7\u00e3o \u2013 Qualidade Premium da PEI Trade<\/h1>\n<p>&nbsp;<\/p>\n<p>PEI Trade es un proveedor confiable de <strong>Cebolas Douradas<\/strong> egipcias de primera calidad, conocidas por su color intenso, textura firme y larga vida \u00fatil. Cultivadas en los f\u00e9rtiles suelos del Delta del Nilo, nuestras cebollas doradas son seleccionadas a mano en su punto m\u00e1ximo de maduraci\u00f3n para garantizar frescura y uniformidad para la exportaci\u00f3n.<\/p>\n<p>Como uno de los <strong>exportadores de cebolla m\u00e1s confiables de Egipto<\/strong>, suministramos cebollas doradas, rojas y blancas a granel a clientes en Europa, Oriente Medio y Asia. Nuestras operaciones integradas verticalmente \u2014desde la cosecha hasta el empaque y la log\u00edstica\u2014 nos permiten cumplir con los est\u00e1ndares de calidad internacional y ofrecer trazabilidad total.<\/p>\n<\/div>\n<\/section>\n<div class=\"wp-block-woocommerce-product-collection\"><div class=\"woocommerce columns-4 \"><ul class=\"products columns-4\" data-products=\"type-2\">\n<li class=\"product type-product post-7482 status-publish first instock product_cat-in-season product_cat-vegetables has-post-thumbnail shipping-taxable product-type-simple\">\n\t<a href=\"https:\/\/peitrade.com\/es\/product\/cebolla\/\" class=\"woocommerce-LoopProduct-link woocommerce-loop-product__link\"><img decoding=\"async\" width=\"300\" height=\"300\" src=\"https:\/\/peitrade.com\/wp-content\/uploads\/2025\/11\/Egyption-Onion-300x300.webp\" class=\"attachment-woocommerce_thumbnail size-woocommerce_thumbnail\" alt=\"Egyption Onion - PEI Trade\" srcset=\"https:\/\/peitrade.com\/wp-content\/uploads\/2025\/11\/Egyption-Onion-300x300.webp 300w, https:\/\/peitrade.com\/wp-content\/uploads\/2025\/11\/Egyption-Onion-150x150.webp 150w, https:\/\/peitrade.com\/wp-content\/uploads\/2025\/11\/Egyption-Onion-768x768.webp 768w, https:\/\/peitrade.com\/wp-content\/uploads\/2025\/11\/Egyption-Onion-600x600.webp 600w, https:\/\/peitrade.com\/wp-content\/uploads\/2025\/11\/Egyption-Onion-100x100.webp 100w, https:\/\/peitrade.com\/wp-content\/uploads\/2025\/11\/Egyption-Onion.webp 1024w\" sizes=\"(max-width: 300px) 100vw, 300px\" title=\"\"><h2 class=\"woocommerce-loop-product__title\">Cebolla<\/h2>\n<\/a><a href=\"https:\/\/peitrade.com\/es\/product\/cebolla\/\" aria-describedby=\"woocommerce_loop_add_to_cart_link_describedby_7482\" data-quantity=\"1\" class=\"button product_type_simple\" data-product_id=\"7482\" data-product_sku=\"70310\" aria-label=\"Lee m\u00e1s sobre &ldquo;Cebolla&rdquo;\" rel=\"nofollow\" data-success_message=\"\">Leer m\u00e1s<\/a>\t<span id=\"woocommerce_loop_add_to_cart_link_describedby_7482\" class=\"screen-reader-text\">\n\t\t\t<\/span>\n<\/li>\n<li class=\"product type-product post-7717 status-publish instock product_cat-in-season product_cat-legumes has-post-thumbnail shipping-taxable product-type-simple\">\n\t<a href=\"https:\/\/peitrade.com\/es\/product\/frijoles-blancos-secos\/\" class=\"woocommerce-LoopProduct-link woocommerce-loop-product__link\"><img decoding=\"async\" width=\"300\" height=\"300\" src=\"https:\/\/peitrade.com\/wp-content\/uploads\/2025\/11\/Egyptian-White-Beans-300x300.webp\" class=\"attachment-woocommerce_thumbnail size-woocommerce_thumbnail\" alt=\"Frijoles blancos secos\" srcset=\"https:\/\/peitrade.com\/wp-content\/uploads\/2025\/11\/Egyptian-White-Beans-300x300.webp 300w, https:\/\/peitrade.com\/wp-content\/uploads\/2025\/11\/Egyptian-White-Beans-150x150.webp 150w, https:\/\/peitrade.com\/wp-content\/uploads\/2025\/11\/Egyptian-White-Beans-768x768.webp 768w, https:\/\/peitrade.com\/wp-content\/uploads\/2025\/11\/Egyptian-White-Beans-600x600.webp 600w, https:\/\/peitrade.com\/wp-content\/uploads\/2025\/11\/Egyptian-White-Beans-100x100.webp 100w, https:\/\/peitrade.com\/wp-content\/uploads\/2025\/11\/Egyptian-White-Beans.webp 1024w\" sizes=\"(max-width: 300px) 100vw, 300px\" title=\"\"><h2 class=\"woocommerce-loop-product__title\">Frijoles blancos secos<\/h2>\n<\/a><a href=\"https:\/\/peitrade.com\/es\/product\/frijoles-blancos-secos\/\" aria-describedby=\"woocommerce_loop_add_to_cart_link_describedby_7717\" data-quantity=\"1\" class=\"button product_type_simple\" data-product_id=\"7717\" data-product_sku=\"70820\" aria-label=\"Lee m\u00e1s sobre &ldquo;Frijoles blancos secos&rdquo;\" rel=\"nofollow\" data-success_message=\"\">Leer m\u00e1s<\/a>\t<span id=\"woocommerce_loop_add_to_cart_link_describedby_7717\" class=\"screen-reader-text\">\n\t\t\t<\/span>\n<\/li>\n<li class=\"product type-product post-7535 status-publish instock product_cat-in-season product_cat-vegetables has-post-thumbnail shipping-taxable product-type-simple\">\n\t<a href=\"https:\/\/peitrade.com\/es\/product\/judias-verdes\/\" class=\"woocommerce-LoopProduct-link woocommerce-loop-product__link\"><img decoding=\"async\" width=\"300\" height=\"300\" src=\"https:\/\/peitrade.com\/wp-content\/uploads\/2025\/11\/Egyptian-Green-Beans-300x300.webp\" class=\"attachment-woocommerce_thumbnail size-woocommerce_thumbnail\" alt=\"Jud\u00edas verdes\" srcset=\"https:\/\/peitrade.com\/wp-content\/uploads\/2025\/11\/Egyptian-Green-Beans-300x300.webp 300w, https:\/\/peitrade.com\/wp-content\/uploads\/2025\/11\/Egyptian-Green-Beans-150x150.webp 150w, https:\/\/peitrade.com\/wp-content\/uploads\/2025\/11\/Egyptian-Green-Beans-768x768.webp 768w, https:\/\/peitrade.com\/wp-content\/uploads\/2025\/11\/Egyptian-Green-Beans-600x600.webp 600w, https:\/\/peitrade.com\/wp-content\/uploads\/2025\/11\/Egyptian-Green-Beans-100x100.webp 100w, https:\/\/peitrade.com\/wp-content\/uploads\/2025\/11\/Egyptian-Green-Beans.webp 1024w\" sizes=\"(max-width: 300px) 100vw, 300px\" title=\"\"><h2 class=\"woocommerce-loop-product__title\">Jud\u00edas verdes<\/h2>\n<\/a><a href=\"https:\/\/peitrade.com\/es\/product\/judias-verdes\/\" aria-describedby=\"woocommerce_loop_add_to_cart_link_describedby_7535\" data-quantity=\"1\" class=\"button product_type_simple\" data-product_id=\"7535\" data-product_sku=\"70821\" aria-label=\"Lee m\u00e1s sobre &ldquo;Jud\u00edas verdes&rdquo;\" rel=\"nofollow\" data-success_message=\"\">Leer m\u00e1s<\/a>\t<span id=\"woocommerce_loop_add_to_cart_link_describedby_7535\" class=\"screen-reader-text\">\n\t\t\t<\/span>\n<\/li>\n<li class=\"product type-product post-7766 status-publish last instock product_cat-in-season product_cat-vegetables has-post-thumbnail shipping-taxable product-type-simple\">\n\t<a href=\"https:\/\/peitrade.com\/es\/product\/patatas\/\" class=\"woocommerce-LoopProduct-link woocommerce-loop-product__link\"><img decoding=\"async\" width=\"300\" height=\"300\" src=\"https:\/\/peitrade.com\/wp-content\/uploads\/2025\/11\/Egyptian-Potatoes-300x300.webp\" class=\"attachment-woocommerce_thumbnail size-woocommerce_thumbnail\" alt=\"Patatas\" srcset=\"https:\/\/peitrade.com\/wp-content\/uploads\/2025\/11\/Egyptian-Potatoes-300x300.webp 300w, https:\/\/peitrade.com\/wp-content\/uploads\/2025\/11\/Egyptian-Potatoes-150x150.webp 150w, https:\/\/peitrade.com\/wp-content\/uploads\/2025\/11\/Egyptian-Potatoes-768x768.webp 768w, https:\/\/peitrade.com\/wp-content\/uploads\/2025\/11\/Egyptian-Potatoes-600x600.webp 600w, https:\/\/peitrade.com\/wp-content\/uploads\/2025\/11\/Egyptian-Potatoes-100x100.webp 100w, https:\/\/peitrade.com\/wp-content\/uploads\/2025\/11\/Egyptian-Potatoes.webp 1024w\" sizes=\"(max-width: 300px) 100vw, 300px\" title=\"\"><h2 class=\"woocommerce-loop-product__title\">Patatas<\/h2>\n<\/a><a href=\"https:\/\/peitrade.com\/es\/product\/patatas\/\" aria-describedby=\"woocommerce_loop_add_to_cart_link_describedby_7766\" data-quantity=\"1\" class=\"button product_type_simple\" data-product_id=\"7766\" data-product_sku=\"70190\" aria-label=\"Lee m\u00e1s sobre &ldquo;Patatas&rdquo;\" rel=\"nofollow\" data-success_message=\"\">Leer m\u00e1s<\/a>\t<span id=\"woocommerce_loop_add_to_cart_link_describedby_7766\" class=\"screen-reader-text\">\n\t\t\t<\/span>\n<\/li>\n<\/ul>\n<\/div><\/div>\n<section style=\"padding: 50px 20px;\">\n<div class=\"container\">\n<h2>\u00bfPor Qu\u00e9 Elegir Cebolas Douradas de Egipto con PEI Trade?<\/h2>\n<p><span style=\"font-weight: 400;\">Nuestras <strong>Cebolas Douradas<\/strong> egipcias son una excelente opci\u00f3n para los importadores gracias a sus:<\/span><\/p>\n<ul>\n<li style=\"font-weight: 400;\" aria-level=\"1\"><span style=\"font-weight: 400;\">Piel dorada brillante y bulbos densos y firmes<\/span><\/li>\n<li style=\"font-weight: 400;\" aria-level=\"1\"><span style=\"font-weight: 400;\">Sabor picante y dulce, ideal para la cocina<\/span><\/li>\n<li style=\"font-weight: 400;\" aria-level=\"1\"><span style=\"font-weight: 400;\">Capas externas fuertes y baja humedad para una vida \u00fatil prolongada<\/span><\/li>\n<li style=\"font-weight: 400;\" aria-level=\"1\"><span style=\"font-weight: 400;\">Excelente opci\u00f3n para mercados mayoristas, servicios de alimentos y retail<\/span><\/li>\n<\/ul>\n<p><span style=\"font-weight: 400;\">Nuestros agricultores expertos aseguran que cada cosecha de <strong>cebolla egipcia andante<\/strong> se realice en el momento \u00f3ptimo de calidad, lo que nos permite satisfacer la demanda de exportaci\u00f3n desde principios de primavera hasta finales del verano.<\/span><\/p>\n<h2>Procesamiento, Empaque y Log\u00edstica de Exportaci\u00f3n<\/h2>\n<p><span style=\"font-weight: 400;\">PEI Trade maneja cada lote de cebollas doradas con cuidado y precisi\u00f3n:<\/span><\/p>\n<ul>\n<li style=\"font-weight: 400;\" aria-level=\"1\"><span style=\"font-weight: 400;\">Cosechadas en su madurez para tama\u00f1o y forma equilibrados<\/span><\/li>\n<li style=\"font-weight: 400;\" aria-level=\"1\"><span style=\"font-weight: 400;\">Secadas al aire y curadas para estabilidad en almacenamiento<\/span><\/li>\n<li style=\"font-weight: 400;\" aria-level=\"1\"><span style=\"font-weight: 400;\">Empacadas en sacos de malla o cartones de 5 kg, 10 kg y 25 kg<\/span><\/li>\n<li style=\"font-weight: 400;\" aria-level=\"1\"><span style=\"font-weight: 400;\">Enviadas en contenedores refrigerados con seguimiento en tiempo real<\/span><\/li>\n<\/ul>\n<p><span style=\"font-weight: 400;\">Como <strong>exportadores de cebolla en Egipto<\/strong> de primer nivel, gestionamos toda la documentaci\u00f3n, certificaciones y log\u00edstica de exportaci\u00f3n necesarias para una entrega sin complicaciones.<\/span><\/p>\n<h2>Variedades Disponibles: Cebollas Doradas, Rojas y Blancas<\/h2>\n<p><span style=\"font-weight: 400;\">Adem\u00e1s de Cebolas Douradas, PEI Trade tambi\u00e9n ofrece:<\/span><\/p>\n<ul>\n<li style=\"font-weight: 400;\" aria-level=\"1\"><strong>Cebollas Rojas Egipcias<\/strong>: Piel p\u00farpura intensa, ideal para ensaladas, parrillas y encurtidos<\/li>\n<li style=\"font-weight: 400;\" aria-level=\"1\"><strong>Cebollas Blancas Egipcias<\/strong>: Textura crujiente y sabor suave, perfectas frescas o cocidas<\/li>\n<li style=\"font-weight: 400;\" aria-level=\"1\"><strong>Cebolla egipcia andante<\/strong>: Variedad perenne \u00fanica que se usa tanto por sus bulbos como por sus hojas verdes<\/li>\n<\/ul>\n<p><span style=\"font-weight: 400;\">Ofrecemos env\u00edos personalizados y podemos combinar cargas seg\u00fan tus necesidades estacionales y tendencias del mercado.<\/span><\/p>\n<h2><b>Opciones de Empaque y Etiquetado<\/b><\/h2>\n<p><span style=\"font-weight: 400;\">Ofrecemos empaque listo para exportaci\u00f3n adaptado a tu mercado:<\/span><\/p>\n<ul>\n<li style=\"font-weight: 400;\" aria-level=\"1\">Sacos de malla o yute de 5 kg \/ 10 kg \/ 25 kg<\/li>\n<li style=\"font-weight: 400;\" aria-level=\"1\">Cajas con marca privada para programas minoristas<\/li>\n<li style=\"font-weight: 400;\" aria-level=\"1\">Etiquetas con c\u00f3digo de barras y multiling\u00fces personalizadas<\/li>\n<li style=\"font-weight: 400;\" aria-level=\"1\">Paletizado y cargado bajo estrictas normas de higiene<\/li>\n<\/ul>\n<p><span style=\"font-weight: 400;\">Nuestro empaque cumple con las normativas de importaci\u00f3n de la UE y el CCG, y puede personalizarse seg\u00fan los requerimientos del cliente.<\/span><\/p>\n<\/div>\n<\/section>\n<section style=\"padding: 50px 20px; background-color: #f0f0f0;\">\n<div class=\"container\">\n<h2>Pide Cebolas Douradas Egipcias a PEI Trade<\/h2>\n<p>Si est\u00e1s buscando un proveedor confiable de <strong>Cebolas Douradas<\/strong> egipcias con experiencia en operaciones de exportaci\u00f3n a gran escala, PEI Trade est\u00e1 listo para ayudarte.<\/p>\n<p>Nos dedicamos al control de calidad, la log\u00edstica puntual y las asociaciones a largo plazo con clientes de todo el mundo.<\/p>\n<h2>Solicita una Cotizaci\u00f3n o Reserva tu Env\u00edo Hoy<\/h2>\n<p>Contacta con PEI Trade para obtener m\u00e1s informaci\u00f3n sobre disponibilidad, precios y cronogramas de env\u00edo. Nuestro equipo de exportaci\u00f3n est\u00e1 disponible para apoyarte con la planificaci\u00f3n estacional y compras al por mayor.<\/p>\n<p style=\"text-align: center; margin-top: 40px;\"><a class=\"button primary large\" href=\"\/contact\">Haz tu Pedido<\/a><\/p>\n<\/div>\n<\/section>\n<section style=\"padding: 50px 20px;\">\n<div class=\"container\">\n<h2>M\u00e1s Productos Frescos de Egipto<\/h2>\n<p>&nbsp;<\/p>\n<p>Adem\u00e1s de cebollas, PEI Trade exporta uvas egipcias, c\u00edtricos, granadas y papas. Brindamos soporte completo para exportaciones mixtas y contratos de suministro a largo plazo. <a href=\"\/about\">Conoce m\u00e1s sobre nuestros servicios<\/a>.<\/p>\n<div class=\"wp-block-woocommerce-product-collection\"><div class=\"woocommerce columns-4 \"><ul class=\"products columns-4\" data-products=\"type-2\">\n<li class=\"product type-product post-7374 status-publish first instock product_cat-in-season product_cat-vegetables has-post-thumbnail shipping-taxable product-type-simple\">\n\t<a href=\"https:\/\/peitrade.com\/es\/product\/ajo\/\" class=\"woocommerce-LoopProduct-link woocommerce-loop-product__link\"><img decoding=\"async\" width=\"300\" height=\"300\" src=\"https:\/\/peitrade.com\/wp-content\/uploads\/2025\/11\/Egyptian-Garlic-300x300.webp\" class=\"attachment-woocommerce_thumbnail size-woocommerce_thumbnail\" alt=\"Ajo\" srcset=\"https:\/\/peitrade.com\/wp-content\/uploads\/2025\/11\/Egyptian-Garlic-300x300.webp 300w, https:\/\/peitrade.com\/wp-content\/uploads\/2025\/11\/Egyptian-Garlic-150x150.webp 150w, https:\/\/peitrade.com\/wp-content\/uploads\/2025\/11\/Egyptian-Garlic-768x768.webp 768w, https:\/\/peitrade.com\/wp-content\/uploads\/2025\/11\/Egyptian-Garlic-600x600.webp 600w, https:\/\/peitrade.com\/wp-content\/uploads\/2025\/11\/Egyptian-Garlic-100x100.webp 100w, https:\/\/peitrade.com\/wp-content\/uploads\/2025\/11\/Egyptian-Garlic.webp 1024w\" sizes=\"(max-width: 300px) 100vw, 300px\" title=\"\"><h2 class=\"woocommerce-loop-product__title\">Ajo<\/h2>\n<\/a><a href=\"https:\/\/peitrade.com\/es\/product\/ajo\/\" aria-describedby=\"woocommerce_loop_add_to_cart_link_describedby_7374\" data-quantity=\"1\" class=\"button product_type_simple\" data-product_id=\"7374\" data-product_sku=\"70320\" aria-label=\"Lee m\u00e1s sobre &ldquo;Ajo&rdquo;\" rel=\"nofollow\" data-success_message=\"\">Leer m\u00e1s<\/a>\t<span id=\"woocommerce_loop_add_to_cart_link_describedby_7374\" class=\"screen-reader-text\">\n\t\t\t<\/span>\n<\/li>\n<li class=\"product type-product post-7790 status-publish instock product_cat-in-season product_cat-vegetables has-post-thumbnail shipping-taxable product-type-simple\">\n\t<a href=\"https:\/\/peitrade.com\/es\/product\/batatas-dulces\/\" class=\"woocommerce-LoopProduct-link woocommerce-loop-product__link\"><img decoding=\"async\" width=\"300\" height=\"300\" src=\"https:\/\/peitrade.com\/wp-content\/uploads\/2025\/11\/Egyptian-Sweet-Potatoes-300x300.webp\" class=\"attachment-woocommerce_thumbnail size-woocommerce_thumbnail\" alt=\"Egyptian Sweet Potatoes - PEI Trade\" srcset=\"https:\/\/peitrade.com\/wp-content\/uploads\/2025\/11\/Egyptian-Sweet-Potatoes-300x300.webp 300w, https:\/\/peitrade.com\/wp-content\/uploads\/2025\/11\/Egyptian-Sweet-Potatoes-150x150.webp 150w, https:\/\/peitrade.com\/wp-content\/uploads\/2025\/11\/Egyptian-Sweet-Potatoes-768x768.webp 768w, https:\/\/peitrade.com\/wp-content\/uploads\/2025\/11\/Egyptian-Sweet-Potatoes-600x600.webp 600w, https:\/\/peitrade.com\/wp-content\/uploads\/2025\/11\/Egyptian-Sweet-Potatoes-100x100.webp 100w, https:\/\/peitrade.com\/wp-content\/uploads\/2025\/11\/Egyptian-Sweet-Potatoes.webp 1024w\" sizes=\"(max-width: 300px) 100vw, 300px\" title=\"\"><h2 class=\"woocommerce-loop-product__title\">Batatas dulces<\/h2>\n<\/a><a href=\"https:\/\/peitrade.com\/es\/product\/batatas-dulces\/\" aria-describedby=\"woocommerce_loop_add_to_cart_link_describedby_7790\" data-quantity=\"1\" class=\"button product_type_simple\" data-product_id=\"7790\" data-product_sku=\"71420\" aria-label=\"Lee m\u00e1s sobre &ldquo;Batatas dulces&rdquo;\" rel=\"nofollow\" data-success_message=\"\">Leer m\u00e1s<\/a>\t<span id=\"woocommerce_loop_add_to_cart_link_describedby_7790\" class=\"screen-reader-text\">\n\t\t\t<\/span>\n<\/li>\n<li class=\"product type-product post-7766 status-publish instock product_cat-in-season product_cat-vegetables has-post-thumbnail shipping-taxable product-type-simple\">\n\t<a href=\"https:\/\/peitrade.com\/es\/product\/patatas\/\" class=\"woocommerce-LoopProduct-link woocommerce-loop-product__link\"><img decoding=\"async\" width=\"300\" height=\"300\" src=\"https:\/\/peitrade.com\/wp-content\/uploads\/2025\/11\/Egyptian-Potatoes-300x300.webp\" class=\"attachment-woocommerce_thumbnail size-woocommerce_thumbnail\" alt=\"Patatas\" srcset=\"https:\/\/peitrade.com\/wp-content\/uploads\/2025\/11\/Egyptian-Potatoes-300x300.webp 300w, https:\/\/peitrade.com\/wp-content\/uploads\/2025\/11\/Egyptian-Potatoes-150x150.webp 150w, https:\/\/peitrade.com\/wp-content\/uploads\/2025\/11\/Egyptian-Potatoes-768x768.webp 768w, https:\/\/peitrade.com\/wp-content\/uploads\/2025\/11\/Egyptian-Potatoes-600x600.webp 600w, https:\/\/peitrade.com\/wp-content\/uploads\/2025\/11\/Egyptian-Potatoes-100x100.webp 100w, https:\/\/peitrade.com\/wp-content\/uploads\/2025\/11\/Egyptian-Potatoes.webp 1024w\" sizes=\"(max-width: 300px) 100vw, 300px\" title=\"\"><h2 class=\"woocommerce-loop-product__title\">Patatas<\/h2>\n<\/a><a href=\"https:\/\/peitrade.com\/es\/product\/patatas\/\" aria-describedby=\"woocommerce_loop_add_to_cart_link_describedby_7766\" data-quantity=\"1\" class=\"button product_type_simple\" data-product_id=\"7766\" data-product_sku=\"70190\" aria-label=\"Lee m\u00e1s sobre &ldquo;Patatas&rdquo;\" rel=\"nofollow\" data-success_message=\"\">Leer m\u00e1s<\/a>\t<span id=\"woocommerce_loop_add_to_cart_link_describedby_7766\" class=\"screen-reader-text\">\n\t\t\t<\/span>\n<\/li>\n<li class=\"product type-product post-7358 status-publish last instock product_cat-vegetables has-post-thumbnail shipping-taxable product-type-simple\">\n\t<a href=\"https:\/\/peitrade.com\/es\/product\/tomates\/\" class=\"woocommerce-LoopProduct-link woocommerce-loop-product__link\"><img decoding=\"async\" width=\"300\" height=\"300\" src=\"https:\/\/peitrade.com\/wp-content\/uploads\/2025\/11\/Egyptian-Tomatoes-300x300.webp\" class=\"attachment-woocommerce_thumbnail size-woocommerce_thumbnail\" alt=\"Tomates\" srcset=\"https:\/\/peitrade.com\/wp-content\/uploads\/2025\/11\/Egyptian-Tomatoes-300x300.webp 300w, https:\/\/peitrade.com\/wp-content\/uploads\/2025\/11\/Egyptian-Tomatoes-150x150.webp 150w, https:\/\/peitrade.com\/wp-content\/uploads\/2025\/11\/Egyptian-Tomatoes-768x768.webp 768w, https:\/\/peitrade.com\/wp-content\/uploads\/2025\/11\/Egyptian-Tomatoes-600x600.webp 600w, https:\/\/peitrade.com\/wp-content\/uploads\/2025\/11\/Egyptian-Tomatoes-100x100.webp 100w, https:\/\/peitrade.com\/wp-content\/uploads\/2025\/11\/Egyptian-Tomatoes.webp 1024w\" sizes=\"(max-width: 300px) 100vw, 300px\" title=\"\"><h2 class=\"woocommerce-loop-product__title\">Tomates<\/h2>\n<\/a><a href=\"https:\/\/peitrade.com\/es\/product\/tomates\/\" aria-describedby=\"woocommerce_loop_add_to_cart_link_describedby_7358\" data-quantity=\"1\" class=\"button product_type_simple\" data-product_id=\"7358\" data-product_sku=\"70200\" aria-label=\"Lee m\u00e1s sobre &ldquo;Tomates&rdquo;\" rel=\"nofollow\" data-success_message=\"\">Leer m\u00e1s<\/a>\t<span id=\"woocommerce_loop_add_to_cart_link_describedby_7358\" class=\"screen-reader-text\">\n\t\t\t<\/span>\n<\/li>\n<\/ul>\n<\/div><\/div>\n<\/div>\n<\/section>\n<section style=\"padding: 50px 20px; background-color: #f9f9f9;\">\n<div class=\"container\">\n<h2>Preguntas Frecuentes<\/h2>\n<h3>\u00bfCu\u00e1ndo es la temporada de cebollas doradas egipcias?<\/h3>\n<p>La cosecha de cebollas doradas comienza a principios de marzo y se extiende hasta agosto, dependiendo de la variedad y el clima.<\/p>\n<h3>\u00bfPuedo importar tambi\u00e9n cebollas rojas y blancas?<\/h3>\n<p>S\u00ed, exportamos <strong>cebollas rojas egipcias<\/strong> y <strong>cebollas blancas egipcias<\/strong> junto con Cebolas Douradas. Se pueden solicitar cargas combinadas.<\/p>\n<h3>\u00bfQu\u00e9 tama\u00f1os ofrecen?<\/h3>\n<p>Ofrecemos calibres desde 40 mm hasta 80 mm, empacados seg\u00fan los requisitos del destino.<\/p>\n<h3>\u00bfLas cebollas est\u00e1n tratadas para env\u00edos largos?<\/h3>\n<p>S\u00ed, todas las <strong>Cebolas Douradas<\/strong> egipcias se curan al aire y se seleccionan para garantizar una excelente durabilidad durante el transporte.<\/p>\n<h3>\u00bfQu\u00e9 certificaciones poseen?<\/h3>\n<p>PEI Trade cumple con GlobalG.A.P., ISO 22000 y normas fitosanitarias de exportaci\u00f3n para los principales mercados globales.<\/p>\n<\/div>\n<\/section>\n","protected":false},"excerpt":{"rendered":"<p>Cebolas Douradas Eg\u00edpcias para Exporta\u00e7\u00e3o \u2013 Qualidade Premium da PEI Trade &nbsp; PEI Trade es un proveedor confiable de Cebolas Douradas egipcias de primera calidad, conocidas por su color intenso, textura firme y larga vida \u00fatil. Cultivadas en los f\u00e9rtiles suelos del Delta del Nilo, nuestras cebollas doradas son seleccionadas a mano en su punto [&hellip;]<\/p>\n","protected":false},"author":9,"featured_media":0,"parent":0,"menu_order":0,"comment_status":"closed","ping_status":"closed","template":"","meta":{"footnotes":""},"class_list":["post-5754","page","type-page","status-publish","hentry"],"blocksy_meta":[],"mb":[],"featured_image_urls_v2":{"full":"","thumbnail":"","medium":"","medium_large":"","large":"","1536x1536":"","2048x2048":"","woocommerce_archive_thumbnail":"","woocommerce_thumbnail":"","woocommerce_single":"","woocommerce_gallery_thumbnail":""},"post_excerpt_stackable_v2":"<p>Cebolas Douradas Eg\u00edpcias para Exporta\u00e7\u00e3o \u2013 Qualidade Premium da PEI Trade &nbsp; PEI Trade es un proveedor confiable de Cebolas Douradas egipcias de primera calidad, conocidas por su color intenso, textura firme y larga vida \u00fatil. Cultivadas en los f\u00e9rtiles suelos del Delta del Nilo, nuestras cebollas doradas son seleccionadas a mano en su punto m\u00e1ximo de maduraci\u00f3n para garantizar frescura y uniformidad para la exportaci\u00f3n. Como uno de los exportadores de cebolla m\u00e1s confiables de Egipto, suministramos cebollas doradas, rojas y blancas a granel a clientes en Europa, Oriente Medio y Asia. Nuestras operaciones integradas verticalmente \u2014desde la cosecha&hellip;<\/p>\n","category_list_v2":"","author_info_v2":{"name":"Maha","url":"https:\/\/peitrade.com\/es\/author\/m-amer\/"},"comments_num_v2":"0 comentarios","mfb_rest_fields":["title","blocksy_meta","featured_image_urls_v2","post_excerpt_stackable_v2","category_list_v2","author_info_v2","comments_num_v2"],"_links":{"self":[{"href":"https:\/\/peitrade.com\/es\/wp-json\/wp\/v2\/pages\/5754","targetHints":{"allow":["GET"]}}],"collection":[{"href":"https:\/\/peitrade.com\/es\/wp-json\/wp\/v2\/pages"}],"about":[{"href":"https:\/\/peitrade.com\/es\/wp-json\/wp\/v2\/types\/page"}],"author":[{"embeddable":true,"href":"https:\/\/peitrade.com\/es\/wp-json\/wp\/v2\/users\/9"}],"replies":[{"embeddable":true,"href":"https:\/\/peitrade.com\/es\/wp-json\/wp\/v2\/comments?post=5754"}],"version-history":[{"count":1,"href":"https:\/\/peitrade.com\/es\/wp-json\/wp\/v2\/pages\/5754\/revisions"}],"predecessor-version":[{"id":5755,"href":"https:\/\/peitrade.com\/es\/wp-json\/wp\/v2\/pages\/5754\/revisions\/5755"}],"wp:attachment":[{"href":"https:\/\/peitrade.com\/es\/wp-json\/wp\/v2\/media?parent=5754"}],"curies":[{"name":"wp","href":"https:\/\/api.w.org\/{rel}","templated":true}]}}