{"id":5831,"date":"2025-05-19T12:49:01","date_gmt":"2025-05-19T12:49:01","guid":{"rendered":"http:\/\/46.224.74.15\/cebolla-egipcia-andante\/"},"modified":"2025-11-19T16:46:24","modified_gmt":"2025-11-19T16:46:24","slug":"cebolla-egipcia-andante","status":"publish","type":"page","link":"https:\/\/peitrade.com\/es\/cebolla-egipcia-andante\/","title":{"rendered":"Temporada de cosecha de la cebolla egipcia andante \u2013 PEI Trade"},"content":{"rendered":"<section style=\"padding: 60px 20px; background-color: #f9f9f9;\">\n<div class=\"container\">\n<h1>Temporada de cosecha de la cebolla egipcia andante \u2013 PEI Trade<\/h1>\n<p>&nbsp;<\/p>\n<p>PEI Trade ofrece con orgullo cebolla egipcia andante de primera calidad, cosechada en su punto \u00f3ptimo de frescura para satisfacer la demanda de compradores globales. Conocida por su forma de crecimiento \u00fanica y su sabor robusto, la cebolla egipcia andante es un cultivo especial muy valorado, cultivado en los f\u00e9rtiles suelos de Egipto. Nuestro proceso de cosecha garantiza que estas cebollas conserven su sabor caracter\u00edstico y su vida \u00fatil, perfectas para mercados frescos y usos culinarios en todo el mundo.<\/p>\n<p>Como exportadores l\u00edderes de cebolla en Egipto, tambi\u00e9n nos especializamos en una amplia gama de cebollas, incluidas cebollas rojas egipcias, cebollas doradas egipcias y cebollas blancas egipcias, todas cuidadosamente seleccionadas y manipuladas para garantizar una calidad superior y consistencia para nuestros clientes internacionales.<\/p>\n<\/div>\n<\/section>\n<div class=\"wp-block-woocommerce-product-collection\"><div class=\"woocommerce columns-4 \"><ul class=\"products columns-4\" data-products=\"type-2\">\n<li class=\"product type-product post-7482 status-publish first instock product_cat-in-season product_cat-vegetables has-post-thumbnail shipping-taxable product-type-simple\">\n\t<a href=\"https:\/\/peitrade.com\/es\/product\/cebolla\/\" class=\"woocommerce-LoopProduct-link woocommerce-loop-product__link\"><img decoding=\"async\" width=\"300\" height=\"300\" src=\"https:\/\/peitrade.com\/wp-content\/uploads\/2025\/11\/Egyption-Onion-300x300.webp\" class=\"attachment-woocommerce_thumbnail size-woocommerce_thumbnail\" alt=\"Egyption Onion - PEI Trade\" srcset=\"https:\/\/peitrade.com\/wp-content\/uploads\/2025\/11\/Egyption-Onion-300x300.webp 300w, https:\/\/peitrade.com\/wp-content\/uploads\/2025\/11\/Egyption-Onion-150x150.webp 150w, https:\/\/peitrade.com\/wp-content\/uploads\/2025\/11\/Egyption-Onion-768x768.webp 768w, https:\/\/peitrade.com\/wp-content\/uploads\/2025\/11\/Egyption-Onion-600x600.webp 600w, https:\/\/peitrade.com\/wp-content\/uploads\/2025\/11\/Egyption-Onion-100x100.webp 100w, https:\/\/peitrade.com\/wp-content\/uploads\/2025\/11\/Egyption-Onion.webp 1024w\" sizes=\"(max-width: 300px) 100vw, 300px\" title=\"\"><h2 class=\"woocommerce-loop-product__title\">Cebolla<\/h2>\n<\/a><a href=\"https:\/\/peitrade.com\/es\/product\/cebolla\/\" aria-describedby=\"woocommerce_loop_add_to_cart_link_describedby_7482\" data-quantity=\"1\" class=\"button product_type_simple\" data-product_id=\"7482\" data-product_sku=\"70310\" aria-label=\"Lee m\u00e1s sobre &ldquo;Cebolla&rdquo;\" rel=\"nofollow\" data-success_message=\"\">Leer m\u00e1s<\/a>\t<span id=\"woocommerce_loop_add_to_cart_link_describedby_7482\" class=\"screen-reader-text\">\n\t\t\t<\/span>\n<\/li>\n<li class=\"product type-product post-7717 status-publish instock product_cat-in-season product_cat-legumes has-post-thumbnail shipping-taxable product-type-simple\">\n\t<a href=\"https:\/\/peitrade.com\/es\/product\/frijoles-blancos-secos\/\" class=\"woocommerce-LoopProduct-link woocommerce-loop-product__link\"><img decoding=\"async\" width=\"300\" height=\"300\" src=\"https:\/\/peitrade.com\/wp-content\/uploads\/2025\/11\/Egyptian-White-Beans-300x300.webp\" class=\"attachment-woocommerce_thumbnail size-woocommerce_thumbnail\" alt=\"Frijoles blancos secos\" srcset=\"https:\/\/peitrade.com\/wp-content\/uploads\/2025\/11\/Egyptian-White-Beans-300x300.webp 300w, https:\/\/peitrade.com\/wp-content\/uploads\/2025\/11\/Egyptian-White-Beans-150x150.webp 150w, https:\/\/peitrade.com\/wp-content\/uploads\/2025\/11\/Egyptian-White-Beans-768x768.webp 768w, https:\/\/peitrade.com\/wp-content\/uploads\/2025\/11\/Egyptian-White-Beans-600x600.webp 600w, https:\/\/peitrade.com\/wp-content\/uploads\/2025\/11\/Egyptian-White-Beans-100x100.webp 100w, https:\/\/peitrade.com\/wp-content\/uploads\/2025\/11\/Egyptian-White-Beans.webp 1024w\" sizes=\"(max-width: 300px) 100vw, 300px\" title=\"\"><h2 class=\"woocommerce-loop-product__title\">Frijoles blancos secos<\/h2>\n<\/a><a href=\"https:\/\/peitrade.com\/es\/product\/frijoles-blancos-secos\/\" aria-describedby=\"woocommerce_loop_add_to_cart_link_describedby_7717\" data-quantity=\"1\" class=\"button product_type_simple\" data-product_id=\"7717\" data-product_sku=\"70820\" aria-label=\"Lee m\u00e1s sobre &ldquo;Frijoles blancos secos&rdquo;\" rel=\"nofollow\" data-success_message=\"\">Leer m\u00e1s<\/a>\t<span id=\"woocommerce_loop_add_to_cart_link_describedby_7717\" class=\"screen-reader-text\">\n\t\t\t<\/span>\n<\/li>\n<li class=\"product type-product post-7535 status-publish instock product_cat-in-season product_cat-vegetables has-post-thumbnail shipping-taxable product-type-simple\">\n\t<a href=\"https:\/\/peitrade.com\/es\/product\/judias-verdes\/\" class=\"woocommerce-LoopProduct-link woocommerce-loop-product__link\"><img decoding=\"async\" width=\"300\" height=\"300\" src=\"https:\/\/peitrade.com\/wp-content\/uploads\/2025\/11\/Egyptian-Green-Beans-300x300.webp\" class=\"attachment-woocommerce_thumbnail size-woocommerce_thumbnail\" alt=\"Jud\u00edas verdes\" srcset=\"https:\/\/peitrade.com\/wp-content\/uploads\/2025\/11\/Egyptian-Green-Beans-300x300.webp 300w, https:\/\/peitrade.com\/wp-content\/uploads\/2025\/11\/Egyptian-Green-Beans-150x150.webp 150w, https:\/\/peitrade.com\/wp-content\/uploads\/2025\/11\/Egyptian-Green-Beans-768x768.webp 768w, https:\/\/peitrade.com\/wp-content\/uploads\/2025\/11\/Egyptian-Green-Beans-600x600.webp 600w, https:\/\/peitrade.com\/wp-content\/uploads\/2025\/11\/Egyptian-Green-Beans-100x100.webp 100w, https:\/\/peitrade.com\/wp-content\/uploads\/2025\/11\/Egyptian-Green-Beans.webp 1024w\" sizes=\"(max-width: 300px) 100vw, 300px\" title=\"\"><h2 class=\"woocommerce-loop-product__title\">Jud\u00edas verdes<\/h2>\n<\/a><a href=\"https:\/\/peitrade.com\/es\/product\/judias-verdes\/\" aria-describedby=\"woocommerce_loop_add_to_cart_link_describedby_7535\" data-quantity=\"1\" class=\"button product_type_simple\" data-product_id=\"7535\" data-product_sku=\"70821\" aria-label=\"Lee m\u00e1s sobre &ldquo;Jud\u00edas verdes&rdquo;\" rel=\"nofollow\" data-success_message=\"\">Leer m\u00e1s<\/a>\t<span id=\"woocommerce_loop_add_to_cart_link_describedby_7535\" class=\"screen-reader-text\">\n\t\t\t<\/span>\n<\/li>\n<li class=\"product type-product post-7766 status-publish last instock product_cat-in-season product_cat-vegetables has-post-thumbnail shipping-taxable product-type-simple\">\n\t<a href=\"https:\/\/peitrade.com\/es\/product\/patatas\/\" class=\"woocommerce-LoopProduct-link woocommerce-loop-product__link\"><img decoding=\"async\" width=\"300\" height=\"300\" src=\"https:\/\/peitrade.com\/wp-content\/uploads\/2025\/11\/Egyptian-Potatoes-300x300.webp\" class=\"attachment-woocommerce_thumbnail size-woocommerce_thumbnail\" alt=\"Patatas\" srcset=\"https:\/\/peitrade.com\/wp-content\/uploads\/2025\/11\/Egyptian-Potatoes-300x300.webp 300w, https:\/\/peitrade.com\/wp-content\/uploads\/2025\/11\/Egyptian-Potatoes-150x150.webp 150w, https:\/\/peitrade.com\/wp-content\/uploads\/2025\/11\/Egyptian-Potatoes-768x768.webp 768w, https:\/\/peitrade.com\/wp-content\/uploads\/2025\/11\/Egyptian-Potatoes-600x600.webp 600w, https:\/\/peitrade.com\/wp-content\/uploads\/2025\/11\/Egyptian-Potatoes-100x100.webp 100w, https:\/\/peitrade.com\/wp-content\/uploads\/2025\/11\/Egyptian-Potatoes.webp 1024w\" sizes=\"(max-width: 300px) 100vw, 300px\" title=\"\"><h2 class=\"woocommerce-loop-product__title\">Patatas<\/h2>\n<\/a><a href=\"https:\/\/peitrade.com\/es\/product\/patatas\/\" aria-describedby=\"woocommerce_loop_add_to_cart_link_describedby_7766\" data-quantity=\"1\" class=\"button product_type_simple\" data-product_id=\"7766\" data-product_sku=\"70190\" aria-label=\"Lee m\u00e1s sobre &ldquo;Patatas&rdquo;\" rel=\"nofollow\" data-success_message=\"\">Leer m\u00e1s<\/a>\t<span id=\"woocommerce_loop_add_to_cart_link_describedby_7766\" class=\"screen-reader-text\">\n\t\t\t<\/span>\n<\/li>\n<\/ul>\n<\/div><\/div>\n<section style=\"padding: 50px 20px;\">\n<div class=\"container\">\n<h2>Por qu\u00e9 elegir cebolla egipcia andante de PEI Trade<\/h2>\n<p><span style=\"font-weight: 400;\">La cebolla egipcia andante se destaca por su:<\/span><\/p>\n<ul>\n<li style=\"font-weight: 400;\" aria-level=\"1\"><span style=\"font-weight: 400;\">Capacidad \u00fanica de \u00abcaminar\u00bb formando racimos de bulbos en la parte superior de tallos altos<\/span><\/li>\n<li style=\"font-weight: 400;\" aria-level=\"1\"><span style=\"font-weight: 400;\">Sabor a cebolla robusto y ligeramente dulce, ideal para platos frescos y cocinados<\/span><\/li>\n<li style=\"font-weight: 400;\" aria-level=\"1\"><span style=\"font-weight: 400;\">Alta resistencia y adaptabilidad al clima egipcio, asegurando cosechas constantes<\/span><\/li>\n<li style=\"font-weight: 400;\" aria-level=\"1\"><span style=\"font-weight: 400;\">Excelente durabilidad postcosecha y vida \u00fatil<\/span><\/li>\n<\/ul>\n<p><span style=\"font-weight: 400;\">Nuestras cebollas andantes son cosechadas cuidadosamente por agricultores experimentados durante la temporada alta, preservando la calidad natural y el sabor que los compradores esperan de los productos egipcios premium.<\/span><\/p>\n<h2>Servicios completos de exportaci\u00f3n de cebollas desde Egipto<\/h2>\n<p><span style=\"font-weight: 400;\">En PEI Trade, somos reconocidos exportadores de cebolla en Egipto y ofrecemos un portafolio amplio que incluye:<\/span><\/p>\n<ul>\n<li style=\"font-weight: 400;\" aria-level=\"1\"><b>Cebollas rojas egipcias<\/b><span style=\"font-weight: 400;\">: Conocidas por su color vibrante y sabor dulce y suave<\/span><\/li>\n<li style=\"font-weight: 400;\" aria-level=\"1\"><b>Cebollas doradas egipcias<\/b><span style=\"font-weight: 400;\">: Perfectas para cocinar, con un sabor rico y dulce<\/span><\/li>\n<li style=\"font-weight: 400;\" aria-level=\"1\"><b>Cebollas blancas egipcias<\/b><span style=\"font-weight: 400;\">: Crujientes y picantes, ideales para el consumo fresco y ensaladas<\/span><\/li>\n<\/ul>\n<p><span style=\"font-weight: 400;\">Nuestro proceso de exportaci\u00f3n integral garantiza que las cebollas frescas y de calidad lleguen a los mercados internacionales de manera confiable y eficiente.<\/span><\/p>\n<h2><b>Temporada de cosecha<\/b> y control de calidad de la cebolla egipcia andante<\/h2>\n<p><span style=\"font-weight: 400;\">La <\/span><b>temporada de cosecha de la cebolla egipcia andante<\/b><span style=\"font-weight: 400;\"> ocurre t\u00edpicamente desde finales de primavera hasta principios de verano, coincidiendo con condiciones \u00f3ptimas de crecimiento. PEI Trade coordina estrechamente con los agricultores para garantizar una recolecci\u00f3n y procesamiento oportunos que conserven la frescura y el sabor.<\/span><\/p>\n<p><span style=\"font-weight: 400;\">Nuestro control de calidad incluye:<\/span><\/p>\n<ul>\n<li style=\"font-weight: 400;\" aria-level=\"1\"><span style=\"font-weight: 400;\">Inspecciones en el lugar durante la temporada de cosecha<\/span><\/li>\n<li style=\"font-weight: 400;\" aria-level=\"1\"><span style=\"font-weight: 400;\">Clasificaci\u00f3n por tama\u00f1o y color<\/span><\/li>\n<li style=\"font-weight: 400;\" aria-level=\"1\"><span style=\"font-weight: 400;\">Empaque higi\u00e9nico adaptado a los est\u00e1ndares de exportaci\u00f3n<\/span><\/li>\n<\/ul>\n<h3>Usos de las cebollas egipcias<\/h3>\n<p><span style=\"font-weight: 400;\">Nuestras cebollas son populares en muchos sectores:<\/span><\/p>\n<ul>\n<li style=\"font-weight: 400;\" aria-level=\"1\"><b>Venta minorista<\/b><span style=\"font-weight: 400;\">: Cebollas frescas empaquetadas para supermercados y fruter\u00edas<\/span><\/li>\n<li style=\"font-weight: 400;\" aria-level=\"1\"><b>Industria alimentaria<\/b><span style=\"font-weight: 400;\">: Suministro a restaurantes, servicios de catering y fabricantes de alimentos<\/span><\/li>\n<li style=\"font-weight: 400;\" aria-level=\"1\"><b>Venta al por mayor<\/b><span style=\"font-weight: 400;\">: Env\u00edos a granel para centros de distribuci\u00f3n y exportadores<\/span><\/li>\n<\/ul>\n<h3>Alcance global y destinos de exportaci\u00f3n<\/h3>\n<p><span style=\"font-weight: 400;\">PEI Trade exporta cebolla egipcia andante y otras variedades de cebolla a:<\/span><\/p>\n<ul>\n<li style=\"font-weight: 400;\" aria-level=\"1\"><span style=\"font-weight: 400;\">Europa (incluidos Reino Unido, Alemania y Pa\u00edses Bajos)<\/span><\/li>\n<li style=\"font-weight: 400;\" aria-level=\"1\"><span style=\"font-weight: 400;\">Medio Oriente y pa\u00edses del CCG<\/span><\/li>\n<li style=\"font-weight: 400;\" aria-level=\"1\"><span style=\"font-weight: 400;\">Norte de \u00c1frica y partes de Asia<\/span><\/li>\n<\/ul>\n<p><span style=\"font-weight: 400;\">Con precios competitivos, cantidades flexibles y log\u00edstica confiable, PEI Trade es su socio de confianza para exportaciones de cebolla desde Egipto.<\/span><\/p>\n<h2>Opciones de empaque y env\u00edo<\/h2>\n<p><span style=\"font-weight: 400;\">Ofrecemos soluciones de empaque personalizadas como:<\/span><\/p>\n<ul>\n<li style=\"font-weight: 400;\" aria-level=\"1\"><span style=\"font-weight: 400;\">Bolsas de malla de 5 kg, 10 kg y 25 kg<\/span><\/li>\n<li style=\"font-weight: 400;\" aria-level=\"1\"><span style=\"font-weight: 400;\">Cajas de marca o empaque a granel<\/span><\/li>\n<li style=\"font-weight: 400;\" aria-level=\"1\"><span style=\"font-weight: 400;\">Env\u00edos paletizados en contenedores refrigerados<\/span><\/li>\n<li style=\"font-weight: 400;\" aria-level=\"1\"><span style=\"font-weight: 400;\">Etiquetas multiling\u00fces y seguimiento por c\u00f3digo de barras<\/span><\/li>\n<\/ul>\n<p><span style=\"font-weight: 400;\">Todo el empaque cumple con los est\u00e1ndares de importaci\u00f3n de la UE, CCG y otros destinos.<\/span><\/p>\n<\/div>\n<\/section>\n<section style=\"padding: 50px 20px; background-color: #f0f0f0;\">\n<div class=\"container\">\n<h2>Ordene cebolla egipcia andante con confianza<\/h2>\n<p>\u00bfBusca un proveedor confiable de cebolla egipcia andante fresca y otras variedades de cebolla? PEI Trade ofrece servicios de exportaci\u00f3n expertos con enfoque en calidad, entrega puntual y trazabilidad total desde la granja hasta el puerto.<\/p>\n<h2>Solicite una cotizaci\u00f3n o reserve su env\u00edo<\/h2>\n<p>Cont\u00e1ctenos hoy para obtener precios, disponibilidad y muestras. Nuestro equipo de exportaci\u00f3n est\u00e1 listo para apoyar su adquisici\u00f3n estacional con soluciones personalizadas y un servicio excepcional.<\/p>\n<p style=\"text-align: center; margin-top: 40px;\"><a class=\"button primary large\" href=\"\/contact\">Ordenar ahora<\/a><\/p>\n<\/div>\n<\/section>\n<section style=\"padding: 50px 20px;\">\n<div class=\"container\">\n<h2>Descubra m\u00e1s productos frescos egipcios<\/h2>\n<p>&nbsp;<\/p>\n<p>Adem\u00e1s de la cebolla andante, PEI Trade exporta cebollas rojas egipcias, cebollas doradas, cebollas blancas, as\u00ed como una amplia selecci\u00f3n de frutas y verduras frescas. <a href=\"\/about\">Conozca m\u00e1s sobre nuestras capacidades de exportaci\u00f3n<\/a>.<\/p>\n<div class=\"wp-block-woocommerce-product-collection\"><div class=\"woocommerce columns-4 \"><ul class=\"products columns-4\" data-products=\"type-2\">\n<li class=\"product type-product post-7374 status-publish first instock product_cat-in-season product_cat-vegetables has-post-thumbnail shipping-taxable product-type-simple\">\n\t<a href=\"https:\/\/peitrade.com\/es\/product\/ajo\/\" class=\"woocommerce-LoopProduct-link woocommerce-loop-product__link\"><img decoding=\"async\" width=\"300\" height=\"300\" src=\"https:\/\/peitrade.com\/wp-content\/uploads\/2025\/11\/Egyptian-Garlic-300x300.webp\" class=\"attachment-woocommerce_thumbnail size-woocommerce_thumbnail\" alt=\"Ajo\" srcset=\"https:\/\/peitrade.com\/wp-content\/uploads\/2025\/11\/Egyptian-Garlic-300x300.webp 300w, https:\/\/peitrade.com\/wp-content\/uploads\/2025\/11\/Egyptian-Garlic-150x150.webp 150w, https:\/\/peitrade.com\/wp-content\/uploads\/2025\/11\/Egyptian-Garlic-768x768.webp 768w, https:\/\/peitrade.com\/wp-content\/uploads\/2025\/11\/Egyptian-Garlic-600x600.webp 600w, https:\/\/peitrade.com\/wp-content\/uploads\/2025\/11\/Egyptian-Garlic-100x100.webp 100w, https:\/\/peitrade.com\/wp-content\/uploads\/2025\/11\/Egyptian-Garlic.webp 1024w\" sizes=\"(max-width: 300px) 100vw, 300px\" title=\"\"><h2 class=\"woocommerce-loop-product__title\">Ajo<\/h2>\n<\/a><a href=\"https:\/\/peitrade.com\/es\/product\/ajo\/\" aria-describedby=\"woocommerce_loop_add_to_cart_link_describedby_7374\" data-quantity=\"1\" class=\"button product_type_simple\" data-product_id=\"7374\" data-product_sku=\"70320\" aria-label=\"Lee m\u00e1s sobre &ldquo;Ajo&rdquo;\" rel=\"nofollow\" data-success_message=\"\">Leer m\u00e1s<\/a>\t<span id=\"woocommerce_loop_add_to_cart_link_describedby_7374\" class=\"screen-reader-text\">\n\t\t\t<\/span>\n<\/li>\n<li class=\"product type-product post-7790 status-publish instock product_cat-in-season product_cat-vegetables has-post-thumbnail shipping-taxable product-type-simple\">\n\t<a href=\"https:\/\/peitrade.com\/es\/product\/batatas-dulces\/\" class=\"woocommerce-LoopProduct-link woocommerce-loop-product__link\"><img decoding=\"async\" width=\"300\" height=\"300\" src=\"https:\/\/peitrade.com\/wp-content\/uploads\/2025\/11\/Egyptian-Sweet-Potatoes-300x300.webp\" class=\"attachment-woocommerce_thumbnail size-woocommerce_thumbnail\" alt=\"Egyptian Sweet Potatoes - PEI Trade\" srcset=\"https:\/\/peitrade.com\/wp-content\/uploads\/2025\/11\/Egyptian-Sweet-Potatoes-300x300.webp 300w, https:\/\/peitrade.com\/wp-content\/uploads\/2025\/11\/Egyptian-Sweet-Potatoes-150x150.webp 150w, https:\/\/peitrade.com\/wp-content\/uploads\/2025\/11\/Egyptian-Sweet-Potatoes-768x768.webp 768w, https:\/\/peitrade.com\/wp-content\/uploads\/2025\/11\/Egyptian-Sweet-Potatoes-600x600.webp 600w, https:\/\/peitrade.com\/wp-content\/uploads\/2025\/11\/Egyptian-Sweet-Potatoes-100x100.webp 100w, https:\/\/peitrade.com\/wp-content\/uploads\/2025\/11\/Egyptian-Sweet-Potatoes.webp 1024w\" sizes=\"(max-width: 300px) 100vw, 300px\" title=\"\"><h2 class=\"woocommerce-loop-product__title\">Batatas dulces<\/h2>\n<\/a><a href=\"https:\/\/peitrade.com\/es\/product\/batatas-dulces\/\" aria-describedby=\"woocommerce_loop_add_to_cart_link_describedby_7790\" data-quantity=\"1\" class=\"button product_type_simple\" data-product_id=\"7790\" data-product_sku=\"71420\" aria-label=\"Lee m\u00e1s sobre &ldquo;Batatas dulces&rdquo;\" rel=\"nofollow\" data-success_message=\"\">Leer m\u00e1s<\/a>\t<span id=\"woocommerce_loop_add_to_cart_link_describedby_7790\" class=\"screen-reader-text\">\n\t\t\t<\/span>\n<\/li>\n<li class=\"product type-product post-7766 status-publish instock product_cat-in-season product_cat-vegetables has-post-thumbnail shipping-taxable product-type-simple\">\n\t<a href=\"https:\/\/peitrade.com\/es\/product\/patatas\/\" class=\"woocommerce-LoopProduct-link woocommerce-loop-product__link\"><img decoding=\"async\" width=\"300\" height=\"300\" src=\"https:\/\/peitrade.com\/wp-content\/uploads\/2025\/11\/Egyptian-Potatoes-300x300.webp\" class=\"attachment-woocommerce_thumbnail size-woocommerce_thumbnail\" alt=\"Patatas\" srcset=\"https:\/\/peitrade.com\/wp-content\/uploads\/2025\/11\/Egyptian-Potatoes-300x300.webp 300w, https:\/\/peitrade.com\/wp-content\/uploads\/2025\/11\/Egyptian-Potatoes-150x150.webp 150w, https:\/\/peitrade.com\/wp-content\/uploads\/2025\/11\/Egyptian-Potatoes-768x768.webp 768w, https:\/\/peitrade.com\/wp-content\/uploads\/2025\/11\/Egyptian-Potatoes-600x600.webp 600w, https:\/\/peitrade.com\/wp-content\/uploads\/2025\/11\/Egyptian-Potatoes-100x100.webp 100w, https:\/\/peitrade.com\/wp-content\/uploads\/2025\/11\/Egyptian-Potatoes.webp 1024w\" sizes=\"(max-width: 300px) 100vw, 300px\" title=\"\"><h2 class=\"woocommerce-loop-product__title\">Patatas<\/h2>\n<\/a><a href=\"https:\/\/peitrade.com\/es\/product\/patatas\/\" aria-describedby=\"woocommerce_loop_add_to_cart_link_describedby_7766\" data-quantity=\"1\" class=\"button product_type_simple\" data-product_id=\"7766\" data-product_sku=\"70190\" aria-label=\"Lee m\u00e1s sobre &ldquo;Patatas&rdquo;\" rel=\"nofollow\" data-success_message=\"\">Leer m\u00e1s<\/a>\t<span id=\"woocommerce_loop_add_to_cart_link_describedby_7766\" class=\"screen-reader-text\">\n\t\t\t<\/span>\n<\/li>\n<li class=\"product type-product post-7358 status-publish last instock product_cat-vegetables has-post-thumbnail shipping-taxable product-type-simple\">\n\t<a href=\"https:\/\/peitrade.com\/es\/product\/tomates\/\" class=\"woocommerce-LoopProduct-link woocommerce-loop-product__link\"><img decoding=\"async\" width=\"300\" height=\"300\" src=\"https:\/\/peitrade.com\/wp-content\/uploads\/2025\/11\/Egyptian-Tomatoes-300x300.webp\" class=\"attachment-woocommerce_thumbnail size-woocommerce_thumbnail\" alt=\"Tomates\" srcset=\"https:\/\/peitrade.com\/wp-content\/uploads\/2025\/11\/Egyptian-Tomatoes-300x300.webp 300w, https:\/\/peitrade.com\/wp-content\/uploads\/2025\/11\/Egyptian-Tomatoes-150x150.webp 150w, https:\/\/peitrade.com\/wp-content\/uploads\/2025\/11\/Egyptian-Tomatoes-768x768.webp 768w, https:\/\/peitrade.com\/wp-content\/uploads\/2025\/11\/Egyptian-Tomatoes-600x600.webp 600w, https:\/\/peitrade.com\/wp-content\/uploads\/2025\/11\/Egyptian-Tomatoes-100x100.webp 100w, https:\/\/peitrade.com\/wp-content\/uploads\/2025\/11\/Egyptian-Tomatoes.webp 1024w\" sizes=\"(max-width: 300px) 100vw, 300px\" title=\"\"><h2 class=\"woocommerce-loop-product__title\">Tomates<\/h2>\n<\/a><a href=\"https:\/\/peitrade.com\/es\/product\/tomates\/\" aria-describedby=\"woocommerce_loop_add_to_cart_link_describedby_7358\" data-quantity=\"1\" class=\"button product_type_simple\" data-product_id=\"7358\" data-product_sku=\"70200\" aria-label=\"Lee m\u00e1s sobre &ldquo;Tomates&rdquo;\" rel=\"nofollow\" data-success_message=\"\">Leer m\u00e1s<\/a>\t<span id=\"woocommerce_loop_add_to_cart_link_describedby_7358\" class=\"screen-reader-text\">\n\t\t\t<\/span>\n<\/li>\n<\/ul>\n<\/div><\/div>\n<\/div>\n<\/section>\n<section style=\"padding: 50px 20px; background-color: #f9f9f9;\">\n<div class=\"container\">\n<h2>Preguntas Frecuentes<\/h2>\n<h3>\u00bfCu\u00e1ndo es la temporada de cosecha de la cebolla egipcia andante?<\/h3>\n<p>La temporada de cosecha generalmente tiene lugar desde finales de primavera hasta principios de verano, asegurando la mejor calidad y sabor.<\/p>\n<h3>\u00bfQu\u00e9 variedades de cebolla exportan desde Egipto?<\/h3>\n<p>Exportamos cebolla egipcia andante, cebolla roja egipcia, cebolla dorada egipcia y cebolla blanca egipcia.<\/p>\n<h3>\u00bfOfrecen empaques personalizados?<\/h3>\n<p>S\u00ed, proporcionamos varias opciones de empaque, incluidas bolsas de malla, cajas y env\u00edos paletizados con etiquetas personalizadas.<\/p>\n<h3>\u00bfPEI Trade puede manejar pedidos de gran volumen?<\/h3>\n<p>Absolutamente. Estamos equipados para gestionar grandes env\u00edos y apoyar contratos de suministro continuos.<\/p>\n<h3>\u00bfA qu\u00e9 mercados exportan?<\/h3>\n<p>Nuestras cebollas llegan a mercados en Europa, Medio Oriente, Norte de \u00c1frica y partes de Asia.<\/p>\n<\/div>\n<\/section>\n","protected":false},"excerpt":{"rendered":"<p>Temporada de cosecha de la cebolla egipcia andante \u2013 PEI Trade &nbsp; PEI Trade ofrece con orgullo cebolla egipcia andante de primera calidad, cosechada en su punto \u00f3ptimo de frescura para satisfacer la demanda de compradores globales. Conocida por su forma de crecimiento \u00fanica y su sabor robusto, la cebolla egipcia andante es un cultivo [&hellip;]<\/p>\n","protected":false},"author":9,"featured_media":0,"parent":0,"menu_order":0,"comment_status":"closed","ping_status":"closed","template":"","meta":{"footnotes":""},"class_list":["post-5831","page","type-page","status-publish","hentry"],"blocksy_meta":[],"mb":[],"featured_image_urls_v2":{"full":"","thumbnail":"","medium":"","medium_large":"","large":"","1536x1536":"","2048x2048":"","woocommerce_archive_thumbnail":"","woocommerce_thumbnail":"","woocommerce_single":"","woocommerce_gallery_thumbnail":""},"post_excerpt_stackable_v2":"<p>Temporada de cosecha de la cebolla egipcia andante \u2013 PEI Trade &nbsp; PEI Trade ofrece con orgullo cebolla egipcia andante de primera calidad, cosechada en su punto \u00f3ptimo de frescura para satisfacer la demanda de compradores globales. Conocida por su forma de crecimiento \u00fanica y su sabor robusto, la cebolla egipcia andante es un cultivo especial muy valorado, cultivado en los f\u00e9rtiles suelos de Egipto. Nuestro proceso de cosecha garantiza que estas cebollas conserven su sabor caracter\u00edstico y su vida \u00fatil, perfectas para mercados frescos y usos culinarios en todo el mundo. Como exportadores l\u00edderes de cebolla en Egipto, tambi\u00e9n&hellip;<\/p>\n","category_list_v2":"","author_info_v2":{"name":"Maha","url":"https:\/\/peitrade.com\/es\/author\/m-amer\/"},"comments_num_v2":"0 comentarios","mfb_rest_fields":["title","blocksy_meta","featured_image_urls_v2","post_excerpt_stackable_v2","category_list_v2","author_info_v2","comments_num_v2"],"_links":{"self":[{"href":"https:\/\/peitrade.com\/es\/wp-json\/wp\/v2\/pages\/5831","targetHints":{"allow":["GET"]}}],"collection":[{"href":"https:\/\/peitrade.com\/es\/wp-json\/wp\/v2\/pages"}],"about":[{"href":"https:\/\/peitrade.com\/es\/wp-json\/wp\/v2\/types\/page"}],"author":[{"embeddable":true,"href":"https:\/\/peitrade.com\/es\/wp-json\/wp\/v2\/users\/9"}],"replies":[{"embeddable":true,"href":"https:\/\/peitrade.com\/es\/wp-json\/wp\/v2\/comments?post=5831"}],"version-history":[{"count":1,"href":"https:\/\/peitrade.com\/es\/wp-json\/wp\/v2\/pages\/5831\/revisions"}],"predecessor-version":[{"id":5832,"href":"https:\/\/peitrade.com\/es\/wp-json\/wp\/v2\/pages\/5831\/revisions\/5832"}],"wp:attachment":[{"href":"https:\/\/peitrade.com\/es\/wp-json\/wp\/v2\/media?parent=5831"}],"curies":[{"name":"wp","href":"https:\/\/api.w.org\/{rel}","templated":true}]}}