{"id":5877,"date":"2025-05-20T12:19:34","date_gmt":"2025-05-20T12:19:34","guid":{"rendered":"http:\/\/46.224.74.15\/exportadores-confiables-de-granadas-en-egipto\/"},"modified":"2025-11-19T16:46:38","modified_gmt":"2025-11-19T16:46:38","slug":"exportadores-confiables-de-granadas-en-egipto","status":"publish","type":"page","link":"https:\/\/peitrade.com\/es\/exportadores-confiables-de-granadas-en-egipto\/","title":{"rendered":"Exportadores Confiables de Granadas en Egipto \u2013 Suministro Global por PEI Trade"},"content":{"rendered":"<section style=\"padding: 60px 20px; background-color: #f9f9f9;\" data-darkreader-inline-bgcolor=\"\">\n<div class=\"container\">\n<h1>Exportadores Confiables de Granadas en Egipto \u2013 Suministro Global por PEI Trade<\/h1>\n<p>PEI Trade se encuentra entre los exportadores confiables de granadas en Egipto, proporcionando a clientes mayoristas y distribuidores internacionales acceso constante a granadas egipcias frescas y listas para exportaci\u00f3n. Nuestra operaci\u00f3n de suministro est\u00e1 dise\u00f1ada para escalar en volumen, manejo eficiente y env\u00edos programados durante toda la temporada de exportaci\u00f3n. Atendemos a importadores en Europa, el CCG y el Sudeste Asi\u00e1tico, apoyando a los equipos de compras con env\u00edos directos desde la finca, formatos de empaque flexibles y entrega coordinada para modelos de distribuci\u00f3n mayorista y minorista. Desde l\u00edneas de envasado para supermercados hasta procesadores industriales de jugo, PEI Trade satisface las demandas de empresas que buscan un suministro constante y confiable de frutas desde Egipto.<\/p>\n<\/div>\n<\/section>\n<div class=\"wp-block-woocommerce-product-collection\"><div class=\"woocommerce columns-4 \"><ul class=\"products columns-4\" data-products=\"type-2\">\n<li class=\"product type-product post-7665 status-publish first instock product_cat-fruits has-post-thumbnail shipping-taxable product-type-simple\">\n\t<a href=\"https:\/\/peitrade.com\/es\/product\/fresas\/\" class=\"woocommerce-LoopProduct-link woocommerce-loop-product__link\"><img decoding=\"async\" width=\"300\" height=\"300\" src=\"https:\/\/peitrade.com\/wp-content\/uploads\/2025\/11\/Egyptian-Strawberries-300x300.webp\" class=\"attachment-woocommerce_thumbnail size-woocommerce_thumbnail\" alt=\"Fresas\" srcset=\"https:\/\/peitrade.com\/wp-content\/uploads\/2025\/11\/Egyptian-Strawberries-300x300.webp 300w, https:\/\/peitrade.com\/wp-content\/uploads\/2025\/11\/Egyptian-Strawberries-150x150.webp 150w, https:\/\/peitrade.com\/wp-content\/uploads\/2025\/11\/Egyptian-Strawberries-768x768.webp 768w, https:\/\/peitrade.com\/wp-content\/uploads\/2025\/11\/Egyptian-Strawberries-600x600.webp 600w, https:\/\/peitrade.com\/wp-content\/uploads\/2025\/11\/Egyptian-Strawberries-100x100.webp 100w, https:\/\/peitrade.com\/wp-content\/uploads\/2025\/11\/Egyptian-Strawberries.webp 1024w\" sizes=\"(max-width: 300px) 100vw, 300px\" title=\"\"><h2 class=\"woocommerce-loop-product__title\">Fresas<\/h2>\n<\/a><a href=\"https:\/\/peitrade.com\/es\/product\/fresas\/\" aria-describedby=\"woocommerce_loop_add_to_cart_link_describedby_7665\" data-quantity=\"1\" class=\"button product_type_simple\" data-product_id=\"7665\" data-product_sku=\"81010\" aria-label=\"Lee m\u00e1s sobre &ldquo;Fresas&rdquo;\" rel=\"nofollow\" data-success_message=\"\">Leer m\u00e1s<\/a>\t<span id=\"woocommerce_loop_add_to_cart_link_describedby_7665\" class=\"screen-reader-text\">\n\t\t\t<\/span>\n<\/li>\n<li class=\"product type-product post-7742 status-publish instock product_cat-fruits has-post-thumbnail shipping-taxable product-type-simple\">\n\t<a href=\"https:\/\/peitrade.com\/es\/product\/granada\/\" class=\"woocommerce-LoopProduct-link woocommerce-loop-product__link\"><img decoding=\"async\" width=\"300\" height=\"300\" src=\"https:\/\/peitrade.com\/wp-content\/uploads\/2025\/11\/Egyptian-Pomegranate-300x300.webp\" class=\"attachment-woocommerce_thumbnail size-woocommerce_thumbnail\" alt=\"Pomegranates: The Superfruit Appeal\" srcset=\"https:\/\/peitrade.com\/wp-content\/uploads\/2025\/11\/Egyptian-Pomegranate-300x300.webp 300w, https:\/\/peitrade.com\/wp-content\/uploads\/2025\/11\/Egyptian-Pomegranate-150x150.webp 150w, https:\/\/peitrade.com\/wp-content\/uploads\/2025\/11\/Egyptian-Pomegranate-768x768.webp 768w, https:\/\/peitrade.com\/wp-content\/uploads\/2025\/11\/Egyptian-Pomegranate-600x600.webp 600w, https:\/\/peitrade.com\/wp-content\/uploads\/2025\/11\/Egyptian-Pomegranate-100x100.webp 100w, https:\/\/peitrade.com\/wp-content\/uploads\/2025\/11\/Egyptian-Pomegranate.webp 1024w\" sizes=\"(max-width: 300px) 100vw, 300px\" title=\"\"><h2 class=\"woocommerce-loop-product__title\">Granada<\/h2>\n<\/a><a href=\"https:\/\/peitrade.com\/es\/product\/granada\/\" aria-describedby=\"woocommerce_loop_add_to_cart_link_describedby_7742\" data-quantity=\"1\" class=\"button product_type_simple\" data-product_id=\"7742\" data-product_sku=\"81090\" aria-label=\"Lee m\u00e1s sobre &ldquo;Granada&rdquo;\" rel=\"nofollow\" data-success_message=\"\">Leer m\u00e1s<\/a>\t<span id=\"woocommerce_loop_add_to_cart_link_describedby_7742\" class=\"screen-reader-text\">\n\t\t\t<\/span>\n<\/li>\n<li class=\"product type-product post-7443 status-publish instock product_cat-in-season product_cat-fruits has-post-thumbnail shipping-taxable product-type-simple\">\n\t<a href=\"https:\/\/peitrade.com\/es\/product\/naranjas\/\" class=\"woocommerce-LoopProduct-link woocommerce-loop-product__link\"><img decoding=\"async\" width=\"300\" height=\"300\" src=\"https:\/\/peitrade.com\/wp-content\/uploads\/2025\/11\/Egyptian-Oranges-300x300.webp\" class=\"attachment-woocommerce_thumbnail size-woocommerce_thumbnail\" alt=\"Las exportaciones de naranjas egipcias a Canad\u00e1 alcanzan un r\u00e9cord en 2025\" srcset=\"https:\/\/peitrade.com\/wp-content\/uploads\/2025\/11\/Egyptian-Oranges-300x300.webp 300w, https:\/\/peitrade.com\/wp-content\/uploads\/2025\/11\/Egyptian-Oranges-150x150.webp 150w, https:\/\/peitrade.com\/wp-content\/uploads\/2025\/11\/Egyptian-Oranges-768x768.webp 768w, https:\/\/peitrade.com\/wp-content\/uploads\/2025\/11\/Egyptian-Oranges-600x600.webp 600w, https:\/\/peitrade.com\/wp-content\/uploads\/2025\/11\/Egyptian-Oranges-100x100.webp 100w, https:\/\/peitrade.com\/wp-content\/uploads\/2025\/11\/Egyptian-Oranges.webp 1024w\" sizes=\"(max-width: 300px) 100vw, 300px\" title=\"\"><h2 class=\"woocommerce-loop-product__title\">Naranjas<\/h2>\n<\/a><a href=\"https:\/\/peitrade.com\/es\/product\/naranjas\/\" aria-describedby=\"woocommerce_loop_add_to_cart_link_describedby_7443\" data-quantity=\"1\" class=\"button product_type_simple\" data-product_id=\"7443\" data-product_sku=\"80510\" aria-label=\"Lee m\u00e1s sobre &ldquo;Naranjas&rdquo;\" rel=\"nofollow\" data-success_message=\"\">Leer m\u00e1s<\/a>\t<span id=\"woocommerce_loop_add_to_cart_link_describedby_7443\" class=\"screen-reader-text\">\n\t\t\t<\/span>\n<\/li>\n<li class=\"product type-product post-7579 status-publish last instock product_cat-fruits has-post-thumbnail shipping-taxable product-type-simple\">\n\t<a href=\"https:\/\/peitrade.com\/es\/product\/uvas\/\" class=\"woocommerce-LoopProduct-link woocommerce-loop-product__link\"><img decoding=\"async\" width=\"300\" height=\"300\" src=\"https:\/\/peitrade.com\/wp-content\/uploads\/2025\/11\/Egyptian-Grapes-300x300.webp\" class=\"attachment-woocommerce_thumbnail size-woocommerce_thumbnail\" alt=\"Grapes: A Rising Star\" srcset=\"https:\/\/peitrade.com\/wp-content\/uploads\/2025\/11\/Egyptian-Grapes-300x300.webp 300w, https:\/\/peitrade.com\/wp-content\/uploads\/2025\/11\/Egyptian-Grapes-150x150.webp 150w, https:\/\/peitrade.com\/wp-content\/uploads\/2025\/11\/Egyptian-Grapes-768x768.webp 768w, https:\/\/peitrade.com\/wp-content\/uploads\/2025\/11\/Egyptian-Grapes-600x600.webp 600w, https:\/\/peitrade.com\/wp-content\/uploads\/2025\/11\/Egyptian-Grapes-100x100.webp 100w, https:\/\/peitrade.com\/wp-content\/uploads\/2025\/11\/Egyptian-Grapes.webp 1024w\" sizes=\"(max-width: 300px) 100vw, 300px\" title=\"\"><h2 class=\"woocommerce-loop-product__title\">Uvas<\/h2>\n<\/a><a href=\"https:\/\/peitrade.com\/es\/product\/uvas\/\" aria-describedby=\"woocommerce_loop_add_to_cart_link_describedby_7579\" data-quantity=\"1\" class=\"button product_type_simple\" data-product_id=\"7579\" data-product_sku=\"80610\" aria-label=\"Lee m\u00e1s sobre &ldquo;Uvas&rdquo;\" rel=\"nofollow\" data-success_message=\"\">Leer m\u00e1s<\/a>\t<span id=\"woocommerce_loop_add_to_cart_link_describedby_7579\" class=\"screen-reader-text\">\n\t\t\t<\/span>\n<\/li>\n<\/ul>\n<\/div><\/div>\n<section style=\"padding: 50px 20px;\">\n<h2>\u00bfPor qu\u00e9 elegir PEI Trade?<\/h2>\n<p>En PEI Trade colaboramos directamente con fincas locales reconocidas por cultivar variedades premium de granadas. Cultivadas bajo condiciones clim\u00e1ticas favorables y en el suelo f\u00e9rtil del Delta del Nilo, nuestras granadas egipcias son reconocidas por su color intenso, dulzura equilibrada y semillas firmes. Como empresa reconocida de exportaci\u00f3n de granadas en Egipto, PEI Trade apoya a los importadores que buscan:<\/p>\n<ul>\n<li>Vol\u00famenes de exportaci\u00f3n adaptados para mayoristas y minoristas<\/li>\n<li>Abastecimiento directo desde fincas egipcias de temporada<\/li>\n<li>Empaque y etiquetado adecuados para mercados internacionales<\/li>\n<li>Coordinaci\u00f3n completa de env\u00edos a trav\u00e9s de los principales puertos egipcios<\/li>\n<li>Soporte experimentado desde la consulta hasta la entrega<\/li>\n<\/ul>\n<h2>Variedades de Granadas Egipcias para Mercados Globales<\/h2>\n<p>PEI Trade suministra granadas frescas de Egipto con est\u00e1ndares de calidad consistentes en grados comerciales y premium. Nuestro suministro incluye:<\/p>\n<div class=\"_tableContainer_16hzy_1\">\n<div class=\"_tableWrapper_16hzy_14 group flex w-fit flex-col-reverse\" tabindex=\"-1\">\n<table class=\"w-fit min-w-(--thread-content-width)\" style=\"height: 125px;\" width=\"1361\">\n<thead>\n<tr>\n<th><strong>Variedad<\/strong><\/th>\n<th><strong>Descripci\u00f3n<\/strong><\/th>\n<th><strong>Ideal para<\/strong><\/th>\n<\/tr>\n<\/thead>\n<tbody>\n<tr>\n<td><strong>Wonderful<\/strong><\/td>\n<td style=\"text-align: center;\">C\u00e1scara roja intensa, sabor fuerte, larga vida \u00fatil<\/td>\n<td style=\"text-align: center;\">Supermercados, procesamiento de jugos<\/td>\n<\/tr>\n<tr>\n<td><strong>Baladi<\/strong><\/td>\n<td style=\"text-align: center;\">Semillas suaves, sabor m\u00e1s ligero, preferencia regional<\/td>\n<td style=\"text-align: center;\">Mayoristas tradicionales, mercados locales<\/td>\n<\/tr>\n<tr>\n<td><strong>Serie 116\/117<\/strong><\/td>\n<td style=\"text-align: center;\">Tama\u00f1o y firmeza enfocados en la exportaci\u00f3n<\/td>\n<td style=\"text-align: center;\">Distribuci\u00f3n general, compradores industriales<\/td>\n<\/tr>\n<\/tbody>\n<\/table>\n<\/div>\n<\/div>\n<p>Cada variedad es seleccionada y clasificada seg\u00fan el tama\u00f1o del fruto, color, firmeza y calidad externa, cumpliendo con los requisitos internacionales para el manejo de productos frescos.<\/p>\n<h2>Formatos de Empaque y Etiquetado<\/h2>\n<p>Ofrecemos soluciones de empaque flexibles para adaptarse a las necesidades log\u00edsticas y de venta. Los compradores pueden elegir entre:<\/p>\n<ul>\n<li><strong>Peso de las cajas:<\/strong> 2,5 kg, 5 kg y 10 kg<\/li>\n<li><strong>Tipos de empaque:<\/strong> A granel o en bandejas<\/li>\n<li><strong>Etiquetado:<\/strong> Disponible en ingl\u00e9s, \u00e1rabe o biling\u00fce<\/li>\n<li><strong>Clasificaci\u00f3n:<\/strong> Solo Clase 1 para exportaci\u00f3n<\/li>\n<\/ul>\n<p>El empaque se realiza en instalaciones higi\u00e9nicas con clasificaci\u00f3n visual cuidadosa para garantizar durabilidad y atractivo del producto durante el transporte.<\/p>\n<h2>Coordinaci\u00f3n Log\u00edstica para Compradores Internacionales<\/h2>\n<p>Como exportadora activa de granadas en Egipto, PEI Trade gestiona todo el proceso de env\u00edo, desde la finca hasta el puerto. Nuestro equipo supervisa:<\/p>\n<ul>\n<li>Preparaci\u00f3n de la cosecha y planificaci\u00f3n<\/li>\n<li>Clasificaci\u00f3n y preenfriamiento para control de temperatura<\/li>\n<li>Carga en contenedores refrigerados o pallets para carga a\u00e9rea<\/li>\n<li>Coordinaci\u00f3n con agentes navieros y despacho aduanero<\/li>\n<li>Documentaci\u00f3n de exportaci\u00f3n (facturas, listas de empaque, certificado fitosanitario)<\/li>\n<\/ul>\n<p>Nuestro sistema reduce retrasos en el manejo y mantiene los env\u00edos a tiempo, asegurando una vida \u00fatil \u00f3ptima al llegar.<\/p>\n<h2>Temporada de Granadas en Egipto: Mes a Mes<\/h2>\n<p>Las granadas egipcias est\u00e1n disponibles desde finales del verano hasta principios del invierno. Nuestro periodo de suministro es:<\/p>\n<ul>\n<li><strong>Agosto:<\/strong> Llegadas tempranas de Baladi<\/li>\n<li><strong>Septiembre \u2013 Noviembre:<\/strong> Cosecha m\u00e1xima de todas las variedades<\/li>\n<li><strong>Diciembre:<\/strong> \u00daltimos env\u00edos desde almacenamiento en fr\u00edo<\/li>\n<\/ul>\n<p>Los programas de temporada temprana se benefician de menor competencia y despacho aduanero m\u00e1s \u00e1gil. Las reservas para la temporada alta se recomiendan a finales del verano.<\/p>\n<\/section>\n<section style=\"padding: 50px 20px; background-color: #f0f0f0;\" data-darkreader-inline-bgcolor=\"\">\n<div class=\"container\">\n<h2>Solicite Cotizaciones por Volumen y Tiempos de Env\u00edo<\/h2>\n<p>PEI Trade ofrece precios FOB y CIF, calculados seg\u00fan el puerto de destino, preferencia de empaque y m\u00e9todo de env\u00edo. Nuestro equipo de exportaci\u00f3n est\u00e1 disponible para ayudar con estimaciones de volumen, proyecciones de temporada y requisitos de documentaci\u00f3n. Cont\u00e1ctenos para obtener precios actualizados de granadas frescas de Egipto, opciones de empaque y disponibilidad actual.<\/p>\n<p style=\"text-align: center; margin-top: 40px;\"><a class=\"button primary large\" href=\"\/contact\">Hacer Pedido<\/a><\/p>\n<\/div>\n<\/section>\n<section style=\"padding: 50px 20px;\">\n<div class=\"container\">\n<h2>Otros Productos Frescos de Egipto<\/h2>\n<p>Adem\u00e1s de granadas, PEI Trade suministra fresas, guayabas, mangos, naranjas egipcias y m\u00e1s. Apoyamos programas estacionales y contratos de importaci\u00f3n a largo plazo.<br \/>\n<a href=\"\/about\">Conozca m\u00e1s sobre nuestros servicios de exportaci\u00f3n<\/a>.<\/p>\n<div class=\"wp-block-woocommerce-product-collection\"><div class=\"woocommerce columns-4 \"><ul class=\"products columns-4\" data-products=\"type-2\">\n<li class=\"product type-product post-7742 status-publish first instock product_cat-fruits has-post-thumbnail shipping-taxable product-type-simple\">\n\t<a href=\"https:\/\/peitrade.com\/es\/product\/granada\/\" class=\"woocommerce-LoopProduct-link woocommerce-loop-product__link\"><img decoding=\"async\" width=\"300\" height=\"300\" src=\"https:\/\/peitrade.com\/wp-content\/uploads\/2025\/11\/Egyptian-Pomegranate-300x300.webp\" class=\"attachment-woocommerce_thumbnail size-woocommerce_thumbnail\" alt=\"Pomegranates: The Superfruit Appeal\" srcset=\"https:\/\/peitrade.com\/wp-content\/uploads\/2025\/11\/Egyptian-Pomegranate-300x300.webp 300w, https:\/\/peitrade.com\/wp-content\/uploads\/2025\/11\/Egyptian-Pomegranate-150x150.webp 150w, https:\/\/peitrade.com\/wp-content\/uploads\/2025\/11\/Egyptian-Pomegranate-768x768.webp 768w, https:\/\/peitrade.com\/wp-content\/uploads\/2025\/11\/Egyptian-Pomegranate-600x600.webp 600w, https:\/\/peitrade.com\/wp-content\/uploads\/2025\/11\/Egyptian-Pomegranate-100x100.webp 100w, https:\/\/peitrade.com\/wp-content\/uploads\/2025\/11\/Egyptian-Pomegranate.webp 1024w\" sizes=\"(max-width: 300px) 100vw, 300px\" title=\"\"><h2 class=\"woocommerce-loop-product__title\">Granada<\/h2>\n<\/a><a href=\"https:\/\/peitrade.com\/es\/product\/granada\/\" aria-describedby=\"woocommerce_loop_add_to_cart_link_describedby_7742\" data-quantity=\"1\" class=\"button product_type_simple\" data-product_id=\"7742\" data-product_sku=\"81090\" aria-label=\"Lee m\u00e1s sobre &ldquo;Granada&rdquo;\" rel=\"nofollow\" data-success_message=\"\">Leer m\u00e1s<\/a>\t<span id=\"woocommerce_loop_add_to_cart_link_describedby_7742\" class=\"screen-reader-text\">\n\t\t\t<\/span>\n<\/li>\n<li class=\"product type-product post-7577 status-publish instock product_cat-in-season product_cat-fruits has-post-thumbnail shipping-taxable product-type-simple\">\n\t<a href=\"https:\/\/peitrade.com\/es\/product\/guayaba\/\" class=\"woocommerce-LoopProduct-link woocommerce-loop-product__link\"><img decoding=\"async\" width=\"300\" height=\"300\" src=\"https:\/\/peitrade.com\/wp-content\/uploads\/2025\/11\/Egyptian-Guava-300x300.webp\" class=\"attachment-woocommerce_thumbnail size-woocommerce_thumbnail\" alt=\"Egyptian Guava\" srcset=\"https:\/\/peitrade.com\/wp-content\/uploads\/2025\/11\/Egyptian-Guava-300x300.webp 300w, https:\/\/peitrade.com\/wp-content\/uploads\/2025\/11\/Egyptian-Guava-150x150.webp 150w, https:\/\/peitrade.com\/wp-content\/uploads\/2025\/11\/Egyptian-Guava-768x768.webp 768w, https:\/\/peitrade.com\/wp-content\/uploads\/2025\/11\/Egyptian-Guava-600x600.webp 600w, https:\/\/peitrade.com\/wp-content\/uploads\/2025\/11\/Egyptian-Guava-100x100.webp 100w, https:\/\/peitrade.com\/wp-content\/uploads\/2025\/11\/Egyptian-Guava.webp 1024w\" sizes=\"(max-width: 300px) 100vw, 300px\" title=\"\"><h2 class=\"woocommerce-loop-product__title\">Guayaba<\/h2>\n<\/a><a href=\"https:\/\/peitrade.com\/es\/product\/guayaba\/\" aria-describedby=\"woocommerce_loop_add_to_cart_link_describedby_7577\" data-quantity=\"1\" class=\"button product_type_simple\" data-product_id=\"7577\" data-product_sku=\"80451\" aria-label=\"Lee m\u00e1s sobre &ldquo;Guayaba&rdquo;\" rel=\"nofollow\" data-success_message=\"\">Leer m\u00e1s<\/a>\t<span id=\"woocommerce_loop_add_to_cart_link_describedby_7577\" class=\"screen-reader-text\">\n\t\t\t<\/span>\n<\/li>\n<li class=\"product type-product post-7644 status-publish instock product_cat-fruits has-post-thumbnail shipping-taxable product-type-simple\">\n\t<a href=\"https:\/\/peitrade.com\/es\/product\/mango\/\" class=\"woocommerce-LoopProduct-link woocommerce-loop-product__link\"><img decoding=\"async\" width=\"300\" height=\"300\" src=\"https:\/\/peitrade.com\/wp-content\/uploads\/2025\/11\/Egyption-Mango-300x300.webp\" class=\"attachment-woocommerce_thumbnail size-woocommerce_thumbnail\" alt=\"Mangoes: Egypt\u2019s Tropical Treasure\" srcset=\"https:\/\/peitrade.com\/wp-content\/uploads\/2025\/11\/Egyption-Mango-300x300.webp 300w, https:\/\/peitrade.com\/wp-content\/uploads\/2025\/11\/Egyption-Mango-150x150.webp 150w, https:\/\/peitrade.com\/wp-content\/uploads\/2025\/11\/Egyption-Mango-768x768.webp 768w, https:\/\/peitrade.com\/wp-content\/uploads\/2025\/11\/Egyption-Mango-600x600.webp 600w, https:\/\/peitrade.com\/wp-content\/uploads\/2025\/11\/Egyption-Mango-100x100.webp 100w, https:\/\/peitrade.com\/wp-content\/uploads\/2025\/11\/Egyption-Mango.webp 1024w\" sizes=\"(max-width: 300px) 100vw, 300px\" title=\"\"><h2 class=\"woocommerce-loop-product__title\">Mango<\/h2>\n<\/a><a href=\"https:\/\/peitrade.com\/es\/product\/mango\/\" aria-describedby=\"woocommerce_loop_add_to_cart_link_describedby_7644\" data-quantity=\"1\" class=\"button product_type_simple\" data-product_id=\"7644\" data-product_sku=\"80450\" aria-label=\"Lee m\u00e1s sobre &ldquo;Mango&rdquo;\" rel=\"nofollow\" data-success_message=\"\">Leer m\u00e1s<\/a>\t<span id=\"woocommerce_loop_add_to_cart_link_describedby_7644\" class=\"screen-reader-text\">\n\t\t\t<\/span>\n<\/li>\n<li class=\"product type-product post-7443 status-publish last instock product_cat-in-season product_cat-fruits has-post-thumbnail shipping-taxable product-type-simple\">\n\t<a href=\"https:\/\/peitrade.com\/es\/product\/naranjas\/\" class=\"woocommerce-LoopProduct-link woocommerce-loop-product__link\"><img decoding=\"async\" width=\"300\" height=\"300\" src=\"https:\/\/peitrade.com\/wp-content\/uploads\/2025\/11\/Egyptian-Oranges-300x300.webp\" class=\"attachment-woocommerce_thumbnail size-woocommerce_thumbnail\" alt=\"Las exportaciones de naranjas egipcias a Canad\u00e1 alcanzan un r\u00e9cord en 2025\" srcset=\"https:\/\/peitrade.com\/wp-content\/uploads\/2025\/11\/Egyptian-Oranges-300x300.webp 300w, https:\/\/peitrade.com\/wp-content\/uploads\/2025\/11\/Egyptian-Oranges-150x150.webp 150w, https:\/\/peitrade.com\/wp-content\/uploads\/2025\/11\/Egyptian-Oranges-768x768.webp 768w, https:\/\/peitrade.com\/wp-content\/uploads\/2025\/11\/Egyptian-Oranges-600x600.webp 600w, https:\/\/peitrade.com\/wp-content\/uploads\/2025\/11\/Egyptian-Oranges-100x100.webp 100w, https:\/\/peitrade.com\/wp-content\/uploads\/2025\/11\/Egyptian-Oranges.webp 1024w\" sizes=\"(max-width: 300px) 100vw, 300px\" title=\"\"><h2 class=\"woocommerce-loop-product__title\">Naranjas<\/h2>\n<\/a><a href=\"https:\/\/peitrade.com\/es\/product\/naranjas\/\" aria-describedby=\"woocommerce_loop_add_to_cart_link_describedby_7443\" data-quantity=\"1\" class=\"button product_type_simple\" data-product_id=\"7443\" data-product_sku=\"80510\" aria-label=\"Lee m\u00e1s sobre &ldquo;Naranjas&rdquo;\" rel=\"nofollow\" data-success_message=\"\">Leer m\u00e1s<\/a>\t<span id=\"woocommerce_loop_add_to_cart_link_describedby_7443\" class=\"screen-reader-text\">\n\t\t\t<\/span>\n<\/li>\n<\/ul>\n<\/div><\/div>\n<\/div>\n<\/section>\n<section style=\"padding: 50px 20px; background-color: #f9f9f9;\" data-darkreader-inline-bgcolor=\"\">\n<div class=\"container\">\n<h2>Preguntas Frecuentes<\/h2>\n<div>\n<h3>\u00bfCu\u00e1ndo es la temporada de exportaci\u00f3n de granadas egipcias?<\/h3>\n<p>Desde finales de agosto hasta diciembre, con vol\u00famenes m\u00e1ximos en septiembre, octubre y noviembre.<\/p>\n<h3>\u00bfRealizan env\u00edos al por mayor?<\/h3>\n<p>S\u00ed, atendemos exportaciones en volumen para servicios alimentarios, producci\u00f3n de jugos y distribuci\u00f3n mayorista.<\/p>\n<h3>\u00bfSe puede personalizar el empaque seg\u00fan el mercado?<\/h3>\n<p>S\u00ed, ofrecemos formatos adecuados tanto para venta minorista como mayorista, incluyendo ajustes de idioma y marca seg\u00fan el destino.<\/p>\n<h3>\u00bfA qu\u00e9 mercados exportan?<\/h3>\n<p>Exportamos al CCG, Sudeste Asi\u00e1tico y otros destinos personalizados bajo solicitud.<\/p>\n<\/div>\n<\/div>\n<\/section>\n","protected":false},"excerpt":{"rendered":"<p>Exportadores Confiables de Granadas en Egipto \u2013 Suministro Global por PEI Trade PEI Trade se encuentra entre los exportadores confiables de granadas en Egipto, proporcionando a clientes mayoristas y distribuidores internacionales acceso constante a granadas egipcias frescas y listas para exportaci\u00f3n. Nuestra operaci\u00f3n de suministro est\u00e1 dise\u00f1ada para escalar en volumen, manejo eficiente y env\u00edos [&hellip;]<\/p>\n","protected":false},"author":1,"featured_media":0,"parent":0,"menu_order":0,"comment_status":"closed","ping_status":"closed","template":"","meta":{"footnotes":""},"class_list":["post-5877","page","type-page","status-publish","hentry"],"blocksy_meta":[],"mb":[],"featured_image_urls_v2":{"full":"","thumbnail":"","medium":"","medium_large":"","large":"","1536x1536":"","2048x2048":"","woocommerce_archive_thumbnail":"","woocommerce_thumbnail":"","woocommerce_single":"","woocommerce_gallery_thumbnail":""},"post_excerpt_stackable_v2":"<p>Exportadores Confiables de Granadas en Egipto \u2013 Suministro Global por PEI Trade PEI Trade se encuentra entre los exportadores confiables de granadas en Egipto, proporcionando a clientes mayoristas y distribuidores internacionales acceso constante a granadas egipcias frescas y listas para exportaci\u00f3n. Nuestra operaci\u00f3n de suministro est\u00e1 dise\u00f1ada para escalar en volumen, manejo eficiente y env\u00edos programados durante toda la temporada de exportaci\u00f3n. Atendemos a importadores en Europa, el CCG y el Sudeste Asi\u00e1tico, apoyando a los equipos de compras con env\u00edos directos desde la finca, formatos de empaque flexibles y entrega coordinada para modelos de distribuci\u00f3n mayorista y minorista. Desde&hellip;<\/p>\n","category_list_v2":"","author_info_v2":{"name":"Mostafa Sabry","url":"https:\/\/peitrade.com\/es\/author\/emostafaadel_jn8gcqbo\/"},"comments_num_v2":"0 comentarios","mfb_rest_fields":["title","blocksy_meta","featured_image_urls_v2","post_excerpt_stackable_v2","category_list_v2","author_info_v2","comments_num_v2"],"_links":{"self":[{"href":"https:\/\/peitrade.com\/es\/wp-json\/wp\/v2\/pages\/5877","targetHints":{"allow":["GET"]}}],"collection":[{"href":"https:\/\/peitrade.com\/es\/wp-json\/wp\/v2\/pages"}],"about":[{"href":"https:\/\/peitrade.com\/es\/wp-json\/wp\/v2\/types\/page"}],"author":[{"embeddable":true,"href":"https:\/\/peitrade.com\/es\/wp-json\/wp\/v2\/users\/1"}],"replies":[{"embeddable":true,"href":"https:\/\/peitrade.com\/es\/wp-json\/wp\/v2\/comments?post=5877"}],"version-history":[{"count":1,"href":"https:\/\/peitrade.com\/es\/wp-json\/wp\/v2\/pages\/5877\/revisions"}],"predecessor-version":[{"id":5878,"href":"https:\/\/peitrade.com\/es\/wp-json\/wp\/v2\/pages\/5877\/revisions\/5878"}],"wp:attachment":[{"href":"https:\/\/peitrade.com\/es\/wp-json\/wp\/v2\/media?parent=5877"}],"curies":[{"name":"wp","href":"https:\/\/api.w.org\/{rel}","templated":true}]}}