{"id":5897,"date":"2025-05-20T13:34:00","date_gmt":"2025-05-20T13:34:00","guid":{"rendered":"http:\/\/46.224.74.15\/naranjas-ecologicas-egipcias\/"},"modified":"2025-11-19T16:46:45","modified_gmt":"2025-11-19T16:46:45","slug":"naranjas-ecologicas-egipcias","status":"publish","type":"page","link":"https:\/\/peitrade.com\/es\/naranjas-ecologicas-egipcias\/","title":{"rendered":"Naranjas Ecol\u00f3gicas Egipcias | PEI Trade Exportaci\u00f3n"},"content":{"rendered":"<section class=\"section\" style=\"padding: 60px 20px; background-color: #f9f9f9;\">\n<div class=\"container\">\n<h1>Naranjas Ecol\u00f3gicas Egipcias Premium para Exportaci\u00f3n &#8211; PEI Trade<\/h1>\n<p class=\"\" data-start=\"158\" data-end=\"450\">PEI Trade entrega naranjas ecol\u00f3gicas egipcias de primera calidad a los mercados globales, con un enfoque en certificaci\u00f3n, trazabilidad y pr\u00e1cticas agr\u00edcolas sostenibles. Como una empresa l\u00edder en exportaci\u00f3n de naranjas en Egipto, servimos a mayoristas, cadenas de supermercados y procesadores de alimentos en Europa, el Golfo y Asia.<\/p>\n<p class=\"\" data-start=\"452\" data-end=\"863\">Nuestro equipo trabaja estrechamente con fincas ecol\u00f3gicas seleccionadas en el f\u00e9rtil Delta del Nilo en Egipto para obtener las mejores naranjas egipcias, garantizando una madurez \u00f3ptima, sabor excepcional y alto valor nutricional. Desde la gesti\u00f3n del huerto hasta el env\u00edo internacional, supervisamos cada etapa de la cadena de suministro ecol\u00f3gica. Esto nos permite proporcionar un flujo constante de naranjas frescas desde Egipto, entregadas a tiempo, empacadas seg\u00fan especificaciones y listas para el comercio minorista o procesamiento.<\/p>\n<p class=\"\" data-start=\"865\" data-end=\"1017\">Con PEI Trade, los compradores se benefician de una calidad ecol\u00f3gica constante, log\u00edstica confiable de cadena de fr\u00edo y un equipo que comprende los requisitos premium de los mercados internacionales de frutas ecol\u00f3gicas.<\/p>\n<\/div>\n<\/section>\n<p><!-- WooCommerce Product Block 1 --><\/p>\n<div class=\"wp-block-woocommerce-product-collection\"><div class=\"woocommerce columns-4 \"><ul class=\"products columns-4\" data-products=\"type-2\">\n<li class=\"product type-product post-7665 status-publish first instock product_cat-fruits has-post-thumbnail shipping-taxable product-type-simple\">\n\t<a href=\"https:\/\/peitrade.com\/es\/product\/fresas\/\" class=\"woocommerce-LoopProduct-link woocommerce-loop-product__link\"><img decoding=\"async\" width=\"300\" height=\"300\" src=\"https:\/\/peitrade.com\/wp-content\/uploads\/2025\/11\/Egyptian-Strawberries-300x300.webp\" class=\"attachment-woocommerce_thumbnail size-woocommerce_thumbnail\" alt=\"Fresas\" srcset=\"https:\/\/peitrade.com\/wp-content\/uploads\/2025\/11\/Egyptian-Strawberries-300x300.webp 300w, https:\/\/peitrade.com\/wp-content\/uploads\/2025\/11\/Egyptian-Strawberries-150x150.webp 150w, https:\/\/peitrade.com\/wp-content\/uploads\/2025\/11\/Egyptian-Strawberries-768x768.webp 768w, https:\/\/peitrade.com\/wp-content\/uploads\/2025\/11\/Egyptian-Strawberries-600x600.webp 600w, https:\/\/peitrade.com\/wp-content\/uploads\/2025\/11\/Egyptian-Strawberries-100x100.webp 100w, https:\/\/peitrade.com\/wp-content\/uploads\/2025\/11\/Egyptian-Strawberries.webp 1024w\" sizes=\"(max-width: 300px) 100vw, 300px\" title=\"\"><h2 class=\"woocommerce-loop-product__title\">Fresas<\/h2>\n<\/a><a href=\"https:\/\/peitrade.com\/es\/product\/fresas\/\" aria-describedby=\"woocommerce_loop_add_to_cart_link_describedby_7665\" data-quantity=\"1\" class=\"button product_type_simple\" data-product_id=\"7665\" data-product_sku=\"81010\" aria-label=\"Lee m\u00e1s sobre &ldquo;Fresas&rdquo;\" rel=\"nofollow\" data-success_message=\"\">Leer m\u00e1s<\/a>\t<span id=\"woocommerce_loop_add_to_cart_link_describedby_7665\" class=\"screen-reader-text\">\n\t\t\t<\/span>\n<\/li>\n<li class=\"product type-product post-7537 status-publish instock product_cat-in-season product_cat-fruits has-post-thumbnail shipping-taxable product-type-simple\">\n\t<a href=\"https:\/\/peitrade.com\/es\/product\/limones\/\" class=\"woocommerce-LoopProduct-link woocommerce-loop-product__link\"><img decoding=\"async\" width=\"300\" height=\"300\" src=\"https:\/\/peitrade.com\/wp-content\/uploads\/2025\/11\/Egyptian-Lemons-300x300.webp\" class=\"attachment-woocommerce_thumbnail size-woocommerce_thumbnail\" alt=\"Limones\" srcset=\"https:\/\/peitrade.com\/wp-content\/uploads\/2025\/11\/Egyptian-Lemons-300x300.webp 300w, https:\/\/peitrade.com\/wp-content\/uploads\/2025\/11\/Egyptian-Lemons-150x150.webp 150w, https:\/\/peitrade.com\/wp-content\/uploads\/2025\/11\/Egyptian-Lemons-768x768.webp 768w, https:\/\/peitrade.com\/wp-content\/uploads\/2025\/11\/Egyptian-Lemons-600x600.webp 600w, https:\/\/peitrade.com\/wp-content\/uploads\/2025\/11\/Egyptian-Lemons-100x100.webp 100w, https:\/\/peitrade.com\/wp-content\/uploads\/2025\/11\/Egyptian-Lemons.webp 1024w\" sizes=\"(max-width: 300px) 100vw, 300px\" title=\"\"><h2 class=\"woocommerce-loop-product__title\">Limones<\/h2>\n<\/a><a href=\"https:\/\/peitrade.com\/es\/product\/limones\/\" aria-describedby=\"woocommerce_loop_add_to_cart_link_describedby_7537\" data-quantity=\"1\" class=\"button product_type_simple\" data-product_id=\"7537\" data-product_sku=\"80550\" aria-label=\"Lee m\u00e1s sobre &ldquo;Limones&rdquo;\" rel=\"nofollow\" data-success_message=\"\">Leer m\u00e1s<\/a>\t<span id=\"woocommerce_loop_add_to_cart_link_describedby_7537\" class=\"screen-reader-text\">\n\t\t\t<\/span>\n<\/li>\n<li class=\"product type-product post-7644 status-publish instock product_cat-fruits has-post-thumbnail shipping-taxable product-type-simple\">\n\t<a href=\"https:\/\/peitrade.com\/es\/product\/mango\/\" class=\"woocommerce-LoopProduct-link woocommerce-loop-product__link\"><img decoding=\"async\" width=\"300\" height=\"300\" src=\"https:\/\/peitrade.com\/wp-content\/uploads\/2025\/11\/Egyption-Mango-300x300.webp\" class=\"attachment-woocommerce_thumbnail size-woocommerce_thumbnail\" alt=\"Mangoes: Egypt\u2019s Tropical Treasure\" srcset=\"https:\/\/peitrade.com\/wp-content\/uploads\/2025\/11\/Egyption-Mango-300x300.webp 300w, https:\/\/peitrade.com\/wp-content\/uploads\/2025\/11\/Egyption-Mango-150x150.webp 150w, https:\/\/peitrade.com\/wp-content\/uploads\/2025\/11\/Egyption-Mango-768x768.webp 768w, https:\/\/peitrade.com\/wp-content\/uploads\/2025\/11\/Egyption-Mango-600x600.webp 600w, https:\/\/peitrade.com\/wp-content\/uploads\/2025\/11\/Egyption-Mango-100x100.webp 100w, https:\/\/peitrade.com\/wp-content\/uploads\/2025\/11\/Egyption-Mango.webp 1024w\" sizes=\"(max-width: 300px) 100vw, 300px\" title=\"\"><h2 class=\"woocommerce-loop-product__title\">Mango<\/h2>\n<\/a><a href=\"https:\/\/peitrade.com\/es\/product\/mango\/\" aria-describedby=\"woocommerce_loop_add_to_cart_link_describedby_7644\" data-quantity=\"1\" class=\"button product_type_simple\" data-product_id=\"7644\" data-product_sku=\"80450\" aria-label=\"Lee m\u00e1s sobre &ldquo;Mango&rdquo;\" rel=\"nofollow\" data-success_message=\"\">Leer m\u00e1s<\/a>\t<span id=\"woocommerce_loop_add_to_cart_link_describedby_7644\" class=\"screen-reader-text\">\n\t\t\t<\/span>\n<\/li>\n<li class=\"product type-product post-7443 status-publish last instock product_cat-in-season product_cat-fruits has-post-thumbnail shipping-taxable product-type-simple\">\n\t<a href=\"https:\/\/peitrade.com\/es\/product\/naranjas\/\" class=\"woocommerce-LoopProduct-link woocommerce-loop-product__link\"><img decoding=\"async\" width=\"300\" height=\"300\" src=\"https:\/\/peitrade.com\/wp-content\/uploads\/2025\/11\/Egyptian-Oranges-300x300.webp\" class=\"attachment-woocommerce_thumbnail size-woocommerce_thumbnail\" alt=\"Las exportaciones de naranjas egipcias a Canad\u00e1 alcanzan un r\u00e9cord en 2025\" srcset=\"https:\/\/peitrade.com\/wp-content\/uploads\/2025\/11\/Egyptian-Oranges-300x300.webp 300w, https:\/\/peitrade.com\/wp-content\/uploads\/2025\/11\/Egyptian-Oranges-150x150.webp 150w, https:\/\/peitrade.com\/wp-content\/uploads\/2025\/11\/Egyptian-Oranges-768x768.webp 768w, https:\/\/peitrade.com\/wp-content\/uploads\/2025\/11\/Egyptian-Oranges-600x600.webp 600w, https:\/\/peitrade.com\/wp-content\/uploads\/2025\/11\/Egyptian-Oranges-100x100.webp 100w, https:\/\/peitrade.com\/wp-content\/uploads\/2025\/11\/Egyptian-Oranges.webp 1024w\" sizes=\"(max-width: 300px) 100vw, 300px\" title=\"\"><h2 class=\"woocommerce-loop-product__title\">Naranjas<\/h2>\n<\/a><a href=\"https:\/\/peitrade.com\/es\/product\/naranjas\/\" aria-describedby=\"woocommerce_loop_add_to_cart_link_describedby_7443\" data-quantity=\"1\" class=\"button product_type_simple\" data-product_id=\"7443\" data-product_sku=\"80510\" aria-label=\"Lee m\u00e1s sobre &ldquo;Naranjas&rdquo;\" rel=\"nofollow\" data-success_message=\"\">Leer m\u00e1s<\/a>\t<span id=\"woocommerce_loop_add_to_cart_link_describedby_7443\" class=\"screen-reader-text\">\n\t\t\t<\/span>\n<\/li>\n<\/ul>\n<\/div><\/div>\n<p><!-- Section: Why Choose PEI Trade --><\/p>\n<section class=\"section\" style=\"padding: 50px 20px;\">\n<div class=\"container\">\n<h2>Por Qu\u00e9 Elegir a PEI Trade como su Socio Exportador de Naranjas Ecol\u00f3gicas<\/h2>\n<p>PEI Trade se destaca entre los proveedores de naranjas en Egipto por nuestra rigurosa certificaci\u00f3n ecol\u00f3gica, control total de la cadena de fr\u00edo y compromiso con la sostenibilidad. Como su socio exportador, ofrecemos m\u00e1s que fruta. Brindamos fiabilidad, integridad ecol\u00f3gica y transparencia en la cadena de suministro.<\/p>\n<ul>\n<li>Naranjas ecol\u00f3gicas certificadas por la UE y USDA con sabor excepcional<\/li>\n<li>Trazabilidad completa desde el huerto ecol\u00f3gico hasta el puerto<\/li>\n<li>Empaque personalizado para comercio minorista y mayorista ecol\u00f3gico<\/li>\n<li>Cumplimiento de exportaci\u00f3n y entrega global puntual<\/li>\n<\/ul>\n<h2>Compromiso de PEI Trade con la Excelencia Ecol\u00f3gica<\/h2>\n<p>Como exportador egipcio de naranjas establecido, estamos impulsados por una pasi\u00f3n por la calidad ecol\u00f3gica y un compromiso inquebrantable con las necesidades de los mercados globales conscientes de la salud. Con liderazgo experimentado y un equipo dedicado, seguimos redefiniendo c\u00f3mo las naranjas ecol\u00f3gicas egipcias llegan a los consumidores en todo el mundo.<\/p>\n<p>Nuestro enfoque combina agricultura sostenible, control de calidad estricto y una mentalidad centrada en el cliente. Al enfocarnos en variedades premium de naranjas ecol\u00f3gicas egipcias, nos dedicamos a construir relaciones duraderas con mayoristas, minoristas y distribuidores de alimentos. Nuestro equipo est\u00e1 comprometido a:<\/p>\n<ul>\n<li>Obtener las mejores naranjas ecol\u00f3gicas de las mejores fincas de Egipto, garantizando calidad superior en cada env\u00edo<\/li>\n<li>Implementar log\u00edstica especializada de cadena de fr\u00edo ecol\u00f3gica para mantener la integridad del producto<\/li>\n<li>Garantizar el cumplimiento total con los est\u00e1ndares ecol\u00f3gicos internacionales para agilizar los env\u00edos globales<\/li>\n<\/ul>\n<p>Nuestra visi\u00f3n de crecimiento es clara: construir una reputaci\u00f3n de entrega confiable, productos ecol\u00f3gicos premium y asociaciones a largo plazo. Estamos orgullosos de tener la experiencia, flexibilidad y dedicaci\u00f3n para satisfacer las diversas necesidades de los compradores ecol\u00f3gicos en Europa, el Golfo y Asia.<\/p>\n<p>En PEI Trade, establecemos altos est\u00e1ndares como su exportador de naranjas ecol\u00f3gicas egipcias de confianza.<\/p>\n<h2>Variedades Excepcionales de Naranjas Ecol\u00f3gicas que Exportamos<\/h2>\n<p>Nuestro portafolio incluye variedades de naranjas ecol\u00f3gicas egipcias demandadas, cultivadas en condiciones \u00f3ptimas y cosechadas en su punto m\u00e1ximo de madurez para preservar el sabor, contenido nutricional y frescura.<\/p>\n<ul>\n<li><strong>Naranjas Valencia:<\/strong> 50-70% de contenido de jugo con un equilibrio dulce-\u00e1cido perfecto y larga vida \u00fatil (2-3 semanas), ideales tanto para consumo fresco como para procesamiento de jugo. Disponibles de febrero a junio.<\/li>\n<li><strong>Naranjas Navel:<\/strong> Sin semillas, f\u00e1ciles de pelar, con sabor naturalmente dulce y m\u00ednimas imperfecciones \u2014 especialmente populares en mercados premium. Disponibles de diciembre a marzo.<\/li>\n<li><strong>Naranjas Sanguinas:<\/strong> Pulpa de color rojo intenso y sabor afrutado con alto contenido antioxidante \u2014 una oferta gourmet para mercados de alta gama. Disponibles de enero a marzo.<\/li>\n<li><strong>Naranjas Baladi:<\/strong> Variedad egipcia tradicional con sabor intenso y complejidad arom\u00e1tica \u2014 ofreciendo una aut\u00e9ntica experiencia de \u00absabor de Egipto\u00bb. Disponibles de enero a abril.<\/li>\n<\/ul>\n<p>Nuestra selecci\u00f3n refleja las principales variedades ecol\u00f3gicas de naranjas en Egipto aptas para exportaci\u00f3n. Cada lote se somete a estrictos protocolos de clasificaci\u00f3n ecol\u00f3gica y conservaci\u00f3n en cadena de fr\u00edo para cumplir con los est\u00e1ndares internacionales de los compradores.<\/p>\n<\/div>\n<\/section>\n<p><!-- Related Products Section --><\/p>\n<section class=\"section\" style=\"padding: 50px 20px;\">\n<div class=\"container\">\n<h2>M\u00e1s Productos Frescos Egipcios<\/h2>\n<p>Explore m\u00e1s productos frescos ecol\u00f3gicos de alta calidad de Egipto, cultivados para los mercados de exportaci\u00f3n:<\/p>\n<div class=\"wp-block-woocommerce-product-collection\"><div class=\"woocommerce columns-4 \"><ul class=\"products columns-4\" data-products=\"type-2\">\n<li class=\"product type-product post-7742 status-publish first instock product_cat-fruits has-post-thumbnail shipping-taxable product-type-simple\">\n\t<a href=\"https:\/\/peitrade.com\/es\/product\/granada\/\" class=\"woocommerce-LoopProduct-link woocommerce-loop-product__link\"><img decoding=\"async\" width=\"300\" height=\"300\" src=\"https:\/\/peitrade.com\/wp-content\/uploads\/2025\/11\/Egyptian-Pomegranate-300x300.webp\" class=\"attachment-woocommerce_thumbnail size-woocommerce_thumbnail\" alt=\"Pomegranates: The Superfruit Appeal\" srcset=\"https:\/\/peitrade.com\/wp-content\/uploads\/2025\/11\/Egyptian-Pomegranate-300x300.webp 300w, https:\/\/peitrade.com\/wp-content\/uploads\/2025\/11\/Egyptian-Pomegranate-150x150.webp 150w, https:\/\/peitrade.com\/wp-content\/uploads\/2025\/11\/Egyptian-Pomegranate-768x768.webp 768w, https:\/\/peitrade.com\/wp-content\/uploads\/2025\/11\/Egyptian-Pomegranate-600x600.webp 600w, https:\/\/peitrade.com\/wp-content\/uploads\/2025\/11\/Egyptian-Pomegranate-100x100.webp 100w, https:\/\/peitrade.com\/wp-content\/uploads\/2025\/11\/Egyptian-Pomegranate.webp 1024w\" sizes=\"(max-width: 300px) 100vw, 300px\" title=\"\"><h2 class=\"woocommerce-loop-product__title\">Granada<\/h2>\n<\/a><a href=\"https:\/\/peitrade.com\/es\/product\/granada\/\" aria-describedby=\"woocommerce_loop_add_to_cart_link_describedby_7742\" data-quantity=\"1\" class=\"button product_type_simple\" data-product_id=\"7742\" data-product_sku=\"81090\" aria-label=\"Lee m\u00e1s sobre &ldquo;Granada&rdquo;\" rel=\"nofollow\" data-success_message=\"\">Leer m\u00e1s<\/a>\t<span id=\"woocommerce_loop_add_to_cart_link_describedby_7742\" class=\"screen-reader-text\">\n\t\t\t<\/span>\n<\/li>\n<li class=\"product type-product post-7577 status-publish instock product_cat-in-season product_cat-fruits has-post-thumbnail shipping-taxable product-type-simple\">\n\t<a href=\"https:\/\/peitrade.com\/es\/product\/guayaba\/\" class=\"woocommerce-LoopProduct-link woocommerce-loop-product__link\"><img decoding=\"async\" width=\"300\" height=\"300\" src=\"https:\/\/peitrade.com\/wp-content\/uploads\/2025\/11\/Egyptian-Guava-300x300.webp\" class=\"attachment-woocommerce_thumbnail size-woocommerce_thumbnail\" alt=\"Egyptian Guava\" srcset=\"https:\/\/peitrade.com\/wp-content\/uploads\/2025\/11\/Egyptian-Guava-300x300.webp 300w, https:\/\/peitrade.com\/wp-content\/uploads\/2025\/11\/Egyptian-Guava-150x150.webp 150w, https:\/\/peitrade.com\/wp-content\/uploads\/2025\/11\/Egyptian-Guava-768x768.webp 768w, https:\/\/peitrade.com\/wp-content\/uploads\/2025\/11\/Egyptian-Guava-600x600.webp 600w, https:\/\/peitrade.com\/wp-content\/uploads\/2025\/11\/Egyptian-Guava-100x100.webp 100w, https:\/\/peitrade.com\/wp-content\/uploads\/2025\/11\/Egyptian-Guava.webp 1024w\" sizes=\"(max-width: 300px) 100vw, 300px\" title=\"\"><h2 class=\"woocommerce-loop-product__title\">Guayaba<\/h2>\n<\/a><a href=\"https:\/\/peitrade.com\/es\/product\/guayaba\/\" aria-describedby=\"woocommerce_loop_add_to_cart_link_describedby_7577\" data-quantity=\"1\" class=\"button product_type_simple\" data-product_id=\"7577\" data-product_sku=\"80451\" aria-label=\"Lee m\u00e1s sobre &ldquo;Guayaba&rdquo;\" rel=\"nofollow\" data-success_message=\"\">Leer m\u00e1s<\/a>\t<span id=\"woocommerce_loop_add_to_cart_link_describedby_7577\" class=\"screen-reader-text\">\n\t\t\t<\/span>\n<\/li>\n<li class=\"product type-product post-7644 status-publish instock product_cat-fruits has-post-thumbnail shipping-taxable product-type-simple\">\n\t<a href=\"https:\/\/peitrade.com\/es\/product\/mango\/\" class=\"woocommerce-LoopProduct-link woocommerce-loop-product__link\"><img decoding=\"async\" width=\"300\" height=\"300\" src=\"https:\/\/peitrade.com\/wp-content\/uploads\/2025\/11\/Egyption-Mango-300x300.webp\" class=\"attachment-woocommerce_thumbnail size-woocommerce_thumbnail\" alt=\"Mangoes: Egypt\u2019s Tropical Treasure\" srcset=\"https:\/\/peitrade.com\/wp-content\/uploads\/2025\/11\/Egyption-Mango-300x300.webp 300w, https:\/\/peitrade.com\/wp-content\/uploads\/2025\/11\/Egyption-Mango-150x150.webp 150w, https:\/\/peitrade.com\/wp-content\/uploads\/2025\/11\/Egyption-Mango-768x768.webp 768w, https:\/\/peitrade.com\/wp-content\/uploads\/2025\/11\/Egyption-Mango-600x600.webp 600w, https:\/\/peitrade.com\/wp-content\/uploads\/2025\/11\/Egyption-Mango-100x100.webp 100w, https:\/\/peitrade.com\/wp-content\/uploads\/2025\/11\/Egyption-Mango.webp 1024w\" sizes=\"(max-width: 300px) 100vw, 300px\" title=\"\"><h2 class=\"woocommerce-loop-product__title\">Mango<\/h2>\n<\/a><a href=\"https:\/\/peitrade.com\/es\/product\/mango\/\" aria-describedby=\"woocommerce_loop_add_to_cart_link_describedby_7644\" data-quantity=\"1\" class=\"button product_type_simple\" data-product_id=\"7644\" data-product_sku=\"80450\" aria-label=\"Lee m\u00e1s sobre &ldquo;Mango&rdquo;\" rel=\"nofollow\" data-success_message=\"\">Leer m\u00e1s<\/a>\t<span id=\"woocommerce_loop_add_to_cart_link_describedby_7644\" class=\"screen-reader-text\">\n\t\t\t<\/span>\n<\/li>\n<li class=\"product type-product post-7579 status-publish last instock product_cat-fruits has-post-thumbnail shipping-taxable product-type-simple\">\n\t<a href=\"https:\/\/peitrade.com\/es\/product\/uvas\/\" class=\"woocommerce-LoopProduct-link woocommerce-loop-product__link\"><img decoding=\"async\" width=\"300\" height=\"300\" src=\"https:\/\/peitrade.com\/wp-content\/uploads\/2025\/11\/Egyptian-Grapes-300x300.webp\" class=\"attachment-woocommerce_thumbnail size-woocommerce_thumbnail\" alt=\"Grapes: A Rising Star\" srcset=\"https:\/\/peitrade.com\/wp-content\/uploads\/2025\/11\/Egyptian-Grapes-300x300.webp 300w, https:\/\/peitrade.com\/wp-content\/uploads\/2025\/11\/Egyptian-Grapes-150x150.webp 150w, https:\/\/peitrade.com\/wp-content\/uploads\/2025\/11\/Egyptian-Grapes-768x768.webp 768w, https:\/\/peitrade.com\/wp-content\/uploads\/2025\/11\/Egyptian-Grapes-600x600.webp 600w, https:\/\/peitrade.com\/wp-content\/uploads\/2025\/11\/Egyptian-Grapes-100x100.webp 100w, https:\/\/peitrade.com\/wp-content\/uploads\/2025\/11\/Egyptian-Grapes.webp 1024w\" sizes=\"(max-width: 300px) 100vw, 300px\" title=\"\"><h2 class=\"woocommerce-loop-product__title\">Uvas<\/h2>\n<\/a><a href=\"https:\/\/peitrade.com\/es\/product\/uvas\/\" aria-describedby=\"woocommerce_loop_add_to_cart_link_describedby_7579\" data-quantity=\"1\" class=\"button product_type_simple\" data-product_id=\"7579\" data-product_sku=\"80610\" aria-label=\"Lee m\u00e1s sobre &ldquo;Uvas&rdquo;\" rel=\"nofollow\" data-success_message=\"\">Leer m\u00e1s<\/a>\t<span id=\"woocommerce_loop_add_to_cart_link_describedby_7579\" class=\"screen-reader-text\">\n\t\t\t<\/span>\n<\/li>\n<\/ul>\n<\/div><\/div>\n<\/div>\n<\/section>\n<p><!-- Section: Season & Export Info --><\/p>\n<section class=\"section\" style=\"padding: 50px 20px; background-color: #f0f0f0;\">\n<div class=\"container\">\n<h2>Temporada de Naranjas Ecol\u00f3gicas Egipcias y Disponibilidad Global<\/h2>\n<p>El clima favorable de Egipto permite temporadas de cultivo de naranjas ecol\u00f3gicas prolongadas, con variedades disponibles de diciembre a junio. PEI Trade coordina los env\u00edos durante los per\u00edodos de cosecha \u00f3ptimos para asegurar la frescura y precios competitivos de exportaci\u00f3n para su mercado.<\/p>\n<h2>Empaque Listo para Exportaci\u00f3n y Alcance Global<\/h2>\n<p>PEI Trade ofrece soluciones de empaque personalizadas para productos ecol\u00f3gicos, incluyendo cajas listas para la venta y opciones al por mayor. Todos los env\u00edos incluyen documentaci\u00f3n completa de certificaci\u00f3n ecol\u00f3gica, log\u00edstica especializada en cadena de fr\u00edo y cumplimiento normativo para mercados en Europa, el Golfo y Asia.<\/p>\n<p style=\"text-align: center; margin-top: 40px;\"><a class=\"button primary large\" href=\"\/contact\">Ordenar Ahora<\/a><\/p>\n<\/div>\n<\/section>\n<p><!-- FAQs Section --><\/p>\n<section class=\"section\" style=\"padding: 50px 20px; background-color: #f9f9f9;\">\n<div class=\"container\">\n<h2>Preguntas Frecuentes<\/h2>\n<div>\n<div>\n<h3>\u00bfQu\u00e9 hace que las naranjas ecol\u00f3gicas egipcias sean diferentes de las variedades convencionales?<\/h3>\n<div>Nuestras <strong>naranjas ecol\u00f3gicas egipcias<\/strong> se cultivan sin pesticidas ni fertilizantes sint\u00e9ticos, lo que resulta en un sabor superior, mayor valor nutricional y sostenibilidad ambiental. Las condiciones naturales de cultivo en Egipto potencian a\u00fan m\u00e1s estos beneficios.<\/div>\n<\/div>\n<div>\n<h3>\u00bfQu\u00e9 variedades de naranjas ecol\u00f3gicas exporta PEI Trade?<\/h3>\n<div>Exportamos <strong>Valencia<\/strong>, <strong>Navel<\/strong>, <strong>Sanguina<\/strong>, <strong>Baladi<\/strong> y otras variedades populares de <strong>naranjas ecol\u00f3gicas egipcias<\/strong>, dependiendo de la temporada y las preferencias del comprador.<\/div>\n<\/div>\n<div>\n<h3>\u00bfLas naranjas ecol\u00f3gicas tienen una vida \u00fatil diferente a las convencionales?<\/h3>\n<div>Cuando se manejan adecuadamente, nuestras naranjas ecol\u00f3gicas mantienen una excelente vida \u00fatil comparable a la fruta convencional. Nuestra cosecha cuidadosa y gesti\u00f3n de la cadena de fr\u00edo garantizan la m\u00e1xima frescura durante el env\u00edo.<\/div>\n<\/div>\n<div>\n<h3>\u00bfQu\u00e9 certificaciones ecol\u00f3gicas tienen sus naranjas?<\/h3>\n<div>Las naranjas ecol\u00f3gicas de PEI Trade est\u00e1n certificadas bajo los est\u00e1ndares ecol\u00f3gicos de la UE (EC 834\/2007) y los protocolos ecol\u00f3gicos del USDA, garantizando el cumplimiento con los requisitos de importaci\u00f3n de los principales mercados globales.<\/div>\n<\/div>\n<div>\n<h3>\u00bfA qu\u00e9 pa\u00edses exportan naranjas ecol\u00f3gicas?<\/h3>\n<div>PEI Trade exporta a Europa, el Consejo de Cooperaci\u00f3n del Golfo (CCG), Asia y el norte de \u00c1frica. Tambi\u00e9n estamos abiertos a establecer nuevas alianzas en otras regiones que busquen productos ecol\u00f3gicos egipcios premium.<\/div>\n<\/div>\n<\/div>\n<\/div>\n<\/section>\n","protected":false},"excerpt":{"rendered":"<p>Naranjas Ecol\u00f3gicas Egipcias Premium para Exportaci\u00f3n &#8211; PEI Trade PEI Trade entrega naranjas ecol\u00f3gicas egipcias de primera calidad a los mercados globales, con un enfoque en certificaci\u00f3n, trazabilidad y pr\u00e1cticas agr\u00edcolas sostenibles. Como una empresa l\u00edder en exportaci\u00f3n de naranjas en Egipto, servimos a mayoristas, cadenas de supermercados y procesadores de alimentos en Europa, el [&hellip;]<\/p>\n","protected":false},"author":1,"featured_media":0,"parent":0,"menu_order":0,"comment_status":"closed","ping_status":"closed","template":"","meta":{"footnotes":""},"class_list":["post-5897","page","type-page","status-publish","hentry"],"blocksy_meta":[],"mb":[],"featured_image_urls_v2":{"full":"","thumbnail":"","medium":"","medium_large":"","large":"","1536x1536":"","2048x2048":"","woocommerce_archive_thumbnail":"","woocommerce_thumbnail":"","woocommerce_single":"","woocommerce_gallery_thumbnail":""},"post_excerpt_stackable_v2":"<p>Naranjas Ecol\u00f3gicas Egipcias Premium para Exportaci\u00f3n &#8211; PEI Trade PEI Trade entrega naranjas ecol\u00f3gicas egipcias de primera calidad a los mercados globales, con un enfoque en certificaci\u00f3n, trazabilidad y pr\u00e1cticas agr\u00edcolas sostenibles. Como una empresa l\u00edder en exportaci\u00f3n de naranjas en Egipto, servimos a mayoristas, cadenas de supermercados y procesadores de alimentos en Europa, el Golfo y Asia. Nuestro equipo trabaja estrechamente con fincas ecol\u00f3gicas seleccionadas en el f\u00e9rtil Delta del Nilo en Egipto para obtener las mejores naranjas egipcias, garantizando una madurez \u00f3ptima, sabor excepcional y alto valor nutricional. Desde la gesti\u00f3n del huerto hasta el env\u00edo internacional, supervisamos&hellip;<\/p>\n","category_list_v2":"","author_info_v2":{"name":"Mostafa Sabry","url":"https:\/\/peitrade.com\/es\/author\/emostafaadel_jn8gcqbo\/"},"comments_num_v2":"0 comentarios","mfb_rest_fields":["title","blocksy_meta","featured_image_urls_v2","post_excerpt_stackable_v2","category_list_v2","author_info_v2","comments_num_v2"],"_links":{"self":[{"href":"https:\/\/peitrade.com\/es\/wp-json\/wp\/v2\/pages\/5897","targetHints":{"allow":["GET"]}}],"collection":[{"href":"https:\/\/peitrade.com\/es\/wp-json\/wp\/v2\/pages"}],"about":[{"href":"https:\/\/peitrade.com\/es\/wp-json\/wp\/v2\/types\/page"}],"author":[{"embeddable":true,"href":"https:\/\/peitrade.com\/es\/wp-json\/wp\/v2\/users\/1"}],"replies":[{"embeddable":true,"href":"https:\/\/peitrade.com\/es\/wp-json\/wp\/v2\/comments?post=5897"}],"version-history":[{"count":1,"href":"https:\/\/peitrade.com\/es\/wp-json\/wp\/v2\/pages\/5897\/revisions"}],"predecessor-version":[{"id":5898,"href":"https:\/\/peitrade.com\/es\/wp-json\/wp\/v2\/pages\/5897\/revisions\/5898"}],"wp:attachment":[{"href":"https:\/\/peitrade.com\/es\/wp-json\/wp\/v2\/media?parent=5897"}],"curies":[{"name":"wp","href":"https:\/\/api.w.org\/{rel}","templated":true}]}}