{"id":5969,"date":"2025-06-13T14:07:17","date_gmt":"2025-06-13T14:07:17","guid":{"rendered":"http:\/\/46.224.74.15\/calabacin-egipcio\/"},"modified":"2025-11-19T16:47:04","modified_gmt":"2025-11-19T16:47:04","slug":"calabacin-egipcio","status":"publish","type":"page","link":"https:\/\/peitrade.com\/es\/calabacin-egipcio\/","title":{"rendered":"Calabac\u00edn premium Egipto | PEI Trade"},"content":{"rendered":"<section style=\"padding: 60px 20px; background-color: #f9f9f9;\">\n<div class=\"container\">\n<h1>Proveedores de Calabac\u00edn Egipcio \u2013 Exportaci\u00f3n Premium de PEI Trade<\/h1>\n<p>PEI Trade se posiciona como uno de los principales proveedores de calabac\u00edn de Egipto, entregando calabac\u00edn fresco de primera calidad desde las regiones agr\u00edcolas m\u00e1s productivas de Egipto. Nuestro calabac\u00edn se cultiva en el f\u00e9rtil Delta del Nilo, donde las condiciones clim\u00e1ticas \u00f3ptimas y el suelo rico en nutrientes producen vegetales consistentemente superiores con sabor excepcional, textura y vida \u00fatil.<\/p>\n<p>Como exportadores experimentados de calabac\u00edn, entendemos los exigentes requisitos de los mercados internacionales. Nuestro calabac\u00edn egipcio cumple con los m\u00e1s altos est\u00e1ndares de consistencia de color, firmeza y uniformidad de tama\u00f1o que esperan los compradores mayoristas, distribuidores de alimentos y cadenas minoristas. Cada cosecha se programa cuidadosamente para garantizar la m\u00e1xima frescura y valor nutricional, convirtiendo a PEI Trade en su socio confiable para calabac\u00edn a granel en venta en mercados globales.<\/p>\n<p>Ya sea que est\u00e9 abasteciendo para distribuci\u00f3n minorista, procesamiento de alimentos u operaciones de servicio alimentario, nuestras capacidades como proveedor de calabac\u00edn fresco para servicios alimentarios aseguran calidad consistente y horarios de entrega confiables que mantienen su cadena de suministro funcionando sin problemas.<\/p>\n<\/div>\n<\/section>\n<div class=\"wp-block-woocommerce-product-collection\"><div class=\"woocommerce columns-4 \"><ul class=\"products columns-4\" data-products=\"type-2\">\n<li class=\"product type-product post-7482 status-publish first instock product_cat-in-season product_cat-vegetables has-post-thumbnail shipping-taxable product-type-simple\">\n\t<a href=\"https:\/\/peitrade.com\/es\/product\/cebolla\/\" class=\"woocommerce-LoopProduct-link woocommerce-loop-product__link\"><img decoding=\"async\" width=\"300\" height=\"300\" src=\"https:\/\/peitrade.com\/wp-content\/uploads\/2025\/11\/Egyption-Onion-300x300.webp\" class=\"attachment-woocommerce_thumbnail size-woocommerce_thumbnail\" alt=\"Egyption Onion - PEI Trade\" srcset=\"https:\/\/peitrade.com\/wp-content\/uploads\/2025\/11\/Egyption-Onion-300x300.webp 300w, https:\/\/peitrade.com\/wp-content\/uploads\/2025\/11\/Egyption-Onion-150x150.webp 150w, https:\/\/peitrade.com\/wp-content\/uploads\/2025\/11\/Egyption-Onion-768x768.webp 768w, https:\/\/peitrade.com\/wp-content\/uploads\/2025\/11\/Egyption-Onion-600x600.webp 600w, https:\/\/peitrade.com\/wp-content\/uploads\/2025\/11\/Egyption-Onion-100x100.webp 100w, https:\/\/peitrade.com\/wp-content\/uploads\/2025\/11\/Egyption-Onion.webp 1024w\" sizes=\"(max-width: 300px) 100vw, 300px\" title=\"\"><h2 class=\"woocommerce-loop-product__title\">Cebolla<\/h2>\n<\/a><a href=\"https:\/\/peitrade.com\/es\/product\/cebolla\/\" aria-describedby=\"woocommerce_loop_add_to_cart_link_describedby_7482\" data-quantity=\"1\" class=\"button product_type_simple\" data-product_id=\"7482\" data-product_sku=\"70310\" aria-label=\"Lee m\u00e1s sobre &ldquo;Cebolla&rdquo;\" rel=\"nofollow\" data-success_message=\"\">Leer m\u00e1s<\/a>\t<span id=\"woocommerce_loop_add_to_cart_link_describedby_7482\" class=\"screen-reader-text\">\n\t\t\t<\/span>\n<\/li>\n<li class=\"product type-product post-7717 status-publish instock product_cat-in-season product_cat-legumes has-post-thumbnail shipping-taxable product-type-simple\">\n\t<a href=\"https:\/\/peitrade.com\/es\/product\/frijoles-blancos-secos\/\" class=\"woocommerce-LoopProduct-link woocommerce-loop-product__link\"><img decoding=\"async\" width=\"300\" height=\"300\" src=\"https:\/\/peitrade.com\/wp-content\/uploads\/2025\/11\/Egyptian-White-Beans-300x300.webp\" class=\"attachment-woocommerce_thumbnail size-woocommerce_thumbnail\" alt=\"Frijoles blancos secos\" srcset=\"https:\/\/peitrade.com\/wp-content\/uploads\/2025\/11\/Egyptian-White-Beans-300x300.webp 300w, https:\/\/peitrade.com\/wp-content\/uploads\/2025\/11\/Egyptian-White-Beans-150x150.webp 150w, https:\/\/peitrade.com\/wp-content\/uploads\/2025\/11\/Egyptian-White-Beans-768x768.webp 768w, https:\/\/peitrade.com\/wp-content\/uploads\/2025\/11\/Egyptian-White-Beans-600x600.webp 600w, https:\/\/peitrade.com\/wp-content\/uploads\/2025\/11\/Egyptian-White-Beans-100x100.webp 100w, https:\/\/peitrade.com\/wp-content\/uploads\/2025\/11\/Egyptian-White-Beans.webp 1024w\" sizes=\"(max-width: 300px) 100vw, 300px\" title=\"\"><h2 class=\"woocommerce-loop-product__title\">Frijoles blancos secos<\/h2>\n<\/a><a href=\"https:\/\/peitrade.com\/es\/product\/frijoles-blancos-secos\/\" aria-describedby=\"woocommerce_loop_add_to_cart_link_describedby_7717\" data-quantity=\"1\" class=\"button product_type_simple\" data-product_id=\"7717\" data-product_sku=\"70820\" aria-label=\"Lee m\u00e1s sobre &ldquo;Frijoles blancos secos&rdquo;\" rel=\"nofollow\" data-success_message=\"\">Leer m\u00e1s<\/a>\t<span id=\"woocommerce_loop_add_to_cart_link_describedby_7717\" class=\"screen-reader-text\">\n\t\t\t<\/span>\n<\/li>\n<li class=\"product type-product post-7535 status-publish instock product_cat-in-season product_cat-vegetables has-post-thumbnail shipping-taxable product-type-simple\">\n\t<a href=\"https:\/\/peitrade.com\/es\/product\/judias-verdes\/\" class=\"woocommerce-LoopProduct-link woocommerce-loop-product__link\"><img decoding=\"async\" width=\"300\" height=\"300\" src=\"https:\/\/peitrade.com\/wp-content\/uploads\/2025\/11\/Egyptian-Green-Beans-300x300.webp\" class=\"attachment-woocommerce_thumbnail size-woocommerce_thumbnail\" alt=\"Jud\u00edas verdes\" srcset=\"https:\/\/peitrade.com\/wp-content\/uploads\/2025\/11\/Egyptian-Green-Beans-300x300.webp 300w, https:\/\/peitrade.com\/wp-content\/uploads\/2025\/11\/Egyptian-Green-Beans-150x150.webp 150w, https:\/\/peitrade.com\/wp-content\/uploads\/2025\/11\/Egyptian-Green-Beans-768x768.webp 768w, https:\/\/peitrade.com\/wp-content\/uploads\/2025\/11\/Egyptian-Green-Beans-600x600.webp 600w, https:\/\/peitrade.com\/wp-content\/uploads\/2025\/11\/Egyptian-Green-Beans-100x100.webp 100w, https:\/\/peitrade.com\/wp-content\/uploads\/2025\/11\/Egyptian-Green-Beans.webp 1024w\" sizes=\"(max-width: 300px) 100vw, 300px\" title=\"\"><h2 class=\"woocommerce-loop-product__title\">Jud\u00edas verdes<\/h2>\n<\/a><a href=\"https:\/\/peitrade.com\/es\/product\/judias-verdes\/\" aria-describedby=\"woocommerce_loop_add_to_cart_link_describedby_7535\" data-quantity=\"1\" class=\"button product_type_simple\" data-product_id=\"7535\" data-product_sku=\"70821\" aria-label=\"Lee m\u00e1s sobre &ldquo;Jud\u00edas verdes&rdquo;\" rel=\"nofollow\" data-success_message=\"\">Leer m\u00e1s<\/a>\t<span id=\"woocommerce_loop_add_to_cart_link_describedby_7535\" class=\"screen-reader-text\">\n\t\t\t<\/span>\n<\/li>\n<li class=\"product type-product post-7766 status-publish last instock product_cat-in-season product_cat-vegetables has-post-thumbnail shipping-taxable product-type-simple\">\n\t<a href=\"https:\/\/peitrade.com\/es\/product\/patatas\/\" class=\"woocommerce-LoopProduct-link woocommerce-loop-product__link\"><img decoding=\"async\" width=\"300\" height=\"300\" src=\"https:\/\/peitrade.com\/wp-content\/uploads\/2025\/11\/Egyptian-Potatoes-300x300.webp\" class=\"attachment-woocommerce_thumbnail size-woocommerce_thumbnail\" alt=\"Patatas\" srcset=\"https:\/\/peitrade.com\/wp-content\/uploads\/2025\/11\/Egyptian-Potatoes-300x300.webp 300w, https:\/\/peitrade.com\/wp-content\/uploads\/2025\/11\/Egyptian-Potatoes-150x150.webp 150w, https:\/\/peitrade.com\/wp-content\/uploads\/2025\/11\/Egyptian-Potatoes-768x768.webp 768w, https:\/\/peitrade.com\/wp-content\/uploads\/2025\/11\/Egyptian-Potatoes-600x600.webp 600w, https:\/\/peitrade.com\/wp-content\/uploads\/2025\/11\/Egyptian-Potatoes-100x100.webp 100w, https:\/\/peitrade.com\/wp-content\/uploads\/2025\/11\/Egyptian-Potatoes.webp 1024w\" sizes=\"(max-width: 300px) 100vw, 300px\" title=\"\"><h2 class=\"woocommerce-loop-product__title\">Patatas<\/h2>\n<\/a><a href=\"https:\/\/peitrade.com\/es\/product\/patatas\/\" aria-describedby=\"woocommerce_loop_add_to_cart_link_describedby_7766\" data-quantity=\"1\" class=\"button product_type_simple\" data-product_id=\"7766\" data-product_sku=\"70190\" aria-label=\"Lee m\u00e1s sobre &ldquo;Patatas&rdquo;\" rel=\"nofollow\" data-success_message=\"\">Leer m\u00e1s<\/a>\t<span id=\"woocommerce_loop_add_to_cart_link_describedby_7766\" class=\"screen-reader-text\">\n\t\t\t<\/span>\n<\/li>\n<\/ul>\n<\/div><\/div>\n<section style=\"padding: 50px 20px;\">\n<h2>Por Qu\u00e9 Elegir Calabac\u00edn Egipcio de PEI Trade<\/h2>\n<p>El calabac\u00edn egipcio ofrece ventajas distintivas que lo hacen altamente buscado por compradores internacionales. Cultivado bajo el favorable clima mediterr\u00e1neo de Egipto, nuestro calabac\u00edn desarrolla caracter\u00edsticas superiores incluyendo color verde vibrante, piel tierna y pulpa blanca firme con excelentes propiedades culinarias.<\/p>\n<p>Nuestro equipo de exportadores de calabac\u00edn trabaja directamente con cultivadores contratados que siguen protocolos de cultivo estrictos, asegurando clasificaci\u00f3n de tama\u00f1o consistente de 15-20cm de longitud con di\u00e1metro uniforme. La temporada de crecimiento extendida nos permite exportar calabac\u00edn cuando los suministros europeos son limitados, dando a los importadores una ventaja competitiva en sus mercados.<\/p>\n<p>Cada env\u00edo se somete a control de calidad riguroso, con clasificaci\u00f3n, lavado y empaque cuidadosos bajo condiciones higi\u00e9nicas. Nuestro calabac\u00edn de exportaci\u00f3n cumple con los requisitos internacionales de LMR y est\u00e1ndares fitosanitarios, proporcionando cumplimiento completo para despacho aduanero sin problemas.<\/p>\n<h2>Proceso de Exportaci\u00f3n Completo de PEI Trade<\/h2>\n<p>Como proveedores establecidos de calabac\u00edn, PEI Trade gestiona cada aspecto de la cadena de suministro para entregar resultados consistentes. Nuestro proceso integral incluye:<\/p>\n<ul>\n<li>Asociaciones directas con cultivadores de calabac\u00edn certificados en regiones egipcias principales<\/li>\n<li>Cosecha cuidadosa en madurez \u00f3ptima para m\u00e1xima vida \u00fatil<\/li>\n<li>Instalaciones avanzadas de clasificaci\u00f3n y gradaci\u00f3n asegurando calidad uniforme<\/li>\n<li>Soluciones de empaque flexibles para mercados minoristas, de servicio alimentario y a granel<\/li>\n<li>Almacenamiento y transporte controlado por temperatura manteniendo integridad de cadena fr\u00eda<\/li>\n<li>Documentaci\u00f3n de exportaci\u00f3n completa y soporte de cumplimiento regulatorio<\/li>\n<\/ul>\n<p>Este enfoque sistem\u00e1tico ha establecido a PEI Trade como una de las compa\u00f1\u00edas proveedoras de calabac\u00edn fresco para servicios alimentarios m\u00e1s confiables sirviendo mercados internacionales.<\/p>\n<h2>Aplicaciones Vers\u00e1tiles para Calabac\u00edn Egipcio<\/h2>\n<p>Nuestro calabac\u00edn premium sirve diversos segmentos de mercado con calidad consistente que cumple requisitos espec\u00edficos de la industria:<\/p>\n<ul>\n<li>Empaque minorista fresco para supermercados y cadenas de abarrotes<\/li>\n<li>Distribuci\u00f3n de servicios alimentarios a restaurantes, hoteles y operaciones de catering<\/li>\n<li>Procesamiento de alimentos para industrias congeladas, enlatadas y de comidas preparadas<\/li>\n<li>Distribuci\u00f3n mayorista a trav\u00e9s de centros de importaci\u00f3n y mercados regionales<\/li>\n<li>Calabac\u00edn a granel en venta a procesadores secundarios y empacadores<\/li>\n<\/ul>\n<p>La experiencia de PEI Trade en manejo de productos frescos asegura que sus pedidos lleguen en condici\u00f3n \u00f3ptima, listos para distribuci\u00f3n inmediata o procesamiento adicional. Acomodamos especificaciones de empaque personalizadas y requisitos de etiquetado privado para cumplir est\u00e1ndares de mercado de destino.<\/p>\n<\/section>\n<section style=\"padding: 50px 20px; background-color: #f0f0f0;\">\n<div class=\"container\">\n<h2>Disponibilidad Estacional y Planificaci\u00f3n de Suministro<\/h2>\n<p>La cosecha de calabac\u00edn egipcio se extiende de octubre a mayo, proporcionando a los importadores suministro confiable durante per\u00edodos de alta demanda cuando la producci\u00f3n del norte de Europa es limitada. Nuestro equipo experimentado coordina horarios de cosecha y log\u00edstica de env\u00edo para asegurar disponibilidad consistente de producto durante toda la temporada.<\/p>\n<h2>As\u00f3ciese con Exportadores de Calabac\u00edn Confiables Hoy<\/h2>\n<p>Importadores, mayoristas y compradores de servicios alimentarios que buscan proveedores de calabac\u00edn confiables pueden contar con PEI Trade para calidad consistente, precios competitivos y servicio profesional. Contacte nuestro equipo de exportaci\u00f3n para discutir sus requisitos espec\u00edficos y recibir soluciones personalizadas para sus necesidades de mercado.<\/p>\n<p style=\"text-align: center; margin-top: 40px;\"><a class=\"button primary large\" href=\"\/contact\">Ordenar Ahora<\/a><\/p>\n<\/div>\n<\/section>\n<section style=\"padding: 50px 20px;\">\n<div class=\"container\">\n<h2>Productos Frescos Adicionales de Egipto<\/h2>\n<p>M\u00e1s all\u00e1 de nuestras capacidades de exportaci\u00f3n de calabac\u00edn, PEI Trade suministra papas egipcias, cebollas, camotes y otros vegetales premium. Apoyamos programas de adquisici\u00f3n estacional y contratos de suministro a largo plazo. <a href=\"\/about\">Aprenda m\u00e1s sobre nuestros servicios de exportaci\u00f3n<\/a>.<\/p>\n<div class=\"wp-block-woocommerce-product-collection\"><div class=\"woocommerce columns-4 \"><ul class=\"products columns-4\" data-products=\"type-2\">\n<li class=\"product type-product post-7374 status-publish first instock product_cat-in-season product_cat-vegetables has-post-thumbnail shipping-taxable product-type-simple\">\n\t<a href=\"https:\/\/peitrade.com\/es\/product\/ajo\/\" class=\"woocommerce-LoopProduct-link woocommerce-loop-product__link\"><img decoding=\"async\" width=\"300\" height=\"300\" src=\"https:\/\/peitrade.com\/wp-content\/uploads\/2025\/11\/Egyptian-Garlic-300x300.webp\" class=\"attachment-woocommerce_thumbnail size-woocommerce_thumbnail\" alt=\"Ajo\" srcset=\"https:\/\/peitrade.com\/wp-content\/uploads\/2025\/11\/Egyptian-Garlic-300x300.webp 300w, https:\/\/peitrade.com\/wp-content\/uploads\/2025\/11\/Egyptian-Garlic-150x150.webp 150w, https:\/\/peitrade.com\/wp-content\/uploads\/2025\/11\/Egyptian-Garlic-768x768.webp 768w, https:\/\/peitrade.com\/wp-content\/uploads\/2025\/11\/Egyptian-Garlic-600x600.webp 600w, https:\/\/peitrade.com\/wp-content\/uploads\/2025\/11\/Egyptian-Garlic-100x100.webp 100w, https:\/\/peitrade.com\/wp-content\/uploads\/2025\/11\/Egyptian-Garlic.webp 1024w\" sizes=\"(max-width: 300px) 100vw, 300px\" title=\"\"><h2 class=\"woocommerce-loop-product__title\">Ajo<\/h2>\n<\/a><a href=\"https:\/\/peitrade.com\/es\/product\/ajo\/\" aria-describedby=\"woocommerce_loop_add_to_cart_link_describedby_7374\" data-quantity=\"1\" class=\"button product_type_simple\" data-product_id=\"7374\" data-product_sku=\"70320\" aria-label=\"Lee m\u00e1s sobre &ldquo;Ajo&rdquo;\" rel=\"nofollow\" data-success_message=\"\">Leer m\u00e1s<\/a>\t<span id=\"woocommerce_loop_add_to_cart_link_describedby_7374\" class=\"screen-reader-text\">\n\t\t\t<\/span>\n<\/li>\n<li class=\"product type-product post-7790 status-publish instock product_cat-in-season product_cat-vegetables has-post-thumbnail shipping-taxable product-type-simple\">\n\t<a href=\"https:\/\/peitrade.com\/es\/product\/batatas-dulces\/\" class=\"woocommerce-LoopProduct-link woocommerce-loop-product__link\"><img decoding=\"async\" width=\"300\" height=\"300\" src=\"https:\/\/peitrade.com\/wp-content\/uploads\/2025\/11\/Egyptian-Sweet-Potatoes-300x300.webp\" class=\"attachment-woocommerce_thumbnail size-woocommerce_thumbnail\" alt=\"Egyptian Sweet Potatoes - PEI Trade\" srcset=\"https:\/\/peitrade.com\/wp-content\/uploads\/2025\/11\/Egyptian-Sweet-Potatoes-300x300.webp 300w, https:\/\/peitrade.com\/wp-content\/uploads\/2025\/11\/Egyptian-Sweet-Potatoes-150x150.webp 150w, https:\/\/peitrade.com\/wp-content\/uploads\/2025\/11\/Egyptian-Sweet-Potatoes-768x768.webp 768w, https:\/\/peitrade.com\/wp-content\/uploads\/2025\/11\/Egyptian-Sweet-Potatoes-600x600.webp 600w, https:\/\/peitrade.com\/wp-content\/uploads\/2025\/11\/Egyptian-Sweet-Potatoes-100x100.webp 100w, https:\/\/peitrade.com\/wp-content\/uploads\/2025\/11\/Egyptian-Sweet-Potatoes.webp 1024w\" sizes=\"(max-width: 300px) 100vw, 300px\" title=\"\"><h2 class=\"woocommerce-loop-product__title\">Batatas dulces<\/h2>\n<\/a><a href=\"https:\/\/peitrade.com\/es\/product\/batatas-dulces\/\" aria-describedby=\"woocommerce_loop_add_to_cart_link_describedby_7790\" data-quantity=\"1\" class=\"button product_type_simple\" data-product_id=\"7790\" data-product_sku=\"71420\" aria-label=\"Lee m\u00e1s sobre &ldquo;Batatas dulces&rdquo;\" rel=\"nofollow\" data-success_message=\"\">Leer m\u00e1s<\/a>\t<span id=\"woocommerce_loop_add_to_cart_link_describedby_7790\" class=\"screen-reader-text\">\n\t\t\t<\/span>\n<\/li>\n<li class=\"product type-product post-7766 status-publish instock product_cat-in-season product_cat-vegetables has-post-thumbnail shipping-taxable product-type-simple\">\n\t<a href=\"https:\/\/peitrade.com\/es\/product\/patatas\/\" class=\"woocommerce-LoopProduct-link woocommerce-loop-product__link\"><img decoding=\"async\" width=\"300\" height=\"300\" src=\"https:\/\/peitrade.com\/wp-content\/uploads\/2025\/11\/Egyptian-Potatoes-300x300.webp\" class=\"attachment-woocommerce_thumbnail size-woocommerce_thumbnail\" alt=\"Patatas\" srcset=\"https:\/\/peitrade.com\/wp-content\/uploads\/2025\/11\/Egyptian-Potatoes-300x300.webp 300w, https:\/\/peitrade.com\/wp-content\/uploads\/2025\/11\/Egyptian-Potatoes-150x150.webp 150w, https:\/\/peitrade.com\/wp-content\/uploads\/2025\/11\/Egyptian-Potatoes-768x768.webp 768w, https:\/\/peitrade.com\/wp-content\/uploads\/2025\/11\/Egyptian-Potatoes-600x600.webp 600w, https:\/\/peitrade.com\/wp-content\/uploads\/2025\/11\/Egyptian-Potatoes-100x100.webp 100w, https:\/\/peitrade.com\/wp-content\/uploads\/2025\/11\/Egyptian-Potatoes.webp 1024w\" sizes=\"(max-width: 300px) 100vw, 300px\" title=\"\"><h2 class=\"woocommerce-loop-product__title\">Patatas<\/h2>\n<\/a><a href=\"https:\/\/peitrade.com\/es\/product\/patatas\/\" aria-describedby=\"woocommerce_loop_add_to_cart_link_describedby_7766\" data-quantity=\"1\" class=\"button product_type_simple\" data-product_id=\"7766\" data-product_sku=\"70190\" aria-label=\"Lee m\u00e1s sobre &ldquo;Patatas&rdquo;\" rel=\"nofollow\" data-success_message=\"\">Leer m\u00e1s<\/a>\t<span id=\"woocommerce_loop_add_to_cart_link_describedby_7766\" class=\"screen-reader-text\">\n\t\t\t<\/span>\n<\/li>\n<li class=\"product type-product post-7358 status-publish last instock product_cat-vegetables has-post-thumbnail shipping-taxable product-type-simple\">\n\t<a href=\"https:\/\/peitrade.com\/es\/product\/tomates\/\" class=\"woocommerce-LoopProduct-link woocommerce-loop-product__link\"><img decoding=\"async\" width=\"300\" height=\"300\" src=\"https:\/\/peitrade.com\/wp-content\/uploads\/2025\/11\/Egyptian-Tomatoes-300x300.webp\" class=\"attachment-woocommerce_thumbnail size-woocommerce_thumbnail\" alt=\"Tomates\" srcset=\"https:\/\/peitrade.com\/wp-content\/uploads\/2025\/11\/Egyptian-Tomatoes-300x300.webp 300w, https:\/\/peitrade.com\/wp-content\/uploads\/2025\/11\/Egyptian-Tomatoes-150x150.webp 150w, https:\/\/peitrade.com\/wp-content\/uploads\/2025\/11\/Egyptian-Tomatoes-768x768.webp 768w, https:\/\/peitrade.com\/wp-content\/uploads\/2025\/11\/Egyptian-Tomatoes-600x600.webp 600w, https:\/\/peitrade.com\/wp-content\/uploads\/2025\/11\/Egyptian-Tomatoes-100x100.webp 100w, https:\/\/peitrade.com\/wp-content\/uploads\/2025\/11\/Egyptian-Tomatoes.webp 1024w\" sizes=\"(max-width: 300px) 100vw, 300px\" title=\"\"><h2 class=\"woocommerce-loop-product__title\">Tomates<\/h2>\n<\/a><a href=\"https:\/\/peitrade.com\/es\/product\/tomates\/\" aria-describedby=\"woocommerce_loop_add_to_cart_link_describedby_7358\" data-quantity=\"1\" class=\"button product_type_simple\" data-product_id=\"7358\" data-product_sku=\"70200\" aria-label=\"Lee m\u00e1s sobre &ldquo;Tomates&rdquo;\" rel=\"nofollow\" data-success_message=\"\">Leer m\u00e1s<\/a>\t<span id=\"woocommerce_loop_add_to_cart_link_describedby_7358\" class=\"screen-reader-text\">\n\t\t\t<\/span>\n<\/li>\n<\/ul>\n<\/div><\/div>\n<\/div>\n<\/section>\n<section style=\"padding: 50px 20px; background-color: #f9f9f9;\">\n<div class=\"container\">\n<h2>Preguntas Frecuentes<\/h2>\n<div>\n<h3>\u00bfCu\u00e1l es la temporada de exportaci\u00f3n de calabac\u00edn egipcio?<\/h3>\n<p>La temporada principal de exportaci\u00f3n va de octubre a mayo, con disponibilidad m\u00e1xima de diciembre a marzo cuando la calidad y vol\u00famenes son \u00f3ptimos.<\/p>\n<h3>\u00bfQu\u00e9 opciones de empaque ofrecen para pedidos de calabac\u00edn a granel?<\/h3>\n<p>Proporcionamos cajas de 5kg, 10kg y 15kg, as\u00ed como empaque a granel en cajas de madera o bolsas de malla, todo dise\u00f1ado para mantener frescura durante transporte internacional.<\/p>\n<h3>\u00bfC\u00f3mo mantienen la frescura del calabac\u00edn durante env\u00edo de larga distancia?<\/h3>\n<p>Nuestra log\u00edstica de cadena fr\u00eda incluye enfriamiento inmediato post-cosecha, instalaciones de empaque controladas por temperatura y env\u00edo en contenedores refrigerados para preservar calidad desde la granja hasta el destino.<\/p>\n<h3>\u00bfPuede PEI Trade suministrar otros vegetales egipcios junto con calabac\u00edn?<\/h3>\n<p>S\u00ed, ofrecemos env\u00edos mixtos incluyendo papas egipcias, frijoles verdes, cebollas y otros vegetales estacionales para maximizar eficiencia de contenedores y proporcionar soluciones de suministro integral.<\/p>\n<\/div>\n<\/div>\n<\/section>\n","protected":false},"excerpt":{"rendered":"<p>Proveedores de Calabac\u00edn Egipcio \u2013 Exportaci\u00f3n Premium de PEI Trade PEI Trade se posiciona como uno de los principales proveedores de calabac\u00edn de Egipto, entregando calabac\u00edn fresco de primera calidad desde las regiones agr\u00edcolas m\u00e1s productivas de Egipto. Nuestro calabac\u00edn se cultiva en el f\u00e9rtil Delta del Nilo, donde las condiciones clim\u00e1ticas \u00f3ptimas y el [&hellip;]<\/p>\n","protected":false},"author":1,"featured_media":0,"parent":0,"menu_order":0,"comment_status":"closed","ping_status":"closed","template":"","meta":{"footnotes":""},"class_list":["post-5969","page","type-page","status-publish","hentry"],"blocksy_meta":[],"mb":[],"featured_image_urls_v2":{"full":"","thumbnail":"","medium":"","medium_large":"","large":"","1536x1536":"","2048x2048":"","woocommerce_archive_thumbnail":"","woocommerce_thumbnail":"","woocommerce_single":"","woocommerce_gallery_thumbnail":""},"post_excerpt_stackable_v2":"<p>Proveedores de Calabac\u00edn Egipcio \u2013 Exportaci\u00f3n Premium de PEI Trade PEI Trade se posiciona como uno de los principales proveedores de calabac\u00edn de Egipto, entregando calabac\u00edn fresco de primera calidad desde las regiones agr\u00edcolas m\u00e1s productivas de Egipto. Nuestro calabac\u00edn se cultiva en el f\u00e9rtil Delta del Nilo, donde las condiciones clim\u00e1ticas \u00f3ptimas y el suelo rico en nutrientes producen vegetales consistentemente superiores con sabor excepcional, textura y vida \u00fatil. Como exportadores experimentados de calabac\u00edn, entendemos los exigentes requisitos de los mercados internacionales. Nuestro calabac\u00edn egipcio cumple con los m\u00e1s altos est\u00e1ndares de consistencia de color, firmeza y uniformidad de&hellip;<\/p>\n","category_list_v2":"","author_info_v2":{"name":"Mostafa Sabry","url":"https:\/\/peitrade.com\/es\/author\/emostafaadel_jn8gcqbo\/"},"comments_num_v2":"0 comentarios","mfb_rest_fields":["title","blocksy_meta","featured_image_urls_v2","post_excerpt_stackable_v2","category_list_v2","author_info_v2","comments_num_v2"],"_links":{"self":[{"href":"https:\/\/peitrade.com\/es\/wp-json\/wp\/v2\/pages\/5969","targetHints":{"allow":["GET"]}}],"collection":[{"href":"https:\/\/peitrade.com\/es\/wp-json\/wp\/v2\/pages"}],"about":[{"href":"https:\/\/peitrade.com\/es\/wp-json\/wp\/v2\/types\/page"}],"author":[{"embeddable":true,"href":"https:\/\/peitrade.com\/es\/wp-json\/wp\/v2\/users\/1"}],"replies":[{"embeddable":true,"href":"https:\/\/peitrade.com\/es\/wp-json\/wp\/v2\/comments?post=5969"}],"version-history":[{"count":1,"href":"https:\/\/peitrade.com\/es\/wp-json\/wp\/v2\/pages\/5969\/revisions"}],"predecessor-version":[{"id":5970,"href":"https:\/\/peitrade.com\/es\/wp-json\/wp\/v2\/pages\/5969\/revisions\/5970"}],"wp:attachment":[{"href":"https:\/\/peitrade.com\/es\/wp-json\/wp\/v2\/media?parent=5969"}],"curies":[{"name":"wp","href":"https:\/\/api.w.org\/{rel}","templated":true}]}}