{"id":6022,"date":"2025-06-17T07:10:04","date_gmt":"2025-06-17T07:10:04","guid":{"rendered":"http:\/\/46.224.74.15\/comprar-pepinos-al-por-mayor\/"},"modified":"2025-11-19T16:47:22","modified_gmt":"2025-11-19T16:47:22","slug":"comprar-pepinos-al-por-mayor","status":"publish","type":"page","link":"https:\/\/peitrade.com\/es\/comprar-pepinos-al-por-mayor\/","title":{"rendered":"Comprar Pepinos al por Mayor con PEI Trade | Exportador Egipcio"},"content":{"rendered":"<section style=\"padding: 60px 20px; background-color: #f9f9f9;\">\n<div class=\"container\">\n<h1>Comprar Pepinos al por Mayor con PEI Trade | Exportador Egipcio<\/h1>\n<p>&nbsp;<\/p>\n<p>PEI Trade es su socio ideal para <strong>comprar pepinos al por mayor<\/strong>. Como <strong>exportadores de pepinos<\/strong> desde Egipto, ofrecemos productos frescos y certificados directamente desde nuestras fincas aliadas.<\/p>\n<p>Nuestra cadena log\u00edstica est\u00e1 optimizada para importadores, mayoristas y distribuidores globales. Si busca <span style=\"box-sizing: border-box; margin: 0px; padding: 0px;\"><strong>proveedores de pepinos<\/strong><\/span> o <strong>pepinos al por mayor en venta<\/strong>, PEI Trade es su fuente de confianza.<\/p>\n<\/div>\n<\/section>\n<div class=\"wp-block-woocommerce-product-collection\"><div class=\"woocommerce columns-4 \"><ul class=\"products columns-4\" data-products=\"type-2\">\n<li class=\"product type-product post-7482 status-publish first instock product_cat-in-season product_cat-vegetables has-post-thumbnail shipping-taxable product-type-simple\">\n\t<a href=\"https:\/\/peitrade.com\/es\/product\/cebolla\/\" class=\"woocommerce-LoopProduct-link woocommerce-loop-product__link\"><img decoding=\"async\" width=\"300\" height=\"300\" src=\"https:\/\/peitrade.com\/wp-content\/uploads\/2025\/11\/Egyption-Onion-300x300.webp\" class=\"attachment-woocommerce_thumbnail size-woocommerce_thumbnail\" alt=\"Egyption Onion - PEI Trade\" srcset=\"https:\/\/peitrade.com\/wp-content\/uploads\/2025\/11\/Egyption-Onion-300x300.webp 300w, https:\/\/peitrade.com\/wp-content\/uploads\/2025\/11\/Egyption-Onion-150x150.webp 150w, https:\/\/peitrade.com\/wp-content\/uploads\/2025\/11\/Egyption-Onion-768x768.webp 768w, https:\/\/peitrade.com\/wp-content\/uploads\/2025\/11\/Egyption-Onion-600x600.webp 600w, https:\/\/peitrade.com\/wp-content\/uploads\/2025\/11\/Egyption-Onion-100x100.webp 100w, https:\/\/peitrade.com\/wp-content\/uploads\/2025\/11\/Egyption-Onion.webp 1024w\" sizes=\"(max-width: 300px) 100vw, 300px\" title=\"\"><h2 class=\"woocommerce-loop-product__title\">Cebolla<\/h2>\n<\/a><a href=\"https:\/\/peitrade.com\/es\/product\/cebolla\/\" aria-describedby=\"woocommerce_loop_add_to_cart_link_describedby_7482\" data-quantity=\"1\" class=\"button product_type_simple\" data-product_id=\"7482\" data-product_sku=\"70310\" aria-label=\"Lee m\u00e1s sobre &ldquo;Cebolla&rdquo;\" rel=\"nofollow\" data-success_message=\"\">Leer m\u00e1s<\/a>\t<span id=\"woocommerce_loop_add_to_cart_link_describedby_7482\" class=\"screen-reader-text\">\n\t\t\t<\/span>\n<\/li>\n<li class=\"product type-product post-7717 status-publish instock product_cat-in-season product_cat-legumes has-post-thumbnail shipping-taxable product-type-simple\">\n\t<a href=\"https:\/\/peitrade.com\/es\/product\/frijoles-blancos-secos\/\" class=\"woocommerce-LoopProduct-link woocommerce-loop-product__link\"><img decoding=\"async\" width=\"300\" height=\"300\" src=\"https:\/\/peitrade.com\/wp-content\/uploads\/2025\/11\/Egyptian-White-Beans-300x300.webp\" class=\"attachment-woocommerce_thumbnail size-woocommerce_thumbnail\" alt=\"Frijoles blancos secos\" srcset=\"https:\/\/peitrade.com\/wp-content\/uploads\/2025\/11\/Egyptian-White-Beans-300x300.webp 300w, https:\/\/peitrade.com\/wp-content\/uploads\/2025\/11\/Egyptian-White-Beans-150x150.webp 150w, https:\/\/peitrade.com\/wp-content\/uploads\/2025\/11\/Egyptian-White-Beans-768x768.webp 768w, https:\/\/peitrade.com\/wp-content\/uploads\/2025\/11\/Egyptian-White-Beans-600x600.webp 600w, https:\/\/peitrade.com\/wp-content\/uploads\/2025\/11\/Egyptian-White-Beans-100x100.webp 100w, https:\/\/peitrade.com\/wp-content\/uploads\/2025\/11\/Egyptian-White-Beans.webp 1024w\" sizes=\"(max-width: 300px) 100vw, 300px\" title=\"\"><h2 class=\"woocommerce-loop-product__title\">Frijoles blancos secos<\/h2>\n<\/a><a href=\"https:\/\/peitrade.com\/es\/product\/frijoles-blancos-secos\/\" aria-describedby=\"woocommerce_loop_add_to_cart_link_describedby_7717\" data-quantity=\"1\" class=\"button product_type_simple\" data-product_id=\"7717\" data-product_sku=\"70820\" aria-label=\"Lee m\u00e1s sobre &ldquo;Frijoles blancos secos&rdquo;\" rel=\"nofollow\" data-success_message=\"\">Leer m\u00e1s<\/a>\t<span id=\"woocommerce_loop_add_to_cart_link_describedby_7717\" class=\"screen-reader-text\">\n\t\t\t<\/span>\n<\/li>\n<li class=\"product type-product post-7535 status-publish instock product_cat-in-season product_cat-vegetables has-post-thumbnail shipping-taxable product-type-simple\">\n\t<a href=\"https:\/\/peitrade.com\/es\/product\/judias-verdes\/\" class=\"woocommerce-LoopProduct-link woocommerce-loop-product__link\"><img decoding=\"async\" width=\"300\" height=\"300\" src=\"https:\/\/peitrade.com\/wp-content\/uploads\/2025\/11\/Egyptian-Green-Beans-300x300.webp\" class=\"attachment-woocommerce_thumbnail size-woocommerce_thumbnail\" alt=\"Jud\u00edas verdes\" srcset=\"https:\/\/peitrade.com\/wp-content\/uploads\/2025\/11\/Egyptian-Green-Beans-300x300.webp 300w, https:\/\/peitrade.com\/wp-content\/uploads\/2025\/11\/Egyptian-Green-Beans-150x150.webp 150w, https:\/\/peitrade.com\/wp-content\/uploads\/2025\/11\/Egyptian-Green-Beans-768x768.webp 768w, https:\/\/peitrade.com\/wp-content\/uploads\/2025\/11\/Egyptian-Green-Beans-600x600.webp 600w, https:\/\/peitrade.com\/wp-content\/uploads\/2025\/11\/Egyptian-Green-Beans-100x100.webp 100w, https:\/\/peitrade.com\/wp-content\/uploads\/2025\/11\/Egyptian-Green-Beans.webp 1024w\" sizes=\"(max-width: 300px) 100vw, 300px\" title=\"\"><h2 class=\"woocommerce-loop-product__title\">Jud\u00edas verdes<\/h2>\n<\/a><a href=\"https:\/\/peitrade.com\/es\/product\/judias-verdes\/\" aria-describedby=\"woocommerce_loop_add_to_cart_link_describedby_7535\" data-quantity=\"1\" class=\"button product_type_simple\" data-product_id=\"7535\" data-product_sku=\"70821\" aria-label=\"Lee m\u00e1s sobre &ldquo;Jud\u00edas verdes&rdquo;\" rel=\"nofollow\" data-success_message=\"\">Leer m\u00e1s<\/a>\t<span id=\"woocommerce_loop_add_to_cart_link_describedby_7535\" class=\"screen-reader-text\">\n\t\t\t<\/span>\n<\/li>\n<li class=\"product type-product post-7766 status-publish last instock product_cat-in-season product_cat-vegetables has-post-thumbnail shipping-taxable product-type-simple\">\n\t<a href=\"https:\/\/peitrade.com\/es\/product\/patatas\/\" class=\"woocommerce-LoopProduct-link woocommerce-loop-product__link\"><img decoding=\"async\" width=\"300\" height=\"300\" src=\"https:\/\/peitrade.com\/wp-content\/uploads\/2025\/11\/Egyptian-Potatoes-300x300.webp\" class=\"attachment-woocommerce_thumbnail size-woocommerce_thumbnail\" alt=\"Patatas\" srcset=\"https:\/\/peitrade.com\/wp-content\/uploads\/2025\/11\/Egyptian-Potatoes-300x300.webp 300w, https:\/\/peitrade.com\/wp-content\/uploads\/2025\/11\/Egyptian-Potatoes-150x150.webp 150w, https:\/\/peitrade.com\/wp-content\/uploads\/2025\/11\/Egyptian-Potatoes-768x768.webp 768w, https:\/\/peitrade.com\/wp-content\/uploads\/2025\/11\/Egyptian-Potatoes-600x600.webp 600w, https:\/\/peitrade.com\/wp-content\/uploads\/2025\/11\/Egyptian-Potatoes-100x100.webp 100w, https:\/\/peitrade.com\/wp-content\/uploads\/2025\/11\/Egyptian-Potatoes.webp 1024w\" sizes=\"(max-width: 300px) 100vw, 300px\" title=\"\"><h2 class=\"woocommerce-loop-product__title\">Patatas<\/h2>\n<\/a><a href=\"https:\/\/peitrade.com\/es\/product\/patatas\/\" aria-describedby=\"woocommerce_loop_add_to_cart_link_describedby_7766\" data-quantity=\"1\" class=\"button product_type_simple\" data-product_id=\"7766\" data-product_sku=\"70190\" aria-label=\"Lee m\u00e1s sobre &ldquo;Patatas&rdquo;\" rel=\"nofollow\" data-success_message=\"\">Leer m\u00e1s<\/a>\t<span id=\"woocommerce_loop_add_to_cart_link_describedby_7766\" class=\"screen-reader-text\">\n\t\t\t<\/span>\n<\/li>\n<\/ul>\n<\/div><\/div>\n<section style=\"padding: 50px 20px;\">\n<div class=\"container\">\n<h2>\u00bfPor Qu\u00e9 Comprar con PEI Trade?<\/h2>\n<p>Somos expertos en la exportaci\u00f3n de pepinos desde Egipto hacia Europa, Asia y el Golfo. Estas son nuestras ventajas como proveedores de <strong>pepinos al por mayor<\/strong>:<\/p>\n<ul>\n<li>Fincas con certificaciones GlobalG.A.P. y HACCP<\/li>\n<li>Log\u00edstica en fr\u00edo para m\u00e1xima frescura<\/li>\n<li>Empaques personalizados para venta al por mayor o minorista<\/li>\n<li>Entrega puntual y documentaci\u00f3n completa<\/li>\n<\/ul>\n<p>PEI Trade ofrece calidad y el mejor <strong>precio de pepinos al por mayor<\/strong> para su negocio de exportaci\u00f3n o distribuci\u00f3n.<\/p>\n<\/div>\n<\/section>\n<section style=\"padding: 50px 20px;\">\n<div class=\"container\">\n<h2>Variedades de Pepinos que Exporta PEI Trade<\/h2>\n<p>Egipto produce varias variedades adecuadas tanto para consumo fresco como para procesamiento:<\/p>\n<ul>\n<li><strong>Largo:<\/strong> Ideal para ensaladas<\/li>\n<li><strong>Para encurtir:<\/strong> Peque\u00f1o, crujiente<\/li>\n<li><strong>De invernadero:<\/strong> Uniforme, larga vida \u00fatil<\/li>\n<\/ul>\n<p>Estas variedades est\u00e1n disponibles todo el a\u00f1o. Puede <strong>comprar pepinos al por mayor<\/strong> seg\u00fan las necesidades de su mercado.<\/p>\n<\/div>\n<\/section>\n<section style=\"padding: 50px 20px; background-color: #f0f0f0;\">\n<div class=\"container\">\n<h2>Temporada y Log\u00edstica con PEI Trade<\/h2>\n<p>La cosecha de pepinos en Egipto se realiza durante todo el a\u00f1o, con picos en primavera y oto\u00f1o. Coordinamos env\u00edos de acuerdo con la temporada para garantizar frescura y el mejor <strong>precio mayorista<\/strong>.<\/p>\n<p>Incluimos en nuestro servicio:<\/p>\n<ul>\n<li>Transporte y almacenamiento refrigerado<\/li>\n<li>Flexibilidad en fechas de carga<\/li>\n<li>Certificados de exportaci\u00f3n (GlobalG.A.P., ISO, Fitosanitario)<\/li>\n<li>Empaques con marca, c\u00f3digo de barras y paletizado<\/li>\n<\/ul>\n<p style=\"text-align: center; margin-top: 40px;\"><a class=\"button primary large\" href=\"\/contact\">Comprar Pepinos al por Mayor<\/a><\/p>\n<\/div>\n<\/section>\n<section style=\"padding: 50px 20px;\">\n<div class=\"container\">\n<h2>Otros Productos Frescos de PEI Trade<\/h2>\n<p>&nbsp;<\/p>\n<p>Adem\u00e1s de pepinos, PEI Trade exporta tomates, pimientos, lechuga y ajo desde Egipto. Ofrecemos programas estacionales y contratos anuales. <a href=\"https:\/\/peitrade.com\/es\/about-pei-trade\/\">Conozca m\u00e1s sobre nuestros servicios<\/a>.<\/p>\n<div class=\"wp-block-woocommerce-product-collection\"><div class=\"woocommerce columns-4 \"><ul class=\"products columns-4\" data-products=\"type-2\">\n<li class=\"product type-product post-7374 status-publish first instock product_cat-in-season product_cat-vegetables has-post-thumbnail shipping-taxable product-type-simple\">\n\t<a href=\"https:\/\/peitrade.com\/es\/product\/ajo\/\" class=\"woocommerce-LoopProduct-link woocommerce-loop-product__link\"><img decoding=\"async\" width=\"300\" height=\"300\" src=\"https:\/\/peitrade.com\/wp-content\/uploads\/2025\/11\/Egyptian-Garlic-300x300.webp\" class=\"attachment-woocommerce_thumbnail size-woocommerce_thumbnail\" alt=\"Ajo\" srcset=\"https:\/\/peitrade.com\/wp-content\/uploads\/2025\/11\/Egyptian-Garlic-300x300.webp 300w, https:\/\/peitrade.com\/wp-content\/uploads\/2025\/11\/Egyptian-Garlic-150x150.webp 150w, https:\/\/peitrade.com\/wp-content\/uploads\/2025\/11\/Egyptian-Garlic-768x768.webp 768w, https:\/\/peitrade.com\/wp-content\/uploads\/2025\/11\/Egyptian-Garlic-600x600.webp 600w, https:\/\/peitrade.com\/wp-content\/uploads\/2025\/11\/Egyptian-Garlic-100x100.webp 100w, https:\/\/peitrade.com\/wp-content\/uploads\/2025\/11\/Egyptian-Garlic.webp 1024w\" sizes=\"(max-width: 300px) 100vw, 300px\" title=\"\"><h2 class=\"woocommerce-loop-product__title\">Ajo<\/h2>\n<\/a><a href=\"https:\/\/peitrade.com\/es\/product\/ajo\/\" aria-describedby=\"woocommerce_loop_add_to_cart_link_describedby_7374\" data-quantity=\"1\" class=\"button product_type_simple\" data-product_id=\"7374\" data-product_sku=\"70320\" aria-label=\"Lee m\u00e1s sobre &ldquo;Ajo&rdquo;\" rel=\"nofollow\" data-success_message=\"\">Leer m\u00e1s<\/a>\t<span id=\"woocommerce_loop_add_to_cart_link_describedby_7374\" class=\"screen-reader-text\">\n\t\t\t<\/span>\n<\/li>\n<li class=\"product type-product post-7790 status-publish instock product_cat-in-season product_cat-vegetables has-post-thumbnail shipping-taxable product-type-simple\">\n\t<a href=\"https:\/\/peitrade.com\/es\/product\/batatas-dulces\/\" class=\"woocommerce-LoopProduct-link woocommerce-loop-product__link\"><img decoding=\"async\" width=\"300\" height=\"300\" src=\"https:\/\/peitrade.com\/wp-content\/uploads\/2025\/11\/Egyptian-Sweet-Potatoes-300x300.webp\" class=\"attachment-woocommerce_thumbnail size-woocommerce_thumbnail\" alt=\"Egyptian Sweet Potatoes - PEI Trade\" srcset=\"https:\/\/peitrade.com\/wp-content\/uploads\/2025\/11\/Egyptian-Sweet-Potatoes-300x300.webp 300w, https:\/\/peitrade.com\/wp-content\/uploads\/2025\/11\/Egyptian-Sweet-Potatoes-150x150.webp 150w, https:\/\/peitrade.com\/wp-content\/uploads\/2025\/11\/Egyptian-Sweet-Potatoes-768x768.webp 768w, https:\/\/peitrade.com\/wp-content\/uploads\/2025\/11\/Egyptian-Sweet-Potatoes-600x600.webp 600w, https:\/\/peitrade.com\/wp-content\/uploads\/2025\/11\/Egyptian-Sweet-Potatoes-100x100.webp 100w, https:\/\/peitrade.com\/wp-content\/uploads\/2025\/11\/Egyptian-Sweet-Potatoes.webp 1024w\" sizes=\"(max-width: 300px) 100vw, 300px\" title=\"\"><h2 class=\"woocommerce-loop-product__title\">Batatas dulces<\/h2>\n<\/a><a href=\"https:\/\/peitrade.com\/es\/product\/batatas-dulces\/\" aria-describedby=\"woocommerce_loop_add_to_cart_link_describedby_7790\" data-quantity=\"1\" class=\"button product_type_simple\" data-product_id=\"7790\" data-product_sku=\"71420\" aria-label=\"Lee m\u00e1s sobre &ldquo;Batatas dulces&rdquo;\" rel=\"nofollow\" data-success_message=\"\">Leer m\u00e1s<\/a>\t<span id=\"woocommerce_loop_add_to_cart_link_describedby_7790\" class=\"screen-reader-text\">\n\t\t\t<\/span>\n<\/li>\n<li class=\"product type-product post-7766 status-publish instock product_cat-in-season product_cat-vegetables has-post-thumbnail shipping-taxable product-type-simple\">\n\t<a href=\"https:\/\/peitrade.com\/es\/product\/patatas\/\" class=\"woocommerce-LoopProduct-link woocommerce-loop-product__link\"><img decoding=\"async\" width=\"300\" height=\"300\" src=\"https:\/\/peitrade.com\/wp-content\/uploads\/2025\/11\/Egyptian-Potatoes-300x300.webp\" class=\"attachment-woocommerce_thumbnail size-woocommerce_thumbnail\" alt=\"Patatas\" srcset=\"https:\/\/peitrade.com\/wp-content\/uploads\/2025\/11\/Egyptian-Potatoes-300x300.webp 300w, https:\/\/peitrade.com\/wp-content\/uploads\/2025\/11\/Egyptian-Potatoes-150x150.webp 150w, https:\/\/peitrade.com\/wp-content\/uploads\/2025\/11\/Egyptian-Potatoes-768x768.webp 768w, https:\/\/peitrade.com\/wp-content\/uploads\/2025\/11\/Egyptian-Potatoes-600x600.webp 600w, https:\/\/peitrade.com\/wp-content\/uploads\/2025\/11\/Egyptian-Potatoes-100x100.webp 100w, https:\/\/peitrade.com\/wp-content\/uploads\/2025\/11\/Egyptian-Potatoes.webp 1024w\" sizes=\"(max-width: 300px) 100vw, 300px\" title=\"\"><h2 class=\"woocommerce-loop-product__title\">Patatas<\/h2>\n<\/a><a href=\"https:\/\/peitrade.com\/es\/product\/patatas\/\" aria-describedby=\"woocommerce_loop_add_to_cart_link_describedby_7766\" data-quantity=\"1\" class=\"button product_type_simple\" data-product_id=\"7766\" data-product_sku=\"70190\" aria-label=\"Lee m\u00e1s sobre &ldquo;Patatas&rdquo;\" rel=\"nofollow\" data-success_message=\"\">Leer m\u00e1s<\/a>\t<span id=\"woocommerce_loop_add_to_cart_link_describedby_7766\" class=\"screen-reader-text\">\n\t\t\t<\/span>\n<\/li>\n<li class=\"product type-product post-7358 status-publish last instock product_cat-vegetables has-post-thumbnail shipping-taxable product-type-simple\">\n\t<a href=\"https:\/\/peitrade.com\/es\/product\/tomates\/\" class=\"woocommerce-LoopProduct-link woocommerce-loop-product__link\"><img decoding=\"async\" width=\"300\" height=\"300\" src=\"https:\/\/peitrade.com\/wp-content\/uploads\/2025\/11\/Egyptian-Tomatoes-300x300.webp\" class=\"attachment-woocommerce_thumbnail size-woocommerce_thumbnail\" alt=\"Tomates\" srcset=\"https:\/\/peitrade.com\/wp-content\/uploads\/2025\/11\/Egyptian-Tomatoes-300x300.webp 300w, https:\/\/peitrade.com\/wp-content\/uploads\/2025\/11\/Egyptian-Tomatoes-150x150.webp 150w, https:\/\/peitrade.com\/wp-content\/uploads\/2025\/11\/Egyptian-Tomatoes-768x768.webp 768w, https:\/\/peitrade.com\/wp-content\/uploads\/2025\/11\/Egyptian-Tomatoes-600x600.webp 600w, https:\/\/peitrade.com\/wp-content\/uploads\/2025\/11\/Egyptian-Tomatoes-100x100.webp 100w, https:\/\/peitrade.com\/wp-content\/uploads\/2025\/11\/Egyptian-Tomatoes.webp 1024w\" sizes=\"(max-width: 300px) 100vw, 300px\" title=\"\"><h2 class=\"woocommerce-loop-product__title\">Tomates<\/h2>\n<\/a><a href=\"https:\/\/peitrade.com\/es\/product\/tomates\/\" aria-describedby=\"woocommerce_loop_add_to_cart_link_describedby_7358\" data-quantity=\"1\" class=\"button product_type_simple\" data-product_id=\"7358\" data-product_sku=\"70200\" aria-label=\"Lee m\u00e1s sobre &ldquo;Tomates&rdquo;\" rel=\"nofollow\" data-success_message=\"\">Leer m\u00e1s<\/a>\t<span id=\"woocommerce_loop_add_to_cart_link_describedby_7358\" class=\"screen-reader-text\">\n\t\t\t<\/span>\n<\/li>\n<\/ul>\n<\/div><\/div>\n<\/div>\n<\/section>\n<section style=\"padding: 50px 20px; background-color: #f9f9f9;\">\n<div class=\"container\">\n<h2>Preguntas Frecuentes<\/h2>\n<div>\n<h3>\u00bfCu\u00e1ndo es la temporada de pepinos en Egipto?<\/h3>\n<div>Los pepinos est\u00e1n disponibles todo el a\u00f1o, con picos en primavera y oto\u00f1o. PEI Trade organiza sus env\u00edos seg\u00fan la disponibilidad.<\/div>\n<\/div>\n<div>\n<h3>\u00bfQu\u00e9 tipos de pepinos exportan?<\/h3>\n<div>Exportamos pepino largo, pepino para encurtir y pepino de invernadero seg\u00fan demanda.<\/div>\n<\/div>\n<div>\n<h3>\u00bfOfrecen empaques personalizados?<\/h3>\n<div>S\u00ed. Entregamos empaques para venta al por mayor y minorista con marca, c\u00f3digo de barras y documentaci\u00f3n completa.<\/div>\n<\/div>\n<\/div>\n<\/section>\n","protected":false},"excerpt":{"rendered":"<p>Comprar Pepinos al por Mayor con PEI Trade | Exportador Egipcio &nbsp; PEI Trade es su socio ideal para comprar pepinos al por mayor. Como exportadores de pepinos desde Egipto, ofrecemos productos frescos y certificados directamente desde nuestras fincas aliadas. Nuestra cadena log\u00edstica est\u00e1 optimizada para importadores, mayoristas y distribuidores globales. Si busca proveedores de [&hellip;]<\/p>\n","protected":false},"author":9,"featured_media":0,"parent":0,"menu_order":0,"comment_status":"closed","ping_status":"closed","template":"","meta":{"footnotes":""},"class_list":["post-6022","page","type-page","status-publish","hentry"],"blocksy_meta":[],"mb":[],"featured_image_urls_v2":{"full":"","thumbnail":"","medium":"","medium_large":"","large":"","1536x1536":"","2048x2048":"","woocommerce_archive_thumbnail":"","woocommerce_thumbnail":"","woocommerce_single":"","woocommerce_gallery_thumbnail":""},"post_excerpt_stackable_v2":"<p>Comprar Pepinos al por Mayor con PEI Trade | Exportador Egipcio &nbsp; PEI Trade es su socio ideal para comprar pepinos al por mayor. Como exportadores de pepinos desde Egipto, ofrecemos productos frescos y certificados directamente desde nuestras fincas aliadas. Nuestra cadena log\u00edstica est\u00e1 optimizada para importadores, mayoristas y distribuidores globales. Si busca proveedores de pepinos o pepinos al por mayor en venta, PEI Trade es su fuente de confianza. Cebolla Leer m\u00e1s Frijoles blancos secos Leer m\u00e1s Jud\u00edas verdes Leer m\u00e1s Patatas Leer m\u00e1s \u00bfPor Qu\u00e9 Comprar con PEI Trade? Somos expertos en la exportaci\u00f3n de pepinos desde Egipto&hellip;<\/p>\n","category_list_v2":"","author_info_v2":{"name":"Maha","url":"https:\/\/peitrade.com\/es\/author\/m-amer\/"},"comments_num_v2":"0 comentarios","mfb_rest_fields":["title","blocksy_meta","featured_image_urls_v2","post_excerpt_stackable_v2","category_list_v2","author_info_v2","comments_num_v2"],"_links":{"self":[{"href":"https:\/\/peitrade.com\/es\/wp-json\/wp\/v2\/pages\/6022","targetHints":{"allow":["GET"]}}],"collection":[{"href":"https:\/\/peitrade.com\/es\/wp-json\/wp\/v2\/pages"}],"about":[{"href":"https:\/\/peitrade.com\/es\/wp-json\/wp\/v2\/types\/page"}],"author":[{"embeddable":true,"href":"https:\/\/peitrade.com\/es\/wp-json\/wp\/v2\/users\/9"}],"replies":[{"embeddable":true,"href":"https:\/\/peitrade.com\/es\/wp-json\/wp\/v2\/comments?post=6022"}],"version-history":[{"count":1,"href":"https:\/\/peitrade.com\/es\/wp-json\/wp\/v2\/pages\/6022\/revisions"}],"predecessor-version":[{"id":6023,"href":"https:\/\/peitrade.com\/es\/wp-json\/wp\/v2\/pages\/6022\/revisions\/6023"}],"wp:attachment":[{"href":"https:\/\/peitrade.com\/es\/wp-json\/wp\/v2\/media?parent=6022"}],"curies":[{"name":"wp","href":"https:\/\/api.w.org\/{rel}","templated":true}]}}