{"id":6042,"date":"2025-06-17T08:20:50","date_gmt":"2025-06-17T08:20:50","guid":{"rendered":"http:\/\/46.224.74.15\/dates-exporters-4\/"},"modified":"2025-11-19T16:47:26","modified_gmt":"2025-11-19T16:47:26","slug":"dates-exporters-4","status":"publish","type":"page","link":"https:\/\/peitrade.com\/es\/dates-exporters-4\/","title":{"rendered":"Principales Exportadores de D\u00e1tiles de Egipto \u2013 Calidad Premium por PEI Trade"},"content":{"rendered":"<section style=\"padding: 60px 20px; background-color: #f9f9f9;\">\n<div class=\"container\">\n<h1>Principales Exportadores de D\u00e1tiles de Egipto \u2013 Calidad Premium por PEI Trade<\/h1>\n<p>&nbsp;<\/p>\n<p>PEI Trade es uno de los principales <b>exportadores de d\u00e1tiles<\/b> en Egipto, ofreciendo d\u00e1tiles de calidad premium cultivados en el f\u00e9rtil Valle del Nilo bajo condiciones naturales \u00f3ptimas. Nuestros d\u00e1tiles para exportaci\u00f3n se maduran al sol, se seleccionan cuidadosamente y se procesan conforme a normas internacionales de higiene y seguridad para satisfacer los requisitos del mercado global.<\/p>\n<p>Como confiables <b>exportadores de d\u00e1tiles egipcios<\/b>, nos especializamos en suministrar cantidades al por mayor de variedades solicitadas como d\u00e1tiles de Siwa, Zaghloul, Hayany y d\u00e1tiles semisecos como Saidi y Deglet Noor. Nuestro equipo garantiza entregas puntuales, calidad constante y cumplimiento total con las normativas de exportaci\u00f3n para uso minorista, mayorista e industrial.<\/p>\n<\/div>\n<p>&nbsp;<\/p>\n<\/section>\n<div class=\"wp-block-woocommerce-product-collection\"><div class=\"woocommerce columns-4 \"><ul class=\"products columns-4\" data-products=\"type-2\">\n<li class=\"product type-product post-7665 status-publish first instock product_cat-fruits has-post-thumbnail shipping-taxable product-type-simple\">\n\t<a href=\"https:\/\/peitrade.com\/es\/product\/fresas\/\" class=\"woocommerce-LoopProduct-link woocommerce-loop-product__link\"><img decoding=\"async\" width=\"300\" height=\"300\" src=\"https:\/\/peitrade.com\/wp-content\/uploads\/2025\/11\/Egyptian-Strawberries-300x300.webp\" class=\"attachment-woocommerce_thumbnail size-woocommerce_thumbnail\" alt=\"Fresas\" srcset=\"https:\/\/peitrade.com\/wp-content\/uploads\/2025\/11\/Egyptian-Strawberries-300x300.webp 300w, https:\/\/peitrade.com\/wp-content\/uploads\/2025\/11\/Egyptian-Strawberries-150x150.webp 150w, https:\/\/peitrade.com\/wp-content\/uploads\/2025\/11\/Egyptian-Strawberries-768x768.webp 768w, https:\/\/peitrade.com\/wp-content\/uploads\/2025\/11\/Egyptian-Strawberries-600x600.webp 600w, https:\/\/peitrade.com\/wp-content\/uploads\/2025\/11\/Egyptian-Strawberries-100x100.webp 100w, https:\/\/peitrade.com\/wp-content\/uploads\/2025\/11\/Egyptian-Strawberries.webp 1024w\" sizes=\"(max-width: 300px) 100vw, 300px\" title=\"\"><h2 class=\"woocommerce-loop-product__title\">Fresas<\/h2>\n<\/a><a href=\"https:\/\/peitrade.com\/es\/product\/fresas\/\" aria-describedby=\"woocommerce_loop_add_to_cart_link_describedby_7665\" data-quantity=\"1\" class=\"button product_type_simple\" data-product_id=\"7665\" data-product_sku=\"81010\" aria-label=\"Lee m\u00e1s sobre &ldquo;Fresas&rdquo;\" rel=\"nofollow\" data-success_message=\"\">Leer m\u00e1s<\/a>\t<span id=\"woocommerce_loop_add_to_cart_link_describedby_7665\" class=\"screen-reader-text\">\n\t\t\t<\/span>\n<\/li>\n<li class=\"product type-product post-7537 status-publish instock product_cat-in-season product_cat-fruits has-post-thumbnail shipping-taxable product-type-simple\">\n\t<a href=\"https:\/\/peitrade.com\/es\/product\/limones\/\" class=\"woocommerce-LoopProduct-link woocommerce-loop-product__link\"><img decoding=\"async\" width=\"300\" height=\"300\" src=\"https:\/\/peitrade.com\/wp-content\/uploads\/2025\/11\/Egyptian-Lemons-300x300.webp\" class=\"attachment-woocommerce_thumbnail size-woocommerce_thumbnail\" alt=\"Limones\" srcset=\"https:\/\/peitrade.com\/wp-content\/uploads\/2025\/11\/Egyptian-Lemons-300x300.webp 300w, https:\/\/peitrade.com\/wp-content\/uploads\/2025\/11\/Egyptian-Lemons-150x150.webp 150w, https:\/\/peitrade.com\/wp-content\/uploads\/2025\/11\/Egyptian-Lemons-768x768.webp 768w, https:\/\/peitrade.com\/wp-content\/uploads\/2025\/11\/Egyptian-Lemons-600x600.webp 600w, https:\/\/peitrade.com\/wp-content\/uploads\/2025\/11\/Egyptian-Lemons-100x100.webp 100w, https:\/\/peitrade.com\/wp-content\/uploads\/2025\/11\/Egyptian-Lemons.webp 1024w\" sizes=\"(max-width: 300px) 100vw, 300px\" title=\"\"><h2 class=\"woocommerce-loop-product__title\">Limones<\/h2>\n<\/a><a href=\"https:\/\/peitrade.com\/es\/product\/limones\/\" aria-describedby=\"woocommerce_loop_add_to_cart_link_describedby_7537\" data-quantity=\"1\" class=\"button product_type_simple\" data-product_id=\"7537\" data-product_sku=\"80550\" aria-label=\"Lee m\u00e1s sobre &ldquo;Limones&rdquo;\" rel=\"nofollow\" data-success_message=\"\">Leer m\u00e1s<\/a>\t<span id=\"woocommerce_loop_add_to_cart_link_describedby_7537\" class=\"screen-reader-text\">\n\t\t\t<\/span>\n<\/li>\n<li class=\"product type-product post-7644 status-publish instock product_cat-fruits has-post-thumbnail shipping-taxable product-type-simple\">\n\t<a href=\"https:\/\/peitrade.com\/es\/product\/mango\/\" class=\"woocommerce-LoopProduct-link woocommerce-loop-product__link\"><img decoding=\"async\" width=\"300\" height=\"300\" src=\"https:\/\/peitrade.com\/wp-content\/uploads\/2025\/11\/Egyption-Mango-300x300.webp\" class=\"attachment-woocommerce_thumbnail size-woocommerce_thumbnail\" alt=\"Mangoes: Egypt\u2019s Tropical Treasure\" srcset=\"https:\/\/peitrade.com\/wp-content\/uploads\/2025\/11\/Egyption-Mango-300x300.webp 300w, https:\/\/peitrade.com\/wp-content\/uploads\/2025\/11\/Egyption-Mango-150x150.webp 150w, https:\/\/peitrade.com\/wp-content\/uploads\/2025\/11\/Egyption-Mango-768x768.webp 768w, https:\/\/peitrade.com\/wp-content\/uploads\/2025\/11\/Egyption-Mango-600x600.webp 600w, https:\/\/peitrade.com\/wp-content\/uploads\/2025\/11\/Egyption-Mango-100x100.webp 100w, https:\/\/peitrade.com\/wp-content\/uploads\/2025\/11\/Egyption-Mango.webp 1024w\" sizes=\"(max-width: 300px) 100vw, 300px\" title=\"\"><h2 class=\"woocommerce-loop-product__title\">Mango<\/h2>\n<\/a><a href=\"https:\/\/peitrade.com\/es\/product\/mango\/\" aria-describedby=\"woocommerce_loop_add_to_cart_link_describedby_7644\" data-quantity=\"1\" class=\"button product_type_simple\" data-product_id=\"7644\" data-product_sku=\"80450\" aria-label=\"Lee m\u00e1s sobre &ldquo;Mango&rdquo;\" rel=\"nofollow\" data-success_message=\"\">Leer m\u00e1s<\/a>\t<span id=\"woocommerce_loop_add_to_cart_link_describedby_7644\" class=\"screen-reader-text\">\n\t\t\t<\/span>\n<\/li>\n<li class=\"product type-product post-7443 status-publish last instock product_cat-in-season product_cat-fruits has-post-thumbnail shipping-taxable product-type-simple\">\n\t<a href=\"https:\/\/peitrade.com\/es\/product\/naranjas\/\" class=\"woocommerce-LoopProduct-link woocommerce-loop-product__link\"><img decoding=\"async\" width=\"300\" height=\"300\" src=\"https:\/\/peitrade.com\/wp-content\/uploads\/2025\/11\/Egyptian-Oranges-300x300.webp\" class=\"attachment-woocommerce_thumbnail size-woocommerce_thumbnail\" alt=\"Las exportaciones de naranjas egipcias a Canad\u00e1 alcanzan un r\u00e9cord en 2025\" srcset=\"https:\/\/peitrade.com\/wp-content\/uploads\/2025\/11\/Egyptian-Oranges-300x300.webp 300w, https:\/\/peitrade.com\/wp-content\/uploads\/2025\/11\/Egyptian-Oranges-150x150.webp 150w, https:\/\/peitrade.com\/wp-content\/uploads\/2025\/11\/Egyptian-Oranges-768x768.webp 768w, https:\/\/peitrade.com\/wp-content\/uploads\/2025\/11\/Egyptian-Oranges-600x600.webp 600w, https:\/\/peitrade.com\/wp-content\/uploads\/2025\/11\/Egyptian-Oranges-100x100.webp 100w, https:\/\/peitrade.com\/wp-content\/uploads\/2025\/11\/Egyptian-Oranges.webp 1024w\" sizes=\"(max-width: 300px) 100vw, 300px\" title=\"\"><h2 class=\"woocommerce-loop-product__title\">Naranjas<\/h2>\n<\/a><a href=\"https:\/\/peitrade.com\/es\/product\/naranjas\/\" aria-describedby=\"woocommerce_loop_add_to_cart_link_describedby_7443\" data-quantity=\"1\" class=\"button product_type_simple\" data-product_id=\"7443\" data-product_sku=\"80510\" aria-label=\"Lee m\u00e1s sobre &ldquo;Naranjas&rdquo;\" rel=\"nofollow\" data-success_message=\"\">Leer m\u00e1s<\/a>\t<span id=\"woocommerce_loop_add_to_cart_link_describedby_7443\" class=\"screen-reader-text\">\n\t\t\t<\/span>\n<\/li>\n<\/ul>\n<\/div><\/div>\n<section style=\"padding: 50px 20px;\">\n<div class=\"container\">\n<h2>\u00bfPor Qu\u00e9 Elegir D\u00e1tiles de PEI Trade?<\/h2>\n<p><span style=\"font-weight: 400;\">Como expertos <b>exportadores de d\u00e1tiles<\/b>, PEI Trade ofrece beneficios incomparables:<\/span><\/p>\n<ul>\n<li style=\"font-weight: 400;\">Amplia selecci\u00f3n de d\u00e1tiles secos, semisecos y blandos<\/li>\n<li style=\"font-weight: 400;\">Abastecimiento directo de los mejores palmerales de Egipto<\/li>\n<li style=\"font-weight: 400;\">Alto nivel de Brix y dulzura natural<\/li>\n<li style=\"font-weight: 400;\">Clasificados y limpiados a mano para calidad de exportaci\u00f3n<\/li>\n<li style=\"font-weight: 400;\">Empaque personalizado y etiquetado privado<\/li>\n<\/ul>\n<p><span style=\"font-weight: 400;\">Nuestros d\u00e1tiles est\u00e1n libres de aditivos y conservantes, cumpliendo con la demanda de productos alimenticios limpios y trazables.<\/span><\/p>\n<h2>Manejo y Log\u00edstica para la Exportaci\u00f3n de D\u00e1tiles Egipcios<\/h2>\n<p><span style=\"font-weight: 400;\">Como profesionales <b>exportadores de d\u00e1tiles<\/b>, PEI Trade ofrece soluciones confiables postcosecha, incluyendo:<\/span><\/p>\n<ul>\n<li style=\"font-weight: 400;\">Almacenamiento en fr\u00edo para conservar sabor y vida \u00fatil<\/li>\n<li style=\"font-weight: 400;\">Limpieza, deshuesado y clasificaci\u00f3n automatizada<\/li>\n<li style=\"font-weight: 400;\">Opciones de empaque al vac\u00edo o tipo almohada<\/li>\n<li style=\"font-weight: 400;\">C\u00f3digos de barras, marcas y etiquetas personalizadas<\/li>\n<\/ul>\n<p><span style=\"font-weight: 400;\">Nos aseguramos de que nuestros <b>d\u00e1tiles de exportaci\u00f3n<\/b> cumplan certificaciones como Global GAP, ISO y HACCP.<\/span><\/p>\n<h2>Temporada de Cosecha de D\u00e1tiles Egipcios<\/h2>\n<p><span style=\"font-weight: 400;\">La temporada de cosecha de los d\u00e1tiles egipcios va de <\/span><b>septiembre a diciembre<\/b><span style=\"font-weight: 400;\">, con variedades tempranas como Zaghloul madurando en agosto. PEI Trade ofrece suministro durante todo el a\u00f1o desde stock refrigerado para compradores globales.<\/span><\/p>\n<p><span style=\"font-weight: 400;\">Opciones de reserva anticipada y plazos de env\u00edo flexibles disponibles.<\/span><\/p>\n<h3>Usos de los D\u00e1tiles Exportados<\/h3>\n<p><span style=\"font-weight: 400;\">Los d\u00e1tiles egipcios de PEI Trade son ideales para:<\/span><\/p>\n<ul>\n<li style=\"font-weight: 400;\"><b>Venta minorista<\/b>: Empacados al vac\u00edo o en caja para estanter\u00edas<\/li>\n<li style=\"font-weight: 400;\"><b>Industria<\/b>: Usados en barras energ\u00e9ticas, jarabes y confiter\u00eda<\/li>\n<li style=\"font-weight: 400;\"><b>Sector gastron\u00f3mico<\/b>: Suministrados a granel a hoteles, caterings y cocinas<\/li>\n<li style=\"font-weight: 400;\"><b>Mayoristas<\/b>: Cargas mixtas o clasificadas para mercados internacionales<\/li>\n<\/ul>\n<h3>Principales Destinos de Exportaci\u00f3n<\/h3>\n<p><span style=\"font-weight: 400;\">Como expertos <b>exportadores de d\u00e1tiles<\/b>, PEI Trade abastece a los siguientes mercados:<\/span><\/p>\n<ul>\n<li style=\"font-weight: 400;\">Pa\u00edses del Golfo: Arabia Saudita, EAU, Bahr\u00e9in y Kuwait<\/li>\n<li style=\"font-weight: 400;\">Europa: Francia, Reino Unido, Pa\u00edses Bajos y Alemania<\/li>\n<li style=\"font-weight: 400;\">\u00c1frica del Norte y \u00c1frica Subsahariana<\/li>\n<li style=\"font-weight: 400;\">Regiones de Asia-Pac\u00edfico<\/li>\n<\/ul>\n<p><span style=\"font-weight: 400;\">Ofrecemos env\u00edos en contenedor completo o carga mixta con trazabilidad y garant\u00eda de calidad.<\/span><\/p>\n<h2>M\u00e1s Productos Agr\u00edcolas de PEI Trade<\/h2>\n<p><span style=\"font-weight: 400;\">Adem\u00e1s de ser l\u00edderes <b>exportadores de d\u00e1tiles<\/b>, tambi\u00e9n ofrecemos:<\/span><\/p>\n<ul>\n<li style=\"font-weight: 400;\"><b>Granadas<\/b>: Arilos dulces y piel gruesa para exportaci\u00f3n<\/li>\n<li style=\"font-weight: 400;\"><b>Uvas<\/b>: Uvas de mesa sin semillas con larga vida \u00fatil<\/li>\n<li style=\"font-weight: 400;\"><b>Naranjas<\/b>: Tipos Navel y Valencia para jugo y consumo<\/li>\n<\/ul>\n<p><span style=\"font-weight: 400;\">Opciones flexibles de empaque y coordinaci\u00f3n log\u00edstica disponibles para toda la gama de productos.<\/span><\/p>\n<h2><b>Soluciones de Empaque<\/b><\/h2>\n<p><span style=\"font-weight: 400;\">Nuestros d\u00e1tiles de calidad de exportaci\u00f3n se empacan para garantizar su integridad:<\/span><\/p>\n<ul>\n<li style=\"font-weight: 400;\">Bandejas pl\u00e1sticas, empaques al vac\u00edo o cajas de cart\u00f3n<\/li>\n<li style=\"font-weight: 400;\">Formatos de 1kg a 10kg con etiquetado exterior<\/li>\n<li style=\"font-weight: 400;\">Etiquetado conforme a normativas de exportaci\u00f3n (UE, Golfo, Asia)<\/li>\n<li style=\"font-weight: 400;\">Opciones de marca privada bajo pedido<\/li>\n<\/ul>\n<p><span style=\"font-weight: 400;\">Los formatos de empaque se prueban para garantizar durabilidad y cumplimiento antes del env\u00edo.<\/span><\/p>\n<\/div>\n<\/section>\n<section style=\"padding: 50px 20px; background-color: #f0f0f0;\">\n<div class=\"container\">\n<h2>As\u00f3ciese con PEI Trade \u2013 Exportadores de D\u00e1tiles de Confianza en Egipto<\/h2>\n<p>Si busca <b>exportadores de d\u00e1tiles<\/b> confiables, PEI Trade ofrece calidad constante, manejo preciso y cobertura log\u00edstica global.<\/p>\n<p>Nuestro equipo experto respalda su cadena de suministro con planificaci\u00f3n proactiva, abastecimiento trazable y certificaci\u00f3n lista para exportaci\u00f3n.<\/p>\n<h2>Solicite Precios o Reserve su Env\u00edo de D\u00e1tiles<\/h2>\n<p>Cont\u00e1ctenos ahora para solicitar precios, especificaciones de exportaci\u00f3n u ofertas de temporada. Respondemos con rapidez y enviamos a todo el mundo.<\/p>\n<p style=\"text-align: center; margin-top: 40px;\"><a class=\"button primary large\" href=\"\/contact\">Hacer Pedido<\/a><\/p>\n<\/div>\n<\/section>\n<section style=\"padding: 50px 20px;\">\n<div class=\"container\">\n<h2>M\u00e1s del Portafolio de Exportaci\u00f3n de PEI Trade<\/h2>\n<p>&nbsp;<\/p>\n<p>PEI Trade tambi\u00e9n exporta cebollas, papas, c\u00edtricos y vegetales frescos egipcios. <a href=\"\/about\">Descubra nuestra lista completa de productos<\/a>.<\/p>\n<div class=\"wp-block-woocommerce-product-collection\"><div class=\"woocommerce columns-4 \"><ul class=\"products columns-4\" data-products=\"type-2\">\n<li class=\"product type-product post-7665 status-publish first instock product_cat-fruits has-post-thumbnail shipping-taxable product-type-simple\">\n\t<a href=\"https:\/\/peitrade.com\/es\/product\/fresas\/\" class=\"woocommerce-LoopProduct-link woocommerce-loop-product__link\"><img decoding=\"async\" width=\"300\" height=\"300\" src=\"https:\/\/peitrade.com\/wp-content\/uploads\/2025\/11\/Egyptian-Strawberries-300x300.webp\" class=\"attachment-woocommerce_thumbnail size-woocommerce_thumbnail\" alt=\"Fresas\" srcset=\"https:\/\/peitrade.com\/wp-content\/uploads\/2025\/11\/Egyptian-Strawberries-300x300.webp 300w, https:\/\/peitrade.com\/wp-content\/uploads\/2025\/11\/Egyptian-Strawberries-150x150.webp 150w, https:\/\/peitrade.com\/wp-content\/uploads\/2025\/11\/Egyptian-Strawberries-768x768.webp 768w, https:\/\/peitrade.com\/wp-content\/uploads\/2025\/11\/Egyptian-Strawberries-600x600.webp 600w, https:\/\/peitrade.com\/wp-content\/uploads\/2025\/11\/Egyptian-Strawberries-100x100.webp 100w, https:\/\/peitrade.com\/wp-content\/uploads\/2025\/11\/Egyptian-Strawberries.webp 1024w\" sizes=\"(max-width: 300px) 100vw, 300px\" title=\"\"><h2 class=\"woocommerce-loop-product__title\">Fresas<\/h2>\n<\/a><a href=\"https:\/\/peitrade.com\/es\/product\/fresas\/\" aria-describedby=\"woocommerce_loop_add_to_cart_link_describedby_7665\" data-quantity=\"1\" class=\"button product_type_simple\" data-product_id=\"7665\" data-product_sku=\"81010\" aria-label=\"Lee m\u00e1s sobre &ldquo;Fresas&rdquo;\" rel=\"nofollow\" data-success_message=\"\">Leer m\u00e1s<\/a>\t<span id=\"woocommerce_loop_add_to_cart_link_describedby_7665\" class=\"screen-reader-text\">\n\t\t\t<\/span>\n<\/li>\n<li class=\"product type-product post-7537 status-publish instock product_cat-in-season product_cat-fruits has-post-thumbnail shipping-taxable product-type-simple\">\n\t<a href=\"https:\/\/peitrade.com\/es\/product\/limones\/\" class=\"woocommerce-LoopProduct-link woocommerce-loop-product__link\"><img decoding=\"async\" width=\"300\" height=\"300\" src=\"https:\/\/peitrade.com\/wp-content\/uploads\/2025\/11\/Egyptian-Lemons-300x300.webp\" class=\"attachment-woocommerce_thumbnail size-woocommerce_thumbnail\" alt=\"Limones\" srcset=\"https:\/\/peitrade.com\/wp-content\/uploads\/2025\/11\/Egyptian-Lemons-300x300.webp 300w, https:\/\/peitrade.com\/wp-content\/uploads\/2025\/11\/Egyptian-Lemons-150x150.webp 150w, https:\/\/peitrade.com\/wp-content\/uploads\/2025\/11\/Egyptian-Lemons-768x768.webp 768w, https:\/\/peitrade.com\/wp-content\/uploads\/2025\/11\/Egyptian-Lemons-600x600.webp 600w, https:\/\/peitrade.com\/wp-content\/uploads\/2025\/11\/Egyptian-Lemons-100x100.webp 100w, https:\/\/peitrade.com\/wp-content\/uploads\/2025\/11\/Egyptian-Lemons.webp 1024w\" sizes=\"(max-width: 300px) 100vw, 300px\" title=\"\"><h2 class=\"woocommerce-loop-product__title\">Limones<\/h2>\n<\/a><a href=\"https:\/\/peitrade.com\/es\/product\/limones\/\" aria-describedby=\"woocommerce_loop_add_to_cart_link_describedby_7537\" data-quantity=\"1\" class=\"button product_type_simple\" data-product_id=\"7537\" data-product_sku=\"80550\" aria-label=\"Lee m\u00e1s sobre &ldquo;Limones&rdquo;\" rel=\"nofollow\" data-success_message=\"\">Leer m\u00e1s<\/a>\t<span id=\"woocommerce_loop_add_to_cart_link_describedby_7537\" class=\"screen-reader-text\">\n\t\t\t<\/span>\n<\/li>\n<li class=\"product type-product post-7644 status-publish instock product_cat-fruits has-post-thumbnail shipping-taxable product-type-simple\">\n\t<a href=\"https:\/\/peitrade.com\/es\/product\/mango\/\" class=\"woocommerce-LoopProduct-link woocommerce-loop-product__link\"><img decoding=\"async\" width=\"300\" height=\"300\" src=\"https:\/\/peitrade.com\/wp-content\/uploads\/2025\/11\/Egyption-Mango-300x300.webp\" class=\"attachment-woocommerce_thumbnail size-woocommerce_thumbnail\" alt=\"Mangoes: Egypt\u2019s Tropical Treasure\" srcset=\"https:\/\/peitrade.com\/wp-content\/uploads\/2025\/11\/Egyption-Mango-300x300.webp 300w, https:\/\/peitrade.com\/wp-content\/uploads\/2025\/11\/Egyption-Mango-150x150.webp 150w, https:\/\/peitrade.com\/wp-content\/uploads\/2025\/11\/Egyption-Mango-768x768.webp 768w, https:\/\/peitrade.com\/wp-content\/uploads\/2025\/11\/Egyption-Mango-600x600.webp 600w, https:\/\/peitrade.com\/wp-content\/uploads\/2025\/11\/Egyption-Mango-100x100.webp 100w, https:\/\/peitrade.com\/wp-content\/uploads\/2025\/11\/Egyption-Mango.webp 1024w\" sizes=\"(max-width: 300px) 100vw, 300px\" title=\"\"><h2 class=\"woocommerce-loop-product__title\">Mango<\/h2>\n<\/a><a href=\"https:\/\/peitrade.com\/es\/product\/mango\/\" aria-describedby=\"woocommerce_loop_add_to_cart_link_describedby_7644\" data-quantity=\"1\" class=\"button product_type_simple\" data-product_id=\"7644\" data-product_sku=\"80450\" aria-label=\"Lee m\u00e1s sobre &ldquo;Mango&rdquo;\" rel=\"nofollow\" data-success_message=\"\">Leer m\u00e1s<\/a>\t<span id=\"woocommerce_loop_add_to_cart_link_describedby_7644\" class=\"screen-reader-text\">\n\t\t\t<\/span>\n<\/li>\n<li class=\"product type-product post-7443 status-publish last instock product_cat-in-season product_cat-fruits has-post-thumbnail shipping-taxable product-type-simple\">\n\t<a href=\"https:\/\/peitrade.com\/es\/product\/naranjas\/\" class=\"woocommerce-LoopProduct-link woocommerce-loop-product__link\"><img decoding=\"async\" width=\"300\" height=\"300\" src=\"https:\/\/peitrade.com\/wp-content\/uploads\/2025\/11\/Egyptian-Oranges-300x300.webp\" class=\"attachment-woocommerce_thumbnail size-woocommerce_thumbnail\" alt=\"Las exportaciones de naranjas egipcias a Canad\u00e1 alcanzan un r\u00e9cord en 2025\" srcset=\"https:\/\/peitrade.com\/wp-content\/uploads\/2025\/11\/Egyptian-Oranges-300x300.webp 300w, https:\/\/peitrade.com\/wp-content\/uploads\/2025\/11\/Egyptian-Oranges-150x150.webp 150w, https:\/\/peitrade.com\/wp-content\/uploads\/2025\/11\/Egyptian-Oranges-768x768.webp 768w, https:\/\/peitrade.com\/wp-content\/uploads\/2025\/11\/Egyptian-Oranges-600x600.webp 600w, https:\/\/peitrade.com\/wp-content\/uploads\/2025\/11\/Egyptian-Oranges-100x100.webp 100w, https:\/\/peitrade.com\/wp-content\/uploads\/2025\/11\/Egyptian-Oranges.webp 1024w\" sizes=\"(max-width: 300px) 100vw, 300px\" title=\"\"><h2 class=\"woocommerce-loop-product__title\">Naranjas<\/h2>\n<\/a><a href=\"https:\/\/peitrade.com\/es\/product\/naranjas\/\" aria-describedby=\"woocommerce_loop_add_to_cart_link_describedby_7443\" data-quantity=\"1\" class=\"button product_type_simple\" data-product_id=\"7443\" data-product_sku=\"80510\" aria-label=\"Lee m\u00e1s sobre &ldquo;Naranjas&rdquo;\" rel=\"nofollow\" data-success_message=\"\">Leer m\u00e1s<\/a>\t<span id=\"woocommerce_loop_add_to_cart_link_describedby_7443\" class=\"screen-reader-text\">\n\t\t\t<\/span>\n<\/li>\n<\/ul>\n<\/div><\/div>\n<\/div>\n<\/section>\n<section style=\"padding: 50px 20px; background-color: #f9f9f9;\">\n<div class=\"container\">\n<h2>Preguntas Frecuentes<\/h2>\n<h3>\u00bfCu\u00e1ndo es la temporada de cosecha de los d\u00e1tiles egipcios?<\/h3>\n<p>La cosecha comienza en agosto y se extiende hasta diciembre, seg\u00fan la variedad y la regi\u00f3n.<\/p>\n<h3>\u00bfQu\u00e9 tipos de d\u00e1tiles exportan?<\/h3>\n<p>Suministramos d\u00e1tiles Siwa, Zaghloul, Hayany, Saidi y Deglet Noor en diversos tama\u00f1os y calidades.<\/p>\n<h3>\u00bfPueden proporcionar empaques al vac\u00edo o listos para retail?<\/h3>\n<p>S\u00ed, nuestros d\u00e1tiles pueden empacarse al vac\u00edo o en cajas con etiquetado privado si se requiere.<\/p>\n<h3>\u00bfOfrecen variedades mixtas en un mismo contenedor?<\/h3>\n<p>S\u00ed, los compradores pueden solicitar cargas mixtas seg\u00fan necesidades de importaci\u00f3n o venta.<\/p>\n<\/div>\n<\/section>\n","protected":false},"excerpt":{"rendered":"<p>Principales Exportadores de D\u00e1tiles de Egipto \u2013 Calidad Premium por PEI Trade &nbsp; PEI Trade es uno de los principales exportadores de d\u00e1tiles en Egipto, ofreciendo d\u00e1tiles de calidad premium cultivados en el f\u00e9rtil Valle del Nilo bajo condiciones naturales \u00f3ptimas. Nuestros d\u00e1tiles para exportaci\u00f3n se maduran al sol, se seleccionan cuidadosamente y se procesan [&hellip;]<\/p>\n","protected":false},"author":1,"featured_media":0,"parent":0,"menu_order":0,"comment_status":"closed","ping_status":"closed","template":"","meta":{"footnotes":""},"class_list":["post-6042","page","type-page","status-publish","hentry"],"blocksy_meta":[],"mb":[],"featured_image_urls_v2":{"full":"","thumbnail":"","medium":"","medium_large":"","large":"","1536x1536":"","2048x2048":"","woocommerce_archive_thumbnail":"","woocommerce_thumbnail":"","woocommerce_single":"","woocommerce_gallery_thumbnail":""},"post_excerpt_stackable_v2":"<p>Principales Exportadores de D\u00e1tiles de Egipto \u2013 Calidad Premium por PEI Trade &nbsp; PEI Trade es uno de los principales exportadores de d\u00e1tiles en Egipto, ofreciendo d\u00e1tiles de calidad premium cultivados en el f\u00e9rtil Valle del Nilo bajo condiciones naturales \u00f3ptimas. Nuestros d\u00e1tiles para exportaci\u00f3n se maduran al sol, se seleccionan cuidadosamente y se procesan conforme a normas internacionales de higiene y seguridad para satisfacer los requisitos del mercado global. Como confiables exportadores de d\u00e1tiles egipcios, nos especializamos en suministrar cantidades al por mayor de variedades solicitadas como d\u00e1tiles de Siwa, Zaghloul, Hayany y d\u00e1tiles semisecos como Saidi y Deglet&hellip;<\/p>\n","category_list_v2":"","author_info_v2":{"name":"Mostafa Sabry","url":"https:\/\/peitrade.com\/es\/author\/emostafaadel_jn8gcqbo\/"},"comments_num_v2":"0 comentarios","mfb_rest_fields":["title","blocksy_meta","featured_image_urls_v2","post_excerpt_stackable_v2","category_list_v2","author_info_v2","comments_num_v2"],"_links":{"self":[{"href":"https:\/\/peitrade.com\/es\/wp-json\/wp\/v2\/pages\/6042","targetHints":{"allow":["GET"]}}],"collection":[{"href":"https:\/\/peitrade.com\/es\/wp-json\/wp\/v2\/pages"}],"about":[{"href":"https:\/\/peitrade.com\/es\/wp-json\/wp\/v2\/types\/page"}],"author":[{"embeddable":true,"href":"https:\/\/peitrade.com\/es\/wp-json\/wp\/v2\/users\/1"}],"replies":[{"embeddable":true,"href":"https:\/\/peitrade.com\/es\/wp-json\/wp\/v2\/comments?post=6042"}],"version-history":[{"count":1,"href":"https:\/\/peitrade.com\/es\/wp-json\/wp\/v2\/pages\/6042\/revisions"}],"predecessor-version":[{"id":6043,"href":"https:\/\/peitrade.com\/es\/wp-json\/wp\/v2\/pages\/6042\/revisions\/6043"}],"wp:attachment":[{"href":"https:\/\/peitrade.com\/es\/wp-json\/wp\/v2\/media?parent=6042"}],"curies":[{"name":"wp","href":"https:\/\/api.w.org\/{rel}","templated":true}]}}