{"id":6100,"date":"2025-06-17T13:37:55","date_gmt":"2025-06-17T13:37:55","guid":{"rendered":"http:\/\/46.224.74.15\/principales-exportadores-de-melones-de-egipto\/"},"modified":"2025-11-19T16:47:46","modified_gmt":"2025-11-19T16:47:46","slug":"principales-exportadores-de-melones-de-egipto","status":"publish","type":"page","link":"https:\/\/peitrade.com\/es\/principales-exportadores-de-melones-de-egipto\/","title":{"rendered":"Principales exportadores de melones de Egipto \u2013 PEI Trade"},"content":{"rendered":"<section style=\"padding: 60px 20px; background-color: #f9f9f9;\">\n<div class=\"container\">\n<p>PEI Trade se destaca entre los <b>exportadores de melones cantalupo<\/b>, ofreciendo melones egipcios de primera calidad cultivados bajo condiciones mediterr\u00e1neas \u00f3ptimas. Nos especializamos en suministrar productos agr\u00edcolas de alta calidad a mercados globales con total transparencia y un servicio excelente.<\/p>\n<p>Como <b>proveedores l\u00edderes de cantalupos<\/b>, ofrecemos <b>melones cantalupo al por mayor<\/b> a <b>precios competitivos de cantalupo por mayoreo<\/b>, satisfaciendo las necesidades de supermercados, procesadores de alimentos y distribuidores. Nuestra reputaci\u00f3n como <b>proveedor confiable de cantalupo en Egipto<\/b> se basa en calidad constante, log\u00edstica adaptada y soluciones centradas en el cliente.<\/p>\n<\/div>\n<\/section>\n<div class=\"wp-block-woocommerce-product-collection\"><div class=\"woocommerce columns-4 \"><ul class=\"products columns-4\" data-products=\"type-2\">\n<li class=\"product type-product post-7665 status-publish first instock product_cat-fruits has-post-thumbnail shipping-taxable product-type-simple\">\n\t<a href=\"https:\/\/peitrade.com\/es\/product\/fresas\/\" class=\"woocommerce-LoopProduct-link woocommerce-loop-product__link\"><img decoding=\"async\" width=\"300\" height=\"300\" src=\"https:\/\/peitrade.com\/wp-content\/uploads\/2025\/11\/Egyptian-Strawberries-300x300.webp\" class=\"attachment-woocommerce_thumbnail size-woocommerce_thumbnail\" alt=\"Fresas\" srcset=\"https:\/\/peitrade.com\/wp-content\/uploads\/2025\/11\/Egyptian-Strawberries-300x300.webp 300w, https:\/\/peitrade.com\/wp-content\/uploads\/2025\/11\/Egyptian-Strawberries-150x150.webp 150w, https:\/\/peitrade.com\/wp-content\/uploads\/2025\/11\/Egyptian-Strawberries-768x768.webp 768w, https:\/\/peitrade.com\/wp-content\/uploads\/2025\/11\/Egyptian-Strawberries-600x600.webp 600w, https:\/\/peitrade.com\/wp-content\/uploads\/2025\/11\/Egyptian-Strawberries-100x100.webp 100w, https:\/\/peitrade.com\/wp-content\/uploads\/2025\/11\/Egyptian-Strawberries.webp 1024w\" sizes=\"(max-width: 300px) 100vw, 300px\" title=\"\"><h2 class=\"woocommerce-loop-product__title\">Fresas<\/h2>\n<\/a><a href=\"https:\/\/peitrade.com\/es\/product\/fresas\/\" aria-describedby=\"woocommerce_loop_add_to_cart_link_describedby_7665\" data-quantity=\"1\" class=\"button product_type_simple\" data-product_id=\"7665\" data-product_sku=\"81010\" aria-label=\"Lee m\u00e1s sobre &ldquo;Fresas&rdquo;\" rel=\"nofollow\" data-success_message=\"\">Leer m\u00e1s<\/a>\t<span id=\"woocommerce_loop_add_to_cart_link_describedby_7665\" class=\"screen-reader-text\">\n\t\t\t<\/span>\n<\/li>\n<li class=\"product type-product post-7537 status-publish instock product_cat-in-season product_cat-fruits has-post-thumbnail shipping-taxable product-type-simple\">\n\t<a href=\"https:\/\/peitrade.com\/es\/product\/limones\/\" class=\"woocommerce-LoopProduct-link woocommerce-loop-product__link\"><img decoding=\"async\" width=\"300\" height=\"300\" src=\"https:\/\/peitrade.com\/wp-content\/uploads\/2025\/11\/Egyptian-Lemons-300x300.webp\" class=\"attachment-woocommerce_thumbnail size-woocommerce_thumbnail\" alt=\"Limones\" srcset=\"https:\/\/peitrade.com\/wp-content\/uploads\/2025\/11\/Egyptian-Lemons-300x300.webp 300w, https:\/\/peitrade.com\/wp-content\/uploads\/2025\/11\/Egyptian-Lemons-150x150.webp 150w, https:\/\/peitrade.com\/wp-content\/uploads\/2025\/11\/Egyptian-Lemons-768x768.webp 768w, https:\/\/peitrade.com\/wp-content\/uploads\/2025\/11\/Egyptian-Lemons-600x600.webp 600w, https:\/\/peitrade.com\/wp-content\/uploads\/2025\/11\/Egyptian-Lemons-100x100.webp 100w, https:\/\/peitrade.com\/wp-content\/uploads\/2025\/11\/Egyptian-Lemons.webp 1024w\" sizes=\"(max-width: 300px) 100vw, 300px\" title=\"\"><h2 class=\"woocommerce-loop-product__title\">Limones<\/h2>\n<\/a><a href=\"https:\/\/peitrade.com\/es\/product\/limones\/\" aria-describedby=\"woocommerce_loop_add_to_cart_link_describedby_7537\" data-quantity=\"1\" class=\"button product_type_simple\" data-product_id=\"7537\" data-product_sku=\"80550\" aria-label=\"Lee m\u00e1s sobre &ldquo;Limones&rdquo;\" rel=\"nofollow\" data-success_message=\"\">Leer m\u00e1s<\/a>\t<span id=\"woocommerce_loop_add_to_cart_link_describedby_7537\" class=\"screen-reader-text\">\n\t\t\t<\/span>\n<\/li>\n<li class=\"product type-product post-7644 status-publish instock product_cat-fruits has-post-thumbnail shipping-taxable product-type-simple\">\n\t<a href=\"https:\/\/peitrade.com\/es\/product\/mango\/\" class=\"woocommerce-LoopProduct-link woocommerce-loop-product__link\"><img decoding=\"async\" width=\"300\" height=\"300\" src=\"https:\/\/peitrade.com\/wp-content\/uploads\/2025\/11\/Egyption-Mango-300x300.webp\" class=\"attachment-woocommerce_thumbnail size-woocommerce_thumbnail\" alt=\"Mangoes: Egypt\u2019s Tropical Treasure\" srcset=\"https:\/\/peitrade.com\/wp-content\/uploads\/2025\/11\/Egyption-Mango-300x300.webp 300w, https:\/\/peitrade.com\/wp-content\/uploads\/2025\/11\/Egyption-Mango-150x150.webp 150w, https:\/\/peitrade.com\/wp-content\/uploads\/2025\/11\/Egyption-Mango-768x768.webp 768w, https:\/\/peitrade.com\/wp-content\/uploads\/2025\/11\/Egyption-Mango-600x600.webp 600w, https:\/\/peitrade.com\/wp-content\/uploads\/2025\/11\/Egyption-Mango-100x100.webp 100w, https:\/\/peitrade.com\/wp-content\/uploads\/2025\/11\/Egyption-Mango.webp 1024w\" sizes=\"(max-width: 300px) 100vw, 300px\" title=\"\"><h2 class=\"woocommerce-loop-product__title\">Mango<\/h2>\n<\/a><a href=\"https:\/\/peitrade.com\/es\/product\/mango\/\" aria-describedby=\"woocommerce_loop_add_to_cart_link_describedby_7644\" data-quantity=\"1\" class=\"button product_type_simple\" data-product_id=\"7644\" data-product_sku=\"80450\" aria-label=\"Lee m\u00e1s sobre &ldquo;Mango&rdquo;\" rel=\"nofollow\" data-success_message=\"\">Leer m\u00e1s<\/a>\t<span id=\"woocommerce_loop_add_to_cart_link_describedby_7644\" class=\"screen-reader-text\">\n\t\t\t<\/span>\n<\/li>\n<li class=\"product type-product post-7443 status-publish last instock product_cat-in-season product_cat-fruits has-post-thumbnail shipping-taxable product-type-simple\">\n\t<a href=\"https:\/\/peitrade.com\/es\/product\/naranjas\/\" class=\"woocommerce-LoopProduct-link woocommerce-loop-product__link\"><img decoding=\"async\" width=\"300\" height=\"300\" src=\"https:\/\/peitrade.com\/wp-content\/uploads\/2025\/11\/Egyptian-Oranges-300x300.webp\" class=\"attachment-woocommerce_thumbnail size-woocommerce_thumbnail\" alt=\"Las exportaciones de naranjas egipcias a Canad\u00e1 alcanzan un r\u00e9cord en 2025\" srcset=\"https:\/\/peitrade.com\/wp-content\/uploads\/2025\/11\/Egyptian-Oranges-300x300.webp 300w, https:\/\/peitrade.com\/wp-content\/uploads\/2025\/11\/Egyptian-Oranges-150x150.webp 150w, https:\/\/peitrade.com\/wp-content\/uploads\/2025\/11\/Egyptian-Oranges-768x768.webp 768w, https:\/\/peitrade.com\/wp-content\/uploads\/2025\/11\/Egyptian-Oranges-600x600.webp 600w, https:\/\/peitrade.com\/wp-content\/uploads\/2025\/11\/Egyptian-Oranges-100x100.webp 100w, https:\/\/peitrade.com\/wp-content\/uploads\/2025\/11\/Egyptian-Oranges.webp 1024w\" sizes=\"(max-width: 300px) 100vw, 300px\" title=\"\"><h2 class=\"woocommerce-loop-product__title\">Naranjas<\/h2>\n<\/a><a href=\"https:\/\/peitrade.com\/es\/product\/naranjas\/\" aria-describedby=\"woocommerce_loop_add_to_cart_link_describedby_7443\" data-quantity=\"1\" class=\"button product_type_simple\" data-product_id=\"7443\" data-product_sku=\"80510\" aria-label=\"Lee m\u00e1s sobre &ldquo;Naranjas&rdquo;\" rel=\"nofollow\" data-success_message=\"\">Leer m\u00e1s<\/a>\t<span id=\"woocommerce_loop_add_to_cart_link_describedby_7443\" class=\"screen-reader-text\">\n\t\t\t<\/span>\n<\/li>\n<\/ul>\n<\/div><\/div>\n<section style=\"padding: 50px 20px;\">\n<div class=\"container\">\n<h2>\u00bfPor qu\u00e9 elegir a PEI Trade como tu socioexportadores de melones?<\/h2>\n<p><span style=\"font-weight: 400;\">Nuestros cantalupos egipcios son reconocidos mundialmente por su:<\/span><\/p>\n<ul>\n<li style=\"font-weight: 400;\">Sabor dulce y arom\u00e1tico con textura firme<\/li>\n<li style=\"font-weight: 400;\">Forma y tama\u00f1o uniformes\u2014ideales para retail y foodservice<\/li>\n<li style=\"font-weight: 400;\">Larga vida \u00fatil gracias a una cosecha y enfriamiento meticulosos<\/li>\n<li style=\"font-weight: 400;\">Baja p\u00e9rdida de agua durante el transporte\u2014perfecto para exportaci\u00f3n<\/li>\n<li style=\"font-weight: 400;\">Cumplimiento total con normativas de seguridad alimentaria de la UE y el Golfo<\/li>\n<\/ul>\n<p><span style=\"font-weight: 400;\">Mantenemos relaciones directas con fincas de confianza, lo que nos permite supervisar la calidad desde la semilla hasta el env\u00edo como <b>proveedores confiables de cantalupo de Egipto<\/b>.<\/span><\/p>\n<h2>Nuestro proceso de exportaci\u00f3n \u2013 De la finca al embarque<\/h2>\n<p><span style=\"font-weight: 400;\">Nuestro proceso garantiza que cada mel\u00f3n exportado llegue fresco y listo para el mercado. As\u00ed funciona:<\/span><\/p>\n<ul>\n<li style=\"font-weight: 400;\">Cosecha precisa en el punto ideal de maduraci\u00f3n<\/li>\n<li style=\"font-weight: 400;\">Clasificaci\u00f3n y selecci\u00f3n para lograr uniformidad<\/li>\n<li style=\"font-weight: 400;\">Hidro-enfriamiento para preservar la frescura<\/li>\n<li style=\"font-weight: 400;\">Embalaje ventilado para minimizar magulladuras<\/li>\n<li style=\"font-weight: 400;\">Documentaci\u00f3n completa para una r\u00e1pida liberaci\u00f3n aduanera<\/li>\n<\/ul>\n<p><span style=\"font-weight: 400;\">Nuestro equipo garantiza confiabilidad en cada paso, consolidando nuestro estatus como destacados <b>exportadores de cantalupos<\/b>.<\/span><\/p>\n<h2>Calendario de cosecha y disponibilidad global<\/h2>\n<p><span style=\"font-weight: 400;\">La cosecha de cantalupo en Egipto alcanza su punto m\u00e1ximo de <b>mayo a julio<\/b>, lo que nos convierte en un proveedor oportuno para satisfacer la demanda de verano en todo el mundo. Tambi\u00e9n ofrecemos suministro fuera de temporada gracias a nuestras instalaciones de almacenamiento en fr\u00edo.<\/span><\/p>\n<p style=\"font-weight: 400;\">Nuestros cronogramas de exportaci\u00f3n ayudan a los clientes a planificar promociones minoristas y reposici\u00f3n a granel con confianza.<\/p>\n<h3>Mercados que atendemos<\/h3>\n<p><span style=\"font-weight: 400;\">Como <b>proveedores experimentados de cantalupos<\/b>, atendemos a:<\/span><\/p>\n<ul>\n<li><b>Cadenas de supermercados:<\/b> Frutas premium listas para exhibir<\/li>\n<li><b>Procesadores de alimentos:<\/b> Ideales para cortar, hacer jugos y empaquetar<\/li>\n<li><b>Distribuidores mayoristas:<\/b> Vol\u00famenes flexibles para mercados globales<\/li>\n<li><b>Hoteles y catering:<\/b> Productos frescos y sabrosos para cocinas de alto nivel<\/li>\n<\/ul>\n<h3>Regiones de exportaci\u00f3n y alcance<\/h3>\n<p><span style=\"font-weight: 400;\">Exportamos cantalupos egipcios a:<\/span><\/p>\n<ul>\n<li>Regi\u00f3n del Golfo: EAU, Arabia Saudita, Kuwait, Catar<\/li>\n<li>Europa: Alemania, Pa\u00edses Bajos, Francia, Europa del Este<\/li>\n<li>Asia: Singapur, Malasia, India<\/li>\n<li>\u00c1frica: Kenia, Marruecos, Sud\u00e1frica<\/li>\n<\/ul>\n<p><span style=\"font-weight: 400;\">Ya sea que necesites contenedores completos o env\u00edos LCL, nuestras ofertas de <b>precios al por mayor de cantalupo<\/b> est\u00e1n dise\u00f1adas para cumplir tus metas de abastecimiento.<\/span><\/p>\n<h2>Soluciones de embalaje personalizadas<\/h2>\n<p><span style=\"font-weight: 400;\">Nuestras opciones de empaque incluyen:<\/span><\/p>\n<ul>\n<li>Cajas con melones envueltos individualmente o en red<\/li>\n<li>Cajas de 5 kg y 10 kg, personalizables con tu marca<\/li>\n<li>Empaques listos para retail en supermercados<\/li>\n<li>Cargas paletizadas con control de temperatura<\/li>\n<\/ul>\n<p><span style=\"font-weight: 400;\">Las etiquetas est\u00e1n disponibles en el idioma de tu mercado objetivo y el empaque cumple con las normativas regionales.<\/span><\/p>\n<\/div>\n<\/section>\n<section style=\"padding: 50px 20px; background-color: #f0f0f0;\">\n<div class=\"container\">\n<h2>As\u00f3ciate con PEI Trade \u2013 Tu exportador confiable de cantalupos<\/h2>\n<p>Si est\u00e1s buscando <b>melones cantalupo al por mayor<\/b> con calidad constante, disponibilidad estacional y precios competitivos, PEI Trade es tu <b>proveedor ideal de cantalupos de Egipto<\/b>.<\/p>\n<p>Combinamos experiencia agr\u00edcola con excelencia en exportaci\u00f3n para ofrecer valor y servicio incomparables.<\/p>\n<h2>Solicita una cotizaci\u00f3n o muestra<\/h2>\n<p>Contacta a nuestro equipo de exportaci\u00f3n para obtener el <b>precio m\u00e1s actualizado de cantalupo al por mayor<\/b>, discutir tus preferencias de env\u00edo o solicitar un env\u00edo de muestra.<\/p>\n<p style=\"text-align: center; margin-top: 40px;\"><a class=\"button primary large\" href=\"\/contact\">Solicitar Cotizaci\u00f3n<\/a><\/p>\n<\/div>\n<\/section>\n<section style=\"padding: 50px 20px;\">\n<div class=\"container\">\n<h2>Explora m\u00e1s productos frescos de exportaci\u00f3n desde Egipto<\/h2>\n<p>&nbsp;<\/p>\n<p>Adem\u00e1s de cantalupos, PEI Trade ofrece una amplia gama de productos agr\u00edcolas, incluidos frijoles blancos, papas, c\u00edtricos y uvas. Ampl\u00eda tu portafolio de frutas y hortalizas frescas con nuestras selecciones listas para exportar. <a href=\"\/about\">Conoce m\u00e1s sobre PEI Trade<\/a>.<\/p>\n<div class=\"wp-block-woocommerce-product-collection\"><div class=\"woocommerce columns-4 \"><ul class=\"products columns-4\" data-products=\"type-2\">\n<li class=\"product type-product post-7742 status-publish first instock product_cat-fruits has-post-thumbnail shipping-taxable product-type-simple\">\n\t<a href=\"https:\/\/peitrade.com\/es\/product\/granada\/\" class=\"woocommerce-LoopProduct-link woocommerce-loop-product__link\"><img decoding=\"async\" width=\"300\" height=\"300\" src=\"https:\/\/peitrade.com\/wp-content\/uploads\/2025\/11\/Egyptian-Pomegranate-300x300.webp\" class=\"attachment-woocommerce_thumbnail size-woocommerce_thumbnail\" alt=\"Pomegranates: The Superfruit Appeal\" srcset=\"https:\/\/peitrade.com\/wp-content\/uploads\/2025\/11\/Egyptian-Pomegranate-300x300.webp 300w, https:\/\/peitrade.com\/wp-content\/uploads\/2025\/11\/Egyptian-Pomegranate-150x150.webp 150w, https:\/\/peitrade.com\/wp-content\/uploads\/2025\/11\/Egyptian-Pomegranate-768x768.webp 768w, https:\/\/peitrade.com\/wp-content\/uploads\/2025\/11\/Egyptian-Pomegranate-600x600.webp 600w, https:\/\/peitrade.com\/wp-content\/uploads\/2025\/11\/Egyptian-Pomegranate-100x100.webp 100w, https:\/\/peitrade.com\/wp-content\/uploads\/2025\/11\/Egyptian-Pomegranate.webp 1024w\" sizes=\"(max-width: 300px) 100vw, 300px\" title=\"\"><h2 class=\"woocommerce-loop-product__title\">Granada<\/h2>\n<\/a><a href=\"https:\/\/peitrade.com\/es\/product\/granada\/\" aria-describedby=\"woocommerce_loop_add_to_cart_link_describedby_7742\" data-quantity=\"1\" class=\"button product_type_simple\" data-product_id=\"7742\" data-product_sku=\"81090\" aria-label=\"Lee m\u00e1s sobre &ldquo;Granada&rdquo;\" rel=\"nofollow\" data-success_message=\"\">Leer m\u00e1s<\/a>\t<span id=\"woocommerce_loop_add_to_cart_link_describedby_7742\" class=\"screen-reader-text\">\n\t\t\t<\/span>\n<\/li>\n<li class=\"product type-product post-7577 status-publish instock product_cat-in-season product_cat-fruits has-post-thumbnail shipping-taxable product-type-simple\">\n\t<a href=\"https:\/\/peitrade.com\/es\/product\/guayaba\/\" class=\"woocommerce-LoopProduct-link woocommerce-loop-product__link\"><img decoding=\"async\" width=\"300\" height=\"300\" src=\"https:\/\/peitrade.com\/wp-content\/uploads\/2025\/11\/Egyptian-Guava-300x300.webp\" class=\"attachment-woocommerce_thumbnail size-woocommerce_thumbnail\" alt=\"Egyptian Guava\" srcset=\"https:\/\/peitrade.com\/wp-content\/uploads\/2025\/11\/Egyptian-Guava-300x300.webp 300w, https:\/\/peitrade.com\/wp-content\/uploads\/2025\/11\/Egyptian-Guava-150x150.webp 150w, https:\/\/peitrade.com\/wp-content\/uploads\/2025\/11\/Egyptian-Guava-768x768.webp 768w, https:\/\/peitrade.com\/wp-content\/uploads\/2025\/11\/Egyptian-Guava-600x600.webp 600w, https:\/\/peitrade.com\/wp-content\/uploads\/2025\/11\/Egyptian-Guava-100x100.webp 100w, https:\/\/peitrade.com\/wp-content\/uploads\/2025\/11\/Egyptian-Guava.webp 1024w\" sizes=\"(max-width: 300px) 100vw, 300px\" title=\"\"><h2 class=\"woocommerce-loop-product__title\">Guayaba<\/h2>\n<\/a><a href=\"https:\/\/peitrade.com\/es\/product\/guayaba\/\" aria-describedby=\"woocommerce_loop_add_to_cart_link_describedby_7577\" data-quantity=\"1\" class=\"button product_type_simple\" data-product_id=\"7577\" data-product_sku=\"80451\" aria-label=\"Lee m\u00e1s sobre &ldquo;Guayaba&rdquo;\" rel=\"nofollow\" data-success_message=\"\">Leer m\u00e1s<\/a>\t<span id=\"woocommerce_loop_add_to_cart_link_describedby_7577\" class=\"screen-reader-text\">\n\t\t\t<\/span>\n<\/li>\n<li class=\"product type-product post-7443 status-publish instock product_cat-in-season product_cat-fruits has-post-thumbnail shipping-taxable product-type-simple\">\n\t<a href=\"https:\/\/peitrade.com\/es\/product\/naranjas\/\" class=\"woocommerce-LoopProduct-link woocommerce-loop-product__link\"><img decoding=\"async\" width=\"300\" height=\"300\" src=\"https:\/\/peitrade.com\/wp-content\/uploads\/2025\/11\/Egyptian-Oranges-300x300.webp\" class=\"attachment-woocommerce_thumbnail size-woocommerce_thumbnail\" alt=\"Las exportaciones de naranjas egipcias a Canad\u00e1 alcanzan un r\u00e9cord en 2025\" srcset=\"https:\/\/peitrade.com\/wp-content\/uploads\/2025\/11\/Egyptian-Oranges-300x300.webp 300w, https:\/\/peitrade.com\/wp-content\/uploads\/2025\/11\/Egyptian-Oranges-150x150.webp 150w, https:\/\/peitrade.com\/wp-content\/uploads\/2025\/11\/Egyptian-Oranges-768x768.webp 768w, https:\/\/peitrade.com\/wp-content\/uploads\/2025\/11\/Egyptian-Oranges-600x600.webp 600w, https:\/\/peitrade.com\/wp-content\/uploads\/2025\/11\/Egyptian-Oranges-100x100.webp 100w, https:\/\/peitrade.com\/wp-content\/uploads\/2025\/11\/Egyptian-Oranges.webp 1024w\" sizes=\"(max-width: 300px) 100vw, 300px\" title=\"\"><h2 class=\"woocommerce-loop-product__title\">Naranjas<\/h2>\n<\/a><a href=\"https:\/\/peitrade.com\/es\/product\/naranjas\/\" aria-describedby=\"woocommerce_loop_add_to_cart_link_describedby_7443\" data-quantity=\"1\" class=\"button product_type_simple\" data-product_id=\"7443\" data-product_sku=\"80510\" aria-label=\"Lee m\u00e1s sobre &ldquo;Naranjas&rdquo;\" rel=\"nofollow\" data-success_message=\"\">Leer m\u00e1s<\/a>\t<span id=\"woocommerce_loop_add_to_cart_link_describedby_7443\" class=\"screen-reader-text\">\n\t\t\t<\/span>\n<\/li>\n<li class=\"product type-product post-7579 status-publish last instock product_cat-fruits has-post-thumbnail shipping-taxable product-type-simple\">\n\t<a href=\"https:\/\/peitrade.com\/es\/product\/uvas\/\" class=\"woocommerce-LoopProduct-link woocommerce-loop-product__link\"><img decoding=\"async\" width=\"300\" height=\"300\" src=\"https:\/\/peitrade.com\/wp-content\/uploads\/2025\/11\/Egyptian-Grapes-300x300.webp\" class=\"attachment-woocommerce_thumbnail size-woocommerce_thumbnail\" alt=\"Grapes: A Rising Star\" srcset=\"https:\/\/peitrade.com\/wp-content\/uploads\/2025\/11\/Egyptian-Grapes-300x300.webp 300w, https:\/\/peitrade.com\/wp-content\/uploads\/2025\/11\/Egyptian-Grapes-150x150.webp 150w, https:\/\/peitrade.com\/wp-content\/uploads\/2025\/11\/Egyptian-Grapes-768x768.webp 768w, https:\/\/peitrade.com\/wp-content\/uploads\/2025\/11\/Egyptian-Grapes-600x600.webp 600w, https:\/\/peitrade.com\/wp-content\/uploads\/2025\/11\/Egyptian-Grapes-100x100.webp 100w, https:\/\/peitrade.com\/wp-content\/uploads\/2025\/11\/Egyptian-Grapes.webp 1024w\" sizes=\"(max-width: 300px) 100vw, 300px\" title=\"\"><h2 class=\"woocommerce-loop-product__title\">Uvas<\/h2>\n<\/a><a href=\"https:\/\/peitrade.com\/es\/product\/uvas\/\" aria-describedby=\"woocommerce_loop_add_to_cart_link_describedby_7579\" data-quantity=\"1\" class=\"button product_type_simple\" data-product_id=\"7579\" data-product_sku=\"80610\" aria-label=\"Lee m\u00e1s sobre &ldquo;Uvas&rdquo;\" rel=\"nofollow\" data-success_message=\"\">Leer m\u00e1s<\/a>\t<span id=\"woocommerce_loop_add_to_cart_link_describedby_7579\" class=\"screen-reader-text\">\n\t\t\t<\/span>\n<\/li>\n<\/ul>\n<\/div><\/div>\n<\/div>\n<\/section>\n<section style=\"padding: 50px 20px; background-color: #f9f9f9;\">\n<div class=\"container\">\n<h2>Preguntas frecuentes<\/h2>\n<h3>\u00bfQu\u00e9 hace que sus cantalupos sean ideales para exportaci\u00f3n?<\/h3>\n<p>Nuestros cantalupos se cosechan en el punto \u00f3ptimo de maduraci\u00f3n, se enfr\u00edan cuidadosamente y se empacan para soportar el tr\u00e1nsito internacional sin comprometer la calidad.<\/p>\n<h3>\u00bfCu\u00e1l es la temporada alta de los cantalupos egipcios?<\/h3>\n<p>De mayo a julio es nuestro per\u00edodo principal de cosecha, con disponibilidad extendida gracias al almacenamiento en fr\u00edo.<\/p>\n<h3>\u00bfOfrecen env\u00edos de muestra?<\/h3>\n<p>S\u00ed, podemos enviar muestras para que eval\u00faes la calidad antes de realizar un pedido a granel.<\/p>\n<h3>\u00bfPueden personalizar el empaque?<\/h3>\n<p>Por supuesto. Ofrecemos empaques listos para retail, cajas al por mayor y opciones de marca propia.<\/p>\n<h3>\u00bfQu\u00e9 certificaciones cumplen sus cantalupos?<\/h3>\n<p>Todas las exportaciones incluyen documentaci\u00f3n completa, incluidos certificados fitosanitarios e informes de calidad que cumplen con las normas de la UE y del Golfo.<\/p>\n<\/div>\n<p>&nbsp;<\/p>\n<\/section>\n","protected":false},"excerpt":{"rendered":"<p>PEI Trade se destaca entre los exportadores de melones cantalupo, ofreciendo melones egipcios de primera calidad cultivados bajo condiciones mediterr\u00e1neas \u00f3ptimas. Nos especializamos en suministrar productos agr\u00edcolas de alta calidad a mercados globales con total transparencia y un servicio excelente. Como proveedores l\u00edderes de cantalupos, ofrecemos melones cantalupo al por mayor a precios competitivos de [&hellip;]<\/p>\n","protected":false},"author":1,"featured_media":0,"parent":0,"menu_order":0,"comment_status":"closed","ping_status":"closed","template":"","meta":{"footnotes":""},"class_list":["post-6100","page","type-page","status-publish","hentry"],"blocksy_meta":[],"mb":[],"featured_image_urls_v2":{"full":"","thumbnail":"","medium":"","medium_large":"","large":"","1536x1536":"","2048x2048":"","woocommerce_archive_thumbnail":"","woocommerce_thumbnail":"","woocommerce_single":"","woocommerce_gallery_thumbnail":""},"post_excerpt_stackable_v2":"<p>PEI Trade se destaca entre los exportadores de melones cantalupo, ofreciendo melones egipcios de primera calidad cultivados bajo condiciones mediterr\u00e1neas \u00f3ptimas. Nos especializamos en suministrar productos agr\u00edcolas de alta calidad a mercados globales con total transparencia y un servicio excelente. Como proveedores l\u00edderes de cantalupos, ofrecemos melones cantalupo al por mayor a precios competitivos de cantalupo por mayoreo, satisfaciendo las necesidades de supermercados, procesadores de alimentos y distribuidores. Nuestra reputaci\u00f3n como proveedor confiable de cantalupo en Egipto se basa en calidad constante, log\u00edstica adaptada y soluciones centradas en el cliente. Fresas Leer m\u00e1s Limones Leer m\u00e1s Mango Leer m\u00e1s Naranjas&hellip;<\/p>\n","category_list_v2":"","author_info_v2":{"name":"Mostafa Sabry","url":"https:\/\/peitrade.com\/es\/author\/emostafaadel_jn8gcqbo\/"},"comments_num_v2":"0 comentarios","mfb_rest_fields":["title","blocksy_meta","featured_image_urls_v2","post_excerpt_stackable_v2","category_list_v2","author_info_v2","comments_num_v2"],"_links":{"self":[{"href":"https:\/\/peitrade.com\/es\/wp-json\/wp\/v2\/pages\/6100","targetHints":{"allow":["GET"]}}],"collection":[{"href":"https:\/\/peitrade.com\/es\/wp-json\/wp\/v2\/pages"}],"about":[{"href":"https:\/\/peitrade.com\/es\/wp-json\/wp\/v2\/types\/page"}],"author":[{"embeddable":true,"href":"https:\/\/peitrade.com\/es\/wp-json\/wp\/v2\/users\/1"}],"replies":[{"embeddable":true,"href":"https:\/\/peitrade.com\/es\/wp-json\/wp\/v2\/comments?post=6100"}],"version-history":[{"count":1,"href":"https:\/\/peitrade.com\/es\/wp-json\/wp\/v2\/pages\/6100\/revisions"}],"predecessor-version":[{"id":6101,"href":"https:\/\/peitrade.com\/es\/wp-json\/wp\/v2\/pages\/6100\/revisions\/6101"}],"wp:attachment":[{"href":"https:\/\/peitrade.com\/es\/wp-json\/wp\/v2\/media?parent=6100"}],"curies":[{"name":"wp","href":"https:\/\/api.w.org\/{rel}","templated":true}]}}