{"id":6146,"date":"2025-06-18T11:49:42","date_gmt":"2025-06-18T11:49:42","guid":{"rendered":"http:\/\/46.224.74.15\/?page_id=6146"},"modified":"2025-11-19T16:48:20","modified_gmt":"2025-11-19T16:48:20","slug":"dates-suppliers-2-3","status":"publish","type":"page","link":"https:\/\/peitrade.com\/es\/dates-suppliers-2-3\/","title":{"rendered":"Proveedores de D\u00e1tiles en Egipto \u2013 Calidad Premium por PEI Trade"},"content":{"rendered":"<section style=\"padding: 60px 20px; background-color: #f9f9f9;\">\n<div class=\"container\">\n<h1>Proveedores de D\u00e1tiles en Egipto \u2013 Calidad Premium por PEI Trade<\/h1>\n<p>&nbsp;<\/p>\n<p>PEI Trade es uno de los <b>proveedores de d\u00e1tiles<\/b> m\u00e1s confiables de Egipto, ofreciendo d\u00e1tiles de calidad premium cultivados en los mejores huertos del Valle del Nilo. Suministramos una amplia gama de variedades cuidadosamente seleccionadas, maduradas al sol y procesadas bajo estrictos est\u00e1ndares de higiene para garantizar la preparaci\u00f3n para exportaci\u00f3n global.<\/p>\n<p>Como experimentados <b>proveedores de d\u00e1tiles egipcios<\/b>, nuestros productos principales incluyen Siwa, Hayany, Zaghloul, Saidi y Deglet Noor. Atendemos a clientes mayoristas e industriales en todo el mundo con calidad constante, trazabilidad completa y opciones de empaque flexibles adaptadas a los mercados internacionales.<\/p>\n<\/div>\n<p>&nbsp;<\/p>\n<\/section>\n<div class=\"wp-block-woocommerce-product-collection\"><div class=\"woocommerce columns-4 \"><ul class=\"products columns-4\" data-products=\"type-2\">\n<li class=\"product type-product post-7665 status-publish first instock product_cat-fruits has-post-thumbnail shipping-taxable product-type-simple\">\n\t<a href=\"https:\/\/peitrade.com\/es\/product\/fresas\/\" class=\"woocommerce-LoopProduct-link woocommerce-loop-product__link\"><img decoding=\"async\" width=\"300\" height=\"300\" src=\"https:\/\/peitrade.com\/wp-content\/uploads\/2025\/11\/Egyptian-Strawberries-300x300.webp\" class=\"attachment-woocommerce_thumbnail size-woocommerce_thumbnail\" alt=\"Fresas\" srcset=\"https:\/\/peitrade.com\/wp-content\/uploads\/2025\/11\/Egyptian-Strawberries-300x300.webp 300w, https:\/\/peitrade.com\/wp-content\/uploads\/2025\/11\/Egyptian-Strawberries-150x150.webp 150w, https:\/\/peitrade.com\/wp-content\/uploads\/2025\/11\/Egyptian-Strawberries-768x768.webp 768w, https:\/\/peitrade.com\/wp-content\/uploads\/2025\/11\/Egyptian-Strawberries-600x600.webp 600w, https:\/\/peitrade.com\/wp-content\/uploads\/2025\/11\/Egyptian-Strawberries-100x100.webp 100w, https:\/\/peitrade.com\/wp-content\/uploads\/2025\/11\/Egyptian-Strawberries.webp 1024w\" sizes=\"(max-width: 300px) 100vw, 300px\" title=\"\"><h2 class=\"woocommerce-loop-product__title\">Fresas<\/h2>\n<\/a><a href=\"https:\/\/peitrade.com\/es\/product\/fresas\/\" aria-describedby=\"woocommerce_loop_add_to_cart_link_describedby_7665\" data-quantity=\"1\" class=\"button product_type_simple\" data-product_id=\"7665\" data-product_sku=\"81010\" aria-label=\"Lee m\u00e1s sobre &ldquo;Fresas&rdquo;\" rel=\"nofollow\" data-success_message=\"\">Leer m\u00e1s<\/a>\t<span id=\"woocommerce_loop_add_to_cart_link_describedby_7665\" class=\"screen-reader-text\">\n\t\t\t<\/span>\n<\/li>\n<li class=\"product type-product post-7537 status-publish instock product_cat-in-season product_cat-fruits has-post-thumbnail shipping-taxable product-type-simple\">\n\t<a href=\"https:\/\/peitrade.com\/es\/product\/limones\/\" class=\"woocommerce-LoopProduct-link woocommerce-loop-product__link\"><img decoding=\"async\" width=\"300\" height=\"300\" src=\"https:\/\/peitrade.com\/wp-content\/uploads\/2025\/11\/Egyptian-Lemons-300x300.webp\" class=\"attachment-woocommerce_thumbnail size-woocommerce_thumbnail\" alt=\"Limones\" srcset=\"https:\/\/peitrade.com\/wp-content\/uploads\/2025\/11\/Egyptian-Lemons-300x300.webp 300w, https:\/\/peitrade.com\/wp-content\/uploads\/2025\/11\/Egyptian-Lemons-150x150.webp 150w, https:\/\/peitrade.com\/wp-content\/uploads\/2025\/11\/Egyptian-Lemons-768x768.webp 768w, https:\/\/peitrade.com\/wp-content\/uploads\/2025\/11\/Egyptian-Lemons-600x600.webp 600w, https:\/\/peitrade.com\/wp-content\/uploads\/2025\/11\/Egyptian-Lemons-100x100.webp 100w, https:\/\/peitrade.com\/wp-content\/uploads\/2025\/11\/Egyptian-Lemons.webp 1024w\" sizes=\"(max-width: 300px) 100vw, 300px\" title=\"\"><h2 class=\"woocommerce-loop-product__title\">Limones<\/h2>\n<\/a><a href=\"https:\/\/peitrade.com\/es\/product\/limones\/\" aria-describedby=\"woocommerce_loop_add_to_cart_link_describedby_7537\" data-quantity=\"1\" class=\"button product_type_simple\" data-product_id=\"7537\" data-product_sku=\"80550\" aria-label=\"Lee m\u00e1s sobre &ldquo;Limones&rdquo;\" rel=\"nofollow\" data-success_message=\"\">Leer m\u00e1s<\/a>\t<span id=\"woocommerce_loop_add_to_cart_link_describedby_7537\" class=\"screen-reader-text\">\n\t\t\t<\/span>\n<\/li>\n<li class=\"product type-product post-7644 status-publish instock product_cat-fruits has-post-thumbnail shipping-taxable product-type-simple\">\n\t<a href=\"https:\/\/peitrade.com\/es\/product\/mango\/\" class=\"woocommerce-LoopProduct-link woocommerce-loop-product__link\"><img decoding=\"async\" width=\"300\" height=\"300\" src=\"https:\/\/peitrade.com\/wp-content\/uploads\/2025\/11\/Egyption-Mango-300x300.webp\" class=\"attachment-woocommerce_thumbnail size-woocommerce_thumbnail\" alt=\"Mangoes: Egypt\u2019s Tropical Treasure\" srcset=\"https:\/\/peitrade.com\/wp-content\/uploads\/2025\/11\/Egyption-Mango-300x300.webp 300w, https:\/\/peitrade.com\/wp-content\/uploads\/2025\/11\/Egyption-Mango-150x150.webp 150w, https:\/\/peitrade.com\/wp-content\/uploads\/2025\/11\/Egyption-Mango-768x768.webp 768w, https:\/\/peitrade.com\/wp-content\/uploads\/2025\/11\/Egyption-Mango-600x600.webp 600w, https:\/\/peitrade.com\/wp-content\/uploads\/2025\/11\/Egyption-Mango-100x100.webp 100w, https:\/\/peitrade.com\/wp-content\/uploads\/2025\/11\/Egyption-Mango.webp 1024w\" sizes=\"(max-width: 300px) 100vw, 300px\" title=\"\"><h2 class=\"woocommerce-loop-product__title\">Mango<\/h2>\n<\/a><a href=\"https:\/\/peitrade.com\/es\/product\/mango\/\" aria-describedby=\"woocommerce_loop_add_to_cart_link_describedby_7644\" data-quantity=\"1\" class=\"button product_type_simple\" data-product_id=\"7644\" data-product_sku=\"80450\" aria-label=\"Lee m\u00e1s sobre &ldquo;Mango&rdquo;\" rel=\"nofollow\" data-success_message=\"\">Leer m\u00e1s<\/a>\t<span id=\"woocommerce_loop_add_to_cart_link_describedby_7644\" class=\"screen-reader-text\">\n\t\t\t<\/span>\n<\/li>\n<li class=\"product type-product post-7443 status-publish last instock product_cat-in-season product_cat-fruits has-post-thumbnail shipping-taxable product-type-simple\">\n\t<a href=\"https:\/\/peitrade.com\/es\/product\/naranjas\/\" class=\"woocommerce-LoopProduct-link woocommerce-loop-product__link\"><img decoding=\"async\" width=\"300\" height=\"300\" src=\"https:\/\/peitrade.com\/wp-content\/uploads\/2025\/11\/Egyptian-Oranges-300x300.webp\" class=\"attachment-woocommerce_thumbnail size-woocommerce_thumbnail\" alt=\"Las exportaciones de naranjas egipcias a Canad\u00e1 alcanzan un r\u00e9cord en 2025\" srcset=\"https:\/\/peitrade.com\/wp-content\/uploads\/2025\/11\/Egyptian-Oranges-300x300.webp 300w, https:\/\/peitrade.com\/wp-content\/uploads\/2025\/11\/Egyptian-Oranges-150x150.webp 150w, https:\/\/peitrade.com\/wp-content\/uploads\/2025\/11\/Egyptian-Oranges-768x768.webp 768w, https:\/\/peitrade.com\/wp-content\/uploads\/2025\/11\/Egyptian-Oranges-600x600.webp 600w, https:\/\/peitrade.com\/wp-content\/uploads\/2025\/11\/Egyptian-Oranges-100x100.webp 100w, https:\/\/peitrade.com\/wp-content\/uploads\/2025\/11\/Egyptian-Oranges.webp 1024w\" sizes=\"(max-width: 300px) 100vw, 300px\" title=\"\"><h2 class=\"woocommerce-loop-product__title\">Naranjas<\/h2>\n<\/a><a href=\"https:\/\/peitrade.com\/es\/product\/naranjas\/\" aria-describedby=\"woocommerce_loop_add_to_cart_link_describedby_7443\" data-quantity=\"1\" class=\"button product_type_simple\" data-product_id=\"7443\" data-product_sku=\"80510\" aria-label=\"Lee m\u00e1s sobre &ldquo;Naranjas&rdquo;\" rel=\"nofollow\" data-success_message=\"\">Leer m\u00e1s<\/a>\t<span id=\"woocommerce_loop_add_to_cart_link_describedby_7443\" class=\"screen-reader-text\">\n\t\t\t<\/span>\n<\/li>\n<\/ul>\n<\/div><\/div>\n<section style=\"padding: 50px 20px;\">\n<div class=\"container\">\n<h2>\u00bfPor qu\u00e9 Trabajar con PEI Trade como sus Proveedores de D\u00e1tiles?<\/h2>\n<p><span style=\"font-weight: 400;\">Como dedicados <b>proveedores de d\u00e1tiles<\/b>, PEI Trade aporta a\u00f1os de experiencia en exportaci\u00f3n y excelencia agr\u00edcola:<\/span><\/p>\n<ul>\n<li style=\"font-weight: 400;\" aria-level=\"1\"><span style=\"font-weight: 400;\">Amplia variedad de d\u00e1tiles secos, semisecos y blandos<\/span><\/li>\n<li style=\"font-weight: 400;\" aria-level=\"1\"><span style=\"font-weight: 400;\">Alianzas directas con granjas de palmeras egipcias<\/span><\/li>\n<li style=\"font-weight: 400;\" aria-level=\"1\"><span style=\"font-weight: 400;\">D\u00e1tiles naturalmente dulces con alto nivel de Brix<\/span><\/li>\n<li style=\"font-weight: 400;\" aria-level=\"1\"><span style=\"font-weight: 400;\">Minuciosamente limpiados y clasificados para exportaci\u00f3n<\/span><\/li>\n<li style=\"font-weight: 400;\" aria-level=\"1\"><span style=\"font-weight: 400;\">Opciones de empaque personalizado y etiquetado privado<\/span><\/li>\n<\/ul>\n<p><span style=\"font-weight: 400;\">Todos nuestros productos est\u00e1n libres de aditivos artificiales y cumplen con normas internacionales de seguridad alimentaria.<\/span><\/p>\n<h2>Manejo y Log\u00edstica Eficiente de Proveedores de D\u00e1tiles Egipcios<\/h2>\n<p><span style=\"font-weight: 400;\">PEI Trade garantiza un servicio de alta calidad en toda la cadena de suministro:<\/span><\/p>\n<ul>\n<li style=\"font-weight: 400;\" aria-level=\"1\"><span style=\"font-weight: 400;\">Almacenamiento en fr\u00edo para preservar la frescura<\/span><\/li>\n<li style=\"font-weight: 400;\" aria-level=\"1\"><span style=\"font-weight: 400;\">Limpieza, deshuesado y clasificaci\u00f3n automatizada<\/span><\/li>\n<li style=\"font-weight: 400;\" aria-level=\"1\"><span style=\"font-weight: 400;\">M\u00faltiples opciones de empaque: sellado al vac\u00edo o en almohadilla<\/span><\/li>\n<li style=\"font-weight: 400;\" aria-level=\"1\"><span style=\"font-weight: 400;\">Etiquetado conforme a normas de la UE, Golfo y Asia<\/span><\/li>\n<\/ul>\n<p><span style=\"font-weight: 400;\">Nuestras operaciones como <b>proveedores de d\u00e1tiles<\/b> cuentan con certificaciones Global GAP, ISO y HACCP.<\/span><\/p>\n<h2>Temporada de Cosecha de D\u00e1tiles en Egipto<\/h2>\n<p><span style=\"font-weight: 400;\">La cosecha de d\u00e1tiles en Egipto inicia en <\/span><b>agosto y se extiende hasta diciembre<\/b><span style=\"font-weight: 400;\">. Variedades tempranas como Zaghloul est\u00e1n disponibles desde finales de verano, mientras que los d\u00e1tiles semisecos se recolectan m\u00e1s tarde. PEI Trade asegura disponibilidad durante todo el a\u00f1o mediante almacenamiento refrigerado.<\/span><\/p>\n<p><span style=\"font-weight: 400;\">Disponemos de programaci\u00f3n de env\u00edos flexibles y opciones de reserva anticipada para todos los compradores.<\/span><\/p>\n<h3>Usos Comunes de los D\u00e1tiles Exportados<\/h3>\n<p><span style=\"font-weight: 400;\">Nuestros productos satisfacen las necesidades de diversos sectores:<\/span><\/p>\n<ul>\n<li style=\"font-weight: 400;\" aria-level=\"1\"><b>Retail<\/b><span style=\"font-weight: 400;\">: Envasados en caja o al vac\u00edo para tiendas<\/span><\/li>\n<li style=\"font-weight: 400;\" aria-level=\"1\"><b>Industrial<\/b><span style=\"font-weight: 400;\">: Utilizados en confiter\u00eda, jarabes y snacks<\/span><\/li>\n<li style=\"font-weight: 400;\" aria-level=\"1\"><b>Servicios de alimentaci\u00f3n<\/b><span style=\"font-weight: 400;\">: Empaque a granel para hoteles y restaurantes<\/span><\/li>\n<li style=\"font-weight: 400;\" aria-level=\"1\"><b>Mayoristas<\/b><span style=\"font-weight: 400;\">: Cargas mixtas o personalizadas<\/span><\/li>\n<\/ul>\n<h3>Mercados de Exportaci\u00f3n Atendidos<\/h3>\n<p><span style=\"font-weight: 400;\">PEI Trade es un socio confiable para <b>proveedores de d\u00e1tiles<\/b> que apuntan a los siguientes mercados:<\/span><\/p>\n<ul>\n<li style=\"font-weight: 400;\" aria-level=\"1\"><span style=\"font-weight: 400;\">Golfo: EAU, Arabia Saudita, Om\u00e1n, Bahr\u00e9in<\/span><\/li>\n<li style=\"font-weight: 400;\" aria-level=\"1\"><span style=\"font-weight: 400;\">Europa: Alemania, Pa\u00edses Bajos, Reino Unido, Francia<\/span><\/li>\n<li style=\"font-weight: 400;\" aria-level=\"1\"><span style=\"font-weight: 400;\">\u00c1frica: Regiones del norte y subsahariana<\/span><\/li>\n<li style=\"font-weight: 400;\" aria-level=\"1\"><span style=\"font-weight: 400;\">Asia-Pac\u00edfico: India, Indonesia, Malasia<\/span><\/li>\n<\/ul>\n<p><span style=\"font-weight: 400;\">Ofrecemos env\u00edos en contenedores completos o cargas consolidadas con trazabilidad total.<\/span><\/p>\n<h2>Otros Productos de los Proveedores de D\u00e1tiles Confiables en Egipto<\/h2>\n<p><span style=\"font-weight: 400;\">PEI Trade no solo es uno de los principales <b>proveedores de d\u00e1tiles<\/b> de Egipto, sino que tambi\u00e9n ofrece:<\/span><\/p>\n<ul>\n<li style=\"font-weight: 400;\" aria-level=\"1\"><b>Uvas<\/b><span style=\"font-weight: 400;\">: Uvas sin semilla de calidad para exportaci\u00f3n<\/span><\/li>\n<li style=\"font-weight: 400;\" aria-level=\"1\"><b>Naranjas<\/b><span style=\"font-weight: 400;\">: Variedades Navel y Valencia<\/span><\/li>\n<li style=\"font-weight: 400;\" aria-level=\"1\"><b>Granadas<\/b><span style=\"font-weight: 400;\">: Frutas de piel gruesa aptas para exportaci\u00f3n<\/span><\/li>\n<\/ul>\n<p><span style=\"font-weight: 400;\">Ofrecemos soluciones completas de empaque y log\u00edstica en toda nuestra l\u00ednea de productos.<\/span><\/p>\n<h2><b>Empaque para Exportaci\u00f3n de D\u00e1tiles<\/b><\/h2>\n<p><span style=\"font-weight: 400;\">Usamos materiales que cumplen con los est\u00e1ndares internacionales para preservar la calidad del producto durante el transporte:<\/span><\/p>\n<ul>\n<li style=\"font-weight: 400;\" aria-level=\"1\"><span style=\"font-weight: 400;\">Cajas, bandejas pl\u00e1sticas o paquetes sellados al vac\u00edo<\/span><\/li>\n<li style=\"font-weight: 400;\" aria-level=\"1\"><span style=\"font-weight: 400;\">Pesos desde 1kg hasta 10kg por paquete<\/span><\/li>\n<li style=\"font-weight: 400;\" aria-level=\"1\"><span style=\"font-weight: 400;\">Etiquetado que cumple con normas de la UE, GCC y Asia<\/span><\/li>\n<li style=\"font-weight: 400;\" aria-level=\"1\"><span style=\"font-weight: 400;\">Etiquetado privado y marca personalizada bajo pedido<\/span><\/li>\n<\/ul>\n<p><span style=\"font-weight: 400;\">Todos los formatos se prueban para resistencia y cumplimiento antes del env\u00edo.<\/span><\/p>\n<\/div>\n<\/section>\n<section style=\"padding: 50px 20px; background-color: #f0f0f0;\">\n<div class=\"container\">\n<h2>As\u00f3ciese con PEI Trade \u2013 Principales Proveedores de D\u00e1tiles en Egipto<\/h2>\n<p>Si est\u00e1 buscando <b>proveedores de d\u00e1tiles<\/b> confiables, PEI Trade combina conocimiento agr\u00edcola, log\u00edstica global y control de calidad para servir a su negocio con excelencia.<\/p>\n<p>Nuestro equipo lo asiste con documentaci\u00f3n, planificaci\u00f3n y cumplimiento normativo en todas las etapas del proceso de exportaci\u00f3n.<\/p>\n<h2>Contacte a PEI Trade para Obtener una Cotizaci\u00f3n<\/h2>\n<p>Cont\u00e1ctenos hoy para recibir una oferta personalizada o conocer la disponibilidad estacional. Entregamos en su puerta \u2014 a nivel mundial.<\/p>\n<p style=\"text-align: center; margin-top: 40px;\"><a href=\"https:\/\/peitrade.com\/es\/contact-us\/\" target=\"_blank\" rel=\"noopener\">Ordenar Ahora<\/a><\/p>\n<\/div>\n<\/section>\n<section style=\"padding: 50px 20px;\">\n<div class=\"container\">\n<h2>Explore M\u00e1s Productos Agr\u00edcolas<\/h2>\n<p>&nbsp;<\/p>\n<p>Adem\u00e1s de d\u00e1tiles, PEI Trade suministra cebollas, papas, c\u00edtricos y productos frescos. <a href=\"https:\/\/peitrade.com\/es\/shop\/\" target=\"_blank\" rel=\"noopener\">Vea nuestra gama completa de exportaci\u00f3n aqu\u00ed<\/a>.<\/p>\n<div class=\"wp-block-woocommerce-product-collection\"><div class=\"woocommerce columns-4 \"><ul class=\"products columns-4\" data-products=\"type-2\">\n<li class=\"product type-product post-7665 status-publish first instock product_cat-fruits has-post-thumbnail shipping-taxable product-type-simple\">\n\t<a href=\"https:\/\/peitrade.com\/es\/product\/fresas\/\" class=\"woocommerce-LoopProduct-link woocommerce-loop-product__link\"><img decoding=\"async\" width=\"300\" height=\"300\" src=\"https:\/\/peitrade.com\/wp-content\/uploads\/2025\/11\/Egyptian-Strawberries-300x300.webp\" class=\"attachment-woocommerce_thumbnail size-woocommerce_thumbnail\" alt=\"Fresas\" srcset=\"https:\/\/peitrade.com\/wp-content\/uploads\/2025\/11\/Egyptian-Strawberries-300x300.webp 300w, https:\/\/peitrade.com\/wp-content\/uploads\/2025\/11\/Egyptian-Strawberries-150x150.webp 150w, https:\/\/peitrade.com\/wp-content\/uploads\/2025\/11\/Egyptian-Strawberries-768x768.webp 768w, https:\/\/peitrade.com\/wp-content\/uploads\/2025\/11\/Egyptian-Strawberries-600x600.webp 600w, https:\/\/peitrade.com\/wp-content\/uploads\/2025\/11\/Egyptian-Strawberries-100x100.webp 100w, https:\/\/peitrade.com\/wp-content\/uploads\/2025\/11\/Egyptian-Strawberries.webp 1024w\" sizes=\"(max-width: 300px) 100vw, 300px\" title=\"\"><h2 class=\"woocommerce-loop-product__title\">Fresas<\/h2>\n<\/a><a href=\"https:\/\/peitrade.com\/es\/product\/fresas\/\" aria-describedby=\"woocommerce_loop_add_to_cart_link_describedby_7665\" data-quantity=\"1\" class=\"button product_type_simple\" data-product_id=\"7665\" data-product_sku=\"81010\" aria-label=\"Lee m\u00e1s sobre &ldquo;Fresas&rdquo;\" rel=\"nofollow\" data-success_message=\"\">Leer m\u00e1s<\/a>\t<span id=\"woocommerce_loop_add_to_cart_link_describedby_7665\" class=\"screen-reader-text\">\n\t\t\t<\/span>\n<\/li>\n<li class=\"product type-product post-7537 status-publish instock product_cat-in-season product_cat-fruits has-post-thumbnail shipping-taxable product-type-simple\">\n\t<a href=\"https:\/\/peitrade.com\/es\/product\/limones\/\" class=\"woocommerce-LoopProduct-link woocommerce-loop-product__link\"><img decoding=\"async\" width=\"300\" height=\"300\" src=\"https:\/\/peitrade.com\/wp-content\/uploads\/2025\/11\/Egyptian-Lemons-300x300.webp\" class=\"attachment-woocommerce_thumbnail size-woocommerce_thumbnail\" alt=\"Limones\" srcset=\"https:\/\/peitrade.com\/wp-content\/uploads\/2025\/11\/Egyptian-Lemons-300x300.webp 300w, https:\/\/peitrade.com\/wp-content\/uploads\/2025\/11\/Egyptian-Lemons-150x150.webp 150w, https:\/\/peitrade.com\/wp-content\/uploads\/2025\/11\/Egyptian-Lemons-768x768.webp 768w, https:\/\/peitrade.com\/wp-content\/uploads\/2025\/11\/Egyptian-Lemons-600x600.webp 600w, https:\/\/peitrade.com\/wp-content\/uploads\/2025\/11\/Egyptian-Lemons-100x100.webp 100w, https:\/\/peitrade.com\/wp-content\/uploads\/2025\/11\/Egyptian-Lemons.webp 1024w\" sizes=\"(max-width: 300px) 100vw, 300px\" title=\"\"><h2 class=\"woocommerce-loop-product__title\">Limones<\/h2>\n<\/a><a href=\"https:\/\/peitrade.com\/es\/product\/limones\/\" aria-describedby=\"woocommerce_loop_add_to_cart_link_describedby_7537\" data-quantity=\"1\" class=\"button product_type_simple\" data-product_id=\"7537\" data-product_sku=\"80550\" aria-label=\"Lee m\u00e1s sobre &ldquo;Limones&rdquo;\" rel=\"nofollow\" data-success_message=\"\">Leer m\u00e1s<\/a>\t<span id=\"woocommerce_loop_add_to_cart_link_describedby_7537\" class=\"screen-reader-text\">\n\t\t\t<\/span>\n<\/li>\n<li class=\"product type-product post-7644 status-publish instock product_cat-fruits has-post-thumbnail shipping-taxable product-type-simple\">\n\t<a href=\"https:\/\/peitrade.com\/es\/product\/mango\/\" class=\"woocommerce-LoopProduct-link woocommerce-loop-product__link\"><img decoding=\"async\" width=\"300\" height=\"300\" src=\"https:\/\/peitrade.com\/wp-content\/uploads\/2025\/11\/Egyption-Mango-300x300.webp\" class=\"attachment-woocommerce_thumbnail size-woocommerce_thumbnail\" alt=\"Mangoes: Egypt\u2019s Tropical Treasure\" srcset=\"https:\/\/peitrade.com\/wp-content\/uploads\/2025\/11\/Egyption-Mango-300x300.webp 300w, https:\/\/peitrade.com\/wp-content\/uploads\/2025\/11\/Egyption-Mango-150x150.webp 150w, https:\/\/peitrade.com\/wp-content\/uploads\/2025\/11\/Egyption-Mango-768x768.webp 768w, https:\/\/peitrade.com\/wp-content\/uploads\/2025\/11\/Egyption-Mango-600x600.webp 600w, https:\/\/peitrade.com\/wp-content\/uploads\/2025\/11\/Egyption-Mango-100x100.webp 100w, https:\/\/peitrade.com\/wp-content\/uploads\/2025\/11\/Egyption-Mango.webp 1024w\" sizes=\"(max-width: 300px) 100vw, 300px\" title=\"\"><h2 class=\"woocommerce-loop-product__title\">Mango<\/h2>\n<\/a><a href=\"https:\/\/peitrade.com\/es\/product\/mango\/\" aria-describedby=\"woocommerce_loop_add_to_cart_link_describedby_7644\" data-quantity=\"1\" class=\"button product_type_simple\" data-product_id=\"7644\" data-product_sku=\"80450\" aria-label=\"Lee m\u00e1s sobre &ldquo;Mango&rdquo;\" rel=\"nofollow\" data-success_message=\"\">Leer m\u00e1s<\/a>\t<span id=\"woocommerce_loop_add_to_cart_link_describedby_7644\" class=\"screen-reader-text\">\n\t\t\t<\/span>\n<\/li>\n<li class=\"product type-product post-7443 status-publish last instock product_cat-in-season product_cat-fruits has-post-thumbnail shipping-taxable product-type-simple\">\n\t<a href=\"https:\/\/peitrade.com\/es\/product\/naranjas\/\" class=\"woocommerce-LoopProduct-link woocommerce-loop-product__link\"><img decoding=\"async\" width=\"300\" height=\"300\" src=\"https:\/\/peitrade.com\/wp-content\/uploads\/2025\/11\/Egyptian-Oranges-300x300.webp\" class=\"attachment-woocommerce_thumbnail size-woocommerce_thumbnail\" alt=\"Las exportaciones de naranjas egipcias a Canad\u00e1 alcanzan un r\u00e9cord en 2025\" srcset=\"https:\/\/peitrade.com\/wp-content\/uploads\/2025\/11\/Egyptian-Oranges-300x300.webp 300w, https:\/\/peitrade.com\/wp-content\/uploads\/2025\/11\/Egyptian-Oranges-150x150.webp 150w, https:\/\/peitrade.com\/wp-content\/uploads\/2025\/11\/Egyptian-Oranges-768x768.webp 768w, https:\/\/peitrade.com\/wp-content\/uploads\/2025\/11\/Egyptian-Oranges-600x600.webp 600w, https:\/\/peitrade.com\/wp-content\/uploads\/2025\/11\/Egyptian-Oranges-100x100.webp 100w, https:\/\/peitrade.com\/wp-content\/uploads\/2025\/11\/Egyptian-Oranges.webp 1024w\" sizes=\"(max-width: 300px) 100vw, 300px\" title=\"\"><h2 class=\"woocommerce-loop-product__title\">Naranjas<\/h2>\n<\/a><a href=\"https:\/\/peitrade.com\/es\/product\/naranjas\/\" aria-describedby=\"woocommerce_loop_add_to_cart_link_describedby_7443\" data-quantity=\"1\" class=\"button product_type_simple\" data-product_id=\"7443\" data-product_sku=\"80510\" aria-label=\"Lee m\u00e1s sobre &ldquo;Naranjas&rdquo;\" rel=\"nofollow\" data-success_message=\"\">Leer m\u00e1s<\/a>\t<span id=\"woocommerce_loop_add_to_cart_link_describedby_7443\" class=\"screen-reader-text\">\n\t\t\t<\/span>\n<\/li>\n<\/ul>\n<\/div><\/div>\n<\/div>\n<\/section>\n<section style=\"padding: 50px 20px; background-color: #f9f9f9;\">\n<div class=\"container\">\n<h2>Preguntas Frecuentes<\/h2>\n<h3>\u00bfCu\u00e1ndo es la mejor temporada para adquirir d\u00e1tiles de Egipto?<\/h3>\n<p>La temporada de cosecha va de agosto a diciembre seg\u00fan la variedad.<\/p>\n<h3>\u00bfQu\u00e9 tipos de d\u00e1tiles puedo pedir?<\/h3>\n<p>Ofrecemos Siwa, Hayany, Zaghloul, Saidi y Deglet Noor en varias formas.<\/p>\n<h3>\u00bfOfrecen empaques personalizados o para retail?<\/h3>\n<p>S\u00ed, empaques al vac\u00edo, cajas de cart\u00f3n y etiquetas privadas est\u00e1n disponibles.<\/p>\n<h3>\u00bfPuedo mezclar variedades de d\u00e1tiles en un solo env\u00edo?<\/h3>\n<p>Por supuesto. Suministramos cargas mixtas seg\u00fan la demanda de su mercado.<\/p>\n<\/div>\n<\/section>\n","protected":false},"excerpt":{"rendered":"<p>Proveedores de D\u00e1tiles en Egipto \u2013 Calidad Premium por PEI Trade &nbsp; PEI Trade es uno de los proveedores de d\u00e1tiles m\u00e1s confiables de Egipto, ofreciendo d\u00e1tiles de calidad premium cultivados en los mejores huertos del Valle del Nilo. Suministramos una amplia gama de variedades cuidadosamente seleccionadas, maduradas al sol y procesadas bajo estrictos est\u00e1ndares [&hellip;]<\/p>\n","protected":false},"author":1,"featured_media":0,"parent":0,"menu_order":0,"comment_status":"closed","ping_status":"closed","template":"","meta":{"footnotes":""},"class_list":["post-6146","page","type-page","status-publish","hentry"],"blocksy_meta":[],"mb":[],"featured_image_urls_v2":{"full":"","thumbnail":"","medium":"","medium_large":"","large":"","1536x1536":"","2048x2048":"","woocommerce_archive_thumbnail":"","woocommerce_thumbnail":"","woocommerce_single":"","woocommerce_gallery_thumbnail":""},"post_excerpt_stackable_v2":"<p>Proveedores de D\u00e1tiles en Egipto \u2013 Calidad Premium por PEI Trade &nbsp; PEI Trade es uno de los proveedores de d\u00e1tiles m\u00e1s confiables de Egipto, ofreciendo d\u00e1tiles de calidad premium cultivados en los mejores huertos del Valle del Nilo. Suministramos una amplia gama de variedades cuidadosamente seleccionadas, maduradas al sol y procesadas bajo estrictos est\u00e1ndares de higiene para garantizar la preparaci\u00f3n para exportaci\u00f3n global. Como experimentados proveedores de d\u00e1tiles egipcios, nuestros productos principales incluyen Siwa, Hayany, Zaghloul, Saidi y Deglet Noor. Atendemos a clientes mayoristas e industriales en todo el mundo con calidad constante, trazabilidad completa y opciones de empaque&hellip;<\/p>\n","category_list_v2":"","author_info_v2":{"name":"Mostafa Sabry","url":"https:\/\/peitrade.com\/es\/author\/emostafaadel_jn8gcqbo\/"},"comments_num_v2":"0 comentarios","mfb_rest_fields":["title","blocksy_meta","featured_image_urls_v2","post_excerpt_stackable_v2","category_list_v2","author_info_v2","comments_num_v2"],"_links":{"self":[{"href":"https:\/\/peitrade.com\/es\/wp-json\/wp\/v2\/pages\/6146","targetHints":{"allow":["GET"]}}],"collection":[{"href":"https:\/\/peitrade.com\/es\/wp-json\/wp\/v2\/pages"}],"about":[{"href":"https:\/\/peitrade.com\/es\/wp-json\/wp\/v2\/types\/page"}],"author":[{"embeddable":true,"href":"https:\/\/peitrade.com\/es\/wp-json\/wp\/v2\/users\/1"}],"replies":[{"embeddable":true,"href":"https:\/\/peitrade.com\/es\/wp-json\/wp\/v2\/comments?post=6146"}],"version-history":[{"count":1,"href":"https:\/\/peitrade.com\/es\/wp-json\/wp\/v2\/pages\/6146\/revisions"}],"predecessor-version":[{"id":6147,"href":"https:\/\/peitrade.com\/es\/wp-json\/wp\/v2\/pages\/6146\/revisions\/6147"}],"wp:attachment":[{"href":"https:\/\/peitrade.com\/es\/wp-json\/wp\/v2\/media?parent=6146"}],"curies":[{"name":"wp","href":"https:\/\/api.w.org\/{rel}","templated":true}]}}