{"id":6291,"date":"2025-06-19T09:17:51","date_gmt":"2025-06-19T09:17:51","guid":{"rendered":"http:\/\/46.224.74.15\/proveedores-de-verduras-mixtas-congeladas\/"},"modified":"2025-11-19T16:57:44","modified_gmt":"2025-11-19T16:57:44","slug":"proveedores-de-verduras-mixtas-congeladas","status":"publish","type":"page","link":"https:\/\/peitrade.com\/es\/proveedores-de-verduras-mixtas-congeladas\/","title":{"rendered":"Verduras mixtas congeladas: mezclas de calidad de proveedores confiables"},"content":{"rendered":"<section style=\"padding: 60px 20px; background-color: #f9f9f9;\">\n<div class=\"container\">\n<p>PEI Trade se posiciona con orgullo entre los principales <b>proveedores de verduras mixtas congeladas<\/b>, ofreciendo mezclas vegetales de alta calidad que responden a las necesidades cambiantes de los mercados alimentarios globales. Ya sea en el comercio minorista, el servicio de alimentos o el procesamiento industrial, nuestras soluciones de <b>mezcla de verduras congeladas<\/b> garantizan calidad constante, nutrici\u00f3n y conveniencia.<\/p>\n<p>Nuestras <b>verduras mixtas congeladas a granel<\/b> listas para exportaci\u00f3n se procesan utilizando la m\u00e1s reciente tecnolog\u00eda IQF (congelaci\u00f3n r\u00e1pida individual), lo que preserva el color, el sabor y el valor nutricional natural. Como <b>exportadores de verduras mixtas congeladas<\/b> confiables, atendemos a clientes internacionales con vol\u00famenes flexibles, mezclas personalizadas y opciones de empaque adaptadas.<\/p>\n<\/div>\n<\/section>\n<div class=\"wp-block-woocommerce-product-collection\"><div class=\"woocommerce columns-4 \"><ul class=\"products columns-4\" data-products=\"type-2\">\n<li class=\"product type-product post-7482 status-publish first instock product_cat-in-season product_cat-vegetables has-post-thumbnail shipping-taxable product-type-simple\">\n\t<a href=\"https:\/\/peitrade.com\/es\/product\/cebolla\/\" class=\"woocommerce-LoopProduct-link woocommerce-loop-product__link\"><img decoding=\"async\" width=\"300\" height=\"300\" src=\"https:\/\/peitrade.com\/wp-content\/uploads\/2025\/11\/Egyption-Onion-300x300.webp\" class=\"attachment-woocommerce_thumbnail size-woocommerce_thumbnail\" alt=\"Egyption Onion - PEI Trade\" srcset=\"https:\/\/peitrade.com\/wp-content\/uploads\/2025\/11\/Egyption-Onion-300x300.webp 300w, https:\/\/peitrade.com\/wp-content\/uploads\/2025\/11\/Egyption-Onion-150x150.webp 150w, https:\/\/peitrade.com\/wp-content\/uploads\/2025\/11\/Egyption-Onion-768x768.webp 768w, https:\/\/peitrade.com\/wp-content\/uploads\/2025\/11\/Egyption-Onion-600x600.webp 600w, https:\/\/peitrade.com\/wp-content\/uploads\/2025\/11\/Egyption-Onion-100x100.webp 100w, https:\/\/peitrade.com\/wp-content\/uploads\/2025\/11\/Egyption-Onion.webp 1024w\" sizes=\"(max-width: 300px) 100vw, 300px\" title=\"\"><h2 class=\"woocommerce-loop-product__title\">Cebolla<\/h2>\n<\/a><a href=\"https:\/\/peitrade.com\/es\/product\/cebolla\/\" aria-describedby=\"woocommerce_loop_add_to_cart_link_describedby_7482\" data-quantity=\"1\" class=\"button product_type_simple\" data-product_id=\"7482\" data-product_sku=\"70310\" aria-label=\"Lee m\u00e1s sobre &ldquo;Cebolla&rdquo;\" rel=\"nofollow\" data-success_message=\"\">Leer m\u00e1s<\/a>\t<span id=\"woocommerce_loop_add_to_cart_link_describedby_7482\" class=\"screen-reader-text\">\n\t\t\t<\/span>\n<\/li>\n<li class=\"product type-product post-7717 status-publish instock product_cat-in-season product_cat-legumes has-post-thumbnail shipping-taxable product-type-simple\">\n\t<a href=\"https:\/\/peitrade.com\/es\/product\/frijoles-blancos-secos\/\" class=\"woocommerce-LoopProduct-link woocommerce-loop-product__link\"><img decoding=\"async\" width=\"300\" height=\"300\" src=\"https:\/\/peitrade.com\/wp-content\/uploads\/2025\/11\/Egyptian-White-Beans-300x300.webp\" class=\"attachment-woocommerce_thumbnail size-woocommerce_thumbnail\" alt=\"Frijoles blancos secos\" srcset=\"https:\/\/peitrade.com\/wp-content\/uploads\/2025\/11\/Egyptian-White-Beans-300x300.webp 300w, https:\/\/peitrade.com\/wp-content\/uploads\/2025\/11\/Egyptian-White-Beans-150x150.webp 150w, https:\/\/peitrade.com\/wp-content\/uploads\/2025\/11\/Egyptian-White-Beans-768x768.webp 768w, https:\/\/peitrade.com\/wp-content\/uploads\/2025\/11\/Egyptian-White-Beans-600x600.webp 600w, https:\/\/peitrade.com\/wp-content\/uploads\/2025\/11\/Egyptian-White-Beans-100x100.webp 100w, https:\/\/peitrade.com\/wp-content\/uploads\/2025\/11\/Egyptian-White-Beans.webp 1024w\" sizes=\"(max-width: 300px) 100vw, 300px\" title=\"\"><h2 class=\"woocommerce-loop-product__title\">Frijoles blancos secos<\/h2>\n<\/a><a href=\"https:\/\/peitrade.com\/es\/product\/frijoles-blancos-secos\/\" aria-describedby=\"woocommerce_loop_add_to_cart_link_describedby_7717\" data-quantity=\"1\" class=\"button product_type_simple\" data-product_id=\"7717\" data-product_sku=\"70820\" aria-label=\"Lee m\u00e1s sobre &ldquo;Frijoles blancos secos&rdquo;\" rel=\"nofollow\" data-success_message=\"\">Leer m\u00e1s<\/a>\t<span id=\"woocommerce_loop_add_to_cart_link_describedby_7717\" class=\"screen-reader-text\">\n\t\t\t<\/span>\n<\/li>\n<li class=\"product type-product post-7535 status-publish instock product_cat-in-season product_cat-vegetables has-post-thumbnail shipping-taxable product-type-simple\">\n\t<a href=\"https:\/\/peitrade.com\/es\/product\/judias-verdes\/\" class=\"woocommerce-LoopProduct-link woocommerce-loop-product__link\"><img decoding=\"async\" width=\"300\" height=\"300\" src=\"https:\/\/peitrade.com\/wp-content\/uploads\/2025\/11\/Egyptian-Green-Beans-300x300.webp\" class=\"attachment-woocommerce_thumbnail size-woocommerce_thumbnail\" alt=\"Jud\u00edas verdes\" srcset=\"https:\/\/peitrade.com\/wp-content\/uploads\/2025\/11\/Egyptian-Green-Beans-300x300.webp 300w, https:\/\/peitrade.com\/wp-content\/uploads\/2025\/11\/Egyptian-Green-Beans-150x150.webp 150w, https:\/\/peitrade.com\/wp-content\/uploads\/2025\/11\/Egyptian-Green-Beans-768x768.webp 768w, https:\/\/peitrade.com\/wp-content\/uploads\/2025\/11\/Egyptian-Green-Beans-600x600.webp 600w, https:\/\/peitrade.com\/wp-content\/uploads\/2025\/11\/Egyptian-Green-Beans-100x100.webp 100w, https:\/\/peitrade.com\/wp-content\/uploads\/2025\/11\/Egyptian-Green-Beans.webp 1024w\" sizes=\"(max-width: 300px) 100vw, 300px\" title=\"\"><h2 class=\"woocommerce-loop-product__title\">Jud\u00edas verdes<\/h2>\n<\/a><a href=\"https:\/\/peitrade.com\/es\/product\/judias-verdes\/\" aria-describedby=\"woocommerce_loop_add_to_cart_link_describedby_7535\" data-quantity=\"1\" class=\"button product_type_simple\" data-product_id=\"7535\" data-product_sku=\"70821\" aria-label=\"Lee m\u00e1s sobre &ldquo;Jud\u00edas verdes&rdquo;\" rel=\"nofollow\" data-success_message=\"\">Leer m\u00e1s<\/a>\t<span id=\"woocommerce_loop_add_to_cart_link_describedby_7535\" class=\"screen-reader-text\">\n\t\t\t<\/span>\n<\/li>\n<li class=\"product type-product post-7766 status-publish last instock product_cat-in-season product_cat-vegetables has-post-thumbnail shipping-taxable product-type-simple\">\n\t<a href=\"https:\/\/peitrade.com\/es\/product\/patatas\/\" class=\"woocommerce-LoopProduct-link woocommerce-loop-product__link\"><img decoding=\"async\" width=\"300\" height=\"300\" src=\"https:\/\/peitrade.com\/wp-content\/uploads\/2025\/11\/Egyptian-Potatoes-300x300.webp\" class=\"attachment-woocommerce_thumbnail size-woocommerce_thumbnail\" alt=\"Patatas\" srcset=\"https:\/\/peitrade.com\/wp-content\/uploads\/2025\/11\/Egyptian-Potatoes-300x300.webp 300w, https:\/\/peitrade.com\/wp-content\/uploads\/2025\/11\/Egyptian-Potatoes-150x150.webp 150w, https:\/\/peitrade.com\/wp-content\/uploads\/2025\/11\/Egyptian-Potatoes-768x768.webp 768w, https:\/\/peitrade.com\/wp-content\/uploads\/2025\/11\/Egyptian-Potatoes-600x600.webp 600w, https:\/\/peitrade.com\/wp-content\/uploads\/2025\/11\/Egyptian-Potatoes-100x100.webp 100w, https:\/\/peitrade.com\/wp-content\/uploads\/2025\/11\/Egyptian-Potatoes.webp 1024w\" sizes=\"(max-width: 300px) 100vw, 300px\" title=\"\"><h2 class=\"woocommerce-loop-product__title\">Patatas<\/h2>\n<\/a><a href=\"https:\/\/peitrade.com\/es\/product\/patatas\/\" aria-describedby=\"woocommerce_loop_add_to_cart_link_describedby_7766\" data-quantity=\"1\" class=\"button product_type_simple\" data-product_id=\"7766\" data-product_sku=\"70190\" aria-label=\"Lee m\u00e1s sobre &ldquo;Patatas&rdquo;\" rel=\"nofollow\" data-success_message=\"\">Leer m\u00e1s<\/a>\t<span id=\"woocommerce_loop_add_to_cart_link_describedby_7766\" class=\"screen-reader-text\">\n\t\t\t<\/span>\n<\/li>\n<\/ul>\n<\/div><\/div>\n<div class=\"container\">\n<h2>\u00bfPor qu\u00e9 elegir a PEI Trade \u2013 Proveedores l\u00edderes de verduras mixtas congeladas?<\/h2>\n<p><span style=\"font-weight: 400;\">Trabajar con PEI Trade significa acceso a:<\/span><\/p>\n<ul>\n<li style=\"font-weight: 400;\">Verduras de calidad superior cosechadas en su punto \u00f3ptimo de frescura<\/li>\n<li style=\"font-weight: 400;\">Combinaciones de <b>mezclas de verduras congeladas<\/b> personalizadas seg\u00fan las necesidades del mercado<\/li>\n<li style=\"font-weight: 400;\">Suministro confiable de <b>verduras mixtas congeladas al por mayor<\/b> durante todo el a\u00f1o<\/li>\n<li style=\"font-weight: 400;\">Producci\u00f3n certificada HACCP, ISO y fitosanitaria<\/li>\n<li style=\"font-weight: 400;\">Empaque flexible para pedidos minoristas y al por mayor<\/li>\n<\/ul>\n<h2>Mezclas personalizadas para cada mercado<\/h2>\n<p><span style=\"font-weight: 400;\">Elija entre una amplia gama de opciones est\u00e1ndar y personalizadas de <b>mezclas de verduras congeladas<\/b>, incluyendo:<\/span><\/p>\n<ul>\n<li style=\"font-weight: 400;\"><b>Mezcla cl\u00e1sica:<\/b> Zanahorias, guisantes, ma\u00edz, ejotes<\/li>\n<li style=\"font-weight: 400;\"><b>Mezcla para salteado:<\/b> Pimientos, br\u00f3coli, elote baby, arvejas chinas<\/li>\n<li style=\"font-weight: 400;\"><b>Mezcla para sopa:<\/b> Papas, cebollas, apio, zanahorias<\/li>\n<li style=\"font-weight: 400;\"><b>Mezcla personalizada:<\/b> Formulaciones adaptadas a su cocina o marca<\/li>\n<\/ul>\n<p><span style=\"font-weight: 400;\">Trabajamos mano a mano con los clientes para asegurar que cada pedido de <b>verduras mixtas congeladas a granel<\/b> cumpla con sus preferencias de sabor y mercado.<\/span><\/p>\n<h2>Procesamiento moderno y log\u00edstica en cadena de fr\u00edo<\/h2>\n<p><span style=\"font-weight: 400;\">Nuestras instalaciones de producci\u00f3n est\u00e1n equipadas para clasificar con precisi\u00f3n, congelar r\u00e1pidamente y empacar higi\u00e9nicamente. Los pasos clave incluyen:<\/span><\/p>\n<ul>\n<li style=\"font-weight: 400;\">Cosecha y lavado en pocas horas despu\u00e9s de la recolecci\u00f3n<\/li>\n<li style=\"font-weight: 400;\">Escaldado para conservar color y nutrientes<\/li>\n<li style=\"font-weight: 400;\">Congelaci\u00f3n IQF para porcionado f\u00e1cil y larga vida \u00fatil<\/li>\n<li style=\"font-weight: 400;\">Sellado al vac\u00edo y enjuague con nitr\u00f3geno para proteger la exportaci\u00f3n<\/li>\n<\/ul>\n<p><span style=\"font-weight: 400;\">Como <b>exportadores de verduras mixtas congeladas<\/b> confiables, gestionamos toda la cadena de fr\u00edo de origen a destino para garantizar la m\u00e1xima frescura.<\/span><\/p>\n<h2>Ideales para diversas aplicaciones<\/h2>\n<p><span style=\"font-weight: 400;\">Nuestras <b>verduras mixtas congeladas<\/b> son populares entre:<\/span><\/p>\n<ul>\n<li style=\"font-weight: 400;\"><b>Minoristas:<\/b> Mezclas congeladas de marca privada<\/li>\n<li style=\"font-weight: 400;\"><b>Servicios de alimentos:<\/b> Preparaci\u00f3n r\u00e1pida y conveniente<\/li>\n<li style=\"font-weight: 400;\"><b>Fabricantes:<\/b> Ingrediente para comidas listas y platos congelados<\/li>\n<li style=\"font-weight: 400;\"><b>Distribuidores:<\/b> <b>Verduras mixtas congeladas al por mayor<\/b> con suministro escalable<\/li>\n<\/ul>\n<h2>Presencia en mercados internacionales<\/h2>\n<p><span style=\"font-weight: 400;\">PEI Trade es uno de los <b>proveedores de verduras mixtas congeladas<\/b> en crecimiento en Egipto, exportando a:<\/span><\/p>\n<ul>\n<li style=\"font-weight: 400;\">Europa (Alemania, Francia, Reino Unido)<\/li>\n<li style=\"font-weight: 400;\">Oriente Medio (Arabia Saudita, EAU, Kuwait)<\/li>\n<li style=\"font-weight: 400;\">\u00c1frica (Kenia, Nigeria, Sud\u00e1frica)<\/li>\n<li style=\"font-weight: 400;\">Asia (Jap\u00f3n, Corea, India)<\/li>\n<\/ul>\n<p><span style=\"font-weight: 400;\">Ofrecemos soporte multiling\u00fce, certificaciones espec\u00edficas del mercado y precios competitivos en <b>verduras mixtas congeladas al por mayor<\/b>.<\/span><\/p>\n<h2>Opciones de empaque para cada cliente<\/h2>\n<ul>\n<li style=\"font-weight: 400;\">Bolsas de polietileno de 1 kg a 2,5 kg para supermercados<\/li>\n<li style=\"font-weight: 400;\">Cajas de 10 kg y 20 kg para compradores a granel<\/li>\n<li style=\"font-weight: 400;\">Servicios de marca privada disponibles bajo pedido<\/li>\n<li style=\"font-weight: 400;\">Soluciones de embalaje ecol\u00f3gicas para marcas sostenibles<\/li>\n<\/ul>\n<p><span style=\"font-weight: 400;\">Todo el empaque cumple con las regulaciones de seguridad y etiquetado de exportaci\u00f3n en su mercado de destino.<\/span><\/p>\n<\/div>\n<section style=\"padding: 50px 20px; background-color: #f0f0f0;\">\n<div class=\"container\">\n<h2>As\u00f3ciese con PEI Trade \u2013 Su exportador de mezcla de verduras congeladas<\/h2>\n<p>Si est\u00e1 buscando <b>exportadores de verduras mixtas congeladas<\/b> confiables con calidad garantizada y log\u00edstica eficaz, PEI Trade es su mejor opci\u00f3n.<\/p>\n<p>Desde mezclas personalizadas hasta soporte completo de exportaci\u00f3n, ofrecemos excelencia en cada env\u00edo.<\/p>\n<h2>Cont\u00e1ctenos para ofertas y muestras de productos<\/h2>\n<p>Comun\u00edquese con nosotros para obtener informaci\u00f3n sobre precios, cantidades m\u00ednimas, opciones de empaque y solicitar una muestra de nuestra <b>mezcla de verduras congeladas<\/b> m\u00e1s vendida.<\/p>\n<p style=\"text-align: center; margin-top: 40px;\"><a class=\"button primary large\" href=\"\/contact\">Solicitar Cotizaci\u00f3n<\/a><\/p>\n<\/div>\n<\/section>\n<section style=\"padding: 50px 20px;\">\n<div class=\"container\">\n<h2>Explore m\u00e1s opciones de exportaci\u00f3n de alimentos egipcios<\/h2>\n<p>&nbsp;<\/p>\n<p>Adem\u00e1s de nuestras <b>verduras mixtas congeladas a granel<\/b>, PEI Trade tambi\u00e9n exporta quimbomb\u00f3 congelado, fresas y molokhia. Descubra c\u00f3mo nuestra amplia gama de productos puede respaldar la l\u00ednea de alimentos congelados de su marca. <a href=\"\/about\">Conozca m\u00e1s sobre nuestras capacidades<\/a>.<\/p>\n<div class=\"wp-block-woocommerce-product-collection\"><div class=\"woocommerce columns-4 \"><ul class=\"products columns-4\" data-products=\"type-2\">\n<li class=\"product type-product post-7374 status-publish first instock product_cat-in-season product_cat-vegetables has-post-thumbnail shipping-taxable product-type-simple\">\n\t<a href=\"https:\/\/peitrade.com\/es\/product\/ajo\/\" class=\"woocommerce-LoopProduct-link woocommerce-loop-product__link\"><img decoding=\"async\" width=\"300\" height=\"300\" src=\"https:\/\/peitrade.com\/wp-content\/uploads\/2025\/11\/Egyptian-Garlic-300x300.webp\" class=\"attachment-woocommerce_thumbnail size-woocommerce_thumbnail\" alt=\"Ajo\" srcset=\"https:\/\/peitrade.com\/wp-content\/uploads\/2025\/11\/Egyptian-Garlic-300x300.webp 300w, https:\/\/peitrade.com\/wp-content\/uploads\/2025\/11\/Egyptian-Garlic-150x150.webp 150w, https:\/\/peitrade.com\/wp-content\/uploads\/2025\/11\/Egyptian-Garlic-768x768.webp 768w, https:\/\/peitrade.com\/wp-content\/uploads\/2025\/11\/Egyptian-Garlic-600x600.webp 600w, https:\/\/peitrade.com\/wp-content\/uploads\/2025\/11\/Egyptian-Garlic-100x100.webp 100w, https:\/\/peitrade.com\/wp-content\/uploads\/2025\/11\/Egyptian-Garlic.webp 1024w\" sizes=\"(max-width: 300px) 100vw, 300px\" title=\"\"><h2 class=\"woocommerce-loop-product__title\">Ajo<\/h2>\n<\/a><a href=\"https:\/\/peitrade.com\/es\/product\/ajo\/\" aria-describedby=\"woocommerce_loop_add_to_cart_link_describedby_7374\" data-quantity=\"1\" class=\"button product_type_simple\" data-product_id=\"7374\" data-product_sku=\"70320\" aria-label=\"Lee m\u00e1s sobre &ldquo;Ajo&rdquo;\" rel=\"nofollow\" data-success_message=\"\">Leer m\u00e1s<\/a>\t<span id=\"woocommerce_loop_add_to_cart_link_describedby_7374\" class=\"screen-reader-text\">\n\t\t\t<\/span>\n<\/li>\n<li class=\"product type-product post-7790 status-publish instock product_cat-in-season product_cat-vegetables has-post-thumbnail shipping-taxable product-type-simple\">\n\t<a href=\"https:\/\/peitrade.com\/es\/product\/batatas-dulces\/\" class=\"woocommerce-LoopProduct-link woocommerce-loop-product__link\"><img decoding=\"async\" width=\"300\" height=\"300\" src=\"https:\/\/peitrade.com\/wp-content\/uploads\/2025\/11\/Egyptian-Sweet-Potatoes-300x300.webp\" class=\"attachment-woocommerce_thumbnail size-woocommerce_thumbnail\" alt=\"Egyptian Sweet Potatoes - PEI Trade\" srcset=\"https:\/\/peitrade.com\/wp-content\/uploads\/2025\/11\/Egyptian-Sweet-Potatoes-300x300.webp 300w, https:\/\/peitrade.com\/wp-content\/uploads\/2025\/11\/Egyptian-Sweet-Potatoes-150x150.webp 150w, https:\/\/peitrade.com\/wp-content\/uploads\/2025\/11\/Egyptian-Sweet-Potatoes-768x768.webp 768w, https:\/\/peitrade.com\/wp-content\/uploads\/2025\/11\/Egyptian-Sweet-Potatoes-600x600.webp 600w, https:\/\/peitrade.com\/wp-content\/uploads\/2025\/11\/Egyptian-Sweet-Potatoes-100x100.webp 100w, https:\/\/peitrade.com\/wp-content\/uploads\/2025\/11\/Egyptian-Sweet-Potatoes.webp 1024w\" sizes=\"(max-width: 300px) 100vw, 300px\" title=\"\"><h2 class=\"woocommerce-loop-product__title\">Batatas dulces<\/h2>\n<\/a><a href=\"https:\/\/peitrade.com\/es\/product\/batatas-dulces\/\" aria-describedby=\"woocommerce_loop_add_to_cart_link_describedby_7790\" data-quantity=\"1\" class=\"button product_type_simple\" data-product_id=\"7790\" data-product_sku=\"71420\" aria-label=\"Lee m\u00e1s sobre &ldquo;Batatas dulces&rdquo;\" rel=\"nofollow\" data-success_message=\"\">Leer m\u00e1s<\/a>\t<span id=\"woocommerce_loop_add_to_cart_link_describedby_7790\" class=\"screen-reader-text\">\n\t\t\t<\/span>\n<\/li>\n<li class=\"product type-product post-7766 status-publish instock product_cat-in-season product_cat-vegetables has-post-thumbnail shipping-taxable product-type-simple\">\n\t<a href=\"https:\/\/peitrade.com\/es\/product\/patatas\/\" class=\"woocommerce-LoopProduct-link woocommerce-loop-product__link\"><img decoding=\"async\" width=\"300\" height=\"300\" src=\"https:\/\/peitrade.com\/wp-content\/uploads\/2025\/11\/Egyptian-Potatoes-300x300.webp\" class=\"attachment-woocommerce_thumbnail size-woocommerce_thumbnail\" alt=\"Patatas\" srcset=\"https:\/\/peitrade.com\/wp-content\/uploads\/2025\/11\/Egyptian-Potatoes-300x300.webp 300w, https:\/\/peitrade.com\/wp-content\/uploads\/2025\/11\/Egyptian-Potatoes-150x150.webp 150w, https:\/\/peitrade.com\/wp-content\/uploads\/2025\/11\/Egyptian-Potatoes-768x768.webp 768w, https:\/\/peitrade.com\/wp-content\/uploads\/2025\/11\/Egyptian-Potatoes-600x600.webp 600w, https:\/\/peitrade.com\/wp-content\/uploads\/2025\/11\/Egyptian-Potatoes-100x100.webp 100w, https:\/\/peitrade.com\/wp-content\/uploads\/2025\/11\/Egyptian-Potatoes.webp 1024w\" sizes=\"(max-width: 300px) 100vw, 300px\" title=\"\"><h2 class=\"woocommerce-loop-product__title\">Patatas<\/h2>\n<\/a><a href=\"https:\/\/peitrade.com\/es\/product\/patatas\/\" aria-describedby=\"woocommerce_loop_add_to_cart_link_describedby_7766\" data-quantity=\"1\" class=\"button product_type_simple\" data-product_id=\"7766\" data-product_sku=\"70190\" aria-label=\"Lee m\u00e1s sobre &ldquo;Patatas&rdquo;\" rel=\"nofollow\" data-success_message=\"\">Leer m\u00e1s<\/a>\t<span id=\"woocommerce_loop_add_to_cart_link_describedby_7766\" class=\"screen-reader-text\">\n\t\t\t<\/span>\n<\/li>\n<li class=\"product type-product post-7358 status-publish last instock product_cat-vegetables has-post-thumbnail shipping-taxable product-type-simple\">\n\t<a href=\"https:\/\/peitrade.com\/es\/product\/tomates\/\" class=\"woocommerce-LoopProduct-link woocommerce-loop-product__link\"><img decoding=\"async\" width=\"300\" height=\"300\" src=\"https:\/\/peitrade.com\/wp-content\/uploads\/2025\/11\/Egyptian-Tomatoes-300x300.webp\" class=\"attachment-woocommerce_thumbnail size-woocommerce_thumbnail\" alt=\"Tomates\" srcset=\"https:\/\/peitrade.com\/wp-content\/uploads\/2025\/11\/Egyptian-Tomatoes-300x300.webp 300w, https:\/\/peitrade.com\/wp-content\/uploads\/2025\/11\/Egyptian-Tomatoes-150x150.webp 150w, https:\/\/peitrade.com\/wp-content\/uploads\/2025\/11\/Egyptian-Tomatoes-768x768.webp 768w, https:\/\/peitrade.com\/wp-content\/uploads\/2025\/11\/Egyptian-Tomatoes-600x600.webp 600w, https:\/\/peitrade.com\/wp-content\/uploads\/2025\/11\/Egyptian-Tomatoes-100x100.webp 100w, https:\/\/peitrade.com\/wp-content\/uploads\/2025\/11\/Egyptian-Tomatoes.webp 1024w\" sizes=\"(max-width: 300px) 100vw, 300px\" title=\"\"><h2 class=\"woocommerce-loop-product__title\">Tomates<\/h2>\n<\/a><a href=\"https:\/\/peitrade.com\/es\/product\/tomates\/\" aria-describedby=\"woocommerce_loop_add_to_cart_link_describedby_7358\" data-quantity=\"1\" class=\"button product_type_simple\" data-product_id=\"7358\" data-product_sku=\"70200\" aria-label=\"Lee m\u00e1s sobre &ldquo;Tomates&rdquo;\" rel=\"nofollow\" data-success_message=\"\">Leer m\u00e1s<\/a>\t<span id=\"woocommerce_loop_add_to_cart_link_describedby_7358\" class=\"screen-reader-text\">\n\t\t\t<\/span>\n<\/li>\n<\/ul>\n<\/div><\/div>\n<\/div>\n<\/section>\n<section style=\"padding: 50px 20px; background-color: #f9f9f9;\">\n<div class=\"container\">\n<h2>Preguntas frecuentes<\/h2>\n<h3>\u00bfQu\u00e9 tipos de mezclas de verduras congeladas ofrecen?<\/h3>\n<p>Ofrecemos mezclas cl\u00e1sicas, para salteado, para sopa y personalizadas adaptadas a mercados y cocinas espec\u00edficas.<\/p>\n<h3>\u00bfPuedo pedir en formatos minoristas y a granel?<\/h3>\n<p>Por supuesto. Ofrecemos paquetes listos para supermercado y formatos industriales a granel.<\/p>\n<h3>\u00bfOfrecen servicio de marca privada?<\/h3>\n<p>S\u00ed, proporcionamos soluciones completas de etiquetado y marca para nuestros clientes.<\/p>\n<h3>\u00bfC\u00f3mo garantizan la calidad y seguridad del producto?<\/h3>\n<p>Todos los productos se procesan bajo normas HACCP con trazabilidad total y certificaciones internacionales.<\/p>\n<h3>\u00bfA qu\u00e9 pa\u00edses exportan?<\/h3>\n<p>Exportamos a Europa, Oriente Medio, \u00c1frica y Asia, ofreciendo env\u00edos fiables y soporte documental.<\/p>\n<\/div>\n<\/section>\n","protected":false},"excerpt":{"rendered":"<p>PEI Trade se posiciona con orgullo entre los principales proveedores de verduras mixtas congeladas, ofreciendo mezclas vegetales de alta calidad que responden a las necesidades cambiantes de los mercados alimentarios globales. Ya sea en el comercio minorista, el servicio de alimentos o el procesamiento industrial, nuestras soluciones de mezcla de verduras congeladas garantizan calidad constante, [&hellip;]<\/p>\n","protected":false},"author":1,"featured_media":0,"parent":0,"menu_order":0,"comment_status":"closed","ping_status":"closed","template":"","meta":{"footnotes":""},"class_list":["post-6291","page","type-page","status-publish","hentry"],"blocksy_meta":[],"mb":[],"featured_image_urls_v2":{"full":"","thumbnail":"","medium":"","medium_large":"","large":"","1536x1536":"","2048x2048":"","woocommerce_archive_thumbnail":"","woocommerce_thumbnail":"","woocommerce_single":"","woocommerce_gallery_thumbnail":""},"post_excerpt_stackable_v2":"<p>PEI Trade se posiciona con orgullo entre los principales proveedores de verduras mixtas congeladas, ofreciendo mezclas vegetales de alta calidad que responden a las necesidades cambiantes de los mercados alimentarios globales. Ya sea en el comercio minorista, el servicio de alimentos o el procesamiento industrial, nuestras soluciones de mezcla de verduras congeladas garantizan calidad constante, nutrici\u00f3n y conveniencia. Nuestras verduras mixtas congeladas a granel listas para exportaci\u00f3n se procesan utilizando la m\u00e1s reciente tecnolog\u00eda IQF (congelaci\u00f3n r\u00e1pida individual), lo que preserva el color, el sabor y el valor nutricional natural. Como exportadores de verduras mixtas congeladas confiables, atendemos a clientes&hellip;<\/p>\n","category_list_v2":"","author_info_v2":{"name":"Mostafa Sabry","url":"https:\/\/peitrade.com\/es\/author\/emostafaadel_jn8gcqbo\/"},"comments_num_v2":"0 comentarios","mfb_rest_fields":["title","blocksy_meta","featured_image_urls_v2","post_excerpt_stackable_v2","category_list_v2","author_info_v2","comments_num_v2"],"_links":{"self":[{"href":"https:\/\/peitrade.com\/es\/wp-json\/wp\/v2\/pages\/6291","targetHints":{"allow":["GET"]}}],"collection":[{"href":"https:\/\/peitrade.com\/es\/wp-json\/wp\/v2\/pages"}],"about":[{"href":"https:\/\/peitrade.com\/es\/wp-json\/wp\/v2\/types\/page"}],"author":[{"embeddable":true,"href":"https:\/\/peitrade.com\/es\/wp-json\/wp\/v2\/users\/1"}],"replies":[{"embeddable":true,"href":"https:\/\/peitrade.com\/es\/wp-json\/wp\/v2\/comments?post=6291"}],"version-history":[{"count":1,"href":"https:\/\/peitrade.com\/es\/wp-json\/wp\/v2\/pages\/6291\/revisions"}],"predecessor-version":[{"id":6292,"href":"https:\/\/peitrade.com\/es\/wp-json\/wp\/v2\/pages\/6291\/revisions\/6292"}],"wp:attachment":[{"href":"https:\/\/peitrade.com\/es\/wp-json\/wp\/v2\/media?parent=6291"}],"curies":[{"name":"wp","href":"https:\/\/api.w.org\/{rel}","templated":true}]}}