{"id":6333,"date":"2025-06-20T06:57:41","date_gmt":"2025-06-20T06:57:41","guid":{"rendered":"http:\/\/46.224.74.15\/largest-exporter-of-dates-4\/"},"modified":"2025-11-19T16:57:41","modified_gmt":"2025-11-19T16:57:41","slug":"largest-exporter-of-dates-4","status":"publish","type":"page","link":"https:\/\/peitrade.com\/es\/largest-exporter-of-dates-4\/","title":{"rendered":"L\u00edder en Exportaci\u00f3n de D\u00e1tiles \u2013 Calidad Premium por PEI Trade"},"content":{"rendered":"<section style=\"padding: 60px 20px; background-color: #f9f9f9;\">\n<div class=\"container\">\n<h1>L\u00edder en Exportaci\u00f3n de D\u00e1tiles \u2013 Calidad Premium por PEI Trade<\/h1>\n<p>&nbsp;<\/p>\n<p>PEI Trade es reconocida como el <b>l\u00edder en exportaci\u00f3n de d\u00e1tiles<\/b> de Egipto, ofreciendo variedades de calidad premium procedentes directamente de los oasis y palmerales m\u00e1s f\u00e9rtiles del pa\u00eds. Nuestros d\u00e1tiles maduran naturalmente bajo el sol egipcio, se seleccionan a mano y se procesan con cuidado para cumplir con los est\u00e1ndares internacionales de exportaci\u00f3n.<\/p>\n<p>Como el <b>l\u00edder en exportaci\u00f3n de d\u00e1tiles<\/b>, PEI Trade atiende a una red global de mayoristas, minoristas y socios de la industria alimentaria con productos consistentes y de etiqueta limpia. Nos especializamos en d\u00e1tiles Siwa, Zaghloul, Hayany, Saidi y Deglet Noor \u2014 procesados y empaquetados bajo est\u00e1ndares globales de seguridad y calidad.<\/p>\n<\/div>\n<p>&nbsp;<\/p>\n<\/section>\n<div class=\"wp-block-woocommerce-product-collection\"><div class=\"woocommerce columns-4 \"><ul class=\"products columns-4\" data-products=\"type-2\">\n<li class=\"product type-product post-7665 status-publish first instock product_cat-fruits has-post-thumbnail shipping-taxable product-type-simple\">\n\t<a href=\"https:\/\/peitrade.com\/es\/product\/fresas\/\" class=\"woocommerce-LoopProduct-link woocommerce-loop-product__link\"><img decoding=\"async\" width=\"300\" height=\"300\" src=\"https:\/\/peitrade.com\/wp-content\/uploads\/2025\/11\/Egyptian-Strawberries-300x300.webp\" class=\"attachment-woocommerce_thumbnail size-woocommerce_thumbnail\" alt=\"Fresas\" srcset=\"https:\/\/peitrade.com\/wp-content\/uploads\/2025\/11\/Egyptian-Strawberries-300x300.webp 300w, https:\/\/peitrade.com\/wp-content\/uploads\/2025\/11\/Egyptian-Strawberries-150x150.webp 150w, https:\/\/peitrade.com\/wp-content\/uploads\/2025\/11\/Egyptian-Strawberries-768x768.webp 768w, https:\/\/peitrade.com\/wp-content\/uploads\/2025\/11\/Egyptian-Strawberries-600x600.webp 600w, https:\/\/peitrade.com\/wp-content\/uploads\/2025\/11\/Egyptian-Strawberries-100x100.webp 100w, https:\/\/peitrade.com\/wp-content\/uploads\/2025\/11\/Egyptian-Strawberries.webp 1024w\" sizes=\"(max-width: 300px) 100vw, 300px\" title=\"\"><h2 class=\"woocommerce-loop-product__title\">Fresas<\/h2>\n<\/a><a href=\"https:\/\/peitrade.com\/es\/product\/fresas\/\" aria-describedby=\"woocommerce_loop_add_to_cart_link_describedby_7665\" data-quantity=\"1\" class=\"button product_type_simple\" data-product_id=\"7665\" data-product_sku=\"81010\" aria-label=\"Lee m\u00e1s sobre &ldquo;Fresas&rdquo;\" rel=\"nofollow\" data-success_message=\"\">Leer m\u00e1s<\/a>\t<span id=\"woocommerce_loop_add_to_cart_link_describedby_7665\" class=\"screen-reader-text\">\n\t\t\t<\/span>\n<\/li>\n<li class=\"product type-product post-7537 status-publish instock product_cat-in-season product_cat-fruits has-post-thumbnail shipping-taxable product-type-simple\">\n\t<a href=\"https:\/\/peitrade.com\/es\/product\/limones\/\" class=\"woocommerce-LoopProduct-link woocommerce-loop-product__link\"><img decoding=\"async\" width=\"300\" height=\"300\" src=\"https:\/\/peitrade.com\/wp-content\/uploads\/2025\/11\/Egyptian-Lemons-300x300.webp\" class=\"attachment-woocommerce_thumbnail size-woocommerce_thumbnail\" alt=\"Limones\" srcset=\"https:\/\/peitrade.com\/wp-content\/uploads\/2025\/11\/Egyptian-Lemons-300x300.webp 300w, https:\/\/peitrade.com\/wp-content\/uploads\/2025\/11\/Egyptian-Lemons-150x150.webp 150w, https:\/\/peitrade.com\/wp-content\/uploads\/2025\/11\/Egyptian-Lemons-768x768.webp 768w, https:\/\/peitrade.com\/wp-content\/uploads\/2025\/11\/Egyptian-Lemons-600x600.webp 600w, https:\/\/peitrade.com\/wp-content\/uploads\/2025\/11\/Egyptian-Lemons-100x100.webp 100w, https:\/\/peitrade.com\/wp-content\/uploads\/2025\/11\/Egyptian-Lemons.webp 1024w\" sizes=\"(max-width: 300px) 100vw, 300px\" title=\"\"><h2 class=\"woocommerce-loop-product__title\">Limones<\/h2>\n<\/a><a href=\"https:\/\/peitrade.com\/es\/product\/limones\/\" aria-describedby=\"woocommerce_loop_add_to_cart_link_describedby_7537\" data-quantity=\"1\" class=\"button product_type_simple\" data-product_id=\"7537\" data-product_sku=\"80550\" aria-label=\"Lee m\u00e1s sobre &ldquo;Limones&rdquo;\" rel=\"nofollow\" data-success_message=\"\">Leer m\u00e1s<\/a>\t<span id=\"woocommerce_loop_add_to_cart_link_describedby_7537\" class=\"screen-reader-text\">\n\t\t\t<\/span>\n<\/li>\n<li class=\"product type-product post-7644 status-publish instock product_cat-fruits has-post-thumbnail shipping-taxable product-type-simple\">\n\t<a href=\"https:\/\/peitrade.com\/es\/product\/mango\/\" class=\"woocommerce-LoopProduct-link woocommerce-loop-product__link\"><img decoding=\"async\" width=\"300\" height=\"300\" src=\"https:\/\/peitrade.com\/wp-content\/uploads\/2025\/11\/Egyption-Mango-300x300.webp\" class=\"attachment-woocommerce_thumbnail size-woocommerce_thumbnail\" alt=\"Mangoes: Egypt\u2019s Tropical Treasure\" srcset=\"https:\/\/peitrade.com\/wp-content\/uploads\/2025\/11\/Egyption-Mango-300x300.webp 300w, https:\/\/peitrade.com\/wp-content\/uploads\/2025\/11\/Egyption-Mango-150x150.webp 150w, https:\/\/peitrade.com\/wp-content\/uploads\/2025\/11\/Egyption-Mango-768x768.webp 768w, https:\/\/peitrade.com\/wp-content\/uploads\/2025\/11\/Egyption-Mango-600x600.webp 600w, https:\/\/peitrade.com\/wp-content\/uploads\/2025\/11\/Egyption-Mango-100x100.webp 100w, https:\/\/peitrade.com\/wp-content\/uploads\/2025\/11\/Egyption-Mango.webp 1024w\" sizes=\"(max-width: 300px) 100vw, 300px\" title=\"\"><h2 class=\"woocommerce-loop-product__title\">Mango<\/h2>\n<\/a><a href=\"https:\/\/peitrade.com\/es\/product\/mango\/\" aria-describedby=\"woocommerce_loop_add_to_cart_link_describedby_7644\" data-quantity=\"1\" class=\"button product_type_simple\" data-product_id=\"7644\" data-product_sku=\"80450\" aria-label=\"Lee m\u00e1s sobre &ldquo;Mango&rdquo;\" rel=\"nofollow\" data-success_message=\"\">Leer m\u00e1s<\/a>\t<span id=\"woocommerce_loop_add_to_cart_link_describedby_7644\" class=\"screen-reader-text\">\n\t\t\t<\/span>\n<\/li>\n<li class=\"product type-product post-7443 status-publish last instock product_cat-in-season product_cat-fruits has-post-thumbnail shipping-taxable product-type-simple\">\n\t<a href=\"https:\/\/peitrade.com\/es\/product\/naranjas\/\" class=\"woocommerce-LoopProduct-link woocommerce-loop-product__link\"><img decoding=\"async\" width=\"300\" height=\"300\" src=\"https:\/\/peitrade.com\/wp-content\/uploads\/2025\/11\/Egyptian-Oranges-300x300.webp\" class=\"attachment-woocommerce_thumbnail size-woocommerce_thumbnail\" alt=\"Las exportaciones de naranjas egipcias a Canad\u00e1 alcanzan un r\u00e9cord en 2025\" srcset=\"https:\/\/peitrade.com\/wp-content\/uploads\/2025\/11\/Egyptian-Oranges-300x300.webp 300w, https:\/\/peitrade.com\/wp-content\/uploads\/2025\/11\/Egyptian-Oranges-150x150.webp 150w, https:\/\/peitrade.com\/wp-content\/uploads\/2025\/11\/Egyptian-Oranges-768x768.webp 768w, https:\/\/peitrade.com\/wp-content\/uploads\/2025\/11\/Egyptian-Oranges-600x600.webp 600w, https:\/\/peitrade.com\/wp-content\/uploads\/2025\/11\/Egyptian-Oranges-100x100.webp 100w, https:\/\/peitrade.com\/wp-content\/uploads\/2025\/11\/Egyptian-Oranges.webp 1024w\" sizes=\"(max-width: 300px) 100vw, 300px\" title=\"\"><h2 class=\"woocommerce-loop-product__title\">Naranjas<\/h2>\n<\/a><a href=\"https:\/\/peitrade.com\/es\/product\/naranjas\/\" aria-describedby=\"woocommerce_loop_add_to_cart_link_describedby_7443\" data-quantity=\"1\" class=\"button product_type_simple\" data-product_id=\"7443\" data-product_sku=\"80510\" aria-label=\"Lee m\u00e1s sobre &ldquo;Naranjas&rdquo;\" rel=\"nofollow\" data-success_message=\"\">Leer m\u00e1s<\/a>\t<span id=\"woocommerce_loop_add_to_cart_link_describedby_7443\" class=\"screen-reader-text\">\n\t\t\t<\/span>\n<\/li>\n<\/ul>\n<\/div><\/div>\n<section style=\"padding: 50px 20px;\">\n<div class=\"container\">\n<h2>\u00bfPor qu\u00e9 Trabajar con el L\u00edder en Exportaci\u00f3n de D\u00e1tiles?<\/h2>\n<p><span style=\"font-weight: 400;\">PEI Trade garantiza la excelencia en cada paso de la cadena de suministro como el <b>l\u00edder en exportaci\u00f3n de d\u00e1tiles<\/b>:<\/span><\/p>\n<ul>\n<li style=\"font-weight: 400;\">Amplia gama de d\u00e1tiles secos, semi-secos y frescos<\/li>\n<li style=\"font-weight: 400;\">Cultivo en las principales zonas agr\u00edcolas de Egipto<\/li>\n<li style=\"font-weight: 400;\">Dulzor natural con altos niveles de Brix<\/li>\n<li style=\"font-weight: 400;\">Clasificaci\u00f3n manual y limpieza para exportaci\u00f3n<\/li>\n<li style=\"font-weight: 400;\">Etiquetas privadas y empaques personalizados disponibles<\/li>\n<\/ul>\n<p><span style=\"font-weight: 400;\">Como el <b>l\u00edder en exportaci\u00f3n de d\u00e1tiles<\/b>, ofrecemos productos seguros y sin aditivos que respaldan las tendencias de alimentaci\u00f3n saludable en todo el mundo.<\/span><\/p>\n<h2>Procesamiento y Log\u00edstica Integral<\/h2>\n<p><span style=\"font-weight: 400;\">Con una infraestructura robusta, PEI Trade brinda log\u00edstica confiable como parte de su condici\u00f3n de <b>l\u00edder en exportaci\u00f3n de d\u00e1tiles<\/b>:<\/span><\/p>\n<ul>\n<li style=\"font-weight: 400;\">Almacenamiento y transporte con control de temperatura<\/li>\n<li style=\"font-weight: 400;\">Procesamiento automatizado: limpieza, clasificaci\u00f3n, deshuesado<\/li>\n<li style=\"font-weight: 400;\">Empaques flexibles: al vac\u00edo, almohadilla o cajas<\/li>\n<li style=\"font-weight: 400;\">Total cumplimiento con normas globales de etiquetado<\/li>\n<\/ul>\n<p><span style=\"font-weight: 400;\">Los env\u00edos de PEI Trade cuentan con certificaciones Global GAP, ISO y HACCP, garantizando la m\u00e1s alta calidad.<\/span><\/p>\n<h2>Temporadas del D\u00e1til Egipcio<\/h2>\n<p><span style=\"font-weight: 400;\">Como el <b>l\u00edder en exportaci\u00f3n de d\u00e1tiles<\/b>, alineamos nuestro suministro con los ciclos de cosecha de <\/span><b>agosto a diciembre<\/b><span style=\"font-weight: 400;\">. Variedades tempranas como Zaghloul comienzan en agosto, mientras que otras alcanzan su punto m\u00e1ximo en octubre y noviembre.<\/span><br \/>\n<span style=\"font-weight: 400;\">Tambi\u00e9n contamos con stock refrigerado para asegurar la disponibilidad durante todo el a\u00f1o, con opciones de reserva anticipada para compradores al por mayor.<\/span><\/p>\n<h3>\u00bfQui\u00e9n Usa Nuestros D\u00e1tiles?<\/h3>\n<p><span style=\"font-weight: 400;\">Los d\u00e1tiles de PEI Trade se env\u00edan globalmente a diversos sectores:<\/span><\/p>\n<ul>\n<li style=\"font-weight: 400;\"><b>Venta minorista<\/b>: empaques de marca para supermercados y tiendas<\/li>\n<li style=\"font-weight: 400;\"><b>Industrial<\/b>: materia prima para snacks, jarabes y endulzantes naturales<\/li>\n<li style=\"font-weight: 400;\"><b>Foodservice<\/b>: entregas a gran escala para hoteles, catering y restaurantes<\/li>\n<li style=\"font-weight: 400;\"><b>Mayoristas<\/b>: cargas completas o mixtas para distribuidores<\/li>\n<\/ul>\n<h3>Destinos Globales de los D\u00e1tiles Egipcios<\/h3>\n<p><span style=\"font-weight: 400;\">Nuestro alcance global como <b>l\u00edder en exportaci\u00f3n de d\u00e1tiles<\/b> incluye:<\/span><\/p>\n<ul>\n<li style=\"font-weight: 400;\">Golfo: EAU, Arabia Saudita, Catar, Bahr\u00e9in, Kuwait<\/li>\n<li style=\"font-weight: 400;\">Europa: Francia, Alemania, Reino Unido, Pa\u00edses Bajos<\/li>\n<li style=\"font-weight: 400;\">\u00c1frica: Kenia, Nigeria, Marruecos<\/li>\n<li style=\"font-weight: 400;\">Asia-Pac\u00edfico: India, Malasia, Australia<\/li>\n<\/ul>\n<p><span style=\"font-weight: 400;\">Garantizamos trazabilidad, control de calidad y planificaci\u00f3n especializada de env\u00edos seg\u00fan la regi\u00f3n.<\/span><\/p>\n<h2>Nuestras Exportaciones Agr\u00edcolas M\u00e1s All\u00e1 de los D\u00e1tiles<\/h2>\n<p><span style=\"font-weight: 400;\">PEI Trade, el <b>l\u00edder en exportaci\u00f3n de d\u00e1tiles<\/b> de Egipto, tambi\u00e9n exporta:<\/span><\/p>\n<ul>\n<li style=\"font-weight: 400;\"><b>Uvas<\/b>: variedades frescas, sin semillas y de larga vida \u00fatil<\/li>\n<li style=\"font-weight: 400;\"><b>Granadas<\/b>: con c\u00e1scara gruesa, ideales para exportaci\u00f3n<\/li>\n<li style=\"font-weight: 400;\"><b>Naranjas<\/b>: tipos Valencia dulces y Navel jugosas<\/li>\n<\/ul>\n<p><span style=\"font-weight: 400;\">Cada producto est\u00e1 optimizado para exportaci\u00f3n con empaques y soporte log\u00edstico personalizados.<\/span><\/p>\n<h2><b>Empaque para Exportaci\u00f3n<\/b><\/h2>\n<p><span style=\"font-weight: 400;\">Para reforzar nuestra posici\u00f3n como el <b>l\u00edder en exportaci\u00f3n de d\u00e1tiles<\/b>, ofrecemos empaques seguros y reglamentarios:<\/span><\/p>\n<ul>\n<li style=\"font-weight: 400;\">Cajas de cart\u00f3n, empaques al vac\u00edo y bandejas pl\u00e1sticas<\/li>\n<li style=\"font-weight: 400;\">Formatos para venta minorista y mayorista (1\u201310\u202fkg)<\/li>\n<li style=\"font-weight: 400;\">Etiquetado personalizado para mercados UE, Golfo y Asia<\/li>\n<li style=\"font-weight: 400;\">Marca privada para socios minoristas<\/li>\n<\/ul>\n<p><span style=\"font-weight: 400;\">Todos los empaques se someten a pruebas de durabilidad y cumplen con los est\u00e1ndares de comercio internacional.<\/span><\/p>\n<\/div>\n<\/section>\n<section style=\"padding: 50px 20px; background-color: #f0f0f0;\">\n<div class=\"container\">\n<h2>As\u00f3ciese con el L\u00edder en Exportaci\u00f3n de D\u00e1tiles \u2013 PEI Trade<\/h2>\n<p>PEI Trade es su socio confiable para adquirir d\u00e1tiles egipcios premium. Como el <b>l\u00edder en exportaci\u00f3n de d\u00e1tiles<\/b>, ofrecemos calidad incomparable, eficiencia en el manejo y entrega global.<\/p>\n<p>Nuestro equipo de exportaci\u00f3n garantiza comunicaci\u00f3n \u00e1gil, una cadena de suministro confiable y documentaci\u00f3n sin tramitaci\u00f3n complicada.<\/p>\n<h2>Solicite su Cotizaci\u00f3n o Reserve un Env\u00edo<\/h2>\n<p>Cont\u00e1ctenos ahora para obtener precios estacionales, especificaciones de exportaci\u00f3n o pedidos al por mayor. Enviamos globalmente y respondemos r\u00e1pidamente.<\/p>\n<p style=\"text-align: center; margin-top: 40px;\"><a class=\"button primary large\" href=\"https:\/\/peitrade.com\/es\/contact-us\/\" target=\"_blank\" rel=\"noopener\">Realizar Pedido<\/a><\/p>\n<\/div>\n<\/section>\n<section style=\"padding: 50px 20px;\">\n<div class=\"container\">\n<h2>Explore M\u00e1s del Portafolio de Exportaci\u00f3n de PEI Trade<\/h2>\n<p>&nbsp;<\/p>\n<p>No solo lideramos como el <b>l\u00edder en exportaci\u00f3n de d\u00e1tiles<\/b> \u2014 PEI Trade tambi\u00e9n exporta c\u00edtricos premium, cebollas y vegetales frescos. <a href=\"https:\/\/peitrade.com\/es\/shop\/\" target=\"_blank\" rel=\"noopener\">Ver todos los productos<\/a>.<\/p>\n<div class=\"wp-block-woocommerce-product-collection\"><div class=\"woocommerce columns-4 \"><ul class=\"products columns-4\" data-products=\"type-2\">\n<li class=\"product type-product post-7665 status-publish first instock product_cat-fruits has-post-thumbnail shipping-taxable product-type-simple\">\n\t<a href=\"https:\/\/peitrade.com\/es\/product\/fresas\/\" class=\"woocommerce-LoopProduct-link woocommerce-loop-product__link\"><img decoding=\"async\" width=\"300\" height=\"300\" src=\"https:\/\/peitrade.com\/wp-content\/uploads\/2025\/11\/Egyptian-Strawberries-300x300.webp\" class=\"attachment-woocommerce_thumbnail size-woocommerce_thumbnail\" alt=\"Fresas\" srcset=\"https:\/\/peitrade.com\/wp-content\/uploads\/2025\/11\/Egyptian-Strawberries-300x300.webp 300w, https:\/\/peitrade.com\/wp-content\/uploads\/2025\/11\/Egyptian-Strawberries-150x150.webp 150w, https:\/\/peitrade.com\/wp-content\/uploads\/2025\/11\/Egyptian-Strawberries-768x768.webp 768w, https:\/\/peitrade.com\/wp-content\/uploads\/2025\/11\/Egyptian-Strawberries-600x600.webp 600w, https:\/\/peitrade.com\/wp-content\/uploads\/2025\/11\/Egyptian-Strawberries-100x100.webp 100w, https:\/\/peitrade.com\/wp-content\/uploads\/2025\/11\/Egyptian-Strawberries.webp 1024w\" sizes=\"(max-width: 300px) 100vw, 300px\" title=\"\"><h2 class=\"woocommerce-loop-product__title\">Fresas<\/h2>\n<\/a><a href=\"https:\/\/peitrade.com\/es\/product\/fresas\/\" aria-describedby=\"woocommerce_loop_add_to_cart_link_describedby_7665\" data-quantity=\"1\" class=\"button product_type_simple\" data-product_id=\"7665\" data-product_sku=\"81010\" aria-label=\"Lee m\u00e1s sobre &ldquo;Fresas&rdquo;\" rel=\"nofollow\" data-success_message=\"\">Leer m\u00e1s<\/a>\t<span id=\"woocommerce_loop_add_to_cart_link_describedby_7665\" class=\"screen-reader-text\">\n\t\t\t<\/span>\n<\/li>\n<li class=\"product type-product post-7537 status-publish instock product_cat-in-season product_cat-fruits has-post-thumbnail shipping-taxable product-type-simple\">\n\t<a href=\"https:\/\/peitrade.com\/es\/product\/limones\/\" class=\"woocommerce-LoopProduct-link woocommerce-loop-product__link\"><img decoding=\"async\" width=\"300\" height=\"300\" src=\"https:\/\/peitrade.com\/wp-content\/uploads\/2025\/11\/Egyptian-Lemons-300x300.webp\" class=\"attachment-woocommerce_thumbnail size-woocommerce_thumbnail\" alt=\"Limones\" srcset=\"https:\/\/peitrade.com\/wp-content\/uploads\/2025\/11\/Egyptian-Lemons-300x300.webp 300w, https:\/\/peitrade.com\/wp-content\/uploads\/2025\/11\/Egyptian-Lemons-150x150.webp 150w, https:\/\/peitrade.com\/wp-content\/uploads\/2025\/11\/Egyptian-Lemons-768x768.webp 768w, https:\/\/peitrade.com\/wp-content\/uploads\/2025\/11\/Egyptian-Lemons-600x600.webp 600w, https:\/\/peitrade.com\/wp-content\/uploads\/2025\/11\/Egyptian-Lemons-100x100.webp 100w, https:\/\/peitrade.com\/wp-content\/uploads\/2025\/11\/Egyptian-Lemons.webp 1024w\" sizes=\"(max-width: 300px) 100vw, 300px\" title=\"\"><h2 class=\"woocommerce-loop-product__title\">Limones<\/h2>\n<\/a><a href=\"https:\/\/peitrade.com\/es\/product\/limones\/\" aria-describedby=\"woocommerce_loop_add_to_cart_link_describedby_7537\" data-quantity=\"1\" class=\"button product_type_simple\" data-product_id=\"7537\" data-product_sku=\"80550\" aria-label=\"Lee m\u00e1s sobre &ldquo;Limones&rdquo;\" rel=\"nofollow\" data-success_message=\"\">Leer m\u00e1s<\/a>\t<span id=\"woocommerce_loop_add_to_cart_link_describedby_7537\" class=\"screen-reader-text\">\n\t\t\t<\/span>\n<\/li>\n<li class=\"product type-product post-7644 status-publish instock product_cat-fruits has-post-thumbnail shipping-taxable product-type-simple\">\n\t<a href=\"https:\/\/peitrade.com\/es\/product\/mango\/\" class=\"woocommerce-LoopProduct-link woocommerce-loop-product__link\"><img decoding=\"async\" width=\"300\" height=\"300\" src=\"https:\/\/peitrade.com\/wp-content\/uploads\/2025\/11\/Egyption-Mango-300x300.webp\" class=\"attachment-woocommerce_thumbnail size-woocommerce_thumbnail\" alt=\"Mangoes: Egypt\u2019s Tropical Treasure\" srcset=\"https:\/\/peitrade.com\/wp-content\/uploads\/2025\/11\/Egyption-Mango-300x300.webp 300w, https:\/\/peitrade.com\/wp-content\/uploads\/2025\/11\/Egyption-Mango-150x150.webp 150w, https:\/\/peitrade.com\/wp-content\/uploads\/2025\/11\/Egyption-Mango-768x768.webp 768w, https:\/\/peitrade.com\/wp-content\/uploads\/2025\/11\/Egyption-Mango-600x600.webp 600w, https:\/\/peitrade.com\/wp-content\/uploads\/2025\/11\/Egyption-Mango-100x100.webp 100w, https:\/\/peitrade.com\/wp-content\/uploads\/2025\/11\/Egyption-Mango.webp 1024w\" sizes=\"(max-width: 300px) 100vw, 300px\" title=\"\"><h2 class=\"woocommerce-loop-product__title\">Mango<\/h2>\n<\/a><a href=\"https:\/\/peitrade.com\/es\/product\/mango\/\" aria-describedby=\"woocommerce_loop_add_to_cart_link_describedby_7644\" data-quantity=\"1\" class=\"button product_type_simple\" data-product_id=\"7644\" data-product_sku=\"80450\" aria-label=\"Lee m\u00e1s sobre &ldquo;Mango&rdquo;\" rel=\"nofollow\" data-success_message=\"\">Leer m\u00e1s<\/a>\t<span id=\"woocommerce_loop_add_to_cart_link_describedby_7644\" class=\"screen-reader-text\">\n\t\t\t<\/span>\n<\/li>\n<li class=\"product type-product post-7443 status-publish last instock product_cat-in-season product_cat-fruits has-post-thumbnail shipping-taxable product-type-simple\">\n\t<a href=\"https:\/\/peitrade.com\/es\/product\/naranjas\/\" class=\"woocommerce-LoopProduct-link woocommerce-loop-product__link\"><img decoding=\"async\" width=\"300\" height=\"300\" src=\"https:\/\/peitrade.com\/wp-content\/uploads\/2025\/11\/Egyptian-Oranges-300x300.webp\" class=\"attachment-woocommerce_thumbnail size-woocommerce_thumbnail\" alt=\"Las exportaciones de naranjas egipcias a Canad\u00e1 alcanzan un r\u00e9cord en 2025\" srcset=\"https:\/\/peitrade.com\/wp-content\/uploads\/2025\/11\/Egyptian-Oranges-300x300.webp 300w, https:\/\/peitrade.com\/wp-content\/uploads\/2025\/11\/Egyptian-Oranges-150x150.webp 150w, https:\/\/peitrade.com\/wp-content\/uploads\/2025\/11\/Egyptian-Oranges-768x768.webp 768w, https:\/\/peitrade.com\/wp-content\/uploads\/2025\/11\/Egyptian-Oranges-600x600.webp 600w, https:\/\/peitrade.com\/wp-content\/uploads\/2025\/11\/Egyptian-Oranges-100x100.webp 100w, https:\/\/peitrade.com\/wp-content\/uploads\/2025\/11\/Egyptian-Oranges.webp 1024w\" sizes=\"(max-width: 300px) 100vw, 300px\" title=\"\"><h2 class=\"woocommerce-loop-product__title\">Naranjas<\/h2>\n<\/a><a href=\"https:\/\/peitrade.com\/es\/product\/naranjas\/\" aria-describedby=\"woocommerce_loop_add_to_cart_link_describedby_7443\" data-quantity=\"1\" class=\"button product_type_simple\" data-product_id=\"7443\" data-product_sku=\"80510\" aria-label=\"Lee m\u00e1s sobre &ldquo;Naranjas&rdquo;\" rel=\"nofollow\" data-success_message=\"\">Leer m\u00e1s<\/a>\t<span id=\"woocommerce_loop_add_to_cart_link_describedby_7443\" class=\"screen-reader-text\">\n\t\t\t<\/span>\n<\/li>\n<\/ul>\n<\/div><\/div>\n<\/div>\n<\/section>\n<section style=\"padding: 50px 20px; background-color: #f9f9f9;\">\n<div class=\"container\">\n<h2>Preguntas Frecuentes<\/h2>\n<h3>\u00bfQu\u00e9 hace de PEI Trade el l\u00edder en exportaci\u00f3n de d\u00e1tiles?<\/h3>\n<p>Ofrecemos suministro a gran escala durante todo el a\u00f1o, amplia cobertura de variedades, log\u00edstica global y certificaciones de exportaci\u00f3n.<\/p>\n<h3>\u00bfPueden mezclar diferentes tipos de d\u00e1tiles en un contenedor?<\/h3>\n<p>S\u00ed, personalizamos los env\u00edos seg\u00fan los requisitos del comprador, incluyendo cargas mixtas.<\/p>\n<h3>\u00bfOfrecen embalaje minorista con marca propia?<\/h3>\n<p>Por supuesto \u2014 contamos con paquetes al vac\u00edo, bandejas y cajas con etiquetas personalizadas.<\/p>\n<\/div>\n<\/section>\n","protected":false},"excerpt":{"rendered":"<p>L\u00edder en Exportaci\u00f3n de D\u00e1tiles \u2013 Calidad Premium por PEI Trade &nbsp; PEI Trade es reconocida como el l\u00edder en exportaci\u00f3n de d\u00e1tiles de Egipto, ofreciendo variedades de calidad premium procedentes directamente de los oasis y palmerales m\u00e1s f\u00e9rtiles del pa\u00eds. Nuestros d\u00e1tiles maduran naturalmente bajo el sol egipcio, se seleccionan a mano y se [&hellip;]<\/p>\n","protected":false},"author":1,"featured_media":0,"parent":0,"menu_order":0,"comment_status":"closed","ping_status":"closed","template":"","meta":{"footnotes":""},"class_list":["post-6333","page","type-page","status-publish","hentry"],"blocksy_meta":[],"mb":[],"featured_image_urls_v2":{"full":"","thumbnail":"","medium":"","medium_large":"","large":"","1536x1536":"","2048x2048":"","woocommerce_archive_thumbnail":"","woocommerce_thumbnail":"","woocommerce_single":"","woocommerce_gallery_thumbnail":""},"post_excerpt_stackable_v2":"<p>L\u00edder en Exportaci\u00f3n de D\u00e1tiles \u2013 Calidad Premium por PEI Trade &nbsp; PEI Trade es reconocida como el l\u00edder en exportaci\u00f3n de d\u00e1tiles de Egipto, ofreciendo variedades de calidad premium procedentes directamente de los oasis y palmerales m\u00e1s f\u00e9rtiles del pa\u00eds. Nuestros d\u00e1tiles maduran naturalmente bajo el sol egipcio, se seleccionan a mano y se procesan con cuidado para cumplir con los est\u00e1ndares internacionales de exportaci\u00f3n. Como el l\u00edder en exportaci\u00f3n de d\u00e1tiles, PEI Trade atiende a una red global de mayoristas, minoristas y socios de la industria alimentaria con productos consistentes y de etiqueta limpia. Nos especializamos en d\u00e1tiles&hellip;<\/p>\n","category_list_v2":"","author_info_v2":{"name":"Mostafa Sabry","url":"https:\/\/peitrade.com\/es\/author\/emostafaadel_jn8gcqbo\/"},"comments_num_v2":"0 comentarios","mfb_rest_fields":["title","blocksy_meta","featured_image_urls_v2","post_excerpt_stackable_v2","category_list_v2","author_info_v2","comments_num_v2"],"_links":{"self":[{"href":"https:\/\/peitrade.com\/es\/wp-json\/wp\/v2\/pages\/6333","targetHints":{"allow":["GET"]}}],"collection":[{"href":"https:\/\/peitrade.com\/es\/wp-json\/wp\/v2\/pages"}],"about":[{"href":"https:\/\/peitrade.com\/es\/wp-json\/wp\/v2\/types\/page"}],"author":[{"embeddable":true,"href":"https:\/\/peitrade.com\/es\/wp-json\/wp\/v2\/users\/1"}],"replies":[{"embeddable":true,"href":"https:\/\/peitrade.com\/es\/wp-json\/wp\/v2\/comments?post=6333"}],"version-history":[{"count":1,"href":"https:\/\/peitrade.com\/es\/wp-json\/wp\/v2\/pages\/6333\/revisions"}],"predecessor-version":[{"id":6334,"href":"https:\/\/peitrade.com\/es\/wp-json\/wp\/v2\/pages\/6333\/revisions\/6334"}],"wp:attachment":[{"href":"https:\/\/peitrade.com\/es\/wp-json\/wp\/v2\/media?parent=6333"}],"curies":[{"name":"wp","href":"https:\/\/api.w.org\/{rel}","templated":true}]}}