{"id":6470,"date":"2025-06-24T11:06:32","date_gmt":"2025-06-24T11:06:32","guid":{"rendered":"http:\/\/46.224.74.15\/export-frozen-okra-4\/"},"modified":"2025-11-19T16:58:22","modified_gmt":"2025-11-19T16:58:22","slug":"export-frozen-okra-4","status":"publish","type":"page","link":"https:\/\/peitrade.com\/es\/export-frozen-okra-4\/","title":{"rendered":"Exportar Okra Congelada \u2013 Calidad Premium Egipcia de PEI Trade"},"content":{"rendered":"<section style=\"padding: 60px 20px; background-color: #f9f9f9;\">\n<div class=\"container\">\n<h1>Exportar Okra Congelada \u2013 Calidad Premium Egipcia de PEI Trade<\/h1>\n<p>PEI Trade es un l\u00edder confiable en el sector de <b>exportar okra congelada<\/b>, proporcionando okra IQF de primera calidad a mercados globales. Como especialistas en exportaci\u00f3n agr\u00edcola, seleccionamos okra egipcia premium, procesada con tecnolog\u00eda avanzada de congelaci\u00f3n r\u00e1pida individual (IQF) para conservar su sabor, color y textura naturales.<\/p>\n<p>Nuestra experiencia en <b>exportar okra congelada<\/b> nos permite atender a distribuidores internacionales, minoristas y empresas de food service con env\u00edos seguros, constantes y embalaje personalizado que cumple con los est\u00e1ndares globales.<\/p>\n<\/div>\n<\/section>\n<div class=\"wp-block-woocommerce-product-collection\"><div class=\"woocommerce columns-4 \"><ul class=\"products columns-4\" data-products=\"type-2\">\n<li class=\"product type-product post-7482 status-publish first instock product_cat-in-season product_cat-vegetables has-post-thumbnail shipping-taxable product-type-simple\">\n\t<a href=\"https:\/\/peitrade.com\/es\/product\/cebolla\/\" class=\"woocommerce-LoopProduct-link woocommerce-loop-product__link\"><img decoding=\"async\" width=\"300\" height=\"300\" src=\"https:\/\/peitrade.com\/wp-content\/uploads\/2025\/11\/Egyption-Onion-300x300.webp\" class=\"attachment-woocommerce_thumbnail size-woocommerce_thumbnail\" alt=\"Egyption Onion - PEI Trade\" srcset=\"https:\/\/peitrade.com\/wp-content\/uploads\/2025\/11\/Egyption-Onion-300x300.webp 300w, https:\/\/peitrade.com\/wp-content\/uploads\/2025\/11\/Egyption-Onion-150x150.webp 150w, https:\/\/peitrade.com\/wp-content\/uploads\/2025\/11\/Egyption-Onion-768x768.webp 768w, https:\/\/peitrade.com\/wp-content\/uploads\/2025\/11\/Egyption-Onion-600x600.webp 600w, https:\/\/peitrade.com\/wp-content\/uploads\/2025\/11\/Egyption-Onion-100x100.webp 100w, https:\/\/peitrade.com\/wp-content\/uploads\/2025\/11\/Egyption-Onion.webp 1024w\" sizes=\"(max-width: 300px) 100vw, 300px\" title=\"\"><h2 class=\"woocommerce-loop-product__title\">Cebolla<\/h2>\n<\/a><a href=\"https:\/\/peitrade.com\/es\/product\/cebolla\/\" aria-describedby=\"woocommerce_loop_add_to_cart_link_describedby_7482\" data-quantity=\"1\" class=\"button product_type_simple\" data-product_id=\"7482\" data-product_sku=\"70310\" aria-label=\"Lee m\u00e1s sobre &ldquo;Cebolla&rdquo;\" rel=\"nofollow\" data-success_message=\"\">Leer m\u00e1s<\/a>\t<span id=\"woocommerce_loop_add_to_cart_link_describedby_7482\" class=\"screen-reader-text\">\n\t\t\t<\/span>\n<\/li>\n<li class=\"product type-product post-7717 status-publish instock product_cat-in-season product_cat-legumes has-post-thumbnail shipping-taxable product-type-simple\">\n\t<a href=\"https:\/\/peitrade.com\/es\/product\/frijoles-blancos-secos\/\" class=\"woocommerce-LoopProduct-link woocommerce-loop-product__link\"><img decoding=\"async\" width=\"300\" height=\"300\" src=\"https:\/\/peitrade.com\/wp-content\/uploads\/2025\/11\/Egyptian-White-Beans-300x300.webp\" class=\"attachment-woocommerce_thumbnail size-woocommerce_thumbnail\" alt=\"Frijoles blancos secos\" srcset=\"https:\/\/peitrade.com\/wp-content\/uploads\/2025\/11\/Egyptian-White-Beans-300x300.webp 300w, https:\/\/peitrade.com\/wp-content\/uploads\/2025\/11\/Egyptian-White-Beans-150x150.webp 150w, https:\/\/peitrade.com\/wp-content\/uploads\/2025\/11\/Egyptian-White-Beans-768x768.webp 768w, https:\/\/peitrade.com\/wp-content\/uploads\/2025\/11\/Egyptian-White-Beans-600x600.webp 600w, https:\/\/peitrade.com\/wp-content\/uploads\/2025\/11\/Egyptian-White-Beans-100x100.webp 100w, https:\/\/peitrade.com\/wp-content\/uploads\/2025\/11\/Egyptian-White-Beans.webp 1024w\" sizes=\"(max-width: 300px) 100vw, 300px\" title=\"\"><h2 class=\"woocommerce-loop-product__title\">Frijoles blancos secos<\/h2>\n<\/a><a href=\"https:\/\/peitrade.com\/es\/product\/frijoles-blancos-secos\/\" aria-describedby=\"woocommerce_loop_add_to_cart_link_describedby_7717\" data-quantity=\"1\" class=\"button product_type_simple\" data-product_id=\"7717\" data-product_sku=\"70820\" aria-label=\"Lee m\u00e1s sobre &ldquo;Frijoles blancos secos&rdquo;\" rel=\"nofollow\" data-success_message=\"\">Leer m\u00e1s<\/a>\t<span id=\"woocommerce_loop_add_to_cart_link_describedby_7717\" class=\"screen-reader-text\">\n\t\t\t<\/span>\n<\/li>\n<li class=\"product type-product post-7535 status-publish instock product_cat-in-season product_cat-vegetables has-post-thumbnail shipping-taxable product-type-simple\">\n\t<a href=\"https:\/\/peitrade.com\/es\/product\/judias-verdes\/\" class=\"woocommerce-LoopProduct-link woocommerce-loop-product__link\"><img decoding=\"async\" width=\"300\" height=\"300\" src=\"https:\/\/peitrade.com\/wp-content\/uploads\/2025\/11\/Egyptian-Green-Beans-300x300.webp\" class=\"attachment-woocommerce_thumbnail size-woocommerce_thumbnail\" alt=\"Jud\u00edas verdes\" srcset=\"https:\/\/peitrade.com\/wp-content\/uploads\/2025\/11\/Egyptian-Green-Beans-300x300.webp 300w, https:\/\/peitrade.com\/wp-content\/uploads\/2025\/11\/Egyptian-Green-Beans-150x150.webp 150w, https:\/\/peitrade.com\/wp-content\/uploads\/2025\/11\/Egyptian-Green-Beans-768x768.webp 768w, https:\/\/peitrade.com\/wp-content\/uploads\/2025\/11\/Egyptian-Green-Beans-600x600.webp 600w, https:\/\/peitrade.com\/wp-content\/uploads\/2025\/11\/Egyptian-Green-Beans-100x100.webp 100w, https:\/\/peitrade.com\/wp-content\/uploads\/2025\/11\/Egyptian-Green-Beans.webp 1024w\" sizes=\"(max-width: 300px) 100vw, 300px\" title=\"\"><h2 class=\"woocommerce-loop-product__title\">Jud\u00edas verdes<\/h2>\n<\/a><a href=\"https:\/\/peitrade.com\/es\/product\/judias-verdes\/\" aria-describedby=\"woocommerce_loop_add_to_cart_link_describedby_7535\" data-quantity=\"1\" class=\"button product_type_simple\" data-product_id=\"7535\" data-product_sku=\"70821\" aria-label=\"Lee m\u00e1s sobre &ldquo;Jud\u00edas verdes&rdquo;\" rel=\"nofollow\" data-success_message=\"\">Leer m\u00e1s<\/a>\t<span id=\"woocommerce_loop_add_to_cart_link_describedby_7535\" class=\"screen-reader-text\">\n\t\t\t<\/span>\n<\/li>\n<li class=\"product type-product post-7766 status-publish last instock product_cat-in-season product_cat-vegetables has-post-thumbnail shipping-taxable product-type-simple\">\n\t<a href=\"https:\/\/peitrade.com\/es\/product\/patatas\/\" class=\"woocommerce-LoopProduct-link woocommerce-loop-product__link\"><img decoding=\"async\" width=\"300\" height=\"300\" src=\"https:\/\/peitrade.com\/wp-content\/uploads\/2025\/11\/Egyptian-Potatoes-300x300.webp\" class=\"attachment-woocommerce_thumbnail size-woocommerce_thumbnail\" alt=\"Patatas\" srcset=\"https:\/\/peitrade.com\/wp-content\/uploads\/2025\/11\/Egyptian-Potatoes-300x300.webp 300w, https:\/\/peitrade.com\/wp-content\/uploads\/2025\/11\/Egyptian-Potatoes-150x150.webp 150w, https:\/\/peitrade.com\/wp-content\/uploads\/2025\/11\/Egyptian-Potatoes-768x768.webp 768w, https:\/\/peitrade.com\/wp-content\/uploads\/2025\/11\/Egyptian-Potatoes-600x600.webp 600w, https:\/\/peitrade.com\/wp-content\/uploads\/2025\/11\/Egyptian-Potatoes-100x100.webp 100w, https:\/\/peitrade.com\/wp-content\/uploads\/2025\/11\/Egyptian-Potatoes.webp 1024w\" sizes=\"(max-width: 300px) 100vw, 300px\" title=\"\"><h2 class=\"woocommerce-loop-product__title\">Patatas<\/h2>\n<\/a><a href=\"https:\/\/peitrade.com\/es\/product\/patatas\/\" aria-describedby=\"woocommerce_loop_add_to_cart_link_describedby_7766\" data-quantity=\"1\" class=\"button product_type_simple\" data-product_id=\"7766\" data-product_sku=\"70190\" aria-label=\"Lee m\u00e1s sobre &ldquo;Patatas&rdquo;\" rel=\"nofollow\" data-success_message=\"\">Leer m\u00e1s<\/a>\t<span id=\"woocommerce_loop_add_to_cart_link_describedby_7766\" class=\"screen-reader-text\">\n\t\t\t<\/span>\n<\/li>\n<\/ul>\n<\/div><\/div>\n<section style=\"padding: 50px 20px;\">\n<div class=\"container\">\n<h2>\u00bfPor qu\u00e9 elegir okra congelada egipcia de PEI Trade?<\/h2>\n<p><span style=\"font-weight: 400;\">Como su socio confiable para <b>exportar okra congelada<\/b>, PEI Trade ofrece:<\/span><\/p>\n<ul>\n<li style=\"font-weight: 400;\" aria-level=\"1\"><span style=\"font-weight: 400;\">Frescura, textura y vibrante color verde preservados con IQF<\/span><\/li>\n<li style=\"font-weight: 400;\" aria-level=\"1\"><span style=\"font-weight: 400;\">Variedades de corte: entera, zero y anillos<\/span><\/li>\n<li style=\"font-weight: 400;\" aria-level=\"1\"><span style=\"font-weight: 400;\">100\u202f% natural \u2013 sin conservantes ni aditivos<\/span><\/li>\n<li style=\"font-weight: 400;\" aria-level=\"1\"><span style=\"font-weight: 400;\">Alta en fibra, vitaminas y nutrientes esenciales<\/span><\/li>\n<li style=\"font-weight: 400;\" aria-level=\"1\"><span style=\"font-weight: 400;\">Disponibilidad todo el a\u00f1o y suministro estable<\/span><\/li>\n<\/ul>\n<p><span style=\"font-weight: 400;\">Nuestros productos de okra congelada son revisados en cada etapa para garantizar un rendimiento excelente en los mercados de exportaci\u00f3n.<\/span><\/p>\n<h2>Del campo al mercado \u2013 nuestro proceso de exportaci\u00f3n<\/h2>\n<p><span style=\"font-weight: 400;\">Para <b>exportar okra congelada<\/b> profesionalmente, PEI Trade sigue un proceso certificado que incluye:<\/span><\/p>\n<ul>\n<li style=\"font-weight: 400;\" aria-level=\"1\"><span style=\"font-weight: 400;\">Cosecha en el pico de temporada (mayo a octubre)<\/span><\/li>\n<li style=\"font-weight: 400;\" aria-level=\"1\"><span style=\"font-weight: 400;\">Clasificaci\u00f3n, lavado y blanqueo precisos<\/span><\/li>\n<li style=\"font-weight: 400;\" aria-level=\"1\"><span style=\"font-weight: 400;\">Congelaci\u00f3n IQF para preservar calidad y prolongar vida \u00fatil<\/span><\/li>\n<li style=\"font-weight: 400;\" aria-level=\"1\"><span style=\"font-weight: 400;\">Embalaje a granel y private label<\/span><\/li>\n<li style=\"font-weight: 400;\" aria-level=\"1\"><span style=\"font-weight: 400;\">Documentaci\u00f3n de exportaci\u00f3n y soporte log\u00edstico internacional<\/span><\/li>\n<\/ul>\n<p><span style=\"font-weight: 400;\">Nuestros sistemas optimizados ayudan a los importadores a <b>exportar okra congelada<\/b> con confianza y facilidad.<\/span><\/p>\n<h2>Disponibilidad y temporada de cosecha<\/h2>\n<p><span style=\"font-weight: 400;\">La temporada de okra egipcia va de <b>mayo a octubre<\/b>, asegurando una cosecha abundante para un congelamiento \u00f3ptimo.<\/span><\/p>\n<p style=\"font-weight: 400;\">PEI Trade mantiene existencias congeladas en c\u00e1maras certificadas para apoyar exportaciones y pedidos al por mayor durante todo el a\u00f1o.<\/p>\n<h3>Aplicaciones de la okra congelada<\/h3>\n<p><span style=\"font-weight: 400;\">Exportamos okra congelada para diversas necesidades de la industria alimentaria:<\/span><\/p>\n<ul>\n<li style=\"font-weight: 400;\" aria-level=\"1\"><b>Venta al por menor:<\/b> supermercados y tiendas de alimentos congelados<\/li>\n<li style=\"font-weight: 400;\" aria-level=\"1\"><b>Food Service:<\/b> restaurantes, hoteles y catering<\/li>\n<li style=\"font-weight: 400;\" aria-level=\"1\"><b>Manufactura:<\/b> comidas congeladas, guisos y sopas<\/li>\n<li style=\"font-weight: 400;\" aria-level=\"1\"><b>Mayoristas:<\/b> suministro a grandes distribuidores globales<\/li>\n<\/ul>\n<h3>Alcance global de exportaci\u00f3n<\/h3>\n<p><span style=\"font-weight: 400;\">Exportamos okra congelada a m\u00e1s de 30 pa\u00edses, incluyendo:<\/span><\/p>\n<ul>\n<li style=\"font-weight: 400;\" aria-level=\"1\"><span style=\"font-weight: 400;\">Europa: Reino Unido, Alemania, Pa\u00edses Bajos<\/span><\/li>\n<li style=\"font-weight: 400;\" aria-level=\"1\"><span style=\"font-weight: 400;\">Medio Oriente: EAU, Qatar, Arabia Saudita<\/span><\/li>\n<li style=\"font-weight: 400;\" aria-level=\"1\"><span style=\"font-weight: 400;\">\u00c1frica: Nigeria, Sud\u00e1frica, Kenia<\/span><\/li>\n<li style=\"font-weight: 400;\" aria-level=\"1\"><span style=\"font-weight: 400;\">Asia: India, Malasia, Corea del Sur<\/span><\/li>\n<\/ul>\n<p><span style=\"font-weight: 400;\">Nuestra experiencia en log\u00edstica facilita <b>exportar okra congelada<\/b> desde Egipto con documentaci\u00f3n completa y soluciones de env\u00edo.<\/span><\/p>\n<h2>Soluciones de embalaje<\/h2>\n<p><span style=\"font-weight: 400;\">Para todas las segmentaciones de mercado, PEI Trade ofrece:<\/span><\/p>\n<ul>\n<li style=\"font-weight: 400;\" aria-level=\"1\"><span style=\"font-weight: 400;\">Cajas a granel (10\u201320\u202fkg) para uso industrial y mayorista<\/span><\/li>\n<li style=\"font-weight: 400;\" aria-level=\"1\"><span style=\"font-weight: 400;\">Bolsas minoristas (400\u202fg\u20132\u202fkg) con private label<\/span><\/li>\n<li style=\"font-weight: 400;\" aria-level=\"1\"><span style=\"font-weight: 400;\">Empaque al vac\u00edo para mayor duraci\u00f3n<\/span><\/li>\n<li style=\"font-weight: 400;\" aria-level=\"1\"><span style=\"font-weight: 400;\">Carga en pal\u00e9s en contenedores refrigerados para exportaci\u00f3n<\/span><\/li>\n<\/ul>\n<p><span style=\"font-weight: 400;\">Todos los materiales cumplen con las normativas internacionales de alimentos y etiquetado.<\/span><\/p>\n<\/div>\n<\/section>\n<section style=\"padding: 50px 20px; background-color: #f0f0f0;\">\n<div class=\"container\">\n<h2>Solicita okra congelada premium desde Egipto con PEI Trade<\/h2>\n<p>Si quieres <b>exportar okra congelada<\/b> con un socio que entiende los mercados globales, PEI Trade es la soluci\u00f3n ideal.<\/p>\n<p>Garantizamos calidad constante, vol\u00famenes escalables y atenci\u00f3n al cliente excepcional para el \u00e9xito de tu marca.<\/p>\n<h2>Cont\u00e1ctanos para precios y muestras<\/h2>\n<p>Cont\u00e1ctanos hoy mismo para recibir especificaciones del producto, cotizaciones de precios y muestras de okra IQF.<\/p>\n<p style=\"text-align: center; margin-top: 40px;\"><a class=\"button primary large\" href=\"https:\/\/peitrade.com\/es\/contact-us\/\">Solicitar Ahora<\/a><\/p>\n<\/div>\n<\/section>\n<section style=\"padding: 50px 20px;\">\n<div class=\"container\">\n<h2>Descubre m\u00e1s exportaciones agr\u00edcolas egipcias<\/h2>\n<p>Adem\u00e1s de <b>exportar okra congelada<\/b>, PEI Trade ofrece fresas congeladas, jud\u00edas verdes y pimientos \u2013 todas con calidad reconocida internacionalmente.<\/p>\n<p><a href=\"https:\/\/peitrade.com\/es\/about-pei-trade\/\" target=\"_blank\" rel=\"noopener\">Conoce m\u00e1s sobre nuestras capacidades de exportaci\u00f3n<\/a>.<\/p>\n<div class=\"wp-block-woocommerce-product-collection\"><div class=\"woocommerce columns-4 \"><ul class=\"products columns-4\" data-products=\"type-2\">\n<li class=\"product type-product post-7482 status-publish first instock product_cat-in-season product_cat-vegetables has-post-thumbnail shipping-taxable product-type-simple\">\n\t<a href=\"https:\/\/peitrade.com\/es\/product\/cebolla\/\" class=\"woocommerce-LoopProduct-link woocommerce-loop-product__link\"><img decoding=\"async\" width=\"300\" height=\"300\" src=\"https:\/\/peitrade.com\/wp-content\/uploads\/2025\/11\/Egyption-Onion-300x300.webp\" class=\"attachment-woocommerce_thumbnail size-woocommerce_thumbnail\" alt=\"Egyption Onion - PEI Trade\" srcset=\"https:\/\/peitrade.com\/wp-content\/uploads\/2025\/11\/Egyption-Onion-300x300.webp 300w, https:\/\/peitrade.com\/wp-content\/uploads\/2025\/11\/Egyption-Onion-150x150.webp 150w, https:\/\/peitrade.com\/wp-content\/uploads\/2025\/11\/Egyption-Onion-768x768.webp 768w, https:\/\/peitrade.com\/wp-content\/uploads\/2025\/11\/Egyption-Onion-600x600.webp 600w, https:\/\/peitrade.com\/wp-content\/uploads\/2025\/11\/Egyption-Onion-100x100.webp 100w, https:\/\/peitrade.com\/wp-content\/uploads\/2025\/11\/Egyption-Onion.webp 1024w\" sizes=\"(max-width: 300px) 100vw, 300px\" title=\"\"><h2 class=\"woocommerce-loop-product__title\">Cebolla<\/h2>\n<\/a><a href=\"https:\/\/peitrade.com\/es\/product\/cebolla\/\" aria-describedby=\"woocommerce_loop_add_to_cart_link_describedby_7482\" data-quantity=\"1\" class=\"button product_type_simple\" data-product_id=\"7482\" data-product_sku=\"70310\" aria-label=\"Lee m\u00e1s sobre &ldquo;Cebolla&rdquo;\" rel=\"nofollow\" data-success_message=\"\">Leer m\u00e1s<\/a>\t<span id=\"woocommerce_loop_add_to_cart_link_describedby_7482\" class=\"screen-reader-text\">\n\t\t\t<\/span>\n<\/li>\n<li class=\"product type-product post-7717 status-publish instock product_cat-in-season product_cat-legumes has-post-thumbnail shipping-taxable product-type-simple\">\n\t<a href=\"https:\/\/peitrade.com\/es\/product\/frijoles-blancos-secos\/\" class=\"woocommerce-LoopProduct-link woocommerce-loop-product__link\"><img decoding=\"async\" width=\"300\" height=\"300\" src=\"https:\/\/peitrade.com\/wp-content\/uploads\/2025\/11\/Egyptian-White-Beans-300x300.webp\" class=\"attachment-woocommerce_thumbnail size-woocommerce_thumbnail\" alt=\"Frijoles blancos secos\" srcset=\"https:\/\/peitrade.com\/wp-content\/uploads\/2025\/11\/Egyptian-White-Beans-300x300.webp 300w, https:\/\/peitrade.com\/wp-content\/uploads\/2025\/11\/Egyptian-White-Beans-150x150.webp 150w, https:\/\/peitrade.com\/wp-content\/uploads\/2025\/11\/Egyptian-White-Beans-768x768.webp 768w, https:\/\/peitrade.com\/wp-content\/uploads\/2025\/11\/Egyptian-White-Beans-600x600.webp 600w, https:\/\/peitrade.com\/wp-content\/uploads\/2025\/11\/Egyptian-White-Beans-100x100.webp 100w, https:\/\/peitrade.com\/wp-content\/uploads\/2025\/11\/Egyptian-White-Beans.webp 1024w\" sizes=\"(max-width: 300px) 100vw, 300px\" title=\"\"><h2 class=\"woocommerce-loop-product__title\">Frijoles blancos secos<\/h2>\n<\/a><a href=\"https:\/\/peitrade.com\/es\/product\/frijoles-blancos-secos\/\" aria-describedby=\"woocommerce_loop_add_to_cart_link_describedby_7717\" data-quantity=\"1\" class=\"button product_type_simple\" data-product_id=\"7717\" data-product_sku=\"70820\" aria-label=\"Lee m\u00e1s sobre &ldquo;Frijoles blancos secos&rdquo;\" rel=\"nofollow\" data-success_message=\"\">Leer m\u00e1s<\/a>\t<span id=\"woocommerce_loop_add_to_cart_link_describedby_7717\" class=\"screen-reader-text\">\n\t\t\t<\/span>\n<\/li>\n<li class=\"product type-product post-7535 status-publish instock product_cat-in-season product_cat-vegetables has-post-thumbnail shipping-taxable product-type-simple\">\n\t<a href=\"https:\/\/peitrade.com\/es\/product\/judias-verdes\/\" class=\"woocommerce-LoopProduct-link woocommerce-loop-product__link\"><img decoding=\"async\" width=\"300\" height=\"300\" src=\"https:\/\/peitrade.com\/wp-content\/uploads\/2025\/11\/Egyptian-Green-Beans-300x300.webp\" class=\"attachment-woocommerce_thumbnail size-woocommerce_thumbnail\" alt=\"Jud\u00edas verdes\" srcset=\"https:\/\/peitrade.com\/wp-content\/uploads\/2025\/11\/Egyptian-Green-Beans-300x300.webp 300w, https:\/\/peitrade.com\/wp-content\/uploads\/2025\/11\/Egyptian-Green-Beans-150x150.webp 150w, https:\/\/peitrade.com\/wp-content\/uploads\/2025\/11\/Egyptian-Green-Beans-768x768.webp 768w, https:\/\/peitrade.com\/wp-content\/uploads\/2025\/11\/Egyptian-Green-Beans-600x600.webp 600w, https:\/\/peitrade.com\/wp-content\/uploads\/2025\/11\/Egyptian-Green-Beans-100x100.webp 100w, https:\/\/peitrade.com\/wp-content\/uploads\/2025\/11\/Egyptian-Green-Beans.webp 1024w\" sizes=\"(max-width: 300px) 100vw, 300px\" title=\"\"><h2 class=\"woocommerce-loop-product__title\">Jud\u00edas verdes<\/h2>\n<\/a><a href=\"https:\/\/peitrade.com\/es\/product\/judias-verdes\/\" aria-describedby=\"woocommerce_loop_add_to_cart_link_describedby_7535\" data-quantity=\"1\" class=\"button product_type_simple\" data-product_id=\"7535\" data-product_sku=\"70821\" aria-label=\"Lee m\u00e1s sobre &ldquo;Jud\u00edas verdes&rdquo;\" rel=\"nofollow\" data-success_message=\"\">Leer m\u00e1s<\/a>\t<span id=\"woocommerce_loop_add_to_cart_link_describedby_7535\" class=\"screen-reader-text\">\n\t\t\t<\/span>\n<\/li>\n<li class=\"product type-product post-7766 status-publish last instock product_cat-in-season product_cat-vegetables has-post-thumbnail shipping-taxable product-type-simple\">\n\t<a href=\"https:\/\/peitrade.com\/es\/product\/patatas\/\" class=\"woocommerce-LoopProduct-link woocommerce-loop-product__link\"><img decoding=\"async\" width=\"300\" height=\"300\" src=\"https:\/\/peitrade.com\/wp-content\/uploads\/2025\/11\/Egyptian-Potatoes-300x300.webp\" class=\"attachment-woocommerce_thumbnail size-woocommerce_thumbnail\" alt=\"Patatas\" srcset=\"https:\/\/peitrade.com\/wp-content\/uploads\/2025\/11\/Egyptian-Potatoes-300x300.webp 300w, https:\/\/peitrade.com\/wp-content\/uploads\/2025\/11\/Egyptian-Potatoes-150x150.webp 150w, https:\/\/peitrade.com\/wp-content\/uploads\/2025\/11\/Egyptian-Potatoes-768x768.webp 768w, https:\/\/peitrade.com\/wp-content\/uploads\/2025\/11\/Egyptian-Potatoes-600x600.webp 600w, https:\/\/peitrade.com\/wp-content\/uploads\/2025\/11\/Egyptian-Potatoes-100x100.webp 100w, https:\/\/peitrade.com\/wp-content\/uploads\/2025\/11\/Egyptian-Potatoes.webp 1024w\" sizes=\"(max-width: 300px) 100vw, 300px\" title=\"\"><h2 class=\"woocommerce-loop-product__title\">Patatas<\/h2>\n<\/a><a href=\"https:\/\/peitrade.com\/es\/product\/patatas\/\" aria-describedby=\"woocommerce_loop_add_to_cart_link_describedby_7766\" data-quantity=\"1\" class=\"button product_type_simple\" data-product_id=\"7766\" data-product_sku=\"70190\" aria-label=\"Lee m\u00e1s sobre &ldquo;Patatas&rdquo;\" rel=\"nofollow\" data-success_message=\"\">Leer m\u00e1s<\/a>\t<span id=\"woocommerce_loop_add_to_cart_link_describedby_7766\" class=\"screen-reader-text\">\n\t\t\t<\/span>\n<\/li>\n<\/ul>\n<\/div><\/div>\n<\/div>\n<\/section>\n<section style=\"padding: 50px 20px; background-color: #f9f9f9;\">\n<div class=\"container\">\n<h2>Preguntas Frecuentes<\/h2>\n<h3>\u00bfCu\u00e1nto dura la okra congelada?<\/h3>\n<p>Nuestra okra IQF mantiene su calidad hasta 18 meses si se almacena a -18\u202f\u00b0C o menos.<\/p>\n<h3>\u00bfPor qu\u00e9 elegir PEI Trade para exportar okra congelada?<\/h3>\n<p>Ofrecemos calidad constante, cumplimiento exportador y soporte log\u00edstico con precios competitivos y flexibilidad en volumen.<\/p>\n<h3>\u00bfPuedo solicitar cortes o tama\u00f1os espec\u00edficos?<\/h3>\n<p>S\u00ed. Ofrecemos cortes enteros, zero y en anillos seg\u00fan tus necesidades de comercio o food service.<\/p>\n<h3>\u00bfOfrecen private label?<\/h3>\n<p>Por supuesto. Nuestro equipo puede dise\u00f1ar y producir el empaque con tu marca.<\/p>\n<h3>\u00bfA d\u00f3nde exportan okra congelada?<\/h3>\n<p>Exportamos a Europa, Medio Oriente, \u00c1frica y Asia, con log\u00edstica personalizada y m\u00ednimos flexibles.<\/p>\n<\/div>\n<\/section>\n","protected":false},"excerpt":{"rendered":"<p>Exportar Okra Congelada \u2013 Calidad Premium Egipcia de PEI Trade PEI Trade es un l\u00edder confiable en el sector de exportar okra congelada, proporcionando okra IQF de primera calidad a mercados globales. Como especialistas en exportaci\u00f3n agr\u00edcola, seleccionamos okra egipcia premium, procesada con tecnolog\u00eda avanzada de congelaci\u00f3n r\u00e1pida individual (IQF) para conservar su sabor, color [&hellip;]<\/p>\n","protected":false},"author":1,"featured_media":0,"parent":0,"menu_order":0,"comment_status":"closed","ping_status":"closed","template":"","meta":{"footnotes":""},"class_list":["post-6470","page","type-page","status-publish","hentry"],"blocksy_meta":[],"mb":[],"featured_image_urls_v2":{"full":"","thumbnail":"","medium":"","medium_large":"","large":"","1536x1536":"","2048x2048":"","woocommerce_archive_thumbnail":"","woocommerce_thumbnail":"","woocommerce_single":"","woocommerce_gallery_thumbnail":""},"post_excerpt_stackable_v2":"<p>Exportar Okra Congelada \u2013 Calidad Premium Egipcia de PEI Trade PEI Trade es un l\u00edder confiable en el sector de exportar okra congelada, proporcionando okra IQF de primera calidad a mercados globales. Como especialistas en exportaci\u00f3n agr\u00edcola, seleccionamos okra egipcia premium, procesada con tecnolog\u00eda avanzada de congelaci\u00f3n r\u00e1pida individual (IQF) para conservar su sabor, color y textura naturales. Nuestra experiencia en exportar okra congelada nos permite atender a distribuidores internacionales, minoristas y empresas de food service con env\u00edos seguros, constantes y embalaje personalizado que cumple con los est\u00e1ndares globales. Cebolla Leer m\u00e1s Frijoles blancos secos Leer m\u00e1s Jud\u00edas verdes Leer&hellip;<\/p>\n","category_list_v2":"","author_info_v2":{"name":"Mostafa Sabry","url":"https:\/\/peitrade.com\/es\/author\/emostafaadel_jn8gcqbo\/"},"comments_num_v2":"0 comentarios","mfb_rest_fields":["title","blocksy_meta","featured_image_urls_v2","post_excerpt_stackable_v2","category_list_v2","author_info_v2","comments_num_v2"],"_links":{"self":[{"href":"https:\/\/peitrade.com\/es\/wp-json\/wp\/v2\/pages\/6470","targetHints":{"allow":["GET"]}}],"collection":[{"href":"https:\/\/peitrade.com\/es\/wp-json\/wp\/v2\/pages"}],"about":[{"href":"https:\/\/peitrade.com\/es\/wp-json\/wp\/v2\/types\/page"}],"author":[{"embeddable":true,"href":"https:\/\/peitrade.com\/es\/wp-json\/wp\/v2\/users\/1"}],"replies":[{"embeddable":true,"href":"https:\/\/peitrade.com\/es\/wp-json\/wp\/v2\/comments?post=6470"}],"version-history":[{"count":1,"href":"https:\/\/peitrade.com\/es\/wp-json\/wp\/v2\/pages\/6470\/revisions"}],"predecessor-version":[{"id":6471,"href":"https:\/\/peitrade.com\/es\/wp-json\/wp\/v2\/pages\/6470\/revisions\/6471"}],"wp:attachment":[{"href":"https:\/\/peitrade.com\/es\/wp-json\/wp\/v2\/media?parent=6470"}],"curies":[{"name":"wp","href":"https:\/\/api.w.org\/{rel}","templated":true}]}}