{"id":6664,"date":"2025-07-07T07:56:26","date_gmt":"2025-07-07T07:56:26","guid":{"rendered":"http:\/\/46.224.74.15\/molokhia-congelada-egipto-francia\/"},"modified":"2025-11-19T16:59:10","modified_gmt":"2025-11-19T16:59:10","slug":"molokhia-congelada-egipto-francia","status":"publish","type":"page","link":"https:\/\/peitrade.com\/es\/molokhia-congelada-egipto-francia\/","title":{"rendered":"Molokhia Congelada Egipcia para Distribuidores en Francia"},"content":{"rendered":"<section class=\"section\" style=\"padding: 60px 20px; background-color: #f9f9f9;\">\n<div class=\"container\">\n<h2><strong>Abastecimiento del mercado franc\u00e9s con molokhia congelada aut\u00e9ntica<\/strong><\/h2>\n<p>PEI Trade es un exportador egipcio confiable, especializado en molokhia congelada (hojas de yute) de alta calidad, entregada en envases conformes con las normas de la UE a importadores y distribuidores en toda Francia.<\/p>\n<p>Desde los campos agr\u00edcolas del Valle del Nilo hasta los centros de distribuci\u00f3n alimentaria en Par\u00eds, Marsella y Lyon, gestionamos cada etapa del proceso de exportaci\u00f3n con precisi\u00f3n. Nuestra molokhia se cultiva con t\u00e9cnicas agr\u00edcolas tradicionales, se cosecha en su punto \u00f3ptimo de madurez y se congela mediante tecnolog\u00eda IQF (congelaci\u00f3n r\u00e1pida individual). Esto garantiza un sabor constante, un color verde intenso y la conservaci\u00f3n total de las propiedades naturales de la planta, sin conservantes artificiales.<\/p>\n<p>Suministramos a:<\/p>\n<ul>\n<li>Cadenas de supermercados \u00e9tnicos y mediterr\u00e1neos<\/li>\n<li>Distribuidores de alimentos congelados<\/li>\n<li>Empresas de procesamiento de alimentos y marcas de comidas preparadas<\/li>\n<li>Mayoristas de restaurantes y servicios de catering<\/li>\n<\/ul>\n<p>El compromiso de PEI Trade con la calidad, trazabilidad y eficiencia nos ha consolidado como un socio confiable para las empresas europeas que buscan productos egipcios aut\u00e9nticos de exportaci\u00f3n.<\/p>\n<\/div>\n<\/section>\n<p><!-- WooCommerce Product Block 1 --><\/p>\n<div class=\"wp-block-woocommerce-product-collection\"><div class=\"woocommerce columns-4 \"><ul class=\"products columns-4\" data-products=\"type-2\">\n<li class=\"product type-product post-7482 status-publish first instock product_cat-in-season product_cat-vegetables has-post-thumbnail shipping-taxable product-type-simple\">\n\t<a href=\"https:\/\/peitrade.com\/es\/product\/cebolla\/\" class=\"woocommerce-LoopProduct-link woocommerce-loop-product__link\"><img decoding=\"async\" width=\"300\" height=\"300\" src=\"https:\/\/peitrade.com\/wp-content\/uploads\/2025\/11\/Egyption-Onion-300x300.webp\" class=\"attachment-woocommerce_thumbnail size-woocommerce_thumbnail\" alt=\"Egyption Onion - PEI Trade\" srcset=\"https:\/\/peitrade.com\/wp-content\/uploads\/2025\/11\/Egyption-Onion-300x300.webp 300w, https:\/\/peitrade.com\/wp-content\/uploads\/2025\/11\/Egyption-Onion-150x150.webp 150w, https:\/\/peitrade.com\/wp-content\/uploads\/2025\/11\/Egyption-Onion-768x768.webp 768w, https:\/\/peitrade.com\/wp-content\/uploads\/2025\/11\/Egyption-Onion-600x600.webp 600w, https:\/\/peitrade.com\/wp-content\/uploads\/2025\/11\/Egyption-Onion-100x100.webp 100w, https:\/\/peitrade.com\/wp-content\/uploads\/2025\/11\/Egyption-Onion.webp 1024w\" sizes=\"(max-width: 300px) 100vw, 300px\" title=\"\"><h2 class=\"woocommerce-loop-product__title\">Cebolla<\/h2>\n<\/a><a href=\"https:\/\/peitrade.com\/es\/product\/cebolla\/\" aria-describedby=\"woocommerce_loop_add_to_cart_link_describedby_7482\" data-quantity=\"1\" class=\"button product_type_simple\" data-product_id=\"7482\" data-product_sku=\"70310\" aria-label=\"Lee m\u00e1s sobre &ldquo;Cebolla&rdquo;\" rel=\"nofollow\" data-success_message=\"\">Leer m\u00e1s<\/a>\t<span id=\"woocommerce_loop_add_to_cart_link_describedby_7482\" class=\"screen-reader-text\">\n\t\t\t<\/span>\n<\/li>\n<li class=\"product type-product post-7717 status-publish instock product_cat-in-season product_cat-legumes has-post-thumbnail shipping-taxable product-type-simple\">\n\t<a href=\"https:\/\/peitrade.com\/es\/product\/frijoles-blancos-secos\/\" class=\"woocommerce-LoopProduct-link woocommerce-loop-product__link\"><img decoding=\"async\" width=\"300\" height=\"300\" src=\"https:\/\/peitrade.com\/wp-content\/uploads\/2025\/11\/Egyptian-White-Beans-300x300.webp\" class=\"attachment-woocommerce_thumbnail size-woocommerce_thumbnail\" alt=\"Frijoles blancos secos\" srcset=\"https:\/\/peitrade.com\/wp-content\/uploads\/2025\/11\/Egyptian-White-Beans-300x300.webp 300w, https:\/\/peitrade.com\/wp-content\/uploads\/2025\/11\/Egyptian-White-Beans-150x150.webp 150w, https:\/\/peitrade.com\/wp-content\/uploads\/2025\/11\/Egyptian-White-Beans-768x768.webp 768w, https:\/\/peitrade.com\/wp-content\/uploads\/2025\/11\/Egyptian-White-Beans-600x600.webp 600w, https:\/\/peitrade.com\/wp-content\/uploads\/2025\/11\/Egyptian-White-Beans-100x100.webp 100w, https:\/\/peitrade.com\/wp-content\/uploads\/2025\/11\/Egyptian-White-Beans.webp 1024w\" sizes=\"(max-width: 300px) 100vw, 300px\" title=\"\"><h2 class=\"woocommerce-loop-product__title\">Frijoles blancos secos<\/h2>\n<\/a><a href=\"https:\/\/peitrade.com\/es\/product\/frijoles-blancos-secos\/\" aria-describedby=\"woocommerce_loop_add_to_cart_link_describedby_7717\" data-quantity=\"1\" class=\"button product_type_simple\" data-product_id=\"7717\" data-product_sku=\"70820\" aria-label=\"Lee m\u00e1s sobre &ldquo;Frijoles blancos secos&rdquo;\" rel=\"nofollow\" data-success_message=\"\">Leer m\u00e1s<\/a>\t<span id=\"woocommerce_loop_add_to_cart_link_describedby_7717\" class=\"screen-reader-text\">\n\t\t\t<\/span>\n<\/li>\n<li class=\"product type-product post-7535 status-publish instock product_cat-in-season product_cat-vegetables has-post-thumbnail shipping-taxable product-type-simple\">\n\t<a href=\"https:\/\/peitrade.com\/es\/product\/judias-verdes\/\" class=\"woocommerce-LoopProduct-link woocommerce-loop-product__link\"><img decoding=\"async\" width=\"300\" height=\"300\" src=\"https:\/\/peitrade.com\/wp-content\/uploads\/2025\/11\/Egyptian-Green-Beans-300x300.webp\" class=\"attachment-woocommerce_thumbnail size-woocommerce_thumbnail\" alt=\"Jud\u00edas verdes\" srcset=\"https:\/\/peitrade.com\/wp-content\/uploads\/2025\/11\/Egyptian-Green-Beans-300x300.webp 300w, https:\/\/peitrade.com\/wp-content\/uploads\/2025\/11\/Egyptian-Green-Beans-150x150.webp 150w, https:\/\/peitrade.com\/wp-content\/uploads\/2025\/11\/Egyptian-Green-Beans-768x768.webp 768w, https:\/\/peitrade.com\/wp-content\/uploads\/2025\/11\/Egyptian-Green-Beans-600x600.webp 600w, https:\/\/peitrade.com\/wp-content\/uploads\/2025\/11\/Egyptian-Green-Beans-100x100.webp 100w, https:\/\/peitrade.com\/wp-content\/uploads\/2025\/11\/Egyptian-Green-Beans.webp 1024w\" sizes=\"(max-width: 300px) 100vw, 300px\" title=\"\"><h2 class=\"woocommerce-loop-product__title\">Jud\u00edas verdes<\/h2>\n<\/a><a href=\"https:\/\/peitrade.com\/es\/product\/judias-verdes\/\" aria-describedby=\"woocommerce_loop_add_to_cart_link_describedby_7535\" data-quantity=\"1\" class=\"button product_type_simple\" data-product_id=\"7535\" data-product_sku=\"70821\" aria-label=\"Lee m\u00e1s sobre &ldquo;Jud\u00edas verdes&rdquo;\" rel=\"nofollow\" data-success_message=\"\">Leer m\u00e1s<\/a>\t<span id=\"woocommerce_loop_add_to_cart_link_describedby_7535\" class=\"screen-reader-text\">\n\t\t\t<\/span>\n<\/li>\n<li class=\"product type-product post-7766 status-publish last instock product_cat-in-season product_cat-vegetables has-post-thumbnail shipping-taxable product-type-simple\">\n\t<a href=\"https:\/\/peitrade.com\/es\/product\/patatas\/\" class=\"woocommerce-LoopProduct-link woocommerce-loop-product__link\"><img decoding=\"async\" width=\"300\" height=\"300\" src=\"https:\/\/peitrade.com\/wp-content\/uploads\/2025\/11\/Egyptian-Potatoes-300x300.webp\" class=\"attachment-woocommerce_thumbnail size-woocommerce_thumbnail\" alt=\"Patatas\" srcset=\"https:\/\/peitrade.com\/wp-content\/uploads\/2025\/11\/Egyptian-Potatoes-300x300.webp 300w, https:\/\/peitrade.com\/wp-content\/uploads\/2025\/11\/Egyptian-Potatoes-150x150.webp 150w, https:\/\/peitrade.com\/wp-content\/uploads\/2025\/11\/Egyptian-Potatoes-768x768.webp 768w, https:\/\/peitrade.com\/wp-content\/uploads\/2025\/11\/Egyptian-Potatoes-600x600.webp 600w, https:\/\/peitrade.com\/wp-content\/uploads\/2025\/11\/Egyptian-Potatoes-100x100.webp 100w, https:\/\/peitrade.com\/wp-content\/uploads\/2025\/11\/Egyptian-Potatoes.webp 1024w\" sizes=\"(max-width: 300px) 100vw, 300px\" title=\"\"><h2 class=\"woocommerce-loop-product__title\">Patatas<\/h2>\n<\/a><a href=\"https:\/\/peitrade.com\/es\/product\/patatas\/\" aria-describedby=\"woocommerce_loop_add_to_cart_link_describedby_7766\" data-quantity=\"1\" class=\"button product_type_simple\" data-product_id=\"7766\" data-product_sku=\"70190\" aria-label=\"Lee m\u00e1s sobre &ldquo;Patatas&rdquo;\" rel=\"nofollow\" data-success_message=\"\">Leer m\u00e1s<\/a>\t<span id=\"woocommerce_loop_add_to_cart_link_describedby_7766\" class=\"screen-reader-text\">\n\t\t\t<\/span>\n<\/li>\n<\/ul>\n<\/div><\/div>\n<section class=\"section\" style=\"padding: 50px 20px;\">\n<div class=\"container\">\n<h2><strong>\u00bfQu\u00e9 hace que nuestra molokhia congelada sea diferente?<\/strong><\/h2>\n<p>La molokhia congelada de PEI Trade es reconocida por su sabor natural y facilidad de uso tanto en cocinas profesionales como dom\u00e9sticas. Las hojas de yute se procesan en un entorno higi\u00e9nico, certificado bajo normas internacionales de seguridad alimentaria (HACCP, ISO 22000). Nuestras instalaciones operan bajo un estricto control de calidad continuo para eliminar impurezas antes del proceso de congelaci\u00f3n.<\/p>\n<p><strong>Especificaciones clave del producto:<\/strong><\/p>\n<ul>\n<li>Hojas de yute 100% naturales<\/li>\n<li>Lavadas, seleccionadas y finamente picadas<\/li>\n<li>Congeladas pocas horas despu\u00e9s de la cosecha con tecnolog\u00eda IQF<\/li>\n<li>Sin conservantes, colorantes ni estabilizantes qu\u00edmicos a\u00f1adidos<\/li>\n<li>Disponibles en cortes gruesos o finos<\/li>\n<\/ul>\n<p>Nuestro objetivo es conservar el sabor caracter\u00edstico y la textura suave de la molokhia, asegurando que cada lote est\u00e9 listo para su uso en sopas, guisos y comidas preparadas.<\/p>\n<h2><strong>Cumplimiento total con la UE y envases listos para etiquetar<\/strong><\/h2>\n<p>Conocemos los requisitos estrictos del mercado franc\u00e9s y europeo. Por eso, PEI Trade ofrece molokhia congelada en envases que cumplen con las normas de etiquetado de la UE, est\u00e1ndares multiling\u00fces y regulaciones de importaci\u00f3n.<\/p>\n<p><strong>Opciones de empaque:<\/strong><\/p>\n<ul>\n<li><strong>Paquetes minoristas<\/strong>: 400g, 500g y 1kg<\/li>\n<li><strong>Cajas a granel<\/strong>: formatos de 5kg y 10kg<\/li>\n<li><strong>Soporte de marca privada<\/strong>: etiquetado en franc\u00e9s\/\u00e1rabe\/ingl\u00e9s<\/li>\n<li><strong>Informaci\u00f3n nutricional y declaraci\u00f3n de al\u00e9rgenos<\/strong> conforme al reglamento (UE) N.\u00ba 1169\/2011<\/li>\n<\/ul>\n<p>Apoyamos a su empresa con dise\u00f1o de etiquetas personalizadas, control de vida \u00fatil y toda la documentaci\u00f3n de exportaci\u00f3n necesaria para facilitar el despacho aduanero y la entrega en Francia.<\/p>\n<h2><strong>Dise\u00f1ado para los canales de distribuci\u00f3n franceses<\/strong><\/h2>\n<p>Nuestras operaciones de exportaci\u00f3n est\u00e1n optimizadas para distribuidores que atienden los diversos sectores alimentarios de Francia. La demanda de molokhia sigue creciendo entre las comunidades de Oriente Medio y el norte de \u00c1frica, as\u00ed como entre los consumidores franceses que buscan ingredientes vegetales naturales y congelados.<\/p>\n<p>Trabajamos con importadores que suministran a:<\/p>\n<ul>\n<li>Supermercados mediterr\u00e1neos<\/li>\n<li>Mayoristas \u00e9tnicos en \u00cele-de-France, Provenza y Auvernia-R\u00f3dano-Alpes<\/li>\n<li>Fabricantes de comidas preparadas y platos congelados<\/li>\n<\/ul>\n<p>La presencia de PEI Trade en el mercado europeo nos permite adaptar los env\u00edos seg\u00fan los ciclos de demanda, las especificaciones del comprador y las preferencias de empaque regional.<\/p>\n<h2><strong>Log\u00edstica, cadena de fr\u00edo y documentaci\u00f3n confiable<\/strong><\/h2>\n<p>Gestionamos toda la cadena de suministro, desde el campo hasta el destino final. Nuestras exportaciones de molokhia se env\u00edan en contenedores refrigerados con estricta gesti\u00f3n de cadena de fr\u00edo, para mantener la calidad durante todo el tr\u00e1nsito.<\/p>\n<p>Los servicios incluyen:<\/p>\n<ul>\n<li>Preenfriamiento y congelaci\u00f3n IQF<\/li>\n<li>Almacenamiento en fr\u00edo hasta la carga del contenedor<\/li>\n<li>Reservas de contenedor y despacho de exportaci\u00f3n<\/li>\n<li>Certificados sanitarios, documentaci\u00f3n de origen UE y cumplimiento<\/li>\n<li>Env\u00edos regulares a puertos franceses principales (Marsella, Le Havre, Dunkerque)<\/li>\n<\/ul>\n<p>Nuestro equipo log\u00edstico coordina todo el proceso aduanero, de transporte y entrega con eficiencia para importadores que valoran la puntualidad y la transparencia.<\/p>\n<h2><strong>\u00bfPor qu\u00e9 elegir a PEI Trade como proveedor de molokhia congelada?<\/strong><\/h2>\n<p>No somos solo un exportador, somos un socio estrat\u00e9gico. PEI Trade se destaca por:<\/p>\n<ul>\n<li><strong>Experiencia comprobada<\/strong> en exportaci\u00f3n de alimentos congelados a Europa<\/li>\n<li><strong>Comunicaci\u00f3n clara<\/strong> y soporte multiling\u00fce (franc\u00e9s\/ingl\u00e9s\/\u00e1rabe)<\/li>\n<li><strong>Gesti\u00f3n dedicada de cuentas<\/strong> para compradores recurrentes<\/li>\n<li><strong>Control de calidad completo<\/strong> desde el campo hasta el empaque final<\/li>\n<li><strong>Precios competitivos<\/strong> con cotizaciones por volumen para mayoristas<\/li>\n<\/ul>\n<p>Nuestras exportaciones est\u00e1n dise\u00f1adas para ayudar a las empresas a ampliar su oferta de alimentos del Medio Oriente y norte de \u00c1frica sin complicaciones.<\/p>\n<\/div>\n<\/section>\n<section class=\"section\" style=\"padding: 50px 20px;\">\n<div class=\"container\">\n<h2>Otros productos frescos de Egipto<\/h2>\n<p>Explore m\u00e1s productos frescos de alta calidad de Egipto, cultivados para mercados internacionales:<\/p>\n<div class=\"wp-block-woocommerce-product-collection\"><div class=\"woocommerce columns-4 \"><ul class=\"products columns-4\" data-products=\"type-2\">\n<li class=\"product type-product post-7374 status-publish first instock product_cat-in-season product_cat-vegetables has-post-thumbnail shipping-taxable product-type-simple\">\n\t<a href=\"https:\/\/peitrade.com\/es\/product\/ajo\/\" class=\"woocommerce-LoopProduct-link woocommerce-loop-product__link\"><img decoding=\"async\" width=\"300\" height=\"300\" src=\"https:\/\/peitrade.com\/wp-content\/uploads\/2025\/11\/Egyptian-Garlic-300x300.webp\" class=\"attachment-woocommerce_thumbnail size-woocommerce_thumbnail\" alt=\"Ajo\" srcset=\"https:\/\/peitrade.com\/wp-content\/uploads\/2025\/11\/Egyptian-Garlic-300x300.webp 300w, https:\/\/peitrade.com\/wp-content\/uploads\/2025\/11\/Egyptian-Garlic-150x150.webp 150w, https:\/\/peitrade.com\/wp-content\/uploads\/2025\/11\/Egyptian-Garlic-768x768.webp 768w, https:\/\/peitrade.com\/wp-content\/uploads\/2025\/11\/Egyptian-Garlic-600x600.webp 600w, https:\/\/peitrade.com\/wp-content\/uploads\/2025\/11\/Egyptian-Garlic-100x100.webp 100w, https:\/\/peitrade.com\/wp-content\/uploads\/2025\/11\/Egyptian-Garlic.webp 1024w\" sizes=\"(max-width: 300px) 100vw, 300px\" title=\"\"><h2 class=\"woocommerce-loop-product__title\">Ajo<\/h2>\n<\/a><a href=\"https:\/\/peitrade.com\/es\/product\/ajo\/\" aria-describedby=\"woocommerce_loop_add_to_cart_link_describedby_7374\" data-quantity=\"1\" class=\"button product_type_simple\" data-product_id=\"7374\" data-product_sku=\"70320\" aria-label=\"Lee m\u00e1s sobre &ldquo;Ajo&rdquo;\" rel=\"nofollow\" data-success_message=\"\">Leer m\u00e1s<\/a>\t<span id=\"woocommerce_loop_add_to_cart_link_describedby_7374\" class=\"screen-reader-text\">\n\t\t\t<\/span>\n<\/li>\n<li class=\"product type-product post-7790 status-publish instock product_cat-in-season product_cat-vegetables has-post-thumbnail shipping-taxable product-type-simple\">\n\t<a href=\"https:\/\/peitrade.com\/es\/product\/batatas-dulces\/\" class=\"woocommerce-LoopProduct-link woocommerce-loop-product__link\"><img decoding=\"async\" width=\"300\" height=\"300\" src=\"https:\/\/peitrade.com\/wp-content\/uploads\/2025\/11\/Egyptian-Sweet-Potatoes-300x300.webp\" class=\"attachment-woocommerce_thumbnail size-woocommerce_thumbnail\" alt=\"Egyptian Sweet Potatoes - PEI Trade\" srcset=\"https:\/\/peitrade.com\/wp-content\/uploads\/2025\/11\/Egyptian-Sweet-Potatoes-300x300.webp 300w, https:\/\/peitrade.com\/wp-content\/uploads\/2025\/11\/Egyptian-Sweet-Potatoes-150x150.webp 150w, https:\/\/peitrade.com\/wp-content\/uploads\/2025\/11\/Egyptian-Sweet-Potatoes-768x768.webp 768w, https:\/\/peitrade.com\/wp-content\/uploads\/2025\/11\/Egyptian-Sweet-Potatoes-600x600.webp 600w, https:\/\/peitrade.com\/wp-content\/uploads\/2025\/11\/Egyptian-Sweet-Potatoes-100x100.webp 100w, https:\/\/peitrade.com\/wp-content\/uploads\/2025\/11\/Egyptian-Sweet-Potatoes.webp 1024w\" sizes=\"(max-width: 300px) 100vw, 300px\" title=\"\"><h2 class=\"woocommerce-loop-product__title\">Batatas dulces<\/h2>\n<\/a><a href=\"https:\/\/peitrade.com\/es\/product\/batatas-dulces\/\" aria-describedby=\"woocommerce_loop_add_to_cart_link_describedby_7790\" data-quantity=\"1\" class=\"button product_type_simple\" data-product_id=\"7790\" data-product_sku=\"71420\" aria-label=\"Lee m\u00e1s sobre &ldquo;Batatas dulces&rdquo;\" rel=\"nofollow\" data-success_message=\"\">Leer m\u00e1s<\/a>\t<span id=\"woocommerce_loop_add_to_cart_link_describedby_7790\" class=\"screen-reader-text\">\n\t\t\t<\/span>\n<\/li>\n<li class=\"product type-product post-7535 status-publish instock product_cat-in-season product_cat-vegetables has-post-thumbnail shipping-taxable product-type-simple\">\n\t<a href=\"https:\/\/peitrade.com\/es\/product\/judias-verdes\/\" class=\"woocommerce-LoopProduct-link woocommerce-loop-product__link\"><img decoding=\"async\" width=\"300\" height=\"300\" src=\"https:\/\/peitrade.com\/wp-content\/uploads\/2025\/11\/Egyptian-Green-Beans-300x300.webp\" class=\"attachment-woocommerce_thumbnail size-woocommerce_thumbnail\" alt=\"Jud\u00edas verdes\" srcset=\"https:\/\/peitrade.com\/wp-content\/uploads\/2025\/11\/Egyptian-Green-Beans-300x300.webp 300w, https:\/\/peitrade.com\/wp-content\/uploads\/2025\/11\/Egyptian-Green-Beans-150x150.webp 150w, https:\/\/peitrade.com\/wp-content\/uploads\/2025\/11\/Egyptian-Green-Beans-768x768.webp 768w, https:\/\/peitrade.com\/wp-content\/uploads\/2025\/11\/Egyptian-Green-Beans-600x600.webp 600w, https:\/\/peitrade.com\/wp-content\/uploads\/2025\/11\/Egyptian-Green-Beans-100x100.webp 100w, https:\/\/peitrade.com\/wp-content\/uploads\/2025\/11\/Egyptian-Green-Beans.webp 1024w\" sizes=\"(max-width: 300px) 100vw, 300px\" title=\"\"><h2 class=\"woocommerce-loop-product__title\">Jud\u00edas verdes<\/h2>\n<\/a><a href=\"https:\/\/peitrade.com\/es\/product\/judias-verdes\/\" aria-describedby=\"woocommerce_loop_add_to_cart_link_describedby_7535\" data-quantity=\"1\" class=\"button product_type_simple\" data-product_id=\"7535\" data-product_sku=\"70821\" aria-label=\"Lee m\u00e1s sobre &ldquo;Jud\u00edas verdes&rdquo;\" rel=\"nofollow\" data-success_message=\"\">Leer m\u00e1s<\/a>\t<span id=\"woocommerce_loop_add_to_cart_link_describedby_7535\" class=\"screen-reader-text\">\n\t\t\t<\/span>\n<\/li>\n<li class=\"product type-product post-7358 status-publish last instock product_cat-vegetables has-post-thumbnail shipping-taxable product-type-simple\">\n\t<a href=\"https:\/\/peitrade.com\/es\/product\/tomates\/\" class=\"woocommerce-LoopProduct-link woocommerce-loop-product__link\"><img decoding=\"async\" width=\"300\" height=\"300\" src=\"https:\/\/peitrade.com\/wp-content\/uploads\/2025\/11\/Egyptian-Tomatoes-300x300.webp\" class=\"attachment-woocommerce_thumbnail size-woocommerce_thumbnail\" alt=\"Tomates\" srcset=\"https:\/\/peitrade.com\/wp-content\/uploads\/2025\/11\/Egyptian-Tomatoes-300x300.webp 300w, https:\/\/peitrade.com\/wp-content\/uploads\/2025\/11\/Egyptian-Tomatoes-150x150.webp 150w, https:\/\/peitrade.com\/wp-content\/uploads\/2025\/11\/Egyptian-Tomatoes-768x768.webp 768w, https:\/\/peitrade.com\/wp-content\/uploads\/2025\/11\/Egyptian-Tomatoes-600x600.webp 600w, https:\/\/peitrade.com\/wp-content\/uploads\/2025\/11\/Egyptian-Tomatoes-100x100.webp 100w, https:\/\/peitrade.com\/wp-content\/uploads\/2025\/11\/Egyptian-Tomatoes.webp 1024w\" sizes=\"(max-width: 300px) 100vw, 300px\" title=\"\"><h2 class=\"woocommerce-loop-product__title\">Tomates<\/h2>\n<\/a><a href=\"https:\/\/peitrade.com\/es\/product\/tomates\/\" aria-describedby=\"woocommerce_loop_add_to_cart_link_describedby_7358\" data-quantity=\"1\" class=\"button product_type_simple\" data-product_id=\"7358\" data-product_sku=\"70200\" aria-label=\"Lee m\u00e1s sobre &ldquo;Tomates&rdquo;\" rel=\"nofollow\" data-success_message=\"\">Leer m\u00e1s<\/a>\t<span id=\"woocommerce_loop_add_to_cart_link_describedby_7358\" class=\"screen-reader-text\">\n\t\t\t<\/span>\n<\/li>\n<\/ul>\n<\/div><\/div>\n<\/div>\n<\/section>\n<p><!-- Section: Season & Export Info --><\/p>\n<section class=\"section\" style=\"padding: 50px 20px; background-color: #f0f0f0;\">\n<div class=\"container\">\n<p><strong>Solicite una cotizaci\u00f3n personalizada o inicie su pedido de importaci\u00f3n<\/strong><\/p>\n<p>Estamos listos para abastecerle con molokhia congelada de alta calidad que cumpla con las exigencias de su mercado. Ya sea que necesite un contenedor completo o env\u00edos de prueba m\u00e1s peque\u00f1os, nuestro equipo de exportaci\u00f3n est\u00e1 disponible para proporcionar detalles sobre especificaciones del producto, tiempos log\u00edsticos y precios.<\/p>\n<p style=\"text-align: center; margin-top: 40px;\"><a class=\"button primary large\" href=\"\/contact\">Hacer pedido<\/a><\/p>\n<\/div>\n<\/section>\n<p><!-- FAQs Section --><\/p>\n<section class=\"section\" style=\"padding: 50px 20px; background-color: #f9f9f9;\">\n<div class=\"container\">\n<h2>Preguntas frecuentes<\/h2>\n<div>\n<h3><strong>\u00bfSu molokhia congelada est\u00e1 certificada para mercados de la UE?<\/strong><\/h3>\n<p>S\u00ed, todos nuestros productos de molokhia congelada cumplen con las normas de seguridad alimentaria y etiquetado de la UE. Cada env\u00edo incluye certificados sanitarios, an\u00e1lisis de laboratorio y certificados de origen.<\/p>\n<h3><strong>\u00bfPuedo solicitar empaque con marca privada en franc\u00e9s y \u00e1rabe?<\/strong><\/h3>\n<p>Por supuesto. Ofrecemos servicios de empaque listos para etiquetar con opciones en franc\u00e9s\/\u00e1rabe. Nuestro equipo puede ayudarle con el dise\u00f1o y cumplimiento conforme a la normativa de la UE.<\/p>\n<h3><strong>\u00bfCu\u00e1l es el MOQ y las opciones de env\u00edo?<\/strong><\/h3>\n<p>Los pedidos m\u00ednimos son flexibles seg\u00fan el tipo de empaque y el modo de env\u00edo (contenedor completo o carga parcial). Cont\u00e1ctenos para conocer detalles sobre cantidades m\u00ednimas y plazos de env\u00edo.<\/p>\n<h3><strong>\u00bfExportan a regiones fuera de Francia?<\/strong><\/h3>\n<p>S\u00ed, tambi\u00e9n exportamos a B\u00e9lgica, Pa\u00edses Bajos, Alemania, Italia y otros estados miembros de la UE. Francia es nuestro destino principal para molokhia congelada, pero estamos abiertos a nuevas alianzas comerciales en Europa.<\/p>\n<\/div>\n<\/div>\n<\/section>\n","protected":false},"excerpt":{"rendered":"<p>Abastecimiento del mercado franc\u00e9s con molokhia congelada aut\u00e9ntica PEI Trade es un exportador egipcio confiable, especializado en molokhia congelada (hojas de yute) de alta calidad, entregada en envases conformes con las normas de la UE a importadores y distribuidores en toda Francia. Desde los campos agr\u00edcolas del Valle del Nilo hasta los centros de distribuci\u00f3n [&hellip;]<\/p>\n","protected":false},"author":1,"featured_media":0,"parent":0,"menu_order":0,"comment_status":"closed","ping_status":"closed","template":"","meta":{"footnotes":""},"class_list":["post-6664","page","type-page","status-publish","hentry"],"blocksy_meta":[],"mb":[],"featured_image_urls_v2":{"full":"","thumbnail":"","medium":"","medium_large":"","large":"","1536x1536":"","2048x2048":"","woocommerce_archive_thumbnail":"","woocommerce_thumbnail":"","woocommerce_single":"","woocommerce_gallery_thumbnail":""},"post_excerpt_stackable_v2":"<p>Abastecimiento del mercado franc\u00e9s con molokhia congelada aut\u00e9ntica PEI Trade es un exportador egipcio confiable, especializado en molokhia congelada (hojas de yute) de alta calidad, entregada en envases conformes con las normas de la UE a importadores y distribuidores en toda Francia. Desde los campos agr\u00edcolas del Valle del Nilo hasta los centros de distribuci\u00f3n alimentaria en Par\u00eds, Marsella y Lyon, gestionamos cada etapa del proceso de exportaci\u00f3n con precisi\u00f3n. Nuestra molokhia se cultiva con t\u00e9cnicas agr\u00edcolas tradicionales, se cosecha en su punto \u00f3ptimo de madurez y se congela mediante tecnolog\u00eda IQF (congelaci\u00f3n r\u00e1pida individual). Esto garantiza un sabor constante,&hellip;<\/p>\n","category_list_v2":"","author_info_v2":{"name":"Mostafa Sabry","url":"https:\/\/peitrade.com\/es\/author\/emostafaadel_jn8gcqbo\/"},"comments_num_v2":"0 comentarios","mfb_rest_fields":["title","blocksy_meta","featured_image_urls_v2","post_excerpt_stackable_v2","category_list_v2","author_info_v2","comments_num_v2"],"_links":{"self":[{"href":"https:\/\/peitrade.com\/es\/wp-json\/wp\/v2\/pages\/6664","targetHints":{"allow":["GET"]}}],"collection":[{"href":"https:\/\/peitrade.com\/es\/wp-json\/wp\/v2\/pages"}],"about":[{"href":"https:\/\/peitrade.com\/es\/wp-json\/wp\/v2\/types\/page"}],"author":[{"embeddable":true,"href":"https:\/\/peitrade.com\/es\/wp-json\/wp\/v2\/users\/1"}],"replies":[{"embeddable":true,"href":"https:\/\/peitrade.com\/es\/wp-json\/wp\/v2\/comments?post=6664"}],"version-history":[{"count":1,"href":"https:\/\/peitrade.com\/es\/wp-json\/wp\/v2\/pages\/6664\/revisions"}],"predecessor-version":[{"id":6665,"href":"https:\/\/peitrade.com\/es\/wp-json\/wp\/v2\/pages\/6664\/revisions\/6665"}],"wp:attachment":[{"href":"https:\/\/peitrade.com\/es\/wp-json\/wp\/v2\/media?parent=6664"}],"curies":[{"name":"wp","href":"https:\/\/api.w.org\/{rel}","templated":true}]}}