{"id":6847,"date":"2025-09-01T12:19:56","date_gmt":"2025-09-01T12:19:56","guid":{"rendered":"http:\/\/46.224.74.15\/exportacion-mango-tommy-atkins-egipcia-pei-trade\/"},"modified":"2025-11-19T16:59:45","modified_gmt":"2025-11-19T16:59:45","slug":"exportacion-mango-tommy-atkins-egipcia-pei-trade","status":"publish","type":"page","link":"https:\/\/peitrade.com\/es\/exportacion-mango-tommy-atkins-egipcia-pei-trade\/","title":{"rendered":"Mango Tommy Atkins de calidad para exportaci\u00f3n procedente de Egipto con PEI Trade"},"content":{"rendered":"<section class=\"section\" style=\"padding: 60px 20px; background-color: #f5f7fa;\">\n<div class=\"container\">\n<h2>Mango Tommy Atkins &#8211; Exportaci\u00f3n egipcia de primera calidad de PEI Trade<\/h2>\n<p><strong>Frescura, calidad y trazabilidad en las que puedes confiar<\/strong><\/p>\n<p>En PEI Trade, nos enorgullecemos de suministrar al mundo mango Tommy Atkins de primera calidad, una de las variedades de mango m\u00e1s solicitadas de Egipto. Con su rico sabor, textura firme y larga conservaci\u00f3n, este mango se ha convertido en uno de los favoritos de los mercados internacionales. <\/p>\n<p>Nuestro compromiso va m\u00e1s all\u00e1 del comercio. Cada env\u00edo de mango Tommy Atkins procede directamente de granjas egipcias de confianza, con certificaci\u00f3n de seguridad y sostenibilidad, y se env\u00eda con una gesti\u00f3n completa de la cadena de fr\u00edo para preservar la frescura natural desde la cosecha hasta tus estanter\u00edas. <\/p>\n<\/div>\n<\/section>\n<section class=\"section\" style=\"padding: 50px 20px;\">\n<div class=\"container\">\n<h2>\u00bfPor qu\u00e9 elegir el mango Tommy Atkins de PEI Trade?<\/h2>\n<ul>\n<li data-start=\"926\" data-end=\"1025\"><strong data-start=\"926\" data-end=\"948\">Calidad constante<\/strong> &#8211; Cultivados con esmero en las f\u00e9rtiles tierras de Egipto y recolectados en su punto \u00f3ptimo de maduraci\u00f3n.<\/li>\n<li data-start=\"1028\" data-end=\"1133\"><strong data-start=\"1028\" data-end=\"1053\">Trazable y certificado<\/strong> &#8211; Cada lote lleva una certificaci\u00f3n completa y documentaci\u00f3n de la granja a la exportaci\u00f3n.<\/li>\n<li data-start=\"1136\" data-end=\"1243\"><strong data-start=\"1136\" data-end=\"1160\">Excelente conservaci\u00f3n<\/strong> &#8211; La carne firme y la estructura fuerte de la piel la hacen ideal para el transporte de larga distancia.<\/li>\n<li data-start=\"1246\" data-end=\"1361\"><strong data-start=\"1246\" data-end=\"1277\">Soluciones de suministro durante todo el a\u00f1o<\/strong>: cantidades de pedido flexibles, disponibilidad estacional y planes de entrega recurrentes.<\/li>\n<li data-start=\"1364\" data-end=\"1488\"><strong data-start=\"1364\" data-end=\"1391\">Exportador global de confianza<\/strong> &#8211; Sirviendo a mayoristas, minoristas y distribuidores de Oriente Medio, Europa y m\u00e1s all\u00e1.<\/li>\n<\/ul>\n<\/div>\n<\/section>\n<section class=\"section\" style=\"padding: 60px 20px; background-color: #f5f7fa;\">\n<div class=\"container\">\n<h2>Especificaciones del egipcio Tommy Atkins Mango<\/h2>\n<p>Desde la granja hasta el destino final, PEI Trade aplica un meticuloso control de calidad para garantizar que cada mango cumple unas normas estrictas.<\/p>\n<p>Nuestro proceso de inspecci\u00f3n y manipulaci\u00f3n en varias fases garantiza que s\u00f3lo los mejores mangos avanzan por la cadena de suministro. Esta dedicaci\u00f3n reduce las p\u00e9rdidas y maximiza la vida \u00fatil. <\/p>\n<ul>\n<li data-start=\"1549\" data-end=\"1568\"><strong data-start=\"1549\" data-end=\"1560\">Origen:<\/strong> Egipto<\/li>\n<li data-start=\"1571\" data-end=\"1623\"><strong data-start=\"1571\" data-end=\"1581\">Color:<\/strong> Piel verde-rojiza con carne naranja brillante<\/li>\n<li data-start=\"1626\" data-end=\"1689\"><strong data-start=\"1626\" data-end=\"1645\">Perfil de sabor:<\/strong> Suavemente dulce, arom\u00e1tico, con textura firme<\/li>\n<li data-start=\"1692\" data-end=\"1785\"><strong data-start=\"1692\" data-end=\"1714\">Opciones de envasado:<\/strong> Cajas de cart\u00f3n est\u00e1ndar para exportaci\u00f3n, envases ecol\u00f3gicos o etiquetado privado<\/li>\n<li data-start=\"1788\" data-end=\"1882\"><strong data-start=\"1788\" data-end=\"1807\">Certificaciones:<\/strong> Global GAP, ISO y pleno cumplimiento de la norma internacional de exportaci\u00f3n<\/li>\n<\/ul>\n<\/div>\n<\/section>\n<section class=\"section\" style=\"padding: 50px 20px;\">\n<div class=\"container\">\n<h2>Servicios comerciales de PEI para las exportaciones de mango<\/h2>\n<p data-start=\"225\" data-end=\"428\">En <strong data-start=\"228\" data-end=\"241\">PEI<\/strong> Trade, vamos m\u00e1s all\u00e1 de suministrar <strong data-start=\"274\" data-end=\"296\">mango Tommy Atkins<\/strong> de primera calidad. Proporcionamos un paquete de servicios completo dise\u00f1ado para que el comercio internacional sea sencillo, transparente y rentable para nuestros socios. <\/p>\n<h3 data-start=\"430\" data-end=\"457\">Modelos comerciales flexibles<\/h3>\n<p data-start=\"458\" data-end=\"898\">Entendemos que cada negocio funciona de forma diferente. Por eso ofrecemos cantidades m\u00ednimas de pedido reducidas para apoyar a los distribuidores m\u00e1s peque\u00f1os, al tiempo que mantenemos la capacidad de gestionar contratos a gran escala. Desde cajas de cart\u00f3n est\u00e1ndar hasta <strong data-start=\"697\" data-end=\"717\">envases<\/strong> totalmente <strong data-start=\"697\" data-end=\"717\">personalizados<\/strong> y <strong data-start=\"722\" data-end=\"742\">marcas privadas<\/strong>, nuestras soluciones flexibles te permiten presentar los mangos egipcios con tu propia etiqueta o con dise\u00f1os ecol\u00f3gicos que se ajusten a los requisitos de tu mercado.  <\/p>\n<h3 data-start=\"900\" data-end=\"926\">Log\u00edstica integral<\/h3>\n<p data-start=\"927\" data-end=\"1363\">Exportar productos perecederos requiere precisi\u00f3n. Nuestro equipo de log\u00edstica gestiona cada paso, desde la <strong data-start=\"1021\" data-end=\"1050\">cosecha hasta la entrega final<\/strong>. Las instalaciones de almacenamiento en fr\u00edo mantienen la frescura, mientras que nuestros expertos gestionan con precisi\u00f3n <strong data-start=\"1121\" data-end=\"1177\">la documentaci\u00f3n, las certificaciones y el despacho de aduanas<\/strong>. Al supervisar todo el proceso, PEI Trade se asegura de que tus env\u00edos de <strong data-start=\"1255\" data-end=\"1277\">mango Tommy Atkins<\/strong> lleguen a tiempo, en las mejores condiciones y cumpliendo la normativa mundial.   <\/p>\n<h3 data-start=\"1365\" data-end=\"1390\">Transacciones seguras<\/h3>\n<p data-start=\"1391\" data-end=\"1720\">La confianza y la transparencia son el n\u00facleo de nuestro negocio. Ofrecemos <strong data-start=\"1458\" data-end=\"1486\">estructuras de precios claras<\/strong>, sin costes ocultos, respaldadas por m\u00e9todos de pago internacionales seguros, como <strong data-start=\"1567\" data-end=\"1594\">cartas de cr\u00e9dito (L\/C)<\/strong> y <strong data-start=\"1599\" data-end=\"1618\">servicios de custodia<\/strong>. Esta seguridad financiera te permite operar con confianza, sabiendo que cada transacci\u00f3n est\u00e1 protegida.  <\/p>\n<h3 data-start=\"1722\" data-end=\"1740\">Asistencia 24\/7<\/h3>\n<p data-start=\"1741\" data-end=\"2093\">Nuestra asociaci\u00f3n no termina una vez que el env\u00edo sale de Egipto. A cada cliente se le asigna un <strong data-start=\"1828\" data-end=\"1857\">gestor de cuenta dedicado<\/strong>, disponible las 24 horas del d\u00eda para responder preguntas, proporcionar actualizaciones de los env\u00edos en tiempo real y resolver problemas r\u00e1pidamente. Con asistencia multiling\u00fce, nos aseguramos de que la comunicaci\u00f3n sea fluida y eficaz, independientemente de d\u00f3nde se encuentre tu empresa.  <\/p>\n<\/div>\n<\/section>\n<section class=\"section\" style=\"padding: 60px 20px; background-color: #f5f7fa;\">\n<div class=\"container\">\n<h2 data-start=\"2358\" data-end=\"2385\">As\u00f3ciate con PEI Trade<\/h2>\n<p data-start=\"2387\" data-end=\"2567\">Cuando eliges a PEI Trade para tu exportaci\u00f3n egipcia de mango Tommy Atkins, consigues un socio fiable comprometido con la calidad, la transparencia y la colaboraci\u00f3n a largo plazo.<\/p>\n<p data-start=\"2569\" data-end=\"2768\">Nuestras exportaciones de mango se gestionan cuidadosamente para satisfacer las necesidades tanto de los grandes distribuidores como de las peque\u00f1as empresas, garantizando que todos los clientes reciban el mismo alto nivel de servicio y calidad del producto.<\/p>\n<p>\u00bfEst\u00e1s listo para comprar Mango Tommy Atkins de Egipto?<br \/>\nPonte en contacto con PEI Trade para conocer los precios, la disponibilidad y los plazos de env\u00edo.<\/p>\n<p style=\"text-align: center;\"><a class=\"button primary large\" href=\"\/contact\" target=\"_blank\" rel=\"noopener\">Solicitar informaci\u00f3n sobre suministros y precios<\/a><\/p>\n<p>\ud83d\udccd Egipto (Oficina Central): Blue Mall, Nuevo El Cairo<br \/>\n\ud83d\udcde Tel\u00e9fono: (+20)-1099-1119-18<br \/>\n\u2709\ufe0f Correo electr\u00f3nico:  <a href=\"mailto:Sales@peitrade.com\">Sales@peitrade.com<\/a><\/p>\n<p data-start=\"3064\" data-end=\"3165\">Tambi\u00e9n disponemos de oficinas internacionales en <strong data-start=\"3082\" data-end=\"3108\">EAU, Bulgaria y EE.UU.<\/strong> para atender tus necesidades locales.<\/p>\n<\/div>\n<\/section>\n<section class=\"section\">\n<div class=\"container\">\n<h2>Preguntas frecuentes<\/h2>\n<h3>\u00bfPor qu\u00e9 elegir el mango Tommy Atkins de PEI Trade?<\/h3>\n<p>Nuestros mangos Tommy Atkins combinan una textura firme, un sabor equilibrado y una calidad superior para la exportaci\u00f3n, cultivados seg\u00fan estrictas normas egipcias, lo que garantiza un suministro fiable y constante para los mercados mundiales.<\/p>\n<h3>\u00bfC\u00f3mo garantiza PEI Trade la fiabilidad del suministro?<\/h3>\n<p>Gracias a una recolecci\u00f3n precisa, un almacenamiento controlado y una log\u00edstica global segura, nos aseguramos de que tus pedidos lleguen siempre frescos y a tiempo.<\/p>\n<h3>\u00bfQu\u00e9 ventajas comerciales ofrece Tommy Atkins Mango?<\/h3>\n<p>La carne firme y la larga vida \u00fatil reducen el deterioro, al tiempo que mejoran la eficacia del procesado, la presentaci\u00f3n al por menor y la satisfacci\u00f3n del cliente.<\/p>\n<h3>\u00bfQu\u00e9 opciones de envasado hay disponibles?<\/h3>\n<p>Ofrecemos soluciones vers\u00e1tiles de envasado a granel y listas para la venta al por menor, adaptadas a las necesidades de tu empresa.<\/p>\n<h3>\u00bfA qu\u00e9 mercados sirve PEI Trade?<\/h3>\n<p>Uni\u00f3n Europea, pa\u00edses del CCG, Asia y mercados africanos seleccionados con pleno cumplimiento de la normativa.<\/p>\n<h3>\u00bfC\u00f3mo asegurarse el suministro de mango Tommy Atkins de PEI Trade?<\/h3>\n<p>Ponte en contacto con nosotros para hablar de vol\u00famenes, envases y plazos de env\u00edo adaptados a tus necesidades comerciales.<\/p>\n<\/div>\n<\/section>\n","protected":false},"excerpt":{"rendered":"<p>Mango Tommy Atkins &#8211; Exportaci\u00f3n egipcia de primera calidad de PEI Trade Frescura, calidad y trazabilidad en las que puedes confiar En PEI Trade, nos enorgullecemos de suministrar al mundo mango Tommy Atkins de primera calidad, una de las variedades de mango m\u00e1s solicitadas de Egipto. Con su rico sabor, textura firme y larga conservaci\u00f3n, [&hellip;]<\/p>\n","protected":false},"author":1,"featured_media":0,"parent":0,"menu_order":0,"comment_status":"closed","ping_status":"closed","template":"","meta":{"footnotes":""},"class_list":["post-6847","page","type-page","status-publish","hentry"],"blocksy_meta":[],"mb":[],"featured_image_urls_v2":{"full":"","thumbnail":"","medium":"","medium_large":"","large":"","1536x1536":"","2048x2048":"","woocommerce_archive_thumbnail":"","woocommerce_thumbnail":"","woocommerce_single":"","woocommerce_gallery_thumbnail":""},"post_excerpt_stackable_v2":"<p>Mango Tommy Atkins &#8211; Exportaci\u00f3n egipcia de primera calidad de PEI Trade Frescura, calidad y trazabilidad en las que puedes confiar En PEI Trade, nos enorgullecemos de suministrar al mundo mango Tommy Atkins de primera calidad, una de las variedades de mango m\u00e1s solicitadas de Egipto. Con su rico sabor, textura firme y larga conservaci\u00f3n, este mango se ha convertido en uno de los favoritos de los mercados internacionales. Nuestro compromiso va m\u00e1s all\u00e1 del comercio. Cada env\u00edo de mango Tommy Atkins procede directamente de granjas egipcias de confianza, con certificaci\u00f3n de seguridad y sostenibilidad, y se env\u00eda con una&hellip;<\/p>\n","category_list_v2":"","author_info_v2":{"name":"Mostafa Sabry","url":"https:\/\/peitrade.com\/es\/author\/emostafaadel_jn8gcqbo\/"},"comments_num_v2":"0 comentarios","mfb_rest_fields":["title","blocksy_meta","featured_image_urls_v2","post_excerpt_stackable_v2","category_list_v2","author_info_v2","comments_num_v2"],"_links":{"self":[{"href":"https:\/\/peitrade.com\/es\/wp-json\/wp\/v2\/pages\/6847","targetHints":{"allow":["GET"]}}],"collection":[{"href":"https:\/\/peitrade.com\/es\/wp-json\/wp\/v2\/pages"}],"about":[{"href":"https:\/\/peitrade.com\/es\/wp-json\/wp\/v2\/types\/page"}],"author":[{"embeddable":true,"href":"https:\/\/peitrade.com\/es\/wp-json\/wp\/v2\/users\/1"}],"replies":[{"embeddable":true,"href":"https:\/\/peitrade.com\/es\/wp-json\/wp\/v2\/comments?post=6847"}],"version-history":[{"count":1,"href":"https:\/\/peitrade.com\/es\/wp-json\/wp\/v2\/pages\/6847\/revisions"}],"predecessor-version":[{"id":6848,"href":"https:\/\/peitrade.com\/es\/wp-json\/wp\/v2\/pages\/6847\/revisions\/6848"}],"wp:attachment":[{"href":"https:\/\/peitrade.com\/es\/wp-json\/wp\/v2\/media?parent=6847"}],"curies":[{"name":"wp","href":"https:\/\/api.w.org\/{rel}","templated":true}]}}