{"id":8535,"date":"2025-11-27T11:28:29","date_gmt":"2025-11-27T11:28:29","guid":{"rendered":"https:\/\/peitrade.com\/formulario-de-prueba\/"},"modified":"2025-11-27T14:07:25","modified_gmt":"2025-11-27T14:07:25","slug":"formulario-de-prueba","status":"publish","type":"page","link":"https:\/\/peitrade.com\/es\/formulario-de-prueba\/","title":{"rendered":"formulario de prueba"},"content":{"rendered":"\n<div class=\"wp-block-stackable-columns stk-block-columns stk-block stk-d175bf0 stk-block-background\" data-block-id=\"d175bf0\"><style>.stk-d175bf0 {background-color:#fffffe !important;}.stk-d175bf0:before{background-color:#fffffe !important;}<\/style><div class=\"stk-row stk-inner-blocks stk-block-content stk-content-align stk-d175bf0-column\">\n<div class=\"wp-block-stackable-column stk-block-column stk-column stk-block stk-3f28813\" data-v=\"4\" data-block-id=\"3f28813\"><div class=\"stk-column-wrapper stk-block-column__content stk-container stk-3f28813-container stk--no-background stk--no-padding\"><div class=\"stk-block-content stk-inner-blocks stk-3f28813-inner-blocks\">\n<div class=\"wp-block-contact-form-7-contact-form-selector\">\n<div class=\"wpcf7 no-js\" id=\"wpcf7-f8531-o1\" lang=\"es-ES\" dir=\"ltr\" data-wpcf7-id=\"8531\">\n<div class=\"screen-reader-response\"><p role=\"status\" aria-live=\"polite\" aria-atomic=\"true\"><\/p> <ul><\/ul><\/div>\n<form action=\"\/es\/wp-json\/wp\/v2\/pages\/8535#wpcf7-f8531-o1\" method=\"post\" class=\"wpcf7-form init\" aria-label=\"Formulario de contacto\" novalidate=\"novalidate\" data-status=\"init\">\n<fieldset class=\"hidden-fields-container\"><input type=\"hidden\" name=\"_wpcf7\" value=\"8531\" \/><input type=\"hidden\" name=\"_wpcf7_version\" value=\"6.1.5\" \/><input type=\"hidden\" name=\"_wpcf7_locale\" value=\"es_ES\" \/><input type=\"hidden\" name=\"_wpcf7_unit_tag\" value=\"wpcf7-f8531-o1\" \/><input type=\"hidden\" name=\"_wpcf7_container_post\" value=\"0\" \/><input type=\"hidden\" name=\"_wpcf7_posted_data_hash\" value=\"\" \/>\n<\/fieldset>\n<div class=\"uacf7-form-wrapper-container uacf7-form-8531  \"><div class=\"uacf7-row\"><div class=\"uacf7-col-6\"><label for=\"your-name\">Nombre Completo <\/label>\n<span class=\"wpcf7-form-control-wrap\" data-name=\"your-name\"><input size=\"40\" maxlength=\"400\" class=\"wpcf7-form-control wpcf7-text\" id=\"your-name\" aria-invalid=\"false\" placeholder=\"Tu Nombre\" value=\"\" type=\"text\" name=\"your-name\" \/><\/span>\n<\/div> <div class=\"uacf7-col-6\"><label for=\"your-email\">Direcci\u00f3n de correo electr\u00f3nico<\/label> <span class=\"wpcf7-form-control-wrap\" data-name=\"your-email\"><input size=\"40\" maxlength=\"400\" class=\"wpcf7-form-control wpcf7-email wpcf7-validates-as-required wpcf7-text wpcf7-validates-as-email\" id=\"your-email\" aria-required=\"true\" aria-invalid=\"false\" placeholder=\"Tu correo electr\u00f3nico\" value=\"\" type=\"email\" name=\"your-email\" \/><\/span><\/div><\/div> <br><div class=\"uacf7-row\"><div class=\"uacf7-col-6\">Pa\u00eds <span class=\"wpcf7-form-control-wrap\" data-name=\"country-dropdwon\"><input size=\"40\" class=\"wpcf7-form-control wpcf7-countrytext wpcf7-text wpcf7-validates-as-countrytext\" id=\"country-dropdwon\" aria-invalid=\"false\" value=\"\" type=\"text\" name=\"country-dropdwon\" \/><\/span><\/div> \n<div class=\"uacf7-col-6\">N\u00famero de tel\u00e9fono <span class=\"wpcf7-form-control-wrap\" data-name=\"phone-dropdown\"><input size=\"40\" class=\"wpcf7-form-control wpcf7-phonetext wpcf7-validates-as-required wpcf7-text wpcf7-validates-as-phonetext\" id=\"phone-dropdown\" aria-required=\"true\" aria-invalid=\"false\" value=\"\" type=\"text\" name=\"phone-dropdown\" \/><input type=\"hidden\" name=\"phone-dropdown-country-code\" class=\"wpcf7-phonetext-country-code\" \/><\/span><\/div><\/div>\n<br><label for=\"your-message\">Escribe tu mensaje<\/label> <span class=\"wpcf7-form-control-wrap\" data-name=\"your-message\"><textarea cols=\"40\" rows=\"10\" maxlength=\"2000\" class=\"wpcf7-form-control wpcf7-textarea\" id=\"your-message\" aria-invalid=\"false\" placeholder=\"Mensaje...\" name=\"your-message\"><\/textarea><\/span>\n\n<br><span class=\"wpcf7-form-control-wrap\" data-name=\"hcap-cf7\">\t\t<input\n\t\t\t\ttype=\"hidden\"\n\t\t\t\tclass=\"hcaptcha-widget-id\"\n\t\t\t\tname=\"hcaptcha-widget-id\"\n\t\t\t\tvalue=\"eyJzb3VyY2UiOlsiY29udGFjdC1mb3JtLTdcL3dwLWNvbnRhY3QtZm9ybS03LnBocCJdLCJmb3JtX2lkIjowfQ==-cfc94fe0480e1fbfff7e71f5e704de9a\">\n\t\t\t\t<span id=\"hcap_cf7-69f27ac6a77c41.19931344\" class=\"wpcf7-form-control h-captcha \"\n\t\t\tdata-sitekey=\"c37ab4fc-42e0-45c8-8278-7180571a20be\"\n\t\t\tdata-theme=\"light\"\n\t\t\tdata-size=\"normal\"\n\t\t\tdata-auto=\"false\"\n\t\t\tdata-ajax=\"false\"\n\t\t\tdata-force=\"false\">\n\t\t<\/span>\n\t\t<input type=\"hidden\" id=\"_wpnonce\" name=\"_wpnonce\" value=\"7e1a2b3f94\" \/><input type=\"hidden\" name=\"_wp_http_referer\" value=\"\/es\/wp-json\/wp\/v2\/pages\/8535\" \/><\/span><button type=\"submit\" class=\"wpcf7-submit btn btn-third btn-animate\">Enviar mensaje<\/button>\n\n\n\n\n <script> jQuery(function($){ var productName = $('h1.product_title, h1.entry-title, .ct-product-title, h1.page-title') .first().text().trim(); if(productName){ var $field = $('#required-product, input[name= \"required-product\"]').first(); if($field.length && !$field.val()){ $field.val(productName).trigger('input').trigger('change'); } } }); <\/script><\/div><div class=\"wpcf7-response-output\" aria-hidden=\"true\"><\/div>\n<\/form>\n<\/div>\n<\/div>\n<\/div><\/div><\/div>\n\n\n\n<div class=\"wp-block-stackable-column stk-block-column stk-column stk-block stk-4327ea8\" data-v=\"4\" data-block-id=\"4327ea8\"><div class=\"stk-column-wrapper stk-block-column__content stk-container stk-4327ea8-container stk--no-background stk--no-padding\"><div class=\"stk-block-content stk-inner-blocks stk-4327ea8-inner-blocks\"><\/div><\/div><\/div>\n<\/div><\/div>\n","protected":false},"excerpt":{"rendered":"","protected":false},"author":1,"featured_media":0,"parent":0,"menu_order":0,"comment_status":"closed","ping_status":"closed","template":"","meta":{"footnotes":""},"class_list":["post-8535","page","type-page","status-publish","hentry"],"blocksy_meta":[],"mb":[],"featured_image_urls_v2":{"full":"","thumbnail":"","medium":"","medium_large":"","large":"","1536x1536":"","2048x2048":"","woocommerce_archive_thumbnail":"","woocommerce_thumbnail":"","woocommerce_single":"","woocommerce_gallery_thumbnail":""},"post_excerpt_stackable_v2":"<p>Nombre Completo Direcci\u00f3n de correo electr\u00f3nico Pa\u00eds N\u00famero de tel\u00e9fono Escribe tu mensaje Enviar mensaje<\/p>\n","category_list_v2":"","author_info_v2":{"name":"Mostafa Sabry","url":"https:\/\/peitrade.com\/es\/author\/emostafaadel_jn8gcqbo\/"},"comments_num_v2":"0 comentarios","mfb_rest_fields":["title","blocksy_meta","featured_image_urls_v2","post_excerpt_stackable_v2","category_list_v2","author_info_v2","comments_num_v2"],"_links":{"self":[{"href":"https:\/\/peitrade.com\/es\/wp-json\/wp\/v2\/pages\/8535","targetHints":{"allow":["GET"]}}],"collection":[{"href":"https:\/\/peitrade.com\/es\/wp-json\/wp\/v2\/pages"}],"about":[{"href":"https:\/\/peitrade.com\/es\/wp-json\/wp\/v2\/types\/page"}],"author":[{"embeddable":true,"href":"https:\/\/peitrade.com\/es\/wp-json\/wp\/v2\/users\/1"}],"replies":[{"embeddable":true,"href":"https:\/\/peitrade.com\/es\/wp-json\/wp\/v2\/comments?post=8535"}],"version-history":[{"count":7,"href":"https:\/\/peitrade.com\/es\/wp-json\/wp\/v2\/pages\/8535\/revisions"}],"predecessor-version":[{"id":8557,"href":"https:\/\/peitrade.com\/es\/wp-json\/wp\/v2\/pages\/8535\/revisions\/8557"}],"wp:attachment":[{"href":"https:\/\/peitrade.com\/es\/wp-json\/wp\/v2\/media?parent=8535"}],"curies":[{"name":"wp","href":"https:\/\/api.w.org\/{rel}","templated":true}]}}