{"id":5096,"date":"2025-11-12T17:11:13","date_gmt":"2025-11-12T17:11:13","guid":{"rendered":"https:\/\/peitrade.com\/new\/product\/calabacin\/"},"modified":"2025-11-18T15:01:35","modified_gmt":"2025-11-18T15:01:35","slug":"calabacin","status":"publish","type":"product","link":"https:\/\/peitrade.com\/es\/product\/calabacin\/","title":{"rendered":"Calabac\u00edn"},"content":{"rendered":"<h2>Calabac\u00edn egipcio premium \u2013 fresco, uniforme e ideal para la exportaci\u00f3n<\/h2>\n<p>El calabac\u00edn egipcio es muy demandado en los mercados internacionales gracias a su tama\u00f1o uniforme, su piel verde y brillante y su textura tierna. Cultivado con m\u00e9todos agr\u00edcolas controlados y cosechado en el punto \u00f3ptimo de maduraci\u00f3n, cumple todos los est\u00e1ndares de calidad de exportaci\u00f3n en t\u00e9rminos de frescura y vida \u00fatil. <\/p>\n<h3>\u00bfPor qu\u00e9 elegir calabac\u00edn egipcio?<\/h3>\n<p>\u2714 Apariencia limpia y lisa con textura firme<br \/>\n\u2714 Disponible todo el a\u00f1o con altos vol\u00famenes de producci\u00f3n<br \/>\n\u2714 Conforme a las normas de importaci\u00f3n de la UE y de los pa\u00edses del Golfo<br \/>\n\u2714 Env\u00edos r\u00e1pidos con control de calidad en cada etapa<\/p>\n<h3>\u00bfPor qu\u00e9 elegir el calabac\u00edn de PEI Trade?<\/h3>\n<p>\u2714 Calidad de exportaci\u00f3n garantizada: cuidadosamente clasificado y empacado para cumplir los est\u00e1ndares internacionales<br \/>\n\u2714 Fincas certificadas: producci\u00f3n con certificaci\u00f3n GAP, cumplimiento total de la seguridad alimentaria y trazabilidad completa<br \/>\n\u2714 Log\u00edstica eficiente: transporte con temperatura controlada, documentaci\u00f3n \u00e1gil y despacho aduanal fluido<br \/>\n\u2714 Suministro constante: vol\u00famenes escalables adaptados a mayoristas, distribuidores y minoristas<\/p>\n<h3>Empaque y proceso de exportaci\u00f3n<\/h3>\n<p>Los calabacines se preenfr\u00edan, se clasifican y se empacan en cajas estandarizadas. Los procedimientos de exportaci\u00f3n siguen estrictos protocolos fitosanitarios, con toda la documentaci\u00f3n necesaria para un despacho aduanal sin contratiempos. <\/p>\n","protected":false},"excerpt":{"rendered":"<h2>Calabac\u00edn egipcio de calidad de exportaci\u00f3n de PEI Trade<\/h2>\n<p>El calabac\u00edn egipcio es apreciado en todo el mundo por su piel lisa, su forma uniforme y su textura firme, lo que lo hace ideal para los estantes de detalle y la distribuci\u00f3n a gran escala.<\/p>\n<p>Cultivado bajo pr\u00e1cticas agr\u00edcolas controladas y cosechado con precisi\u00f3n, nuestro calabac\u00edn se suministra de forma constante y a granel para satisfacer las necesidades de mayoristas, minoristas e industriales.<\/p>\n<p><!--StartFragment --><\/p>\n<p><!--EndFragment --><\/p>\n","protected":false},"featured_media":5090,"template":"","meta":{"jetpack_publicize_message":"","jetpack_publicize_feature_enabled":true,"jetpack_social_post_already_shared":false,"jetpack_social_options":{"image_generator_settings":{"template":"highway","default_image_id":0,"font":"","enabled":false},"version":2}},"product_brand":[],"product_cat":[355],"product_tag":[],"class_list":{"0":"post-5096","1":"product","2":"type-product","3":"status-publish","4":"has-post-thumbnail","6":"product_cat-vegetables","8":"first","9":"instock","10":"shipping-taxable","11":"product-type-simple"},"mb":[],"featured_image_urls_v2":{"full":["https:\/\/peitrade.com\/wp-content\/uploads\/2025\/11\/Egyptian-zucchini.webp",1024,1024,false],"thumbnail":["https:\/\/peitrade.com\/wp-content\/uploads\/2025\/11\/Egyptian-zucchini-150x150.webp",150,150,true],"medium":["https:\/\/peitrade.com\/wp-content\/uploads\/2025\/11\/Egyptian-zucchini-300x300.webp",300,300,true],"medium_large":["https:\/\/peitrade.com\/wp-content\/uploads\/2025\/11\/Egyptian-zucchini-768x768.webp",768,768,true],"large":["https:\/\/peitrade.com\/wp-content\/uploads\/2025\/11\/Egyptian-zucchini.webp",1024,1024,false],"1536x1536":["https:\/\/peitrade.com\/wp-content\/uploads\/2025\/11\/Egyptian-zucchini.webp",1024,1024,false],"2048x2048":["https:\/\/peitrade.com\/wp-content\/uploads\/2025\/11\/Egyptian-zucchini.webp",1024,1024,false],"woocommerce_archive_thumbnail":["https:\/\/peitrade.com\/wp-content\/uploads\/2025\/11\/Egyptian-zucchini-300x300.webp",300,300,true],"woocommerce_thumbnail":["https:\/\/peitrade.com\/wp-content\/uploads\/2025\/11\/Egyptian-zucchini-300x300.webp",300,300,true],"woocommerce_single":["https:\/\/peitrade.com\/wp-content\/uploads\/2025\/11\/Egyptian-zucchini-600x600.webp",600,600,true],"woocommerce_gallery_thumbnail":["https:\/\/peitrade.com\/wp-content\/uploads\/2025\/11\/Egyptian-zucchini-100x100.webp",100,100,true]},"post_excerpt_stackable_v2":"<h2>Calabac\u00edn egipcio de calidad de exportaci\u00f3n de PEI Trade<\/h2>\n<p>El calabac\u00edn egipcio es apreciado en todo el mundo por su piel lisa, su forma uniforme y su textura firme, lo que lo hace ideal para los estantes de detalle y la distribuci\u00f3n a gran escala.<\/p>\n<p>Cultivado bajo pr\u00e1cticas agr\u00edcolas controladas y cosechado con precisi\u00f3n, nuestro calabac\u00edn se suministra de forma constante y a granel para satisfacer las necesidades de mayoristas, minoristas e industriales.<\/p>\n<p><!--StartFragment --><\/p>\n<p><!--EndFragment --><\/p>\n","category_list_v2":"","author_info_v2":{"name":"","url":""},"comments_num_v2":"0 comentarios","jetpack_publicize_connections":[],"mfb_rest_fields":["title","featured_image_urls_v2","post_excerpt_stackable_v2","category_list_v2","author_info_v2","comments_num_v2","jetpack_publicize_connections"],"_links":{"self":[{"href":"https:\/\/peitrade.com\/es\/wp-json\/wp\/v2\/product\/5096","targetHints":{"allow":["GET"]}}],"collection":[{"href":"https:\/\/peitrade.com\/es\/wp-json\/wp\/v2\/product"}],"about":[{"href":"https:\/\/peitrade.com\/es\/wp-json\/wp\/v2\/types\/product"}],"wp:featuredmedia":[{"embeddable":true,"href":"https:\/\/peitrade.com\/es\/wp-json\/wp\/v2\/media\/5090"}],"wp:attachment":[{"href":"https:\/\/peitrade.com\/es\/wp-json\/wp\/v2\/media?parent=5096"}],"wp:term":[{"taxonomy":"product_brand","embeddable":true,"href":"https:\/\/peitrade.com\/es\/wp-json\/wp\/v2\/product_brand?post=5096"},{"taxonomy":"product_cat","embeddable":true,"href":"https:\/\/peitrade.com\/es\/wp-json\/wp\/v2\/product_cat?post=5096"},{"taxonomy":"product_tag","embeddable":true,"href":"https:\/\/peitrade.com\/es\/wp-json\/wp\/v2\/product_tag?post=5096"}],"curies":[{"name":"wp","href":"https:\/\/api.w.org\/{rel}","templated":true}]}}