{"id":5127,"date":"2025-11-12T17:11:12","date_gmt":"2025-11-12T17:11:12","guid":{"rendered":"http:\/\/46.224.74.15\/product\/higos\/"},"modified":"2025-11-12T17:11:12","modified_gmt":"2025-11-12T17:11:12","slug":"higos","status":"publish","type":"product","link":"https:\/\/peitrade.com\/es\/product\/higos\/","title":{"rendered":"Higos"},"content":{"rendered":"<h2>Higos egipcios premium \u2013 naturalmente dulces y listos para la exportaci\u00f3n<\/h2>\n<p>Egipto es conocido por producir higos excepcionalmente dulces, madurados al sol en suelos ricos en nutrientes bajo un clima mediterr\u00e1neo ideal. Estos higos se recolectan a mano en su punto m\u00e1ximo de maduraci\u00f3n y se manejan con t\u00e9cnicas poscosecha avanzadas para garantizar frescura \u00f3ptima, larga vida \u00fatil y calidad de nivel exportaci\u00f3n. <\/p>\n<h3>\u00bfPor qu\u00e9 elegir higos egipcios?<\/h3>\n<p>\u2714 Textura tierna, dulce y con sabor intenso<br \/>\n\u2714 Estricto control de calidad desde la finca hasta el embarque<br \/>\n\u2714 Disponibles en formatos frescos y secos<br \/>\n\u2714 Certificaciones globales y cumplimiento de requisitos de exportaci\u00f3n<br \/>\n\u2714 Precios competitivos para el canal mayorista<\/p>\n<h3>\u00bfPor qu\u00e9 elegir higos de PEI Trade?<\/h3>\n<p>\u2714 Est\u00e1ndares de exportaci\u00f3n superiores: cuidadosamente seleccionados y empacados para cumplir las exigencias de calidad internacionales<br \/>\n\u2714 Pr\u00e1cticas agr\u00edcolas certificadas: producci\u00f3n con certificaci\u00f3n GAP y estricto cumplimiento de la seguridad alimentaria<br \/>\n\u2714 Opciones flexibles de suministro: vol\u00famenes escalables y soluciones de empaque para mayoristas, minoristas y distribuidores<br \/>\n\u2714 Gesti\u00f3n de exportaci\u00f3n confiable: documentaci\u00f3n r\u00e1pida, log\u00edstica eficiente y trazabilidad completa <\/p>\n<h3>Proceso de exportaci\u00f3n y empaque<\/h3>\n<p>Los higos se clasifican, calibran y empacan cuidadosamente en presentaciones personalizadas aptas para la exportaci\u00f3n, con todas las certificaciones fitosanitarias y de calidad requeridas. Ofrecemos log\u00edstica \u00e1gil y opciones de env\u00edo internacional para atender las demandas de compradores globales. <\/p>\n","protected":false},"excerpt":{"rendered":"<h2>Higos egipcios premium para la exportaci\u00f3n global<\/h2>\n<p>Dulces, ricos en nutrientes y empacados frescos para exportaci\u00f3n, los higos egipcios, cultivados en condiciones mediterr\u00e1neas ideales, se recolectan a mano en su punto \u00f3ptimo de maduraci\u00f3n para garantizar frescura y consistencia en los mercados de exportaci\u00f3n de todo el mundo.<br \/>\n<!--StartFragment --><\/p>\n<p><!--EndFragment --><\/p>\n","protected":false},"featured_media":5126,"template":"","meta":{"jetpack_publicize_message":"","jetpack_publicize_feature_enabled":true,"jetpack_social_post_already_shared":false,"jetpack_social_options":{"image_generator_settings":{"template":"highway","default_image_id":0,"font":"","enabled":false},"version":2}},"product_brand":[],"product_cat":[331],"product_tag":[],"class_list":{"0":"post-5127","1":"product","2":"type-product","3":"status-publish","4":"has-post-thumbnail","6":"product_cat-fruits","8":"first","9":"instock","10":"shipping-taxable","11":"product-type-simple"},"mb":[],"featured_image_urls_v2":{"full":["https:\/\/peitrade.com\/wp-content\/uploads\/2025\/11\/Egyptian-Figs.webp",1024,1024,false],"thumbnail":["https:\/\/peitrade.com\/wp-content\/uploads\/2025\/11\/Egyptian-Figs-150x150.webp",150,150,true],"medium":["https:\/\/peitrade.com\/wp-content\/uploads\/2025\/11\/Egyptian-Figs-300x300.webp",300,300,true],"medium_large":["https:\/\/peitrade.com\/wp-content\/uploads\/2025\/11\/Egyptian-Figs-768x768.webp",768,768,true],"large":["https:\/\/peitrade.com\/wp-content\/uploads\/2025\/11\/Egyptian-Figs.webp",1024,1024,false],"1536x1536":["https:\/\/peitrade.com\/wp-content\/uploads\/2025\/11\/Egyptian-Figs.webp",1024,1024,false],"2048x2048":["https:\/\/peitrade.com\/wp-content\/uploads\/2025\/11\/Egyptian-Figs.webp",1024,1024,false],"woocommerce_archive_thumbnail":["https:\/\/peitrade.com\/wp-content\/uploads\/2025\/11\/Egyptian-Figs-300x300.webp",300,300,true],"woocommerce_thumbnail":["https:\/\/peitrade.com\/wp-content\/uploads\/2025\/11\/Egyptian-Figs-300x300.webp",300,300,true],"woocommerce_single":["https:\/\/peitrade.com\/wp-content\/uploads\/2025\/11\/Egyptian-Figs-600x600.webp",600,600,true],"woocommerce_gallery_thumbnail":["https:\/\/peitrade.com\/wp-content\/uploads\/2025\/11\/Egyptian-Figs-100x100.webp",100,100,true]},"post_excerpt_stackable_v2":"<h2>Higos egipcios premium para la exportaci\u00f3n global<\/h2>\n<p>Dulces, ricos en nutrientes y empacados frescos para exportaci\u00f3n, los higos egipcios, cultivados en condiciones mediterr\u00e1neas ideales, se recolectan a mano en su punto \u00f3ptimo de maduraci\u00f3n para garantizar frescura y consistencia en los mercados de exportaci\u00f3n de todo el mundo.<br \/>\n<!--StartFragment --><\/p>\n<p><!--EndFragment --><\/p>\n","category_list_v2":"","author_info_v2":{"name":"","url":""},"comments_num_v2":"0 comentarios","jetpack_publicize_connections":[],"mfb_rest_fields":["title","featured_image_urls_v2","post_excerpt_stackable_v2","category_list_v2","author_info_v2","comments_num_v2","jetpack_publicize_connections"],"_links":{"self":[{"href":"https:\/\/peitrade.com\/es\/wp-json\/wp\/v2\/product\/5127","targetHints":{"allow":["GET"]}}],"collection":[{"href":"https:\/\/peitrade.com\/es\/wp-json\/wp\/v2\/product"}],"about":[{"href":"https:\/\/peitrade.com\/es\/wp-json\/wp\/v2\/types\/product"}],"wp:featuredmedia":[{"embeddable":true,"href":"https:\/\/peitrade.com\/es\/wp-json\/wp\/v2\/media\/5126"}],"wp:attachment":[{"href":"https:\/\/peitrade.com\/es\/wp-json\/wp\/v2\/media?parent=5127"}],"wp:term":[{"taxonomy":"product_brand","embeddable":true,"href":"https:\/\/peitrade.com\/es\/wp-json\/wp\/v2\/product_brand?post=5127"},{"taxonomy":"product_cat","embeddable":true,"href":"https:\/\/peitrade.com\/es\/wp-json\/wp\/v2\/product_cat?post=5127"},{"taxonomy":"product_tag","embeddable":true,"href":"https:\/\/peitrade.com\/es\/wp-json\/wp\/v2\/product_tag?post=5127"}],"curies":[{"name":"wp","href":"https:\/\/api.w.org\/{rel}","templated":true}]}}