{"id":5143,"date":"2025-11-12T17:11:11","date_gmt":"2025-11-12T17:11:11","guid":{"rendered":"http:\/\/46.224.74.15\/product\/okra-congelada\/"},"modified":"2025-11-12T17:11:11","modified_gmt":"2025-11-12T17:11:11","slug":"okra-congelada","status":"publish","type":"product","link":"https:\/\/peitrade.com\/es\/product\/okra-congelada\/","title":{"rendered":"Okra congelada"},"content":{"rendered":"<h2>Okra egipcia congelada premium \u2013 okra de alta calidad de Egipto<\/h2>\n<p>Nuestra okra congelada se cosecha en f\u00e9rtiles campos egipcios, reconocidos por su suelo rico y su clima ideal, que producen vainas de okra tiernas y llenas de sabor. Se procesa cuidadosamente y se congela r\u00e1pidamente para conservar su sabor natural, color y valor nutricional, lo que la convierte en un ingrediente ideal para mercados y platos de todo el mundo.<\/p>\n<h3>\u00bfPor qu\u00e9 elegir nuestra okra congelada?<\/h3>\n<p>\u2714 Congelada r\u00e1pidamente para preservar la frescura<br \/>\n\u2714 Sin aditivos ni conservantes<br \/>\n\u2714 Tama\u00f1o, color y corte uniformes \u2013 perfecta para retail o food service<br \/>\n\u2714 Cumple con las normas internacionales de seguridad alimentaria<br \/>\n\u2714 Disponible en m\u00faltiples calidades y opciones de empaque<br \/>\n\u2714 Precios competitivos con disponibilidad durante todo el a\u00f1o<\/p>\n<h3>\u00bfPor qu\u00e9 elegir a PEI Trade para okra congelada?<\/h3>\n<p>\u2714 Instalaciones de congelaci\u00f3n avanzadas: l\u00edneas de producci\u00f3n certificadas HACCP e ISO<br \/>\n\u2714 Opciones flexibles de exportaci\u00f3n: empaques adaptados a las exigencias de cada mercado<br \/>\n\u2714 Cumplimiento total y trazabilidad: incluye certificaciones internacionales y documentaci\u00f3n completa<br \/>\n\u2714 Log\u00edstica confiable: transporte a temperatura controlada para garantizar la calidad<br \/>\n\u2714 Suministro constante: precios competitivos y entregas confiables <\/p>\n<h3>Exportaci\u00f3n de okra congelada<\/h3>\n<p>Estamos especializados en la exportaci\u00f3n de vegetales congelados, incluida la okra. Todos los productos se someten a estrictos controles de calidad y a una cadena de fr\u00edo completa para garantizar frescura y cumplimiento de las regulaciones internacionales.<\/p>\n","protected":false},"excerpt":{"rendered":"<h2 data-start=\"314\" data-end=\"578\">Okra egipcia congelada premium<\/h2>\n<p data-start=\"314\" data-end=\"578\">Cosechada en su punto m\u00e1ximo de frescura y congelada r\u00e1pidamente para conservar sabor y nutrientes, nuestra okra es rica en fibra, 100 % natural y libre de aditivos. Perfecta para platos internacionales y en conformidad con los est\u00e1ndares globales de exportaci\u00f3n. <\/p>\n<p data-start=\"2721\" data-end=\"2953\">\n","protected":false},"featured_media":5142,"template":"","meta":{"jetpack_publicize_message":"","jetpack_publicize_feature_enabled":true,"jetpack_social_post_already_shared":false,"jetpack_social_options":{"image_generator_settings":{"template":"highway","default_image_id":0,"font":"","enabled":false},"version":2}},"product_brand":[],"product_cat":[323],"product_tag":[],"class_list":{"0":"post-5143","1":"product","2":"type-product","3":"status-publish","4":"has-post-thumbnail","6":"product_cat-frozen-food","8":"first","9":"instock","10":"shipping-taxable","11":"product-type-simple"},"mb":[],"featured_image_urls_v2":{"full":["https:\/\/peitrade.com\/wp-content\/uploads\/2025\/11\/Egyptian-Frozen-Okra.webp",1024,1024,false],"thumbnail":["https:\/\/peitrade.com\/wp-content\/uploads\/2025\/11\/Egyptian-Frozen-Okra-150x150.webp",150,150,true],"medium":["https:\/\/peitrade.com\/wp-content\/uploads\/2025\/11\/Egyptian-Frozen-Okra-300x300.webp",300,300,true],"medium_large":["https:\/\/peitrade.com\/wp-content\/uploads\/2025\/11\/Egyptian-Frozen-Okra-768x768.webp",768,768,true],"large":["https:\/\/peitrade.com\/wp-content\/uploads\/2025\/11\/Egyptian-Frozen-Okra.webp",1024,1024,false],"1536x1536":["https:\/\/peitrade.com\/wp-content\/uploads\/2025\/11\/Egyptian-Frozen-Okra.webp",1024,1024,false],"2048x2048":["https:\/\/peitrade.com\/wp-content\/uploads\/2025\/11\/Egyptian-Frozen-Okra.webp",1024,1024,false],"woocommerce_archive_thumbnail":["https:\/\/peitrade.com\/wp-content\/uploads\/2025\/11\/Egyptian-Frozen-Okra-300x300.webp",300,300,true],"woocommerce_thumbnail":["https:\/\/peitrade.com\/wp-content\/uploads\/2025\/11\/Egyptian-Frozen-Okra-300x300.webp",300,300,true],"woocommerce_single":["https:\/\/peitrade.com\/wp-content\/uploads\/2025\/11\/Egyptian-Frozen-Okra-600x600.webp",600,600,true],"woocommerce_gallery_thumbnail":["https:\/\/peitrade.com\/wp-content\/uploads\/2025\/11\/Egyptian-Frozen-Okra-100x100.webp",100,100,true]},"post_excerpt_stackable_v2":"<h2 data-start=\"314\" data-end=\"578\">Okra egipcia congelada premium<\/h2>\n<p data-start=\"314\" data-end=\"578\">Cosechada en su punto m\u00e1ximo de frescura y congelada r\u00e1pidamente para conservar sabor y nutrientes, nuestra okra es rica en fibra, 100 % natural y libre de aditivos. Perfecta para platos internacionales y en conformidad con los est\u00e1ndares globales de exportaci\u00f3n. <\/p>\n<p data-start=\"2721\" data-end=\"2953\">\n","category_list_v2":"","author_info_v2":{"name":"","url":""},"comments_num_v2":"0 comentarios","jetpack_publicize_connections":[],"mfb_rest_fields":["title","featured_image_urls_v2","post_excerpt_stackable_v2","category_list_v2","author_info_v2","comments_num_v2","jetpack_publicize_connections"],"_links":{"self":[{"href":"https:\/\/peitrade.com\/es\/wp-json\/wp\/v2\/product\/5143","targetHints":{"allow":["GET"]}}],"collection":[{"href":"https:\/\/peitrade.com\/es\/wp-json\/wp\/v2\/product"}],"about":[{"href":"https:\/\/peitrade.com\/es\/wp-json\/wp\/v2\/types\/product"}],"wp:featuredmedia":[{"embeddable":true,"href":"https:\/\/peitrade.com\/es\/wp-json\/wp\/v2\/media\/5142"}],"wp:attachment":[{"href":"https:\/\/peitrade.com\/es\/wp-json\/wp\/v2\/media?parent=5143"}],"wp:term":[{"taxonomy":"product_brand","embeddable":true,"href":"https:\/\/peitrade.com\/es\/wp-json\/wp\/v2\/product_brand?post=5143"},{"taxonomy":"product_cat","embeddable":true,"href":"https:\/\/peitrade.com\/es\/wp-json\/wp\/v2\/product_cat?post=5143"},{"taxonomy":"product_tag","embeddable":true,"href":"https:\/\/peitrade.com\/es\/wp-json\/wp\/v2\/product_tag?post=5143"}],"curies":[{"name":"wp","href":"https:\/\/api.w.org\/{rel}","templated":true}]}}