{"id":7358,"date":"2025-11-12T17:11:06","date_gmt":"2025-11-12T17:11:06","guid":{"rendered":"http:\/\/46.224.74.15\/product\/tomates\/"},"modified":"2025-11-12T17:11:06","modified_gmt":"2025-11-12T17:11:06","slug":"tomates","status":"publish","type":"product","link":"https:\/\/peitrade.com\/es\/product\/tomates\/","title":{"rendered":"Tomates"},"content":{"rendered":"<h2>Tomates egipcios premium \u2013 tomates de alta calidad para exportaci\u00f3n<\/h2>\n<p>Egipto es un importante productor de tomates frescos de alta calidad, reconocidos por su sabor intenso, textura firme y larga vida \u00fatil. Los tomates egipcios se cultivan mediante t\u00e9cnicas agr\u00edcolas avanzadas, lo que garantiza su frescura y sabor superior. El clima ideal del pa\u00eds y sus suelos f\u00e9rtiles permiten una producci\u00f3n casi todo el a\u00f1o, convirtiendo a los tomates egipcios en una opci\u00f3n confiable para importadores en todo el mundo.  <\/p>\n<h3>\u00bfPor qu\u00e9 elegir tomates egipcios?<\/h3>\n<p>\u2714 Sabor superior, color rojo intenso y textura firme<br \/>\n\u2714 Cultivados bajo estrictas medidas de control de calidad<br \/>\n\u2714 Cumplen con los est\u00e1ndares internacionales de exportaci\u00f3n en seguridad y frescura<br \/>\n\u2714 Precios competitivos y opciones flexibles de empaque<br \/>\n\u2714 Suministro confiable con m\u00faltiples temporadas de exportaci\u00f3n<\/p>\n<h3>\u00bfPor qu\u00e9 abastecerse de tomates con PEI Trade?<\/h3>\n<p>\u2714 Calidad premium de exportaci\u00f3n: cuidadosamente cosechados, clasificados y empacados para cumplir las exigencias de compradores internacionales<br \/>\n\u2714 Fincas certificadas: producci\u00f3n con certificaci\u00f3n GAP, trazabilidad y cumplimiento de normas internacionales de inocuidad alimentaria<br \/>\n\u2714 Cadena de suministro eficiente: documentaci\u00f3n r\u00e1pida, apoyo en aduanas y log\u00edstica a temperatura controlada<br \/>\n\u2714 Capacidad de grandes vol\u00famenes: disponibilidad constante para distribuci\u00f3n mayorista y programas de retail<\/p>\n<h3>Importaci\u00f3n de tomates egipcios \u2013 f\u00e1cil y eficiente<\/h3>\n<p>Nuestros tomates se exportan tras rigurosos controles de calidad, empaques personalizados y opciones de env\u00edo r\u00e1pidas. Gestionamos certificados fitosanitarios, despacho aduanal y cumplimiento de las regulaciones de importaci\u00f3n. <\/p>\n","protected":false},"excerpt":{"rendered":"<h2><span style=\"font-weight: 400;\">Tomates egipcios premium <\/span><\/h2>\n<p><span style=\"font-weight: 400;\">Disfrute de nuestros tomates de cultivo org\u00e1nico, llenos de sabor, textura firme y ricos en antioxidantes. Cultivados en los suelos f\u00e9rtiles de Egipto con t\u00e9cnicas avanzadas, cumplen con los est\u00e1ndares globales de exportaci\u00f3n. <\/span><\/p>\n","protected":false},"featured_media":7357,"template":"","meta":{"jetpack_publicize_message":"","jetpack_publicize_feature_enabled":true,"jetpack_social_post_already_shared":false,"jetpack_social_options":{"image_generator_settings":{"template":"highway","default_image_id":0,"font":"","enabled":false},"version":2}},"product_brand":[],"product_cat":[355],"product_tag":[],"class_list":{"0":"post-7358","1":"product","2":"type-product","3":"status-publish","4":"has-post-thumbnail","6":"product_cat-vegetables","8":"first","9":"instock","10":"shipping-taxable","11":"product-type-simple"},"mb":[],"featured_image_urls_v2":{"full":["https:\/\/peitrade.com\/wp-content\/uploads\/2025\/11\/Egyptian-Tomatoes.webp",1024,1024,false],"thumbnail":["https:\/\/peitrade.com\/wp-content\/uploads\/2025\/11\/Egyptian-Tomatoes-150x150.webp",150,150,true],"medium":["https:\/\/peitrade.com\/wp-content\/uploads\/2025\/11\/Egyptian-Tomatoes-300x300.webp",300,300,true],"medium_large":["https:\/\/peitrade.com\/wp-content\/uploads\/2025\/11\/Egyptian-Tomatoes-768x768.webp",768,768,true],"large":["https:\/\/peitrade.com\/wp-content\/uploads\/2025\/11\/Egyptian-Tomatoes.webp",1024,1024,false],"1536x1536":["https:\/\/peitrade.com\/wp-content\/uploads\/2025\/11\/Egyptian-Tomatoes.webp",1024,1024,false],"2048x2048":["https:\/\/peitrade.com\/wp-content\/uploads\/2025\/11\/Egyptian-Tomatoes.webp",1024,1024,false],"woocommerce_archive_thumbnail":["https:\/\/peitrade.com\/wp-content\/uploads\/2025\/11\/Egyptian-Tomatoes-300x300.webp",300,300,true],"woocommerce_thumbnail":["https:\/\/peitrade.com\/wp-content\/uploads\/2025\/11\/Egyptian-Tomatoes-300x300.webp",300,300,true],"woocommerce_single":["https:\/\/peitrade.com\/wp-content\/uploads\/2025\/11\/Egyptian-Tomatoes-600x600.webp",600,600,true],"woocommerce_gallery_thumbnail":["https:\/\/peitrade.com\/wp-content\/uploads\/2025\/11\/Egyptian-Tomatoes-100x100.webp",100,100,true]},"post_excerpt_stackable_v2":"<h2><span style=\"font-weight: 400;\">Tomates egipcios premium <\/span><\/h2>\n<p><span style=\"font-weight: 400;\">Disfrute de nuestros tomates de cultivo org\u00e1nico, llenos de sabor, textura firme y ricos en antioxidantes. Cultivados en los suelos f\u00e9rtiles de Egipto con t\u00e9cnicas avanzadas, cumplen con los est\u00e1ndares globales de exportaci\u00f3n. <\/span><\/p>\n","category_list_v2":"","author_info_v2":{"name":"","url":""},"comments_num_v2":"0 comentarios","jetpack_publicize_connections":[],"mfb_rest_fields":["title","featured_image_urls_v2","post_excerpt_stackable_v2","category_list_v2","author_info_v2","comments_num_v2","jetpack_publicize_connections"],"_links":{"self":[{"href":"https:\/\/peitrade.com\/es\/wp-json\/wp\/v2\/product\/7358","targetHints":{"allow":["GET"]}}],"collection":[{"href":"https:\/\/peitrade.com\/es\/wp-json\/wp\/v2\/product"}],"about":[{"href":"https:\/\/peitrade.com\/es\/wp-json\/wp\/v2\/types\/product"}],"wp:featuredmedia":[{"embeddable":true,"href":"https:\/\/peitrade.com\/es\/wp-json\/wp\/v2\/media\/7357"}],"wp:attachment":[{"href":"https:\/\/peitrade.com\/es\/wp-json\/wp\/v2\/media?parent=7358"}],"wp:term":[{"taxonomy":"product_brand","embeddable":true,"href":"https:\/\/peitrade.com\/es\/wp-json\/wp\/v2\/product_brand?post=7358"},{"taxonomy":"product_cat","embeddable":true,"href":"https:\/\/peitrade.com\/es\/wp-json\/wp\/v2\/product_cat?post=7358"},{"taxonomy":"product_tag","embeddable":true,"href":"https:\/\/peitrade.com\/es\/wp-json\/wp\/v2\/product_tag?post=7358"}],"curies":[{"name":"wp","href":"https:\/\/api.w.org\/{rel}","templated":true}]}}