{"id":7537,"date":"2025-11-10T11:42:57","date_gmt":"2025-11-10T11:42:57","guid":{"rendered":"http:\/\/46.224.74.15\/product\/limones\/"},"modified":"2025-11-10T11:42:57","modified_gmt":"2025-11-10T11:42:57","slug":"limones","status":"publish","type":"product","link":"https:\/\/peitrade.com\/es\/product\/limones\/","title":{"rendered":"Limones"},"content":{"rendered":"<h2>Limones egipcios frescos \u2013 c\u00edtricos de alta calidad para mercados globales<br \/><\/h2>\n<p>Los limones egipcios son reconocidos por su intenso aroma c\u00edtrico, su sabor rico y su alto contenido de jugo. Son una parte crucial de las exportaciones de c\u00edtricos de Egipto y contribuyen de forma significativa a la econom\u00eda agr\u00edcola del pa\u00eds. Gracias a las tierras f\u00e9rtiles y al clima ideal, nuestros limones se cultivan cuidadosamente para cumplir con los est\u00e1ndares internacionales de calidad y se exportan a m\u00e1s de 100 pa\u00edses en todo el mundo.  <\/p>\n<h3>\u00bfPor qu\u00e9 elegir limones egipcios?<\/h3>\n<p>\u2714 Sabor c\u00edtrico intenso y alto rendimiento de jugo<br \/>\n\u2714 Ricas en vitamina C y antioxidantes<br \/>\n\u2714 Importante producto agr\u00edcola de exportaci\u00f3n que apoya la econom\u00eda egipcia<br \/>\n\u2714 Reconocidos globalmente por su calidad premium<\/p>\n<h3>\u00bfPor qu\u00e9 abastecerse de limones con PEI Trade?<\/h3>\n<p>\u2714 Calidad de exportaci\u00f3n premium: clasificados cuidadosamente para ajustarse a los requisitos de los mercados internacionales<br \/>\n\u2714 Suministro casi todo el a\u00f1o: disponibilidad constante gracias a pr\u00e1cticas agr\u00edcolas eficientes<br \/>\n\u2714 Certificados y en conformidad: fincas certificadas GAP con pleno cumplimiento de normas de inocuidad alimentaria<br \/>\n\u2714 <strong>Efficient Shipping:<\/strong> Export-ready packaging with streamlined documentation and logistics <\/p>\n<h3>La mejor manera de importar limones egipcios<\/h3>\n<p>Los limones egipcios se cosechan en su punto \u00f3ptimo de madurez, se seleccionan cuidadosamente y se empacan siguiendo estrictas regulaciones internacionales de exportaci\u00f3n para garantizar la m\u00e1xima frescura y calidad. Ofrecemos env\u00edos a granel con precios competitivos y log\u00edstica confiable. <\/p>\n","protected":false},"excerpt":{"rendered":"<h2><span style=\"font-weight: 400;\">Limones egipcios frescos \u2013 de Egipto al mundo<\/span><\/h2>\n<p data-start=\"289\" data-end=\"616\">Cultivados en condiciones ideales, se cosechan y empacan con cuidado para cumplir con los m\u00e1s altos est\u00e1ndares de exportaci\u00f3n, convirti\u00e9ndose en una opci\u00f3n c\u00edtrica esencial para minoristas, mayoristas y distribuidores en mercados globales.<\/p>\n","protected":false},"featured_media":7530,"template":"","meta":{"jetpack_publicize_message":"","jetpack_publicize_feature_enabled":true,"jetpack_social_post_already_shared":false,"jetpack_social_options":{"image_generator_settings":{"template":"highway","default_image_id":0,"font":"","enabled":false},"version":2}},"product_brand":[],"product_cat":[339,331],"product_tag":[],"class_list":{"0":"post-7537","1":"product","2":"type-product","3":"status-publish","4":"has-post-thumbnail","6":"product_cat-in-season","7":"product_cat-fruits","9":"first","10":"instock","11":"shipping-taxable","12":"product-type-simple"},"mb":[],"featured_image_urls_v2":{"full":["https:\/\/peitrade.com\/wp-content\/uploads\/2025\/11\/Egyptian-Lemons.webp",1024,1024,false],"thumbnail":["https:\/\/peitrade.com\/wp-content\/uploads\/2025\/11\/Egyptian-Lemons-150x150.webp",150,150,true],"medium":["https:\/\/peitrade.com\/wp-content\/uploads\/2025\/11\/Egyptian-Lemons-300x300.webp",300,300,true],"medium_large":["https:\/\/peitrade.com\/wp-content\/uploads\/2025\/11\/Egyptian-Lemons-768x768.webp",768,768,true],"large":["https:\/\/peitrade.com\/wp-content\/uploads\/2025\/11\/Egyptian-Lemons.webp",1024,1024,false],"1536x1536":["https:\/\/peitrade.com\/wp-content\/uploads\/2025\/11\/Egyptian-Lemons.webp",1024,1024,false],"2048x2048":["https:\/\/peitrade.com\/wp-content\/uploads\/2025\/11\/Egyptian-Lemons.webp",1024,1024,false],"woocommerce_archive_thumbnail":["https:\/\/peitrade.com\/wp-content\/uploads\/2025\/11\/Egyptian-Lemons-300x300.webp",300,300,true],"woocommerce_thumbnail":["https:\/\/peitrade.com\/wp-content\/uploads\/2025\/11\/Egyptian-Lemons-300x300.webp",300,300,true],"woocommerce_single":["https:\/\/peitrade.com\/wp-content\/uploads\/2025\/11\/Egyptian-Lemons-600x600.webp",600,600,true],"woocommerce_gallery_thumbnail":["https:\/\/peitrade.com\/wp-content\/uploads\/2025\/11\/Egyptian-Lemons-100x100.webp",100,100,true]},"post_excerpt_stackable_v2":"<h2><span style=\"font-weight: 400;\">Limones egipcios frescos \u2013 de Egipto al mundo<\/span><\/h2>\n<p data-start=\"289\" data-end=\"616\">Cultivados en condiciones ideales, se cosechan y empacan con cuidado para cumplir con los m\u00e1s altos est\u00e1ndares de exportaci\u00f3n, convirti\u00e9ndose en una opci\u00f3n c\u00edtrica esencial para minoristas, mayoristas y distribuidores en mercados globales.<\/p>\n","category_list_v2":"","author_info_v2":{"name":"","url":""},"comments_num_v2":"0 comentarios","jetpack_publicize_connections":[],"mfb_rest_fields":["title","featured_image_urls_v2","post_excerpt_stackable_v2","category_list_v2","author_info_v2","comments_num_v2","jetpack_publicize_connections"],"_links":{"self":[{"href":"https:\/\/peitrade.com\/es\/wp-json\/wp\/v2\/product\/7537","targetHints":{"allow":["GET"]}}],"collection":[{"href":"https:\/\/peitrade.com\/es\/wp-json\/wp\/v2\/product"}],"about":[{"href":"https:\/\/peitrade.com\/es\/wp-json\/wp\/v2\/types\/product"}],"wp:featuredmedia":[{"embeddable":true,"href":"https:\/\/peitrade.com\/es\/wp-json\/wp\/v2\/media\/7530"}],"wp:attachment":[{"href":"https:\/\/peitrade.com\/es\/wp-json\/wp\/v2\/media?parent=7537"}],"wp:term":[{"taxonomy":"product_brand","embeddable":true,"href":"https:\/\/peitrade.com\/es\/wp-json\/wp\/v2\/product_brand?post=7537"},{"taxonomy":"product_cat","embeddable":true,"href":"https:\/\/peitrade.com\/es\/wp-json\/wp\/v2\/product_cat?post=7537"},{"taxonomy":"product_tag","embeddable":true,"href":"https:\/\/peitrade.com\/es\/wp-json\/wp\/v2\/product_tag?post=7537"}],"curies":[{"name":"wp","href":"https:\/\/api.w.org\/{rel}","templated":true}]}}