{"id":7577,"date":"2025-11-10T11:42:57","date_gmt":"2025-11-10T11:42:57","guid":{"rendered":"http:\/\/46.224.74.15\/?post_type=product&#038;p=7577"},"modified":"2025-11-26T10:58:38","modified_gmt":"2025-11-26T10:58:38","slug":"guayaba","status":"publish","type":"product","link":"https:\/\/peitrade.com\/es\/product\/guayaba\/","title":{"rendered":"Guayaba"},"content":{"rendered":"<h2>Guayaba egipcia premium \u2013 Exportando las mejores guayabas del mundo<\/h2>\n<p>La guayaba egipcia es conocida por su sabor dulce, su aroma intenso y su alto valor nutricional, lo que la convierte en una opci\u00f3n destacada para los mercados internacionales. Gracias a condiciones de cultivo ideales y estrictos est\u00e1ndares de calidad, Egipto suministra algunas de las mejores guayabas del mundo, garantizando frescura y calidad premium. <\/p>\n<h3>\u00bfPor qu\u00e9 elegir guayaba egipcia?<\/h3>\n<p>\u2714 Sabor delicioso y aroma intenso<br \/>\n\u2714 Estricto control de calidad y cumplimiento de la seguridad alimentaria<br \/>\n\u2714 Cultivada de forma sostenible, con opciones libres de pesticidas disponibles<br \/>\n\u2714 Disponible en varios tama\u00f1os y formatos de envasado<br \/>\n\u2714 Env\u00edo internacional r\u00e1pido y confiable<\/p>\n<h3>\u00bfPor qu\u00e9 importar guayaba con PEI Trade?<\/h3>\n<p>\u2714 Calidad de exportaci\u00f3n: cuidadosamente seleccionada y clasificada para cumplir las normas internacionales.<br \/>\n\u2714 Fincas certificadas: producci\u00f3n bajo certificaci\u00f3n GAP y estricto cumplimiento de la seguridad alimentaria.<br \/>\n\u2714 Cadena de suministro eficiente: log\u00edstica optimizada, documentaci\u00f3n completa y despacho aduanero \u00e1gil.<br \/>\n\u2714 Pedidos a granel y personalizados: vol\u00famenes escalables para minoristas, mayoristas y distribuidores. <\/p>\n<h3>Importar guayaba egipcia \u2013 Proceso \u00e1gil y eficiente<\/h3>\n<p>Nuestras guayabas se cosechan, seleccionan y envasan cuidadosamente para mantener la frescura durante el transporte. Cumplimos con todas las regulaciones de exportaci\u00f3n, incluidas las certificaciones fitosanitarias y los procesos de despacho aduanero. <\/p>\n","protected":false},"excerpt":{"rendered":"<h2><span style=\"font-weight: 400;\">Guayaba egipcia premium \u2013 Suministro global con PEI Trade<\/span><\/h2>\n<p>Cultivada en condiciones favorables y cosechada en el punto \u00f3ptimo de maduraci\u00f3n, la guayaba egipcia se distingue por su frescura y consistencia, lo que la convierte en una opci\u00f3n fiable para compradores de todo el mundo en mercados minoristas y mayoristas.<\/p>\n","protected":false},"featured_media":7944,"template":"","meta":{"jetpack_publicize_message":"","jetpack_publicize_feature_enabled":true,"jetpack_social_post_already_shared":false,"jetpack_social_options":{"image_generator_settings":{"template":"highway","default_image_id":0,"font":"","enabled":false},"version":2}},"product_brand":[],"product_cat":[339,331],"product_tag":[],"class_list":{"0":"post-7577","1":"product","2":"type-product","3":"status-publish","4":"has-post-thumbnail","6":"product_cat-in-season","7":"product_cat-fruits","9":"first","10":"instock","11":"shipping-taxable","12":"product-type-simple"},"mb":[],"featured_image_urls_v2":{"full":["https:\/\/peitrade.com\/wp-content\/uploads\/2025\/11\/Egyptian-Guava.webp",1024,1024,false],"thumbnail":["https:\/\/peitrade.com\/wp-content\/uploads\/2025\/11\/Egyptian-Guava-150x150.webp",150,150,true],"medium":["https:\/\/peitrade.com\/wp-content\/uploads\/2025\/11\/Egyptian-Guava-300x300.webp",300,300,true],"medium_large":["https:\/\/peitrade.com\/wp-content\/uploads\/2025\/11\/Egyptian-Guava-768x768.webp",768,768,true],"large":["https:\/\/peitrade.com\/wp-content\/uploads\/2025\/11\/Egyptian-Guava.webp",1024,1024,false],"1536x1536":["https:\/\/peitrade.com\/wp-content\/uploads\/2025\/11\/Egyptian-Guava.webp",1024,1024,false],"2048x2048":["https:\/\/peitrade.com\/wp-content\/uploads\/2025\/11\/Egyptian-Guava.webp",1024,1024,false],"woocommerce_archive_thumbnail":["https:\/\/peitrade.com\/wp-content\/uploads\/2025\/11\/Egyptian-Guava-300x300.webp",300,300,true],"woocommerce_thumbnail":["https:\/\/peitrade.com\/wp-content\/uploads\/2025\/11\/Egyptian-Guava-300x300.webp",300,300,true],"woocommerce_single":["https:\/\/peitrade.com\/wp-content\/uploads\/2025\/11\/Egyptian-Guava-600x600.webp",600,600,true],"woocommerce_gallery_thumbnail":["https:\/\/peitrade.com\/wp-content\/uploads\/2025\/11\/Egyptian-Guava-100x100.webp",100,100,true]},"post_excerpt_stackable_v2":"<h2><span style=\"font-weight: 400;\">Guayaba egipcia premium \u2013 Suministro global con PEI Trade<\/span><\/h2>\n<p>Cultivada en condiciones favorables y cosechada en el punto \u00f3ptimo de maduraci\u00f3n, la guayaba egipcia se distingue por su frescura y consistencia, lo que la convierte en una opci\u00f3n fiable para compradores de todo el mundo en mercados minoristas y mayoristas.<\/p>\n","category_list_v2":"","author_info_v2":{"name":"","url":""},"comments_num_v2":"0 comentarios","jetpack_publicize_connections":[],"mfb_rest_fields":["title","featured_image_urls_v2","post_excerpt_stackable_v2","category_list_v2","author_info_v2","comments_num_v2","jetpack_publicize_connections"],"_links":{"self":[{"href":"https:\/\/peitrade.com\/es\/wp-json\/wp\/v2\/product\/7577","targetHints":{"allow":["GET"]}}],"collection":[{"href":"https:\/\/peitrade.com\/es\/wp-json\/wp\/v2\/product"}],"about":[{"href":"https:\/\/peitrade.com\/es\/wp-json\/wp\/v2\/types\/product"}],"wp:featuredmedia":[{"embeddable":true,"href":"https:\/\/peitrade.com\/es\/wp-json\/wp\/v2\/media\/7944"}],"wp:attachment":[{"href":"https:\/\/peitrade.com\/es\/wp-json\/wp\/v2\/media?parent=7577"}],"wp:term":[{"taxonomy":"product_brand","embeddable":true,"href":"https:\/\/peitrade.com\/es\/wp-json\/wp\/v2\/product_brand?post=7577"},{"taxonomy":"product_cat","embeddable":true,"href":"https:\/\/peitrade.com\/es\/wp-json\/wp\/v2\/product_cat?post=7577"},{"taxonomy":"product_tag","embeddable":true,"href":"https:\/\/peitrade.com\/es\/wp-json\/wp\/v2\/product_tag?post=7577"}],"curies":[{"name":"wp","href":"https:\/\/api.w.org\/{rel}","templated":true}]}}