{"id":7579,"date":"2025-11-10T11:42:57","date_gmt":"2025-11-10T11:42:57","guid":{"rendered":"http:\/\/46.224.74.15\/product\/uvas\/"},"modified":"2025-11-10T11:42:57","modified_gmt":"2025-11-10T11:42:57","slug":"uvas","status":"publish","type":"product","link":"https:\/\/peitrade.com\/es\/product\/uvas\/","title":{"rendered":"Uvas"},"content":{"rendered":"<h2>Uvas egipcias \u2013 Frescas y de calidad superior para mercados internacionales<\/h2>\n<p>Egipto es uno de los principales exportadores de uvas frescas y suministra uvas de calidad premium a los mercados de los Emiratos \u00c1rabes Unidos, Arabia Saudita y muchos otros pa\u00edses. Las uvas egipcias son conocidas por su sabor intenso, su color vibrante y su larga vida \u00fatil, lo que las hace muy demandadas en los mercados internacionales. <\/p>\n<h3>\u00bfPor qu\u00e9 elegir uvas egipcias?<\/h3>\n<p>\u2714 Calidad superior, sabor fresco y alto valor nutricional<br \/>\n\u2714 Disponibles en m\u00faltiples variedades, incluidas uvas rojas, verdes y negras<br \/>\n\u2714 Cultivadas con pr\u00e1cticas agr\u00edcolas avanzadas para una calidad \u00f3ptima<br \/>\n\u2714 Estricto cumplimiento de los est\u00e1ndares internacionales de exportaci\u00f3n y seguridad alimentaria<br \/>\n\u2714 Log\u00edstica eficiente y precios competitivos para los mercados globales<\/p>\n<h3>\u00bfPor qu\u00e9 abastecerse de uvas con PEI Trade?<\/h3>\n<p>\u2714 Est\u00e1ndares premium constantes: seleccionadas y clasificadas para cumplir los requisitos de compradores internacionales.<br \/>\n\u2714 Certificadas y en conformidad: cultivadas bajo certificaci\u00f3n GAP y completos protocolos de inocuidad alimentaria.<br \/>\n\u2714 Proceso de exportaci\u00f3n fiable: manipulaci\u00f3n eficiente, etiquetado y documentaci\u00f3n para un despacho aduanero sin complicaciones.<br \/>\n\u2714 Suministro escalable: vol\u00famenes a granel entregados a tiempo para cubrir la demanda estacional y durante todo el a\u00f1o. <\/p>\n<h3>La mejor forma de importar uvas egipcias<\/h3>\n<p>Las uvas egipcias se cultivan bajo estricta supervisi\u00f3n agr\u00edcola, lo que garantiza una calidad y frescura de primer nivel. Nuestro proceso de exportaci\u00f3n incluye embalaje personalizado, env\u00edos r\u00e1pidos y pleno cumplimiento de las normativas de importaci\u00f3n, requisitos aduaneros y certificaciones fitosanitarias. <\/p>\n","protected":false},"excerpt":{"rendered":"<h2><span style=\"font-weight: 400;\">Uvas egipcias \u2013 Calidad de exportaci\u00f3n superior<\/span><\/h2>\n<p><span style=\"font-weight: 400;\">Las uvas egipcias premium, cultivadas en los f\u00e9rtiles suelos del delta del Nilo y cosechadas con precisi\u00f3n, se envasan cuidadosamente para preservar su frescura durante la exportaci\u00f3n. Con una fuerte demanda por parte de cadenas de retail, mayoristas y distribuidores, las uvas egipcias son una opci\u00f3n consolidada para el comercio internacional. <\/span><\/p>\n","protected":false},"featured_media":7574,"template":"","meta":{"jetpack_publicize_message":"","jetpack_publicize_feature_enabled":true,"jetpack_social_post_already_shared":false,"jetpack_social_options":{"image_generator_settings":{"template":"highway","default_image_id":0,"font":"","enabled":false},"version":2}},"product_brand":[],"product_cat":[331],"product_tag":[],"class_list":{"0":"post-7579","1":"product","2":"type-product","3":"status-publish","4":"has-post-thumbnail","6":"product_cat-fruits","8":"first","9":"instock","10":"shipping-taxable","11":"product-type-simple"},"mb":[],"featured_image_urls_v2":{"full":["https:\/\/peitrade.com\/wp-content\/uploads\/2025\/11\/Egyptian-Grapes.webp",1024,1024,false],"thumbnail":["https:\/\/peitrade.com\/wp-content\/uploads\/2025\/11\/Egyptian-Grapes-150x150.webp",150,150,true],"medium":["https:\/\/peitrade.com\/wp-content\/uploads\/2025\/11\/Egyptian-Grapes-300x300.webp",300,300,true],"medium_large":["https:\/\/peitrade.com\/wp-content\/uploads\/2025\/11\/Egyptian-Grapes-768x768.webp",768,768,true],"large":["https:\/\/peitrade.com\/wp-content\/uploads\/2025\/11\/Egyptian-Grapes.webp",1024,1024,false],"1536x1536":["https:\/\/peitrade.com\/wp-content\/uploads\/2025\/11\/Egyptian-Grapes.webp",1024,1024,false],"2048x2048":["https:\/\/peitrade.com\/wp-content\/uploads\/2025\/11\/Egyptian-Grapes.webp",1024,1024,false],"woocommerce_archive_thumbnail":["https:\/\/peitrade.com\/wp-content\/uploads\/2025\/11\/Egyptian-Grapes-300x300.webp",300,300,true],"woocommerce_thumbnail":["https:\/\/peitrade.com\/wp-content\/uploads\/2025\/11\/Egyptian-Grapes-300x300.webp",300,300,true],"woocommerce_single":["https:\/\/peitrade.com\/wp-content\/uploads\/2025\/11\/Egyptian-Grapes-600x600.webp",600,600,true],"woocommerce_gallery_thumbnail":["https:\/\/peitrade.com\/wp-content\/uploads\/2025\/11\/Egyptian-Grapes-100x100.webp",100,100,true]},"post_excerpt_stackable_v2":"<h2><span style=\"font-weight: 400;\">Uvas egipcias \u2013 Calidad de exportaci\u00f3n superior<\/span><\/h2>\n<p><span style=\"font-weight: 400;\">Las uvas egipcias premium, cultivadas en los f\u00e9rtiles suelos del delta del Nilo y cosechadas con precisi\u00f3n, se envasan cuidadosamente para preservar su frescura durante la exportaci\u00f3n. Con una fuerte demanda por parte de cadenas de retail, mayoristas y distribuidores, las uvas egipcias son una opci\u00f3n consolidada para el comercio internacional. <\/span><\/p>\n","category_list_v2":"","author_info_v2":{"name":"","url":""},"comments_num_v2":"0 comentarios","jetpack_publicize_connections":[],"mfb_rest_fields":["title","featured_image_urls_v2","post_excerpt_stackable_v2","category_list_v2","author_info_v2","comments_num_v2","jetpack_publicize_connections"],"_links":{"self":[{"href":"https:\/\/peitrade.com\/es\/wp-json\/wp\/v2\/product\/7579","targetHints":{"allow":["GET"]}}],"collection":[{"href":"https:\/\/peitrade.com\/es\/wp-json\/wp\/v2\/product"}],"about":[{"href":"https:\/\/peitrade.com\/es\/wp-json\/wp\/v2\/types\/product"}],"wp:featuredmedia":[{"embeddable":true,"href":"https:\/\/peitrade.com\/es\/wp-json\/wp\/v2\/media\/7574"}],"wp:attachment":[{"href":"https:\/\/peitrade.com\/es\/wp-json\/wp\/v2\/media?parent=7579"}],"wp:term":[{"taxonomy":"product_brand","embeddable":true,"href":"https:\/\/peitrade.com\/es\/wp-json\/wp\/v2\/product_brand?post=7579"},{"taxonomy":"product_cat","embeddable":true,"href":"https:\/\/peitrade.com\/es\/wp-json\/wp\/v2\/product_cat?post=7579"},{"taxonomy":"product_tag","embeddable":true,"href":"https:\/\/peitrade.com\/es\/wp-json\/wp\/v2\/product_tag?post=7579"}],"curies":[{"name":"wp","href":"https:\/\/api.w.org\/{rel}","templated":true}]}}