{"id":7644,"date":"2025-11-10T11:42:58","date_gmt":"2025-11-10T11:42:58","guid":{"rendered":"http:\/\/46.224.74.15\/product\/mango\/"},"modified":"2025-11-10T11:42:58","modified_gmt":"2025-11-10T11:42:58","slug":"mango","status":"publish","type":"product","link":"https:\/\/peitrade.com\/es\/product\/mango\/","title":{"rendered":"Mango"},"content":{"rendered":"<h2>Mango egipcio premium \u2013 Exportando los mejores mangos<\/h2>\n<p>Los mangos egipcios se encuentran entre los mejores del mundo, conocidos por su sabor intenso, textura suave y dulzor natural. Gracias al clima ideal y a los suelos f\u00e9rtiles de Egipto, los mangos se cultivan a la perfecci\u00f3n, ofreciendo una calidad de primer nivel y una vida \u00fatil prolongada. <\/p>\n<h2>\u00bfPor qu\u00e9 elegir mangos egipcios de PEI Trade?<\/h2>\n<p>\u2714 Calidad superior, color vibrante y sabor irresistible<br \/>\u2714 Variedad de tipos premium, incluidos Zebda, Keitt, Tommy Atkins y Alphonso<br \/>\n\u2714 Cultivados con pr\u00e1cticas agr\u00edcolas avanzadas para garantizar una calidad constante<br \/>\u2714 Cumplen con los est\u00e1ndares internacionales de exportaci\u00f3n en seguridad y frescura   <strong>\u2714 Precios competitivos y log\u00edstica eficiente para los mercados globales<\/strong><\/p>\n<h2>4 razones para elegir a PEI Trade como su socio en la exportaci\u00f3n de mangos:<\/h2>\n<p>\u2714 Calidad premium constante: mangos seleccionados a mano, cultivados con esmero y clasificados seg\u00fan est\u00e1ndares de exportaci\u00f3n.<br \/>\n\u2714 Certificado y conforme: documentaci\u00f3n completa de exportaci\u00f3n, certificaciones internacionales y trazabilidad garantizada.<br \/>\n\u2714 Opciones de pago seguras y flexibles: m\u00faltiples m\u00e9todos disponibles para adaptarse a las necesidades de su negocio.<br \/>\n\u2714 Suministro a granel, a tiempo: cumplimiento fiable de grandes vol\u00famenes con entregas r\u00e1pidas en toda la regi\u00f3n MENA. <\/p>\n<h2>La mejor forma de importar mangos egipcios<\/h2>\n<p>Los mangos egipcios se exportan bajo estrictos controles de calidad, garantizando que lleguen frescos y llenos de sabor. Nuestros servicios de exportaci\u00f3n incluyen embalaje personalizado, env\u00edos r\u00e1pidos y pleno cumplimiento de las normativas de importaci\u00f3n, procedimientos aduaneros y certificaciones fitosanitarias. <\/p>\n","protected":false},"excerpt":{"rendered":"<h2>Importe mangos egipcios premium \u2013 frescos, certificados y listos para env\u00edo<\/h2>\n<p>Exportamos mangos egipcios seleccionados a mano, con certificaciones internacionales, precios competitivos y entregas r\u00e1pidas a todo el mundo.<br \/>\nSea minorista, mayorista o distribuidor, recibir\u00e1 sus pedidos a granel frescos y puntuales.<\/p>\n","protected":false},"featured_media":7641,"template":"","meta":{"jetpack_publicize_message":"","jetpack_publicize_feature_enabled":true,"jetpack_social_post_already_shared":false,"jetpack_social_options":{"image_generator_settings":{"template":"highway","default_image_id":0,"font":"","enabled":false},"version":2}},"product_brand":[],"product_cat":[331],"product_tag":[],"class_list":{"0":"post-7644","1":"product","2":"type-product","3":"status-publish","4":"has-post-thumbnail","6":"product_cat-fruits","8":"first","9":"instock","10":"shipping-taxable","11":"product-type-simple"},"mb":[],"featured_image_urls_v2":{"full":["https:\/\/peitrade.com\/wp-content\/uploads\/2025\/11\/Egyption-Mango.webp",1024,1024,false],"thumbnail":["https:\/\/peitrade.com\/wp-content\/uploads\/2025\/11\/Egyption-Mango-150x150.webp",150,150,true],"medium":["https:\/\/peitrade.com\/wp-content\/uploads\/2025\/11\/Egyption-Mango-300x300.webp",300,300,true],"medium_large":["https:\/\/peitrade.com\/wp-content\/uploads\/2025\/11\/Egyption-Mango-768x768.webp",768,768,true],"large":["https:\/\/peitrade.com\/wp-content\/uploads\/2025\/11\/Egyption-Mango.webp",1024,1024,false],"1536x1536":["https:\/\/peitrade.com\/wp-content\/uploads\/2025\/11\/Egyption-Mango.webp",1024,1024,false],"2048x2048":["https:\/\/peitrade.com\/wp-content\/uploads\/2025\/11\/Egyption-Mango.webp",1024,1024,false],"woocommerce_archive_thumbnail":["https:\/\/peitrade.com\/wp-content\/uploads\/2025\/11\/Egyption-Mango-300x300.webp",300,300,true],"woocommerce_thumbnail":["https:\/\/peitrade.com\/wp-content\/uploads\/2025\/11\/Egyption-Mango-300x300.webp",300,300,true],"woocommerce_single":["https:\/\/peitrade.com\/wp-content\/uploads\/2025\/11\/Egyption-Mango-600x600.webp",600,600,true],"woocommerce_gallery_thumbnail":["https:\/\/peitrade.com\/wp-content\/uploads\/2025\/11\/Egyption-Mango-100x100.webp",100,100,true]},"post_excerpt_stackable_v2":"<h2>Importe mangos egipcios premium \u2013 frescos, certificados y listos para env\u00edo<\/h2>\n<p>Exportamos mangos egipcios seleccionados a mano, con certificaciones internacionales, precios competitivos y entregas r\u00e1pidas a todo el mundo.<br \/>\nSea minorista, mayorista o distribuidor, recibir\u00e1 sus pedidos a granel frescos y puntuales.<\/p>\n","category_list_v2":"","author_info_v2":{"name":"","url":""},"comments_num_v2":"0 comentarios","jetpack_publicize_connections":[],"mfb_rest_fields":["title","featured_image_urls_v2","post_excerpt_stackable_v2","category_list_v2","author_info_v2","comments_num_v2","jetpack_publicize_connections"],"_links":{"self":[{"href":"https:\/\/peitrade.com\/es\/wp-json\/wp\/v2\/product\/7644","targetHints":{"allow":["GET"]}}],"collection":[{"href":"https:\/\/peitrade.com\/es\/wp-json\/wp\/v2\/product"}],"about":[{"href":"https:\/\/peitrade.com\/es\/wp-json\/wp\/v2\/types\/product"}],"wp:featuredmedia":[{"embeddable":true,"href":"https:\/\/peitrade.com\/es\/wp-json\/wp\/v2\/media\/7641"}],"wp:attachment":[{"href":"https:\/\/peitrade.com\/es\/wp-json\/wp\/v2\/media?parent=7644"}],"wp:term":[{"taxonomy":"product_brand","embeddable":true,"href":"https:\/\/peitrade.com\/es\/wp-json\/wp\/v2\/product_brand?post=7644"},{"taxonomy":"product_cat","embeddable":true,"href":"https:\/\/peitrade.com\/es\/wp-json\/wp\/v2\/product_cat?post=7644"},{"taxonomy":"product_tag","embeddable":true,"href":"https:\/\/peitrade.com\/es\/wp-json\/wp\/v2\/product_tag?post=7644"}],"curies":[{"name":"wp","href":"https:\/\/api.w.org\/{rel}","templated":true}]}}