{"id":7700,"date":"2025-11-10T11:45:02","date_gmt":"2025-11-10T11:45:02","guid":{"rendered":"http:\/\/46.224.74.15\/product\/berenjena\/"},"modified":"2025-11-10T11:45:02","modified_gmt":"2025-11-10T11:45:02","slug":"berenjena","status":"publish","type":"product","link":"https:\/\/peitrade.com\/es\/product\/berenjena\/","title":{"rendered":"Berenjena"},"content":{"rendered":"<h2>Berenjena egipcia premium \u2013 Berenjena de alta calidad para exportaci\u00f3n global<\/h2>\n<p>La berenjena egipcia es conocida en todo el mundo por su textura suave, color intenso y sabor suave, lo que la hace ideal para una amplia gama de aplicaciones culinarias. Gracias a las tierras f\u00e9rtiles y al clima \u00f3ptimo de Egipto, los agricultores cultivan berenjenas de primera calidad que se ajustan a los est\u00e1ndares internacionales de exportaci\u00f3n y complementan productos como los pimientos egipcios. <\/p>\n<h3>\u00bfPor qu\u00e9 elegir berenjena egipcia?<\/h3>\n<p>\u2714 Piel brillante y forma uniforme<\/p>\n<p>\u2714 Larga vida \u00fatil y excelente resistencia al transporte<\/p>\n<p>\u2714 Cultivada de forma sostenible junto a pimientos egipcios<\/p>\n<p>\u2714 Cumple estrictas normas internacionales de exportaci\u00f3n<\/p>\n<p>\u2714 Disponible en env\u00edos a granel o con soluciones de envasado personalizadas<\/p>\n<p>\u2714 Disponibilidad casi todo el a\u00f1o con precios competitivos<\/p>\n<h3>\u00bfPor qu\u00e9 abastecerse de berenjenas con PEI Trade?<\/h3>\n<p>\u2714 Suministro constante: vol\u00famenes confiables con disponibilidad regular durante el a\u00f1o<\/p>\n<p>\u2714 Est\u00e1ndares certificados: cumplimiento de normas internacionales de inocuidad alimentaria, GAP y certificaciones fitosanitarias<\/p>\n<p>\u2714 Log\u00edstica en cadena de fr\u00edo: manipulaci\u00f3n cuidadosa y transporte a temperatura controlada para m\u00e1xima frescura<\/p>\n<p>\u2714 Servicio integral: soporte completo en empaque, documentaci\u00f3n, etiquetado y despacho aduanal<\/p>\n<h3>Importar berenjena egipcia \u2013 Sencillo y confiable<\/h3>\n<p>Nuestra berenjena se exporta bajo estrictos protocolos de garant\u00eda de calidad, con log\u00edstica r\u00e1pida y total cumplimiento de las leyes internacionales de seguridad alimentaria. Proporcionamos toda la documentaci\u00f3n necesaria y asistencia completa para un despacho aduanero sin problemas. <\/p>\n","protected":false},"excerpt":{"rendered":"<h2 data-start=\"229\" data-end=\"438\">Berenjenas egipcias premium \u2013 Suministro con calidad de exportaci\u00f3n<\/h2>\n<p data-start=\"229\" data-end=\"438\">Con su color intenso, piel lisa y alto contenido de nutrientes, nuestra berenjena egipcia se cultiva de forma sostenible y se envasa para cumplir con los est\u00e1ndares internacionales de exportaci\u00f3n.<\/p>\n<p data-start=\"2870\" data-end=\"3122\">\n","protected":false},"featured_media":7692,"template":"","meta":{"jetpack_publicize_message":"","jetpack_publicize_feature_enabled":true,"jetpack_social_post_already_shared":false,"jetpack_social_options":{"image_generator_settings":{"template":"highway","default_image_id":0,"font":"","enabled":false},"version":2}},"product_brand":[],"product_cat":[355],"product_tag":[],"class_list":{"0":"post-7700","1":"product","2":"type-product","3":"status-publish","4":"has-post-thumbnail","6":"product_cat-vegetables","8":"first","9":"instock","10":"shipping-taxable","11":"product-type-simple"},"mb":[],"featured_image_urls_v2":{"full":["https:\/\/peitrade.com\/wp-content\/uploads\/2025\/11\/Egyption-Eggplant.webp",1024,1024,false],"thumbnail":["https:\/\/peitrade.com\/wp-content\/uploads\/2025\/11\/Egyption-Eggplant-150x150.webp",150,150,true],"medium":["https:\/\/peitrade.com\/wp-content\/uploads\/2025\/11\/Egyption-Eggplant-300x300.webp",300,300,true],"medium_large":["https:\/\/peitrade.com\/wp-content\/uploads\/2025\/11\/Egyption-Eggplant-768x768.webp",768,768,true],"large":["https:\/\/peitrade.com\/wp-content\/uploads\/2025\/11\/Egyption-Eggplant.webp",1024,1024,false],"1536x1536":["https:\/\/peitrade.com\/wp-content\/uploads\/2025\/11\/Egyption-Eggplant.webp",1024,1024,false],"2048x2048":["https:\/\/peitrade.com\/wp-content\/uploads\/2025\/11\/Egyption-Eggplant.webp",1024,1024,false],"woocommerce_archive_thumbnail":["https:\/\/peitrade.com\/wp-content\/uploads\/2025\/11\/Egyption-Eggplant-300x300.webp",300,300,true],"woocommerce_thumbnail":["https:\/\/peitrade.com\/wp-content\/uploads\/2025\/11\/Egyption-Eggplant-300x300.webp",300,300,true],"woocommerce_single":["https:\/\/peitrade.com\/wp-content\/uploads\/2025\/11\/Egyption-Eggplant-600x600.webp",600,600,true],"woocommerce_gallery_thumbnail":["https:\/\/peitrade.com\/wp-content\/uploads\/2025\/11\/Egyption-Eggplant-100x100.webp",100,100,true]},"post_excerpt_stackable_v2":"<h2 data-start=\"229\" data-end=\"438\">Berenjenas egipcias premium \u2013 Suministro con calidad de exportaci\u00f3n<\/h2>\n<p data-start=\"229\" data-end=\"438\">Con su color intenso, piel lisa y alto contenido de nutrientes, nuestra berenjena egipcia se cultiva de forma sostenible y se envasa para cumplir con los est\u00e1ndares internacionales de exportaci\u00f3n.<\/p>\n<p data-start=\"2870\" data-end=\"3122\">\n","category_list_v2":"","author_info_v2":{"name":"","url":""},"comments_num_v2":"0 comentarios","jetpack_publicize_connections":[],"mfb_rest_fields":["title","featured_image_urls_v2","post_excerpt_stackable_v2","category_list_v2","author_info_v2","comments_num_v2","jetpack_publicize_connections"],"_links":{"self":[{"href":"https:\/\/peitrade.com\/es\/wp-json\/wp\/v2\/product\/7700","targetHints":{"allow":["GET"]}}],"collection":[{"href":"https:\/\/peitrade.com\/es\/wp-json\/wp\/v2\/product"}],"about":[{"href":"https:\/\/peitrade.com\/es\/wp-json\/wp\/v2\/types\/product"}],"wp:featuredmedia":[{"embeddable":true,"href":"https:\/\/peitrade.com\/es\/wp-json\/wp\/v2\/media\/7692"}],"wp:attachment":[{"href":"https:\/\/peitrade.com\/es\/wp-json\/wp\/v2\/media?parent=7700"}],"wp:term":[{"taxonomy":"product_brand","embeddable":true,"href":"https:\/\/peitrade.com\/es\/wp-json\/wp\/v2\/product_brand?post=7700"},{"taxonomy":"product_cat","embeddable":true,"href":"https:\/\/peitrade.com\/es\/wp-json\/wp\/v2\/product_cat?post=7700"},{"taxonomy":"product_tag","embeddable":true,"href":"https:\/\/peitrade.com\/es\/wp-json\/wp\/v2\/product_tag?post=7700"}],"curies":[{"name":"wp","href":"https:\/\/api.w.org\/{rel}","templated":true}]}}