{"id":7766,"date":"2025-11-10T11:42:56","date_gmt":"2025-11-10T11:42:56","guid":{"rendered":"http:\/\/46.224.74.15\/product\/patatas\/"},"modified":"2025-11-10T11:42:56","modified_gmt":"2025-11-10T11:42:56","slug":"patatas","status":"publish","type":"product","link":"https:\/\/peitrade.com\/es\/product\/patatas\/","title":{"rendered":"Patatas"},"content":{"rendered":"<h2>Patatas egipcias frescas \u2013 La elecci\u00f3n perfecta para los mercados globales<\/h2>\n<p>Las patatas egipcias se encuentran entre las mejores del mundo, conocidas por su alta calidad, sabor intenso y excelente textura. Como uno de los principales cultivos de exportaci\u00f3n de Egipto, se cultivan en suelos f\u00e9rtiles y bajo condiciones clim\u00e1ticas ideales, lo que garantiza una calidad superior y un alto valor nutricional. Egipto exporta patatas frescas a diversos mercados internacionales, incluidos los Emiratos \u00c1rabes Unidos y Arabia Saudita, cumpliendo estrictas regulaciones de cuarentena y normas de importaci\u00f3n agr\u00edcola.  <\/p>\n<h3>\u00bfPor qu\u00e9 elegir patatas egipcias?<\/h3>\n<p>\u2714 Patatas de alta calidad con excelente textura y sabor intenso<br \/>\n\u2714 Cultivadas bajo un estricto control de calidad para cumplir las normas internacionales<br \/>\n\u2714 Disponibles en grandes vol\u00famenes con precios competitivos<br \/>\n\u2714 Un importante producto agr\u00edcola de exportaci\u00f3n que respalda la econom\u00eda egipcia<\/p>\n<h3>\u00bfPor qu\u00e9 abastecerse de patatas con PEI Trade?<\/h3>\n<p>\u2714 Calidad de exportaci\u00f3n constante: cosechadas, seleccionadas y envasadas cuidadosamente para cumplir los est\u00e1ndares globales.<br \/>\n\u2714 Certificadas y trazables: fincas con certificaci\u00f3n GAP y total cumplimiento de las normativas internacionales de seguridad alimentaria.<br \/>\n\u2714 Log\u00edstica eficiente: soporte de cadena de fr\u00edo, documentaci\u00f3n \u00e1gil y despacho aduanero confiable.<br \/>\n\u2714 Suministro confiable: disponibilidad durante casi todo el a\u00f1o con vol\u00famenes escalables para distribuidores y mayoristas. <\/p>\n<h3>La mejor forma de importar patatas egipcias<\/h3>\n<p>Para garantizar la m\u00e1xima frescura, las patatas egipcias se cosechan, seleccionan y envasan cuidadosamente siguiendo estrictas regulaciones de exportaci\u00f3n. Ofrecemos env\u00edos a granel con opciones de transporte hacia los principales mercados mundiales, incluidos los Emiratos \u00c1rabes Unidos y Arabia Saudita. <\/p>\n","protected":false},"excerpt":{"rendered":"<h2><span style=\"font-weight: 400;\">Patatas egipcias frescas <\/span><\/h2>\n<p><span style=\"font-weight: 400;\">Calidad premium con sabor intenso y excelente textura. Cultivadas en condiciones ideales y cumpliendo estrictos est\u00e1ndares globales de importaci\u00f3n, nuestras patatas est\u00e1n disponibles a granel a precios competitivos para mercados como los EAU y Arabia Saudita. <\/span><\/p>\n","protected":false},"featured_media":7764,"template":"","meta":{"jetpack_publicize_message":"","jetpack_publicize_feature_enabled":true,"jetpack_social_post_already_shared":false,"jetpack_social_options":{"image_generator_settings":{"template":"highway","default_image_id":0,"font":"","enabled":false},"version":2}},"product_brand":[],"product_cat":[339,355],"product_tag":[],"class_list":{"0":"post-7766","1":"product","2":"type-product","3":"status-publish","4":"has-post-thumbnail","6":"product_cat-in-season","7":"product_cat-vegetables","9":"first","10":"instock","11":"shipping-taxable","12":"product-type-simple"},"mb":[],"featured_image_urls_v2":{"full":["https:\/\/peitrade.com\/wp-content\/uploads\/2025\/11\/Egyptian-Potatoes.webp",1024,1024,false],"thumbnail":["https:\/\/peitrade.com\/wp-content\/uploads\/2025\/11\/Egyptian-Potatoes-150x150.webp",150,150,true],"medium":["https:\/\/peitrade.com\/wp-content\/uploads\/2025\/11\/Egyptian-Potatoes-300x300.webp",300,300,true],"medium_large":["https:\/\/peitrade.com\/wp-content\/uploads\/2025\/11\/Egyptian-Potatoes-768x768.webp",768,768,true],"large":["https:\/\/peitrade.com\/wp-content\/uploads\/2025\/11\/Egyptian-Potatoes.webp",1024,1024,false],"1536x1536":["https:\/\/peitrade.com\/wp-content\/uploads\/2025\/11\/Egyptian-Potatoes.webp",1024,1024,false],"2048x2048":["https:\/\/peitrade.com\/wp-content\/uploads\/2025\/11\/Egyptian-Potatoes.webp",1024,1024,false],"woocommerce_archive_thumbnail":["https:\/\/peitrade.com\/wp-content\/uploads\/2025\/11\/Egyptian-Potatoes-300x300.webp",300,300,true],"woocommerce_thumbnail":["https:\/\/peitrade.com\/wp-content\/uploads\/2025\/11\/Egyptian-Potatoes-300x300.webp",300,300,true],"woocommerce_single":["https:\/\/peitrade.com\/wp-content\/uploads\/2025\/11\/Egyptian-Potatoes-600x600.webp",600,600,true],"woocommerce_gallery_thumbnail":["https:\/\/peitrade.com\/wp-content\/uploads\/2025\/11\/Egyptian-Potatoes-100x100.webp",100,100,true]},"post_excerpt_stackable_v2":"<h2><span style=\"font-weight: 400;\">Patatas egipcias frescas <\/span><\/h2>\n<p><span style=\"font-weight: 400;\">Calidad premium con sabor intenso y excelente textura. Cultivadas en condiciones ideales y cumpliendo estrictos est\u00e1ndares globales de importaci\u00f3n, nuestras patatas est\u00e1n disponibles a granel a precios competitivos para mercados como los EAU y Arabia Saudita. <\/span><\/p>\n","category_list_v2":"","author_info_v2":{"name":"","url":""},"comments_num_v2":"0 comentarios","jetpack_publicize_connections":[],"mfb_rest_fields":["title","featured_image_urls_v2","post_excerpt_stackable_v2","category_list_v2","author_info_v2","comments_num_v2","jetpack_publicize_connections"],"_links":{"self":[{"href":"https:\/\/peitrade.com\/es\/wp-json\/wp\/v2\/product\/7766","targetHints":{"allow":["GET"]}}],"collection":[{"href":"https:\/\/peitrade.com\/es\/wp-json\/wp\/v2\/product"}],"about":[{"href":"https:\/\/peitrade.com\/es\/wp-json\/wp\/v2\/types\/product"}],"wp:featuredmedia":[{"embeddable":true,"href":"https:\/\/peitrade.com\/es\/wp-json\/wp\/v2\/media\/7764"}],"wp:attachment":[{"href":"https:\/\/peitrade.com\/es\/wp-json\/wp\/v2\/media?parent=7766"}],"wp:term":[{"taxonomy":"product_brand","embeddable":true,"href":"https:\/\/peitrade.com\/es\/wp-json\/wp\/v2\/product_brand?post=7766"},{"taxonomy":"product_cat","embeddable":true,"href":"https:\/\/peitrade.com\/es\/wp-json\/wp\/v2\/product_cat?post=7766"},{"taxonomy":"product_tag","embeddable":true,"href":"https:\/\/peitrade.com\/es\/wp-json\/wp\/v2\/product_tag?post=7766"}],"curies":[{"name":"wp","href":"https:\/\/api.w.org\/{rel}","templated":true}]}}