{"id":8007,"date":"2025-11-09T13:40:25","date_gmt":"2025-11-09T13:40:25","guid":{"rendered":"http:\/\/46.224.74.15\/politique-relative-aux-cookies\/"},"modified":"2025-11-26T12:01:14","modified_gmt":"2025-11-26T12:01:14","slug":"politique-relative-aux-cookies","status":"publish","type":"page","link":"https:\/\/peitrade.com\/fr\/politique-relative-aux-cookies\/","title":{"rendered":"Politique relative aux cookies"},"content":{"rendered":"\n<p>Date d\u2019entr\u00e9e en vigueur : 9 novembre 2025<\/p>\n\n<h2 class=\"wp-block-heading\">1) Qu\u2019est-ce qu\u2019un cookie ?<br\/><\/h2>\n\n<p>Les cookies sont de petits fichiers texte enregistr\u00e9s sur votre appareil afin de permettre le fonctionnement du site, de m\u00e9moriser vos pr\u00e9f\u00e9rences, d\u2019am\u00e9liorer les performances et d\u2019analyser l\u2019utilisation.<\/p>\n\n<h2 class=\"wp-block-heading\">2) Comment nous utilisons les cookies<br\/><\/h2>\n\n<ul class=\"wp-block-list\">\n<li>Strictement n\u00e9cessaires \u2013 s\u00e9curit\u00e9, r\u00e9partition de charge, gestion du consentement.<\/li>\n\n\n\n<li>Performance\/Analyse \u2013 statistiques agr\u00e9g\u00e9es sur les visites et les pages.<\/li>\n\n\n\n<li>Fonctionnels \u2013 m\u00e9morisation de la langue ou des donn\u00e9es saisies dans les formulaires.<\/li>\n\n\n\n<li>Publicit\u00e9\/Remarketing \u2013 uniquement s\u2019ils sont activ\u00e9s ; utilis\u00e9s pour afficher des annonces pertinentes sur les plateformes partenaires.<\/li>\n<\/ul>\n\n<h2 class=\"wp-block-heading\">3) Gestion des pr\u00e9f\u00e9rences<br\/><\/h2>\n\n<p>Lors de votre premi\u00e8re visite, une banni\u00e8re de consentement s\u2019affiche. Vous pouvez accepter, refuser ou personnaliser les cat\u00e9gories et vous pouvez modifier vos choix \u00e0 tout moment via le lien \u00ab Param\u00e8tres des cookies \u00bb en pied de page ou via les param\u00e8tres de votre navigateur. Le blocage de certains cookies peut affecter certaines fonctionnalit\u00e9s du site.  <\/p>\n\n<h2 class=\"wp-block-heading\">4) Dur\u00e9e de conservation<\/h2>\n\n<p>La dur\u00e9e de vie des cookies varie selon la cat\u00e9gorie et le fournisseur. Les cookies de session expirent lorsque vous fermez votre navigateur ; les cookies persistants durent plus longtemps (g\u00e9n\u00e9ralement entre 1 et 24 mois). Consultez les param\u00e8tres de votre navigateur pour conna\u00eetre la date d\u2019expiration exacte.  <\/p>\n","protected":false},"excerpt":{"rendered":"<p>Date d\u2019entr\u00e9e en vigueur : 9 novembre 2025 1) Qu\u2019est-ce qu\u2019un cookie ? Les cookies sont de petits fichiers texte enregistr\u00e9s sur votre appareil afin de permettre le fonctionnement du site, de m\u00e9moriser vos pr\u00e9f\u00e9rences, d\u2019am\u00e9liorer les performances et d\u2019analyser l\u2019utilisation. 2) Comment nous utilisons les cookies 3) Gestion des pr\u00e9f\u00e9rences Lors de votre premi\u00e8re [&hellip;]<\/p>\n","protected":false},"author":1,"featured_media":0,"parent":0,"menu_order":0,"comment_status":"closed","ping_status":"closed","template":"","meta":{"footnotes":""},"class_list":["post-8007","page","type-page","status-publish","hentry"],"blocksy_meta":[],"mb":[],"featured_image_urls_v2":{"full":"","thumbnail":"","medium":"","medium_large":"","large":"","1536x1536":"","2048x2048":"","woocommerce_archive_thumbnail":"","woocommerce_thumbnail":"","woocommerce_single":"","woocommerce_gallery_thumbnail":""},"post_excerpt_stackable_v2":"<p>Date d\u2019entr\u00e9e en vigueur : 9 novembre 2025 1) Qu\u2019est-ce qu\u2019un cookie ? Les cookies sont de petits fichiers texte enregistr\u00e9s sur votre appareil afin de permettre le fonctionnement du site, de m\u00e9moriser vos pr\u00e9f\u00e9rences, d\u2019am\u00e9liorer les performances et d\u2019analyser l\u2019utilisation. 2) Comment nous utilisons les cookies Strictement n\u00e9cessaires \u2013 s\u00e9curit\u00e9, r\u00e9partition de charge, gestion du consentement. Performance\/Analyse \u2013 statistiques agr\u00e9g\u00e9es sur les visites et les pages. Fonctionnels \u2013 m\u00e9morisation de la langue ou des donn\u00e9es saisies dans les formulaires. Publicit\u00e9\/Remarketing \u2013 uniquement s\u2019ils sont activ\u00e9s ; utilis\u00e9s pour afficher des annonces pertinentes sur les plateformes partenaires. 3) Gestion des\u2026<\/p>\n","category_list_v2":"","author_info_v2":{"name":"Mostafa Sabry","url":"https:\/\/peitrade.com\/fr\/author\/emostafaadel_jn8gcqbo\/"},"comments_num_v2":"0 commentaire","mfb_rest_fields":["title","blocksy_meta","featured_image_urls_v2","post_excerpt_stackable_v2","category_list_v2","author_info_v2","comments_num_v2"],"_links":{"self":[{"href":"https:\/\/peitrade.com\/fr\/wp-json\/wp\/v2\/pages\/8007","targetHints":{"allow":["GET"]}}],"collection":[{"href":"https:\/\/peitrade.com\/fr\/wp-json\/wp\/v2\/pages"}],"about":[{"href":"https:\/\/peitrade.com\/fr\/wp-json\/wp\/v2\/types\/page"}],"author":[{"embeddable":true,"href":"https:\/\/peitrade.com\/fr\/wp-json\/wp\/v2\/users\/1"}],"replies":[{"embeddable":true,"href":"https:\/\/peitrade.com\/fr\/wp-json\/wp\/v2\/comments?post=8007"}],"version-history":[{"count":1,"href":"https:\/\/peitrade.com\/fr\/wp-json\/wp\/v2\/pages\/8007\/revisions"}],"predecessor-version":[{"id":8008,"href":"https:\/\/peitrade.com\/fr\/wp-json\/wp\/v2\/pages\/8007\/revisions\/8008"}],"wp:attachment":[{"href":"https:\/\/peitrade.com\/fr\/wp-json\/wp\/v2\/media?parent=8007"}],"curies":[{"name":"wp","href":"https:\/\/api.w.org\/{rel}","templated":true}]}}