{"id":5133,"date":"2025-11-12T17:11:11","date_gmt":"2025-11-12T17:11:11","guid":{"rendered":"http:\/\/46.224.74.15\/product\/gombo-surgele\/"},"modified":"2025-11-12T17:11:11","modified_gmt":"2025-11-12T17:11:11","slug":"gombo-surgele","status":"publish","type":"product","link":"https:\/\/peitrade.com\/fr\/product\/gombo-surgele\/","title":{"rendered":"Gombo surgel\u00e9"},"content":{"rendered":"<h2>Gombo \u00e9gyptien surgel\u00e9 premium \u2013 gombo de premi\u00e8re qualit\u00e9 d\u2019\u00c9gypte<\/h2>\n<p>Notre gombo surgel\u00e9 est r\u00e9colt\u00e9 dans des champs \u00e9gyptiens fertiles, r\u00e9put\u00e9s pour leur sol riche et leur climat id\u00e9al produisant des gousses tendres et savoureuses. Il est soigneusement transform\u00e9 puis surgel\u00e9 rapidement afin de pr\u00e9server son go\u00fbt naturel, sa couleur et ses qualit\u00e9s nutritionnelles, ce qui en fait un ingr\u00e9dient id\u00e9al pour les march\u00e9s et les plats du monde entier.<\/p>\n<h3>Pourquoi choisir notre gombo surgel\u00e9 ?<\/h3>\n<p>\u2714 Surgel\u00e9 rapidement pour pr\u00e9server la fra\u00eecheur<br \/>\n\u2714 Sans additifs ni conservateurs<br \/>\n\u2714 Taille, couleur et d\u00e9coupe uniformes \u2013 parfait pour le retail et la restauration<br \/>\n\u2714 Conforme aux normes internationales de s\u00e9curit\u00e9 alimentaire<br \/>\n\u2714 Disponible en plusieurs qualit\u00e9s et formats d\u2019emballage<br \/>\n\u2714 Prix comp\u00e9titifs avec disponibilit\u00e9 toute l\u2019ann\u00e9e<\/p>\n<h3>Pourquoi choisir PEI Trade pour le gombo surgel\u00e9 ?<\/h3>\n<p>\u2714 Installations de cong\u00e9lation avanc\u00e9es : lignes de production certifi\u00e9es HACCP et ISO<br \/>\n\u2714 Options d\u2019exportation flexibles : emballages adapt\u00e9s aux exigences de chaque march\u00e9<br \/>\n\u2714 Conformit\u00e9 et tra\u00e7abilit\u00e9 compl\u00e8tes : certifications internationales et documentation incluses<br \/>\n\u2714 Logistique fiable : transport sous temp\u00e9rature contr\u00f4l\u00e9e pour garantir la qualit\u00e9<br \/>\n\u2714 Approvisionnement r\u00e9gulier : prix comp\u00e9titifs et livraisons fiables <\/p>\n<h3>Exporter du gombo surgel\u00e9<\/h3>\n<p>Nous sommes sp\u00e9cialis\u00e9s dans l\u2019exportation de l\u00e9gumes surgel\u00e9s, notamment le gombo. Tous les produits sont soumis \u00e0 un contr\u00f4le qualit\u00e9 strict et \u00e0 une logistique en cha\u00eene du froid afin de garantir la fra\u00eecheur et la conformit\u00e9 aux r\u00e9glementations internationales.<\/p>\n","protected":false},"excerpt":{"rendered":"<h2 data-start=\"314\" data-end=\"578\">Gombo \u00e9gyptien surgel\u00e9 premium<\/h2>\n<p data-start=\"314\" data-end=\"578\">R\u00e9colt\u00e9 \u00e0 son pic de fra\u00eecheur et surgel\u00e9 rapidement pour pr\u00e9server la saveur et les nutriments, notre gombo est riche en fibres, 100 % naturel et sans additifs. Parfait pour les plats du monde entier et conforme aux standards internationaux d\u2019exportation. <\/p>\n<p data-start=\"2721\" data-end=\"2953\">\n","protected":false},"featured_media":5132,"template":"","meta":{"jetpack_publicize_message":"","jetpack_publicize_feature_enabled":true,"jetpack_social_post_already_shared":false,"jetpack_social_options":{"image_generator_settings":{"template":"highway","default_image_id":0,"font":"","enabled":false},"version":2}},"product_brand":[],"product_cat":[318],"product_tag":[],"class_list":{"0":"post-5133","1":"product","2":"type-product","3":"status-publish","4":"has-post-thumbnail","6":"product_cat-produits-surgeles","8":"first","9":"instock","10":"shipping-taxable","11":"product-type-simple"},"mb":[],"featured_image_urls_v2":{"full":["https:\/\/peitrade.com\/wp-content\/uploads\/2025\/11\/Egyptian-Frozen-Okra.webp",1024,1024,false],"thumbnail":["https:\/\/peitrade.com\/wp-content\/uploads\/2025\/11\/Egyptian-Frozen-Okra-150x150.webp",150,150,true],"medium":["https:\/\/peitrade.com\/wp-content\/uploads\/2025\/11\/Egyptian-Frozen-Okra-300x300.webp",300,300,true],"medium_large":["https:\/\/peitrade.com\/wp-content\/uploads\/2025\/11\/Egyptian-Frozen-Okra-768x768.webp",768,768,true],"large":["https:\/\/peitrade.com\/wp-content\/uploads\/2025\/11\/Egyptian-Frozen-Okra.webp",1024,1024,false],"1536x1536":["https:\/\/peitrade.com\/wp-content\/uploads\/2025\/11\/Egyptian-Frozen-Okra.webp",1024,1024,false],"2048x2048":["https:\/\/peitrade.com\/wp-content\/uploads\/2025\/11\/Egyptian-Frozen-Okra.webp",1024,1024,false],"woocommerce_archive_thumbnail":["https:\/\/peitrade.com\/wp-content\/uploads\/2025\/11\/Egyptian-Frozen-Okra-300x300.webp",300,300,true],"woocommerce_thumbnail":["https:\/\/peitrade.com\/wp-content\/uploads\/2025\/11\/Egyptian-Frozen-Okra-300x300.webp",300,300,true],"woocommerce_single":["https:\/\/peitrade.com\/wp-content\/uploads\/2025\/11\/Egyptian-Frozen-Okra-600x600.webp",600,600,true],"woocommerce_gallery_thumbnail":["https:\/\/peitrade.com\/wp-content\/uploads\/2025\/11\/Egyptian-Frozen-Okra-100x100.webp",100,100,true]},"post_excerpt_stackable_v2":"<h2 data-start=\"314\" data-end=\"578\">Gombo \u00e9gyptien surgel\u00e9 premium<\/h2>\n<p data-start=\"314\" data-end=\"578\">R\u00e9colt\u00e9 \u00e0 son pic de fra\u00eecheur et surgel\u00e9 rapidement pour pr\u00e9server la saveur et les nutriments, notre gombo est riche en fibres, 100 % naturel et sans additifs. Parfait pour les plats du monde entier et conforme aux standards internationaux d\u2019exportation. <\/p>\n<p data-start=\"2721\" data-end=\"2953\">\n","category_list_v2":"","author_info_v2":{"name":"","url":""},"comments_num_v2":"0 commentaire","jetpack_publicize_connections":[],"mfb_rest_fields":["title","featured_image_urls_v2","post_excerpt_stackable_v2","category_list_v2","author_info_v2","comments_num_v2","jetpack_publicize_connections"],"_links":{"self":[{"href":"https:\/\/peitrade.com\/fr\/wp-json\/wp\/v2\/product\/5133","targetHints":{"allow":["GET"]}}],"collection":[{"href":"https:\/\/peitrade.com\/fr\/wp-json\/wp\/v2\/product"}],"about":[{"href":"https:\/\/peitrade.com\/fr\/wp-json\/wp\/v2\/types\/product"}],"wp:featuredmedia":[{"embeddable":true,"href":"https:\/\/peitrade.com\/fr\/wp-json\/wp\/v2\/media\/5132"}],"wp:attachment":[{"href":"https:\/\/peitrade.com\/fr\/wp-json\/wp\/v2\/media?parent=5133"}],"wp:term":[{"taxonomy":"product_brand","embeddable":true,"href":"https:\/\/peitrade.com\/fr\/wp-json\/wp\/v2\/product_brand?post=5133"},{"taxonomy":"product_cat","embeddable":true,"href":"https:\/\/peitrade.com\/fr\/wp-json\/wp\/v2\/product_cat?post=5133"},{"taxonomy":"product_tag","embeddable":true,"href":"https:\/\/peitrade.com\/fr\/wp-json\/wp\/v2\/product_tag?post=5133"}],"curies":[{"name":"wp","href":"https:\/\/api.w.org\/{rel}","templated":true}]}}