{"id":7450,"date":"2025-11-10T11:42:56","date_gmt":"2025-11-10T11:42:56","guid":{"rendered":"http:\/\/46.224.74.15\/product\/oignon\/"},"modified":"2025-11-10T11:42:56","modified_gmt":"2025-11-10T11:42:56","slug":"oignon","status":"publish","type":"product","link":"https:\/\/peitrade.com\/fr\/product\/oignon\/","title":{"rendered":"Oignon"},"content":{"rendered":"<h2>Oignon \u00e9gyptien \u2013 Frais et de haute qualit\u00e9 pour l\u2019exportation<\/h2>\n<p>L\u2019oignon \u00e9gyptien est largement reconnu pour sa saveur prononc\u00e9e, sa longue dur\u00e9e de conservation et sa grande valeur nutritive. L\u2019\u00c9gypte est un important exportateur d\u2019oignons, fournissant des produits de premi\u00e8re qualit\u00e9 aux march\u00e9s internationaux, notamment aux \u00c9mirats arabes unis et \u00e0 l\u2019Arabie saoudite. Cultiv\u00e9s dans des sols fertiles et sous des conditions climatiques id\u00e9ales, les oignons \u00e9gyptiens respectent des normes internationales de qualit\u00e9 strictes et sont export\u00e9s conform\u00e9ment aux r\u00e9glementations douani\u00e8res et aux certifications phytosanitaires.  <\/p>\n<h3>Pourquoi choisir les oignons \u00e9gyptiens ?<\/h3>\n<p>\u2714 Qualit\u00e9 sup\u00e9rieure<br \/>\n\u2714 Longue dur\u00e9e de conservation, id\u00e9ale pour l\u2019exportation<br \/>\n\u2714 Conformes aux normes mondiales d\u2019exportation et aux r\u00e9glementations agricoles<br \/>\n\u2714 Exp\u00e9ditions en vrac \u00e9conomiques vers les E.A.U., l\u2019Arabie saoudite et d\u2019autres march\u00e9s<\/p>\n<h3>Pourquoi importer des oignons aupr\u00e8s de PEI Trade ?<\/h3>\n<p>\u2714 Qualit\u00e9 \u00e9prouv\u00e9e sur le march\u00e9 : tri\u00e9s et calibr\u00e9s pour r\u00e9pondre aux normes internationales des acheteurs en gros et au d\u00e9tail.<br \/>\n\u2714 Certifi\u00e9s et tra\u00e7ables : exploitations certifi\u00e9es GAP, pleinement conformes aux exigences de s\u00e9curit\u00e9 alimentaire et phytosanitaires.<br \/>\n\u2714 Manutention efficace : oignons conditionn\u00e9s en sacs filet ou en cartons pr\u00eats \u00e0 l\u2019exportation pour un transport et un stockage facilit\u00e9s.<br \/>\n\u2714 Logistique fiable : gestion de la cha\u00eene du froid, documentation fournie dans les d\u00e9lais et d\u00e9douanement fluide. <\/p>\n<h3>Meilleure fa\u00e7on d\u2019importer des oignons \u00e9gyptiens<\/h3>\n<p>Les oignons \u00e9gyptiens sont r\u00e9colt\u00e9s, tri\u00e9s et conditionn\u00e9s sous des contr\u00f4les de qualit\u00e9 stricts afin de garantir leur fra\u00eecheur. Nous proposons des exp\u00e9ditions en vrac avec des solutions logistiques personnalis\u00e9es vers les principales destinations, notamment les \u00c9mirats arabes unis et l\u2019Arabie saoudite. <\/p>\n","protected":false},"excerpt":{"rendered":"<h2><span style=\"font-weight: 400;\">Oignons \u00e9gyptiens frais et premium de PEI Trade<\/span><\/h2>\n<p><span style=\"font-weight: 400;\">D\u00e9couvrez la saveur robuste et la longue dur\u00e9e de conservation de nos oignons premium. Riches en vitamines C et B6 ainsi qu\u2019en antioxydants, ils r\u00e9pondent \u00e0 des normes mondiales strictes et sont id\u00e9aux pour des exp\u00e9ditions d\u2019exportation en vrac \u00e0 co\u00fbt comp\u00e9titif. <\/span><\/p>\n","protected":false},"featured_media":7448,"template":"","meta":{"jetpack_publicize_message":"","jetpack_publicize_feature_enabled":true,"jetpack_social_post_already_shared":false,"jetpack_social_options":{"image_generator_settings":{"template":"highway","default_image_id":0,"font":"","enabled":false},"version":2}},"product_brand":[],"product_cat":[334,350],"product_tag":[],"class_list":{"0":"post-7450","1":"product","2":"type-product","3":"status-publish","4":"has-post-thumbnail","6":"product_cat-in-season","7":"product_cat-vegetables","9":"first","10":"instock","11":"shipping-taxable","12":"product-type-simple"},"mb":[],"featured_image_urls_v2":{"full":["https:\/\/peitrade.com\/wp-content\/uploads\/2025\/11\/Egyption-Onion.webp",1024,1024,false],"thumbnail":["https:\/\/peitrade.com\/wp-content\/uploads\/2025\/11\/Egyption-Onion-150x150.webp",150,150,true],"medium":["https:\/\/peitrade.com\/wp-content\/uploads\/2025\/11\/Egyption-Onion-300x300.webp",300,300,true],"medium_large":["https:\/\/peitrade.com\/wp-content\/uploads\/2025\/11\/Egyption-Onion-768x768.webp",768,768,true],"large":["https:\/\/peitrade.com\/wp-content\/uploads\/2025\/11\/Egyption-Onion.webp",1024,1024,false],"1536x1536":["https:\/\/peitrade.com\/wp-content\/uploads\/2025\/11\/Egyption-Onion.webp",1024,1024,false],"2048x2048":["https:\/\/peitrade.com\/wp-content\/uploads\/2025\/11\/Egyption-Onion.webp",1024,1024,false],"woocommerce_archive_thumbnail":["https:\/\/peitrade.com\/wp-content\/uploads\/2025\/11\/Egyption-Onion-300x300.webp",300,300,true],"woocommerce_thumbnail":["https:\/\/peitrade.com\/wp-content\/uploads\/2025\/11\/Egyption-Onion-300x300.webp",300,300,true],"woocommerce_single":["https:\/\/peitrade.com\/wp-content\/uploads\/2025\/11\/Egyption-Onion-600x600.webp",600,600,true],"woocommerce_gallery_thumbnail":["https:\/\/peitrade.com\/wp-content\/uploads\/2025\/11\/Egyption-Onion-100x100.webp",100,100,true]},"post_excerpt_stackable_v2":"<h2><span style=\"font-weight: 400;\">Oignons \u00e9gyptiens frais et premium de PEI Trade<\/span><\/h2>\n<p><span style=\"font-weight: 400;\">D\u00e9couvrez la saveur robuste et la longue dur\u00e9e de conservation de nos oignons premium. Riches en vitamines C et B6 ainsi qu\u2019en antioxydants, ils r\u00e9pondent \u00e0 des normes mondiales strictes et sont id\u00e9aux pour des exp\u00e9ditions d\u2019exportation en vrac \u00e0 co\u00fbt comp\u00e9titif. <\/span><\/p>\n","category_list_v2":"","author_info_v2":{"name":"","url":""},"comments_num_v2":"0 commentaire","jetpack_publicize_connections":[],"mfb_rest_fields":["title","featured_image_urls_v2","post_excerpt_stackable_v2","category_list_v2","author_info_v2","comments_num_v2","jetpack_publicize_connections"],"_links":{"self":[{"href":"https:\/\/peitrade.com\/fr\/wp-json\/wp\/v2\/product\/7450","targetHints":{"allow":["GET"]}}],"collection":[{"href":"https:\/\/peitrade.com\/fr\/wp-json\/wp\/v2\/product"}],"about":[{"href":"https:\/\/peitrade.com\/fr\/wp-json\/wp\/v2\/types\/product"}],"wp:featuredmedia":[{"embeddable":true,"href":"https:\/\/peitrade.com\/fr\/wp-json\/wp\/v2\/media\/7448"}],"wp:attachment":[{"href":"https:\/\/peitrade.com\/fr\/wp-json\/wp\/v2\/media?parent=7450"}],"wp:term":[{"taxonomy":"product_brand","embeddable":true,"href":"https:\/\/peitrade.com\/fr\/wp-json\/wp\/v2\/product_brand?post=7450"},{"taxonomy":"product_cat","embeddable":true,"href":"https:\/\/peitrade.com\/fr\/wp-json\/wp\/v2\/product_cat?post=7450"},{"taxonomy":"product_tag","embeddable":true,"href":"https:\/\/peitrade.com\/fr\/wp-json\/wp\/v2\/product_tag?post=7450"}],"curies":[{"name":"wp","href":"https:\/\/api.w.org\/{rel}","templated":true}]}}