{"id":7502,"date":"2025-11-10T11:42:57","date_gmt":"2025-11-10T11:42:57","guid":{"rendered":"http:\/\/46.224.74.15\/product\/citrons\/"},"modified":"2025-11-25T09:09:35","modified_gmt":"2025-11-25T09:09:35","slug":"citrons","status":"publish","type":"product","link":"https:\/\/peitrade.com\/fr\/product\/citrons\/","title":{"rendered":"Citrons"},"content":{"rendered":"<h2>Citrons \u00e9gyptiens frais \u2013 agrumes de haute qualit\u00e9 pour les march\u00e9s mondiaux<br \/><\/h2>\n<p>Les citrons \u00e9gyptiens sont r\u00e9put\u00e9s pour leur ar\u00f4me d\u2019agrumes intense, leur saveur riche et leur teneur \u00e9lev\u00e9e en jus. Ils constituent un pilier des exportations d\u2019agrumes d\u2019\u00c9gypte et contribuent de mani\u00e8re significative \u00e0 l\u2019\u00e9conomie agricole du pays. Gr\u00e2ce aux terres fertiles et au climat id\u00e9al, nos citrons sont cultiv\u00e9s avec soin pour r\u00e9pondre aux normes internationales de qualit\u00e9 et sont export\u00e9s vers plus de 100 pays dans le monde.  <\/p>\n<h3>Pourquoi choisir les citrons \u00e9gyptiens ?<\/h3>\n<p>\u2714 Saveur d\u2019agrume intense et forte teneur en jus<br \/>\n\u2714 Pilier des exportations agricoles soutenant l\u2019\u00e9conomie \u00e9gyptienne<br \/>\n\u2714 Riche en vitamine C et en antioxydants<br \/>\n\u2714 Reconnaissance mondiale pour leur qualit\u00e9 premium<\/p>\n<h3>Pourquoi s\u2019approvisionner en citrons aupr\u00e8s de PEI Trade ?<\/h3>\n<p>\u2714 Qualit\u00e9 d\u2019exportation premium : tri minutieux pour r\u00e9pondre aux exigences des march\u00e9s mondiaux<br \/>\n\u2714 Approvisionnement toute l\u2019ann\u00e9e : disponibilit\u00e9 r\u00e9guli\u00e8re gr\u00e2ce \u00e0 des pratiques agricoles efficaces<br \/>\n\u2714 Certifi\u00e9s &amp; conformes : fermes certifi\u00e9es GAP avec conformit\u00e9 compl\u00e8te en mati\u00e8re de s\u00e9curit\u00e9 alimentaire<br \/>\n\u2714 Exp\u00e9ditions efficaces : emballages pr\u00eats \u00e0 l\u2019export avec documentation et logistique simplifi\u00e9es <\/p>\n<h3>Meilleure fa\u00e7on d\u2019importer des citrons \u00e9gyptiens<\/h3>\n<p>Les citrons \u00e9gyptiens sont r\u00e9colt\u00e9s \u00e0 maturit\u00e9 optimale, soigneusement tri\u00e9s et conditionn\u00e9s conform\u00e9ment aux r\u00e9glementations internationales strictes en mati\u00e8re d\u2019exportation afin de garantir une fra\u00eecheur et une qualit\u00e9 maximales. Nous proposons des exp\u00e9ditions en vrac \u00e0 des prix comp\u00e9titifs avec une logistique fiable. <\/p>\n","protected":false},"excerpt":{"rendered":"<h2><span style=\"font-weight: 400;\">Citrons \u00e9gyptiens frais \u2013 de l\u2019\u00c9gypte au reste du monde<\/span><\/h2>\n<p data-start=\"289\" data-end=\"616\">Cultiv\u00e9s dans des conditions id\u00e9ales, ils sont r\u00e9colt\u00e9s et conditionn\u00e9s avec soin pour r\u00e9pondre aux normes d\u2019exportation les plus \u00e9lev\u00e9es, ce qui en fait un agrume incontournable pour les d\u00e9taillants, grossistes et distributeurs des march\u00e9s internationaux.<\/p>\n","protected":false},"featured_media":7494,"template":"","meta":{"jetpack_publicize_message":"","jetpack_publicize_feature_enabled":true,"jetpack_social_post_already_shared":false,"jetpack_social_options":{"image_generator_settings":{"template":"highway","default_image_id":0,"font":"","enabled":false},"version":2}},"product_brand":[],"product_cat":[334,326],"product_tag":[],"class_list":{"0":"post-7502","1":"product","2":"type-product","3":"status-publish","4":"has-post-thumbnail","6":"product_cat-in-season","7":"product_cat-fruits","9":"first","10":"instock","11":"shipping-taxable","12":"product-type-simple"},"mb":[],"featured_image_urls_v2":{"full":["https:\/\/peitrade.com\/wp-content\/uploads\/2025\/11\/Egyptian-Lemons.webp",1024,1024,false],"thumbnail":["https:\/\/peitrade.com\/wp-content\/uploads\/2025\/11\/Egyptian-Lemons-150x150.webp",150,150,true],"medium":["https:\/\/peitrade.com\/wp-content\/uploads\/2025\/11\/Egyptian-Lemons-300x300.webp",300,300,true],"medium_large":["https:\/\/peitrade.com\/wp-content\/uploads\/2025\/11\/Egyptian-Lemons-768x768.webp",768,768,true],"large":["https:\/\/peitrade.com\/wp-content\/uploads\/2025\/11\/Egyptian-Lemons.webp",1024,1024,false],"1536x1536":["https:\/\/peitrade.com\/wp-content\/uploads\/2025\/11\/Egyptian-Lemons.webp",1024,1024,false],"2048x2048":["https:\/\/peitrade.com\/wp-content\/uploads\/2025\/11\/Egyptian-Lemons.webp",1024,1024,false],"woocommerce_archive_thumbnail":["https:\/\/peitrade.com\/wp-content\/uploads\/2025\/11\/Egyptian-Lemons-300x300.webp",300,300,true],"woocommerce_thumbnail":["https:\/\/peitrade.com\/wp-content\/uploads\/2025\/11\/Egyptian-Lemons-300x300.webp",300,300,true],"woocommerce_single":["https:\/\/peitrade.com\/wp-content\/uploads\/2025\/11\/Egyptian-Lemons-600x600.webp",600,600,true],"woocommerce_gallery_thumbnail":["https:\/\/peitrade.com\/wp-content\/uploads\/2025\/11\/Egyptian-Lemons-100x100.webp",100,100,true]},"post_excerpt_stackable_v2":"<h2><span style=\"font-weight: 400;\">Citrons \u00e9gyptiens frais \u2013 de l\u2019\u00c9gypte au reste du monde<\/span><\/h2>\n<p data-start=\"289\" data-end=\"616\">Cultiv\u00e9s dans des conditions id\u00e9ales, ils sont r\u00e9colt\u00e9s et conditionn\u00e9s avec soin pour r\u00e9pondre aux normes d\u2019exportation les plus \u00e9lev\u00e9es, ce qui en fait un agrume incontournable pour les d\u00e9taillants, grossistes et distributeurs des march\u00e9s internationaux.<\/p>\n","category_list_v2":"","author_info_v2":{"name":"","url":""},"comments_num_v2":"0 commentaire","jetpack_publicize_connections":[],"mfb_rest_fields":["title","featured_image_urls_v2","post_excerpt_stackable_v2","category_list_v2","author_info_v2","comments_num_v2","jetpack_publicize_connections"],"_links":{"self":[{"href":"https:\/\/peitrade.com\/fr\/wp-json\/wp\/v2\/product\/7502","targetHints":{"allow":["GET"]}}],"collection":[{"href":"https:\/\/peitrade.com\/fr\/wp-json\/wp\/v2\/product"}],"about":[{"href":"https:\/\/peitrade.com\/fr\/wp-json\/wp\/v2\/types\/product"}],"wp:featuredmedia":[{"embeddable":true,"href":"https:\/\/peitrade.com\/fr\/wp-json\/wp\/v2\/media\/7494"}],"wp:attachment":[{"href":"https:\/\/peitrade.com\/fr\/wp-json\/wp\/v2\/media?parent=7502"}],"wp:term":[{"taxonomy":"product_brand","embeddable":true,"href":"https:\/\/peitrade.com\/fr\/wp-json\/wp\/v2\/product_brand?post=7502"},{"taxonomy":"product_cat","embeddable":true,"href":"https:\/\/peitrade.com\/fr\/wp-json\/wp\/v2\/product_cat?post=7502"},{"taxonomy":"product_tag","embeddable":true,"href":"https:\/\/peitrade.com\/fr\/wp-json\/wp\/v2\/product_tag?post=7502"}],"curies":[{"name":"wp","href":"https:\/\/api.w.org\/{rel}","templated":true}]}}