{"id":9467,"date":"2025-06-17T12:59:46","date_gmt":"2025-06-17T12:59:46","guid":{"rendered":"https:\/\/peitrade.com\/?page_id=9467"},"modified":"2025-12-03T13:32:29","modified_gmt":"2025-12-03T13:32:29","slug":"zucchine-dallegitto-fornitura-affidabile-per-mercati-globali","status":"publish","type":"page","link":"https:\/\/peitrade.com\/it\/zucchine-dallegitto-fornitura-affidabile-per-mercati-globali\/","title":{"rendered":"Zucchine dall\u2019Egitto \u2013 fornitura affidabile per mercati globali"},"content":{"rendered":"<section style=\"padding: 60px 20px;background-color: #f9f9f9\">\n<div class=\"container\">\n<h1>Esporta Zucchine dall\u2019Egitto \u2013 Fornitura Affidabile per i Mercati Globali<\/h1>\n<p>PEI Trade \u00e8 orgogliosa di essere tra i principali esportatori di zucchine in Egitto, offrendo prodotti di alta qualit\u00e0 coltivati in condizioni climatiche ideali. Le nostre zucchine egiziane vengono coltivate in campi gestiti con cura, dove terreni fertili e tecniche agricole esperte garantiscono qualit\u00e0 costante e disponibilit\u00e0 durante tutto l\u2019anno.<\/p>\n<p>Con buccia verde liscia, consistenza soda e ottima conservabilit\u00e0, le nostre zucchine sono adatte sia per la distribuzione al dettaglio che per il settore della ristorazione. Che stiate cercando zucchine in grandi quantit\u00e0 per la vendita o un fornitore certificato di zucchine fresche per la ristorazione, PEI Trade garantisce qualit\u00e0 affidabile e spedizioni puntuali.<\/p>\n<\/div>\n<p>&nbsp;<\/p>\n<\/section>\n<div class=\"wp-block-woocommerce-product-collection\"><div class=\"woocommerce columns-4 \"><ul class=\"products columns-4\" data-products=\"type-2\">\n<li class=\"product type-product post-7765 status-publish first instock product_cat-in-season product_cat-vegetables has-post-thumbnail shipping-taxable product-type-simple\">\n\t<a href=\"https:\/\/peitrade.com\/it\/product\/patate-dolci\/\" class=\"woocommerce-LoopProduct-link woocommerce-loop-product__link\"><img decoding=\"async\" width=\"300\" height=\"300\" src=\"https:\/\/peitrade.com\/wp-content\/uploads\/2025\/11\/Egyptian-Sweet-Potatoes-300x300.webp\" class=\"attachment-woocommerce_thumbnail size-woocommerce_thumbnail\" alt=\"Egyptian Sweet Potatoes - PEI Trade\" srcset=\"https:\/\/peitrade.com\/wp-content\/uploads\/2025\/11\/Egyptian-Sweet-Potatoes-300x300.webp 300w, https:\/\/peitrade.com\/wp-content\/uploads\/2025\/11\/Egyptian-Sweet-Potatoes-150x150.webp 150w, https:\/\/peitrade.com\/wp-content\/uploads\/2025\/11\/Egyptian-Sweet-Potatoes-768x768.webp 768w, https:\/\/peitrade.com\/wp-content\/uploads\/2025\/11\/Egyptian-Sweet-Potatoes-600x600.webp 600w, https:\/\/peitrade.com\/wp-content\/uploads\/2025\/11\/Egyptian-Sweet-Potatoes-100x100.webp 100w, https:\/\/peitrade.com\/wp-content\/uploads\/2025\/11\/Egyptian-Sweet-Potatoes.webp 1024w\" sizes=\"(max-width: 300px) 100vw, 300px\" title=\"\"><h2 class=\"woocommerce-loop-product__title\">Patate dolci<\/h2>\n<\/a><a href=\"https:\/\/peitrade.com\/it\/product\/patate-dolci\/\" aria-describedby=\"woocommerce_loop_add_to_cart_link_describedby_7765\" data-quantity=\"1\" class=\"button product_type_simple\" data-product_id=\"7765\" data-product_sku=\"71420\" aria-label=\"Leggi di pi\u00f9 su &quot;Patate dolci&quot;\" rel=\"nofollow\" data-success_message=\"\">Leggi tutto<\/a>\t<span id=\"woocommerce_loop_add_to_cart_link_describedby_7765\" class=\"screen-reader-text\">\n\t\t\t<\/span>\n<\/li>\n<li class=\"product type-product post-7352 status-publish instock product_cat-vegetables has-post-thumbnail shipping-taxable product-type-simple\">\n\t<a href=\"https:\/\/peitrade.com\/it\/product\/pomodori\/\" class=\"woocommerce-LoopProduct-link woocommerce-loop-product__link\"><img decoding=\"async\" width=\"300\" height=\"300\" src=\"https:\/\/peitrade.com\/wp-content\/uploads\/2025\/11\/Egyptian-Tomatoes-300x300.webp\" class=\"attachment-woocommerce_thumbnail size-woocommerce_thumbnail\" alt=\"Pomodori\" srcset=\"https:\/\/peitrade.com\/wp-content\/uploads\/2025\/11\/Egyptian-Tomatoes-300x300.webp 300w, https:\/\/peitrade.com\/wp-content\/uploads\/2025\/11\/Egyptian-Tomatoes-150x150.webp 150w, https:\/\/peitrade.com\/wp-content\/uploads\/2025\/11\/Egyptian-Tomatoes-768x768.webp 768w, https:\/\/peitrade.com\/wp-content\/uploads\/2025\/11\/Egyptian-Tomatoes-600x600.webp 600w, https:\/\/peitrade.com\/wp-content\/uploads\/2025\/11\/Egyptian-Tomatoes-100x100.webp 100w, https:\/\/peitrade.com\/wp-content\/uploads\/2025\/11\/Egyptian-Tomatoes.webp 1024w\" sizes=\"(max-width: 300px) 100vw, 300px\" title=\"\"><h2 class=\"woocommerce-loop-product__title\">Pomodori<\/h2>\n<\/a><a href=\"https:\/\/peitrade.com\/it\/product\/pomodori\/\" aria-describedby=\"woocommerce_loop_add_to_cart_link_describedby_7352\" data-quantity=\"1\" class=\"button product_type_simple\" data-product_id=\"7352\" data-product_sku=\"70200\" aria-label=\"Leggi di pi\u00f9 su &quot;Pomodori&quot;\" rel=\"nofollow\" data-success_message=\"\">Leggi tutto<\/a>\t<span id=\"woocommerce_loop_add_to_cart_link_describedby_7352\" class=\"screen-reader-text\">\n\t\t\t<\/span>\n<\/li>\n<\/ul>\n<\/div><\/div>\n<section style=\"padding: 50px 20px\">\n<h2>Perch\u00e9 le zucchine egiziane sono molto richieste<\/h2>\n<p>Le zucchine egiziane si distinguono sul mercato globale per la loro forma eccellente, il colore verde brillante e la struttura soda. Coltivate principalmente nelle fertili regioni di Beheira e Sharqia, le nostre zucchine beneficiano di irrigazione controllata e standard agricoli elevati.<\/p>\n<p>Ogni raccolto viene selezionato, classificato e confezionato secondo le specifiche internazionali per l\u2019esportazione. Grazie ai nostri controlli di qualit\u00e0 e alla logistica efficiente, gli importatori in Europa, Asia e Medio Oriente si affidano alle nostre forniture per soddisfare la domanda stagionale e continua.<\/p>\n<h2>PEI Trade \u2013 Esportatore di zucchine affidabile in Egitto<\/h2>\n<p>Come uno dei fornitori di zucchine pi\u00f9 affidabili in Egitto, PEI Trade garantisce che ogni spedizione rispetti i pi\u00f9 alti standard di qualit\u00e0 per l\u2019esportazione. Il nostro processo integrato di esportazione comprende:<\/p>\n<ul>\n<li>Collaborazioni con produttori e aziende agricole certificati<\/li>\n<li>Rigidi standard di classificazione per dimensioni e uniformit\u00e0<\/li>\n<li>Confezionamento personalizzabile per formati all\u2019ingrosso e al dettaglio<\/li>\n<li>Gestione della catena del freddo dalla raccolta alla consegna<\/li>\n<li>Rapida evasione degli ordini e documentazione per l\u2019esportazione<\/li>\n<\/ul>\n<p>La nostra attenzione alla tracciabilit\u00e0 e alla qualit\u00e0 costante ha reso PEI Trade un esportatore di zucchine preferito dai compratori internazionali.<\/p>\n<h2>Applicazioni delle zucchine fresche egiziane<\/h2>\n<p>Le nostre zucchine sono note per la loro consistenza tenera e il sapore delicato, rendendole ideali per diverse esigenze culinarie e di trasformazione:<\/p>\n<ul>\n<li>Taglio fresco per i reparti ortofrutta dei supermercati<\/li>\n<li>Utilizzo in stufati, saut\u00e9 e miscele di verdure alla griglia<\/li>\n<li>Uso nel settore della ristorazione in hotel, catering e ristoranti<\/li>\n<li>Confezionamento per l\u2019esportazione verso supermercati e grossisti<\/li>\n<\/ul>\n<p>Che abbiate bisogno di zucchine fresche in grandi quantit\u00e0 per la ristorazione o in confezioni pi\u00f9 piccole pronte per il dettaglio, PEI Trade offre soluzioni flessibili adattate alle esigenze del vostro mercato.<\/p>\n<\/section>\n<section style=\"padding: 50px 20px;background-color: #f0f0f0\">\n<div class=\"container\">\n<h2>Disponibilit\u00e0 stagionale<\/h2>\n<p>Le zucchine egiziane sono disponibili quasi tutto l\u2019anno, con raccolti di punta da novembre a maggio. La nostra logistica ottimizzata garantisce consegne tempestive in linea con i programmi di importazione globali, aiutandovi a soddisfare la domanda senza interruzioni.<\/p>\n<h2>Ordina zucchine egiziane di qualit\u00e0 premium in grandi quantit\u00e0<\/h2>\n<p>Se cercate esportatori di zucchine affidabili che offrano qualit\u00e0 costante, approvvigionamento trasparente e volumi flessibili, PEI Trade \u00e8 il partner ideale. Richiedete un preventivo o parlate con il nostro team riguardo al vostro prossimo ordine.<\/p>\n<p style=\"text-align: center;margin-top: 40px\"><a class=\"button primary large\" href=\"https:\/\/peitrade.com\/it\/contattaci\/\">Ordina ora<\/a><\/p>\n<\/div>\n<\/section>\n<section style=\"padding: 50px 20px\">\n<div class=\"container\">\n<h2>Altri prodotti freschi di PEI Trade<\/h2>\n<p>Oltre alle zucchine, PEI Trade esporta un\u2019ampia gamma di prodotti freschi egiziani, tra cui fagiolini, pomodori, cipolle e patate. Supportiamo programmi di marchio privato, contratti a lungo termine e spedizioni in container misti.<br \/>\n<a href=\"https:\/\/peitrade.com\/it\/chi-siamo\/\">Scopri di pi\u00f9 sulle nostre capacit\u00e0 di esportazione<\/a>.<\/p>\n<div class=\"wp-block-woocommerce-product-collection\"><div class=\"woocommerce columns-4 \"><ul class=\"products columns-4\" data-products=\"type-2\">\n<li class=\"product type-product post-7368 status-publish first instock product_cat-in-season product_cat-vegetables has-post-thumbnail shipping-taxable product-type-simple\">\n\t<a href=\"https:\/\/peitrade.com\/it\/product\/aglio\/\" class=\"woocommerce-LoopProduct-link woocommerce-loop-product__link\"><img decoding=\"async\" width=\"300\" height=\"300\" src=\"https:\/\/peitrade.com\/wp-content\/uploads\/2025\/11\/Egyptian-Garlic-300x300.webp\" class=\"attachment-woocommerce_thumbnail size-woocommerce_thumbnail\" alt=\"Aglio\" srcset=\"https:\/\/peitrade.com\/wp-content\/uploads\/2025\/11\/Egyptian-Garlic-300x300.webp 300w, https:\/\/peitrade.com\/wp-content\/uploads\/2025\/11\/Egyptian-Garlic-150x150.webp 150w, https:\/\/peitrade.com\/wp-content\/uploads\/2025\/11\/Egyptian-Garlic-768x768.webp 768w, https:\/\/peitrade.com\/wp-content\/uploads\/2025\/11\/Egyptian-Garlic-600x600.webp 600w, https:\/\/peitrade.com\/wp-content\/uploads\/2025\/11\/Egyptian-Garlic-100x100.webp 100w, https:\/\/peitrade.com\/wp-content\/uploads\/2025\/11\/Egyptian-Garlic.webp 1024w\" sizes=\"(max-width: 300px) 100vw, 300px\" title=\"\"><h2 class=\"woocommerce-loop-product__title\">Aglio<\/h2>\n<\/a><a href=\"https:\/\/peitrade.com\/it\/product\/aglio\/\" aria-describedby=\"woocommerce_loop_add_to_cart_link_describedby_7368\" data-quantity=\"1\" class=\"button product_type_simple\" data-product_id=\"7368\" data-product_sku=\"70320\" aria-label=\"Leggi di pi\u00f9 su &quot;Aglio&quot;\" rel=\"nofollow\" data-success_message=\"\">Leggi tutto<\/a>\t<span id=\"woocommerce_loop_add_to_cart_link_describedby_7368\" class=\"screen-reader-text\">\n\t\t\t<\/span>\n<\/li>\n<li class=\"product type-product post-7765 status-publish instock product_cat-in-season product_cat-vegetables has-post-thumbnail shipping-taxable product-type-simple\">\n\t<a href=\"https:\/\/peitrade.com\/it\/product\/patate-dolci\/\" class=\"woocommerce-LoopProduct-link woocommerce-loop-product__link\"><img decoding=\"async\" width=\"300\" height=\"300\" src=\"https:\/\/peitrade.com\/wp-content\/uploads\/2025\/11\/Egyptian-Sweet-Potatoes-300x300.webp\" class=\"attachment-woocommerce_thumbnail size-woocommerce_thumbnail\" alt=\"Egyptian Sweet Potatoes - PEI Trade\" srcset=\"https:\/\/peitrade.com\/wp-content\/uploads\/2025\/11\/Egyptian-Sweet-Potatoes-300x300.webp 300w, https:\/\/peitrade.com\/wp-content\/uploads\/2025\/11\/Egyptian-Sweet-Potatoes-150x150.webp 150w, https:\/\/peitrade.com\/wp-content\/uploads\/2025\/11\/Egyptian-Sweet-Potatoes-768x768.webp 768w, https:\/\/peitrade.com\/wp-content\/uploads\/2025\/11\/Egyptian-Sweet-Potatoes-600x600.webp 600w, https:\/\/peitrade.com\/wp-content\/uploads\/2025\/11\/Egyptian-Sweet-Potatoes-100x100.webp 100w, https:\/\/peitrade.com\/wp-content\/uploads\/2025\/11\/Egyptian-Sweet-Potatoes.webp 1024w\" sizes=\"(max-width: 300px) 100vw, 300px\" title=\"\"><h2 class=\"woocommerce-loop-product__title\">Patate dolci<\/h2>\n<\/a><a href=\"https:\/\/peitrade.com\/it\/product\/patate-dolci\/\" aria-describedby=\"woocommerce_loop_add_to_cart_link_describedby_7765\" data-quantity=\"1\" class=\"button product_type_simple\" data-product_id=\"7765\" data-product_sku=\"71420\" aria-label=\"Leggi di pi\u00f9 su &quot;Patate dolci&quot;\" rel=\"nofollow\" data-success_message=\"\">Leggi tutto<\/a>\t<span id=\"woocommerce_loop_add_to_cart_link_describedby_7765\" class=\"screen-reader-text\">\n\t\t\t<\/span>\n<\/li>\n<li class=\"product type-product post-7352 status-publish instock product_cat-vegetables has-post-thumbnail shipping-taxable product-type-simple\">\n\t<a href=\"https:\/\/peitrade.com\/it\/product\/pomodori\/\" class=\"woocommerce-LoopProduct-link woocommerce-loop-product__link\"><img decoding=\"async\" width=\"300\" height=\"300\" src=\"https:\/\/peitrade.com\/wp-content\/uploads\/2025\/11\/Egyptian-Tomatoes-300x300.webp\" class=\"attachment-woocommerce_thumbnail size-woocommerce_thumbnail\" alt=\"Pomodori\" srcset=\"https:\/\/peitrade.com\/wp-content\/uploads\/2025\/11\/Egyptian-Tomatoes-300x300.webp 300w, https:\/\/peitrade.com\/wp-content\/uploads\/2025\/11\/Egyptian-Tomatoes-150x150.webp 150w, https:\/\/peitrade.com\/wp-content\/uploads\/2025\/11\/Egyptian-Tomatoes-768x768.webp 768w, https:\/\/peitrade.com\/wp-content\/uploads\/2025\/11\/Egyptian-Tomatoes-600x600.webp 600w, https:\/\/peitrade.com\/wp-content\/uploads\/2025\/11\/Egyptian-Tomatoes-100x100.webp 100w, https:\/\/peitrade.com\/wp-content\/uploads\/2025\/11\/Egyptian-Tomatoes.webp 1024w\" sizes=\"(max-width: 300px) 100vw, 300px\" title=\"\"><h2 class=\"woocommerce-loop-product__title\">Pomodori<\/h2>\n<\/a><a href=\"https:\/\/peitrade.com\/it\/product\/pomodori\/\" aria-describedby=\"woocommerce_loop_add_to_cart_link_describedby_7352\" data-quantity=\"1\" class=\"button product_type_simple\" data-product_id=\"7352\" data-product_sku=\"70200\" aria-label=\"Leggi di pi\u00f9 su &quot;Pomodori&quot;\" rel=\"nofollow\" data-success_message=\"\">Leggi tutto<\/a>\t<span id=\"woocommerce_loop_add_to_cart_link_describedby_7352\" class=\"screen-reader-text\">\n\t\t\t<\/span>\n<\/li>\n<\/ul>\n<\/div><\/div>\n<\/div>\n<\/section>\n<section style=\"padding: 50px 20px;background-color: #f9f9f9\">\n<div class=\"container\">\n<h2>Domande frequenti<\/h2>\n<div>\n<h3>Quando le zucchine egiziane sono disponibili per l\u2019esportazione?<\/h3>\n<p>Il raccolto principale va da novembre a maggio, mentre la disponibilit\u00e0 in altri mesi dipende dal clima e dai cicli colturali.<\/p>\n<h3>Quali opzioni di confezionamento sono disponibili?<\/h3>\n<p>Offriamo cartoni o casse da 5 kg, 10 kg e 20 kg, con etichettatura personalizzata disponibile su richiesta.<\/p>\n<h3>Come garantisce PEI Trade la freschezza delle zucchine durante il trasporto?<\/h3>\n<p>Manteniamo la catena del freddo, inclusi pre-raffreddamento, stoccaggio a temperatura controllata e container refrigerati.<\/p>\n<h3>PEI Trade pu\u00f2 fornire zucchine sia all\u2019ingrosso che al dettaglio?<\/h3>\n<p>S\u00ec, offriamo zucchine all\u2019ingrosso per distributori e formati personalizzati per confezioni al dettaglio e catene di supermercati.<\/p>\n<\/div>\n<\/div>\n<\/section>\n","protected":false},"excerpt":{"rendered":"<p>Esporta Zucchine dall\u2019Egitto \u2013 Fornitura Affidabile per i Mercati Globali PEI Trade \u00e8 orgogliosa di essere tra i principali esportatori di zucchine in Egitto, offrendo prodotti di alta qualit\u00e0 coltivati in condizioni climatiche ideali. Le nostre zucchine egiziane vengono coltivate in campi gestiti con cura, dove terreni fertili e tecniche agricole esperte garantiscono qualit\u00e0 costante [&hellip;]<\/p>\n","protected":false},"author":9,"featured_media":0,"parent":0,"menu_order":0,"comment_status":"closed","ping_status":"closed","template":"","meta":{"footnotes":""},"class_list":["post-9467","page","type-page","status-publish","hentry"],"blocksy_meta":[],"mb":[],"featured_image_urls_v2":{"full":"","thumbnail":"","medium":"","medium_large":"","large":"","1536x1536":"","2048x2048":"","woocommerce_archive_thumbnail":"","woocommerce_thumbnail":"","woocommerce_single":"","woocommerce_gallery_thumbnail":""},"post_excerpt_stackable_v2":"<p>Esporta Zucchine dall\u2019Egitto \u2013 Fornitura Affidabile per i Mercati Globali PEI Trade \u00e8 orgogliosa di essere tra i principali esportatori di zucchine in Egitto, offrendo prodotti di alta qualit\u00e0 coltivati in condizioni climatiche ideali. Le nostre zucchine egiziane vengono coltivate in campi gestiti con cura, dove terreni fertili e tecniche agricole esperte garantiscono qualit\u00e0 costante e disponibilit\u00e0 durante tutto l\u2019anno. Con buccia verde liscia, consistenza soda e ottima conservabilit\u00e0, le nostre zucchine sono adatte sia per la distribuzione al dettaglio che per il settore della ristorazione. Che stiate cercando zucchine in grandi quantit\u00e0 per la vendita o un fornitore certificato&hellip;<\/p>\n","category_list_v2":"","author_info_v2":{"name":"Maha","url":"https:\/\/peitrade.com\/it\/author\/m-amer\/"},"comments_num_v2":"0 commenti","mfb_rest_fields":["title","blocksy_meta","featured_image_urls_v2","post_excerpt_stackable_v2","category_list_v2","author_info_v2","comments_num_v2"],"_links":{"self":[{"href":"https:\/\/peitrade.com\/it\/wp-json\/wp\/v2\/pages\/9467","targetHints":{"allow":["GET"]}}],"collection":[{"href":"https:\/\/peitrade.com\/it\/wp-json\/wp\/v2\/pages"}],"about":[{"href":"https:\/\/peitrade.com\/it\/wp-json\/wp\/v2\/types\/page"}],"author":[{"embeddable":true,"href":"https:\/\/peitrade.com\/it\/wp-json\/wp\/v2\/users\/9"}],"replies":[{"embeddable":true,"href":"https:\/\/peitrade.com\/it\/wp-json\/wp\/v2\/comments?post=9467"}],"version-history":[{"count":2,"href":"https:\/\/peitrade.com\/it\/wp-json\/wp\/v2\/pages\/9467\/revisions"}],"predecessor-version":[{"id":9470,"href":"https:\/\/peitrade.com\/it\/wp-json\/wp\/v2\/pages\/9467\/revisions\/9470"}],"wp:attachment":[{"href":"https:\/\/peitrade.com\/it\/wp-json\/wp\/v2\/media?parent=9467"}],"curies":[{"name":"wp","href":"https:\/\/api.w.org\/{rel}","templated":true}]}}