{"id":5105,"date":"2025-11-12T17:11:13","date_gmt":"2025-11-12T17:11:13","guid":{"rendered":"http:\/\/46.224.74.15\/product\/datteri\/"},"modified":"2025-11-12T17:11:13","modified_gmt":"2025-11-12T17:11:13","slug":"datteri","status":"publish","type":"product","link":"https:\/\/peitrade.com\/it\/product\/datteri\/","title":{"rendered":"Datteri"},"content":{"rendered":"<h2>Datteri egiziani premium \u2013 naturalmente dolci e di qualit\u00e0 per l\u2019export<\/h2>\n<p>L\u2019Egitto \u00e8 il principale produttore mondiale di datteri e offre datteri essiccati al sole dal gusto intensamente dolce, con una consistenza morbida, un elevato contenuto di zuccheri e grande valore nutrizionale. Coltivati nelle oasi del deserto e irrigati con tecniche tradizionali e moderne, i datteri egiziani vengono selezionati a mano per garantire qualit\u00e0 e uniformit\u00e0. <\/p>\n<h3>Perch\u00e9 scegliere i datteri egiziani?<\/h3>\n<p>\u2714 Dolcezza equilibrata e texture di alta qualit\u00e0<br \/>\n\u2714 Ampia gamma di variet\u00e0: Siwa, Zaghloul, Barhi e altre<br \/>\n\u2714 Selezione e calibratura rigorose per i mercati di esportazione<br \/>\n\u2714 Conformi agli standard globali di sicurezza alimentare<br \/>\n\u2714 Disponibili in grandi volumi con imballaggi personalizzabili<\/p>\n<h3>Perch\u00e9 acquistare datteri da PEI Trade?<\/h3>\n<p>\u2714 Qualit\u00e0 export: selezionati, ordinati e confezionati a mano secondo gli standard internazionali<br \/>\n\u2714 Aziende agricole certificate: produzione con certificazione GAP e piena conformit\u00e0 alle norme di sicurezza alimentare<br \/>\n\u2714 Opzioni di export personalizzate: soluzioni flessibili per imballi all\u2019ingrosso e al dettaglio<br \/>\n\u2714 Filiera efficiente: supporto completo all\u2019export, dall\u2019etichettatura alla documentazione e allo sdoganamento <\/p>\n<h3>Processo di esportazione e imballaggio<\/h3>\n<p>I datteri egiziani vengono lavorati con cura, selezionati per dimensione e variet\u00e0 e confezionati in cartoni ermetici idonei all\u2019export. Ogni spedizione include certificati fitosanitari, documenti di origine e coordinamento logistico internazionale. <\/p>\n","protected":false},"excerpt":{"rendered":"<h2>Datteri egiziani \u2013 qualit\u00e0 premium per il commercio globale<\/h2>\n<p>Datteri egiziani di altissima qualit\u00e0, naturalmente dolci, morbidi in consistenza e confezionati freschi. Disponibili in pi\u00f9 variet\u00e0 per un export internazionale certificato. <\/p>\n<p><!--StartFragment --><\/p>\n<p><!--EndFragment --><\/p>\n","protected":false},"featured_media":5104,"template":"","meta":{"jetpack_publicize_message":"","jetpack_publicize_feature_enabled":true,"jetpack_social_post_already_shared":false,"jetpack_social_options":{"image_generator_settings":{"template":"highway","default_image_id":0,"font":"","enabled":false},"version":2}},"product_brand":[],"product_cat":[328],"product_tag":[],"class_list":{"0":"post-5105","1":"product","2":"type-product","3":"status-publish","4":"has-post-thumbnail","6":"product_cat-fruits","8":"first","9":"instock","10":"shipping-taxable","11":"product-type-simple"},"mb":[],"featured_image_urls_v2":{"full":["https:\/\/peitrade.com\/wp-content\/uploads\/2025\/11\/Egyptian-Dates.webp",1024,1024,false],"thumbnail":["https:\/\/peitrade.com\/wp-content\/uploads\/2025\/11\/Egyptian-Dates-150x150.webp",150,150,true],"medium":["https:\/\/peitrade.com\/wp-content\/uploads\/2025\/11\/Egyptian-Dates-300x300.webp",300,300,true],"medium_large":["https:\/\/peitrade.com\/wp-content\/uploads\/2025\/11\/Egyptian-Dates-768x768.webp",768,768,true],"large":["https:\/\/peitrade.com\/wp-content\/uploads\/2025\/11\/Egyptian-Dates.webp",1024,1024,false],"1536x1536":["https:\/\/peitrade.com\/wp-content\/uploads\/2025\/11\/Egyptian-Dates.webp",1024,1024,false],"2048x2048":["https:\/\/peitrade.com\/wp-content\/uploads\/2025\/11\/Egyptian-Dates.webp",1024,1024,false],"woocommerce_archive_thumbnail":["https:\/\/peitrade.com\/wp-content\/uploads\/2025\/11\/Egyptian-Dates-300x300.webp",300,300,true],"woocommerce_thumbnail":["https:\/\/peitrade.com\/wp-content\/uploads\/2025\/11\/Egyptian-Dates-300x300.webp",300,300,true],"woocommerce_single":["https:\/\/peitrade.com\/wp-content\/uploads\/2025\/11\/Egyptian-Dates-600x600.webp",600,600,true],"woocommerce_gallery_thumbnail":["https:\/\/peitrade.com\/wp-content\/uploads\/2025\/11\/Egyptian-Dates-100x100.webp",100,100,true]},"post_excerpt_stackable_v2":"<h2>Datteri egiziani \u2013 qualit\u00e0 premium per il commercio globale<\/h2>\n<p>Datteri egiziani di altissima qualit\u00e0, naturalmente dolci, morbidi in consistenza e confezionati freschi. Disponibili in pi\u00f9 variet\u00e0 per un export internazionale certificato. <\/p>\n<p><!--StartFragment --><\/p>\n<p><!--EndFragment --><\/p>\n","category_list_v2":"","author_info_v2":{"name":"","url":""},"comments_num_v2":"0 commenti","jetpack_publicize_connections":[],"mfb_rest_fields":["title","featured_image_urls_v2","post_excerpt_stackable_v2","category_list_v2","author_info_v2","comments_num_v2","jetpack_publicize_connections"],"_links":{"self":[{"href":"https:\/\/peitrade.com\/it\/wp-json\/wp\/v2\/product\/5105","targetHints":{"allow":["GET"]}}],"collection":[{"href":"https:\/\/peitrade.com\/it\/wp-json\/wp\/v2\/product"}],"about":[{"href":"https:\/\/peitrade.com\/it\/wp-json\/wp\/v2\/types\/product"}],"wp:featuredmedia":[{"embeddable":true,"href":"https:\/\/peitrade.com\/it\/wp-json\/wp\/v2\/media\/5104"}],"wp:attachment":[{"href":"https:\/\/peitrade.com\/it\/wp-json\/wp\/v2\/media?parent=5105"}],"wp:term":[{"taxonomy":"product_brand","embeddable":true,"href":"https:\/\/peitrade.com\/it\/wp-json\/wp\/v2\/product_brand?post=5105"},{"taxonomy":"product_cat","embeddable":true,"href":"https:\/\/peitrade.com\/it\/wp-json\/wp\/v2\/product_cat?post=5105"},{"taxonomy":"product_tag","embeddable":true,"href":"https:\/\/peitrade.com\/it\/wp-json\/wp\/v2\/product_tag?post=5105"}],"curies":[{"name":"wp","href":"https:\/\/api.w.org\/{rel}","templated":true}]}}