{"id":7352,"date":"2025-11-12T17:11:06","date_gmt":"2025-11-12T17:11:06","guid":{"rendered":"http:\/\/46.224.74.15\/product\/pomodori\/"},"modified":"2025-11-12T17:11:06","modified_gmt":"2025-11-12T17:11:06","slug":"pomodori","status":"publish","type":"product","link":"https:\/\/peitrade.com\/it\/product\/pomodori\/","title":{"rendered":"Pomodori"},"content":{"rendered":"<h2>Pomodori egiziani premium \u2013 pomodori di alta qualit\u00e0 per l\u2019export<\/h2>\n<p>L\u2019Egitto \u00e8 uno dei principali produttori di pomodori freschi di alta qualit\u00e0, riconosciuti per il loro sapore intenso, la polpa soda e la lunga conservabilit\u00e0. I pomodori egiziani sono coltivati con tecniche agricole avanzate, che ne garantiscono freschezza e gusto superiore. Il clima ideale e i terreni fertili del Paese consentono una produzione quasi continua durante l\u2019anno, rendendo i pomodori egiziani una scelta affidabile per gli importatori di tutto il mondo.  <\/p>\n<h3>Perch\u00e9 scegliere i pomodori egiziani?<\/h3>\n<p>\u2714 Sapore superiore, colore rosso intenso e consistenza soda<br \/>\n\u2714 Coltivati sotto rigorosi controlli di qualit\u00e0<br \/>\n\u2714 Conformi agli standard internazionali di export per sicurezza e freschezza<br \/>\n\u2714 Prezzi competitivi e opzioni di imballaggio flessibili<br \/>\n\u2714 Fornitura affidabile con pi\u00f9 stagioni di esportazione<\/p>\n<h3>Perch\u00e9 rifornirsi di pomodori da PEI Trade?<\/h3>\n<p>\u2714 Qualit\u00e0 premium per l\u2019export: raccolti, selezionati e confezionati con cura per soddisfare gli standard degli acquirenti internazionali<br \/>\n\u2714 Aziende agricole certificate: produzione con certificazione GAP, tracciabilit\u00e0 e conformit\u00e0 alle norme internazionali di sicurezza alimentare<br \/>\n\u2714 Catena di fornitura efficiente: documentazione rapida, supporto doganale e logistica a temperatura controllata<br \/>\n\u2714 Fornitura su larga scala: volumi costanti per distribuzione all\u2019ingrosso e programmi retail<\/p>\n<h3>Importare pomodori egiziani \u2013 semplice ed efficiente<\/h3>\n<p>I nostri pomodori vengono esportati dopo rigorosi controlli di qualit\u00e0, confezionamento personalizzato e opzioni di spedizione rapide. Gestiamo certificazioni fitosanitarie, sdoganamento e conformit\u00e0 alle normative di importazione. <\/p>\n","protected":false},"excerpt":{"rendered":"<h2><span style=\"font-weight: 400;\">Pomodori egiziani premium <\/span><\/h2>\n<p><span style=\"font-weight: 400;\">Assapora i nostri pomodori coltivati in modo biologico, ricchi di gusto, dalla polpa soda e con un alto contenuto di antiossidanti. Coltivati nei fertili terreni egiziani con tecniche avanzate, soddisfano gli standard globali di esportazione. <\/span><\/p>\n","protected":false},"featured_media":7351,"template":"","meta":{"jetpack_publicize_message":"","jetpack_publicize_feature_enabled":true,"jetpack_social_post_already_shared":false,"jetpack_social_options":{"image_generator_settings":{"template":"highway","default_image_id":0,"font":"","enabled":false},"version":2}},"product_brand":[],"product_cat":[352],"product_tag":[],"class_list":{"0":"post-7352","1":"product","2":"type-product","3":"status-publish","4":"has-post-thumbnail","6":"product_cat-vegetables","8":"first","9":"instock","10":"shipping-taxable","11":"product-type-simple"},"mb":[],"featured_image_urls_v2":{"full":["https:\/\/peitrade.com\/wp-content\/uploads\/2025\/11\/Egyptian-Tomatoes.webp",1024,1024,false],"thumbnail":["https:\/\/peitrade.com\/wp-content\/uploads\/2025\/11\/Egyptian-Tomatoes-150x150.webp",150,150,true],"medium":["https:\/\/peitrade.com\/wp-content\/uploads\/2025\/11\/Egyptian-Tomatoes-300x300.webp",300,300,true],"medium_large":["https:\/\/peitrade.com\/wp-content\/uploads\/2025\/11\/Egyptian-Tomatoes-768x768.webp",768,768,true],"large":["https:\/\/peitrade.com\/wp-content\/uploads\/2025\/11\/Egyptian-Tomatoes.webp",1024,1024,false],"1536x1536":["https:\/\/peitrade.com\/wp-content\/uploads\/2025\/11\/Egyptian-Tomatoes.webp",1024,1024,false],"2048x2048":["https:\/\/peitrade.com\/wp-content\/uploads\/2025\/11\/Egyptian-Tomatoes.webp",1024,1024,false],"woocommerce_archive_thumbnail":["https:\/\/peitrade.com\/wp-content\/uploads\/2025\/11\/Egyptian-Tomatoes-300x300.webp",300,300,true],"woocommerce_thumbnail":["https:\/\/peitrade.com\/wp-content\/uploads\/2025\/11\/Egyptian-Tomatoes-300x300.webp",300,300,true],"woocommerce_single":["https:\/\/peitrade.com\/wp-content\/uploads\/2025\/11\/Egyptian-Tomatoes-600x600.webp",600,600,true],"woocommerce_gallery_thumbnail":["https:\/\/peitrade.com\/wp-content\/uploads\/2025\/11\/Egyptian-Tomatoes-100x100.webp",100,100,true]},"post_excerpt_stackable_v2":"<h2><span style=\"font-weight: 400;\">Pomodori egiziani premium <\/span><\/h2>\n<p><span style=\"font-weight: 400;\">Assapora i nostri pomodori coltivati in modo biologico, ricchi di gusto, dalla polpa soda e con un alto contenuto di antiossidanti. Coltivati nei fertili terreni egiziani con tecniche avanzate, soddisfano gli standard globali di esportazione. <\/span><\/p>\n","category_list_v2":"","author_info_v2":{"name":"","url":""},"comments_num_v2":"0 commenti","jetpack_publicize_connections":[],"mfb_rest_fields":["title","featured_image_urls_v2","post_excerpt_stackable_v2","category_list_v2","author_info_v2","comments_num_v2","jetpack_publicize_connections"],"_links":{"self":[{"href":"https:\/\/peitrade.com\/it\/wp-json\/wp\/v2\/product\/7352","targetHints":{"allow":["GET"]}}],"collection":[{"href":"https:\/\/peitrade.com\/it\/wp-json\/wp\/v2\/product"}],"about":[{"href":"https:\/\/peitrade.com\/it\/wp-json\/wp\/v2\/types\/product"}],"wp:featuredmedia":[{"embeddable":true,"href":"https:\/\/peitrade.com\/it\/wp-json\/wp\/v2\/media\/7351"}],"wp:attachment":[{"href":"https:\/\/peitrade.com\/it\/wp-json\/wp\/v2\/media?parent=7352"}],"wp:term":[{"taxonomy":"product_brand","embeddable":true,"href":"https:\/\/peitrade.com\/it\/wp-json\/wp\/v2\/product_brand?post=7352"},{"taxonomy":"product_cat","embeddable":true,"href":"https:\/\/peitrade.com\/it\/wp-json\/wp\/v2\/product_cat?post=7352"},{"taxonomy":"product_tag","embeddable":true,"href":"https:\/\/peitrade.com\/it\/wp-json\/wp\/v2\/product_tag?post=7352"}],"curies":[{"name":"wp","href":"https:\/\/api.w.org\/{rel}","templated":true}]}}