{"id":5300,"date":"2025-05-14T13:28:22","date_gmt":"2025-05-14T13:28:22","guid":{"rendered":"http:\/\/46.224.74.15\/mango-keitt-egypt-4\/"},"modified":"2025-11-19T16:43:39","modified_gmt":"2025-11-19T16:43:39","slug":"mango-keitt-egypt-4","status":"publish","type":"page","link":"https:\/\/peitrade.com\/pt-br\/mango-keitt-egypt-4\/","title":{"rendered":"Manga Keitt Egito Premium da PEI Trade | Exporta\u00e7\u00e3o Segura"},"content":{"rendered":"<section class=\"section\" style=\"padding: 60px 20px; background-color: #f9f9f9;\">\n<div class=\"container\">\n<h1>Manga Keitt Egito Premium \u2013 Variedades de Manga Eg\u00edpcia da PEI Trade<\/h1>\n<p>Experimente a qualidade excepcional da manga Keitt Egito, uma das principais variedades de manga eg\u00edpcia cultivadas nas f\u00e9rteis regi\u00f5es do Delta do Nilo. A PEI Trade oferece uma sele\u00e7\u00e3o premium de mangas eg\u00edpcias cultivadas sob condi\u00e7\u00f5es clim\u00e1ticas ideais que aprimoram o sabor, a textura e a vida \u00fatil.<\/p>\n<p>Desde a mundialmente apreciada manga Keitt Egito at\u00e9 a arom\u00e1tica Ewais e a robusta Zebda, nosso portf\u00f3lio apresenta os melhores tipos de manga no Egito. Garantimos que cada fruta seja colhida manualmente no auge da matura\u00e7\u00e3o, manuseada com cuidado e embalada para atender aos padr\u00f5es internacionais de exporta\u00e7\u00e3o.<\/p>\n<p>Como um confi\u00e1vel exportador de manga eg\u00edpcia, a PEI Trade entrega qualidade consistente a clientes na Europa, Oriente M\u00e9dio e \u00c1sia. Se voc\u00ea deseja comprar mangas do Egito para varejo, processamento ou atacado, nossos produtos oferecem sabor e apar\u00eancia superiores. Nossa experi\u00eancia como fornecedores de manga eg\u00edpcia e nossa reputa\u00e7\u00e3o de confiabilidade nos tornam o parceiro ideal para empresas em todo o mundo que procuram mangas frescas do Egito.<\/p>\n<\/div>\n<\/section>\n<p><!-- Bloco de Produtos WooCommerce 1 --><\/p>\n<div class=\"wp-block-woocommerce-product-collection\"><div class=\"woocommerce columns-4 \"><ul class=\"products columns-4\" data-products=\"type-2\">\n<li class=\"product type-product post-7437 status-publish first instock product_cat-in-season product_cat-fruits has-post-thumbnail shipping-taxable product-type-simple\">\n\t<a href=\"https:\/\/peitrade.com\/pt-br\/product\/laranjas\/\" class=\"woocommerce-LoopProduct-link woocommerce-loop-product__link\"><img decoding=\"async\" width=\"300\" height=\"300\" src=\"https:\/\/peitrade.com\/wp-content\/uploads\/2025\/11\/Egyptian-Oranges-300x300.webp\" class=\"attachment-woocommerce_thumbnail size-woocommerce_thumbnail\" alt=\"\u0635\u0627\u062f\u0631\u0627\u062a \u0627\u0644\u0628\u0631\u062a\u0642\u0627\u0644 \u0627\u0644\u0645\u0635\u0631\u064a \u0625\u0644\u0649 \u0643\u0646\u062f\u0627 \u062a\u0633\u062c\u0644 \u0631\u0642\u0645\u0627\u064b \u0642\u064a\u0627\u0633\u064a\u0627\u064b \u0641\u064a 2025\" srcset=\"https:\/\/peitrade.com\/wp-content\/uploads\/2025\/11\/Egyptian-Oranges-300x300.webp 300w, https:\/\/peitrade.com\/wp-content\/uploads\/2025\/11\/Egyptian-Oranges-150x150.webp 150w, https:\/\/peitrade.com\/wp-content\/uploads\/2025\/11\/Egyptian-Oranges-768x768.webp 768w, https:\/\/peitrade.com\/wp-content\/uploads\/2025\/11\/Egyptian-Oranges-600x600.webp 600w, https:\/\/peitrade.com\/wp-content\/uploads\/2025\/11\/Egyptian-Oranges-100x100.webp 100w, https:\/\/peitrade.com\/wp-content\/uploads\/2025\/11\/Egyptian-Oranges.webp 1024w\" sizes=\"(max-width: 300px) 100vw, 300px\" title=\"\"><h2 class=\"woocommerce-loop-product__title\">Laranjas<\/h2>\n<\/a><a href=\"https:\/\/peitrade.com\/pt-br\/product\/laranjas\/\" aria-describedby=\"woocommerce_loop_add_to_cart_link_describedby_7437\" data-quantity=\"1\" class=\"button product_type_simple\" data-product_id=\"7437\" data-product_sku=\"80510\" aria-label=\"Leia mais sobre &ldquo;Laranjas&rdquo;\" rel=\"nofollow\" data-success_message=\"\">Leia mais<\/a>\t<span id=\"woocommerce_loop_add_to_cart_link_describedby_7437\" class=\"screen-reader-text\">\n\t\t\t<\/span>\n<\/li>\n<li class=\"product type-product post-7516 status-publish instock product_cat-in-season product_cat-fruits has-post-thumbnail shipping-taxable product-type-simple\">\n\t<a href=\"https:\/\/peitrade.com\/pt-br\/product\/limoes\/\" class=\"woocommerce-LoopProduct-link woocommerce-loop-product__link\"><img decoding=\"async\" width=\"300\" height=\"300\" src=\"https:\/\/peitrade.com\/wp-content\/uploads\/2025\/11\/Egyptian-Lemons-300x300.webp\" class=\"attachment-woocommerce_thumbnail size-woocommerce_thumbnail\" alt=\"Lim\u00f5es\" srcset=\"https:\/\/peitrade.com\/wp-content\/uploads\/2025\/11\/Egyptian-Lemons-300x300.webp 300w, https:\/\/peitrade.com\/wp-content\/uploads\/2025\/11\/Egyptian-Lemons-150x150.webp 150w, https:\/\/peitrade.com\/wp-content\/uploads\/2025\/11\/Egyptian-Lemons-768x768.webp 768w, https:\/\/peitrade.com\/wp-content\/uploads\/2025\/11\/Egyptian-Lemons-600x600.webp 600w, https:\/\/peitrade.com\/wp-content\/uploads\/2025\/11\/Egyptian-Lemons-100x100.webp 100w, https:\/\/peitrade.com\/wp-content\/uploads\/2025\/11\/Egyptian-Lemons.webp 1024w\" sizes=\"(max-width: 300px) 100vw, 300px\" title=\"\"><h2 class=\"woocommerce-loop-product__title\">Lim\u00f5es<\/h2>\n<\/a><a href=\"https:\/\/peitrade.com\/pt-br\/product\/limoes\/\" aria-describedby=\"woocommerce_loop_add_to_cart_link_describedby_7516\" data-quantity=\"1\" class=\"button product_type_simple\" data-product_id=\"7516\" data-product_sku=\"80550\" aria-label=\"Leia mais sobre &ldquo;Lim\u00f5es&rdquo;\" rel=\"nofollow\" data-success_message=\"\">Leia mais<\/a>\t<span id=\"woocommerce_loop_add_to_cart_link_describedby_7516\" class=\"screen-reader-text\">\n\t\t\t<\/span>\n<\/li>\n<li class=\"product type-product post-7635 status-publish instock product_cat-fruits has-post-thumbnail shipping-taxable product-type-simple\">\n\t<a href=\"https:\/\/peitrade.com\/pt-br\/product\/manga\/\" class=\"woocommerce-LoopProduct-link woocommerce-loop-product__link\"><img decoding=\"async\" width=\"300\" height=\"300\" src=\"https:\/\/peitrade.com\/wp-content\/uploads\/2025\/11\/Egyption-Mango-300x300.webp\" class=\"attachment-woocommerce_thumbnail size-woocommerce_thumbnail\" alt=\"Mangoes: Egypt\u2019s Tropical Treasure\" srcset=\"https:\/\/peitrade.com\/wp-content\/uploads\/2025\/11\/Egyption-Mango-300x300.webp 300w, https:\/\/peitrade.com\/wp-content\/uploads\/2025\/11\/Egyption-Mango-150x150.webp 150w, https:\/\/peitrade.com\/wp-content\/uploads\/2025\/11\/Egyption-Mango-768x768.webp 768w, https:\/\/peitrade.com\/wp-content\/uploads\/2025\/11\/Egyption-Mango-600x600.webp 600w, https:\/\/peitrade.com\/wp-content\/uploads\/2025\/11\/Egyption-Mango-100x100.webp 100w, https:\/\/peitrade.com\/wp-content\/uploads\/2025\/11\/Egyption-Mango.webp 1024w\" sizes=\"(max-width: 300px) 100vw, 300px\" title=\"\"><h2 class=\"woocommerce-loop-product__title\">Manga<\/h2>\n<\/a><a href=\"https:\/\/peitrade.com\/pt-br\/product\/manga\/\" aria-describedby=\"woocommerce_loop_add_to_cart_link_describedby_7635\" data-quantity=\"1\" class=\"button product_type_simple\" data-product_id=\"7635\" data-product_sku=\"80450\" aria-label=\"Leia mais sobre &ldquo;Manga&rdquo;\" rel=\"nofollow\" data-success_message=\"\">Leia mais<\/a>\t<span id=\"woocommerce_loop_add_to_cart_link_describedby_7635\" class=\"screen-reader-text\">\n\t\t\t<\/span>\n<\/li>\n<li class=\"product type-product post-7650 status-publish last instock product_cat-fruits has-post-thumbnail shipping-taxable product-type-simple\">\n\t<a href=\"https:\/\/peitrade.com\/pt-br\/product\/morangos\/\" class=\"woocommerce-LoopProduct-link woocommerce-loop-product__link\"><img decoding=\"async\" width=\"300\" height=\"300\" src=\"https:\/\/peitrade.com\/wp-content\/uploads\/2025\/11\/Egyptian-Strawberries-300x300.webp\" class=\"attachment-woocommerce_thumbnail size-woocommerce_thumbnail\" alt=\"Morangos\" srcset=\"https:\/\/peitrade.com\/wp-content\/uploads\/2025\/11\/Egyptian-Strawberries-300x300.webp 300w, https:\/\/peitrade.com\/wp-content\/uploads\/2025\/11\/Egyptian-Strawberries-150x150.webp 150w, https:\/\/peitrade.com\/wp-content\/uploads\/2025\/11\/Egyptian-Strawberries-768x768.webp 768w, https:\/\/peitrade.com\/wp-content\/uploads\/2025\/11\/Egyptian-Strawberries-600x600.webp 600w, https:\/\/peitrade.com\/wp-content\/uploads\/2025\/11\/Egyptian-Strawberries-100x100.webp 100w, https:\/\/peitrade.com\/wp-content\/uploads\/2025\/11\/Egyptian-Strawberries.webp 1024w\" sizes=\"(max-width: 300px) 100vw, 300px\" title=\"\"><h2 class=\"woocommerce-loop-product__title\">Morangos<\/h2>\n<\/a><a href=\"https:\/\/peitrade.com\/pt-br\/product\/morangos\/\" aria-describedby=\"woocommerce_loop_add_to_cart_link_describedby_7650\" data-quantity=\"1\" class=\"button product_type_simple\" data-product_id=\"7650\" data-product_sku=\"81010\" aria-label=\"Leia mais sobre &ldquo;Morangos&rdquo;\" rel=\"nofollow\" data-success_message=\"\">Leia mais<\/a>\t<span id=\"woocommerce_loop_add_to_cart_link_describedby_7650\" class=\"screen-reader-text\">\n\t\t\t<\/span>\n<\/li>\n<\/ul>\n<\/div><\/div>\n<p><!-- Se\u00e7\u00e3o: Por que escolher a manga eg\u00edpcia --><\/p>\n<section class=\"section\" style=\"padding: 50px 20px;\">\n<div class=\"container\">\n<h2>Por que Importadores Escolhem Nossas Variedades de Manga Eg\u00edpcia<\/h2>\n<p>A temporada de manga no Egito produz mangas com cores vibrantes, aroma rico e polpa naturalmente doce. O clima ideal e o solo f\u00e9rtil da regi\u00e3o resultam em algumas das variedades de manga eg\u00edpcia mais procuradas.<\/p>\n<p>Na PEI Trade, cada fruta \u00e9:<\/p>\n<ul>\n<li>Colhida manualmente e selecionada para padr\u00f5es de exporta\u00e7\u00e3o<\/li>\n<li>Cultivada com pr\u00e1ticas sustent\u00e1veis<\/li>\n<li>Dispon\u00edvel em volumes para varejo ou atacado<\/li>\n<\/ul>\n<p>Clientes em todo o mundo confiam em nossa capacidade de fornecer:<\/p>\n<ul>\n<li>Qualidade de produto consistente<\/li>\n<li>Cadeia de suprimentos transparente e rastreabilidade<\/li>\n<li>Volumes de pedido flex\u00edveis e agendamento de exporta\u00e7\u00e3o<\/li>\n<\/ul>\n<h2>Variedades em Alta como a Manga Keitt do Egito<\/h2>\n<p>A PEI Trade \u00e9 um dos principais exportadores de manga Keitt Egito, uma variedade conhecida por:<\/p>\n<ul>\n<li>Tamanho grande e textura firme e suculenta<\/li>\n<li>Polpa doce e com baixa fibra, ideal para consumo fresco e processamento<\/li>\n<li>Vida \u00fatil prolongada \u2014 ideal para exporta\u00e7\u00e3o<\/li>\n<\/ul>\n<p>Esta variedade de alto desempenho \u00e9 amplamente utilizada em:<\/p>\n<ul>\n<li>Supermercados e cadeias de produtos frescos<\/li>\n<li>Ind\u00fastrias de sucos e sobremesas<\/li>\n<li>Pacotes de varejo e mercados de atacadista de manga eg\u00edpcia<\/li>\n<\/ul>\n<p>Tamb\u00e9m oferecemos alternativas de alta qualidade, como a manga Ewais Egito e Alphonso, selecionadas com base nas prefer\u00eancias regionais de exporta\u00e7\u00e3o.<\/p>\n<p>Como confi\u00e1veis fornecedores de manga eg\u00edpcia, nossos servi\u00e7os incluem:<\/p>\n<ul>\n<li>Manuseio p\u00f3s-colheita e resfriamento<\/li>\n<li>Embalagem personalizada e rotulagem para exporta\u00e7\u00e3o<\/li>\n<li>Log\u00edstica global e suporte \u00e0 documenta\u00e7\u00e3o<\/li>\n<\/ul>\n<\/div>\n<\/section>\n<p><!-- Se\u00e7\u00e3o de Produtos Relacionados --><\/p>\n<section class=\"section\" style=\"padding: 50px 20px;\">\n<div class=\"container\">\n<h2>Mais Produtos Frescos do Egito<\/h2>\n<p>Descubra mais frutas frescas do Egito, cuidadosamente colhidas e prontas para exporta\u00e7\u00e3o:<\/p>\n<div class=\"wp-block-woocommerce-product-collection\"><div class=\"woocommerce columns-4 \"><ul class=\"products columns-4\" data-products=\"type-2\">\n<li class=\"product type-product post-7567 status-publish first instock product_cat-in-season product_cat-fruits has-post-thumbnail shipping-taxable product-type-simple\">\n\t<a href=\"https:\/\/peitrade.com\/pt-br\/product\/goiaba\/\" class=\"woocommerce-LoopProduct-link woocommerce-loop-product__link\"><img decoding=\"async\" width=\"300\" height=\"300\" src=\"https:\/\/peitrade.com\/wp-content\/uploads\/2025\/11\/Egyptian-Guava-300x300.webp\" class=\"attachment-woocommerce_thumbnail size-woocommerce_thumbnail\" alt=\"Egyptian Guava\" srcset=\"https:\/\/peitrade.com\/wp-content\/uploads\/2025\/11\/Egyptian-Guava-300x300.webp 300w, https:\/\/peitrade.com\/wp-content\/uploads\/2025\/11\/Egyptian-Guava-150x150.webp 150w, https:\/\/peitrade.com\/wp-content\/uploads\/2025\/11\/Egyptian-Guava-768x768.webp 768w, https:\/\/peitrade.com\/wp-content\/uploads\/2025\/11\/Egyptian-Guava-600x600.webp 600w, https:\/\/peitrade.com\/wp-content\/uploads\/2025\/11\/Egyptian-Guava-100x100.webp 100w, https:\/\/peitrade.com\/wp-content\/uploads\/2025\/11\/Egyptian-Guava.webp 1024w\" sizes=\"(max-width: 300px) 100vw, 300px\" title=\"\"><h2 class=\"woocommerce-loop-product__title\">Goiaba<\/h2>\n<\/a><a href=\"https:\/\/peitrade.com\/pt-br\/product\/goiaba\/\" aria-describedby=\"woocommerce_loop_add_to_cart_link_describedby_7567\" data-quantity=\"1\" class=\"button product_type_simple\" data-product_id=\"7567\" data-product_sku=\"80451\" aria-label=\"Leia mais sobre &ldquo;Goiaba&rdquo;\" rel=\"nofollow\" data-success_message=\"\">Leia mais<\/a>\t<span id=\"woocommerce_loop_add_to_cart_link_describedby_7567\" class=\"screen-reader-text\">\n\t\t\t<\/span>\n<\/li>\n<li class=\"product type-product post-7635 status-publish instock product_cat-fruits has-post-thumbnail shipping-taxable product-type-simple\">\n\t<a href=\"https:\/\/peitrade.com\/pt-br\/product\/manga\/\" class=\"woocommerce-LoopProduct-link woocommerce-loop-product__link\"><img decoding=\"async\" width=\"300\" height=\"300\" src=\"https:\/\/peitrade.com\/wp-content\/uploads\/2025\/11\/Egyption-Mango-300x300.webp\" class=\"attachment-woocommerce_thumbnail size-woocommerce_thumbnail\" alt=\"Mangoes: Egypt\u2019s Tropical Treasure\" srcset=\"https:\/\/peitrade.com\/wp-content\/uploads\/2025\/11\/Egyption-Mango-300x300.webp 300w, https:\/\/peitrade.com\/wp-content\/uploads\/2025\/11\/Egyption-Mango-150x150.webp 150w, https:\/\/peitrade.com\/wp-content\/uploads\/2025\/11\/Egyption-Mango-768x768.webp 768w, https:\/\/peitrade.com\/wp-content\/uploads\/2025\/11\/Egyption-Mango-600x600.webp 600w, https:\/\/peitrade.com\/wp-content\/uploads\/2025\/11\/Egyption-Mango-100x100.webp 100w, https:\/\/peitrade.com\/wp-content\/uploads\/2025\/11\/Egyption-Mango.webp 1024w\" sizes=\"(max-width: 300px) 100vw, 300px\" title=\"\"><h2 class=\"woocommerce-loop-product__title\">Manga<\/h2>\n<\/a><a href=\"https:\/\/peitrade.com\/pt-br\/product\/manga\/\" aria-describedby=\"woocommerce_loop_add_to_cart_link_describedby_7635\" data-quantity=\"1\" class=\"button product_type_simple\" data-product_id=\"7635\" data-product_sku=\"80450\" aria-label=\"Leia mais sobre &ldquo;Manga&rdquo;\" rel=\"nofollow\" data-success_message=\"\">Leia mais<\/a>\t<span id=\"woocommerce_loop_add_to_cart_link_describedby_7635\" class=\"screen-reader-text\">\n\t\t\t<\/span>\n<\/li>\n<li class=\"product type-product post-7734 status-publish instock product_cat-fruits has-post-thumbnail shipping-taxable product-type-simple\">\n\t<a href=\"https:\/\/peitrade.com\/pt-br\/product\/roma\/\" class=\"woocommerce-LoopProduct-link woocommerce-loop-product__link\"><img decoding=\"async\" width=\"300\" height=\"300\" src=\"https:\/\/peitrade.com\/wp-content\/uploads\/2025\/11\/Egyptian-Pomegranate-300x300.webp\" class=\"attachment-woocommerce_thumbnail size-woocommerce_thumbnail\" alt=\"Pomegranates: The Superfruit Appeal\" srcset=\"https:\/\/peitrade.com\/wp-content\/uploads\/2025\/11\/Egyptian-Pomegranate-300x300.webp 300w, https:\/\/peitrade.com\/wp-content\/uploads\/2025\/11\/Egyptian-Pomegranate-150x150.webp 150w, https:\/\/peitrade.com\/wp-content\/uploads\/2025\/11\/Egyptian-Pomegranate-768x768.webp 768w, https:\/\/peitrade.com\/wp-content\/uploads\/2025\/11\/Egyptian-Pomegranate-600x600.webp 600w, https:\/\/peitrade.com\/wp-content\/uploads\/2025\/11\/Egyptian-Pomegranate-100x100.webp 100w, https:\/\/peitrade.com\/wp-content\/uploads\/2025\/11\/Egyptian-Pomegranate.webp 1024w\" sizes=\"(max-width: 300px) 100vw, 300px\" title=\"\"><h2 class=\"woocommerce-loop-product__title\">Rom\u00e3<\/h2>\n<\/a><a href=\"https:\/\/peitrade.com\/pt-br\/product\/roma\/\" aria-describedby=\"woocommerce_loop_add_to_cart_link_describedby_7734\" data-quantity=\"1\" class=\"button product_type_simple\" data-product_id=\"7734\" data-product_sku=\"81090\" aria-label=\"Leia mais sobre &ldquo;Rom\u00e3&rdquo;\" rel=\"nofollow\" data-success_message=\"\">Leia mais<\/a>\t<span id=\"woocommerce_loop_add_to_cart_link_describedby_7734\" class=\"screen-reader-text\">\n\t\t\t<\/span>\n<\/li>\n<li class=\"product type-product post-7561 status-publish last instock product_cat-fruits has-post-thumbnail shipping-taxable product-type-simple\">\n\t<a href=\"https:\/\/peitrade.com\/pt-br\/product\/uvas\/\" class=\"woocommerce-LoopProduct-link woocommerce-loop-product__link\"><img decoding=\"async\" width=\"300\" height=\"300\" src=\"https:\/\/peitrade.com\/wp-content\/uploads\/2025\/11\/Egyptian-Grapes-300x300.webp\" class=\"attachment-woocommerce_thumbnail size-woocommerce_thumbnail\" alt=\"Grapes: A Rising Star\" srcset=\"https:\/\/peitrade.com\/wp-content\/uploads\/2025\/11\/Egyptian-Grapes-300x300.webp 300w, https:\/\/peitrade.com\/wp-content\/uploads\/2025\/11\/Egyptian-Grapes-150x150.webp 150w, https:\/\/peitrade.com\/wp-content\/uploads\/2025\/11\/Egyptian-Grapes-768x768.webp 768w, https:\/\/peitrade.com\/wp-content\/uploads\/2025\/11\/Egyptian-Grapes-600x600.webp 600w, https:\/\/peitrade.com\/wp-content\/uploads\/2025\/11\/Egyptian-Grapes-100x100.webp 100w, https:\/\/peitrade.com\/wp-content\/uploads\/2025\/11\/Egyptian-Grapes.webp 1024w\" sizes=\"(max-width: 300px) 100vw, 300px\" title=\"\"><h2 class=\"woocommerce-loop-product__title\">Uvas<\/h2>\n<\/a><a href=\"https:\/\/peitrade.com\/pt-br\/product\/uvas\/\" aria-describedby=\"woocommerce_loop_add_to_cart_link_describedby_7561\" data-quantity=\"1\" class=\"button product_type_simple\" data-product_id=\"7561\" data-product_sku=\"80610\" aria-label=\"Leia mais sobre &ldquo;Uvas&rdquo;\" rel=\"nofollow\" data-success_message=\"\">Leia mais<\/a>\t<span id=\"woocommerce_loop_add_to_cart_link_describedby_7561\" class=\"screen-reader-text\">\n\t\t\t<\/span>\n<\/li>\n<\/ul>\n<\/div><\/div>\n<\/div>\n<\/section>\n<p><!-- Se\u00e7\u00e3o: Temporada e Informa\u00e7\u00f5es de Exporta\u00e7\u00e3o --><\/p>\n<section class=\"section\" style=\"padding: 50px 20px; background-color: #f0f0f0;\">\n<div class=\"container\">\n<h2>Temporada de Manga Eg\u00edpcia &amp; Disponibilidade Global<\/h2>\n<p>A temporada de manga no Egito se estende de junho a setembro, abrangendo um amplo per\u00edodo de colheita. Nossa equipe de exporta\u00e7\u00e3o alinha os embarques com o pico de frescor para garantir o melhor timing para o seu mercado.<\/p>\n<h2>Embalagem Pronta para Exporta\u00e7\u00e3o &amp; Alcance Global<\/h2>\n<p>Como um dos principais exportadores de manga eg\u00edpcia, a PEI Trade fornece embalagens prontas para varejo, op\u00e7\u00f5es a granel e documenta\u00e7\u00e3o completa de exporta\u00e7\u00e3o. Esteja voc\u00ea na Europa, no Golfo ou no Sudeste Asi\u00e1tico, entregamos mangas frescas do Egito diretamente da fazenda ao mercado.<\/p>\n<p style=\"text-align: center; margin-top: 40px;\"><a class=\"button primary large\" href=\"\/contact\">Fa\u00e7a Seu Pedido Agora<\/a><\/p>\n<\/div>\n<\/section>\n<p><!-- Se\u00e7\u00e3o de Perguntas Frequentes --><\/p>\n<section class=\"section\" style=\"padding: 50px 20px; background-color: #f9f9f9;\">\n<div class=\"container\">\n<h2>Perguntas Frequentes<\/h2>\n<div>\n<div>\n<h3>Quando \u00e9 a temporada de manga no Egito?<\/h3>\n<div>A temporada de manga no Egito geralmente vai de junho a setembro, com algumas variedades precoces e tardias dispon\u00edveis ligeiramente fora desse per\u00edodo. Alinhamos os embarques com os per\u00edodos de colheita para garantir frescor ideal.<\/div>\n<\/div>\n<div>\n<h3>Quais variedades de manga a PEI Trade exporta?<\/h3>\n<div>Exportamos variedades premium como Keitt, Ewais, Zebda, Alphonso e outros tipos de manga no Egito. Todas as nossas variedades s\u00e3o selecionadas manualmente com base no sabor, vida \u00fatil e demanda internacional.<\/div>\n<\/div>\n<div>\n<h3>Voc\u00eas fornecem embalagens personalizadas para exporta\u00e7\u00e3o?<\/h3>\n<div>Sim, a PEI Trade oferece op\u00e7\u00f5es de embalagem flex\u00edveis para pedidos de varejo e atacado, incluindo caixas com marca, pesos l\u00edquidos e rotulagem em conformidade com os regulamentos do pa\u00eds de destino.<\/div>\n<\/div>\n<div>\n<h3>Como voc\u00eas garantem que as mangas permane\u00e7am frescas durante o transporte?<\/h3>\n<div>Utilizamos log\u00edstica de cadeia de frio para manter a temperatura adequada desde nossas fazendas at\u00e9 o seu porto. Isso inclui pr\u00e9-resfriamento, cont\u00eaineres refrigerados e carregamento cuidadoso para preservar a qualidade da fruta durante toda a jornada.<\/div>\n<\/div>\n<div>\n<h3>Para quais pa\u00edses voc\u00eas exportam mangas?<\/h3>\n<div>Exportamos para uma ampla gama de pa\u00edses na Europa, GCC (incluindo Emirados \u00c1rabes Unidos e Ar\u00e1bia Saudita), Sudeste Asi\u00e1tico e Norte da \u00c1frica. Como um confi\u00e1vel atacadista de manga eg\u00edpcia, estamos prontos para expandir para novos mercados com base na demanda dos compradores.<\/div>\n<\/div>\n<\/div>\n<\/div>\n<\/section>\n","protected":false},"excerpt":{"rendered":"<p>Manga Keitt Egito Premium \u2013 Variedades de Manga Eg\u00edpcia da PEI Trade Experimente a qualidade excepcional da manga Keitt Egito, uma das principais variedades de manga eg\u00edpcia cultivadas nas f\u00e9rteis regi\u00f5es do Delta do Nilo. A PEI Trade oferece uma sele\u00e7\u00e3o premium de mangas eg\u00edpcias cultivadas sob condi\u00e7\u00f5es clim\u00e1ticas ideais que aprimoram o sabor, a [&hellip;]<\/p>\n","protected":false},"author":1,"featured_media":0,"parent":0,"menu_order":0,"comment_status":"closed","ping_status":"closed","template":"","meta":{"footnotes":""},"class_list":["post-5300","page","type-page","status-publish","hentry"],"blocksy_meta":[],"mb":[],"featured_image_urls_v2":{"full":"","thumbnail":"","medium":"","medium_large":"","large":"","1536x1536":"","2048x2048":"","woocommerce_archive_thumbnail":"","woocommerce_thumbnail":"","woocommerce_single":"","woocommerce_gallery_thumbnail":""},"post_excerpt_stackable_v2":"<p>Manga Keitt Egito Premium \u2013 Variedades de Manga Eg\u00edpcia da PEI Trade Experimente a qualidade excepcional da manga Keitt Egito, uma das principais variedades de manga eg\u00edpcia cultivadas nas f\u00e9rteis regi\u00f5es do Delta do Nilo. A PEI Trade oferece uma sele\u00e7\u00e3o premium de mangas eg\u00edpcias cultivadas sob condi\u00e7\u00f5es clim\u00e1ticas ideais que aprimoram o sabor, a textura e a vida \u00fatil. Desde a mundialmente apreciada manga Keitt Egito at\u00e9 a arom\u00e1tica Ewais e a robusta Zebda, nosso portf\u00f3lio apresenta os melhores tipos de manga no Egito. Garantimos que cada fruta seja colhida manualmente no auge da matura\u00e7\u00e3o, manuseada com cuidado e&hellip;<\/p>\n","category_list_v2":"","author_info_v2":{"name":"Mostafa Sabry","url":"https:\/\/peitrade.com\/pt-br\/author\/emostafaadel_jn8gcqbo\/"},"comments_num_v2":"0 coment\u00e1rio","mfb_rest_fields":["title","blocksy_meta","featured_image_urls_v2","post_excerpt_stackable_v2","category_list_v2","author_info_v2","comments_num_v2"],"_links":{"self":[{"href":"https:\/\/peitrade.com\/pt-br\/wp-json\/wp\/v2\/pages\/5300","targetHints":{"allow":["GET"]}}],"collection":[{"href":"https:\/\/peitrade.com\/pt-br\/wp-json\/wp\/v2\/pages"}],"about":[{"href":"https:\/\/peitrade.com\/pt-br\/wp-json\/wp\/v2\/types\/page"}],"author":[{"embeddable":true,"href":"https:\/\/peitrade.com\/pt-br\/wp-json\/wp\/v2\/users\/1"}],"replies":[{"embeddable":true,"href":"https:\/\/peitrade.com\/pt-br\/wp-json\/wp\/v2\/comments?post=5300"}],"version-history":[{"count":1,"href":"https:\/\/peitrade.com\/pt-br\/wp-json\/wp\/v2\/pages\/5300\/revisions"}],"predecessor-version":[{"id":5301,"href":"https:\/\/peitrade.com\/pt-br\/wp-json\/wp\/v2\/pages\/5300\/revisions\/5301"}],"wp:attachment":[{"href":"https:\/\/peitrade.com\/pt-br\/wp-json\/wp\/v2\/media?parent=5300"}],"curies":[{"name":"wp","href":"https:\/\/api.w.org\/{rel}","templated":true}]}}