{"id":5401,"date":"2025-05-16T06:29:46","date_gmt":"2025-05-16T06:29:46","guid":{"rendered":"http:\/\/46.224.74.15\/limoes-egipcios-frescos-para-exportacao\/"},"modified":"2025-11-19T16:44:09","modified_gmt":"2025-11-19T16:44:09","slug":"limoes-egipcios-frescos-para-exportacao","status":"publish","type":"page","link":"https:\/\/peitrade.com\/pt-br\/limoes-egipcios-frescos-para-exportacao\/","title":{"rendered":"Lim\u00f5es Eg\u00edpcios Frescos para Exporta\u00e7\u00e3o \u2013 Seguros e Certificados pela PEI Trade"},"content":{"rendered":"<section style=\"padding: 60px 20px; background-color: #f9f9f9;\">\n<div class=\"container\">\n<h1>Lim\u00f5es Eg\u00edpcios Frescos para Exporta\u00e7\u00e3o \u2013 Seguros e Certificados pela PEI Trade<\/h1>\n<p>&nbsp;<\/p>\n<p>A PEI Trade \u00e9 uma exportadora confi\u00e1vel de lim\u00f5es no Egito, fornecendo lim\u00f5es org\u00e2nicos eg\u00edpcios certificados, cultivados nos solos ricos em nutrientes do Delta do Nilo. Cultivados sem produtos qu\u00edmicos sint\u00e9ticos e colhidos no ponto ideal de matura\u00e7\u00e3o, nossos lim\u00f5es s\u00e3o processados sob rigorosos padr\u00f5es de qualidade para garantir sabor superior, seguran\u00e7a alimentar e total conformidade com as regulamenta\u00e7\u00f5es internacionais.<\/p>\n<p>Para importadores, distribuidores e compradores no atacado que procuram uma empresa confi\u00e1vel de exporta\u00e7\u00e3o de lim\u00f5es no Egito, a PEI Trade oferece uma cadeia de suprimentos consistente, com rastreabilidade completa, log\u00edstica eficiente e integridade do produto do campo ao embarque.<\/p>\n<\/div>\n<\/section>\n<div class=\"wp-block-woocommerce-product-collection\"><div class=\"woocommerce columns-4 \"><ul class=\"products columns-4\" data-products=\"type-2\">\n<li class=\"product type-product post-7437 status-publish first instock product_cat-in-season product_cat-fruits has-post-thumbnail shipping-taxable product-type-simple\">\n\t<a href=\"https:\/\/peitrade.com\/pt-br\/product\/laranjas\/\" class=\"woocommerce-LoopProduct-link woocommerce-loop-product__link\"><img decoding=\"async\" width=\"300\" height=\"300\" src=\"https:\/\/peitrade.com\/wp-content\/uploads\/2025\/11\/Egyptian-Oranges-300x300.webp\" class=\"attachment-woocommerce_thumbnail size-woocommerce_thumbnail\" alt=\"\u0635\u0627\u062f\u0631\u0627\u062a \u0627\u0644\u0628\u0631\u062a\u0642\u0627\u0644 \u0627\u0644\u0645\u0635\u0631\u064a \u0625\u0644\u0649 \u0643\u0646\u062f\u0627 \u062a\u0633\u062c\u0644 \u0631\u0642\u0645\u0627\u064b \u0642\u064a\u0627\u0633\u064a\u0627\u064b \u0641\u064a 2025\" srcset=\"https:\/\/peitrade.com\/wp-content\/uploads\/2025\/11\/Egyptian-Oranges-300x300.webp 300w, https:\/\/peitrade.com\/wp-content\/uploads\/2025\/11\/Egyptian-Oranges-150x150.webp 150w, https:\/\/peitrade.com\/wp-content\/uploads\/2025\/11\/Egyptian-Oranges-768x768.webp 768w, https:\/\/peitrade.com\/wp-content\/uploads\/2025\/11\/Egyptian-Oranges-600x600.webp 600w, https:\/\/peitrade.com\/wp-content\/uploads\/2025\/11\/Egyptian-Oranges-100x100.webp 100w, https:\/\/peitrade.com\/wp-content\/uploads\/2025\/11\/Egyptian-Oranges.webp 1024w\" sizes=\"(max-width: 300px) 100vw, 300px\" title=\"\"><h2 class=\"woocommerce-loop-product__title\">Laranjas<\/h2>\n<\/a><a href=\"https:\/\/peitrade.com\/pt-br\/product\/laranjas\/\" aria-describedby=\"woocommerce_loop_add_to_cart_link_describedby_7437\" data-quantity=\"1\" class=\"button product_type_simple\" data-product_id=\"7437\" data-product_sku=\"80510\" aria-label=\"Leia mais sobre &ldquo;Laranjas&rdquo;\" rel=\"nofollow\" data-success_message=\"\">Leia mais<\/a>\t<span id=\"woocommerce_loop_add_to_cart_link_describedby_7437\" class=\"screen-reader-text\">\n\t\t\t<\/span>\n<\/li>\n<li class=\"product type-product post-7516 status-publish instock product_cat-in-season product_cat-fruits has-post-thumbnail shipping-taxable product-type-simple\">\n\t<a href=\"https:\/\/peitrade.com\/pt-br\/product\/limoes\/\" class=\"woocommerce-LoopProduct-link woocommerce-loop-product__link\"><img decoding=\"async\" width=\"300\" height=\"300\" src=\"https:\/\/peitrade.com\/wp-content\/uploads\/2025\/11\/Egyptian-Lemons-300x300.webp\" class=\"attachment-woocommerce_thumbnail size-woocommerce_thumbnail\" alt=\"Lim\u00f5es\" srcset=\"https:\/\/peitrade.com\/wp-content\/uploads\/2025\/11\/Egyptian-Lemons-300x300.webp 300w, https:\/\/peitrade.com\/wp-content\/uploads\/2025\/11\/Egyptian-Lemons-150x150.webp 150w, https:\/\/peitrade.com\/wp-content\/uploads\/2025\/11\/Egyptian-Lemons-768x768.webp 768w, https:\/\/peitrade.com\/wp-content\/uploads\/2025\/11\/Egyptian-Lemons-600x600.webp 600w, https:\/\/peitrade.com\/wp-content\/uploads\/2025\/11\/Egyptian-Lemons-100x100.webp 100w, https:\/\/peitrade.com\/wp-content\/uploads\/2025\/11\/Egyptian-Lemons.webp 1024w\" sizes=\"(max-width: 300px) 100vw, 300px\" title=\"\"><h2 class=\"woocommerce-loop-product__title\">Lim\u00f5es<\/h2>\n<\/a><a href=\"https:\/\/peitrade.com\/pt-br\/product\/limoes\/\" aria-describedby=\"woocommerce_loop_add_to_cart_link_describedby_7516\" data-quantity=\"1\" class=\"button product_type_simple\" data-product_id=\"7516\" data-product_sku=\"80550\" aria-label=\"Leia mais sobre &ldquo;Lim\u00f5es&rdquo;\" rel=\"nofollow\" data-success_message=\"\">Leia mais<\/a>\t<span id=\"woocommerce_loop_add_to_cart_link_describedby_7516\" class=\"screen-reader-text\">\n\t\t\t<\/span>\n<\/li>\n<li class=\"product type-product post-7635 status-publish instock product_cat-fruits has-post-thumbnail shipping-taxable product-type-simple\">\n\t<a href=\"https:\/\/peitrade.com\/pt-br\/product\/manga\/\" class=\"woocommerce-LoopProduct-link woocommerce-loop-product__link\"><img decoding=\"async\" width=\"300\" height=\"300\" src=\"https:\/\/peitrade.com\/wp-content\/uploads\/2025\/11\/Egyption-Mango-300x300.webp\" class=\"attachment-woocommerce_thumbnail size-woocommerce_thumbnail\" alt=\"Mangoes: Egypt\u2019s Tropical Treasure\" srcset=\"https:\/\/peitrade.com\/wp-content\/uploads\/2025\/11\/Egyption-Mango-300x300.webp 300w, https:\/\/peitrade.com\/wp-content\/uploads\/2025\/11\/Egyption-Mango-150x150.webp 150w, https:\/\/peitrade.com\/wp-content\/uploads\/2025\/11\/Egyption-Mango-768x768.webp 768w, https:\/\/peitrade.com\/wp-content\/uploads\/2025\/11\/Egyption-Mango-600x600.webp 600w, https:\/\/peitrade.com\/wp-content\/uploads\/2025\/11\/Egyption-Mango-100x100.webp 100w, https:\/\/peitrade.com\/wp-content\/uploads\/2025\/11\/Egyption-Mango.webp 1024w\" sizes=\"(max-width: 300px) 100vw, 300px\" title=\"\"><h2 class=\"woocommerce-loop-product__title\">Manga<\/h2>\n<\/a><a href=\"https:\/\/peitrade.com\/pt-br\/product\/manga\/\" aria-describedby=\"woocommerce_loop_add_to_cart_link_describedby_7635\" data-quantity=\"1\" class=\"button product_type_simple\" data-product_id=\"7635\" data-product_sku=\"80450\" aria-label=\"Leia mais sobre &ldquo;Manga&rdquo;\" rel=\"nofollow\" data-success_message=\"\">Leia mais<\/a>\t<span id=\"woocommerce_loop_add_to_cart_link_describedby_7635\" class=\"screen-reader-text\">\n\t\t\t<\/span>\n<\/li>\n<li class=\"product type-product post-7650 status-publish last instock product_cat-fruits has-post-thumbnail shipping-taxable product-type-simple\">\n\t<a href=\"https:\/\/peitrade.com\/pt-br\/product\/morangos\/\" class=\"woocommerce-LoopProduct-link woocommerce-loop-product__link\"><img decoding=\"async\" width=\"300\" height=\"300\" src=\"https:\/\/peitrade.com\/wp-content\/uploads\/2025\/11\/Egyptian-Strawberries-300x300.webp\" class=\"attachment-woocommerce_thumbnail size-woocommerce_thumbnail\" alt=\"Morangos\" srcset=\"https:\/\/peitrade.com\/wp-content\/uploads\/2025\/11\/Egyptian-Strawberries-300x300.webp 300w, https:\/\/peitrade.com\/wp-content\/uploads\/2025\/11\/Egyptian-Strawberries-150x150.webp 150w, https:\/\/peitrade.com\/wp-content\/uploads\/2025\/11\/Egyptian-Strawberries-768x768.webp 768w, https:\/\/peitrade.com\/wp-content\/uploads\/2025\/11\/Egyptian-Strawberries-600x600.webp 600w, https:\/\/peitrade.com\/wp-content\/uploads\/2025\/11\/Egyptian-Strawberries-100x100.webp 100w, https:\/\/peitrade.com\/wp-content\/uploads\/2025\/11\/Egyptian-Strawberries.webp 1024w\" sizes=\"(max-width: 300px) 100vw, 300px\" title=\"\"><h2 class=\"woocommerce-loop-product__title\">Morangos<\/h2>\n<\/a><a href=\"https:\/\/peitrade.com\/pt-br\/product\/morangos\/\" aria-describedby=\"woocommerce_loop_add_to_cart_link_describedby_7650\" data-quantity=\"1\" class=\"button product_type_simple\" data-product_id=\"7650\" data-product_sku=\"81010\" aria-label=\"Leia mais sobre &ldquo;Morangos&rdquo;\" rel=\"nofollow\" data-success_message=\"\">Leia mais<\/a>\t<span id=\"woocommerce_loop_add_to_cart_link_describedby_7650\" class=\"screen-reader-text\">\n\t\t\t<\/span>\n<\/li>\n<\/ul>\n<\/div><\/div>\n<div><\/div>\n<h2 class=\"wp-block-woocommerce-product-collection\">Lim\u00f5es Org\u00e2nicos Premium do Egito \u2013 Cultivados Naturalmente, Reconhecidos Internacionalmente<\/h2>\n<p class=\"wp-block-woocommerce-product-collection\"><span style=\"font-size: 16px;\">O clima ideal do Egito para o cultivo de c\u00edtricos, aliado a pr\u00e1ticas agr\u00edcolas org\u00e2nicas, resulta em lim\u00f5es com cor vibrante, acidez equilibrada e excelente rendimento de suco. Nossas fazendas de lim\u00e3o org\u00e2nico s\u00e3o certificadas por padr\u00f5es reconhecidos globalmente, incluindo as certifica\u00e7\u00f5es EU Organic e USDA Organic.<\/span><\/p>\n<p class=\"wp-block-woocommerce-product-collection\">Cada lim\u00e3o \u00e9 cultivado sem pesticidas ou fertilizantes sint\u00e9ticos, garantindo um produto limpo, adequado para varejo, processamento e mercados voltados \u00e0 sa\u00fade.<\/p>\n<h2 data-start=\"1432\" data-end=\"1493\"><strong data-start=\"1436\" data-end=\"1493\">Por Que Escolher a PEI Trade como Sua Exportadora de Lim\u00f5es no Egito?<\/strong><\/h2>\n<h3 data-start=\"1495\" data-end=\"1532\"><strong data-start=\"1500\" data-end=\"1532\">1. Qualidade Org\u00e2nica Certificada<\/strong><\/h3>\n<p class=\"\" data-start=\"1533\" data-end=\"1779\">A PEI Trade trabalha com fazendas org\u00e2nicas certificadas em todo o Egito. Cada safra \u00e9 monitorada quanto \u00e0 conformidade com os padr\u00f5es internacionais de agricultura org\u00e2nica. Mantemos documenta\u00e7\u00e3o completa e certifica\u00e7\u00f5es de terceiros para garantir transpar\u00eancia e responsabilidade.<\/p>\n<h3 data-start=\"1781\" data-end=\"1820\"><strong data-start=\"1786\" data-end=\"1820\">2. Sabor e Apar\u00eancia Superiores<\/strong><\/h3>\n<p class=\"\" data-start=\"1821\" data-end=\"1852\">Nossos lim\u00f5es s\u00e3o reconhecidos por:<\/p>\n<ul>\n<li data-start=\"1855\" data-end=\"1873\">Alto rendimento de suco<\/li>\n<li data-start=\"1876\" data-end=\"1905\">Aroma c\u00edtrico e limpo<\/li>\n<li data-start=\"1908\" data-end=\"1929\">Casca amarela vibrante<\/li>\n<li data-start=\"1932\" data-end=\"1966\">Textura firme e longa vida \u00fatil<\/li>\n<\/ul>\n<p class=\"\" data-start=\"1968\" data-end=\"1987\">Eles s\u00e3o ideais para:<\/p>\n<ul>\n<li data-start=\"1990\" data-end=\"2009\">Consumo in natura<\/li>\n<li data-start=\"2012\" data-end=\"2043\">Produ\u00e7\u00e3o de bebidas e sucos<\/li>\n<li data-start=\"2046\" data-end=\"2082\">Aplica\u00e7\u00f5es culin\u00e1rias e industriais<\/li>\n<\/ul>\n<h3 data-start=\"2084\" data-end=\"2116\"><strong data-start=\"2089\" data-end=\"2116\">3. Seguran\u00e7a Livre de Qu\u00edmicos<\/strong><\/h3>\n<p class=\"\" data-start=\"2117\" data-end=\"2254\">Os lim\u00f5es org\u00e2nicos da PEI est\u00e3o livres de res\u00edduos nocivos, tornando-se uma escolha confi\u00e1vel para compradores que priorizam seguran\u00e7a alimentar e rotulagem limpa.<\/p>\n<h3 class=\"\" data-start=\"2261\" data-end=\"2322\"><strong data-start=\"2265\" data-end=\"2322\">Pr\u00e1ticas de Exporta\u00e7\u00e3o Confi\u00e1veis e Alinhadas aos Padr\u00f5es Globais<\/strong><\/h3>\n<p class=\"\" data-start=\"2324\" data-end=\"2419\">Como uma <strong data-start=\"2337\" data-end=\"2370\">empresa exportadora de lim\u00f5es no Egito<\/strong>, a PEI Trade gerencia toda a log\u00edstica com precis\u00e3o:<\/p>\n<ul>\n<li data-start=\"2422\" data-end=\"2450\">Pr\u00e9-resfriamento e armazenamento refrigerado<\/li>\n<li data-start=\"2453\" data-end=\"2500\">Embalagens para exporta\u00e7\u00e3o em formatos varejistas e a granel<\/li>\n<li data-start=\"2503\" data-end=\"2556\">Transporte com temperatura controlada para manter a frescura<\/li>\n<li data-start=\"2559\" data-end=\"2611\">Total conformidade com as normas do pa\u00eds de destino<\/li>\n<\/ul>\n<p class=\"\" data-start=\"2613\" data-end=\"2763\">Exportamos para Europa, Golfo (EAU, Ar\u00e1bia Saudita), Sudeste Asi\u00e1tico e Norte da \u00c1frica. A PEI tamb\u00e9m est\u00e1 aberta a desenvolver novas parcerias de mercado em todo o mundo.<\/p>\n<p>Nossa experi\u00eancia na cadeia de suprimento de lim\u00f5es \u00e9 respaldada por d\u00e9cadas de atua\u00e7\u00e3o no com\u00e9rcio exterior. Como uma das principais exportadoras de lim\u00f5es que o Egito oferece, a PEI Trade trabalha em estreita colabora\u00e7\u00e3o com agricultores, agr\u00f4nomos e equipes de log\u00edstica para garantir que cada envio atenda \u00e0s expectativas dos compradores globais \u2014 tanto em qualidade do produto quanto em confiabilidade na entrega.<\/p>\n<section style=\"padding: 50px 20px; background-color: #f0f0f0;\">\n<div class=\"container\">\n<h2>Rastreabilidade do Campo ao Porto<\/h2>\n<p>Da colheita ao embarque, cada lim\u00e3o pode ser rastreado at\u00e9 sua origem. A PEI Trade implementa sistemas digitais de rastreabilidade para garantir conformidade e aumentar a confian\u00e7a dos compradores. Nossas equipes de controle de qualidade supervisionam a classifica\u00e7\u00e3o, embalagem e documenta\u00e7\u00e3o de cada lote.<\/p>\n<h3 class=\"\" data-start=\"3069\" data-end=\"3115\"><strong data-start=\"3073\" data-end=\"3115\">Temporada de Exporta\u00e7\u00e3o de Lim\u00f5es Org\u00e2nicos do Egito<\/strong><\/h3>\n<p class=\"\" data-start=\"3117\" data-end=\"3339\">A temporada eg\u00edpcia de lim\u00f5es geralmente ocorre de <strong data-start=\"3163\" data-end=\"3187\">dezembro a maio<\/strong>, com varia\u00e7\u00f5es conforme as variedades e zonas de cultivo. Para volumes org\u00e2nicos, recomendamos coordena\u00e7\u00e3o antecipada devido \u00e0 oferta certificada limitada.<\/p>\n<p style=\"text-align: center; margin-top: 40px;\"><a class=\"button primary large\" href=\"\/contact\">Fa\u00e7a Seu Pedido<\/a><\/p>\n<\/div>\n<\/section>\n<section style=\"padding: 50px 20px;\">\n<div class=\"container\">\n<h2>Outros Produtos Frescos do Egito<\/h2>\n<p>&nbsp;<\/p>\n<p>Al\u00e9m dos lim\u00f5es, a PEI Trade fornece uvas, mangas e rom\u00e3s eg\u00edpcias. Suportamos programas sazonais e contratos de importa\u00e7\u00e3o de longo prazo. <a href=\"\/about\">Saiba mais sobre nossos servi\u00e7os de exporta\u00e7\u00e3o<\/a>.<\/p>\n<div class=\"wp-block-woocommerce-product-collection\"><div class=\"woocommerce columns-4 \"><ul class=\"products columns-4\" data-products=\"type-2\">\n<li class=\"product type-product post-7567 status-publish first instock product_cat-in-season product_cat-fruits has-post-thumbnail shipping-taxable product-type-simple\">\n\t<a href=\"https:\/\/peitrade.com\/pt-br\/product\/goiaba\/\" class=\"woocommerce-LoopProduct-link woocommerce-loop-product__link\"><img decoding=\"async\" width=\"300\" height=\"300\" src=\"https:\/\/peitrade.com\/wp-content\/uploads\/2025\/11\/Egyptian-Guava-300x300.webp\" class=\"attachment-woocommerce_thumbnail size-woocommerce_thumbnail\" alt=\"Egyptian Guava\" srcset=\"https:\/\/peitrade.com\/wp-content\/uploads\/2025\/11\/Egyptian-Guava-300x300.webp 300w, https:\/\/peitrade.com\/wp-content\/uploads\/2025\/11\/Egyptian-Guava-150x150.webp 150w, https:\/\/peitrade.com\/wp-content\/uploads\/2025\/11\/Egyptian-Guava-768x768.webp 768w, https:\/\/peitrade.com\/wp-content\/uploads\/2025\/11\/Egyptian-Guava-600x600.webp 600w, https:\/\/peitrade.com\/wp-content\/uploads\/2025\/11\/Egyptian-Guava-100x100.webp 100w, https:\/\/peitrade.com\/wp-content\/uploads\/2025\/11\/Egyptian-Guava.webp 1024w\" sizes=\"(max-width: 300px) 100vw, 300px\" title=\"\"><h2 class=\"woocommerce-loop-product__title\">Goiaba<\/h2>\n<\/a><a href=\"https:\/\/peitrade.com\/pt-br\/product\/goiaba\/\" aria-describedby=\"woocommerce_loop_add_to_cart_link_describedby_7567\" data-quantity=\"1\" class=\"button product_type_simple\" data-product_id=\"7567\" data-product_sku=\"80451\" aria-label=\"Leia mais sobre &ldquo;Goiaba&rdquo;\" rel=\"nofollow\" data-success_message=\"\">Leia mais<\/a>\t<span id=\"woocommerce_loop_add_to_cart_link_describedby_7567\" class=\"screen-reader-text\">\n\t\t\t<\/span>\n<\/li>\n<li class=\"product type-product post-7635 status-publish instock product_cat-fruits has-post-thumbnail shipping-taxable product-type-simple\">\n\t<a href=\"https:\/\/peitrade.com\/pt-br\/product\/manga\/\" class=\"woocommerce-LoopProduct-link woocommerce-loop-product__link\"><img decoding=\"async\" width=\"300\" height=\"300\" src=\"https:\/\/peitrade.com\/wp-content\/uploads\/2025\/11\/Egyption-Mango-300x300.webp\" class=\"attachment-woocommerce_thumbnail size-woocommerce_thumbnail\" alt=\"Mangoes: Egypt\u2019s Tropical Treasure\" srcset=\"https:\/\/peitrade.com\/wp-content\/uploads\/2025\/11\/Egyption-Mango-300x300.webp 300w, https:\/\/peitrade.com\/wp-content\/uploads\/2025\/11\/Egyption-Mango-150x150.webp 150w, https:\/\/peitrade.com\/wp-content\/uploads\/2025\/11\/Egyption-Mango-768x768.webp 768w, https:\/\/peitrade.com\/wp-content\/uploads\/2025\/11\/Egyption-Mango-600x600.webp 600w, https:\/\/peitrade.com\/wp-content\/uploads\/2025\/11\/Egyption-Mango-100x100.webp 100w, https:\/\/peitrade.com\/wp-content\/uploads\/2025\/11\/Egyption-Mango.webp 1024w\" sizes=\"(max-width: 300px) 100vw, 300px\" title=\"\"><h2 class=\"woocommerce-loop-product__title\">Manga<\/h2>\n<\/a><a href=\"https:\/\/peitrade.com\/pt-br\/product\/manga\/\" aria-describedby=\"woocommerce_loop_add_to_cart_link_describedby_7635\" data-quantity=\"1\" class=\"button product_type_simple\" data-product_id=\"7635\" data-product_sku=\"80450\" aria-label=\"Leia mais sobre &ldquo;Manga&rdquo;\" rel=\"nofollow\" data-success_message=\"\">Leia mais<\/a>\t<span id=\"woocommerce_loop_add_to_cart_link_describedby_7635\" class=\"screen-reader-text\">\n\t\t\t<\/span>\n<\/li>\n<li class=\"product type-product post-7734 status-publish instock product_cat-fruits has-post-thumbnail shipping-taxable product-type-simple\">\n\t<a href=\"https:\/\/peitrade.com\/pt-br\/product\/roma\/\" class=\"woocommerce-LoopProduct-link woocommerce-loop-product__link\"><img decoding=\"async\" width=\"300\" height=\"300\" src=\"https:\/\/peitrade.com\/wp-content\/uploads\/2025\/11\/Egyptian-Pomegranate-300x300.webp\" class=\"attachment-woocommerce_thumbnail size-woocommerce_thumbnail\" alt=\"Pomegranates: The Superfruit Appeal\" srcset=\"https:\/\/peitrade.com\/wp-content\/uploads\/2025\/11\/Egyptian-Pomegranate-300x300.webp 300w, https:\/\/peitrade.com\/wp-content\/uploads\/2025\/11\/Egyptian-Pomegranate-150x150.webp 150w, https:\/\/peitrade.com\/wp-content\/uploads\/2025\/11\/Egyptian-Pomegranate-768x768.webp 768w, https:\/\/peitrade.com\/wp-content\/uploads\/2025\/11\/Egyptian-Pomegranate-600x600.webp 600w, https:\/\/peitrade.com\/wp-content\/uploads\/2025\/11\/Egyptian-Pomegranate-100x100.webp 100w, https:\/\/peitrade.com\/wp-content\/uploads\/2025\/11\/Egyptian-Pomegranate.webp 1024w\" sizes=\"(max-width: 300px) 100vw, 300px\" title=\"\"><h2 class=\"woocommerce-loop-product__title\">Rom\u00e3<\/h2>\n<\/a><a href=\"https:\/\/peitrade.com\/pt-br\/product\/roma\/\" aria-describedby=\"woocommerce_loop_add_to_cart_link_describedby_7734\" data-quantity=\"1\" class=\"button product_type_simple\" data-product_id=\"7734\" data-product_sku=\"81090\" aria-label=\"Leia mais sobre &ldquo;Rom\u00e3&rdquo;\" rel=\"nofollow\" data-success_message=\"\">Leia mais<\/a>\t<span id=\"woocommerce_loop_add_to_cart_link_describedby_7734\" class=\"screen-reader-text\">\n\t\t\t<\/span>\n<\/li>\n<li class=\"product type-product post-7561 status-publish last instock product_cat-fruits has-post-thumbnail shipping-taxable product-type-simple\">\n\t<a href=\"https:\/\/peitrade.com\/pt-br\/product\/uvas\/\" class=\"woocommerce-LoopProduct-link woocommerce-loop-product__link\"><img decoding=\"async\" width=\"300\" height=\"300\" src=\"https:\/\/peitrade.com\/wp-content\/uploads\/2025\/11\/Egyptian-Grapes-300x300.webp\" class=\"attachment-woocommerce_thumbnail size-woocommerce_thumbnail\" alt=\"Grapes: A Rising Star\" srcset=\"https:\/\/peitrade.com\/wp-content\/uploads\/2025\/11\/Egyptian-Grapes-300x300.webp 300w, https:\/\/peitrade.com\/wp-content\/uploads\/2025\/11\/Egyptian-Grapes-150x150.webp 150w, https:\/\/peitrade.com\/wp-content\/uploads\/2025\/11\/Egyptian-Grapes-768x768.webp 768w, https:\/\/peitrade.com\/wp-content\/uploads\/2025\/11\/Egyptian-Grapes-600x600.webp 600w, https:\/\/peitrade.com\/wp-content\/uploads\/2025\/11\/Egyptian-Grapes-100x100.webp 100w, https:\/\/peitrade.com\/wp-content\/uploads\/2025\/11\/Egyptian-Grapes.webp 1024w\" sizes=\"(max-width: 300px) 100vw, 300px\" title=\"\"><h2 class=\"woocommerce-loop-product__title\">Uvas<\/h2>\n<\/a><a href=\"https:\/\/peitrade.com\/pt-br\/product\/uvas\/\" aria-describedby=\"woocommerce_loop_add_to_cart_link_describedby_7561\" data-quantity=\"1\" class=\"button product_type_simple\" data-product_id=\"7561\" data-product_sku=\"80610\" aria-label=\"Leia mais sobre &ldquo;Uvas&rdquo;\" rel=\"nofollow\" data-success_message=\"\">Leia mais<\/a>\t<span id=\"woocommerce_loop_add_to_cart_link_describedby_7561\" class=\"screen-reader-text\">\n\t\t\t<\/span>\n<\/li>\n<\/ul>\n<\/div><\/div>\n<\/div>\n<\/section>\n<section style=\"padding: 50px 20px; background-color: #f9f9f9;\">\n<div class=\"container\">\n<h2>Perguntas Frequentes<\/h2>\n<div>\n<h3>Quando \u00e9 a temporada de exporta\u00e7\u00e3o de lim\u00f5es org\u00e2nicos no Egito?<\/h3>\n<p>A temporada principal vai de dezembro a maio, dependendo da regi\u00e3o e da variedade. Recomendamos coordena\u00e7\u00e3o antecipada para volumes org\u00e2nicos devido \u00e0 oferta certificada limitada.<\/p>\n<h3>Quais formatos de embalagem voc\u00eas oferecem?<\/h3>\n<p>Oferecemos formatos tanto a granel quanto prontos para varejo, incluindo caixas para exporta\u00e7\u00e3o, sacos de rede e rotulagem personalizada conforme exig\u00eancias do pa\u00eds de destino.<\/p>\n<h3>Para quais mercados voc\u00eas exportam?<\/h3>\n<p>Atualmente exportamos para Europa, Golfo (EAU, Ar\u00e1bia Saudita), Sudeste Asi\u00e1tico e Norte da \u00c1frica, com capacidade de expans\u00e3o para novas regi\u00f5es mediante solicita\u00e7\u00e3o.<\/p>\n<h3>Como voc\u00eas garantem a frescura dos lim\u00f5es durante o transporte?<\/h3>\n<p>Utilizamos log\u00edstica de cadeia fria, incluindo pr\u00e9-resfriamento, armazenamento refrigerado e cont\u00eaineres com temperatura controlada para preservar a qualidade dos lim\u00f5es durante o transporte internacional.<\/p>\n<h3>Posso rastrear a origem dos lim\u00f5es que compro?<\/h3>\n<p>Sim. Cada envio \u00e9 suportado por sistemas digitais de rastreabilidade, permitindo visibilidade total do campo ao porto.<\/p>\n<h3>Como posso solicitar pre\u00e7os ou disponibilidade?<\/h3>\n<p>Entre em contato com nossa equipe de exporta\u00e7\u00e3o para receber um or\u00e7amento personalizado com base no destino, tipo de embalagem e volume do pedido. Reservas antecipadas s\u00e3o recomendadas para melhor disponibilidade.<\/p>\n<\/div>\n<\/div>\n<\/section>\n","protected":false},"excerpt":{"rendered":"<p>Lim\u00f5es Eg\u00edpcios Frescos para Exporta\u00e7\u00e3o \u2013 Seguros e Certificados pela PEI Trade &nbsp; A PEI Trade \u00e9 uma exportadora confi\u00e1vel de lim\u00f5es no Egito, fornecendo lim\u00f5es org\u00e2nicos eg\u00edpcios certificados, cultivados nos solos ricos em nutrientes do Delta do Nilo. Cultivados sem produtos qu\u00edmicos sint\u00e9ticos e colhidos no ponto ideal de matura\u00e7\u00e3o, nossos lim\u00f5es s\u00e3o processados [&hellip;]<\/p>\n","protected":false},"author":1,"featured_media":0,"parent":0,"menu_order":0,"comment_status":"closed","ping_status":"closed","template":"","meta":{"footnotes":""},"class_list":["post-5401","page","type-page","status-publish","hentry"],"blocksy_meta":[],"mb":[],"featured_image_urls_v2":{"full":"","thumbnail":"","medium":"","medium_large":"","large":"","1536x1536":"","2048x2048":"","woocommerce_archive_thumbnail":"","woocommerce_thumbnail":"","woocommerce_single":"","woocommerce_gallery_thumbnail":""},"post_excerpt_stackable_v2":"<p>Lim\u00f5es Eg\u00edpcios Frescos para Exporta\u00e7\u00e3o \u2013 Seguros e Certificados pela PEI Trade &nbsp; A PEI Trade \u00e9 uma exportadora confi\u00e1vel de lim\u00f5es no Egito, fornecendo lim\u00f5es org\u00e2nicos eg\u00edpcios certificados, cultivados nos solos ricos em nutrientes do Delta do Nilo. Cultivados sem produtos qu\u00edmicos sint\u00e9ticos e colhidos no ponto ideal de matura\u00e7\u00e3o, nossos lim\u00f5es s\u00e3o processados sob rigorosos padr\u00f5es de qualidade para garantir sabor superior, seguran\u00e7a alimentar e total conformidade com as regulamenta\u00e7\u00f5es internacionais. Para importadores, distribuidores e compradores no atacado que procuram uma empresa confi\u00e1vel de exporta\u00e7\u00e3o de lim\u00f5es no Egito, a PEI Trade oferece uma cadeia de suprimentos consistente,&hellip;<\/p>\n","category_list_v2":"","author_info_v2":{"name":"Mostafa Sabry","url":"https:\/\/peitrade.com\/pt-br\/author\/emostafaadel_jn8gcqbo\/"},"comments_num_v2":"0 coment\u00e1rio","mfb_rest_fields":["title","blocksy_meta","featured_image_urls_v2","post_excerpt_stackable_v2","category_list_v2","author_info_v2","comments_num_v2"],"_links":{"self":[{"href":"https:\/\/peitrade.com\/pt-br\/wp-json\/wp\/v2\/pages\/5401","targetHints":{"allow":["GET"]}}],"collection":[{"href":"https:\/\/peitrade.com\/pt-br\/wp-json\/wp\/v2\/pages"}],"about":[{"href":"https:\/\/peitrade.com\/pt-br\/wp-json\/wp\/v2\/types\/page"}],"author":[{"embeddable":true,"href":"https:\/\/peitrade.com\/pt-br\/wp-json\/wp\/v2\/users\/1"}],"replies":[{"embeddable":true,"href":"https:\/\/peitrade.com\/pt-br\/wp-json\/wp\/v2\/comments?post=5401"}],"version-history":[{"count":1,"href":"https:\/\/peitrade.com\/pt-br\/wp-json\/wp\/v2\/pages\/5401\/revisions"}],"predecessor-version":[{"id":5402,"href":"https:\/\/peitrade.com\/pt-br\/wp-json\/wp\/v2\/pages\/5401\/revisions\/5402"}],"wp:attachment":[{"href":"https:\/\/peitrade.com\/pt-br\/wp-json\/wp\/v2\/media?parent=5401"}],"curies":[{"name":"wp","href":"https:\/\/api.w.org\/{rel}","templated":true}]}}