{"id":5483,"date":"2025-05-15T08:45:56","date_gmt":"2025-05-15T08:45:56","guid":{"rendered":"http:\/\/46.224.74.15\/uvas-egipcias-organicas\/"},"modified":"2025-11-19T16:44:34","modified_gmt":"2025-11-19T16:44:34","slug":"uvas-egipcias-organicas","status":"publish","type":"page","link":"https:\/\/peitrade.com\/pt-br\/uvas-egipcias-organicas\/","title":{"rendered":"Uvas Eg\u00edpcias Org\u00e2nicas para Exporta\u00e7\u00e3o \u2013 Qualidade Premium da PEI Trade"},"content":{"rendered":"<section class=\"section\" style=\"padding: 60px 20px; background-color: #f9f9f9;\">\n<div class=\"container\">\n<h1>Uvas Eg\u00edpcias Org\u00e2nicas para Exporta\u00e7\u00e3o \u2013 Qualidade Premium da PEI Trade<\/h1>\n<p>Procurando por uvas eg\u00edpcias org\u00e2nicas de alta qualidade para exporta\u00e7\u00e3o? A PEI Trade oferece uvas frescas e saborosas cultivadas nas f\u00e9rteis terras do Delta do Nilo. Nossas uvas org\u00e2nicas s\u00e3o cultivadas com pr\u00e1ticas sustent\u00e1veis e atendem aos rigorosos padr\u00f5es dos mercados internacionais.<\/p>\n<p>Desde uvas pretas sem sementes do Egito at\u00e9 uvas verdes eg\u00edpcias, oferecemos variedades premium ideais para supermercados, atacadistas e distribuidores em todo o mundo. Como um dos principais exportadores de uvas do Egito, garantimos que cada cacho seja selecionado manualmente por sua do\u00e7ura, firmeza e qualidade de exporta\u00e7\u00e3o.<\/p>\n<p>Com a PEI Trade, voc\u00ea obt\u00e9m mais do que apenas produtos frescos. Voc\u00ea ganha um parceiro confi\u00e1vel comprometido com fornecimento consistente, documenta\u00e7\u00e3o completa de exporta\u00e7\u00e3o e log\u00edstica eficiente. Se voc\u00ea est\u00e1 importando para varejo, processamento ou atacado, nossas uvas sem sementes eg\u00edpcias s\u00e3o a escolha perfeita para o seu mercado.<\/p>\n<\/div>\n<\/section>\n<p><!-- Bloco de Produtos WooCommerce 1 --><\/p>\n<div class=\"wp-block-woocommerce-product-collection\"><div class=\"woocommerce columns-4 \"><ul class=\"products columns-4\" data-products=\"type-2\">\n<li class=\"product type-product post-7516 status-publish first instock product_cat-in-season product_cat-fruits has-post-thumbnail shipping-taxable product-type-simple\">\n\t<a href=\"https:\/\/peitrade.com\/pt-br\/product\/limoes\/\" class=\"woocommerce-LoopProduct-link woocommerce-loop-product__link\"><img decoding=\"async\" width=\"300\" height=\"300\" src=\"https:\/\/peitrade.com\/wp-content\/uploads\/2025\/11\/Egyptian-Lemons-300x300.webp\" class=\"attachment-woocommerce_thumbnail size-woocommerce_thumbnail\" alt=\"Lim\u00f5es\" srcset=\"https:\/\/peitrade.com\/wp-content\/uploads\/2025\/11\/Egyptian-Lemons-300x300.webp 300w, https:\/\/peitrade.com\/wp-content\/uploads\/2025\/11\/Egyptian-Lemons-150x150.webp 150w, https:\/\/peitrade.com\/wp-content\/uploads\/2025\/11\/Egyptian-Lemons-768x768.webp 768w, https:\/\/peitrade.com\/wp-content\/uploads\/2025\/11\/Egyptian-Lemons-600x600.webp 600w, https:\/\/peitrade.com\/wp-content\/uploads\/2025\/11\/Egyptian-Lemons-100x100.webp 100w, https:\/\/peitrade.com\/wp-content\/uploads\/2025\/11\/Egyptian-Lemons.webp 1024w\" sizes=\"(max-width: 300px) 100vw, 300px\" title=\"\"><h2 class=\"woocommerce-loop-product__title\">Lim\u00f5es<\/h2>\n<\/a><a href=\"https:\/\/peitrade.com\/pt-br\/product\/limoes\/\" aria-describedby=\"woocommerce_loop_add_to_cart_link_describedby_7516\" data-quantity=\"1\" class=\"button product_type_simple\" data-product_id=\"7516\" data-product_sku=\"80550\" aria-label=\"Leia mais sobre &ldquo;Lim\u00f5es&rdquo;\" rel=\"nofollow\" data-success_message=\"\">Leia mais<\/a>\t<span id=\"woocommerce_loop_add_to_cart_link_describedby_7516\" class=\"screen-reader-text\">\n\t\t\t<\/span>\n<\/li>\n<li class=\"product type-product post-7635 status-publish instock product_cat-fruits has-post-thumbnail shipping-taxable product-type-simple\">\n\t<a href=\"https:\/\/peitrade.com\/pt-br\/product\/manga\/\" class=\"woocommerce-LoopProduct-link woocommerce-loop-product__link\"><img decoding=\"async\" width=\"300\" height=\"300\" src=\"https:\/\/peitrade.com\/wp-content\/uploads\/2025\/11\/Egyption-Mango-300x300.webp\" class=\"attachment-woocommerce_thumbnail size-woocommerce_thumbnail\" alt=\"Mangoes: Egypt\u2019s Tropical Treasure\" srcset=\"https:\/\/peitrade.com\/wp-content\/uploads\/2025\/11\/Egyption-Mango-300x300.webp 300w, https:\/\/peitrade.com\/wp-content\/uploads\/2025\/11\/Egyption-Mango-150x150.webp 150w, https:\/\/peitrade.com\/wp-content\/uploads\/2025\/11\/Egyption-Mango-768x768.webp 768w, https:\/\/peitrade.com\/wp-content\/uploads\/2025\/11\/Egyption-Mango-600x600.webp 600w, https:\/\/peitrade.com\/wp-content\/uploads\/2025\/11\/Egyption-Mango-100x100.webp 100w, https:\/\/peitrade.com\/wp-content\/uploads\/2025\/11\/Egyption-Mango.webp 1024w\" sizes=\"(max-width: 300px) 100vw, 300px\" title=\"\"><h2 class=\"woocommerce-loop-product__title\">Manga<\/h2>\n<\/a><a href=\"https:\/\/peitrade.com\/pt-br\/product\/manga\/\" aria-describedby=\"woocommerce_loop_add_to_cart_link_describedby_7635\" data-quantity=\"1\" class=\"button product_type_simple\" data-product_id=\"7635\" data-product_sku=\"80450\" aria-label=\"Leia mais sobre &ldquo;Manga&rdquo;\" rel=\"nofollow\" data-success_message=\"\">Leia mais<\/a>\t<span id=\"woocommerce_loop_add_to_cart_link_describedby_7635\" class=\"screen-reader-text\">\n\t\t\t<\/span>\n<\/li>\n<li class=\"product type-product post-7650 status-publish instock product_cat-fruits has-post-thumbnail shipping-taxable product-type-simple\">\n\t<a href=\"https:\/\/peitrade.com\/pt-br\/product\/morangos\/\" class=\"woocommerce-LoopProduct-link woocommerce-loop-product__link\"><img decoding=\"async\" width=\"300\" height=\"300\" src=\"https:\/\/peitrade.com\/wp-content\/uploads\/2025\/11\/Egyptian-Strawberries-300x300.webp\" class=\"attachment-woocommerce_thumbnail size-woocommerce_thumbnail\" alt=\"Morangos\" srcset=\"https:\/\/peitrade.com\/wp-content\/uploads\/2025\/11\/Egyptian-Strawberries-300x300.webp 300w, https:\/\/peitrade.com\/wp-content\/uploads\/2025\/11\/Egyptian-Strawberries-150x150.webp 150w, https:\/\/peitrade.com\/wp-content\/uploads\/2025\/11\/Egyptian-Strawberries-768x768.webp 768w, https:\/\/peitrade.com\/wp-content\/uploads\/2025\/11\/Egyptian-Strawberries-600x600.webp 600w, https:\/\/peitrade.com\/wp-content\/uploads\/2025\/11\/Egyptian-Strawberries-100x100.webp 100w, https:\/\/peitrade.com\/wp-content\/uploads\/2025\/11\/Egyptian-Strawberries.webp 1024w\" sizes=\"(max-width: 300px) 100vw, 300px\" title=\"\"><h2 class=\"woocommerce-loop-product__title\">Morangos<\/h2>\n<\/a><a href=\"https:\/\/peitrade.com\/pt-br\/product\/morangos\/\" aria-describedby=\"woocommerce_loop_add_to_cart_link_describedby_7650\" data-quantity=\"1\" class=\"button product_type_simple\" data-product_id=\"7650\" data-product_sku=\"81010\" aria-label=\"Leia mais sobre &ldquo;Morangos&rdquo;\" rel=\"nofollow\" data-success_message=\"\">Leia mais<\/a>\t<span id=\"woocommerce_loop_add_to_cart_link_describedby_7650\" class=\"screen-reader-text\">\n\t\t\t<\/span>\n<\/li>\n<li class=\"product type-product post-7561 status-publish last instock product_cat-fruits has-post-thumbnail shipping-taxable product-type-simple\">\n\t<a href=\"https:\/\/peitrade.com\/pt-br\/product\/uvas\/\" class=\"woocommerce-LoopProduct-link woocommerce-loop-product__link\"><img decoding=\"async\" width=\"300\" height=\"300\" src=\"https:\/\/peitrade.com\/wp-content\/uploads\/2025\/11\/Egyptian-Grapes-300x300.webp\" class=\"attachment-woocommerce_thumbnail size-woocommerce_thumbnail\" alt=\"Grapes: A Rising Star\" srcset=\"https:\/\/peitrade.com\/wp-content\/uploads\/2025\/11\/Egyptian-Grapes-300x300.webp 300w, https:\/\/peitrade.com\/wp-content\/uploads\/2025\/11\/Egyptian-Grapes-150x150.webp 150w, https:\/\/peitrade.com\/wp-content\/uploads\/2025\/11\/Egyptian-Grapes-768x768.webp 768w, https:\/\/peitrade.com\/wp-content\/uploads\/2025\/11\/Egyptian-Grapes-600x600.webp 600w, https:\/\/peitrade.com\/wp-content\/uploads\/2025\/11\/Egyptian-Grapes-100x100.webp 100w, https:\/\/peitrade.com\/wp-content\/uploads\/2025\/11\/Egyptian-Grapes.webp 1024w\" sizes=\"(max-width: 300px) 100vw, 300px\" title=\"\"><h2 class=\"woocommerce-loop-product__title\">Uvas<\/h2>\n<\/a><a href=\"https:\/\/peitrade.com\/pt-br\/product\/uvas\/\" aria-describedby=\"woocommerce_loop_add_to_cart_link_describedby_7561\" data-quantity=\"1\" class=\"button product_type_simple\" data-product_id=\"7561\" data-product_sku=\"80610\" aria-label=\"Leia mais sobre &ldquo;Uvas&rdquo;\" rel=\"nofollow\" data-success_message=\"\">Leia mais<\/a>\t<span id=\"woocommerce_loop_add_to_cart_link_describedby_7561\" class=\"screen-reader-text\">\n\t\t\t<\/span>\n<\/li>\n<\/ul>\n<\/div><\/div>\n<p><!-- Se\u00e7\u00e3o: Por que Escolher Uvas Eg\u00edpcias --><\/p>\n<section class=\"section\" style=\"padding: 50px 20px;\">\n<div class=\"container\">\n<h2>Por que os Importadores Escolhem Nossas Uvas Eg\u00edpcias Org\u00e2nicas<\/h2>\n<p>Nossas uvas eg\u00edpcias org\u00e2nicas s\u00e3o conhecidas por seu sabor rico, apar\u00eancia atraente e longa vida \u00fatil. Cultivadas sob o sol eg\u00edpcio e nutridas pelo Nilo, essas uvas s\u00e3o uma escolha natural para os mercados globais de produtos frescos.<\/p>\n<p>Na PEI Trade, oferecemos:<\/p>\n<ul>\n<li>Cultivo org\u00e2nico certificado sem res\u00edduos qu\u00edmicos<\/li>\n<li>Colheita cuidadosa, classifica\u00e7\u00e3o e armazenamento a frio<\/li>\n<li>Volumes flex\u00edveis adaptados \u00e0 sua cadeia de suprimentos<\/li>\n<\/ul>\n<p>Nossos clientes se beneficiam de:<\/p>\n<ul>\n<li>Consist\u00eancia confi\u00e1vel do produto e disponibilidade sazonal<\/li>\n<li>Fonte transparente e conformidade com exporta\u00e7\u00f5es<\/li>\n<li>Embalagem personalizada para atender aos requisitos do destino<\/li>\n<\/ul>\n<h2>Principais Variedades: Uvas Pretas e Verdes Sem Sementes do Egito<\/h2>\n<p>Nossas variedades mais requisitadas incluem:<\/p>\n<ul>\n<li>Uvas pretas sem sementes do Egito \u2013 escuras, suculentas e perfeitas para lanches ou varejo<\/li>\n<li>Uvas verdes eg\u00edpcias \u2013 crocantes, doces e visualmente atraentes<\/li>\n<li>Uvas sem sementes eg\u00edpcias \u2013 limpas, prontas para exporta\u00e7\u00e3o e f\u00e1ceis de comercializar<\/li>\n<\/ul>\n<p>Essas uvas s\u00e3o preferidas por compradores em:<\/p>\n<ul>\n<li>Cadeias de varejo europeias<\/li>\n<li>Importadores e distribuidores da regi\u00e3o do Golfo<\/li>\n<li>Redes atacadistas de produtos na \u00c1sia<\/li>\n<\/ul>\n<p>Como exportadores de uvas confi\u00e1veis do Egito, a PEI Trade apoia voc\u00ea com:<\/p>\n<ul>\n<li>Resfriamento p\u00f3s-colheita e manuseio seguro<\/li>\n<li>Embalagem pronta para varejo ou a granel<\/li>\n<li>Log\u00edstica r\u00e1pida e confi\u00e1vel e documenta\u00e7\u00e3o completa<\/li>\n<\/ul>\n<\/div>\n<\/section>\n<p><!-- Se\u00e7\u00e3o de Produtos Relacionados --><\/p>\n<section class=\"section\" style=\"padding: 50px 20px;\">\n<div class=\"container\">\n<h2>Mais Produtos Frescos do Egito<\/h2>\n<p>Descubra mais frutas prontas para exporta\u00e7\u00e3o do Egito, colhidas no pico de frescor e embaladas para mercados globais:<\/p>\n<div class=\"wp-block-woocommerce-product-collection\"><div class=\"woocommerce columns-4 \"><ul class=\"products columns-4\" data-products=\"type-2\">\n<li class=\"product type-product post-7567 status-publish first instock product_cat-in-season product_cat-fruits has-post-thumbnail shipping-taxable product-type-simple\">\n\t<a href=\"https:\/\/peitrade.com\/pt-br\/product\/goiaba\/\" class=\"woocommerce-LoopProduct-link woocommerce-loop-product__link\"><img decoding=\"async\" width=\"300\" height=\"300\" src=\"https:\/\/peitrade.com\/wp-content\/uploads\/2025\/11\/Egyptian-Guava-300x300.webp\" class=\"attachment-woocommerce_thumbnail size-woocommerce_thumbnail\" alt=\"Egyptian Guava\" srcset=\"https:\/\/peitrade.com\/wp-content\/uploads\/2025\/11\/Egyptian-Guava-300x300.webp 300w, https:\/\/peitrade.com\/wp-content\/uploads\/2025\/11\/Egyptian-Guava-150x150.webp 150w, https:\/\/peitrade.com\/wp-content\/uploads\/2025\/11\/Egyptian-Guava-768x768.webp 768w, https:\/\/peitrade.com\/wp-content\/uploads\/2025\/11\/Egyptian-Guava-600x600.webp 600w, https:\/\/peitrade.com\/wp-content\/uploads\/2025\/11\/Egyptian-Guava-100x100.webp 100w, https:\/\/peitrade.com\/wp-content\/uploads\/2025\/11\/Egyptian-Guava.webp 1024w\" sizes=\"(max-width: 300px) 100vw, 300px\" title=\"\"><h2 class=\"woocommerce-loop-product__title\">Goiaba<\/h2>\n<\/a><a href=\"https:\/\/peitrade.com\/pt-br\/product\/goiaba\/\" aria-describedby=\"woocommerce_loop_add_to_cart_link_describedby_7567\" data-quantity=\"1\" class=\"button product_type_simple\" data-product_id=\"7567\" data-product_sku=\"80451\" aria-label=\"Leia mais sobre &ldquo;Goiaba&rdquo;\" rel=\"nofollow\" data-success_message=\"\">Leia mais<\/a>\t<span id=\"woocommerce_loop_add_to_cart_link_describedby_7567\" class=\"screen-reader-text\">\n\t\t\t<\/span>\n<\/li>\n<li class=\"product type-product post-7437 status-publish instock product_cat-in-season product_cat-fruits has-post-thumbnail shipping-taxable product-type-simple\">\n\t<a href=\"https:\/\/peitrade.com\/pt-br\/product\/laranjas\/\" class=\"woocommerce-LoopProduct-link woocommerce-loop-product__link\"><img decoding=\"async\" width=\"300\" height=\"300\" src=\"https:\/\/peitrade.com\/wp-content\/uploads\/2025\/11\/Egyptian-Oranges-300x300.webp\" class=\"attachment-woocommerce_thumbnail size-woocommerce_thumbnail\" alt=\"\u0635\u0627\u062f\u0631\u0627\u062a \u0627\u0644\u0628\u0631\u062a\u0642\u0627\u0644 \u0627\u0644\u0645\u0635\u0631\u064a \u0625\u0644\u0649 \u0643\u0646\u062f\u0627 \u062a\u0633\u062c\u0644 \u0631\u0642\u0645\u0627\u064b \u0642\u064a\u0627\u0633\u064a\u0627\u064b \u0641\u064a 2025\" srcset=\"https:\/\/peitrade.com\/wp-content\/uploads\/2025\/11\/Egyptian-Oranges-300x300.webp 300w, https:\/\/peitrade.com\/wp-content\/uploads\/2025\/11\/Egyptian-Oranges-150x150.webp 150w, https:\/\/peitrade.com\/wp-content\/uploads\/2025\/11\/Egyptian-Oranges-768x768.webp 768w, https:\/\/peitrade.com\/wp-content\/uploads\/2025\/11\/Egyptian-Oranges-600x600.webp 600w, https:\/\/peitrade.com\/wp-content\/uploads\/2025\/11\/Egyptian-Oranges-100x100.webp 100w, https:\/\/peitrade.com\/wp-content\/uploads\/2025\/11\/Egyptian-Oranges.webp 1024w\" sizes=\"(max-width: 300px) 100vw, 300px\" title=\"\"><h2 class=\"woocommerce-loop-product__title\">Laranjas<\/h2>\n<\/a><a href=\"https:\/\/peitrade.com\/pt-br\/product\/laranjas\/\" aria-describedby=\"woocommerce_loop_add_to_cart_link_describedby_7437\" data-quantity=\"1\" class=\"button product_type_simple\" data-product_id=\"7437\" data-product_sku=\"80510\" aria-label=\"Leia mais sobre &ldquo;Laranjas&rdquo;\" rel=\"nofollow\" data-success_message=\"\">Leia mais<\/a>\t<span id=\"woocommerce_loop_add_to_cart_link_describedby_7437\" class=\"screen-reader-text\">\n\t\t\t<\/span>\n<\/li>\n<li class=\"product type-product post-7635 status-publish instock product_cat-fruits has-post-thumbnail shipping-taxable product-type-simple\">\n\t<a href=\"https:\/\/peitrade.com\/pt-br\/product\/manga\/\" class=\"woocommerce-LoopProduct-link woocommerce-loop-product__link\"><img decoding=\"async\" width=\"300\" height=\"300\" src=\"https:\/\/peitrade.com\/wp-content\/uploads\/2025\/11\/Egyption-Mango-300x300.webp\" class=\"attachment-woocommerce_thumbnail size-woocommerce_thumbnail\" alt=\"Mangoes: Egypt\u2019s Tropical Treasure\" srcset=\"https:\/\/peitrade.com\/wp-content\/uploads\/2025\/11\/Egyption-Mango-300x300.webp 300w, https:\/\/peitrade.com\/wp-content\/uploads\/2025\/11\/Egyption-Mango-150x150.webp 150w, https:\/\/peitrade.com\/wp-content\/uploads\/2025\/11\/Egyption-Mango-768x768.webp 768w, https:\/\/peitrade.com\/wp-content\/uploads\/2025\/11\/Egyption-Mango-600x600.webp 600w, https:\/\/peitrade.com\/wp-content\/uploads\/2025\/11\/Egyption-Mango-100x100.webp 100w, https:\/\/peitrade.com\/wp-content\/uploads\/2025\/11\/Egyption-Mango.webp 1024w\" sizes=\"(max-width: 300px) 100vw, 300px\" title=\"\"><h2 class=\"woocommerce-loop-product__title\">Manga<\/h2>\n<\/a><a href=\"https:\/\/peitrade.com\/pt-br\/product\/manga\/\" aria-describedby=\"woocommerce_loop_add_to_cart_link_describedby_7635\" data-quantity=\"1\" class=\"button product_type_simple\" data-product_id=\"7635\" data-product_sku=\"80450\" aria-label=\"Leia mais sobre &ldquo;Manga&rdquo;\" rel=\"nofollow\" data-success_message=\"\">Leia mais<\/a>\t<span id=\"woocommerce_loop_add_to_cart_link_describedby_7635\" class=\"screen-reader-text\">\n\t\t\t<\/span>\n<\/li>\n<li class=\"product type-product post-7734 status-publish last instock product_cat-fruits has-post-thumbnail shipping-taxable product-type-simple\">\n\t<a href=\"https:\/\/peitrade.com\/pt-br\/product\/roma\/\" class=\"woocommerce-LoopProduct-link woocommerce-loop-product__link\"><img decoding=\"async\" width=\"300\" height=\"300\" src=\"https:\/\/peitrade.com\/wp-content\/uploads\/2025\/11\/Egyptian-Pomegranate-300x300.webp\" class=\"attachment-woocommerce_thumbnail size-woocommerce_thumbnail\" alt=\"Pomegranates: The Superfruit Appeal\" srcset=\"https:\/\/peitrade.com\/wp-content\/uploads\/2025\/11\/Egyptian-Pomegranate-300x300.webp 300w, https:\/\/peitrade.com\/wp-content\/uploads\/2025\/11\/Egyptian-Pomegranate-150x150.webp 150w, https:\/\/peitrade.com\/wp-content\/uploads\/2025\/11\/Egyptian-Pomegranate-768x768.webp 768w, https:\/\/peitrade.com\/wp-content\/uploads\/2025\/11\/Egyptian-Pomegranate-600x600.webp 600w, https:\/\/peitrade.com\/wp-content\/uploads\/2025\/11\/Egyptian-Pomegranate-100x100.webp 100w, https:\/\/peitrade.com\/wp-content\/uploads\/2025\/11\/Egyptian-Pomegranate.webp 1024w\" sizes=\"(max-width: 300px) 100vw, 300px\" title=\"\"><h2 class=\"woocommerce-loop-product__title\">Rom\u00e3<\/h2>\n<\/a><a href=\"https:\/\/peitrade.com\/pt-br\/product\/roma\/\" aria-describedby=\"woocommerce_loop_add_to_cart_link_describedby_7734\" data-quantity=\"1\" class=\"button product_type_simple\" data-product_id=\"7734\" data-product_sku=\"81090\" aria-label=\"Leia mais sobre &ldquo;Rom\u00e3&rdquo;\" rel=\"nofollow\" data-success_message=\"\">Leia mais<\/a>\t<span id=\"woocommerce_loop_add_to_cart_link_describedby_7734\" class=\"screen-reader-text\">\n\t\t\t<\/span>\n<\/li>\n<\/ul>\n<\/div><\/div>\n<\/div>\n<\/section>\n<p><!-- Se\u00e7\u00e3o: Temporada & Informa\u00e7\u00f5es de Exporta\u00e7\u00e3o --><\/p>\n<section class=\"section\" style=\"padding: 50px 20px; background-color: #f0f0f0;\">\n<div class=\"container\">\n<h2>Temporada de Uvas Eg\u00edpcias e Disponibilidade para Exporta\u00e7\u00e3o<\/h2>\n<p>A temporada de uvas eg\u00edpcias geralmente come\u00e7a em maio e continua at\u00e9 agosto, oferecendo uma janela longa de colheita para exporta\u00e7\u00f5es frescas. Na PEI Trade, agendamos embarques para alinhar com o pico de matura\u00e7\u00e3o e o timing do seu mercado.<\/p>\n<h2>Embalagem para Exporta\u00e7\u00e3o e Distribui\u00e7\u00e3o Global<\/h2>\n<p>Nossas uvas eg\u00edpcias org\u00e2nicas para exporta\u00e7\u00e3o v\u00eam em uma variedade de formatos, incluindo clamshells, punnets e caixas a granel. Com sistemas robustos de cadeia de frio e parceiros internacionais de transporte, entregamos uvas frescas do Egito para mercados em toda a Europa, Golfo e \u00c1sia.<\/p>\n<p style=\"text-align: center; margin-top: 40px;\"><a class=\"button primary large\" href=\"\/contact\">Fa\u00e7a seu Pedido Agora<\/a><\/p>\n<\/div>\n<\/section>\n<p><!-- Se\u00e7\u00e3o de Perguntas Frequentes --><\/p>\n<section class=\"section\" style=\"padding: 50px 20px; background-color: #f9f9f9;\">\n<div class=\"container\">\n<h2>Perguntas Frequentes<\/h2>\n<div>\n<div>\n<h3>Quando \u00e9 a temporada de uvas eg\u00edpcias?<\/h3>\n<div>A principal temporada para uvas eg\u00edpcias vai de maio a agosto, com variedades precoces e tardias estendendo a janela de disponibilidade. Alinhamos nossas exporta\u00e7\u00f5es para garantir qualidade e frescor m\u00e1ximos.<\/div>\n<\/div>\n<div>\n<h3>Quais tipos de uvas a PEI Trade exporta?<\/h3>\n<div>Exportamos uma ampla gama, incluindo uvas pretas sem sementes do Egito, uvas verdes eg\u00edpcias e outras populares uvas sem sementes eg\u00edpcias. Todas as variedades s\u00e3o cultivadas organicamente e selecionadas por sua qualidade de exporta\u00e7\u00e3o.<\/div>\n<\/div>\n<div>\n<h3>As uvas s\u00e3o certificadas organicamente?<\/h3>\n<div>Sim, todas as nossas uvas eg\u00edpcias org\u00e2nicas para exporta\u00e7\u00e3o s\u00e3o certificadas de acordo com os padr\u00f5es org\u00e2nicos da UE e globais. Certificados e documentos de conformidade s\u00e3o fornecidos com cada envio.<\/div>\n<\/div>\n<div>\n<h3>Como \u00e9 mantida a frescura das frutas durante a exporta\u00e7\u00e3o?<\/h3>\n<div>Utilizamos log\u00edstica de cadeia de frio desde o campo at\u00e9 o porto, incluindo pr\u00e9-resfriamento, cont\u00eaineres refrigerados e rotas de envio otimizadas para manter a frescura e qualidade.<\/div>\n<\/div>\n<div>\n<h3>Para quais pa\u00edses voc\u00eas exportam?<\/h3>\n<div>Exportamos uvas eg\u00edpcias para pa\u00edses em toda a Europa, Oriente M\u00e9dio e \u00c1sia. Como exportadores experientes de uvas do Egito, tamb\u00e9m podemos explorar novos mercados com base na demanda.<\/div>\n<\/div>\n<\/div>\n<\/div>\n<\/section>\n","protected":false},"excerpt":{"rendered":"<p>Uvas Eg\u00edpcias Org\u00e2nicas para Exporta\u00e7\u00e3o \u2013 Qualidade Premium da PEI Trade Procurando por uvas eg\u00edpcias org\u00e2nicas de alta qualidade para exporta\u00e7\u00e3o? A PEI Trade oferece uvas frescas e saborosas cultivadas nas f\u00e9rteis terras do Delta do Nilo. Nossas uvas org\u00e2nicas s\u00e3o cultivadas com pr\u00e1ticas sustent\u00e1veis e atendem aos rigorosos padr\u00f5es dos mercados internacionais. Desde uvas [&hellip;]<\/p>\n","protected":false},"author":9,"featured_media":0,"parent":0,"menu_order":0,"comment_status":"closed","ping_status":"closed","template":"","meta":{"footnotes":""},"class_list":["post-5483","page","type-page","status-publish","hentry"],"blocksy_meta":[],"mb":[],"featured_image_urls_v2":{"full":"","thumbnail":"","medium":"","medium_large":"","large":"","1536x1536":"","2048x2048":"","woocommerce_archive_thumbnail":"","woocommerce_thumbnail":"","woocommerce_single":"","woocommerce_gallery_thumbnail":""},"post_excerpt_stackable_v2":"<p>Uvas Eg\u00edpcias Org\u00e2nicas para Exporta\u00e7\u00e3o \u2013 Qualidade Premium da PEI Trade Procurando por uvas eg\u00edpcias org\u00e2nicas de alta qualidade para exporta\u00e7\u00e3o? A PEI Trade oferece uvas frescas e saborosas cultivadas nas f\u00e9rteis terras do Delta do Nilo. Nossas uvas org\u00e2nicas s\u00e3o cultivadas com pr\u00e1ticas sustent\u00e1veis e atendem aos rigorosos padr\u00f5es dos mercados internacionais. Desde uvas pretas sem sementes do Egito at\u00e9 uvas verdes eg\u00edpcias, oferecemos variedades premium ideais para supermercados, atacadistas e distribuidores em todo o mundo. Como um dos principais exportadores de uvas do Egito, garantimos que cada cacho seja selecionado manualmente por sua do\u00e7ura, firmeza e qualidade de&hellip;<\/p>\n","category_list_v2":"","author_info_v2":{"name":"Maha","url":"https:\/\/peitrade.com\/pt-br\/author\/m-amer\/"},"comments_num_v2":"0 coment\u00e1rio","mfb_rest_fields":["title","blocksy_meta","featured_image_urls_v2","post_excerpt_stackable_v2","category_list_v2","author_info_v2","comments_num_v2"],"_links":{"self":[{"href":"https:\/\/peitrade.com\/pt-br\/wp-json\/wp\/v2\/pages\/5483","targetHints":{"allow":["GET"]}}],"collection":[{"href":"https:\/\/peitrade.com\/pt-br\/wp-json\/wp\/v2\/pages"}],"about":[{"href":"https:\/\/peitrade.com\/pt-br\/wp-json\/wp\/v2\/types\/page"}],"author":[{"embeddable":true,"href":"https:\/\/peitrade.com\/pt-br\/wp-json\/wp\/v2\/users\/9"}],"replies":[{"embeddable":true,"href":"https:\/\/peitrade.com\/pt-br\/wp-json\/wp\/v2\/comments?post=5483"}],"version-history":[{"count":1,"href":"https:\/\/peitrade.com\/pt-br\/wp-json\/wp\/v2\/pages\/5483\/revisions"}],"predecessor-version":[{"id":5484,"href":"https:\/\/peitrade.com\/pt-br\/wp-json\/wp\/v2\/pages\/5483\/revisions\/5484"}],"wp:attachment":[{"href":"https:\/\/peitrade.com\/pt-br\/wp-json\/wp\/v2\/media?parent=5483"}],"curies":[{"name":"wp","href":"https:\/\/api.w.org\/{rel}","templated":true}]}}