{"id":5496,"date":"2025-05-16T09:26:31","date_gmt":"2025-05-16T09:26:31","guid":{"rendered":"http:\/\/46.224.74.15\/exportadores-de-batata-do-egito-pei-trade\/"},"modified":"2025-11-19T16:44:37","modified_gmt":"2025-11-19T16:44:37","slug":"exportadores-de-batata-do-egito-pei-trade","status":"publish","type":"page","link":"https:\/\/peitrade.com\/pt-br\/exportadores-de-batata-do-egito-pei-trade\/","title":{"rendered":"Principais Exportadores de Batata do Egito \u2013 Batatas Eg\u00edpcias Premium da PEI Trade"},"content":{"rendered":"<section style=\"padding: 60px 20px; background-color: #f9f9f9;\">\n<div class=\"container\">\n<h1>Principais Exportadores de Batata do Egito \u2013 Batatas Eg\u00edpcias Premium da PEI Trade<\/h1>\n<p>&nbsp;<\/p>\n<p><span style=\"font-weight: 400;\">A PEI Trade \u00e9 uma das <\/span><b>exportadoras de batata do Egito<\/b><span style=\"font-weight: 400;\"> mais confi\u00e1veis, fornecendo batatas eg\u00edpcias de alta qualidade para mercados globais com forte foco em consist\u00eancia, frescor e variedade. Cultivadas na regi\u00e3o f\u00e9rtil do Delta, nossas batatas s\u00e3o produzidas sob condi\u00e7\u00f5es clim\u00e1ticas ideais, garantindo textura, sabor e durabilidade ideais para aplica\u00e7\u00f5es tanto no varejo quanto na ind\u00fastria.<\/span><\/p>\n<p><span style=\"font-weight: 400;\">Como uma importante <\/span><b>empresa exportadora de batatas no Egito<\/b><span style=\"font-weight: 400;\">, fornecemos uma ampla sele\u00e7\u00e3o de variedades, incluindo batatas Spunta e Nicola, para clientes na Europa, Oriente M\u00e9dio e \u00c1sia. Nosso processo de exporta\u00e7\u00e3o integrado inclui aquisi\u00e7\u00e3o, classifica\u00e7\u00e3o, embalagem e envio, tudo realizado de acordo com os padr\u00f5es e prazos internacionais.<\/span><\/p>\n<\/div>\n<\/section>\n<div class=\"wp-block-woocommerce-product-collection\"><div class=\"woocommerce columns-4 \"><ul class=\"products columns-4\" data-products=\"type-2\">\n<li class=\"product type-product post-7475 status-publish first instock product_cat-in-season product_cat-vegetables has-post-thumbnail shipping-taxable product-type-simple\">\n\t<a href=\"https:\/\/peitrade.com\/pt-br\/product\/cebola\/\" class=\"woocommerce-LoopProduct-link woocommerce-loop-product__link\"><img decoding=\"async\" width=\"300\" height=\"300\" src=\"https:\/\/peitrade.com\/wp-content\/uploads\/2025\/11\/Egyption-Onion-300x300.webp\" class=\"attachment-woocommerce_thumbnail size-woocommerce_thumbnail\" alt=\"Egyption Onion - PEI Trade\" srcset=\"https:\/\/peitrade.com\/wp-content\/uploads\/2025\/11\/Egyption-Onion-300x300.webp 300w, https:\/\/peitrade.com\/wp-content\/uploads\/2025\/11\/Egyption-Onion-150x150.webp 150w, https:\/\/peitrade.com\/wp-content\/uploads\/2025\/11\/Egyption-Onion-768x768.webp 768w, https:\/\/peitrade.com\/wp-content\/uploads\/2025\/11\/Egyption-Onion-600x600.webp 600w, https:\/\/peitrade.com\/wp-content\/uploads\/2025\/11\/Egyption-Onion-100x100.webp 100w, https:\/\/peitrade.com\/wp-content\/uploads\/2025\/11\/Egyption-Onion.webp 1024w\" sizes=\"(max-width: 300px) 100vw, 300px\" title=\"\"><h2 class=\"woocommerce-loop-product__title\">Cebola<\/h2>\n<\/a><a href=\"https:\/\/peitrade.com\/pt-br\/product\/cebola\/\" aria-describedby=\"woocommerce_loop_add_to_cart_link_describedby_7475\" data-quantity=\"1\" class=\"button product_type_simple\" data-product_id=\"7475\" data-product_sku=\"70310\" aria-label=\"Leia mais sobre &ldquo;Cebola&rdquo;\" rel=\"nofollow\" data-success_message=\"\">Leia mais<\/a>\t<span id=\"woocommerce_loop_add_to_cart_link_describedby_7475\" class=\"screen-reader-text\">\n\t\t\t<\/span>\n<\/li>\n<li class=\"product type-product post-7710 status-publish instock product_cat-in-season product_cat-legumes has-post-thumbnail shipping-taxable product-type-simple\">\n\t<a href=\"https:\/\/peitrade.com\/pt-br\/product\/feijao-branco-seco\/\" class=\"woocommerce-LoopProduct-link woocommerce-loop-product__link\"><img decoding=\"async\" width=\"300\" height=\"300\" src=\"https:\/\/peitrade.com\/wp-content\/uploads\/2025\/11\/Egyptian-White-Beans-300x300.webp\" class=\"attachment-woocommerce_thumbnail size-woocommerce_thumbnail\" alt=\"Feij\u00e3o branco seco\" srcset=\"https:\/\/peitrade.com\/wp-content\/uploads\/2025\/11\/Egyptian-White-Beans-300x300.webp 300w, https:\/\/peitrade.com\/wp-content\/uploads\/2025\/11\/Egyptian-White-Beans-150x150.webp 150w, https:\/\/peitrade.com\/wp-content\/uploads\/2025\/11\/Egyptian-White-Beans-768x768.webp 768w, https:\/\/peitrade.com\/wp-content\/uploads\/2025\/11\/Egyptian-White-Beans-600x600.webp 600w, https:\/\/peitrade.com\/wp-content\/uploads\/2025\/11\/Egyptian-White-Beans-100x100.webp 100w, https:\/\/peitrade.com\/wp-content\/uploads\/2025\/11\/Egyptian-White-Beans.webp 1024w\" sizes=\"(max-width: 300px) 100vw, 300px\" title=\"\"><h2 class=\"woocommerce-loop-product__title\">Feij\u00e3o branco seco<\/h2>\n<\/a><a href=\"https:\/\/peitrade.com\/pt-br\/product\/feijao-branco-seco\/\" aria-describedby=\"woocommerce_loop_add_to_cart_link_describedby_7710\" data-quantity=\"1\" class=\"button product_type_simple\" data-product_id=\"7710\" data-product_sku=\"70820\" aria-label=\"Leia mais sobre &ldquo;Feij\u00e3o branco seco&rdquo;\" rel=\"nofollow\" data-success_message=\"\">Leia mais<\/a>\t<span id=\"woocommerce_loop_add_to_cart_link_describedby_7710\" class=\"screen-reader-text\">\n\t\t\t<\/span>\n<\/li>\n<li class=\"product type-product post-7526 status-publish instock product_cat-in-season product_cat-vegetables has-post-thumbnail shipping-taxable product-type-simple\">\n\t<a href=\"https:\/\/peitrade.com\/pt-br\/product\/vagem-feijao-verde\/\" class=\"woocommerce-LoopProduct-link woocommerce-loop-product__link\"><img decoding=\"async\" width=\"300\" height=\"300\" src=\"https:\/\/peitrade.com\/wp-content\/uploads\/2025\/11\/Egyptian-Green-Beans-300x300.webp\" class=\"attachment-woocommerce_thumbnail size-woocommerce_thumbnail\" alt=\"feij\u00e3o-verde\" srcset=\"https:\/\/peitrade.com\/wp-content\/uploads\/2025\/11\/Egyptian-Green-Beans-300x300.webp 300w, https:\/\/peitrade.com\/wp-content\/uploads\/2025\/11\/Egyptian-Green-Beans-150x150.webp 150w, https:\/\/peitrade.com\/wp-content\/uploads\/2025\/11\/Egyptian-Green-Beans-768x768.webp 768w, https:\/\/peitrade.com\/wp-content\/uploads\/2025\/11\/Egyptian-Green-Beans-600x600.webp 600w, https:\/\/peitrade.com\/wp-content\/uploads\/2025\/11\/Egyptian-Green-Beans-100x100.webp 100w, https:\/\/peitrade.com\/wp-content\/uploads\/2025\/11\/Egyptian-Green-Beans.webp 1024w\" sizes=\"(max-width: 300px) 100vw, 300px\" title=\"\"><h2 class=\"woocommerce-loop-product__title\">feij\u00e3o-verde<\/h2>\n<\/a><a href=\"https:\/\/peitrade.com\/pt-br\/product\/vagem-feijao-verde\/\" aria-describedby=\"woocommerce_loop_add_to_cart_link_describedby_7526\" data-quantity=\"1\" class=\"button product_type_simple\" data-product_id=\"7526\" data-product_sku=\"70821\" aria-label=\"Leia mais sobre &ldquo;feij\u00e3o-verde&rdquo;\" rel=\"nofollow\" data-success_message=\"\">Leia mais<\/a>\t<span id=\"woocommerce_loop_add_to_cart_link_describedby_7526\" class=\"screen-reader-text\">\n\t\t\t<\/span>\n<\/li>\n<li class=\"product type-product post-7759 status-publish last instock product_cat-in-season product_cat-vegetables has-post-thumbnail shipping-taxable product-type-simple\">\n\t<a href=\"https:\/\/peitrade.com\/pt-br\/product\/potatoes\/\" class=\"woocommerce-LoopProduct-link woocommerce-loop-product__link\"><img decoding=\"async\" width=\"300\" height=\"300\" src=\"https:\/\/peitrade.com\/wp-content\/uploads\/2025\/11\/Egyptian-Potatoes-300x300.webp\" class=\"attachment-woocommerce_thumbnail size-woocommerce_thumbnail\" alt=\"Potatoes\" srcset=\"https:\/\/peitrade.com\/wp-content\/uploads\/2025\/11\/Egyptian-Potatoes-300x300.webp 300w, https:\/\/peitrade.com\/wp-content\/uploads\/2025\/11\/Egyptian-Potatoes-150x150.webp 150w, https:\/\/peitrade.com\/wp-content\/uploads\/2025\/11\/Egyptian-Potatoes-768x768.webp 768w, https:\/\/peitrade.com\/wp-content\/uploads\/2025\/11\/Egyptian-Potatoes-600x600.webp 600w, https:\/\/peitrade.com\/wp-content\/uploads\/2025\/11\/Egyptian-Potatoes-100x100.webp 100w, https:\/\/peitrade.com\/wp-content\/uploads\/2025\/11\/Egyptian-Potatoes.webp 1024w\" sizes=\"(max-width: 300px) 100vw, 300px\" title=\"\"><h2 class=\"woocommerce-loop-product__title\">Potatoes<\/h2>\n<\/a><a href=\"https:\/\/peitrade.com\/pt-br\/product\/potatoes\/\" aria-describedby=\"woocommerce_loop_add_to_cart_link_describedby_7759\" data-quantity=\"1\" class=\"button product_type_simple\" data-product_id=\"7759\" data-product_sku=\"70190\" aria-label=\"Leia mais sobre &ldquo;Potatoes&rdquo;\" rel=\"nofollow\" data-success_message=\"\">Leia mais<\/a>\t<span id=\"woocommerce_loop_add_to_cart_link_describedby_7759\" class=\"screen-reader-text\">\n\t\t\t<\/span>\n<\/li>\n<\/ul>\n<\/div><\/div>\n<section style=\"padding: 50px 20px;\">\n<h2>Variedades de Batatas Eg\u00edpcias Dispon\u00edveis para Exporta\u00e7\u00e3o<\/h2>\n<p>Na PEI Trade, oferecemos v\u00e1rias variedades de batatas eg\u00edpcias de alta demanda, conhecidas por sua compatibilidade com exporta\u00e7\u00e3o e resist\u00eancia p\u00f3s-colheita:<\/p>\n<h3>Batatas Eg\u00edpcias Spunta<\/h3>\n<p>Uma das principais variedades para exporta\u00e7\u00e3o, Spunta apresenta:<\/p>\n<ul>\n<li>Formato oval alongado com casca lisa e amarela clara<\/li>\n<li>Polpa clara com sabor suave<\/li>\n<li>Amido m\u00e9dio, ideal para ferver, assar e grelhar<\/li>\n<li>Excelente vida \u00fatil para transporte a longas dist\u00e2ncias<\/li>\n<\/ul>\n<h3>Batatas Eg\u00edpcias Nicola<\/h3>\n<p>Popular no varejo e para uso dom\u00e9stico:<\/p>\n<ul>\n<li style=\"font-weight: 400;\" aria-level=\"1\">Textura cerosa e baixo teor de amido<\/li>\n<li style=\"font-weight: 400;\" aria-level=\"1\">Polpa amarela cremosa<\/li>\n<li style=\"font-weight: 400;\" aria-level=\"1\">Ideal para ferver e saladas<\/li>\n<li style=\"font-weight: 400;\" aria-level=\"1\">Visualmente atraente com forte demanda no mercado europeu<\/li>\n<\/ul>\n<h3>Batatas Novas Eg\u00edpcias<\/h3>\n<p>Colhidas no in\u00edcio da temporada, as batatas novas eg\u00edpcias oferecem:<\/p>\n<ul>\n<li style=\"font-weight: 400;\" aria-level=\"1\">Casca fina e delicada<\/li>\n<li style=\"font-weight: 400;\" aria-level=\"1\">Alto teor de umidade<\/li>\n<li style=\"font-weight: 400;\" aria-level=\"1\">Sabor fresco ideal para promo\u00e7\u00f5es sazonais<\/li>\n<li style=\"font-weight: 400;\" aria-level=\"1\">Janela de exporta\u00e7\u00e3o precoce de janeiro a mar\u00e7o<\/li>\n<\/ul>\n<h2>Por Que a PEI Trade \u00e9 um Fornecedor de Batatas Confi\u00e1vel no Egito<\/h2>\n<p>Como um nome confi\u00e1vel entre os fornecedores de batatas do Egito, a PEI Trade garante:<\/p>\n<ul>\n<li style=\"font-weight: 400;\" aria-level=\"1\">Aquisi\u00e7\u00e3o controlada de fazendas contratadas<\/li>\n<li style=\"font-weight: 400;\" aria-level=\"1\">Rastreabilidade completa do campo ao porto<\/li>\n<li style=\"font-weight: 400;\" aria-level=\"1\">Qualidade pronta para exporta\u00e7\u00e3o e conformidade com normas internacionais<\/li>\n<li style=\"font-weight: 400;\" aria-level=\"1\">Log\u00edstica com cadeia de frio e envio pontual<\/li>\n<li style=\"font-weight: 400;\" aria-level=\"1\">Rotulagem pr\u00f3pria e op\u00e7\u00f5es de embalagem personalizadas<\/li>\n<\/ul>\n<p>Trabalhamos diretamente com os produtores para garantir previsibilidade de volume e qualidade consistente durante toda a safra de batatas eg\u00edpcias.<\/p>\n<h2>Safra de Batatas Eg\u00edpcias &amp; Disponibilidade<\/h2>\n<p>A safra de batatas do Egito vai de janeiro at\u00e9 o in\u00edcio de junho, oferecendo aos nossos parceiros uma vantagem em rela\u00e7\u00e3o \u00e0 temporada europeia. A PEI Trade coordena a colheita nos per\u00edodos de pico e mant\u00e9m estoque fora de temporada com armazenamento refrigerado e agendamento antecipado para clientes em mercados de alta demanda.<\/p>\n<h2>Batatas Frescas do Egito \u2013 Embaladas e Exportadas para Mercados Globais<\/h2>\n<p>Fornecemos batatas frescas do Egito que s\u00e3o lavadas, classificadas e embaladas de acordo com as especifica\u00e7\u00f5es do cliente. Nossa equipe cuida de cada detalhe, incluindo:<\/p>\n<ul>\n<li style=\"font-weight: 400;\" aria-level=\"1\">Sacos de malha (5kg, 10kg, 25kg), caixas personalizadas e embalagem a granel<\/li>\n<li style=\"font-weight: 400;\" aria-level=\"1\">Certifica\u00e7\u00e3o fitossanit\u00e1ria e documenta\u00e7\u00e3o de exporta\u00e7\u00e3o<\/li>\n<li style=\"font-weight: 400;\" aria-level=\"1\">Cont\u00eaineres refrigerados com controle de temperatura<\/li>\n<li style=\"font-weight: 400;\" aria-level=\"1\">Rotulagem multil\u00edngue e c\u00f3digos de barras<\/li>\n<\/ul>\n<p>Os envios s\u00e3o otimizados para efici\u00eancia e conformidade com as regulamenta\u00e7\u00f5es dos mercados da UE, GCC e \u00c1sia.<\/p>\n<div class=\"container\"><\/div>\n<\/section>\n<section style=\"padding: 50px 20px; background-color: #f0f0f0;\">\n<div class=\"container\">\n<h2>Entre em Contato com os Principais Exportadores de Batata do Egito<\/h2>\n<p>A PEI Trade \u00e9 sua conex\u00e3o direta com as melhores batatas eg\u00edpcias do mercado. Com infraestrutura robusta e uma equipe de exporta\u00e7\u00e3o dedicada, garantimos uma coordena\u00e7\u00e3o eficiente desde a fazenda at\u00e9 o porto de destino.<br \/>\nEntre em contato para solicitar pre\u00e7os, disponibilidade ou amostras. Nossa equipe est\u00e1 pronta para ajudar com suas necessidades sazonais de fornecimento e planejamento de exporta\u00e7\u00f5es.<\/p>\n<p style=\"text-align: center; margin-top: 40px;\"><a class=\"button primary large\" href=\"\/contact\">Fa\u00e7a seu Pedido<\/a><\/p>\n<\/div>\n<\/section>\n<section style=\"padding: 50px 20px;\">\n<div class=\"container\">\n<h2>Outros Produtos Frescos do Egito<\/h2>\n<p>&nbsp;<\/p>\n<p>Al\u00e9m de batatas, a PEI Trade fornece cebola eg\u00edpcia, vagem, alho e muito mais. Oferecemos programas sazonais e contratos de importa\u00e7\u00e3o de longo prazo. <a href=\"\/about\">Saiba mais sobre nossos servi\u00e7os de exporta\u00e7\u00e3o<\/a>.<\/p>\n<div class=\"wp-block-woocommerce-product-collection\"><div class=\"woocommerce columns-4 \"><ul class=\"products columns-4\" data-products=\"type-2\">\n<li class=\"product type-product post-7370 status-publish first instock product_cat-in-season product_cat-vegetables has-post-thumbnail shipping-taxable product-type-simple\">\n\t<a href=\"https:\/\/peitrade.com\/pt-br\/product\/alho\/\" class=\"woocommerce-LoopProduct-link woocommerce-loop-product__link\"><img decoding=\"async\" width=\"300\" height=\"300\" src=\"https:\/\/peitrade.com\/wp-content\/uploads\/2025\/11\/Egyptian-Garlic-300x300.webp\" class=\"attachment-woocommerce_thumbnail size-woocommerce_thumbnail\" alt=\"Alho\" srcset=\"https:\/\/peitrade.com\/wp-content\/uploads\/2025\/11\/Egyptian-Garlic-300x300.webp 300w, https:\/\/peitrade.com\/wp-content\/uploads\/2025\/11\/Egyptian-Garlic-150x150.webp 150w, https:\/\/peitrade.com\/wp-content\/uploads\/2025\/11\/Egyptian-Garlic-768x768.webp 768w, https:\/\/peitrade.com\/wp-content\/uploads\/2025\/11\/Egyptian-Garlic-600x600.webp 600w, https:\/\/peitrade.com\/wp-content\/uploads\/2025\/11\/Egyptian-Garlic-100x100.webp 100w, https:\/\/peitrade.com\/wp-content\/uploads\/2025\/11\/Egyptian-Garlic.webp 1024w\" sizes=\"(max-width: 300px) 100vw, 300px\" title=\"\"><h2 class=\"woocommerce-loop-product__title\">Alho<\/h2>\n<\/a><a href=\"https:\/\/peitrade.com\/pt-br\/product\/alho\/\" aria-describedby=\"woocommerce_loop_add_to_cart_link_describedby_7370\" data-quantity=\"1\" class=\"button product_type_simple\" data-product_id=\"7370\" data-product_sku=\"70320\" aria-label=\"Leia mais sobre &ldquo;Alho&rdquo;\" rel=\"nofollow\" data-success_message=\"\">Leia mais<\/a>\t<span id=\"woocommerce_loop_add_to_cart_link_describedby_7370\" class=\"screen-reader-text\">\n\t\t\t<\/span>\n<\/li>\n<li class=\"product type-product post-7770 status-publish instock product_cat-in-season product_cat-vegetables has-post-thumbnail shipping-taxable product-type-simple\">\n\t<a href=\"https:\/\/peitrade.com\/pt-br\/product\/batatas-doces\/\" class=\"woocommerce-LoopProduct-link woocommerce-loop-product__link\"><img decoding=\"async\" width=\"300\" height=\"300\" src=\"https:\/\/peitrade.com\/wp-content\/uploads\/2025\/11\/Egyptian-Sweet-Potatoes-300x300.webp\" class=\"attachment-woocommerce_thumbnail size-woocommerce_thumbnail\" alt=\"Egyptian Sweet Potatoes - PEI Trade\" srcset=\"https:\/\/peitrade.com\/wp-content\/uploads\/2025\/11\/Egyptian-Sweet-Potatoes-300x300.webp 300w, https:\/\/peitrade.com\/wp-content\/uploads\/2025\/11\/Egyptian-Sweet-Potatoes-150x150.webp 150w, https:\/\/peitrade.com\/wp-content\/uploads\/2025\/11\/Egyptian-Sweet-Potatoes-768x768.webp 768w, https:\/\/peitrade.com\/wp-content\/uploads\/2025\/11\/Egyptian-Sweet-Potatoes-600x600.webp 600w, https:\/\/peitrade.com\/wp-content\/uploads\/2025\/11\/Egyptian-Sweet-Potatoes-100x100.webp 100w, https:\/\/peitrade.com\/wp-content\/uploads\/2025\/11\/Egyptian-Sweet-Potatoes.webp 1024w\" sizes=\"(max-width: 300px) 100vw, 300px\" title=\"\"><h2 class=\"woocommerce-loop-product__title\">Batatas-doces<\/h2>\n<\/a><a href=\"https:\/\/peitrade.com\/pt-br\/product\/batatas-doces\/\" aria-describedby=\"woocommerce_loop_add_to_cart_link_describedby_7770\" data-quantity=\"1\" class=\"button product_type_simple\" data-product_id=\"7770\" data-product_sku=\"71420\" aria-label=\"Leia mais sobre &ldquo;Batatas-doces&rdquo;\" rel=\"nofollow\" data-success_message=\"\">Leia mais<\/a>\t<span id=\"woocommerce_loop_add_to_cart_link_describedby_7770\" class=\"screen-reader-text\">\n\t\t\t<\/span>\n<\/li>\n<li class=\"product type-product post-7759 status-publish instock product_cat-in-season product_cat-vegetables has-post-thumbnail shipping-taxable product-type-simple\">\n\t<a href=\"https:\/\/peitrade.com\/pt-br\/product\/potatoes\/\" class=\"woocommerce-LoopProduct-link woocommerce-loop-product__link\"><img decoding=\"async\" width=\"300\" height=\"300\" src=\"https:\/\/peitrade.com\/wp-content\/uploads\/2025\/11\/Egyptian-Potatoes-300x300.webp\" class=\"attachment-woocommerce_thumbnail size-woocommerce_thumbnail\" alt=\"Potatoes\" srcset=\"https:\/\/peitrade.com\/wp-content\/uploads\/2025\/11\/Egyptian-Potatoes-300x300.webp 300w, https:\/\/peitrade.com\/wp-content\/uploads\/2025\/11\/Egyptian-Potatoes-150x150.webp 150w, https:\/\/peitrade.com\/wp-content\/uploads\/2025\/11\/Egyptian-Potatoes-768x768.webp 768w, https:\/\/peitrade.com\/wp-content\/uploads\/2025\/11\/Egyptian-Potatoes-600x600.webp 600w, https:\/\/peitrade.com\/wp-content\/uploads\/2025\/11\/Egyptian-Potatoes-100x100.webp 100w, https:\/\/peitrade.com\/wp-content\/uploads\/2025\/11\/Egyptian-Potatoes.webp 1024w\" sizes=\"(max-width: 300px) 100vw, 300px\" title=\"\"><h2 class=\"woocommerce-loop-product__title\">Potatoes<\/h2>\n<\/a><a href=\"https:\/\/peitrade.com\/pt-br\/product\/potatoes\/\" aria-describedby=\"woocommerce_loop_add_to_cart_link_describedby_7759\" data-quantity=\"1\" class=\"button product_type_simple\" data-product_id=\"7759\" data-product_sku=\"70190\" aria-label=\"Leia mais sobre &ldquo;Potatoes&rdquo;\" rel=\"nofollow\" data-success_message=\"\">Leia mais<\/a>\t<span id=\"woocommerce_loop_add_to_cart_link_describedby_7759\" class=\"screen-reader-text\">\n\t\t\t<\/span>\n<\/li>\n<li class=\"product type-product post-7354 status-publish last instock product_cat-vegetables has-post-thumbnail shipping-taxable product-type-simple\">\n\t<a href=\"https:\/\/peitrade.com\/pt-br\/product\/tomates\/\" class=\"woocommerce-LoopProduct-link woocommerce-loop-product__link\"><img decoding=\"async\" width=\"300\" height=\"300\" src=\"https:\/\/peitrade.com\/wp-content\/uploads\/2025\/11\/Egyptian-Tomatoes-300x300.webp\" class=\"attachment-woocommerce_thumbnail size-woocommerce_thumbnail\" alt=\"Tomates\" srcset=\"https:\/\/peitrade.com\/wp-content\/uploads\/2025\/11\/Egyptian-Tomatoes-300x300.webp 300w, https:\/\/peitrade.com\/wp-content\/uploads\/2025\/11\/Egyptian-Tomatoes-150x150.webp 150w, https:\/\/peitrade.com\/wp-content\/uploads\/2025\/11\/Egyptian-Tomatoes-768x768.webp 768w, https:\/\/peitrade.com\/wp-content\/uploads\/2025\/11\/Egyptian-Tomatoes-600x600.webp 600w, https:\/\/peitrade.com\/wp-content\/uploads\/2025\/11\/Egyptian-Tomatoes-100x100.webp 100w, https:\/\/peitrade.com\/wp-content\/uploads\/2025\/11\/Egyptian-Tomatoes.webp 1024w\" sizes=\"(max-width: 300px) 100vw, 300px\" title=\"\"><h2 class=\"woocommerce-loop-product__title\">Tomates<\/h2>\n<\/a><a href=\"https:\/\/peitrade.com\/pt-br\/product\/tomates\/\" aria-describedby=\"woocommerce_loop_add_to_cart_link_describedby_7354\" data-quantity=\"1\" class=\"button product_type_simple\" data-product_id=\"7354\" data-product_sku=\"70200\" aria-label=\"Leia mais sobre &ldquo;Tomates&rdquo;\" rel=\"nofollow\" data-success_message=\"\">Leia mais<\/a>\t<span id=\"woocommerce_loop_add_to_cart_link_describedby_7354\" class=\"screen-reader-text\">\n\t\t\t<\/span>\n<\/li>\n<\/ul>\n<\/div><\/div>\n<\/div>\n<\/section>\n<section style=\"padding: 50px 20px; background-color: #f9f9f9;\">\n<div class=\"container\">\n<h2>Perguntas Frequentes<\/h2>\n<div>\n<h3>Quando \u00e9 a safra de batatas do Egito?<\/h3>\n<p>De janeiro at\u00e9 o in\u00edcio de junho. As remessas s\u00e3o alinhadas com os per\u00edodos ideais de colheita para garantir frescor e timing de mercado.<\/p>\n<h3>Voc\u00eas oferecem embarques mistos de batatas Spunta e Nicola?<\/h3>\n<p>Sim. Podemos combinar variedades no mesmo cont\u00eainer conforme a necessidade do cliente.<\/p>\n<h3>Voc\u00eas trabalham com embalagens de marca pr\u00f3pria?<\/h3>\n<p>Sim. Oferecemos op\u00e7\u00f5es de embalagem personalizadas para distribui\u00e7\u00e3o no varejo.<\/p>\n<h3>Quais certifica\u00e7\u00f5es voc\u00eas possuem?<\/h3>\n<p>A PEI Trade est\u00e1 em conformidade com GlobalG.A.P., ISO 22000 e regulamentos fitossanit\u00e1rios nacionais de exporta\u00e7\u00e3o.<\/p>\n<h3>Para quais regi\u00f5es voc\u00eas exportam?<\/h3>\n<p>Exportamos para Europa, pa\u00edses do GCC, \u00c1frica e alguns mercados asi\u00e1ticos. A expans\u00e3o para novos mercados \u00e9 poss\u00edvel mediante demanda.<\/p>\n<\/div>\n<\/div>\n<\/section>\n","protected":false},"excerpt":{"rendered":"<p>Principais Exportadores de Batata do Egito \u2013 Batatas Eg\u00edpcias Premium da PEI Trade &nbsp; A PEI Trade \u00e9 uma das exportadoras de batata do Egito mais confi\u00e1veis, fornecendo batatas eg\u00edpcias de alta qualidade para mercados globais com forte foco em consist\u00eancia, frescor e variedade. Cultivadas na regi\u00e3o f\u00e9rtil do Delta, nossas batatas s\u00e3o produzidas sob [&hellip;]<\/p>\n","protected":false},"author":1,"featured_media":0,"parent":0,"menu_order":0,"comment_status":"closed","ping_status":"closed","template":"","meta":{"footnotes":""},"class_list":["post-5496","page","type-page","status-publish","hentry"],"blocksy_meta":[],"mb":[],"featured_image_urls_v2":{"full":"","thumbnail":"","medium":"","medium_large":"","large":"","1536x1536":"","2048x2048":"","woocommerce_archive_thumbnail":"","woocommerce_thumbnail":"","woocommerce_single":"","woocommerce_gallery_thumbnail":""},"post_excerpt_stackable_v2":"<p>Principais Exportadores de Batata do Egito \u2013 Batatas Eg\u00edpcias Premium da PEI Trade &nbsp; A PEI Trade \u00e9 uma das exportadoras de batata do Egito mais confi\u00e1veis, fornecendo batatas eg\u00edpcias de alta qualidade para mercados globais com forte foco em consist\u00eancia, frescor e variedade. Cultivadas na regi\u00e3o f\u00e9rtil do Delta, nossas batatas s\u00e3o produzidas sob condi\u00e7\u00f5es clim\u00e1ticas ideais, garantindo textura, sabor e durabilidade ideais para aplica\u00e7\u00f5es tanto no varejo quanto na ind\u00fastria. Como uma importante empresa exportadora de batatas no Egito, fornecemos uma ampla sele\u00e7\u00e3o de variedades, incluindo batatas Spunta e Nicola, para clientes na Europa, Oriente M\u00e9dio e \u00c1sia.&hellip;<\/p>\n","category_list_v2":"","author_info_v2":{"name":"Mostafa Sabry","url":"https:\/\/peitrade.com\/pt-br\/author\/emostafaadel_jn8gcqbo\/"},"comments_num_v2":"0 coment\u00e1rio","mfb_rest_fields":["title","blocksy_meta","featured_image_urls_v2","post_excerpt_stackable_v2","category_list_v2","author_info_v2","comments_num_v2"],"_links":{"self":[{"href":"https:\/\/peitrade.com\/pt-br\/wp-json\/wp\/v2\/pages\/5496","targetHints":{"allow":["GET"]}}],"collection":[{"href":"https:\/\/peitrade.com\/pt-br\/wp-json\/wp\/v2\/pages"}],"about":[{"href":"https:\/\/peitrade.com\/pt-br\/wp-json\/wp\/v2\/types\/page"}],"author":[{"embeddable":true,"href":"https:\/\/peitrade.com\/pt-br\/wp-json\/wp\/v2\/users\/1"}],"replies":[{"embeddable":true,"href":"https:\/\/peitrade.com\/pt-br\/wp-json\/wp\/v2\/comments?post=5496"}],"version-history":[{"count":1,"href":"https:\/\/peitrade.com\/pt-br\/wp-json\/wp\/v2\/pages\/5496\/revisions"}],"predecessor-version":[{"id":5497,"href":"https:\/\/peitrade.com\/pt-br\/wp-json\/wp\/v2\/pages\/5496\/revisions\/5497"}],"wp:attachment":[{"href":"https:\/\/peitrade.com\/pt-br\/wp-json\/wp\/v2\/media?parent=5496"}],"curies":[{"name":"wp","href":"https:\/\/api.w.org\/{rel}","templated":true}]}}