{"id":5652,"date":"2025-05-16T11:00:09","date_gmt":"2025-05-16T11:00:09","guid":{"rendered":"http:\/\/46.224.74.15\/feijao-branco-egipcio-fornecedor\/"},"modified":"2025-11-19T16:45:27","modified_gmt":"2025-11-19T16:45:27","slug":"feijao-branco-egipcio-fornecedor","status":"publish","type":"page","link":"https:\/\/peitrade.com\/pt-br\/feijao-branco-egipcio-fornecedor\/","title":{"rendered":"PEI Trade \u2013 Fornecedor confi\u00e1vel de feij\u00e3o branco eg\u00edpcio"},"content":{"rendered":"<section style=\"padding: 60px 20px; background-color: #f9f9f9;\">\n<div class=\"container\">\n<h1>PEI Trade \u2013 Fornecedor confi\u00e1vel de feij\u00e3o branco eg\u00edpcio<\/h1>\n<p>&nbsp;<\/p>\n<p>A PEI Trade \u00e9 um dos principais <b>fornecedores de feij\u00e3o branco no Egito<\/b>, especializada em <b>feij\u00f5es brancos eg\u00edpcios<\/b> de alta qualidade para os mercados internacionais. Nossa experi\u00eancia e cadeia de suprimentos eficiente nos tornam a melhor escolha para quem procura <b>exportadores de feij\u00e3o branco do Egito<\/b>. Fornecemos e exportamos <b>feij\u00e3o branco seco do Egito<\/b>, garantindo qualidade superior e entrega pontual.<\/p>\n<p>Como uma destacada <b>empresa exportadora de feij\u00e3o branco do Egito<\/b>, a PEI Trade mant\u00e9m um controle de qualidade rigoroso, desde a fazenda at\u00e9 o embarque, oferecendo feij\u00f5es que atendem aos mais altos padr\u00f5es internacionais. Se voc\u00ea precisa de pedidos em grandes quantidades para atacado ou embalagens personalizadas para varejo, entregamos feij\u00f5es que atendem \u00e0s necessidades de clientes em todo o mundo.<\/p>\n<\/div>\n<\/section>\n<div class=\"wp-block-woocommerce-product-collection\"><div class=\"woocommerce columns-4 \"><ul class=\"products columns-4\" data-products=\"type-2\">\n<li class=\"product type-product post-7475 status-publish first instock product_cat-in-season product_cat-vegetables has-post-thumbnail shipping-taxable product-type-simple\">\n\t<a href=\"https:\/\/peitrade.com\/pt-br\/product\/cebola\/\" class=\"woocommerce-LoopProduct-link woocommerce-loop-product__link\"><img decoding=\"async\" width=\"300\" height=\"300\" src=\"https:\/\/peitrade.com\/wp-content\/uploads\/2025\/11\/Egyption-Onion-300x300.webp\" class=\"attachment-woocommerce_thumbnail size-woocommerce_thumbnail\" alt=\"Egyption Onion - PEI Trade\" srcset=\"https:\/\/peitrade.com\/wp-content\/uploads\/2025\/11\/Egyption-Onion-300x300.webp 300w, https:\/\/peitrade.com\/wp-content\/uploads\/2025\/11\/Egyption-Onion-150x150.webp 150w, https:\/\/peitrade.com\/wp-content\/uploads\/2025\/11\/Egyption-Onion-768x768.webp 768w, https:\/\/peitrade.com\/wp-content\/uploads\/2025\/11\/Egyption-Onion-600x600.webp 600w, https:\/\/peitrade.com\/wp-content\/uploads\/2025\/11\/Egyption-Onion-100x100.webp 100w, https:\/\/peitrade.com\/wp-content\/uploads\/2025\/11\/Egyption-Onion.webp 1024w\" sizes=\"(max-width: 300px) 100vw, 300px\" title=\"\"><h2 class=\"woocommerce-loop-product__title\">Cebola<\/h2>\n<\/a><a href=\"https:\/\/peitrade.com\/pt-br\/product\/cebola\/\" aria-describedby=\"woocommerce_loop_add_to_cart_link_describedby_7475\" data-quantity=\"1\" class=\"button product_type_simple\" data-product_id=\"7475\" data-product_sku=\"70310\" aria-label=\"Leia mais sobre &ldquo;Cebola&rdquo;\" rel=\"nofollow\" data-success_message=\"\">Leia mais<\/a>\t<span id=\"woocommerce_loop_add_to_cart_link_describedby_7475\" class=\"screen-reader-text\">\n\t\t\t<\/span>\n<\/li>\n<li class=\"product type-product post-7710 status-publish instock product_cat-in-season product_cat-legumes has-post-thumbnail shipping-taxable product-type-simple\">\n\t<a href=\"https:\/\/peitrade.com\/pt-br\/product\/feijao-branco-seco\/\" class=\"woocommerce-LoopProduct-link woocommerce-loop-product__link\"><img decoding=\"async\" width=\"300\" height=\"300\" src=\"https:\/\/peitrade.com\/wp-content\/uploads\/2025\/11\/Egyptian-White-Beans-300x300.webp\" class=\"attachment-woocommerce_thumbnail size-woocommerce_thumbnail\" alt=\"Feij\u00e3o branco seco\" srcset=\"https:\/\/peitrade.com\/wp-content\/uploads\/2025\/11\/Egyptian-White-Beans-300x300.webp 300w, https:\/\/peitrade.com\/wp-content\/uploads\/2025\/11\/Egyptian-White-Beans-150x150.webp 150w, https:\/\/peitrade.com\/wp-content\/uploads\/2025\/11\/Egyptian-White-Beans-768x768.webp 768w, https:\/\/peitrade.com\/wp-content\/uploads\/2025\/11\/Egyptian-White-Beans-600x600.webp 600w, https:\/\/peitrade.com\/wp-content\/uploads\/2025\/11\/Egyptian-White-Beans-100x100.webp 100w, https:\/\/peitrade.com\/wp-content\/uploads\/2025\/11\/Egyptian-White-Beans.webp 1024w\" sizes=\"(max-width: 300px) 100vw, 300px\" title=\"\"><h2 class=\"woocommerce-loop-product__title\">Feij\u00e3o branco seco<\/h2>\n<\/a><a href=\"https:\/\/peitrade.com\/pt-br\/product\/feijao-branco-seco\/\" aria-describedby=\"woocommerce_loop_add_to_cart_link_describedby_7710\" data-quantity=\"1\" class=\"button product_type_simple\" data-product_id=\"7710\" data-product_sku=\"70820\" aria-label=\"Leia mais sobre &ldquo;Feij\u00e3o branco seco&rdquo;\" rel=\"nofollow\" data-success_message=\"\">Leia mais<\/a>\t<span id=\"woocommerce_loop_add_to_cart_link_describedby_7710\" class=\"screen-reader-text\">\n\t\t\t<\/span>\n<\/li>\n<li class=\"product type-product post-7526 status-publish instock product_cat-in-season product_cat-vegetables has-post-thumbnail shipping-taxable product-type-simple\">\n\t<a href=\"https:\/\/peitrade.com\/pt-br\/product\/vagem-feijao-verde\/\" class=\"woocommerce-LoopProduct-link woocommerce-loop-product__link\"><img decoding=\"async\" width=\"300\" height=\"300\" src=\"https:\/\/peitrade.com\/wp-content\/uploads\/2025\/11\/Egyptian-Green-Beans-300x300.webp\" class=\"attachment-woocommerce_thumbnail size-woocommerce_thumbnail\" alt=\"feij\u00e3o-verde\" srcset=\"https:\/\/peitrade.com\/wp-content\/uploads\/2025\/11\/Egyptian-Green-Beans-300x300.webp 300w, https:\/\/peitrade.com\/wp-content\/uploads\/2025\/11\/Egyptian-Green-Beans-150x150.webp 150w, https:\/\/peitrade.com\/wp-content\/uploads\/2025\/11\/Egyptian-Green-Beans-768x768.webp 768w, https:\/\/peitrade.com\/wp-content\/uploads\/2025\/11\/Egyptian-Green-Beans-600x600.webp 600w, https:\/\/peitrade.com\/wp-content\/uploads\/2025\/11\/Egyptian-Green-Beans-100x100.webp 100w, https:\/\/peitrade.com\/wp-content\/uploads\/2025\/11\/Egyptian-Green-Beans.webp 1024w\" sizes=\"(max-width: 300px) 100vw, 300px\" title=\"\"><h2 class=\"woocommerce-loop-product__title\">feij\u00e3o-verde<\/h2>\n<\/a><a href=\"https:\/\/peitrade.com\/pt-br\/product\/vagem-feijao-verde\/\" aria-describedby=\"woocommerce_loop_add_to_cart_link_describedby_7526\" data-quantity=\"1\" class=\"button product_type_simple\" data-product_id=\"7526\" data-product_sku=\"70821\" aria-label=\"Leia mais sobre &ldquo;feij\u00e3o-verde&rdquo;\" rel=\"nofollow\" data-success_message=\"\">Leia mais<\/a>\t<span id=\"woocommerce_loop_add_to_cart_link_describedby_7526\" class=\"screen-reader-text\">\n\t\t\t<\/span>\n<\/li>\n<li class=\"product type-product post-7759 status-publish last instock product_cat-in-season product_cat-vegetables has-post-thumbnail shipping-taxable product-type-simple\">\n\t<a href=\"https:\/\/peitrade.com\/pt-br\/product\/potatoes\/\" class=\"woocommerce-LoopProduct-link woocommerce-loop-product__link\"><img decoding=\"async\" width=\"300\" height=\"300\" src=\"https:\/\/peitrade.com\/wp-content\/uploads\/2025\/11\/Egyptian-Potatoes-300x300.webp\" class=\"attachment-woocommerce_thumbnail size-woocommerce_thumbnail\" alt=\"Potatoes\" srcset=\"https:\/\/peitrade.com\/wp-content\/uploads\/2025\/11\/Egyptian-Potatoes-300x300.webp 300w, https:\/\/peitrade.com\/wp-content\/uploads\/2025\/11\/Egyptian-Potatoes-150x150.webp 150w, https:\/\/peitrade.com\/wp-content\/uploads\/2025\/11\/Egyptian-Potatoes-768x768.webp 768w, https:\/\/peitrade.com\/wp-content\/uploads\/2025\/11\/Egyptian-Potatoes-600x600.webp 600w, https:\/\/peitrade.com\/wp-content\/uploads\/2025\/11\/Egyptian-Potatoes-100x100.webp 100w, https:\/\/peitrade.com\/wp-content\/uploads\/2025\/11\/Egyptian-Potatoes.webp 1024w\" sizes=\"(max-width: 300px) 100vw, 300px\" title=\"\"><h2 class=\"woocommerce-loop-product__title\">Potatoes<\/h2>\n<\/a><a href=\"https:\/\/peitrade.com\/pt-br\/product\/potatoes\/\" aria-describedby=\"woocommerce_loop_add_to_cart_link_describedby_7759\" data-quantity=\"1\" class=\"button product_type_simple\" data-product_id=\"7759\" data-product_sku=\"70190\" aria-label=\"Leia mais sobre &ldquo;Potatoes&rdquo;\" rel=\"nofollow\" data-success_message=\"\">Leia mais<\/a>\t<span id=\"woocommerce_loop_add_to_cart_link_describedby_7759\" class=\"screen-reader-text\">\n\t\t\t<\/span>\n<\/li>\n<\/ul>\n<\/div><\/div>\n<section style=\"padding: 50px 20px;\">\n<div class=\"container\">\n<h2>Por que Escolher a PEI Trade para Feij\u00e3o Branco Eg\u00edpcio<\/h2>\n<p><span style=\"font-weight: 400;\">Nossos <b>feij\u00f5es brancos eg\u00edpcios<\/b> s\u00e3o altamente valorizados por suas:<\/span><\/p>\n<ul>\n<li style=\"font-weight: 400;\" aria-level=\"1\"><span style=\"font-weight: 400;\">Tamanho uniforme e textura suave, ideais para cozimento e processamento<\/span><\/li>\n<li style=\"font-weight: 400;\" aria-level=\"1\"><span style=\"font-weight: 400;\">Rica composi\u00e7\u00e3o nutricional com alto teor de prote\u00ednas<\/span><\/li>\n<li style=\"font-weight: 400;\" aria-level=\"1\"><span style=\"font-weight: 400;\">Excelente vida \u00fatil e f\u00e1cil armazenamento como feij\u00e3o seco<\/span><\/li>\n<li style=\"font-weight: 400;\" aria-level=\"1\"><span style=\"font-weight: 400;\">Sele\u00e7\u00e3o e classifica\u00e7\u00e3o cuidadosas por nossa equipe especializada<\/span><\/li>\n<li style=\"font-weight: 400;\" aria-level=\"1\"><span style=\"font-weight: 400;\">Conformidade com normas e certifica\u00e7\u00f5es internacionais de exporta\u00e7\u00e3o<\/span><\/li>\n<\/ul>\n<p><span style=\"font-weight: 400;\">Os relacionamentos duradouros da PEI Trade com agricultores eg\u00edpcios garantem um fornecimento constante de feij\u00f5es premium, prontos para exporta\u00e7\u00e3o o ano todo.<\/span><\/p>\n<h2>Nosso Processo de Exporta\u00e7\u00e3o \u2013 Da Fazenda aos Mercados Internacionais<\/h2>\n<p><span style=\"font-weight: 400;\">As opera\u00e7\u00f5es de exporta\u00e7\u00e3o da PEI Trade para <b>feij\u00e3o branco seco do Egito<\/b> incluem:<\/span><\/p>\n<ul>\n<li style=\"font-weight: 400;\" aria-level=\"1\"><span style=\"font-weight: 400;\">Verifica\u00e7\u00f5es de qualidade antes da colheita com produtores contratados<\/span><\/li>\n<li style=\"font-weight: 400;\" aria-level=\"1\"><span style=\"font-weight: 400;\">Classifica\u00e7\u00e3o, limpeza e secagem em condi\u00e7\u00f5es higi\u00eanicas<\/span><\/li>\n<li style=\"font-weight: 400;\" aria-level=\"1\"><span style=\"font-weight: 400;\">Op\u00e7\u00f5es de embalagem personalizadas, incluindo a granel e prontas para varejo<\/span><\/li>\n<li style=\"font-weight: 400;\" aria-level=\"1\"><span style=\"font-weight: 400;\">Gest\u00e3o de toda a documenta\u00e7\u00e3o fitossanit\u00e1ria e de exporta\u00e7\u00e3o<\/span><\/li>\n<\/ul>\n<p><span style=\"font-weight: 400;\">Nossa equipe de log\u00edstica garante embarques pontuais e rastreabilidade total, tornando-nos <b>fornecedores de feij\u00e3o branco<\/b> confi\u00e1veis.<\/span><\/p>\n<h2>Variedades de Feij\u00e3o Branco e Disponibilidade Sazonal<\/h2>\n<p><span style=\"font-weight: 400;\">Exportamos diversos tipos de <b>feij\u00e3o branco eg\u00edpcio<\/b>, atendendo \u00e0s diferentes exig\u00eancias dos mercados. Nossos feij\u00f5es s\u00e3o colhidos durante as safras ideais para garantir frescor e qualidade.<\/span><\/p>\n<p><span style=\"font-weight: 400;\">Com nossas amplas instala\u00e7\u00f5es de armazenamento refrigerado, a PEI Trade tamb\u00e9m fornece durante a entressafra, garantindo disponibilidade cont\u00ednua para o seu neg\u00f3cio.<\/span><\/p>\n<h3>Aplica\u00e7\u00f5es do Feij\u00e3o Branco Eg\u00edpcio<\/h3>\n<p><span style=\"font-weight: 400;\">Nossos feij\u00f5es brancos s\u00e3o ideais para:<\/span><\/p>\n<ul>\n<li style=\"font-weight: 400;\" aria-level=\"1\"><b>Compradores atacadistas<\/b><span style=\"font-weight: 400;\"> que precisam de feij\u00e3o branco seco a granel<\/span><\/li>\n<li style=\"font-weight: 400;\" aria-level=\"1\"><b>Varejistas<\/b><span style=\"font-weight: 400;\"> que buscam embalagens pr\u00e1ticas para o consumidor<\/span><\/li>\n<li style=\"font-weight: 400;\" aria-level=\"1\"><b>Processadores de alimentos<\/b><span style=\"font-weight: 400;\"> que utilizam feij\u00f5es em produtos enlatados ou prontos para consumo<\/span><\/li>\n<li style=\"font-weight: 400;\" aria-level=\"1\"><b>Exportadores<\/b><span style=\"font-weight: 400;\"> que procuram um fornecedor eg\u00edpcio confi\u00e1vel<\/span><\/li>\n<\/ul>\n<h2>Solu\u00e7\u00f5es de Embalagem para Cada Mercado<\/h2>\n<p><span style=\"font-weight: 400;\">Oferecemos op\u00e7\u00f5es de embalagem preparadas para exporta\u00e7\u00e3o, como:<\/span><\/p>\n<ul>\n<li style=\"font-weight: 400;\" aria-level=\"1\"><span style=\"font-weight: 400;\">Sacos a granel para compradores de grande escala<\/span><\/li>\n<li style=\"font-weight: 400;\" aria-level=\"1\"><span style=\"font-weight: 400;\">Pacotes para varejo com rotulagem personalizada<\/span><\/li>\n<li style=\"font-weight: 400;\" aria-level=\"1\"><span style=\"font-weight: 400;\">Embalagens a v\u00e1cuo e resistentes \u00e0 umidade<\/span><\/li>\n<li style=\"font-weight: 400;\" aria-level=\"1\"><span style=\"font-weight: 400;\">Cont\u00eaineres paletizados com op\u00e7\u00f5es de refrigera\u00e7\u00e3o<\/span><\/li>\n<\/ul>\n<p><span style=\"font-weight: 400;\">Todas as embalagens est\u00e3o em conformidade com os padr\u00f5es de importa\u00e7\u00e3o da UE, GCC e outros mercados internacionais.<\/span><\/p>\n<\/div>\n<\/section>\n<section style=\"padding: 50px 20px; background-color: #f0f0f0;\">\n<div class=\"container\">\n<h2>Pe\u00e7a Feij\u00e3o Branco com Confian\u00e7a \u00e0 PEI Trade<\/h2>\n<p>Se voc\u00ea procura <b>fornecedores de feij\u00e3o branco no Egito<\/b> com capacidade de exporta\u00e7\u00e3o completa, a PEI Trade \u00e9 seu parceiro de confian\u00e7a.<\/p>\n<p>Priorizamos qualidade, pontualidade e total transpar\u00eancia em todas as etapas.<\/p>\n<h2>Solicite um Or\u00e7amento ou Agende Seu Pedido<\/h2>\n<p>Entre em contato com a PEI Trade hoje mesmo para obter pre\u00e7os competitivos, atualiza\u00e7\u00f5es de disponibilidade e amostras. Nossa equipe est\u00e1 pronta para atender suas demandas sazonais.<\/p>\n<p style=\"text-align: center; margin-top: 40px;\"><a class=\"button primary large\" href=\"\/contact\">Fa\u00e7a Seu Pedido<\/a><\/p>\n<\/div>\n<\/section>\n<section style=\"padding: 50px 20px;\">\n<div class=\"container\">\n<h2>Mais Produtos Eg\u00edpcios Premium da PEI Trade<\/h2>\n<p>&nbsp;<\/p>\n<p>Al\u00e9m do feij\u00e3o branco, a PEI Trade exporta uma variedade de produtos frescos e secos, incluindo batatas, uvas e frutas c\u00edtricas. <a href=\"\/about\">Conhe\u00e7a nossos servi\u00e7os de exporta\u00e7\u00e3o completos<\/a>.<\/p>\n<div class=\"wp-block-woocommerce-product-collection\"><div class=\"woocommerce columns-4 \"><ul class=\"products columns-4\" data-products=\"type-2\">\n<li class=\"product type-product post-7370 status-publish first instock product_cat-in-season product_cat-vegetables has-post-thumbnail shipping-taxable product-type-simple\">\n\t<a href=\"https:\/\/peitrade.com\/pt-br\/product\/alho\/\" class=\"woocommerce-LoopProduct-link woocommerce-loop-product__link\"><img decoding=\"async\" width=\"300\" height=\"300\" src=\"https:\/\/peitrade.com\/wp-content\/uploads\/2025\/11\/Egyptian-Garlic-300x300.webp\" class=\"attachment-woocommerce_thumbnail size-woocommerce_thumbnail\" alt=\"Alho\" srcset=\"https:\/\/peitrade.com\/wp-content\/uploads\/2025\/11\/Egyptian-Garlic-300x300.webp 300w, https:\/\/peitrade.com\/wp-content\/uploads\/2025\/11\/Egyptian-Garlic-150x150.webp 150w, https:\/\/peitrade.com\/wp-content\/uploads\/2025\/11\/Egyptian-Garlic-768x768.webp 768w, https:\/\/peitrade.com\/wp-content\/uploads\/2025\/11\/Egyptian-Garlic-600x600.webp 600w, https:\/\/peitrade.com\/wp-content\/uploads\/2025\/11\/Egyptian-Garlic-100x100.webp 100w, https:\/\/peitrade.com\/wp-content\/uploads\/2025\/11\/Egyptian-Garlic.webp 1024w\" sizes=\"(max-width: 300px) 100vw, 300px\" title=\"\"><h2 class=\"woocommerce-loop-product__title\">Alho<\/h2>\n<\/a><a href=\"https:\/\/peitrade.com\/pt-br\/product\/alho\/\" aria-describedby=\"woocommerce_loop_add_to_cart_link_describedby_7370\" data-quantity=\"1\" class=\"button product_type_simple\" data-product_id=\"7370\" data-product_sku=\"70320\" aria-label=\"Leia mais sobre &ldquo;Alho&rdquo;\" rel=\"nofollow\" data-success_message=\"\">Leia mais<\/a>\t<span id=\"woocommerce_loop_add_to_cart_link_describedby_7370\" class=\"screen-reader-text\">\n\t\t\t<\/span>\n<\/li>\n<li class=\"product type-product post-7770 status-publish instock product_cat-in-season product_cat-vegetables has-post-thumbnail shipping-taxable product-type-simple\">\n\t<a href=\"https:\/\/peitrade.com\/pt-br\/product\/batatas-doces\/\" class=\"woocommerce-LoopProduct-link woocommerce-loop-product__link\"><img decoding=\"async\" width=\"300\" height=\"300\" src=\"https:\/\/peitrade.com\/wp-content\/uploads\/2025\/11\/Egyptian-Sweet-Potatoes-300x300.webp\" class=\"attachment-woocommerce_thumbnail size-woocommerce_thumbnail\" alt=\"Egyptian Sweet Potatoes - PEI Trade\" srcset=\"https:\/\/peitrade.com\/wp-content\/uploads\/2025\/11\/Egyptian-Sweet-Potatoes-300x300.webp 300w, https:\/\/peitrade.com\/wp-content\/uploads\/2025\/11\/Egyptian-Sweet-Potatoes-150x150.webp 150w, https:\/\/peitrade.com\/wp-content\/uploads\/2025\/11\/Egyptian-Sweet-Potatoes-768x768.webp 768w, https:\/\/peitrade.com\/wp-content\/uploads\/2025\/11\/Egyptian-Sweet-Potatoes-600x600.webp 600w, https:\/\/peitrade.com\/wp-content\/uploads\/2025\/11\/Egyptian-Sweet-Potatoes-100x100.webp 100w, https:\/\/peitrade.com\/wp-content\/uploads\/2025\/11\/Egyptian-Sweet-Potatoes.webp 1024w\" sizes=\"(max-width: 300px) 100vw, 300px\" title=\"\"><h2 class=\"woocommerce-loop-product__title\">Batatas-doces<\/h2>\n<\/a><a href=\"https:\/\/peitrade.com\/pt-br\/product\/batatas-doces\/\" aria-describedby=\"woocommerce_loop_add_to_cart_link_describedby_7770\" data-quantity=\"1\" class=\"button product_type_simple\" data-product_id=\"7770\" data-product_sku=\"71420\" aria-label=\"Leia mais sobre &ldquo;Batatas-doces&rdquo;\" rel=\"nofollow\" data-success_message=\"\">Leia mais<\/a>\t<span id=\"woocommerce_loop_add_to_cart_link_describedby_7770\" class=\"screen-reader-text\">\n\t\t\t<\/span>\n<\/li>\n<li class=\"product type-product post-7759 status-publish instock product_cat-in-season product_cat-vegetables has-post-thumbnail shipping-taxable product-type-simple\">\n\t<a href=\"https:\/\/peitrade.com\/pt-br\/product\/potatoes\/\" class=\"woocommerce-LoopProduct-link woocommerce-loop-product__link\"><img decoding=\"async\" width=\"300\" height=\"300\" src=\"https:\/\/peitrade.com\/wp-content\/uploads\/2025\/11\/Egyptian-Potatoes-300x300.webp\" class=\"attachment-woocommerce_thumbnail size-woocommerce_thumbnail\" alt=\"Potatoes\" srcset=\"https:\/\/peitrade.com\/wp-content\/uploads\/2025\/11\/Egyptian-Potatoes-300x300.webp 300w, https:\/\/peitrade.com\/wp-content\/uploads\/2025\/11\/Egyptian-Potatoes-150x150.webp 150w, https:\/\/peitrade.com\/wp-content\/uploads\/2025\/11\/Egyptian-Potatoes-768x768.webp 768w, https:\/\/peitrade.com\/wp-content\/uploads\/2025\/11\/Egyptian-Potatoes-600x600.webp 600w, https:\/\/peitrade.com\/wp-content\/uploads\/2025\/11\/Egyptian-Potatoes-100x100.webp 100w, https:\/\/peitrade.com\/wp-content\/uploads\/2025\/11\/Egyptian-Potatoes.webp 1024w\" sizes=\"(max-width: 300px) 100vw, 300px\" title=\"\"><h2 class=\"woocommerce-loop-product__title\">Potatoes<\/h2>\n<\/a><a href=\"https:\/\/peitrade.com\/pt-br\/product\/potatoes\/\" aria-describedby=\"woocommerce_loop_add_to_cart_link_describedby_7759\" data-quantity=\"1\" class=\"button product_type_simple\" data-product_id=\"7759\" data-product_sku=\"70190\" aria-label=\"Leia mais sobre &ldquo;Potatoes&rdquo;\" rel=\"nofollow\" data-success_message=\"\">Leia mais<\/a>\t<span id=\"woocommerce_loop_add_to_cart_link_describedby_7759\" class=\"screen-reader-text\">\n\t\t\t<\/span>\n<\/li>\n<li class=\"product type-product post-7354 status-publish last instock product_cat-vegetables has-post-thumbnail shipping-taxable product-type-simple\">\n\t<a href=\"https:\/\/peitrade.com\/pt-br\/product\/tomates\/\" class=\"woocommerce-LoopProduct-link woocommerce-loop-product__link\"><img decoding=\"async\" width=\"300\" height=\"300\" src=\"https:\/\/peitrade.com\/wp-content\/uploads\/2025\/11\/Egyptian-Tomatoes-300x300.webp\" class=\"attachment-woocommerce_thumbnail size-woocommerce_thumbnail\" alt=\"Tomates\" srcset=\"https:\/\/peitrade.com\/wp-content\/uploads\/2025\/11\/Egyptian-Tomatoes-300x300.webp 300w, https:\/\/peitrade.com\/wp-content\/uploads\/2025\/11\/Egyptian-Tomatoes-150x150.webp 150w, https:\/\/peitrade.com\/wp-content\/uploads\/2025\/11\/Egyptian-Tomatoes-768x768.webp 768w, https:\/\/peitrade.com\/wp-content\/uploads\/2025\/11\/Egyptian-Tomatoes-600x600.webp 600w, https:\/\/peitrade.com\/wp-content\/uploads\/2025\/11\/Egyptian-Tomatoes-100x100.webp 100w, https:\/\/peitrade.com\/wp-content\/uploads\/2025\/11\/Egyptian-Tomatoes.webp 1024w\" sizes=\"(max-width: 300px) 100vw, 300px\" title=\"\"><h2 class=\"woocommerce-loop-product__title\">Tomates<\/h2>\n<\/a><a href=\"https:\/\/peitrade.com\/pt-br\/product\/tomates\/\" aria-describedby=\"woocommerce_loop_add_to_cart_link_describedby_7354\" data-quantity=\"1\" class=\"button product_type_simple\" data-product_id=\"7354\" data-product_sku=\"70200\" aria-label=\"Leia mais sobre &ldquo;Tomates&rdquo;\" rel=\"nofollow\" data-success_message=\"\">Leia mais<\/a>\t<span id=\"woocommerce_loop_add_to_cart_link_describedby_7354\" class=\"screen-reader-text\">\n\t\t\t<\/span>\n<\/li>\n<\/ul>\n<\/div><\/div>\n<\/div>\n<\/section>\n<section style=\"padding: 50px 20px; background-color: #f9f9f9;\">\n<div class=\"container\">\n<h2>Perguntas Frequentes<\/h2>\n<h3>Quais tipos de feij\u00e3o branco voc\u00eas exportam do Egito?<\/h3>\n<p>Exportamos diversas variedades de <b>feij\u00e3o branco eg\u00edpcio<\/b>, todas cuidadosamente selecionadas e processadas com qualidade premium.<\/p>\n<h3>Voc\u00eas fornecem feij\u00e3o branco seco a granel?<\/h3>\n<p>Sim, a PEI Trade \u00e9 especializada em remessas a granel de <b>feij\u00e3o branco seco do Egito<\/b> para atender a demandas industriais e atacadistas.<\/p>\n<h3>Voc\u00eas oferecem embalagens personalizadas?<\/h3>\n<p>Com certeza. Oferecemos pacotes prontos para varejo, embalagens a v\u00e1cuo e rotulagem personalizada de acordo com o seu mercado.<\/p>\n<h3>Como a PEI Trade garante a qualidade na exporta\u00e7\u00e3o?<\/h3>\n<p>Nosso controle de qualidade inclui verifica\u00e7\u00f5es antes da colheita, processamento higi\u00eanico e conformidade com normas fitossanit\u00e1rias internacionais.<\/p>\n<h3>Para quais mercados voc\u00eas exportam feij\u00e3o branco eg\u00edpcio?<\/h3>\n<p>Enviamos para Europa, Oriente M\u00e9dio, Am\u00e9rica do Norte e \u00c1sia, atendendo a uma base de clientes diversificada ao redor do mundo.<\/p>\n<\/div>\n<\/section>\n","protected":false},"excerpt":{"rendered":"<p>PEI Trade \u2013 Fornecedor confi\u00e1vel de feij\u00e3o branco eg\u00edpcio &nbsp; A PEI Trade \u00e9 um dos principais fornecedores de feij\u00e3o branco no Egito, especializada em feij\u00f5es brancos eg\u00edpcios de alta qualidade para os mercados internacionais. Nossa experi\u00eancia e cadeia de suprimentos eficiente nos tornam a melhor escolha para quem procura exportadores de feij\u00e3o branco do [&hellip;]<\/p>\n","protected":false},"author":9,"featured_media":0,"parent":0,"menu_order":0,"comment_status":"closed","ping_status":"closed","template":"","meta":{"footnotes":""},"class_list":["post-5652","page","type-page","status-publish","hentry"],"blocksy_meta":[],"mb":[],"featured_image_urls_v2":{"full":"","thumbnail":"","medium":"","medium_large":"","large":"","1536x1536":"","2048x2048":"","woocommerce_archive_thumbnail":"","woocommerce_thumbnail":"","woocommerce_single":"","woocommerce_gallery_thumbnail":""},"post_excerpt_stackable_v2":"<p>PEI Trade \u2013 Fornecedor confi\u00e1vel de feij\u00e3o branco eg\u00edpcio &nbsp; A PEI Trade \u00e9 um dos principais fornecedores de feij\u00e3o branco no Egito, especializada em feij\u00f5es brancos eg\u00edpcios de alta qualidade para os mercados internacionais. Nossa experi\u00eancia e cadeia de suprimentos eficiente nos tornam a melhor escolha para quem procura exportadores de feij\u00e3o branco do Egito. Fornecemos e exportamos feij\u00e3o branco seco do Egito, garantindo qualidade superior e entrega pontual. Como uma destacada empresa exportadora de feij\u00e3o branco do Egito, a PEI Trade mant\u00e9m um controle de qualidade rigoroso, desde a fazenda at\u00e9 o embarque, oferecendo feij\u00f5es que atendem aos&hellip;<\/p>\n","category_list_v2":"","author_info_v2":{"name":"Maha","url":"https:\/\/peitrade.com\/pt-br\/author\/m-amer\/"},"comments_num_v2":"0 coment\u00e1rio","mfb_rest_fields":["title","blocksy_meta","featured_image_urls_v2","post_excerpt_stackable_v2","category_list_v2","author_info_v2","comments_num_v2"],"_links":{"self":[{"href":"https:\/\/peitrade.com\/pt-br\/wp-json\/wp\/v2\/pages\/5652","targetHints":{"allow":["GET"]}}],"collection":[{"href":"https:\/\/peitrade.com\/pt-br\/wp-json\/wp\/v2\/pages"}],"about":[{"href":"https:\/\/peitrade.com\/pt-br\/wp-json\/wp\/v2\/types\/page"}],"author":[{"embeddable":true,"href":"https:\/\/peitrade.com\/pt-br\/wp-json\/wp\/v2\/users\/9"}],"replies":[{"embeddable":true,"href":"https:\/\/peitrade.com\/pt-br\/wp-json\/wp\/v2\/comments?post=5652"}],"version-history":[{"count":1,"href":"https:\/\/peitrade.com\/pt-br\/wp-json\/wp\/v2\/pages\/5652\/revisions"}],"predecessor-version":[{"id":5653,"href":"https:\/\/peitrade.com\/pt-br\/wp-json\/wp\/v2\/pages\/5652\/revisions\/5653"}],"wp:attachment":[{"href":"https:\/\/peitrade.com\/pt-br\/wp-json\/wp\/v2\/media?parent=5652"}],"curies":[{"name":"wp","href":"https:\/\/api.w.org\/{rel}","templated":true}]}}